{"id":5097,"date":"2019-05-27T18:43:39","date_gmt":"2019-05-27T16:43:39","guid":{"rendered":"https:\/\/landioustravel.com\/?page_id=5097"},"modified":"2019-07-15T13:05:25","modified_gmt":"2019-07-15T11:05:25","slug":"templos-dendera","status":"publish","type":"page","link":"https:\/\/landioustravel.com\/es\/egipto\/templos-egipcios\/templos-dendera\/","title":{"rendered":"Templos de dendera"},"content":{"rendered":"\n<p><amp-fit-text layout=\"fixed-height\" min-font-size=\"14\" max-font-size=\"48\" height=\"50\">El Complejo del Templo de Dendera es uno de los complejos de <a href=\"https:\/\/landioustravel.com\/es\/egipto\/templos-egipcios\/\">templos<\/a> mejor conservados de <a href=\"https:\/\/landioustravel.com\/es\/egipto\/\">Egipto<\/a>. Todo el complejo cubre unos 40.000 metros cuadrados y una gran pared de ladrillos de barro lo rodea. Esta \u00e1rea fue utilizada como el sexto Nome del Alto Egipto, al sur de <a href=\"https:\/\/landioustravel.com\/es\/pueblo-abydos\/\">Abydos<\/a>.<\/amp-fit-text><\/p>\n\n\n\n<amp-fit-text layout=\"fixed-height\" min-font-size=\"14\" max-font-size=\"48\" height=\"50\"><h2 class=\"wp-block-heading\">Ubicaci\u00f3n de los templos de Dendera<\/h2><\/amp-fit-text>\n\n\n\n<p><amp-fit-text layout=\"fixed-height\" min-font-size=\"14\" max-font-size=\"48\" height=\"50\">El complejo del Templo Dendera se encuentra a 7 km de Qena, y a unos 2,5 kil\u00f3metros al sureste de Dendera, <a href=\"https:\/\/landioustravel.com\/es\/egipto\/pueblos-egipcios\/gobernacion-qena\/\">Gobernaci\u00f3n de Qena<\/a>, Egipto.<\/amp-fit-text><\/p>\n\n\n\n<amp-fit-text layout=\"fixed-height\" min-font-size=\"14\" max-font-size=\"48\" height=\"50\"><h2 class=\"wp-block-heading\">La historia del complejo<\/h2><\/amp-fit-text>\n\n\n\n<p><amp-fit-text layout=\"fixed-height\" min-font-size=\"14\" max-font-size=\"48\" height=\"50\">El complejo del templo muestra una escena de la larga <a href=\"https:\/\/landioustravel.com\/es\/egipto\/historia-egipto\/\">historia de Egipto<\/a>. Este incre\u00edble complejo revela mucho sobre esta historia. Al estudiar la historia de este complejo, podemos encontrar que el primer edificio se remonta al <a href=\"https:\/\/landioustravel.com\/es\/egipto\/historia-egipto\/historia-egipcia-antigua\/\">antiguo Egipto<\/a> y que los griegos y los gobernantes romanos lo continuaron. Hay evidencia de templos y otras estructuras que se remontan a 2500 aC. El fara\u00f3n Pepi I (ca. 2250 aC) se construy\u00f3 en este sitio y existe evidencia de un templo en la dinast\u00eda XVIII (ca 1500 aC). Sin embargo, el edificio existente m\u00e1s antiguo en este compuesto que se remonta a los faraones nativos _ el Mammisi que fue criado por Nectanebo II (360\u2013343 aC).<\/amp-fit-text><\/p>\n\n\n\n<p><amp-fit-text layout=\"fixed-height\" min-font-size=\"14\" max-font-size=\"48\" height=\"50\">La aparici\u00f3n del cristianismo en Egipto tambi\u00e9n tiene su influencia en los templos de Dendera. Tambi\u00e9n hubo una iglesia cristiana copta en las instalaciones cerca del Templo del Nacimiento en un momento dado. Ptolomeo XII construy\u00f3 el templo principal y casi la reina Cleopatra VII lo complet\u00f3, alrededor del 54 al 20 aC.<\/amp-fit-text><\/p>\n\n\n\n<amp-fit-text layout=\"fixed-height\" min-font-size=\"14\" max-font-size=\"48\" height=\"50\"><h2 class=\"wp-block-heading\">Las caracter\u00edsticas del complejo en Dendera<\/h2><\/amp-fit-text>\n\n\n\n<p><amp-fit-text layout=\"fixed-height\" min-font-size=\"14\" max-font-size=\"48\" height=\"50\">El complejo del Templo Dendera tiene muchas caracter\u00edsticas en \u00e9l. Estas caracter\u00edsticas incluyen los siguientes templos y elementos:<\/amp-fit-text><\/p>\n\n\n\n<ul class=\"wp-block-list\"><li>Mamis romana<\/li><li> Bas\u00edlica cristiana<\/li><li> Sanatorio<\/li><li> <a href=\"https:\/\/landioustravel.com\/es\/templo-hathor-dendera\/\">Templo de Hathor<\/a> (el templo principal)<\/li><li> Templo del nacimiento de Isis.<\/li><li> Lago sagrado<\/li><li> Santuario de la barca<\/li><li> Puertas de Domiciano y Trajano<\/li><li> El quiosco romano<\/li><\/ul>\n","protected":false},"excerpt":{"rendered":"<p>El Complejo del Templo de Dendera es uno de los complejos de templos mejor conservados de Egipto. Todo el complejo cubre unos 40.000 metros cuadrados y una gran pared de ladrillos de barro lo rodea. Esta \u00e1rea fue utilizada como el sexto Nome del Alto Egipto, al sur de Abydos. Ubicaci\u00f3n de los templos de [&hellip;]<\/p>\n","protected":false},"author":1,"featured_media":3907,"parent":3135,"menu_order":0,"comment_status":"open","ping_status":"closed","template":"","meta":{"_coblocks_attr":"","_coblocks_dimensions":"","_coblocks_responsive_height":"","_coblocks_accordion_ie_support":"","_uag_custom_page_level_css":"","footnotes":""},"class_list":["post-5097","page","type-page","status-publish","has-post-thumbnail","hentry"],"yoast_head":"<!-- This site is optimized with the Yoast SEO Premium plugin v26.9 (Yoast SEO v27.5) - https:\/\/yoast.com\/product\/yoast-seo-premium-wordpress\/ -->\n<title>Templos de dendera<\/title>\n<meta name=\"description\" content=\"El Complejo del Templo de Dendera es uno de los complejos de templos mejor conservados de Egipto. Todo el complejo cubre unos 40.000 metros cuadrados y una gran pared de ladrillos de barro lo rodea. Esta \u00e1rea fue utilizada como el sexto Nome del Alto Egipto, al sur de Abydos\" \/>\n<meta name=\"robots\" content=\"index, follow, max-snippet:-1, max-image-preview:large, max-video-preview:-1\" \/>\n<link rel=\"canonical\" href=\"https:\/\/landioustravel.com\/es\/egipto\/templos-egipcios\/templos-dendera\/\" \/>\n<meta property=\"og:locale\" content=\"es_ES\" \/>\n<meta property=\"og:type\" content=\"article\" \/>\n<meta property=\"og:title\" content=\"Templos de dendera\" \/>\n<meta property=\"og:description\" content=\"El Complejo del Templo de Dendera es uno de los complejos de templos mejor conservados de Egipto. Todo el complejo cubre unos 40.000 metros cuadrados y una gran pared de ladrillos de barro lo rodea. Esta \u00e1rea fue utilizada como el sexto Nome del Alto Egipto, al sur de Abydos\" \/>\n<meta property=\"og:url\" content=\"https:\/\/landioustravel.com\/es\/egipto\/templos-egipcios\/templos-dendera\/\" \/>\n<meta property=\"og:site_name\" content=\"Landious Travel\" \/>\n<meta property=\"article:publisher\" content=\"https:\/\/web.facebook.com\/landiousEgypt\" \/>\n<meta property=\"article:modified_time\" content=\"2019-07-15T11:05:25+00:00\" \/>\n<meta property=\"og:image\" content=\"https:\/\/i0.wp.com\/landioustravel.com\/wp-content\/uploads\/2019\/04\/sacred_lake_dendera.jpg?fit=1805%2C1014&ssl=1\" \/>\n\t<meta property=\"og:image:width\" content=\"1805\" \/>\n\t<meta property=\"og:image:height\" content=\"1014\" \/>\n\t<meta property=\"og:image:type\" content=\"image\/jpeg\" \/>\n<meta name=\"twitter:card\" content=\"summary_large_image\" \/>\n<meta name=\"twitter:site\" content=\"@LandiousTours\" \/>\n<meta name=\"twitter:label1\" content=\"Tiempo de lectura\" \/>\n\t<meta name=\"twitter:data1\" content=\"2 minutos\" \/>\n<script type=\"application\/ld+json\" class=\"yoast-schema-graph\">{\"@context\":\"https:\\\/\\\/schema.org\",\"@graph\":[{\"@type\":\"WebPage\",\"@id\":\"https:\\\/\\\/landioustravel.com\\\/es\\\/egipto\\\/templos-egipcios\\\/templos-dendera\\\/\",\"url\":\"https:\\\/\\\/landioustravel.com\\\/es\\\/egipto\\\/templos-egipcios\\\/templos-dendera\\\/\",\"name\":\"Templos de dendera\",\"isPartOf\":{\"@id\":\"https:\\\/\\\/landioustravel.com\\\/es\\\/#website\"},\"primaryImageOfPage\":{\"@id\":\"https:\\\/\\\/landioustravel.com\\\/es\\\/egipto\\\/templos-egipcios\\\/templos-dendera\\\/#primaryimage\"},\"image\":{\"@id\":\"https:\\\/\\\/landioustravel.com\\\/es\\\/egipto\\\/templos-egipcios\\\/templos-dendera\\\/#primaryimage\"},\"thumbnailUrl\":\"https:\\\/\\\/i0.wp.com\\\/landioustravel.com\\\/wp-content\\\/uploads\\\/2019\\\/04\\\/sacred_lake_dendera.jpg?fit=1805%2C1014&ssl=1\",\"datePublished\":\"2019-05-27T16:43:39+00:00\",\"dateModified\":\"2019-07-15T11:05:25+00:00\",\"description\":\"El Complejo del Templo de Dendera es uno de los complejos de templos mejor conservados de Egipto. Todo el complejo cubre unos 40.000 metros cuadrados y una gran pared de ladrillos de barro lo rodea. Esta \u00e1rea fue utilizada como el sexto Nome del Alto Egipto, al sur de Abydos\",\"breadcrumb\":{\"@id\":\"https:\\\/\\\/landioustravel.com\\\/es\\\/egipto\\\/templos-egipcios\\\/templos-dendera\\\/#breadcrumb\"},\"inLanguage\":\"es\",\"potentialAction\":[{\"@type\":\"ReadAction\",\"target\":[\"https:\\\/\\\/landioustravel.com\\\/es\\\/egipto\\\/templos-egipcios\\\/templos-dendera\\\/\"]}]},{\"@type\":\"ImageObject\",\"inLanguage\":\"es\",\"@id\":\"https:\\\/\\\/landioustravel.com\\\/es\\\/egipto\\\/templos-egipcios\\\/templos-dendera\\\/#primaryimage\",\"url\":\"https:\\\/\\\/i0.wp.com\\\/landioustravel.com\\\/wp-content\\\/uploads\\\/2019\\\/04\\\/sacred_lake_dendera.jpg?fit=1805%2C1014&ssl=1\",\"contentUrl\":\"https:\\\/\\\/i0.wp.com\\\/landioustravel.com\\\/wp-content\\\/uploads\\\/2019\\\/04\\\/sacred_lake_dendera.jpg?fit=1805%2C1014&ssl=1\",\"width\":1805,\"height\":1014,\"caption\":\"????????????????????????????????????\"},{\"@type\":\"BreadcrumbList\",\"@id\":\"https:\\\/\\\/landioustravel.com\\\/es\\\/egipto\\\/templos-egipcios\\\/templos-dendera\\\/#breadcrumb\",\"itemListElement\":[{\"@type\":\"ListItem\",\"position\":1,\"name\":\"Home\",\"item\":\"https:\\\/\\\/landioustravel.com\\\/es\\\/\"},{\"@type\":\"ListItem\",\"position\":2,\"name\":\"Egipto\",\"item\":\"https:\\\/\\\/landioustravel.com\\\/es\\\/egipto\\\/\"},{\"@type\":\"ListItem\",\"position\":3,\"name\":\"Templos egipcios\",\"item\":\"https:\\\/\\\/landioustravel.com\\\/es\\\/egipto\\\/templos-egipcios\\\/\"},{\"@type\":\"ListItem\",\"position\":4,\"name\":\"Templos de dendera\"}]},{\"@type\":\"WebSite\",\"@id\":\"https:\\\/\\\/landioustravel.com\\\/es\\\/#website\",\"url\":\"https:\\\/\\\/landioustravel.com\\\/es\\\/\",\"name\":\"Landious Travel\",\"description\":\"Tours and Excursions in Egypt\",\"publisher\":{\"@id\":\"https:\\\/\\\/landioustravel.com\\\/es\\\/#organization\"},\"potentialAction\":[{\"@type\":\"SearchAction\",\"target\":{\"@type\":\"EntryPoint\",\"urlTemplate\":\"https:\\\/\\\/landioustravel.com\\\/es\\\/?s={search_term_string}\"},\"query-input\":{\"@type\":\"PropertyValueSpecification\",\"valueRequired\":true,\"valueName\":\"search_term_string\"}}],\"inLanguage\":\"es\"},{\"@type\":[\"Organization\",\"Place\"],\"@id\":\"https:\\\/\\\/landioustravel.com\\\/es\\\/#organization\",\"name\":\"Landious Travel\",\"alternateName\":\"Landious Travel\",\"url\":\"https:\\\/\\\/landioustravel.com\\\/es\\\/\",\"logo\":{\"@id\":\"https:\\\/\\\/landioustravel.com\\\/es\\\/egipto\\\/templos-egipcios\\\/templos-dendera\\\/#local-main-organization-logo\"},\"image\":{\"@id\":\"https:\\\/\\\/landioustravel.com\\\/es\\\/egipto\\\/templos-egipcios\\\/templos-dendera\\\/#local-main-organization-logo\"},\"sameAs\":[\"https:\\\/\\\/web.facebook.com\\\/landiousEgypt\",\"https:\\\/\\\/x.com\\\/LandiousTours\",\"https:\\\/\\\/mastodon.social\\\/@landious\"],\"legalName\":\"Landious Travel\",\"telephone\":[],\"openingHoursSpecification\":[{\"@type\":\"OpeningHoursSpecification\",\"dayOfWeek\":[\"Monday\",\"Tuesday\",\"Wednesday\",\"Thursday\",\"Friday\",\"Saturday\",\"Sunday\"],\"opens\":\"09:00\",\"closes\":\"17:00\"}]},{\"@type\":\"ImageObject\",\"inLanguage\":\"es\",\"@id\":\"https:\\\/\\\/landioustravel.com\\\/es\\\/egipto\\\/templos-egipcios\\\/templos-dendera\\\/#local-main-organization-logo\",\"url\":\"https:\\\/\\\/i0.wp.com\\\/landioustravel.com\\\/wp-content\\\/uploads\\\/2021\\\/06\\\/Landious-T.png?fit=500%2C500&ssl=1\",\"contentUrl\":\"https:\\\/\\\/i0.wp.com\\\/landioustravel.com\\\/wp-content\\\/uploads\\\/2021\\\/06\\\/Landious-T.png?fit=500%2C500&ssl=1\",\"width\":500,\"height\":500,\"caption\":\"Landious Travel\"}]}<\/script>\n<!-- \/ Yoast SEO Premium plugin. -->","yoast_head_json":{"title":"Templos de dendera","description":"El Complejo del Templo de Dendera es uno de los complejos de templos mejor conservados de Egipto. Todo el complejo cubre unos 40.000 metros cuadrados y una gran pared de ladrillos de barro lo rodea. Esta \u00e1rea fue utilizada como el sexto Nome del Alto Egipto, al sur de Abydos","robots":{"index":"index","follow":"follow","max-snippet":"max-snippet:-1","max-image-preview":"max-image-preview:large","max-video-preview":"max-video-preview:-1"},"canonical":"https:\/\/landioustravel.com\/es\/egipto\/templos-egipcios\/templos-dendera\/","og_locale":"es_ES","og_type":"article","og_title":"Templos de dendera","og_description":"El Complejo del Templo de Dendera es uno de los complejos de templos mejor conservados de Egipto. Todo el complejo cubre unos 40.000 metros cuadrados y una gran pared de ladrillos de barro lo rodea. Esta \u00e1rea fue utilizada como el sexto Nome del Alto Egipto, al sur de Abydos","og_url":"https:\/\/landioustravel.com\/es\/egipto\/templos-egipcios\/templos-dendera\/","og_site_name":"Landious Travel","article_publisher":"https:\/\/web.facebook.com\/landiousEgypt","article_modified_time":"2019-07-15T11:05:25+00:00","og_image":[{"width":1805,"height":1014,"url":"https:\/\/i0.wp.com\/landioustravel.com\/wp-content\/uploads\/2019\/04\/sacred_lake_dendera.jpg?fit=1805%2C1014&ssl=1","type":"image\/jpeg"}],"twitter_card":"summary_large_image","twitter_site":"@LandiousTours","twitter_misc":{"Tiempo de lectura":"2 minutos"},"schema":{"@context":"https:\/\/schema.org","@graph":[{"@type":"WebPage","@id":"https:\/\/landioustravel.com\/es\/egipto\/templos-egipcios\/templos-dendera\/","url":"https:\/\/landioustravel.com\/es\/egipto\/templos-egipcios\/templos-dendera\/","name":"Templos de dendera","isPartOf":{"@id":"https:\/\/landioustravel.com\/es\/#website"},"primaryImageOfPage":{"@id":"https:\/\/landioustravel.com\/es\/egipto\/templos-egipcios\/templos-dendera\/#primaryimage"},"image":{"@id":"https:\/\/landioustravel.com\/es\/egipto\/templos-egipcios\/templos-dendera\/#primaryimage"},"thumbnailUrl":"https:\/\/i0.wp.com\/landioustravel.com\/wp-content\/uploads\/2019\/04\/sacred_lake_dendera.jpg?fit=1805%2C1014&ssl=1","datePublished":"2019-05-27T16:43:39+00:00","dateModified":"2019-07-15T11:05:25+00:00","description":"El Complejo del Templo de Dendera es uno de los complejos de templos mejor conservados de Egipto. Todo el complejo cubre unos 40.000 metros cuadrados y una gran pared de ladrillos de barro lo rodea. Esta \u00e1rea fue utilizada como el sexto Nome del Alto Egipto, al sur de Abydos","breadcrumb":{"@id":"https:\/\/landioustravel.com\/es\/egipto\/templos-egipcios\/templos-dendera\/#breadcrumb"},"inLanguage":"es","potentialAction":[{"@type":"ReadAction","target":["https:\/\/landioustravel.com\/es\/egipto\/templos-egipcios\/templos-dendera\/"]}]},{"@type":"ImageObject","inLanguage":"es","@id":"https:\/\/landioustravel.com\/es\/egipto\/templos-egipcios\/templos-dendera\/#primaryimage","url":"https:\/\/i0.wp.com\/landioustravel.com\/wp-content\/uploads\/2019\/04\/sacred_lake_dendera.jpg?fit=1805%2C1014&ssl=1","contentUrl":"https:\/\/i0.wp.com\/landioustravel.com\/wp-content\/uploads\/2019\/04\/sacred_lake_dendera.jpg?fit=1805%2C1014&ssl=1","width":1805,"height":1014,"caption":"????????????????????????????????????"},{"@type":"BreadcrumbList","@id":"https:\/\/landioustravel.com\/es\/egipto\/templos-egipcios\/templos-dendera\/#breadcrumb","itemListElement":[{"@type":"ListItem","position":1,"name":"Home","item":"https:\/\/landioustravel.com\/es\/"},{"@type":"ListItem","position":2,"name":"Egipto","item":"https:\/\/landioustravel.com\/es\/egipto\/"},{"@type":"ListItem","position":3,"name":"Templos egipcios","item":"https:\/\/landioustravel.com\/es\/egipto\/templos-egipcios\/"},{"@type":"ListItem","position":4,"name":"Templos de dendera"}]},{"@type":"WebSite","@id":"https:\/\/landioustravel.com\/es\/#website","url":"https:\/\/landioustravel.com\/es\/","name":"Landious Travel","description":"Tours and Excursions in Egypt","publisher":{"@id":"https:\/\/landioustravel.com\/es\/#organization"},"potentialAction":[{"@type":"SearchAction","target":{"@type":"EntryPoint","urlTemplate":"https:\/\/landioustravel.com\/es\/?s={search_term_string}"},"query-input":{"@type":"PropertyValueSpecification","valueRequired":true,"valueName":"search_term_string"}}],"inLanguage":"es"},{"@type":["Organization","Place"],"@id":"https:\/\/landioustravel.com\/es\/#organization","name":"Landious Travel","alternateName":"Landious Travel","url":"https:\/\/landioustravel.com\/es\/","logo":{"@id":"https:\/\/landioustravel.com\/es\/egipto\/templos-egipcios\/templos-dendera\/#local-main-organization-logo"},"image":{"@id":"https:\/\/landioustravel.com\/es\/egipto\/templos-egipcios\/templos-dendera\/#local-main-organization-logo"},"sameAs":["https:\/\/web.facebook.com\/landiousEgypt","https:\/\/x.com\/LandiousTours","https:\/\/mastodon.social\/@landious"],"legalName":"Landious Travel","telephone":[],"openingHoursSpecification":[{"@type":"OpeningHoursSpecification","dayOfWeek":["Monday","Tuesday","Wednesday","Thursday","Friday","Saturday","Sunday"],"opens":"09:00","closes":"17:00"}]},{"@type":"ImageObject","inLanguage":"es","@id":"https:\/\/landioustravel.com\/es\/egipto\/templos-egipcios\/templos-dendera\/#local-main-organization-logo","url":"https:\/\/i0.wp.com\/landioustravel.com\/wp-content\/uploads\/2021\/06\/Landious-T.png?fit=500%2C500&ssl=1","contentUrl":"https:\/\/i0.wp.com\/landioustravel.com\/wp-content\/uploads\/2021\/06\/Landious-T.png?fit=500%2C500&ssl=1","width":500,"height":500,"caption":"Landious Travel"}]}},"uagb_featured_image_src":{"full":["https:\/\/i0.wp.com\/landioustravel.com\/wp-content\/uploads\/2019\/04\/sacred_lake_dendera.jpg?fit=1805%2C1014&ssl=1",1805,1014,false],"thumbnail":["https:\/\/i0.wp.com\/landioustravel.com\/wp-content\/uploads\/2019\/04\/sacred_lake_dendera.jpg?resize=150%2C150&ssl=1",150,150,true],"medium":["https:\/\/i0.wp.com\/landioustravel.com\/wp-content\/uploads\/2019\/04\/sacred_lake_dendera.jpg?fit=300%2C169&ssl=1",300,169,true],"medium_large":["https:\/\/i0.wp.com\/landioustravel.com\/wp-content\/uploads\/2019\/04\/sacred_lake_dendera.jpg?fit=768%2C431&ssl=1",768,431,true],"large":["https:\/\/i0.wp.com\/landioustravel.com\/wp-content\/uploads\/2019\/04\/sacred_lake_dendera.jpg?fit=980%2C550&ssl=1",980,550,true],"1536x1536":["https:\/\/i0.wp.com\/landioustravel.com\/wp-content\/uploads\/2019\/04\/sacred_lake_dendera.jpg?fit=1536%2C863&ssl=1",1536,863,true],"2048x2048":["https:\/\/i0.wp.com\/landioustravel.com\/wp-content\/uploads\/2019\/04\/sacred_lake_dendera.jpg?fit=1805%2C1014&ssl=1",1805,1014,true],"newspack-article-block-landscape-large":["https:\/\/i0.wp.com\/landioustravel.com\/wp-content\/uploads\/2019\/04\/sacred_lake_dendera.jpg?resize=1200%2C900&ssl=1",1200,900,true],"newspack-article-block-portrait-large":["https:\/\/i0.wp.com\/landioustravel.com\/wp-content\/uploads\/2019\/04\/sacred_lake_dendera.jpg?resize=900%2C1014&ssl=1",900,1014,true],"newspack-article-block-square-large":["https:\/\/i0.wp.com\/landioustravel.com\/wp-content\/uploads\/2019\/04\/sacred_lake_dendera.jpg?resize=1200%2C1014&ssl=1",1200,1014,true],"newspack-article-block-landscape-medium":["https:\/\/i0.wp.com\/landioustravel.com\/wp-content\/uploads\/2019\/04\/sacred_lake_dendera.jpg?resize=800%2C600&ssl=1",800,600,true],"newspack-article-block-portrait-medium":["https:\/\/i0.wp.com\/landioustravel.com\/wp-content\/uploads\/2019\/04\/sacred_lake_dendera.jpg?resize=600%2C800&ssl=1",600,800,true],"newspack-article-block-square-medium":["https:\/\/i0.wp.com\/landioustravel.com\/wp-content\/uploads\/2019\/04\/sacred_lake_dendera.jpg?resize=800%2C800&ssl=1",800,800,true],"newspack-article-block-landscape-intermediate":["https:\/\/i0.wp.com\/landioustravel.com\/wp-content\/uploads\/2019\/04\/sacred_lake_dendera.jpg?resize=600%2C450&ssl=1",600,450,true],"newspack-article-block-portrait-intermediate":["https:\/\/i0.wp.com\/landioustravel.com\/wp-content\/uploads\/2019\/04\/sacred_lake_dendera.jpg?resize=450%2C600&ssl=1",450,600,true],"newspack-article-block-square-intermediate":["https:\/\/i0.wp.com\/landioustravel.com\/wp-content\/uploads\/2019\/04\/sacred_lake_dendera.jpg?resize=600%2C600&ssl=1",600,600,true],"newspack-article-block-landscape-small":["https:\/\/i0.wp.com\/landioustravel.com\/wp-content\/uploads\/2019\/04\/sacred_lake_dendera.jpg?resize=400%2C300&ssl=1",400,300,true],"newspack-article-block-portrait-small":["https:\/\/i0.wp.com\/landioustravel.com\/wp-content\/uploads\/2019\/04\/sacred_lake_dendera.jpg?resize=300%2C400&ssl=1",300,400,true],"newspack-article-block-square-small":["https:\/\/i0.wp.com\/landioustravel.com\/wp-content\/uploads\/2019\/04\/sacred_lake_dendera.jpg?resize=400%2C400&ssl=1",400,400,true],"newspack-article-block-landscape-tiny":["https:\/\/i0.wp.com\/landioustravel.com\/wp-content\/uploads\/2019\/04\/sacred_lake_dendera.jpg?resize=200%2C150&ssl=1",200,150,true],"newspack-article-block-portrait-tiny":["https:\/\/i0.wp.com\/landioustravel.com\/wp-content\/uploads\/2019\/04\/sacred_lake_dendera.jpg?resize=150%2C200&ssl=1",150,200,true],"newspack-article-block-square-tiny":["https:\/\/i0.wp.com\/landioustravel.com\/wp-content\/uploads\/2019\/04\/sacred_lake_dendera.jpg?resize=200%2C200&ssl=1",200,200,true],"newspack-article-block-uncropped":["https:\/\/i0.wp.com\/landioustravel.com\/wp-content\/uploads\/2019\/04\/sacred_lake_dendera.jpg?fit=1200%2C674&ssl=1",1200,674,true],"woocommerce_thumbnail":["https:\/\/i0.wp.com\/landioustravel.com\/wp-content\/uploads\/2019\/04\/sacred_lake_dendera.jpg?resize=324%2C324&ssl=1",324,324,true],"woocommerce_single":["https:\/\/i0.wp.com\/landioustravel.com\/wp-content\/uploads\/2019\/04\/sacred_lake_dendera.jpg?fit=416%2C234&ssl=1",416,234,true],"woocommerce_gallery_thumbnail":["https:\/\/i0.wp.com\/landioustravel.com\/wp-content\/uploads\/2019\/04\/sacred_lake_dendera.jpg?resize=100%2C100&ssl=1",100,100,true]},"uagb_author_info":{"display_name":"Mofreh Landious","author_link":"https:\/\/landioustravel.com\/es\/author\/landious\/"},"uagb_comment_info":0,"uagb_excerpt":"El Complejo del Templo de Dendera es uno de los complejos de templos mejor conservados de Egipto. Todo el complejo cubre unos 40.000 metros cuadrados y una gran pared de ladrillos de barro lo rodea. Esta \u00e1rea fue utilizada como el sexto Nome del Alto Egipto, al sur de Abydos. Ubicaci\u00f3n de los templos de&hellip;","jetpack_sharing_enabled":true,"jetpack_shortlink":"https:\/\/wp.me\/Par4r5-1kd","jetpack_likes_enabled":true,"amp_enabled":true,"_links":{"self":[{"href":"https:\/\/landioustravel.com\/es\/wp-json\/wp\/v2\/pages\/5097","targetHints":{"allow":["GET"]}}],"collection":[{"href":"https:\/\/landioustravel.com\/es\/wp-json\/wp\/v2\/pages"}],"about":[{"href":"https:\/\/landioustravel.com\/es\/wp-json\/wp\/v2\/types\/page"}],"author":[{"embeddable":true,"href":"https:\/\/landioustravel.com\/es\/wp-json\/wp\/v2\/users\/1"}],"replies":[{"embeddable":true,"href":"https:\/\/landioustravel.com\/es\/wp-json\/wp\/v2\/comments?post=5097"}],"version-history":[{"count":0,"href":"https:\/\/landioustravel.com\/es\/wp-json\/wp\/v2\/pages\/5097\/revisions"}],"up":[{"embeddable":true,"href":"https:\/\/landioustravel.com\/es\/wp-json\/wp\/v2\/pages\/3135"}],"wp:featuredmedia":[{"embeddable":true,"href":"https:\/\/landioustravel.com\/es\/wp-json\/wp\/v2\/media\/3907"}],"wp:attachment":[{"href":"https:\/\/landioustravel.com\/es\/wp-json\/wp\/v2\/media?parent=5097"}],"curies":[{"name":"wp","href":"https:\/\/api.w.org\/{rel}","templated":true}]}}