{"id":5108,"date":"2019-05-28T00:22:08","date_gmt":"2019-05-27T22:22:08","guid":{"rendered":"https:\/\/landioustravel.com\/?page_id=5108"},"modified":"2019-05-28T00:22:13","modified_gmt":"2019-05-27T22:22:13","slug":"dios-horus","status":"publish","type":"page","link":"https:\/\/landioustravel.com\/es\/egipto\/deidades-egipcias\/dios-horus\/","title":{"rendered":"Dios Horus"},"content":{"rendered":"\n<amp-fit-text layout=\"fixed-height\" min-font-size=\"14\" max-font-size=\"48\" height=\"50\"><h2 class=\"wp-block-heading\">Acerca de Horus<\/h2><\/amp-fit-text>\n\n\n\n<amp-fit-text layout=\"fixed-height\" min-font-size=\"14\" max-font-size=\"48\" height=\"50\"><p>Horus es una de <a href=\"https:\/\/landioustravel.com\/es\/egipto\/deidades-egipcias\/\">las deidades egipcias<\/a> m\u00e1s importantes. \u00c9l era el Dios del Reino, el cielo y el Dios de la vida. Horus es el hijo de Isis y Osiris.<\/p><\/amp-fit-text>\n\n\n\n<amp-fit-text layout=\"fixed-height\" min-font-size=\"14\" max-font-size=\"48\" height=\"50\"><h2 class=\"wp-block-heading\">La posici\u00f3n divina de Horus en la antigua religi\u00f3n egipcia<\/h2><\/amp-fit-text>\n\n\n\n<amp-fit-text layout=\"fixed-height\" min-font-size=\"14\" max-font-size=\"48\" height=\"50\"><p>La forma m\u00e1s antigua registrada de Horus es la deidad tutelar de Nekhen en el Alto Egipto. Despu\u00e9s de la unificaci\u00f3n de Egipto por los gobernantes de Nekhen, surgi\u00f3 la idea de que el rey reinante era una manifestaci\u00f3n de Horus en vida y Osiris en muerte.<\/p><\/amp-fit-text>\n\n\n\n<amp-fit-text layout=\"fixed-height\" min-font-size=\"14\" max-font-size=\"48\" height=\"50\"><p>Por lo tanto, los antiguos egipcios adoraban al dios Horus desde el Egipto prehist\u00f3rico tard\u00edo hasta el Reino de Ptolemaic y el Egipto romano.<\/p><\/amp-fit-text>\n\n\n\n<amp-fit-text layout=\"fixed-height\" min-font-size=\"14\" max-font-size=\"48\" height=\"50\"><h2 class=\"wp-block-heading\">Los templos dedicados de Horus<\/h2><\/amp-fit-text>\n\n\n\n<amp-fit-text layout=\"fixed-height\" min-font-size=\"14\" max-font-size=\"48\" height=\"50\"><p>El dios Horus fue adorado entre diferentes dioses en los templos egipcios. Al mismo tiempo, el Templo de Dios Horus en Edfu estaba dedicado a su culto.<\/p><\/amp-fit-text>\n","protected":false},"excerpt":{"rendered":"<p>Acerca de Horus Horus es una de las deidades egipcias m\u00e1s importantes. \u00c9l era el Dios del Reino, el cielo y el Dios de la vida. Horus es el hijo de Isis y Osiris. La posici\u00f3n divina de Horus en la antigua religi\u00f3n egipcia La forma m\u00e1s antigua registrada de Horus es la deidad tutelar [&hellip;]<\/p>\n","protected":false},"author":1,"featured_media":4139,"parent":3629,"menu_order":0,"comment_status":"open","ping_status":"closed","template":"","meta":{"_coblocks_attr":"","_coblocks_dimensions":"","_coblocks_responsive_height":"","_coblocks_accordion_ie_support":"","_uag_custom_page_level_css":"","footnotes":""},"class_list":["post-5108","page","type-page","status-publish","has-post-thumbnail","hentry"],"yoast_head":"<!-- This site is optimized with the Yoast SEO Premium plugin v26.9 (Yoast SEO v27.5) - https:\/\/yoast.com\/product\/yoast-seo-premium-wordpress\/ -->\n<title>Dios Horus<\/title>\n<meta name=\"description\" content=\"Horus es una de las deidades egipcias m\u00e1s importantes. \u00c9l era el Dios del Reino, el cielo y el Dios de la vida. Horus es el hijo de Isis y Osiris\" \/>\n<meta name=\"robots\" content=\"index, follow, max-snippet:-1, max-image-preview:large, max-video-preview:-1\" \/>\n<link rel=\"canonical\" href=\"https:\/\/landioustravel.com\/es\/egipto\/deidades-egipcias\/dios-horus\/\" \/>\n<meta property=\"og:locale\" content=\"es_ES\" \/>\n<meta property=\"og:type\" content=\"article\" \/>\n<meta property=\"og:title\" content=\"Dios Horus\" \/>\n<meta property=\"og:description\" content=\"Horus es una de las deidades egipcias m\u00e1s importantes. \u00c9l era el Dios del Reino, el cielo y el Dios de la vida. Horus es el hijo de Isis y Osiris\" \/>\n<meta property=\"og:url\" content=\"https:\/\/landioustravel.com\/es\/egipto\/deidades-egipcias\/dios-horus\/\" \/>\n<meta property=\"og:site_name\" content=\"Landious Travel\" \/>\n<meta property=\"article:publisher\" content=\"https:\/\/web.facebook.com\/landiousEgypt\" \/>\n<meta property=\"article:modified_time\" content=\"2019-05-27T22:22:13+00:00\" \/>\n<meta property=\"og:image\" content=\"https:\/\/i0.wp.com\/landioustravel.com\/wp-content\/uploads\/2019\/04\/god_horus-e1600892417554.jpg?fit=1200%2C675&ssl=1\" \/>\n\t<meta property=\"og:image:width\" content=\"1200\" \/>\n\t<meta property=\"og:image:height\" content=\"675\" \/>\n\t<meta property=\"og:image:type\" content=\"image\/jpeg\" \/>\n<meta name=\"twitter:card\" content=\"summary_large_image\" \/>\n<meta name=\"twitter:site\" content=\"@LandiousTours\" \/>\n<meta name=\"twitter:label1\" content=\"Tiempo de lectura\" \/>\n\t<meta name=\"twitter:data1\" content=\"1 minuto\" \/>\n<script type=\"application\/ld+json\" class=\"yoast-schema-graph\">{\"@context\":\"https:\\\/\\\/schema.org\",\"@graph\":[{\"@type\":\"WebPage\",\"@id\":\"https:\\\/\\\/landioustravel.com\\\/es\\\/egipto\\\/deidades-egipcias\\\/dios-horus\\\/\",\"url\":\"https:\\\/\\\/landioustravel.com\\\/es\\\/egipto\\\/deidades-egipcias\\\/dios-horus\\\/\",\"name\":\"Dios Horus\",\"isPartOf\":{\"@id\":\"https:\\\/\\\/landioustravel.com\\\/es\\\/#website\"},\"primaryImageOfPage\":{\"@id\":\"https:\\\/\\\/landioustravel.com\\\/es\\\/egipto\\\/deidades-egipcias\\\/dios-horus\\\/#primaryimage\"},\"image\":{\"@id\":\"https:\\\/\\\/landioustravel.com\\\/es\\\/egipto\\\/deidades-egipcias\\\/dios-horus\\\/#primaryimage\"},\"thumbnailUrl\":\"https:\\\/\\\/i0.wp.com\\\/landioustravel.com\\\/wp-content\\\/uploads\\\/2019\\\/04\\\/god_horus-e1600892417554.jpg?fit=1200%2C675&ssl=1\",\"datePublished\":\"2019-05-27T22:22:08+00:00\",\"dateModified\":\"2019-05-27T22:22:13+00:00\",\"description\":\"Horus es una de las deidades egipcias m\u00e1s importantes. \u00c9l era el Dios del Reino, el cielo y el Dios de la vida. Horus es el hijo de Isis y Osiris\",\"breadcrumb\":{\"@id\":\"https:\\\/\\\/landioustravel.com\\\/es\\\/egipto\\\/deidades-egipcias\\\/dios-horus\\\/#breadcrumb\"},\"inLanguage\":\"es\",\"potentialAction\":[{\"@type\":\"ReadAction\",\"target\":[\"https:\\\/\\\/landioustravel.com\\\/es\\\/egipto\\\/deidades-egipcias\\\/dios-horus\\\/\"]}]},{\"@type\":\"ImageObject\",\"inLanguage\":\"es\",\"@id\":\"https:\\\/\\\/landioustravel.com\\\/es\\\/egipto\\\/deidades-egipcias\\\/dios-horus\\\/#primaryimage\",\"url\":\"https:\\\/\\\/i0.wp.com\\\/landioustravel.com\\\/wp-content\\\/uploads\\\/2019\\\/04\\\/god_horus-e1600892417554.jpg?fit=1200%2C675&ssl=1\",\"contentUrl\":\"https:\\\/\\\/i0.wp.com\\\/landioustravel.com\\\/wp-content\\\/uploads\\\/2019\\\/04\\\/god_horus-e1600892417554.jpg?fit=1200%2C675&ssl=1\",\"width\":1200,\"height\":675,\"caption\":\"God Horus in Egyptian museum\"},{\"@type\":\"BreadcrumbList\",\"@id\":\"https:\\\/\\\/landioustravel.com\\\/es\\\/egipto\\\/deidades-egipcias\\\/dios-horus\\\/#breadcrumb\",\"itemListElement\":[{\"@type\":\"ListItem\",\"position\":1,\"name\":\"Home\",\"item\":\"https:\\\/\\\/landioustravel.com\\\/es\\\/\"},{\"@type\":\"ListItem\",\"position\":2,\"name\":\"Egipto\",\"item\":\"https:\\\/\\\/landioustravel.com\\\/es\\\/egipto\\\/\"},{\"@type\":\"ListItem\",\"position\":3,\"name\":\"Deidades egipcias\",\"item\":\"https:\\\/\\\/landioustravel.com\\\/es\\\/egipto\\\/deidades-egipcias\\\/\"},{\"@type\":\"ListItem\",\"position\":4,\"name\":\"Dios Horus\"}]},{\"@type\":\"WebSite\",\"@id\":\"https:\\\/\\\/landioustravel.com\\\/es\\\/#website\",\"url\":\"https:\\\/\\\/landioustravel.com\\\/es\\\/\",\"name\":\"Landious Travel\",\"description\":\"Tours and Excursions in Egypt\",\"publisher\":{\"@id\":\"https:\\\/\\\/landioustravel.com\\\/es\\\/#organization\"},\"potentialAction\":[{\"@type\":\"SearchAction\",\"target\":{\"@type\":\"EntryPoint\",\"urlTemplate\":\"https:\\\/\\\/landioustravel.com\\\/es\\\/?s={search_term_string}\"},\"query-input\":{\"@type\":\"PropertyValueSpecification\",\"valueRequired\":true,\"valueName\":\"search_term_string\"}}],\"inLanguage\":\"es\"},{\"@type\":[\"Organization\",\"Place\"],\"@id\":\"https:\\\/\\\/landioustravel.com\\\/es\\\/#organization\",\"name\":\"Landious Travel\",\"alternateName\":\"Landious Travel\",\"url\":\"https:\\\/\\\/landioustravel.com\\\/es\\\/\",\"logo\":{\"@id\":\"https:\\\/\\\/landioustravel.com\\\/es\\\/egipto\\\/deidades-egipcias\\\/dios-horus\\\/#local-main-organization-logo\"},\"image\":{\"@id\":\"https:\\\/\\\/landioustravel.com\\\/es\\\/egipto\\\/deidades-egipcias\\\/dios-horus\\\/#local-main-organization-logo\"},\"sameAs\":[\"https:\\\/\\\/web.facebook.com\\\/landiousEgypt\",\"https:\\\/\\\/x.com\\\/LandiousTours\",\"https:\\\/\\\/mastodon.social\\\/@landious\"],\"legalName\":\"Landious Travel\",\"telephone\":[],\"openingHoursSpecification\":[{\"@type\":\"OpeningHoursSpecification\",\"dayOfWeek\":[\"Monday\",\"Tuesday\",\"Wednesday\",\"Thursday\",\"Friday\",\"Saturday\",\"Sunday\"],\"opens\":\"09:00\",\"closes\":\"17:00\"}]},{\"@type\":\"ImageObject\",\"inLanguage\":\"es\",\"@id\":\"https:\\\/\\\/landioustravel.com\\\/es\\\/egipto\\\/deidades-egipcias\\\/dios-horus\\\/#local-main-organization-logo\",\"url\":\"https:\\\/\\\/i0.wp.com\\\/landioustravel.com\\\/wp-content\\\/uploads\\\/2021\\\/06\\\/Landious-T.png?fit=500%2C500&ssl=1\",\"contentUrl\":\"https:\\\/\\\/i0.wp.com\\\/landioustravel.com\\\/wp-content\\\/uploads\\\/2021\\\/06\\\/Landious-T.png?fit=500%2C500&ssl=1\",\"width\":500,\"height\":500,\"caption\":\"Landious Travel\"}]}<\/script>\n<!-- \/ Yoast SEO Premium plugin. -->","yoast_head_json":{"title":"Dios Horus","description":"Horus es una de las deidades egipcias m\u00e1s importantes. \u00c9l era el Dios del Reino, el cielo y el Dios de la vida. Horus es el hijo de Isis y Osiris","robots":{"index":"index","follow":"follow","max-snippet":"max-snippet:-1","max-image-preview":"max-image-preview:large","max-video-preview":"max-video-preview:-1"},"canonical":"https:\/\/landioustravel.com\/es\/egipto\/deidades-egipcias\/dios-horus\/","og_locale":"es_ES","og_type":"article","og_title":"Dios Horus","og_description":"Horus es una de las deidades egipcias m\u00e1s importantes. \u00c9l era el Dios del Reino, el cielo y el Dios de la vida. Horus es el hijo de Isis y Osiris","og_url":"https:\/\/landioustravel.com\/es\/egipto\/deidades-egipcias\/dios-horus\/","og_site_name":"Landious Travel","article_publisher":"https:\/\/web.facebook.com\/landiousEgypt","article_modified_time":"2019-05-27T22:22:13+00:00","og_image":[{"width":1200,"height":675,"url":"https:\/\/i0.wp.com\/landioustravel.com\/wp-content\/uploads\/2019\/04\/god_horus-e1600892417554.jpg?fit=1200%2C675&ssl=1","type":"image\/jpeg"}],"twitter_card":"summary_large_image","twitter_site":"@LandiousTours","twitter_misc":{"Tiempo de lectura":"1 minuto"},"schema":{"@context":"https:\/\/schema.org","@graph":[{"@type":"WebPage","@id":"https:\/\/landioustravel.com\/es\/egipto\/deidades-egipcias\/dios-horus\/","url":"https:\/\/landioustravel.com\/es\/egipto\/deidades-egipcias\/dios-horus\/","name":"Dios Horus","isPartOf":{"@id":"https:\/\/landioustravel.com\/es\/#website"},"primaryImageOfPage":{"@id":"https:\/\/landioustravel.com\/es\/egipto\/deidades-egipcias\/dios-horus\/#primaryimage"},"image":{"@id":"https:\/\/landioustravel.com\/es\/egipto\/deidades-egipcias\/dios-horus\/#primaryimage"},"thumbnailUrl":"https:\/\/i0.wp.com\/landioustravel.com\/wp-content\/uploads\/2019\/04\/god_horus-e1600892417554.jpg?fit=1200%2C675&ssl=1","datePublished":"2019-05-27T22:22:08+00:00","dateModified":"2019-05-27T22:22:13+00:00","description":"Horus es una de las deidades egipcias m\u00e1s importantes. \u00c9l era el Dios del Reino, el cielo y el Dios de la vida. Horus es el hijo de Isis y Osiris","breadcrumb":{"@id":"https:\/\/landioustravel.com\/es\/egipto\/deidades-egipcias\/dios-horus\/#breadcrumb"},"inLanguage":"es","potentialAction":[{"@type":"ReadAction","target":["https:\/\/landioustravel.com\/es\/egipto\/deidades-egipcias\/dios-horus\/"]}]},{"@type":"ImageObject","inLanguage":"es","@id":"https:\/\/landioustravel.com\/es\/egipto\/deidades-egipcias\/dios-horus\/#primaryimage","url":"https:\/\/i0.wp.com\/landioustravel.com\/wp-content\/uploads\/2019\/04\/god_horus-e1600892417554.jpg?fit=1200%2C675&ssl=1","contentUrl":"https:\/\/i0.wp.com\/landioustravel.com\/wp-content\/uploads\/2019\/04\/god_horus-e1600892417554.jpg?fit=1200%2C675&ssl=1","width":1200,"height":675,"caption":"God Horus in Egyptian museum"},{"@type":"BreadcrumbList","@id":"https:\/\/landioustravel.com\/es\/egipto\/deidades-egipcias\/dios-horus\/#breadcrumb","itemListElement":[{"@type":"ListItem","position":1,"name":"Home","item":"https:\/\/landioustravel.com\/es\/"},{"@type":"ListItem","position":2,"name":"Egipto","item":"https:\/\/landioustravel.com\/es\/egipto\/"},{"@type":"ListItem","position":3,"name":"Deidades egipcias","item":"https:\/\/landioustravel.com\/es\/egipto\/deidades-egipcias\/"},{"@type":"ListItem","position":4,"name":"Dios Horus"}]},{"@type":"WebSite","@id":"https:\/\/landioustravel.com\/es\/#website","url":"https:\/\/landioustravel.com\/es\/","name":"Landious Travel","description":"Tours and Excursions in Egypt","publisher":{"@id":"https:\/\/landioustravel.com\/es\/#organization"},"potentialAction":[{"@type":"SearchAction","target":{"@type":"EntryPoint","urlTemplate":"https:\/\/landioustravel.com\/es\/?s={search_term_string}"},"query-input":{"@type":"PropertyValueSpecification","valueRequired":true,"valueName":"search_term_string"}}],"inLanguage":"es"},{"@type":["Organization","Place"],"@id":"https:\/\/landioustravel.com\/es\/#organization","name":"Landious Travel","alternateName":"Landious Travel","url":"https:\/\/landioustravel.com\/es\/","logo":{"@id":"https:\/\/landioustravel.com\/es\/egipto\/deidades-egipcias\/dios-horus\/#local-main-organization-logo"},"image":{"@id":"https:\/\/landioustravel.com\/es\/egipto\/deidades-egipcias\/dios-horus\/#local-main-organization-logo"},"sameAs":["https:\/\/web.facebook.com\/landiousEgypt","https:\/\/x.com\/LandiousTours","https:\/\/mastodon.social\/@landious"],"legalName":"Landious Travel","telephone":[],"openingHoursSpecification":[{"@type":"OpeningHoursSpecification","dayOfWeek":["Monday","Tuesday","Wednesday","Thursday","Friday","Saturday","Sunday"],"opens":"09:00","closes":"17:00"}]},{"@type":"ImageObject","inLanguage":"es","@id":"https:\/\/landioustravel.com\/es\/egipto\/deidades-egipcias\/dios-horus\/#local-main-organization-logo","url":"https:\/\/i0.wp.com\/landioustravel.com\/wp-content\/uploads\/2021\/06\/Landious-T.png?fit=500%2C500&ssl=1","contentUrl":"https:\/\/i0.wp.com\/landioustravel.com\/wp-content\/uploads\/2021\/06\/Landious-T.png?fit=500%2C500&ssl=1","width":500,"height":500,"caption":"Landious Travel"}]}},"uagb_featured_image_src":{"full":["https:\/\/i0.wp.com\/landioustravel.com\/wp-content\/uploads\/2019\/04\/god_horus-e1600892417554.jpg?fit=1200%2C675&ssl=1",1200,675,false],"thumbnail":["https:\/\/i0.wp.com\/landioustravel.com\/wp-content\/uploads\/2019\/04\/god_horus-e1600892417554.jpg?resize=150%2C150&ssl=1",150,150,true],"medium":["https:\/\/i0.wp.com\/landioustravel.com\/wp-content\/uploads\/2019\/04\/god_horus-e1600892417554.jpg?fit=300%2C169&ssl=1",300,169,true],"medium_large":["https:\/\/i0.wp.com\/landioustravel.com\/wp-content\/uploads\/2019\/04\/god_horus-e1600892417554.jpg?fit=768%2C432&ssl=1",768,432,true],"large":["https:\/\/i0.wp.com\/landioustravel.com\/wp-content\/uploads\/2019\/04\/god_horus-e1600892417554.jpg?fit=980%2C551&ssl=1",980,551,true],"1536x1536":["https:\/\/i0.wp.com\/landioustravel.com\/wp-content\/uploads\/2019\/04\/god_horus-e1600892417554.jpg?fit=1200%2C675&ssl=1",1200,675,true],"2048x2048":["https:\/\/i0.wp.com\/landioustravel.com\/wp-content\/uploads\/2019\/04\/god_horus-e1600892417554.jpg?fit=1200%2C675&ssl=1",1200,675,true],"newspack-article-block-landscape-large":["https:\/\/i0.wp.com\/landioustravel.com\/wp-content\/uploads\/2019\/04\/god_horus-e1600892417554.jpg?resize=1200%2C675&ssl=1",1200,807,true],"newspack-article-block-portrait-large":["https:\/\/i0.wp.com\/landioustravel.com\/wp-content\/uploads\/2019\/04\/god_horus-e1600892417554.jpg?resize=900%2C675&ssl=1",900,675,true],"newspack-article-block-square-large":["https:\/\/i0.wp.com\/landioustravel.com\/wp-content\/uploads\/2019\/04\/god_horus-e1600892417554.jpg?resize=1200%2C675&ssl=1",1200,807,true],"newspack-article-block-landscape-medium":["https:\/\/i0.wp.com\/landioustravel.com\/wp-content\/uploads\/2019\/04\/god_horus-e1600892417554.jpg?resize=800%2C600&ssl=1",800,600,true],"newspack-article-block-portrait-medium":["https:\/\/i0.wp.com\/landioustravel.com\/wp-content\/uploads\/2019\/04\/god_horus-e1600892417554.jpg?resize=600%2C675&ssl=1",600,675,true],"newspack-article-block-square-medium":["https:\/\/i0.wp.com\/landioustravel.com\/wp-content\/uploads\/2019\/04\/god_horus-e1600892417554.jpg?resize=800%2C675&ssl=1",800,675,true],"newspack-article-block-landscape-intermediate":["https:\/\/i0.wp.com\/landioustravel.com\/wp-content\/uploads\/2019\/04\/god_horus-e1600892417554.jpg?resize=600%2C450&ssl=1",600,450,true],"newspack-article-block-portrait-intermediate":["https:\/\/i0.wp.com\/landioustravel.com\/wp-content\/uploads\/2019\/04\/god_horus-e1600892417554.jpg?resize=450%2C600&ssl=1",450,600,true],"newspack-article-block-square-intermediate":["https:\/\/i0.wp.com\/landioustravel.com\/wp-content\/uploads\/2019\/04\/god_horus-e1600892417554.jpg?resize=600%2C600&ssl=1",600,600,true],"newspack-article-block-landscape-small":["https:\/\/i0.wp.com\/landioustravel.com\/wp-content\/uploads\/2019\/04\/god_horus-e1600892417554.jpg?resize=400%2C300&ssl=1",400,300,true],"newspack-article-block-portrait-small":["https:\/\/i0.wp.com\/landioustravel.com\/wp-content\/uploads\/2019\/04\/god_horus-e1600892417554.jpg?resize=300%2C400&ssl=1",300,400,true],"newspack-article-block-square-small":["https:\/\/i0.wp.com\/landioustravel.com\/wp-content\/uploads\/2019\/04\/god_horus-e1600892417554.jpg?resize=400%2C400&ssl=1",400,400,true],"newspack-article-block-landscape-tiny":["https:\/\/i0.wp.com\/landioustravel.com\/wp-content\/uploads\/2019\/04\/god_horus-e1600892417554.jpg?resize=200%2C150&ssl=1",200,150,true],"newspack-article-block-portrait-tiny":["https:\/\/i0.wp.com\/landioustravel.com\/wp-content\/uploads\/2019\/04\/god_horus-e1600892417554.jpg?resize=150%2C200&ssl=1",150,200,true],"newspack-article-block-square-tiny":["https:\/\/i0.wp.com\/landioustravel.com\/wp-content\/uploads\/2019\/04\/god_horus-e1600892417554.jpg?resize=200%2C200&ssl=1",200,200,true],"newspack-article-block-uncropped":["https:\/\/i0.wp.com\/landioustravel.com\/wp-content\/uploads\/2019\/04\/god_horus-e1600892417554.jpg?fit=1200%2C675&ssl=1",1200,675,true],"woocommerce_thumbnail":["https:\/\/i0.wp.com\/landioustravel.com\/wp-content\/uploads\/2019\/04\/god_horus-e1600892417554.jpg?resize=324%2C324&ssl=1",324,324,true],"woocommerce_single":["https:\/\/i0.wp.com\/landioustravel.com\/wp-content\/uploads\/2019\/04\/god_horus-e1600892417554.jpg?fit=416%2C234&ssl=1",416,234,true],"woocommerce_gallery_thumbnail":["https:\/\/i0.wp.com\/landioustravel.com\/wp-content\/uploads\/2019\/04\/god_horus-e1600892417554.jpg?resize=100%2C100&ssl=1",100,100,true]},"uagb_author_info":{"display_name":"Mofreh Landious","author_link":"https:\/\/landioustravel.com\/es\/author\/landious\/"},"uagb_comment_info":0,"uagb_excerpt":"Acerca de Horus Horus es una de las deidades egipcias m\u00e1s importantes. \u00c9l era el Dios del Reino, el cielo y el Dios de la vida. Horus es el hijo de Isis y Osiris. La posici\u00f3n divina de Horus en la antigua religi\u00f3n egipcia La forma m\u00e1s antigua registrada de Horus es la deidad tutelar&hellip;","jetpack_sharing_enabled":true,"jetpack_shortlink":"https:\/\/wp.me\/Par4r5-1ko","jetpack_likes_enabled":true,"amp_enabled":true,"_links":{"self":[{"href":"https:\/\/landioustravel.com\/es\/wp-json\/wp\/v2\/pages\/5108","targetHints":{"allow":["GET"]}}],"collection":[{"href":"https:\/\/landioustravel.com\/es\/wp-json\/wp\/v2\/pages"}],"about":[{"href":"https:\/\/landioustravel.com\/es\/wp-json\/wp\/v2\/types\/page"}],"author":[{"embeddable":true,"href":"https:\/\/landioustravel.com\/es\/wp-json\/wp\/v2\/users\/1"}],"replies":[{"embeddable":true,"href":"https:\/\/landioustravel.com\/es\/wp-json\/wp\/v2\/comments?post=5108"}],"version-history":[{"count":0,"href":"https:\/\/landioustravel.com\/es\/wp-json\/wp\/v2\/pages\/5108\/revisions"}],"up":[{"embeddable":true,"href":"https:\/\/landioustravel.com\/es\/wp-json\/wp\/v2\/pages\/3629"}],"wp:featuredmedia":[{"embeddable":true,"href":"https:\/\/landioustravel.com\/es\/wp-json\/wp\/v2\/media\/4139"}],"wp:attachment":[{"href":"https:\/\/landioustravel.com\/es\/wp-json\/wp\/v2\/media?parent=5108"}],"curies":[{"name":"wp","href":"https:\/\/api.w.org\/{rel}","templated":true}]}}