{"id":142291,"date":"2023-03-29T01:56:54","date_gmt":"2023-05-04T19:05:17","guid":{"rendered":"https:\/\/landioustravel.com\/?post_type=product&#038;p=142291"},"modified":"2023-10-18T00:25:55","modified_gmt":"2023-10-17T21:25:55","slug":"traslado-aeropuerto-hoteles-hurghada","status":"publish","type":"product","link":"https:\/\/landioustravel.com\/es\/shop\/traslado-aeropuerto-hoteles-hurghada\/","title":{"rendered":"Traslado del aeropuerto a los hoteles de Hurghada"},"content":{"rendered":"<p>Los traslados en taxi del aeropuerto a los hoteles de <a href=\"https:\/\/landioustravel.com\/es\/egipto\/pueblos-egipcios\/gobernacion-de-al-bahr-al-ahmar\/ciudad-hurghada\/\">Hurghada<\/a> est\u00e1n disponibles las 24 horas, los 7 d\u00edas de la semana. Los servicios incluyen alquiler privado por horas y traslados desde y hacia varios eventos en Hurghada. Choferes profesionales y confiables y excelente atenci\u00f3n al cliente antes, durante y despu\u00e9s de su traslado. Tu seguridad es nuestra prioridad y tu comodidad nuestra satisfacci\u00f3n.<\/p>\n<p>Para mayor facilidad y comodidad, reserve con anticipaci\u00f3n su aeropuerto. El traslado privado desde el Aeropuerto Internacional de Hurghada a su hotel desaparece la preocupaci\u00f3n de asegurar el transporte cuando llega a su destino. Los servicios de traslado est\u00e1n disponibles las 24 horas del d\u00eda, los siete d\u00edas de la semana.<\/p>\n<h2>Itinerario del traslado del aeropuerto a los hoteles de Hurghada<\/h2>\n<ul>\n<li>Una vez que reserve, comenzaremos nuestro trabajo para que su llegada y regreso sean fluidos.<\/li>\n<li>Al recogerlo del aeropuerto de Hurghada a su hotel, su conductor lo ayudar\u00e1 a colocar su equipaje con una sonrisa amistosa, a tener su asiento c\u00f3modo escuchando m\u00fasica relajante y a llegar a su hotel con bastante ahorro en un tiempo determinado, dependiendo de la distancia.<\/li>\n<\/ul>\n<h2>INCLUIDO<\/h2>\n<ul>\n<li>Recibir y ayudar en el aeropuerto de Hurghada a su llegada o viceversa.<\/li>\n<li>Traslado en un veh\u00edculo privado con aire acondicionado conductor experto confiable y profesional<\/li>\n<li>Representante\/conductor de habla inglesa en el aeropuerto con un cartel con su nombre.<\/li>\n<li>Carro para tu equipaje en el aeropuerto<\/li>\n<li>Disfrute de un servicio de transferencia suave, amigable y sin complicaciones.<\/li>\n<li>Traslado privado de ida<\/li>\n<li>Todos los impuestos, recargos por combustible y tarifas de servicio incluidos<\/li>\n<\/ul>\n<h2>NO INCLUIDO<\/h2>\n<ul>\n<li>Propinas (recomendado)<\/li>\n<li>Visa de entrada al pa\u00eds (28 USD, incluidas las tasas de tramitaci\u00f3n)<\/li>\n<\/ul>\n","protected":false},"excerpt":{"rendered":"<div class=\"woocommerce-product-details__short-description\">\n<p>Sabemos lo importante que es para ti organizar los traslados de forma profesional.\u00a0<span class=\"\">Es una primera impresi\u00f3n.\u00a0<\/span>Trabajamos en ello para que su viaje a la ciudad de Hurghada sea f\u00e1cil y sin problemas.\u00a0Ofrecemos servicios de transporte privado desde los hoteles de Hurghada a precios competitivos y asequibles.\u00a0Reserve en l\u00ednea en minutos y ahorre hasta un 40% en comparaci\u00f3n con una tarifa de taxi con tax\u00edmetro.<\/p>\n<\/div>\n","protected":false},"featured_media":61291,"comment_status":"open","ping_status":"closed","template":"","meta":{"_coblocks_attr":"","_coblocks_dimensions":"","_coblocks_responsive_height":"","_coblocks_accordion_ie_support":"","_uag_custom_page_level_css":"","jetpack_post_was_ever_published":false,"jetpack_publicize_message":"","jetpack_publicize_feature_enabled":true,"jetpack_social_post_already_shared":true,"jetpack_social_options":{"image_generator_settings":{"template":"highway","default_image_id":0,"font":"","enabled":false},"version":2},"_wpas_customize_per_network":false},"product_brand":[],"product_cat":[23494],"product_tag":[1808],"class_list":{"0":"post-142291","1":"product","2":"type-product","3":"status-publish","4":"has-post-thumbnail","6":"product_cat-traslados-en-hurgada","7":"product_tag-hurghada-es","9":"first","10":"instock","11":"sale","12":"virtual","13":"taxable","14":"purchasable","15":"product-type-simple"},"yoast_head":"<!-- This site is optimized with the Yoast SEO Premium plugin v26.9 (Yoast SEO v27.3) - https:\/\/yoast.com\/product\/yoast-seo-premium-wordpress\/ -->\n<title>Traslado del aeropuerto a los hoteles de Hurghada<\/title>\n<meta name=\"description\" content=\"Traslado del aeropuerto a los hoteles de Hurghada Sabemos lo importante que es para ti organizar los traslados de forma profesional.\u00a0Es una primera\" \/>\n<meta name=\"robots\" content=\"index, follow, max-snippet:-1, max-image-preview:large, max-video-preview:-1\" \/>\n<link rel=\"canonical\" href=\"https:\/\/landioustravel.com\/es\/shop\/traslado-aeropuerto-hoteles-hurghada\/\" \/>\n<meta property=\"og:locale\" content=\"es_ES\" \/>\n<meta property=\"og:type\" content=\"article\" \/>\n<meta property=\"og:title\" content=\"Traslado del aeropuerto a los hoteles de Hurghada\" \/>\n<meta property=\"og:description\" content=\"Landious Travel\" \/>\n<meta property=\"og:url\" content=\"https:\/\/landioustravel.com\/es\/shop\/traslado-aeropuerto-hoteles-hurghada\/\" \/>\n<meta property=\"og:site_name\" content=\"Landious Travel\" \/>\n<meta property=\"article:publisher\" content=\"https:\/\/web.facebook.com\/landiousEgypt\" \/>\n<meta property=\"article:modified_time\" content=\"2023-10-17T21:25:55+00:00\" \/>\n<meta property=\"og:image\" content=\"https:\/\/i0.wp.com\/landioustravel.com\/wp-content\/uploads\/2022\/01\/Hurghada-International-Airport-e1643102585820.jpg?fit=1200%2C675&ssl=1\" \/>\n\t<meta property=\"og:image:width\" content=\"1200\" \/>\n\t<meta property=\"og:image:height\" content=\"675\" \/>\n\t<meta property=\"og:image:type\" content=\"image\/jpeg\" \/>\n<meta name=\"twitter:card\" content=\"summary_large_image\" \/>\n<meta name=\"twitter:site\" content=\"@LandiousTours\" \/>\n<meta name=\"twitter:label1\" content=\"Tiempo de lectura\" \/>\n\t<meta name=\"twitter:data1\" content=\"2 minutos\" \/>\n<script type=\"application\/ld+json\" class=\"yoast-schema-graph\">{\"@context\":\"https:\\\/\\\/schema.org\",\"@graph\":[{\"@type\":\"WebPage\",\"@id\":\"https:\\\/\\\/landioustravel.com\\\/es\\\/shop\\\/traslado-aeropuerto-hoteles-hurghada\\\/\",\"url\":\"https:\\\/\\\/landioustravel.com\\\/es\\\/shop\\\/traslado-aeropuerto-hoteles-hurghada\\\/\",\"name\":\"Traslado del aeropuerto a los hoteles de Hurghada\",\"isPartOf\":{\"@id\":\"https:\\\/\\\/landioustravel.com\\\/es\\\/#website\"},\"primaryImageOfPage\":{\"@id\":\"https:\\\/\\\/landioustravel.com\\\/es\\\/shop\\\/traslado-aeropuerto-hoteles-hurghada\\\/#primaryimage\"},\"image\":{\"@id\":\"https:\\\/\\\/landioustravel.com\\\/es\\\/shop\\\/traslado-aeropuerto-hoteles-hurghada\\\/#primaryimage\"},\"thumbnailUrl\":\"https:\\\/\\\/i0.wp.com\\\/landioustravel.com\\\/wp-content\\\/uploads\\\/2022\\\/01\\\/Hurghada-International-Airport-e1643102585820.jpg?fit=1200%2C675&ssl=1\",\"datePublished\":\"2023-05-04T19:05:17+00:00\",\"dateModified\":\"2023-10-17T21:25:55+00:00\",\"description\":\"Traslado del aeropuerto a los hoteles de Hurghada Sabemos lo importante que es para ti organizar los traslados de forma profesional.\u00a0Es una primera\",\"breadcrumb\":{\"@id\":\"https:\\\/\\\/landioustravel.com\\\/es\\\/shop\\\/traslado-aeropuerto-hoteles-hurghada\\\/#breadcrumb\"},\"inLanguage\":\"es\",\"potentialAction\":[{\"@type\":\"ReadAction\",\"target\":[\"https:\\\/\\\/landioustravel.com\\\/es\\\/shop\\\/traslado-aeropuerto-hoteles-hurghada\\\/\"]}]},{\"@type\":\"ImageObject\",\"inLanguage\":\"es\",\"@id\":\"https:\\\/\\\/landioustravel.com\\\/es\\\/shop\\\/traslado-aeropuerto-hoteles-hurghada\\\/#primaryimage\",\"url\":\"https:\\\/\\\/i0.wp.com\\\/landioustravel.com\\\/wp-content\\\/uploads\\\/2022\\\/01\\\/Hurghada-International-Airport-e1643102585820.jpg?fit=1200%2C675&ssl=1\",\"contentUrl\":\"https:\\\/\\\/i0.wp.com\\\/landioustravel.com\\\/wp-content\\\/uploads\\\/2022\\\/01\\\/Hurghada-International-Airport-e1643102585820.jpg?fit=1200%2C675&ssl=1\",\"width\":1200,\"height\":675,\"caption\":\"Hurghada International Airport\"},{\"@type\":\"BreadcrumbList\",\"@id\":\"https:\\\/\\\/landioustravel.com\\\/es\\\/shop\\\/traslado-aeropuerto-hoteles-hurghada\\\/#breadcrumb\",\"itemListElement\":[{\"@type\":\"ListItem\",\"position\":1,\"name\":\"Home\",\"item\":\"https:\\\/\\\/landioustravel.com\\\/es\\\/\"},{\"@type\":\"ListItem\",\"position\":2,\"name\":\"Servicios y Tours\",\"item\":\"https:\\\/\\\/landioustravel.com\\\/es\\\/\"},{\"@type\":\"ListItem\",\"position\":3,\"name\":\"Traslado del aeropuerto a los hoteles de Hurghada\"}]},{\"@type\":\"WebSite\",\"@id\":\"https:\\\/\\\/landioustravel.com\\\/es\\\/#website\",\"url\":\"https:\\\/\\\/landioustravel.com\\\/es\\\/\",\"name\":\"Landious Travel\",\"description\":\"Tours and Excursions in Egypt\",\"publisher\":{\"@id\":\"https:\\\/\\\/landioustravel.com\\\/es\\\/#organization\"},\"potentialAction\":[{\"@type\":\"SearchAction\",\"target\":{\"@type\":\"EntryPoint\",\"urlTemplate\":\"https:\\\/\\\/landioustravel.com\\\/es\\\/?s={search_term_string}\"},\"query-input\":{\"@type\":\"PropertyValueSpecification\",\"valueRequired\":true,\"valueName\":\"search_term_string\"}}],\"inLanguage\":\"es\"},{\"@type\":[\"Organization\",\"Place\"],\"@id\":\"https:\\\/\\\/landioustravel.com\\\/es\\\/#organization\",\"name\":\"Landious Travel\",\"alternateName\":\"Landious Travel\",\"url\":\"https:\\\/\\\/landioustravel.com\\\/es\\\/\",\"logo\":{\"@id\":\"https:\\\/\\\/landioustravel.com\\\/es\\\/shop\\\/traslado-aeropuerto-hoteles-hurghada\\\/#local-main-organization-logo\"},\"image\":{\"@id\":\"https:\\\/\\\/landioustravel.com\\\/es\\\/shop\\\/traslado-aeropuerto-hoteles-hurghada\\\/#local-main-organization-logo\"},\"sameAs\":[\"https:\\\/\\\/web.facebook.com\\\/landiousEgypt\",\"https:\\\/\\\/x.com\\\/LandiousTours\",\"https:\\\/\\\/mastodon.social\\\/@landious\"],\"legalName\":\"Landious Travel\",\"telephone\":[],\"openingHoursSpecification\":[{\"@type\":\"OpeningHoursSpecification\",\"dayOfWeek\":[\"Monday\",\"Tuesday\",\"Wednesday\",\"Thursday\",\"Friday\",\"Saturday\",\"Sunday\"],\"opens\":\"09:00\",\"closes\":\"17:00\"}]},{\"@type\":\"ImageObject\",\"inLanguage\":\"es\",\"@id\":\"https:\\\/\\\/landioustravel.com\\\/es\\\/shop\\\/traslado-aeropuerto-hoteles-hurghada\\\/#local-main-organization-logo\",\"url\":\"https:\\\/\\\/i0.wp.com\\\/landioustravel.com\\\/wp-content\\\/uploads\\\/2021\\\/06\\\/Landious-T.png?fit=500%2C500&ssl=1\",\"contentUrl\":\"https:\\\/\\\/i0.wp.com\\\/landioustravel.com\\\/wp-content\\\/uploads\\\/2021\\\/06\\\/Landious-T.png?fit=500%2C500&ssl=1\",\"width\":500,\"height\":500,\"caption\":\"Landious Travel\"}]}<\/script>\n<!-- \/ Yoast SEO Premium plugin. -->","yoast_head_json":{"title":"Traslado del aeropuerto a los hoteles de Hurghada","description":"Traslado del aeropuerto a los hoteles de Hurghada Sabemos lo importante que es para ti organizar los traslados de forma profesional.\u00a0Es una primera","robots":{"index":"index","follow":"follow","max-snippet":"max-snippet:-1","max-image-preview":"max-image-preview:large","max-video-preview":"max-video-preview:-1"},"canonical":"https:\/\/landioustravel.com\/es\/shop\/traslado-aeropuerto-hoteles-hurghada\/","og_locale":"es_ES","og_type":"article","og_title":"Traslado del aeropuerto a los hoteles de Hurghada","og_description":"Landious Travel","og_url":"https:\/\/landioustravel.com\/es\/shop\/traslado-aeropuerto-hoteles-hurghada\/","og_site_name":"Landious Travel","article_publisher":"https:\/\/web.facebook.com\/landiousEgypt","article_modified_time":"2023-10-17T21:25:55+00:00","og_image":[{"width":1200,"height":675,"url":"https:\/\/i0.wp.com\/landioustravel.com\/wp-content\/uploads\/2022\/01\/Hurghada-International-Airport-e1643102585820.jpg?fit=1200%2C675&ssl=1","type":"image\/jpeg"}],"twitter_card":"summary_large_image","twitter_site":"@LandiousTours","twitter_misc":{"Tiempo de lectura":"2 minutos"},"schema":{"@context":"https:\/\/schema.org","@graph":[{"@type":"WebPage","@id":"https:\/\/landioustravel.com\/es\/shop\/traslado-aeropuerto-hoteles-hurghada\/","url":"https:\/\/landioustravel.com\/es\/shop\/traslado-aeropuerto-hoteles-hurghada\/","name":"Traslado del aeropuerto a los hoteles de Hurghada","isPartOf":{"@id":"https:\/\/landioustravel.com\/es\/#website"},"primaryImageOfPage":{"@id":"https:\/\/landioustravel.com\/es\/shop\/traslado-aeropuerto-hoteles-hurghada\/#primaryimage"},"image":{"@id":"https:\/\/landioustravel.com\/es\/shop\/traslado-aeropuerto-hoteles-hurghada\/#primaryimage"},"thumbnailUrl":"https:\/\/i0.wp.com\/landioustravel.com\/wp-content\/uploads\/2022\/01\/Hurghada-International-Airport-e1643102585820.jpg?fit=1200%2C675&ssl=1","datePublished":"2023-05-04T19:05:17+00:00","dateModified":"2023-10-17T21:25:55+00:00","description":"Traslado del aeropuerto a los hoteles de Hurghada Sabemos lo importante que es para ti organizar los traslados de forma profesional.\u00a0Es una primera","breadcrumb":{"@id":"https:\/\/landioustravel.com\/es\/shop\/traslado-aeropuerto-hoteles-hurghada\/#breadcrumb"},"inLanguage":"es","potentialAction":[{"@type":"ReadAction","target":["https:\/\/landioustravel.com\/es\/shop\/traslado-aeropuerto-hoteles-hurghada\/"]}]},{"@type":"ImageObject","inLanguage":"es","@id":"https:\/\/landioustravel.com\/es\/shop\/traslado-aeropuerto-hoteles-hurghada\/#primaryimage","url":"https:\/\/i0.wp.com\/landioustravel.com\/wp-content\/uploads\/2022\/01\/Hurghada-International-Airport-e1643102585820.jpg?fit=1200%2C675&ssl=1","contentUrl":"https:\/\/i0.wp.com\/landioustravel.com\/wp-content\/uploads\/2022\/01\/Hurghada-International-Airport-e1643102585820.jpg?fit=1200%2C675&ssl=1","width":1200,"height":675,"caption":"Hurghada International Airport"},{"@type":"BreadcrumbList","@id":"https:\/\/landioustravel.com\/es\/shop\/traslado-aeropuerto-hoteles-hurghada\/#breadcrumb","itemListElement":[{"@type":"ListItem","position":1,"name":"Home","item":"https:\/\/landioustravel.com\/es\/"},{"@type":"ListItem","position":2,"name":"Servicios y Tours","item":"https:\/\/landioustravel.com\/es\/"},{"@type":"ListItem","position":3,"name":"Traslado del aeropuerto a los hoteles de Hurghada"}]},{"@type":"WebSite","@id":"https:\/\/landioustravel.com\/es\/#website","url":"https:\/\/landioustravel.com\/es\/","name":"Landious Travel","description":"Tours and Excursions in Egypt","publisher":{"@id":"https:\/\/landioustravel.com\/es\/#organization"},"potentialAction":[{"@type":"SearchAction","target":{"@type":"EntryPoint","urlTemplate":"https:\/\/landioustravel.com\/es\/?s={search_term_string}"},"query-input":{"@type":"PropertyValueSpecification","valueRequired":true,"valueName":"search_term_string"}}],"inLanguage":"es"},{"@type":["Organization","Place"],"@id":"https:\/\/landioustravel.com\/es\/#organization","name":"Landious Travel","alternateName":"Landious Travel","url":"https:\/\/landioustravel.com\/es\/","logo":{"@id":"https:\/\/landioustravel.com\/es\/shop\/traslado-aeropuerto-hoteles-hurghada\/#local-main-organization-logo"},"image":{"@id":"https:\/\/landioustravel.com\/es\/shop\/traslado-aeropuerto-hoteles-hurghada\/#local-main-organization-logo"},"sameAs":["https:\/\/web.facebook.com\/landiousEgypt","https:\/\/x.com\/LandiousTours","https:\/\/mastodon.social\/@landious"],"legalName":"Landious Travel","telephone":[],"openingHoursSpecification":[{"@type":"OpeningHoursSpecification","dayOfWeek":["Monday","Tuesday","Wednesday","Thursday","Friday","Saturday","Sunday"],"opens":"09:00","closes":"17:00"}]},{"@type":"ImageObject","inLanguage":"es","@id":"https:\/\/landioustravel.com\/es\/shop\/traslado-aeropuerto-hoteles-hurghada\/#local-main-organization-logo","url":"https:\/\/i0.wp.com\/landioustravel.com\/wp-content\/uploads\/2021\/06\/Landious-T.png?fit=500%2C500&ssl=1","contentUrl":"https:\/\/i0.wp.com\/landioustravel.com\/wp-content\/uploads\/2021\/06\/Landious-T.png?fit=500%2C500&ssl=1","width":500,"height":500,"caption":"Landious Travel"}]}},"jetpack_publicize_connections":[],"uagb_featured_image_src":{"full":["https:\/\/i0.wp.com\/landioustravel.com\/wp-content\/uploads\/2022\/01\/Hurghada-International-Airport-e1643102585820.jpg?fit=1200%2C675&ssl=1",1200,675,false],"thumbnail":["https:\/\/i0.wp.com\/landioustravel.com\/wp-content\/uploads\/2022\/01\/Hurghada-International-Airport-e1643102585820.jpg?resize=150%2C150&ssl=1",150,150,true],"medium":["https:\/\/i0.wp.com\/landioustravel.com\/wp-content\/uploads\/2022\/01\/Hurghada-International-Airport-e1643102585820.jpg?fit=300%2C169&ssl=1",300,169,true],"medium_large":["https:\/\/i0.wp.com\/landioustravel.com\/wp-content\/uploads\/2022\/01\/Hurghada-International-Airport-e1643102585820.jpg?fit=768%2C432&ssl=1",768,432,true],"large":["https:\/\/i0.wp.com\/landioustravel.com\/wp-content\/uploads\/2022\/01\/Hurghada-International-Airport-e1643102585820.jpg?fit=980%2C551&ssl=1",980,551,true],"1536x1536":["https:\/\/i0.wp.com\/landioustravel.com\/wp-content\/uploads\/2022\/01\/Hurghada-International-Airport-e1643102585820.jpg?fit=1200%2C675&ssl=1",1200,675,true],"2048x2048":["https:\/\/i0.wp.com\/landioustravel.com\/wp-content\/uploads\/2022\/01\/Hurghada-International-Airport-e1643102585820.jpg?fit=1200%2C675&ssl=1",1200,675,true],"newspack-article-block-landscape-large":["https:\/\/i0.wp.com\/landioustravel.com\/wp-content\/uploads\/2022\/01\/Hurghada-International-Airport-e1643102585820.jpg?resize=1200%2C675&ssl=1",1200,675,true],"newspack-article-block-portrait-large":["https:\/\/i0.wp.com\/landioustravel.com\/wp-content\/uploads\/2022\/01\/Hurghada-International-Airport-e1643102585820.jpg?resize=900%2C675&ssl=1",900,675,true],"newspack-article-block-square-large":["https:\/\/i0.wp.com\/landioustravel.com\/wp-content\/uploads\/2022\/01\/Hurghada-International-Airport-e1643102585820.jpg?resize=1200%2C675&ssl=1",1200,675,true],"newspack-article-block-landscape-medium":["https:\/\/i0.wp.com\/landioustravel.com\/wp-content\/uploads\/2022\/01\/Hurghada-International-Airport-e1643102585820.jpg?resize=800%2C600&ssl=1",800,600,true],"newspack-article-block-portrait-medium":["https:\/\/i0.wp.com\/landioustravel.com\/wp-content\/uploads\/2022\/01\/Hurghada-International-Airport-e1643102585820.jpg?resize=600%2C675&ssl=1",600,675,true],"newspack-article-block-square-medium":["https:\/\/i0.wp.com\/landioustravel.com\/wp-content\/uploads\/2022\/01\/Hurghada-International-Airport-e1643102585820.jpg?resize=800%2C675&ssl=1",800,675,true],"newspack-article-block-landscape-intermediate":["https:\/\/i0.wp.com\/landioustravel.com\/wp-content\/uploads\/2022\/01\/Hurghada-International-Airport-e1643102585820.jpg?resize=600%2C450&ssl=1",600,450,true],"newspack-article-block-portrait-intermediate":["https:\/\/i0.wp.com\/landioustravel.com\/wp-content\/uploads\/2022\/01\/Hurghada-International-Airport-e1643102585820.jpg?resize=450%2C600&ssl=1",450,600,true],"newspack-article-block-square-intermediate":["https:\/\/i0.wp.com\/landioustravel.com\/wp-content\/uploads\/2022\/01\/Hurghada-International-Airport-e1643102585820.jpg?resize=600%2C600&ssl=1",600,600,true],"newspack-article-block-landscape-small":["https:\/\/i0.wp.com\/landioustravel.com\/wp-content\/uploads\/2022\/01\/Hurghada-International-Airport-e1643102585820.jpg?resize=400%2C300&ssl=1",400,300,true],"newspack-article-block-portrait-small":["https:\/\/i0.wp.com\/landioustravel.com\/wp-content\/uploads\/2022\/01\/Hurghada-International-Airport-e1643102585820.jpg?resize=300%2C400&ssl=1",300,400,true],"newspack-article-block-square-small":["https:\/\/i0.wp.com\/landioustravel.com\/wp-content\/uploads\/2022\/01\/Hurghada-International-Airport-e1643102585820.jpg?resize=400%2C400&ssl=1",400,400,true],"newspack-article-block-landscape-tiny":["https:\/\/i0.wp.com\/landioustravel.com\/wp-content\/uploads\/2022\/01\/Hurghada-International-Airport-e1643102585820.jpg?resize=200%2C150&ssl=1",200,150,true],"newspack-article-block-portrait-tiny":["https:\/\/i0.wp.com\/landioustravel.com\/wp-content\/uploads\/2022\/01\/Hurghada-International-Airport-e1643102585820.jpg?resize=150%2C200&ssl=1",150,200,true],"newspack-article-block-square-tiny":["https:\/\/i0.wp.com\/landioustravel.com\/wp-content\/uploads\/2022\/01\/Hurghada-International-Airport-e1643102585820.jpg?resize=200%2C200&ssl=1",200,200,true],"newspack-article-block-uncropped":["https:\/\/i0.wp.com\/landioustravel.com\/wp-content\/uploads\/2022\/01\/Hurghada-International-Airport-e1643102585820.jpg?fit=1200%2C675&ssl=1",1200,675,true],"woocommerce_thumbnail":["https:\/\/i0.wp.com\/landioustravel.com\/wp-content\/uploads\/2022\/01\/Hurghada-International-Airport-e1643102585820.jpg?resize=324%2C324&ssl=1",324,324,true],"woocommerce_single":["https:\/\/i0.wp.com\/landioustravel.com\/wp-content\/uploads\/2022\/01\/Hurghada-International-Airport-e1643102585820.jpg?fit=416%2C234&ssl=1",416,234,true],"woocommerce_gallery_thumbnail":["https:\/\/i0.wp.com\/landioustravel.com\/wp-content\/uploads\/2022\/01\/Hurghada-International-Airport-e1643102585820.jpg?resize=100%2C100&ssl=1",100,100,true]},"uagb_author_info":{"display_name":"Mofreh Landious","author_link":"https:\/\/landioustravel.com\/es\/author\/"},"uagb_comment_info":0,"uagb_excerpt":"Sabemos lo importante que es para ti organizar los traslados de forma profesional.\u00a0Es una primera impresi\u00f3n.\u00a0Trabajamos en ello para que su viaje a la ciudad de Hurghada sea f\u00e1cil y sin problemas.\u00a0Ofrecemos servicios de transporte privado desde los hoteles de Hurghada a precios competitivos y asequibles.\u00a0Reserve en l\u00ednea en minutos y ahorre hasta un 40%&hellip;","jetpack_sharing_enabled":true,"jetpack_likes_enabled":true,"amp_enabled":true,"_links":{"self":[{"href":"https:\/\/landioustravel.com\/es\/wp-json\/wp\/v2\/product\/142291","targetHints":{"allow":["GET"]}}],"collection":[{"href":"https:\/\/landioustravel.com\/es\/wp-json\/wp\/v2\/product"}],"about":[{"href":"https:\/\/landioustravel.com\/es\/wp-json\/wp\/v2\/types\/product"}],"replies":[{"embeddable":true,"href":"https:\/\/landioustravel.com\/es\/wp-json\/wp\/v2\/comments?post=142291"}],"wp:featuredmedia":[{"embeddable":true,"href":"https:\/\/landioustravel.com\/es\/wp-json\/wp\/v2\/media\/61291"}],"wp:attachment":[{"href":"https:\/\/landioustravel.com\/es\/wp-json\/wp\/v2\/media?parent=142291"}],"wp:term":[{"taxonomy":"product_brand","embeddable":true,"href":"https:\/\/landioustravel.com\/es\/wp-json\/wp\/v2\/product_brand?post=142291"},{"taxonomy":"product_cat","embeddable":true,"href":"https:\/\/landioustravel.com\/es\/wp-json\/wp\/v2\/product_cat?post=142291"},{"taxonomy":"product_tag","embeddable":true,"href":"https:\/\/landioustravel.com\/es\/wp-json\/wp\/v2\/product_tag?post=142291"}],"curies":[{"name":"wp","href":"https:\/\/api.w.org\/{rel}","templated":true}]}}