{"id":142293,"date":"2023-03-28T23:34:14","date_gmt":"2023-05-04T19:13:46","guid":{"rendered":"https:\/\/landioustravel.com\/?post_type=product&#038;p=142293"},"modified":"2024-03-01T04:28:31","modified_gmt":"2024-03-01T02:28:31","slug":"excursion-dos-dias-minya-hurghada","status":"publish","type":"product","link":"https:\/\/landioustravel.com\/es\/shop\/excursion-dos-dias-minya-hurghada\/","title":{"rendered":"Excursi\u00f3n de dos d\u00edas a El Minya Hurghada"},"content":{"rendered":"<p>Excursi\u00f3n de dos d\u00edas a El Minya Hurghada es un recorrido tur\u00edstico individual de dos d\u00edas a El Minya desde Hurghada. Recomendamos el viaje porque permite a los turistas ver muchas atracciones del antiguo Egipto. Adem\u00e1s, \u00a1te permite saber mucho sobre la historia del antiguo Egipto!<\/p>\n<h2>Aspectos destacados del viaje individual de dos d\u00edas a El Minya desde Hurghada<\/h2>\n<ul>\n<li>At\u00fan El-Gebel.<\/li>\n<li>Dile a Al Amarna.<\/li>\n<li>Almuerzo en un restaurante.<\/li>\n<li>y las tumbas de Beni Hassan.<\/li>\n<\/ul>\n<h2>Programa de viaje en El-Minya desde Hurghada<\/h2>\n<ul>\n<li>El representante de Landious Travel lo recoger\u00e1 del hotel en Hurghada alrededor de las 02:00 am.<\/li>\n<li>Despu\u00e9s de recogerte, el autob\u00fas (limusina o minib\u00fas) sale hacia El-Minya. Desde el centro de Hurghada hasta El-Minya, el camino dura unas 4 horas.<\/li>\n<li>Despu\u00e9s de eso, conduces a Tell El Amarna. En este lugar, el rey Ikhnaton y su esposa, la reina Nefertiti, fundaron esta ciudad para dar culto al nuevo dios Aton.<\/li>\n<li>Despu\u00e9s de eso, viene la siguiente parada de este recorrido. La pr\u00f3xima visita ser\u00e1 al restaurante. All\u00ed podr\u00e1 disfrutar de un delicioso almuerzo.<\/li>\n<li>Luego se contin\u00faa el viaje individual en la zona de Tuna El Gabel. Puedes ver la tumba de Petosiris, las catacumbas de Ibis y el entierro de Isadora; esta tumba data del siglo II dC y pertenece a Isadora, famosa por su belleza en la ciudad de Herm\u00f3polis. Era el centro cultural donde los peregrinos rend\u00edan homenaje al dios Thoth.<\/li>\n<\/ul>\n<h3>Noche en El Minya<\/h3>\n<ul>\n<li>Mostraremos las tumbas de Beni Hassan al d\u00eda siguiente. Es el sitio de casi 40 entierros de las dinast\u00edas 11 y 12. Estas tumbas son la Tumba de Baqet III, gobernador y soldado del Oryx Nome; el segundo para su hijo \u2013 Khety; el tercero de Amenemhat; y el cuarto para Khunumhotep, el sucesor del rey Amenemhat.<\/li>\n<li>Almorzar en un restaurante local.<\/li>\n<li>Luego se procede a Tel El Amarna, donde se pueden ver las tumbas del norte, entre las que se encuentran las tumbas de Ahmose y Huya.<\/li>\n<li>Finalmente, nuestro autob\u00fas parte de regreso a El Cairo despu\u00e9s de tal programa en la hermosa ciudad de El Minya.<\/li>\n<li>Este viaje privado a El Minya desde Hurghada finaliza aproximadamente a las 20:00.<\/li>\n<\/ul>\n<h2>\u00bfQu\u00e9 incluye el precio de un viaje individual de El Minya a Hurghada?<\/h2>\n<ol>\n<li>Alojamiento<\/li>\n<li>El precio incluye entradas para visitar los templos de El-Minya.<\/li>\n<li>Almuerzo.<\/li>\n<li>Bebidas.<\/li>\n<li>Gu\u00eda privado.<\/li>\n<li>Adem\u00e1s, el precio incluye un veh\u00edculo privado a El-Minya y de regreso al hotel en Hurghada.<\/li>\n<\/ol>\n<h2>\u00bfQu\u00e9 no incluye el Programa de El Minya Individual Hurghada?<\/h2>\n<ul>\n<li>Los programas de excursiones adicionales si no est\u00e1n incluidos en el programa mencionado anteriormente.<\/li>\n<\/ul>\n<h2>\u00bfQu\u00e9 llevar contigo para el tour?<\/h2>\n<ol>\n<li>Caja de desayuno.<\/li>\n<li>Adem\u00e1s, traiga ropa adecuada para la temporada.<\/li>\n<\/ol>\n<h2>D\u00edas de reserva de viaje privado de dos d\u00edas a El Minya Hurghada<\/h2>\n<ul>\n<li>Todos los d\u00edas de 04:00 a 20:00 del d\u00eda siguiente.<\/li>\n<\/ul>\n","protected":false},"excerpt":{"rendered":"<p>\u00bfEst\u00e1s listo para embarcarte en un emocionante viaje para descubrir los secretos de un reino perdido en el tiempo? \u00a1No busques m\u00e1s all\u00e1 de Al Minya! Esta antigua ciudad, ubicada en el coraz\u00f3n de Egipto y a orillas del Nilo, fue una vez la capital de esta gran tierra hasta alrededor de 1470 a.C. Fue aqu\u00ed donde Akhenaton y su deslumbrante reina, Nefertiti, construyeron su nueva capital en Tel Amarna, completa con un gran templo dedicado a Atun. \u00bfY la mejor parte? Las ruinas de su reino a\u00fan se mantienen en pie hoy, esperando que las descubras.<\/p>\n<p>En un viaje guiado de dos d\u00edas a El-Minya desde Hurghada, tendr\u00e1 la oportunidad de explorar no uno, ni dos, \u00a1sino tres grandes lugares de inter\u00e9s hist\u00f3rico! Tuna El-Gabel, Tell Al Amarna y Beni Hassan Tombs esperan tu llegada. Y no se preocupe por nada: el precio del viaje incluye un alojamiento confortable, un delicioso almuerzo, traslados y un gu\u00eda experto que le mostrar\u00e1 el camino.<\/p>\n<p>Pero eso no es todo. El Minya es el hogar de casi seis millones de egipcios y cuenta con un significado tanto religioso como hist\u00f3rico. Adem\u00e1s de las ruinas del reino de Akhenaton y Nefertiti, tambi\u00e9n puedes visitar las tumbas de los nobles en Tuna El Gebal y Beni Hassan. \u00bfY lo sab\u00edas? La sagrada familia incluso se detuvo en El Minya durante su viaje a Egipto.<\/p>\n<p>\u00bfEntonces, Qu\u00e9 esperas? Reserve su viaje hoy y experimente todas las maravillas y emociones que El Minya tiene para ofrecer. Su paquete incluye transporte en un autom\u00f3vil privado con aire acondicionado, un gu\u00eda tur\u00edstico con licencia de habla inglesa, admisi\u00f3n a todos los lugares mencionados, dos deliciosos almuerzos en restaurantes locales e incluso agua embotellada para su viaje. Y con alojamiento en un hotel con vistas al Nilo, que incluye alojamiento y desayuno, tendr\u00e1 todo lo que necesita para una aventura inolvidable. \u00a1No te pierdas esta incre\u00edble oportunidad!<\/p>\n","protected":false},"featured_media":8875,"comment_status":"open","ping_status":"closed","template":"","meta":{"_coblocks_attr":"","_coblocks_dimensions":"","_coblocks_responsive_height":"","_coblocks_accordion_ie_support":"","_uag_custom_page_level_css":"","jetpack_post_was_ever_published":false,"jetpack_publicize_message":"","jetpack_publicize_feature_enabled":true,"jetpack_social_post_already_shared":true,"jetpack_social_options":{"image_generator_settings":{"template":"highway","default_image_id":0,"font":"","enabled":false},"version":2},"_wpas_customize_per_network":false},"product_brand":[],"product_cat":[1789,8568],"product_tag":[1797,2147,1808,9907],"class_list":{"0":"post-142293","1":"product","2":"type-product","3":"status-publish","4":"has-post-thumbnail","6":"product_cat-excursiones-historicas-hurghada","7":"product_cat-excursiones-individuales-hurghada","8":"product_tag-excursion-es","9":"product_tag-excursiones-desde-hurghada","10":"product_tag-hurghada-es","11":"product_tag-turismo","13":"first","14":"instock","15":"sale","16":"virtual","17":"taxable","18":"purchasable","19":"product-type-simple"},"yoast_head":"<!-- This site is optimized with the Yoast SEO Premium plugin v26.9 (Yoast SEO v27.3) - https:\/\/yoast.com\/product\/yoast-seo-premium-wordpress\/ -->\n<title>Excursi\u00f3n de dos d\u00edas a El Minya Hurghada<\/title>\n<meta name=\"description\" content=\"Excursi\u00f3n de dos d\u00edas a El Minya Hurghada los visitantes exploran cuidadosamente tres grandes lugares de inter\u00e9s hist\u00f3rico: Tuna El-Gabel, Tell Al Amarna y\" \/>\n<meta name=\"robots\" content=\"index, follow, max-snippet:-1, max-image-preview:large, max-video-preview:-1\" \/>\n<link rel=\"canonical\" href=\"https:\/\/landioustravel.com\/es\/shop\/excursion-dos-dias-minya-hurghada\/\" \/>\n<meta property=\"og:locale\" content=\"es_ES\" \/>\n<meta property=\"og:type\" content=\"article\" \/>\n<meta property=\"og:title\" content=\"Excursi\u00f3n de dos d\u00edas a El Minya Hurghada\" \/>\n<meta property=\"og:description\" content=\"Landious Travel\" \/>\n<meta property=\"og:url\" content=\"https:\/\/landioustravel.com\/es\/shop\/excursion-dos-dias-minya-hurghada\/\" \/>\n<meta property=\"og:site_name\" content=\"Landious Travel\" \/>\n<meta property=\"article:publisher\" content=\"https:\/\/web.facebook.com\/landiousEgypt\" \/>\n<meta property=\"article:modified_time\" content=\"2024-03-01T02:28:31+00:00\" \/>\n<meta property=\"og:image\" content=\"https:\/\/i0.wp.com\/landioustravel.com\/wp-content\/uploads\/2019\/06\/trip_el_minya_from_hurghada.jpg?fit=1155%2C650&ssl=1\" \/>\n\t<meta property=\"og:image:width\" content=\"1155\" \/>\n\t<meta property=\"og:image:height\" content=\"650\" \/>\n\t<meta property=\"og:image:type\" content=\"image\/jpeg\" \/>\n<meta name=\"twitter:card\" content=\"summary_large_image\" \/>\n<meta name=\"twitter:site\" content=\"@LandiousTours\" \/>\n<meta name=\"twitter:label1\" content=\"Tiempo de lectura\" \/>\n\t<meta name=\"twitter:data1\" content=\"3 minutos\" \/>\n<script type=\"application\/ld+json\" class=\"yoast-schema-graph\">{\"@context\":\"https:\\\/\\\/schema.org\",\"@graph\":[{\"@type\":\"WebPage\",\"@id\":\"https:\\\/\\\/landioustravel.com\\\/es\\\/shop\\\/excursion-dos-dias-minya-hurghada\\\/\",\"url\":\"https:\\\/\\\/landioustravel.com\\\/es\\\/shop\\\/excursion-dos-dias-minya-hurghada\\\/\",\"name\":\"Excursi\u00f3n de dos d\u00edas a El Minya Hurghada\",\"isPartOf\":{\"@id\":\"https:\\\/\\\/landioustravel.com\\\/es\\\/#website\"},\"primaryImageOfPage\":{\"@id\":\"https:\\\/\\\/landioustravel.com\\\/es\\\/shop\\\/excursion-dos-dias-minya-hurghada\\\/#primaryimage\"},\"image\":{\"@id\":\"https:\\\/\\\/landioustravel.com\\\/es\\\/shop\\\/excursion-dos-dias-minya-hurghada\\\/#primaryimage\"},\"thumbnailUrl\":\"https:\\\/\\\/i0.wp.com\\\/landioustravel.com\\\/wp-content\\\/uploads\\\/2019\\\/06\\\/trip_el_minya_from_hurghada.jpg?fit=1155%2C650&ssl=1\",\"datePublished\":\"2023-05-04T19:13:46+00:00\",\"dateModified\":\"2024-03-01T02:28:31+00:00\",\"description\":\"Excursi\u00f3n de dos d\u00edas a El Minya Hurghada los visitantes exploran cuidadosamente tres grandes lugares de inter\u00e9s hist\u00f3rico: Tuna El-Gabel, Tell Al Amarna y\",\"breadcrumb\":{\"@id\":\"https:\\\/\\\/landioustravel.com\\\/es\\\/shop\\\/excursion-dos-dias-minya-hurghada\\\/#breadcrumb\"},\"inLanguage\":\"es\",\"potentialAction\":[{\"@type\":\"ReadAction\",\"target\":[\"https:\\\/\\\/landioustravel.com\\\/es\\\/shop\\\/excursion-dos-dias-minya-hurghada\\\/\"]}]},{\"@type\":\"ImageObject\",\"inLanguage\":\"es\",\"@id\":\"https:\\\/\\\/landioustravel.com\\\/es\\\/shop\\\/excursion-dos-dias-minya-hurghada\\\/#primaryimage\",\"url\":\"https:\\\/\\\/i0.wp.com\\\/landioustravel.com\\\/wp-content\\\/uploads\\\/2019\\\/06\\\/trip_el_minya_from_hurghada.jpg?fit=1155%2C650&ssl=1\",\"contentUrl\":\"https:\\\/\\\/i0.wp.com\\\/landioustravel.com\\\/wp-content\\\/uploads\\\/2019\\\/06\\\/trip_el_minya_from_hurghada.jpg?fit=1155%2C650&ssl=1\",\"width\":1155,\"height\":650,\"caption\":\"Individual Trip to El Minya from Hurghada\"},{\"@type\":\"BreadcrumbList\",\"@id\":\"https:\\\/\\\/landioustravel.com\\\/es\\\/shop\\\/excursion-dos-dias-minya-hurghada\\\/#breadcrumb\",\"itemListElement\":[{\"@type\":\"ListItem\",\"position\":1,\"name\":\"Home\",\"item\":\"https:\\\/\\\/landioustravel.com\\\/es\\\/\"},{\"@type\":\"ListItem\",\"position\":2,\"name\":\"Servicios y Tours\",\"item\":\"https:\\\/\\\/landioustravel.com\\\/es\\\/\"},{\"@type\":\"ListItem\",\"position\":3,\"name\":\"Excursi\u00f3n de dos d\u00edas a El Minya Hurghada\"}]},{\"@type\":\"WebSite\",\"@id\":\"https:\\\/\\\/landioustravel.com\\\/es\\\/#website\",\"url\":\"https:\\\/\\\/landioustravel.com\\\/es\\\/\",\"name\":\"Landious Travel\",\"description\":\"Tours and Excursions in Egypt\",\"publisher\":{\"@id\":\"https:\\\/\\\/landioustravel.com\\\/es\\\/#organization\"},\"potentialAction\":[{\"@type\":\"SearchAction\",\"target\":{\"@type\":\"EntryPoint\",\"urlTemplate\":\"https:\\\/\\\/landioustravel.com\\\/es\\\/?s={search_term_string}\"},\"query-input\":{\"@type\":\"PropertyValueSpecification\",\"valueRequired\":true,\"valueName\":\"search_term_string\"}}],\"inLanguage\":\"es\"},{\"@type\":[\"Organization\",\"Place\"],\"@id\":\"https:\\\/\\\/landioustravel.com\\\/es\\\/#organization\",\"name\":\"Landious Travel\",\"alternateName\":\"Landious Travel\",\"url\":\"https:\\\/\\\/landioustravel.com\\\/es\\\/\",\"logo\":{\"@id\":\"https:\\\/\\\/landioustravel.com\\\/es\\\/shop\\\/excursion-dos-dias-minya-hurghada\\\/#local-main-organization-logo\"},\"image\":{\"@id\":\"https:\\\/\\\/landioustravel.com\\\/es\\\/shop\\\/excursion-dos-dias-minya-hurghada\\\/#local-main-organization-logo\"},\"sameAs\":[\"https:\\\/\\\/web.facebook.com\\\/landiousEgypt\",\"https:\\\/\\\/x.com\\\/LandiousTours\",\"https:\\\/\\\/mastodon.social\\\/@landious\"],\"legalName\":\"Landious Travel\",\"telephone\":[],\"openingHoursSpecification\":[{\"@type\":\"OpeningHoursSpecification\",\"dayOfWeek\":[\"Monday\",\"Tuesday\",\"Wednesday\",\"Thursday\",\"Friday\",\"Saturday\",\"Sunday\"],\"opens\":\"09:00\",\"closes\":\"17:00\"}]},{\"@type\":\"ImageObject\",\"inLanguage\":\"es\",\"@id\":\"https:\\\/\\\/landioustravel.com\\\/es\\\/shop\\\/excursion-dos-dias-minya-hurghada\\\/#local-main-organization-logo\",\"url\":\"https:\\\/\\\/i0.wp.com\\\/landioustravel.com\\\/wp-content\\\/uploads\\\/2021\\\/06\\\/Landious-T.png?fit=500%2C500&ssl=1\",\"contentUrl\":\"https:\\\/\\\/i0.wp.com\\\/landioustravel.com\\\/wp-content\\\/uploads\\\/2021\\\/06\\\/Landious-T.png?fit=500%2C500&ssl=1\",\"width\":500,\"height\":500,\"caption\":\"Landious Travel\"}]}<\/script>\n<!-- \/ Yoast SEO Premium plugin. -->","yoast_head_json":{"title":"Excursi\u00f3n de dos d\u00edas a El Minya Hurghada","description":"Excursi\u00f3n de dos d\u00edas a El Minya Hurghada los visitantes exploran cuidadosamente tres grandes lugares de inter\u00e9s hist\u00f3rico: Tuna El-Gabel, Tell Al Amarna y","robots":{"index":"index","follow":"follow","max-snippet":"max-snippet:-1","max-image-preview":"max-image-preview:large","max-video-preview":"max-video-preview:-1"},"canonical":"https:\/\/landioustravel.com\/es\/shop\/excursion-dos-dias-minya-hurghada\/","og_locale":"es_ES","og_type":"article","og_title":"Excursi\u00f3n de dos d\u00edas a El Minya Hurghada","og_description":"Landious Travel","og_url":"https:\/\/landioustravel.com\/es\/shop\/excursion-dos-dias-minya-hurghada\/","og_site_name":"Landious Travel","article_publisher":"https:\/\/web.facebook.com\/landiousEgypt","article_modified_time":"2024-03-01T02:28:31+00:00","og_image":[{"width":1155,"height":650,"url":"https:\/\/i0.wp.com\/landioustravel.com\/wp-content\/uploads\/2019\/06\/trip_el_minya_from_hurghada.jpg?fit=1155%2C650&ssl=1","type":"image\/jpeg"}],"twitter_card":"summary_large_image","twitter_site":"@LandiousTours","twitter_misc":{"Tiempo de lectura":"3 minutos"},"schema":{"@context":"https:\/\/schema.org","@graph":[{"@type":"WebPage","@id":"https:\/\/landioustravel.com\/es\/shop\/excursion-dos-dias-minya-hurghada\/","url":"https:\/\/landioustravel.com\/es\/shop\/excursion-dos-dias-minya-hurghada\/","name":"Excursi\u00f3n de dos d\u00edas a El Minya Hurghada","isPartOf":{"@id":"https:\/\/landioustravel.com\/es\/#website"},"primaryImageOfPage":{"@id":"https:\/\/landioustravel.com\/es\/shop\/excursion-dos-dias-minya-hurghada\/#primaryimage"},"image":{"@id":"https:\/\/landioustravel.com\/es\/shop\/excursion-dos-dias-minya-hurghada\/#primaryimage"},"thumbnailUrl":"https:\/\/i0.wp.com\/landioustravel.com\/wp-content\/uploads\/2019\/06\/trip_el_minya_from_hurghada.jpg?fit=1155%2C650&ssl=1","datePublished":"2023-05-04T19:13:46+00:00","dateModified":"2024-03-01T02:28:31+00:00","description":"Excursi\u00f3n de dos d\u00edas a El Minya Hurghada los visitantes exploran cuidadosamente tres grandes lugares de inter\u00e9s hist\u00f3rico: Tuna El-Gabel, Tell Al Amarna y","breadcrumb":{"@id":"https:\/\/landioustravel.com\/es\/shop\/excursion-dos-dias-minya-hurghada\/#breadcrumb"},"inLanguage":"es","potentialAction":[{"@type":"ReadAction","target":["https:\/\/landioustravel.com\/es\/shop\/excursion-dos-dias-minya-hurghada\/"]}]},{"@type":"ImageObject","inLanguage":"es","@id":"https:\/\/landioustravel.com\/es\/shop\/excursion-dos-dias-minya-hurghada\/#primaryimage","url":"https:\/\/i0.wp.com\/landioustravel.com\/wp-content\/uploads\/2019\/06\/trip_el_minya_from_hurghada.jpg?fit=1155%2C650&ssl=1","contentUrl":"https:\/\/i0.wp.com\/landioustravel.com\/wp-content\/uploads\/2019\/06\/trip_el_minya_from_hurghada.jpg?fit=1155%2C650&ssl=1","width":1155,"height":650,"caption":"Individual Trip to El Minya from Hurghada"},{"@type":"BreadcrumbList","@id":"https:\/\/landioustravel.com\/es\/shop\/excursion-dos-dias-minya-hurghada\/#breadcrumb","itemListElement":[{"@type":"ListItem","position":1,"name":"Home","item":"https:\/\/landioustravel.com\/es\/"},{"@type":"ListItem","position":2,"name":"Servicios y Tours","item":"https:\/\/landioustravel.com\/es\/"},{"@type":"ListItem","position":3,"name":"Excursi\u00f3n de dos d\u00edas a El Minya Hurghada"}]},{"@type":"WebSite","@id":"https:\/\/landioustravel.com\/es\/#website","url":"https:\/\/landioustravel.com\/es\/","name":"Landious Travel","description":"Tours and Excursions in Egypt","publisher":{"@id":"https:\/\/landioustravel.com\/es\/#organization"},"potentialAction":[{"@type":"SearchAction","target":{"@type":"EntryPoint","urlTemplate":"https:\/\/landioustravel.com\/es\/?s={search_term_string}"},"query-input":{"@type":"PropertyValueSpecification","valueRequired":true,"valueName":"search_term_string"}}],"inLanguage":"es"},{"@type":["Organization","Place"],"@id":"https:\/\/landioustravel.com\/es\/#organization","name":"Landious Travel","alternateName":"Landious Travel","url":"https:\/\/landioustravel.com\/es\/","logo":{"@id":"https:\/\/landioustravel.com\/es\/shop\/excursion-dos-dias-minya-hurghada\/#local-main-organization-logo"},"image":{"@id":"https:\/\/landioustravel.com\/es\/shop\/excursion-dos-dias-minya-hurghada\/#local-main-organization-logo"},"sameAs":["https:\/\/web.facebook.com\/landiousEgypt","https:\/\/x.com\/LandiousTours","https:\/\/mastodon.social\/@landious"],"legalName":"Landious Travel","telephone":[],"openingHoursSpecification":[{"@type":"OpeningHoursSpecification","dayOfWeek":["Monday","Tuesday","Wednesday","Thursday","Friday","Saturday","Sunday"],"opens":"09:00","closes":"17:00"}]},{"@type":"ImageObject","inLanguage":"es","@id":"https:\/\/landioustravel.com\/es\/shop\/excursion-dos-dias-minya-hurghada\/#local-main-organization-logo","url":"https:\/\/i0.wp.com\/landioustravel.com\/wp-content\/uploads\/2021\/06\/Landious-T.png?fit=500%2C500&ssl=1","contentUrl":"https:\/\/i0.wp.com\/landioustravel.com\/wp-content\/uploads\/2021\/06\/Landious-T.png?fit=500%2C500&ssl=1","width":500,"height":500,"caption":"Landious Travel"}]}},"jetpack_publicize_connections":[],"uagb_featured_image_src":{"full":["https:\/\/i0.wp.com\/landioustravel.com\/wp-content\/uploads\/2019\/06\/trip_el_minya_from_hurghada.jpg?fit=1155%2C650&ssl=1",1155,650,false],"thumbnail":["https:\/\/i0.wp.com\/landioustravel.com\/wp-content\/uploads\/2019\/06\/trip_el_minya_from_hurghada.jpg?resize=150%2C150&ssl=1",150,150,true],"medium":["https:\/\/i0.wp.com\/landioustravel.com\/wp-content\/uploads\/2019\/06\/trip_el_minya_from_hurghada.jpg?fit=300%2C169&ssl=1",300,169,true],"medium_large":["https:\/\/i0.wp.com\/landioustravel.com\/wp-content\/uploads\/2019\/06\/trip_el_minya_from_hurghada.jpg?fit=768%2C432&ssl=1",768,432,true],"large":["https:\/\/i0.wp.com\/landioustravel.com\/wp-content\/uploads\/2019\/06\/trip_el_minya_from_hurghada.jpg?fit=980%2C551&ssl=1",980,551,true],"1536x1536":["https:\/\/i0.wp.com\/landioustravel.com\/wp-content\/uploads\/2019\/06\/trip_el_minya_from_hurghada.jpg?fit=1155%2C650&ssl=1",1155,650,true],"2048x2048":["https:\/\/i0.wp.com\/landioustravel.com\/wp-content\/uploads\/2019\/06\/trip_el_minya_from_hurghada.jpg?fit=1155%2C650&ssl=1",1155,650,true],"newspack-article-block-landscape-large":["https:\/\/i0.wp.com\/landioustravel.com\/wp-content\/uploads\/2019\/06\/trip_el_minya_from_hurghada.jpg?resize=1155%2C650&ssl=1",1155,650,true],"newspack-article-block-portrait-large":["https:\/\/i0.wp.com\/landioustravel.com\/wp-content\/uploads\/2019\/06\/trip_el_minya_from_hurghada.jpg?resize=900%2C650&ssl=1",900,650,true],"newspack-article-block-square-large":["https:\/\/i0.wp.com\/landioustravel.com\/wp-content\/uploads\/2019\/06\/trip_el_minya_from_hurghada.jpg?resize=1155%2C650&ssl=1",1155,650,true],"newspack-article-block-landscape-medium":["https:\/\/i0.wp.com\/landioustravel.com\/wp-content\/uploads\/2019\/06\/trip_el_minya_from_hurghada.jpg?resize=800%2C600&ssl=1",800,600,true],"newspack-article-block-portrait-medium":["https:\/\/i0.wp.com\/landioustravel.com\/wp-content\/uploads\/2019\/06\/trip_el_minya_from_hurghada.jpg?resize=600%2C650&ssl=1",600,650,true],"newspack-article-block-square-medium":["https:\/\/i0.wp.com\/landioustravel.com\/wp-content\/uploads\/2019\/06\/trip_el_minya_from_hurghada.jpg?resize=800%2C650&ssl=1",800,650,true],"newspack-article-block-landscape-intermediate":["https:\/\/i0.wp.com\/landioustravel.com\/wp-content\/uploads\/2019\/06\/trip_el_minya_from_hurghada.jpg?resize=600%2C450&ssl=1",600,450,true],"newspack-article-block-portrait-intermediate":["https:\/\/i0.wp.com\/landioustravel.com\/wp-content\/uploads\/2019\/06\/trip_el_minya_from_hurghada.jpg?resize=450%2C600&ssl=1",450,600,true],"newspack-article-block-square-intermediate":["https:\/\/i0.wp.com\/landioustravel.com\/wp-content\/uploads\/2019\/06\/trip_el_minya_from_hurghada.jpg?resize=600%2C600&ssl=1",600,600,true],"newspack-article-block-landscape-small":["https:\/\/i0.wp.com\/landioustravel.com\/wp-content\/uploads\/2019\/06\/trip_el_minya_from_hurghada.jpg?resize=400%2C300&ssl=1",400,300,true],"newspack-article-block-portrait-small":["https:\/\/i0.wp.com\/landioustravel.com\/wp-content\/uploads\/2019\/06\/trip_el_minya_from_hurghada.jpg?resize=300%2C400&ssl=1",300,400,true],"newspack-article-block-square-small":["https:\/\/i0.wp.com\/landioustravel.com\/wp-content\/uploads\/2019\/06\/trip_el_minya_from_hurghada.jpg?resize=400%2C400&ssl=1",400,400,true],"newspack-article-block-landscape-tiny":["https:\/\/i0.wp.com\/landioustravel.com\/wp-content\/uploads\/2019\/06\/trip_el_minya_from_hurghada.jpg?resize=200%2C150&ssl=1",200,150,true],"newspack-article-block-portrait-tiny":["https:\/\/i0.wp.com\/landioustravel.com\/wp-content\/uploads\/2019\/06\/trip_el_minya_from_hurghada.jpg?resize=150%2C200&ssl=1",150,200,true],"newspack-article-block-square-tiny":["https:\/\/i0.wp.com\/landioustravel.com\/wp-content\/uploads\/2019\/06\/trip_el_minya_from_hurghada.jpg?resize=200%2C200&ssl=1",200,200,true],"newspack-article-block-uncropped":["https:\/\/i0.wp.com\/landioustravel.com\/wp-content\/uploads\/2019\/06\/trip_el_minya_from_hurghada.jpg?fit=1155%2C650&ssl=1",1155,650,true],"woocommerce_thumbnail":["https:\/\/i0.wp.com\/landioustravel.com\/wp-content\/uploads\/2019\/06\/trip_el_minya_from_hurghada.jpg?resize=324%2C324&ssl=1",324,324,true],"woocommerce_single":["https:\/\/i0.wp.com\/landioustravel.com\/wp-content\/uploads\/2019\/06\/trip_el_minya_from_hurghada.jpg?fit=416%2C234&ssl=1",416,234,true],"woocommerce_gallery_thumbnail":["https:\/\/i0.wp.com\/landioustravel.com\/wp-content\/uploads\/2019\/06\/trip_el_minya_from_hurghada.jpg?resize=100%2C100&ssl=1",100,100,true]},"uagb_author_info":{"display_name":"Mofreh Landious","author_link":"https:\/\/landioustravel.com\/es\/author\/"},"uagb_comment_info":0,"uagb_excerpt":"\u00bfEst\u00e1s listo para embarcarte en un emocionante viaje para descubrir los secretos de un reino perdido en el tiempo? \u00a1No busques m\u00e1s all\u00e1 de Al Minya! Esta antigua ciudad, ubicada en el coraz\u00f3n de Egipto y a orillas del Nilo, fue una vez la capital de esta gran tierra hasta alrededor de 1470 a.C. Fue&hellip;","jetpack_sharing_enabled":true,"jetpack_likes_enabled":true,"amp_enabled":true,"_links":{"self":[{"href":"https:\/\/landioustravel.com\/es\/wp-json\/wp\/v2\/product\/142293","targetHints":{"allow":["GET"]}}],"collection":[{"href":"https:\/\/landioustravel.com\/es\/wp-json\/wp\/v2\/product"}],"about":[{"href":"https:\/\/landioustravel.com\/es\/wp-json\/wp\/v2\/types\/product"}],"replies":[{"embeddable":true,"href":"https:\/\/landioustravel.com\/es\/wp-json\/wp\/v2\/comments?post=142293"}],"wp:featuredmedia":[{"embeddable":true,"href":"https:\/\/landioustravel.com\/es\/wp-json\/wp\/v2\/media\/8875"}],"wp:attachment":[{"href":"https:\/\/landioustravel.com\/es\/wp-json\/wp\/v2\/media?parent=142293"}],"wp:term":[{"taxonomy":"product_brand","embeddable":true,"href":"https:\/\/landioustravel.com\/es\/wp-json\/wp\/v2\/product_brand?post=142293"},{"taxonomy":"product_cat","embeddable":true,"href":"https:\/\/landioustravel.com\/es\/wp-json\/wp\/v2\/product_cat?post=142293"},{"taxonomy":"product_tag","embeddable":true,"href":"https:\/\/landioustravel.com\/es\/wp-json\/wp\/v2\/product_tag?post=142293"}],"curies":[{"name":"wp","href":"https:\/\/api.w.org\/{rel}","templated":true}]}}