{"id":142302,"date":"2023-03-15T00:11:57","date_gmt":"2023-05-04T19:35:07","guid":{"rendered":"https:\/\/landioustravel.com\/?post_type=product&#038;p=142302"},"modified":"2023-06-10T15:38:53","modified_gmt":"2023-06-10T13:38:53","slug":"viaje-privado-dolphin-house-hurghada","status":"publish","type":"product","link":"https:\/\/landioustravel.com\/es\/shop\/viaje-privado-dolphin-house-hurghada\/","title":{"rendered":"Viaje privado a Dolphin House Hurghada"},"content":{"rendered":"<p>\u00a1Evite las masas y \u00fanase a nosotros en un viaje a Dolphin Bay, donde obtendr\u00e1 un d\u00eda completo de relajaci\u00f3n y diversi\u00f3n! Viaje privado a Dolphin House Hurghada es un viaje por mar individual a Dolphin House en Hurghada, Egipto.<\/p>\n<p>Recomendamos el viaje porque permite a los turistas pasar un buen rato en el mar nadando con delfines. Adem\u00e1s, permitir\u00e1 ver los hermosos arrecifes de coral y varios peces. Tendr\u00e1 una oportunidad \u00fanica de bucear y nadar con las encantadoras criaturas mam\u00edferas: los delfines durante este viaje en barco. Adem\u00e1s, disfrutar\u00e1 de un picnic en el mar a trav\u00e9s del Mar Rojo.<\/p>\n<h2>Crucero a la casa de los delfines<\/h2>\n<p><strong>El viaje privado con delfines es el mejor en Hurghada:<\/strong><\/p>\n<ul>\n<li>Despu\u00e9s de abordar nuestro barco de lujo, comience su viaje de snorkel con un delicioso desayuno antes de partir para un d\u00eda de relajaci\u00f3n en el famoso lugar Dolphin House del Mar Rojo, donde a menudo se pueden ver muchos m\u00e1s delfines jugando junto a nuestro barco. Nadar, tocar y jugar con estas magn\u00edficas criaturas es una experiencia fant\u00e1stica.<\/li>\n<li>Nuestra primera parada es donde haces esn\u00f3rquel entre la colorida vida marina, disfrutas de la aventura de esn\u00f3rquel en el Mar Rojo, experimentas el agua bajo el agua y te maravillas con las hermosas criaturas acu\u00e1ticas en su entorno natural.<\/li>\n<li>Despu\u00e9s de regresar al barco y tomar una ducha, algo delicioso te est\u00e1 esperando.<\/li>\n<li>Durante la segunda parada, descubrir\u00e1 la belleza y los secretos del Mar Rojo con nuestro instructor de buceo, quien explorar\u00e1 varios arrecifes de coral impresionantes mientras bucea de la mano de usted.<\/li>\n<\/ul>\n<h2>Aspectos destacados de la excursi\u00f3n privada a Dolphin House desde Hurghada<\/h2>\n<ul>\n<li>Nadar con los delfines en mar abierto.<\/li>\n<li>Snorkel en mar abierto.<\/li>\n<li>Almuerzo a bordo del barco.<\/li>\n<\/ul>\n<h2>Programa del Viaje a la Bah\u00eda de los Delfines<\/h2>\n<ul>\n<li>Primero, el representante de Landious Travel lo recoger\u00e1 de su hotel, en Hurghada, aproximadamente a las 08:00 am.<\/li>\n<li>En segundo lugar, el autob\u00fas va directamente al puerto despu\u00e9s de recoger a todos los interesados. El camino a este puerto tomar\u00e1 aproximadamente 10 minutos.<\/li>\n<li>En ese puerto encontrar\u00e1s tu barco. \u00a1Es uno grande y elegante! Este barco tiene dos pisos. Nada m\u00e1s subir al barco, es preferible quitarse el calzado. Luego, puede subir al segundo piso para broncearse en la terraza superior.<\/li>\n<\/ul>\n<h2>Picnic en el mar y tomar el sol<\/h2>\n<p>El barco navegar\u00e1 por el Mar Rojo tan pronto como el grupo se re\u00fana. Se dirigir\u00e1 a la bah\u00eda de los delfines, hacia El Gouna. Disfrutar\u00e1 de un picnic marino \u00fanico observando los paisajes naturales de la regi\u00f3n del Mar Rojo y contemplando las aguas azules y los cielos despejados. Por supuesto, puede disfrutar de un ba\u00f1o de sol bajo los c\u00e1lidos rayos del sol.<\/p>\n<h2>Parada de Snorkel y Nado con Delfines<\/h2>\n<ul>\n<li>\u00a1Este hermoso viaje a Dolphin Bay comienza con una experiencia \u00fanica! Tu primera parada ser\u00e1 en mar abierto. All\u00ed, tambi\u00e9n puedes hacer snorkel y nadar con delfines.<\/li>\n<li>Luego, tendr\u00e1s una parada en otro lugar para hacer snorkel con m\u00e1scaras y aletas.<\/li>\n<li>Despu\u00e9s de esta parada, el grupo se reunir\u00e1 en el primer piso para almorzar. Durante el almuerzo, el buffet estar\u00e1 abierto.<\/li>\n<\/ul>\n<h2>Volver a casa<\/h2>\n<ul>\n<li>Finalmente, despu\u00e9s de un fant\u00e1stico viaje de snorkel y nado con delfines, su bote regresar\u00e1 al puerto. Una vez m\u00e1s, lo acompa\u00f1aremos a su hotel.<\/li>\n<li>Esta excursi\u00f3n privada a Dolphin House en Hurghada finaliza aproximadamente a las 16:30.<\/li>\n<\/ul>\n<h2>\u00bfQu\u00e9 incluye el precio de la excursi\u00f3n privada Dolphin House Hurghada?<\/h2>\n<ul>\n<li>Equipo de snorkel.<\/li>\n<li>Alimentos y bebidas.<\/li>\n<li>Adem\u00e1s, Traslado al puerto y regreso al hotel.<\/li>\n<\/ul>\n<h2>\u00bfQu\u00e9 no incluye el Programa de Dolphin House Excursion Hurghada?<\/h2>\n<ul>\n<li>Tarifa de entrada (5 d\u00f3lares estadounidenses por persona)<\/li>\n<li>DVD de v\u00eddeo.<\/li>\n<li>Adem\u00e1s, el CD de fotos.<\/li>\n<\/ul>\n<h2>\u00bfQu\u00e9 llevar contigo para el viaje?<\/h2>\n<ul>\n<li>Toalla.<\/li>\n<li>Adem\u00e1s, protector solar.<\/li>\n<\/ul>\n<h2>D\u00edas de reserva de la excursi\u00f3n privada Dolphin House Hurghada<\/h2>\n<ul>\n<li>Todos los d\u00edas de 08:00 a 17:00.<\/li>\n<\/ul>\n<h2>Informaci\u00f3n Casa de los Delfines<\/h2>\n<h3>Casa de delfines en Hurghada<\/h3>\n<p>Dolphin House es un \u00e1rea marina ubicada a lo largo de la costa del Mar Rojo entre Hurghada y El Gouna. En esta zona mar\u00edtima vive una gran cantidad de delfines. Es el lugar m\u00e1s hermoso de Hurghada para disfrutar de la vida marina. En particular, los turistas pueden nadar con delfines en su entorno natural: Dolphin Bay. \u00a1Esta experiencia es una de las mejores experiencias marinas que puedes hacer en Hurghada!<\/p>\n<h2>Servicios presentados durante la excursi\u00f3n Dolphin House Hurghada<\/h2>\n<ul>\n<li>Transporte: Landious Travel utiliza una limusina\/minib\u00fas con aire acondicionado para atenderlo. Un conductor profesional lo acompa\u00f1ar\u00e1 al puerto y a su hotel.<\/li>\n<li>Guiado: un l\u00edder tur\u00edstico ingl\u00e9s profesional lo recoger\u00e1 de sus hoteles y lo acompa\u00f1ar\u00e1 al puerto.<\/li>\n<li>Instalaciones de embarcaciones: nuestras embarcaciones son nuevas de tres pisos. Equipamos estos barcos con sal\u00f3n comedor, enfriador de agua, cocina y dos aseos. Adem\u00e1s, proporcionamos chalecos salvavidas, equipo de snorkel y dos carretes de arrastre en el primer piso. Mientras tanto, el piso del sol\u00e1rium cuenta con c\u00f3modas tumbonas y una carpa.<\/li>\n<li>Equipo y personal: tendr\u00e1s una tripulaci\u00f3n amable y profesional en el barco. Nuestros monitores y formadores te guiar\u00e1n durante el viaje.<\/li>\n<li>Comida: servimos un delicioso almuerzo a bordo con diferentes platos.<\/li>\n<\/ul>\n","protected":false},"excerpt":{"rendered":"<p>Vive una aventura impresionante que te dejar\u00e1 recuerdos inolvidables. Este maravilloso viaje en barco en Hurghada es algo que debe probar, con un 90 % de posibilidades de encontrarse con delfines en su h\u00e1bitat natural. Incluso podr\u00edas tener la oportunidad de nadar junto a estas incre\u00edbles criaturas en aguas cristalinas, \u00a1una oportunidad que se presenta una vez en la vida! Mientras exploras la vida marina, quedar\u00e1s hipnotizado por la belleza de los peces tropicales y los vibrantes arrecifes de coral. \u00a1Incluso podr\u00edas ver algunas tortugas y rayas coloridas! Se ofrece un delicioso almuerzo buffet a bordo, con refrescos refrescantes servidos durante todo el d\u00eda. Esta excursi\u00f3n es perfecta para familias de todas las edades y es una experiencia preciada que siempre atesorar\u00e1. Emb\u00e1rquese en un tour privado de snorkel en busca de delfines y tome un paseo en lancha r\u00e1pida por el Mar Rojo. Visite el incre\u00edble arrecife de coral \u00abDolphin House\u00bb y p\u00f3ngase su equipo de snorkel para un safari para encontrar estas majestuosas criaturas. Adem\u00e1s de los delfines, podr\u00e1 ver una variedad de coloridos corales, peces, mantarrayas, morenas y m\u00e1s en los arrecifes Dolphin House y El Fanadir. Su \u00faltima parada es en la isla de Abu Minqar, donde puede hacer snorkel en un naufragio. Con un barco privado y un gu\u00eda, seguramente disfrutar\u00e1 de una experiencia personalizada. Reserve un tour privado en lancha motora desde Hurghada y tenga la oportunidad de nadar y bucear con delfines residentes. Observe la vida marina local, incluidas las mantarrayas y los corales. \u00a1Esta aventura est\u00e1 llena de amor y emoci\u00f3n, y seguramente crear\u00e1s recuerdos que durar\u00e1n toda la vida!<\/p>\n","protected":false},"featured_media":130917,"comment_status":"open","ping_status":"closed","template":"","meta":{"_coblocks_attr":"","_coblocks_dimensions":"","_coblocks_responsive_height":"","_coblocks_accordion_ie_support":"","_uag_custom_page_level_css":"","jetpack_publicize_message":"","jetpack_publicize_feature_enabled":true,"jetpack_social_post_already_shared":true,"jetpack_social_options":{"image_generator_settings":{"template":"highway","default_image_id":0,"font":"","enabled":false},"version":2},"_wpas_customize_per_network":false},"product_brand":[],"product_cat":[8568,1791],"product_tag":[1830,1799,1797,2101,1808,1798,1802],"class_list":{"0":"post-142302","1":"product","2":"type-product","3":"status-publish","4":"has-post-thumbnail","6":"product_cat-excursiones-individuales-hurghada","7":"product_cat-excursiones-marinas-hurghada","8":"product_tag-casa-de-delfines","9":"product_tag-snorkel","10":"product_tag-excursion-es","11":"product_tag-excursiones-marinas-en-hurghada","12":"product_tag-hurghada-es","13":"product_tag-mar","14":"product_tag-paseos-en-barco","16":"first","17":"instock","18":"sale","19":"virtual","20":"taxable","21":"purchasable","22":"product-type-simple"},"yoast_head":"<!-- This site is optimized with the Yoast SEO Premium plugin v26.9 (Yoast SEO v27.5) - https:\/\/yoast.com\/product\/yoast-seo-premium-wordpress\/ -->\n<title>Viaje privado a Dolphin House Hurghada<\/title>\n<meta name=\"description\" content=\"Viaje privado a Dolphin House Hurghada Uno de los viajes en barco m\u00e1s populares de Hurghada con un 90 % de posibilidades de ver delfines en su h\u00e1bitat\" \/>\n<meta name=\"robots\" content=\"index, follow, max-snippet:-1, max-image-preview:large, max-video-preview:-1\" \/>\n<link rel=\"canonical\" href=\"https:\/\/landioustravel.com\/es\/shop\/viaje-privado-dolphin-house-hurghada\/\" \/>\n<meta property=\"og:locale\" content=\"es_ES\" \/>\n<meta property=\"og:type\" content=\"article\" \/>\n<meta property=\"og:title\" content=\"Viaje privado a Dolphin House Hurghada\" \/>\n<meta property=\"og:description\" content=\"Landious Travel\" \/>\n<meta property=\"og:url\" content=\"https:\/\/landioustravel.com\/es\/shop\/viaje-privado-dolphin-house-hurghada\/\" \/>\n<meta property=\"og:site_name\" content=\"Landious Travel\" \/>\n<meta property=\"article:publisher\" content=\"https:\/\/web.facebook.com\/landiousEgypt\" \/>\n<meta property=\"article:modified_time\" content=\"2023-06-10T13:38:53+00:00\" \/>\n<meta property=\"og:image\" content=\"https:\/\/i0.wp.com\/landioustravel.com\/wp-content\/uploads\/2018\/11\/Dolphin-House-Trip-Hurghada.jpg?fit=1200%2C657&ssl=1\" \/>\n\t<meta property=\"og:image:width\" content=\"1200\" \/>\n\t<meta property=\"og:image:height\" content=\"657\" \/>\n\t<meta property=\"og:image:type\" content=\"image\/jpeg\" \/>\n<meta name=\"twitter:card\" content=\"summary_large_image\" \/>\n<meta name=\"twitter:site\" content=\"@LandiousTours\" \/>\n<meta name=\"twitter:label1\" content=\"Tiempo de lectura\" \/>\n\t<meta name=\"twitter:data1\" content=\"4 minutos\" \/>\n<script type=\"application\/ld+json\" class=\"yoast-schema-graph\">{\"@context\":\"https:\\\/\\\/schema.org\",\"@graph\":[{\"@type\":\"WebPage\",\"@id\":\"https:\\\/\\\/landioustravel.com\\\/es\\\/shop\\\/viaje-privado-dolphin-house-hurghada\\\/\",\"url\":\"https:\\\/\\\/landioustravel.com\\\/es\\\/shop\\\/viaje-privado-dolphin-house-hurghada\\\/\",\"name\":\"Viaje privado a Dolphin House Hurghada\",\"isPartOf\":{\"@id\":\"https:\\\/\\\/landioustravel.com\\\/es\\\/#website\"},\"primaryImageOfPage\":{\"@id\":\"https:\\\/\\\/landioustravel.com\\\/es\\\/shop\\\/viaje-privado-dolphin-house-hurghada\\\/#primaryimage\"},\"image\":{\"@id\":\"https:\\\/\\\/landioustravel.com\\\/es\\\/shop\\\/viaje-privado-dolphin-house-hurghada\\\/#primaryimage\"},\"thumbnailUrl\":\"https:\\\/\\\/i0.wp.com\\\/landioustravel.com\\\/wp-content\\\/uploads\\\/2018\\\/11\\\/Dolphin-House-Trip-Hurghada.jpg?fit=1200%2C657&ssl=1\",\"datePublished\":\"2023-05-04T19:35:07+00:00\",\"dateModified\":\"2023-06-10T13:38:53+00:00\",\"description\":\"Viaje privado a Dolphin House Hurghada Uno de los viajes en barco m\u00e1s populares de Hurghada con un 90 % de posibilidades de ver delfines en su h\u00e1bitat\",\"breadcrumb\":{\"@id\":\"https:\\\/\\\/landioustravel.com\\\/es\\\/shop\\\/viaje-privado-dolphin-house-hurghada\\\/#breadcrumb\"},\"inLanguage\":\"es\",\"potentialAction\":[{\"@type\":\"ReadAction\",\"target\":[\"https:\\\/\\\/landioustravel.com\\\/es\\\/shop\\\/viaje-privado-dolphin-house-hurghada\\\/\"]}]},{\"@type\":\"ImageObject\",\"inLanguage\":\"es\",\"@id\":\"https:\\\/\\\/landioustravel.com\\\/es\\\/shop\\\/viaje-privado-dolphin-house-hurghada\\\/#primaryimage\",\"url\":\"https:\\\/\\\/i0.wp.com\\\/landioustravel.com\\\/wp-content\\\/uploads\\\/2018\\\/11\\\/Dolphin-House-Trip-Hurghada.jpg?fit=1200%2C657&ssl=1\",\"contentUrl\":\"https:\\\/\\\/i0.wp.com\\\/landioustravel.com\\\/wp-content\\\/uploads\\\/2018\\\/11\\\/Dolphin-House-Trip-Hurghada.jpg?fit=1200%2C657&ssl=1\",\"width\":1200,\"height\":657,\"caption\":\"Dolphin House Trip Hurghada\"},{\"@type\":\"BreadcrumbList\",\"@id\":\"https:\\\/\\\/landioustravel.com\\\/es\\\/shop\\\/viaje-privado-dolphin-house-hurghada\\\/#breadcrumb\",\"itemListElement\":[{\"@type\":\"ListItem\",\"position\":1,\"name\":\"Home\",\"item\":\"https:\\\/\\\/landioustravel.com\\\/es\\\/\"},{\"@type\":\"ListItem\",\"position\":2,\"name\":\"Servicios y Tours\",\"item\":\"https:\\\/\\\/landioustravel.com\\\/es\\\/\"},{\"@type\":\"ListItem\",\"position\":3,\"name\":\"Viaje privado a Dolphin House Hurghada\"}]},{\"@type\":\"WebSite\",\"@id\":\"https:\\\/\\\/landioustravel.com\\\/es\\\/#website\",\"url\":\"https:\\\/\\\/landioustravel.com\\\/es\\\/\",\"name\":\"Landious Travel\",\"description\":\"Tours and Excursions in Egypt\",\"publisher\":{\"@id\":\"https:\\\/\\\/landioustravel.com\\\/es\\\/#organization\"},\"potentialAction\":[{\"@type\":\"SearchAction\",\"target\":{\"@type\":\"EntryPoint\",\"urlTemplate\":\"https:\\\/\\\/landioustravel.com\\\/es\\\/?s={search_term_string}\"},\"query-input\":{\"@type\":\"PropertyValueSpecification\",\"valueRequired\":true,\"valueName\":\"search_term_string\"}}],\"inLanguage\":\"es\"},{\"@type\":[\"Organization\",\"Place\"],\"@id\":\"https:\\\/\\\/landioustravel.com\\\/es\\\/#organization\",\"name\":\"Landious Travel\",\"alternateName\":\"Landious Travel\",\"url\":\"https:\\\/\\\/landioustravel.com\\\/es\\\/\",\"logo\":{\"@id\":\"https:\\\/\\\/landioustravel.com\\\/es\\\/shop\\\/viaje-privado-dolphin-house-hurghada\\\/#local-main-organization-logo\"},\"image\":{\"@id\":\"https:\\\/\\\/landioustravel.com\\\/es\\\/shop\\\/viaje-privado-dolphin-house-hurghada\\\/#local-main-organization-logo\"},\"sameAs\":[\"https:\\\/\\\/web.facebook.com\\\/landiousEgypt\",\"https:\\\/\\\/x.com\\\/LandiousTours\",\"https:\\\/\\\/mastodon.social\\\/@landious\"],\"legalName\":\"Landious Travel\",\"telephone\":[],\"openingHoursSpecification\":[{\"@type\":\"OpeningHoursSpecification\",\"dayOfWeek\":[\"Monday\",\"Tuesday\",\"Wednesday\",\"Thursday\",\"Friday\",\"Saturday\",\"Sunday\"],\"opens\":\"09:00\",\"closes\":\"17:00\"}]},{\"@type\":\"ImageObject\",\"inLanguage\":\"es\",\"@id\":\"https:\\\/\\\/landioustravel.com\\\/es\\\/shop\\\/viaje-privado-dolphin-house-hurghada\\\/#local-main-organization-logo\",\"url\":\"https:\\\/\\\/i0.wp.com\\\/landioustravel.com\\\/wp-content\\\/uploads\\\/2021\\\/06\\\/Landious-T.png?fit=500%2C500&ssl=1\",\"contentUrl\":\"https:\\\/\\\/i0.wp.com\\\/landioustravel.com\\\/wp-content\\\/uploads\\\/2021\\\/06\\\/Landious-T.png?fit=500%2C500&ssl=1\",\"width\":500,\"height\":500,\"caption\":\"Landious Travel\"}]}<\/script>\n<!-- \/ Yoast SEO Premium plugin. -->","yoast_head_json":{"title":"Viaje privado a Dolphin House Hurghada","description":"Viaje privado a Dolphin House Hurghada Uno de los viajes en barco m\u00e1s populares de Hurghada con un 90 % de posibilidades de ver delfines en su h\u00e1bitat","robots":{"index":"index","follow":"follow","max-snippet":"max-snippet:-1","max-image-preview":"max-image-preview:large","max-video-preview":"max-video-preview:-1"},"canonical":"https:\/\/landioustravel.com\/es\/shop\/viaje-privado-dolphin-house-hurghada\/","og_locale":"es_ES","og_type":"article","og_title":"Viaje privado a Dolphin House Hurghada","og_description":"Landious Travel","og_url":"https:\/\/landioustravel.com\/es\/shop\/viaje-privado-dolphin-house-hurghada\/","og_site_name":"Landious Travel","article_publisher":"https:\/\/web.facebook.com\/landiousEgypt","article_modified_time":"2023-06-10T13:38:53+00:00","og_image":[{"width":1200,"height":657,"url":"https:\/\/i0.wp.com\/landioustravel.com\/wp-content\/uploads\/2018\/11\/Dolphin-House-Trip-Hurghada.jpg?fit=1200%2C657&ssl=1","type":"image\/jpeg"}],"twitter_card":"summary_large_image","twitter_site":"@LandiousTours","twitter_misc":{"Tiempo de lectura":"4 minutos"},"schema":{"@context":"https:\/\/schema.org","@graph":[{"@type":"WebPage","@id":"https:\/\/landioustravel.com\/es\/shop\/viaje-privado-dolphin-house-hurghada\/","url":"https:\/\/landioustravel.com\/es\/shop\/viaje-privado-dolphin-house-hurghada\/","name":"Viaje privado a Dolphin House Hurghada","isPartOf":{"@id":"https:\/\/landioustravel.com\/es\/#website"},"primaryImageOfPage":{"@id":"https:\/\/landioustravel.com\/es\/shop\/viaje-privado-dolphin-house-hurghada\/#primaryimage"},"image":{"@id":"https:\/\/landioustravel.com\/es\/shop\/viaje-privado-dolphin-house-hurghada\/#primaryimage"},"thumbnailUrl":"https:\/\/i0.wp.com\/landioustravel.com\/wp-content\/uploads\/2018\/11\/Dolphin-House-Trip-Hurghada.jpg?fit=1200%2C657&ssl=1","datePublished":"2023-05-04T19:35:07+00:00","dateModified":"2023-06-10T13:38:53+00:00","description":"Viaje privado a Dolphin House Hurghada Uno de los viajes en barco m\u00e1s populares de Hurghada con un 90 % de posibilidades de ver delfines en su h\u00e1bitat","breadcrumb":{"@id":"https:\/\/landioustravel.com\/es\/shop\/viaje-privado-dolphin-house-hurghada\/#breadcrumb"},"inLanguage":"es","potentialAction":[{"@type":"ReadAction","target":["https:\/\/landioustravel.com\/es\/shop\/viaje-privado-dolphin-house-hurghada\/"]}]},{"@type":"ImageObject","inLanguage":"es","@id":"https:\/\/landioustravel.com\/es\/shop\/viaje-privado-dolphin-house-hurghada\/#primaryimage","url":"https:\/\/i0.wp.com\/landioustravel.com\/wp-content\/uploads\/2018\/11\/Dolphin-House-Trip-Hurghada.jpg?fit=1200%2C657&ssl=1","contentUrl":"https:\/\/i0.wp.com\/landioustravel.com\/wp-content\/uploads\/2018\/11\/Dolphin-House-Trip-Hurghada.jpg?fit=1200%2C657&ssl=1","width":1200,"height":657,"caption":"Dolphin House Trip Hurghada"},{"@type":"BreadcrumbList","@id":"https:\/\/landioustravel.com\/es\/shop\/viaje-privado-dolphin-house-hurghada\/#breadcrumb","itemListElement":[{"@type":"ListItem","position":1,"name":"Home","item":"https:\/\/landioustravel.com\/es\/"},{"@type":"ListItem","position":2,"name":"Servicios y Tours","item":"https:\/\/landioustravel.com\/es\/"},{"@type":"ListItem","position":3,"name":"Viaje privado a Dolphin House Hurghada"}]},{"@type":"WebSite","@id":"https:\/\/landioustravel.com\/es\/#website","url":"https:\/\/landioustravel.com\/es\/","name":"Landious Travel","description":"Tours and Excursions in Egypt","publisher":{"@id":"https:\/\/landioustravel.com\/es\/#organization"},"potentialAction":[{"@type":"SearchAction","target":{"@type":"EntryPoint","urlTemplate":"https:\/\/landioustravel.com\/es\/?s={search_term_string}"},"query-input":{"@type":"PropertyValueSpecification","valueRequired":true,"valueName":"search_term_string"}}],"inLanguage":"es"},{"@type":["Organization","Place"],"@id":"https:\/\/landioustravel.com\/es\/#organization","name":"Landious Travel","alternateName":"Landious Travel","url":"https:\/\/landioustravel.com\/es\/","logo":{"@id":"https:\/\/landioustravel.com\/es\/shop\/viaje-privado-dolphin-house-hurghada\/#local-main-organization-logo"},"image":{"@id":"https:\/\/landioustravel.com\/es\/shop\/viaje-privado-dolphin-house-hurghada\/#local-main-organization-logo"},"sameAs":["https:\/\/web.facebook.com\/landiousEgypt","https:\/\/x.com\/LandiousTours","https:\/\/mastodon.social\/@landious"],"legalName":"Landious Travel","telephone":[],"openingHoursSpecification":[{"@type":"OpeningHoursSpecification","dayOfWeek":["Monday","Tuesday","Wednesday","Thursday","Friday","Saturday","Sunday"],"opens":"09:00","closes":"17:00"}]},{"@type":"ImageObject","inLanguage":"es","@id":"https:\/\/landioustravel.com\/es\/shop\/viaje-privado-dolphin-house-hurghada\/#local-main-organization-logo","url":"https:\/\/i0.wp.com\/landioustravel.com\/wp-content\/uploads\/2021\/06\/Landious-T.png?fit=500%2C500&ssl=1","contentUrl":"https:\/\/i0.wp.com\/landioustravel.com\/wp-content\/uploads\/2021\/06\/Landious-T.png?fit=500%2C500&ssl=1","width":500,"height":500,"caption":"Landious Travel"}]}},"jetpack_publicize_connections":[],"uagb_featured_image_src":{"full":["https:\/\/i0.wp.com\/landioustravel.com\/wp-content\/uploads\/2018\/11\/Dolphin-House-Trip-Hurghada.jpg?fit=1200%2C657&ssl=1",1200,657,false],"thumbnail":["https:\/\/i0.wp.com\/landioustravel.com\/wp-content\/uploads\/2018\/11\/Dolphin-House-Trip-Hurghada.jpg?resize=150%2C150&ssl=1",150,150,true],"medium":["https:\/\/i0.wp.com\/landioustravel.com\/wp-content\/uploads\/2018\/11\/Dolphin-House-Trip-Hurghada.jpg?fit=300%2C164&ssl=1",300,164,true],"medium_large":["https:\/\/i0.wp.com\/landioustravel.com\/wp-content\/uploads\/2018\/11\/Dolphin-House-Trip-Hurghada.jpg?fit=768%2C420&ssl=1",768,420,true],"large":["https:\/\/i0.wp.com\/landioustravel.com\/wp-content\/uploads\/2018\/11\/Dolphin-House-Trip-Hurghada.jpg?fit=980%2C537&ssl=1",980,537,true],"1536x1536":["https:\/\/i0.wp.com\/landioustravel.com\/wp-content\/uploads\/2018\/11\/Dolphin-House-Trip-Hurghada.jpg?fit=1200%2C657&ssl=1",1200,657,true],"2048x2048":["https:\/\/i0.wp.com\/landioustravel.com\/wp-content\/uploads\/2018\/11\/Dolphin-House-Trip-Hurghada.jpg?fit=1200%2C657&ssl=1",1200,657,true],"newspack-article-block-landscape-large":["https:\/\/i0.wp.com\/landioustravel.com\/wp-content\/uploads\/2018\/11\/Dolphin-House-Trip-Hurghada.jpg?resize=1200%2C657&ssl=1",1200,657,true],"newspack-article-block-portrait-large":["https:\/\/i0.wp.com\/landioustravel.com\/wp-content\/uploads\/2018\/11\/Dolphin-House-Trip-Hurghada.jpg?resize=900%2C657&ssl=1",900,657,true],"newspack-article-block-square-large":["https:\/\/i0.wp.com\/landioustravel.com\/wp-content\/uploads\/2018\/11\/Dolphin-House-Trip-Hurghada.jpg?resize=1200%2C657&ssl=1",1200,657,true],"newspack-article-block-landscape-medium":["https:\/\/i0.wp.com\/landioustravel.com\/wp-content\/uploads\/2018\/11\/Dolphin-House-Trip-Hurghada.jpg?resize=800%2C600&ssl=1",800,600,true],"newspack-article-block-portrait-medium":["https:\/\/i0.wp.com\/landioustravel.com\/wp-content\/uploads\/2018\/11\/Dolphin-House-Trip-Hurghada.jpg?resize=600%2C657&ssl=1",600,657,true],"newspack-article-block-square-medium":["https:\/\/i0.wp.com\/landioustravel.com\/wp-content\/uploads\/2018\/11\/Dolphin-House-Trip-Hurghada.jpg?resize=800%2C657&ssl=1",800,657,true],"newspack-article-block-landscape-intermediate":["https:\/\/i0.wp.com\/landioustravel.com\/wp-content\/uploads\/2018\/11\/Dolphin-House-Trip-Hurghada.jpg?resize=600%2C450&ssl=1",600,450,true],"newspack-article-block-portrait-intermediate":["https:\/\/i0.wp.com\/landioustravel.com\/wp-content\/uploads\/2018\/11\/Dolphin-House-Trip-Hurghada.jpg?resize=450%2C600&ssl=1",450,600,true],"newspack-article-block-square-intermediate":["https:\/\/i0.wp.com\/landioustravel.com\/wp-content\/uploads\/2018\/11\/Dolphin-House-Trip-Hurghada.jpg?resize=600%2C600&ssl=1",600,600,true],"newspack-article-block-landscape-small":["https:\/\/i0.wp.com\/landioustravel.com\/wp-content\/uploads\/2018\/11\/Dolphin-House-Trip-Hurghada.jpg?resize=400%2C300&ssl=1",400,300,true],"newspack-article-block-portrait-small":["https:\/\/i0.wp.com\/landioustravel.com\/wp-content\/uploads\/2018\/11\/Dolphin-House-Trip-Hurghada.jpg?resize=300%2C400&ssl=1",300,400,true],"newspack-article-block-square-small":["https:\/\/i0.wp.com\/landioustravel.com\/wp-content\/uploads\/2018\/11\/Dolphin-House-Trip-Hurghada.jpg?resize=400%2C400&ssl=1",400,400,true],"newspack-article-block-landscape-tiny":["https:\/\/i0.wp.com\/landioustravel.com\/wp-content\/uploads\/2018\/11\/Dolphin-House-Trip-Hurghada.jpg?resize=200%2C150&ssl=1",200,150,true],"newspack-article-block-portrait-tiny":["https:\/\/i0.wp.com\/landioustravel.com\/wp-content\/uploads\/2018\/11\/Dolphin-House-Trip-Hurghada.jpg?resize=150%2C200&ssl=1",150,200,true],"newspack-article-block-square-tiny":["https:\/\/i0.wp.com\/landioustravel.com\/wp-content\/uploads\/2018\/11\/Dolphin-House-Trip-Hurghada.jpg?resize=200%2C200&ssl=1",200,200,true],"newspack-article-block-uncropped":["https:\/\/i0.wp.com\/landioustravel.com\/wp-content\/uploads\/2018\/11\/Dolphin-House-Trip-Hurghada.jpg?fit=1200%2C657&ssl=1",1200,657,true],"woocommerce_thumbnail":["https:\/\/i0.wp.com\/landioustravel.com\/wp-content\/uploads\/2018\/11\/Dolphin-House-Trip-Hurghada.jpg?resize=324%2C324&ssl=1",324,324,true],"woocommerce_single":["https:\/\/i0.wp.com\/landioustravel.com\/wp-content\/uploads\/2018\/11\/Dolphin-House-Trip-Hurghada.jpg?fit=416%2C228&ssl=1",416,228,true],"woocommerce_gallery_thumbnail":["https:\/\/i0.wp.com\/landioustravel.com\/wp-content\/uploads\/2018\/11\/Dolphin-House-Trip-Hurghada.jpg?resize=100%2C100&ssl=1",100,100,true]},"uagb_author_info":{"display_name":"Mofreh Landious","author_link":"https:\/\/landioustravel.com\/es\/author\/"},"uagb_comment_info":0,"uagb_excerpt":"Vive una aventura impresionante que te dejar\u00e1 recuerdos inolvidables. Este maravilloso viaje en barco en Hurghada es algo que debe probar, con un 90 % de posibilidades de encontrarse con delfines en su h\u00e1bitat natural. Incluso podr\u00edas tener la oportunidad de nadar junto a estas incre\u00edbles criaturas en aguas cristalinas, \u00a1una oportunidad que se presenta&hellip;","jetpack_sharing_enabled":true,"jetpack_likes_enabled":true,"amp_enabled":true,"_links":{"self":[{"href":"https:\/\/landioustravel.com\/es\/wp-json\/wp\/v2\/product\/142302","targetHints":{"allow":["GET"]}}],"collection":[{"href":"https:\/\/landioustravel.com\/es\/wp-json\/wp\/v2\/product"}],"about":[{"href":"https:\/\/landioustravel.com\/es\/wp-json\/wp\/v2\/types\/product"}],"replies":[{"embeddable":true,"href":"https:\/\/landioustravel.com\/es\/wp-json\/wp\/v2\/comments?post=142302"}],"wp:featuredmedia":[{"embeddable":true,"href":"https:\/\/landioustravel.com\/es\/wp-json\/wp\/v2\/media\/130917"}],"wp:attachment":[{"href":"https:\/\/landioustravel.com\/es\/wp-json\/wp\/v2\/media?parent=142302"}],"wp:term":[{"taxonomy":"product_brand","embeddable":true,"href":"https:\/\/landioustravel.com\/es\/wp-json\/wp\/v2\/product_brand?post=142302"},{"taxonomy":"product_cat","embeddable":true,"href":"https:\/\/landioustravel.com\/es\/wp-json\/wp\/v2\/product_cat?post=142302"},{"taxonomy":"product_tag","embeddable":true,"href":"https:\/\/landioustravel.com\/es\/wp-json\/wp\/v2\/product_tag?post=142302"}],"curies":[{"name":"wp","href":"https:\/\/api.w.org\/{rel}","templated":true}]}}