{"id":142356,"date":"2023-02-24T05:31:16","date_gmt":"2023-05-04T23:58:48","guid":{"rendered":"https:\/\/landioustravel.com\/?post_type=product&#038;p=142356"},"modified":"2023-06-13T17:50:51","modified_gmt":"2023-06-13T15:50:51","slug":"paseo-barco-privado-hurghada","status":"publish","type":"product","link":"https:\/\/landioustravel.com\/es\/shop\/paseo-barco-privado-hurghada\/","title":{"rendered":"Paseo en barco privado Hurghada"},"content":{"rendered":"<p>Si est\u00e1 buscando algo especial y quiere pasar el d\u00eda con algunas personas, entonces tiene raz\u00f3n con nosotros. Si tus amigos o familiares quieren pasar un d\u00eda memorable haciendo snorkel en el mar, este paseo en barco privado es ideal para ti.<\/p>\n<p>Mientras el barco lo lleva en un viaje impresionante por el Mar Rojo, si\u00e9ntese y disfrute de un maravilloso picnic. Pasa el d\u00eda en un acogedor ambiente privado con tus seres queridos, familiares o amigos, y disfruta de la magia del mar. Un barco privado ofrece la flexibilidad de elegir entre los sitios perfectos para bucear fuera de los caminos trillados.<\/p>\n<p>Este viaje es ideal para familias o grupos que quieran pasar un d\u00eda lejos de las masas y experimentar la belleza del Mar Rojo. Nuestro equipo profesional lo asistir\u00e1 en todos los sentidos y se asegurar\u00e1 de que disfrute de un agradable viaje de un d\u00eda.<\/p>\n<h2>Aspectos destacados del viaje en barco privado Hurghada<\/h2>\n<ul>\n<li>Disfruta de un fant\u00e1stico picnic en el mar.<\/li>\n<li>Nadar en los mejores lugares.<\/li>\n<li>Adem\u00e1s, Snorkel en mar abierto.<\/li>\n<\/ul>\n<h2>Programa del viaje en barco individual Hurghada<\/h2>\n<ul>\n<li>El representante de Landious Travel lo recoger\u00e1 del hotel, en <a href=\"https:\/\/landioustravel.com\/es\/egipto\/pueblos-egipcios\/gobernacion-de-al-bahr-al-ahmar\/ciudad-hurghada\/\">Hurghada<\/a>, aproximadamente a las 08:00 a.m.<\/li>\n<li>Despu\u00e9s de recoger a todos los interesados, la limusina\/minib\u00fas se dirige al puerto. El camino al puerto toma aproximadamente 20 minutos.<\/li>\n<li>En el puerto, encontrar\u00e1s tu barco. \u00a1Es incre\u00edblemente elegante! Tan pronto como ingrese al barco, se preparar\u00e1 para un fabuloso picnic en el Mar Rojo.<\/li>\n<li>Para ello, el barco navega sobre el Mar Rojo hacia un hermoso arrecife de coral. A continuaci\u00f3n, en este hermoso paraje mar\u00edtimo, har\u00e1s una parada. Por supuesto, puedes nadar y hacer snorkel con m\u00e1scaras y aletas.<\/li>\n<li>A continuaci\u00f3n, disfrutar\u00e1 de un delicioso almuerzo a bordo del barco.<\/li>\n<li>Finalmente, lo acompa\u00f1aremos de regreso a su hotel.<\/li>\n<li>Este viaje en barco privado en Hurghada finaliza aproximadamente a las 16:00.<\/li>\n<\/ul>\n<h2>\u00bfQu\u00e9 incluye el Precio del Paseo Privado en Barco Hurghada?<\/h2>\n<ol>\n<li>Barco privado.<\/li>\n<li>El precio incluye el equipo de Snorkel (M\u00e1scaras y aletas).<\/li>\n<li>Tambi\u00e9n incluye bebidas.<\/li>\n<li>Adem\u00e1s, traslado al puerto y regreso al hotel.<\/li>\n<\/ol>\n<h2>\u00bfQu\u00e9 no incluye el Programa de Paseo en Barco Privado Hurghada?<\/h2>\n<ul>\n<li>DVD de v\u00eddeo.<\/li>\n<li>Adem\u00e1s, el CD de fotos.<\/li>\n<\/ul>\n<h2>\u00bfQu\u00e9 llevar contigo para el viaje?<\/h2>\n<ul>\n<li>Toalla.<\/li>\n<li>Adem\u00e1s, protector solar.<\/li>\n<\/ul>\n<h2>D\u00edas de reserva de viaje en barco privado Hurghada<\/h2>\n<ul>\n<li>Todos los d\u00edas de 08:00 a 16:00.<\/li>\n<\/ul>\n","protected":false},"excerpt":{"rendered":"<p>Experimente un d\u00eda de lujo en un barco privado en el Mar Rojo en Hurghada, completo con los mejores lugares para bucear y un delicioso almuerzo servido a bordo. Su propio gu\u00eda personal y tripulaci\u00f3n garantizar\u00e1n una experiencia memorable y agradable mientras se relaja y disfruta del impresionante paisaje o explora el coral a continuaci\u00f3n. Ya sea que est\u00e9 celebrando una ocasi\u00f3n especial o simplemente buscando un d\u00eda divertido, un viaje en barco privado ofrece flexibilidad y comodidad con opciones de m\u00fasica y personalizaci\u00f3n del itinerario. Con un historial comprobado de excelente servicio, la seguridad est\u00e1 garantizada con el personal del barco empleado directamente y el control de los est\u00e1ndares de servicio. Disfrute de un almuerzo buffet reci\u00e9n cocinado y una selecci\u00f3n de refrescos; Todo est\u00e1 incluido en el precio. La duraci\u00f3n del viaje var\u00eda de cuatro a ocho horas, con horarios de salida y llegada flexibles que se adaptan a sus preferencias. As\u00ed que si\u00e9ntese, rel\u00e1jese y disfrute de un d\u00eda para recordar en su propio recorrido en barco privado.<\/p>\n","protected":false},"featured_media":142359,"comment_status":"open","ping_status":"closed","template":"","meta":{"_coblocks_attr":"","_coblocks_dimensions":"","_coblocks_responsive_height":"","_coblocks_accordion_ie_support":"","_uag_custom_page_level_css":"","jetpack_post_was_ever_published":false,"jetpack_publicize_message":"","jetpack_publicize_feature_enabled":true,"jetpack_social_post_already_shared":true,"jetpack_social_options":{"image_generator_settings":{"template":"highway","default_image_id":0,"font":"","enabled":false},"version":2},"_wpas_customize_per_network":false},"product_brand":[],"product_cat":[8568,1791],"product_tag":[1830,1799,1797,2101,1808,1803,2258,1798,1802],"class_list":{"0":"post-142356","1":"product","2":"type-product","3":"status-publish","4":"has-post-thumbnail","6":"product_cat-excursiones-individuales-hurghada","7":"product_cat-excursiones-marinas-hurghada","8":"product_tag-casa-de-delfines","9":"product_tag-snorkel","10":"product_tag-excursion-es","11":"product_tag-excursiones-marinas-en-hurghada","12":"product_tag-hurghada-es","13":"product_tag-isla","14":"product_tag-paraiso-ailand","15":"product_tag-mar","16":"product_tag-paseos-en-barco","18":"first","19":"instock","20":"sale","21":"virtual","22":"taxable","23":"purchasable","24":"product-type-simple"},"yoast_head":"<!-- This site is optimized with the Yoast SEO Premium plugin v26.9 (Yoast SEO v27.3) - https:\/\/yoast.com\/product\/yoast-seo-premium-wordpress\/ -->\n<title>Paseo en barco privado Hurghada<\/title>\n<meta name=\"description\" content=\"Paseo en barco privado Hurghada Pase un maravilloso d\u00eda en un barco privado por el Mar Rojo en Hurghada. Nadar en los mejores lugares para hacer snorkel.\" \/>\n<meta name=\"robots\" content=\"index, follow, max-snippet:-1, max-image-preview:large, max-video-preview:-1\" \/>\n<link rel=\"canonical\" href=\"https:\/\/landioustravel.com\/es\/shop\/paseo-barco-privado-hurghada\/\" \/>\n<meta property=\"og:locale\" content=\"es_ES\" \/>\n<meta property=\"og:type\" content=\"article\" \/>\n<meta property=\"og:title\" content=\"Paseo en barco privado Hurghada\" \/>\n<meta property=\"og:description\" content=\"Landious Travel\" \/>\n<meta property=\"og:url\" content=\"https:\/\/landioustravel.com\/es\/shop\/paseo-barco-privado-hurghada\/\" \/>\n<meta property=\"og:site_name\" content=\"Landious Travel\" \/>\n<meta property=\"article:publisher\" content=\"https:\/\/web.facebook.com\/landiousEgypt\" \/>\n<meta property=\"article:modified_time\" content=\"2023-06-13T15:50:51+00:00\" \/>\n<meta property=\"og:image\" content=\"https:\/\/i0.wp.com\/landioustravel.com\/wp-content\/uploads\/2023\/01\/Hurghada-Private-Sea-Trips-e1674480050903.jpg?fit=1200%2C675&ssl=1\" \/>\n\t<meta property=\"og:image:width\" content=\"1200\" \/>\n\t<meta property=\"og:image:height\" content=\"675\" \/>\n\t<meta property=\"og:image:type\" content=\"image\/jpeg\" \/>\n<meta name=\"twitter:card\" content=\"summary_large_image\" \/>\n<meta name=\"twitter:site\" content=\"@LandiousTours\" \/>\n<meta name=\"twitter:label1\" content=\"Tiempo de lectura\" \/>\n\t<meta name=\"twitter:data1\" content=\"2 minutos\" \/>\n<script type=\"application\/ld+json\" class=\"yoast-schema-graph\">{\"@context\":\"https:\\\/\\\/schema.org\",\"@graph\":[{\"@type\":\"WebPage\",\"@id\":\"https:\\\/\\\/landioustravel.com\\\/es\\\/shop\\\/paseo-barco-privado-hurghada\\\/\",\"url\":\"https:\\\/\\\/landioustravel.com\\\/es\\\/shop\\\/paseo-barco-privado-hurghada\\\/\",\"name\":\"Paseo en barco privado Hurghada\",\"isPartOf\":{\"@id\":\"https:\\\/\\\/landioustravel.com\\\/es\\\/#website\"},\"primaryImageOfPage\":{\"@id\":\"https:\\\/\\\/landioustravel.com\\\/es\\\/shop\\\/paseo-barco-privado-hurghada\\\/#primaryimage\"},\"image\":{\"@id\":\"https:\\\/\\\/landioustravel.com\\\/es\\\/shop\\\/paseo-barco-privado-hurghada\\\/#primaryimage\"},\"thumbnailUrl\":\"https:\\\/\\\/i0.wp.com\\\/landioustravel.com\\\/wp-content\\\/uploads\\\/2023\\\/01\\\/Hurghada-Private-Sea-Trips-e1674480050903.jpg?fit=1200%2C675&ssl=1\",\"datePublished\":\"2023-05-04T23:58:48+00:00\",\"dateModified\":\"2023-06-13T15:50:51+00:00\",\"description\":\"Paseo en barco privado Hurghada Pase un maravilloso d\u00eda en un barco privado por el Mar Rojo en Hurghada. Nadar en los mejores lugares para hacer snorkel.\",\"breadcrumb\":{\"@id\":\"https:\\\/\\\/landioustravel.com\\\/es\\\/shop\\\/paseo-barco-privado-hurghada\\\/#breadcrumb\"},\"inLanguage\":\"es\",\"potentialAction\":[{\"@type\":\"ReadAction\",\"target\":[\"https:\\\/\\\/landioustravel.com\\\/es\\\/shop\\\/paseo-barco-privado-hurghada\\\/\"]}]},{\"@type\":\"ImageObject\",\"inLanguage\":\"es\",\"@id\":\"https:\\\/\\\/landioustravel.com\\\/es\\\/shop\\\/paseo-barco-privado-hurghada\\\/#primaryimage\",\"url\":\"https:\\\/\\\/i0.wp.com\\\/landioustravel.com\\\/wp-content\\\/uploads\\\/2023\\\/01\\\/Hurghada-Private-Sea-Trips-e1674480050903.jpg?fit=1200%2C675&ssl=1\",\"contentUrl\":\"https:\\\/\\\/i0.wp.com\\\/landioustravel.com\\\/wp-content\\\/uploads\\\/2023\\\/01\\\/Hurghada-Private-Sea-Trips-e1674480050903.jpg?fit=1200%2C675&ssl=1\",\"width\":1200,\"height\":675,\"caption\":\"Hurghada Private Sea Trips\"},{\"@type\":\"BreadcrumbList\",\"@id\":\"https:\\\/\\\/landioustravel.com\\\/es\\\/shop\\\/paseo-barco-privado-hurghada\\\/#breadcrumb\",\"itemListElement\":[{\"@type\":\"ListItem\",\"position\":1,\"name\":\"Home\",\"item\":\"https:\\\/\\\/landioustravel.com\\\/es\\\/\"},{\"@type\":\"ListItem\",\"position\":2,\"name\":\"Servicios y Tours\",\"item\":\"https:\\\/\\\/landioustravel.com\\\/es\\\/\"},{\"@type\":\"ListItem\",\"position\":3,\"name\":\"Paseo en barco privado Hurghada\"}]},{\"@type\":\"WebSite\",\"@id\":\"https:\\\/\\\/landioustravel.com\\\/es\\\/#website\",\"url\":\"https:\\\/\\\/landioustravel.com\\\/es\\\/\",\"name\":\"Landious Travel\",\"description\":\"Tours and Excursions in Egypt\",\"publisher\":{\"@id\":\"https:\\\/\\\/landioustravel.com\\\/es\\\/#organization\"},\"potentialAction\":[{\"@type\":\"SearchAction\",\"target\":{\"@type\":\"EntryPoint\",\"urlTemplate\":\"https:\\\/\\\/landioustravel.com\\\/es\\\/?s={search_term_string}\"},\"query-input\":{\"@type\":\"PropertyValueSpecification\",\"valueRequired\":true,\"valueName\":\"search_term_string\"}}],\"inLanguage\":\"es\"},{\"@type\":[\"Organization\",\"Place\"],\"@id\":\"https:\\\/\\\/landioustravel.com\\\/es\\\/#organization\",\"name\":\"Landious Travel\",\"alternateName\":\"Landious Travel\",\"url\":\"https:\\\/\\\/landioustravel.com\\\/es\\\/\",\"logo\":{\"@id\":\"https:\\\/\\\/landioustravel.com\\\/es\\\/shop\\\/paseo-barco-privado-hurghada\\\/#local-main-organization-logo\"},\"image\":{\"@id\":\"https:\\\/\\\/landioustravel.com\\\/es\\\/shop\\\/paseo-barco-privado-hurghada\\\/#local-main-organization-logo\"},\"sameAs\":[\"https:\\\/\\\/web.facebook.com\\\/landiousEgypt\",\"https:\\\/\\\/x.com\\\/LandiousTours\",\"https:\\\/\\\/mastodon.social\\\/@landious\"],\"legalName\":\"Landious Travel\",\"telephone\":[],\"openingHoursSpecification\":[{\"@type\":\"OpeningHoursSpecification\",\"dayOfWeek\":[\"Monday\",\"Tuesday\",\"Wednesday\",\"Thursday\",\"Friday\",\"Saturday\",\"Sunday\"],\"opens\":\"09:00\",\"closes\":\"17:00\"}]},{\"@type\":\"ImageObject\",\"inLanguage\":\"es\",\"@id\":\"https:\\\/\\\/landioustravel.com\\\/es\\\/shop\\\/paseo-barco-privado-hurghada\\\/#local-main-organization-logo\",\"url\":\"https:\\\/\\\/i0.wp.com\\\/landioustravel.com\\\/wp-content\\\/uploads\\\/2021\\\/06\\\/Landious-T.png?fit=500%2C500&ssl=1\",\"contentUrl\":\"https:\\\/\\\/i0.wp.com\\\/landioustravel.com\\\/wp-content\\\/uploads\\\/2021\\\/06\\\/Landious-T.png?fit=500%2C500&ssl=1\",\"width\":500,\"height\":500,\"caption\":\"Landious Travel\"}]}<\/script>\n<!-- \/ Yoast SEO Premium plugin. -->","yoast_head_json":{"title":"Paseo en barco privado Hurghada","description":"Paseo en barco privado Hurghada Pase un maravilloso d\u00eda en un barco privado por el Mar Rojo en Hurghada. Nadar en los mejores lugares para hacer snorkel.","robots":{"index":"index","follow":"follow","max-snippet":"max-snippet:-1","max-image-preview":"max-image-preview:large","max-video-preview":"max-video-preview:-1"},"canonical":"https:\/\/landioustravel.com\/es\/shop\/paseo-barco-privado-hurghada\/","og_locale":"es_ES","og_type":"article","og_title":"Paseo en barco privado Hurghada","og_description":"Landious Travel","og_url":"https:\/\/landioustravel.com\/es\/shop\/paseo-barco-privado-hurghada\/","og_site_name":"Landious Travel","article_publisher":"https:\/\/web.facebook.com\/landiousEgypt","article_modified_time":"2023-06-13T15:50:51+00:00","og_image":[{"width":1200,"height":675,"url":"https:\/\/i0.wp.com\/landioustravel.com\/wp-content\/uploads\/2023\/01\/Hurghada-Private-Sea-Trips-e1674480050903.jpg?fit=1200%2C675&ssl=1","type":"image\/jpeg"}],"twitter_card":"summary_large_image","twitter_site":"@LandiousTours","twitter_misc":{"Tiempo de lectura":"2 minutos"},"schema":{"@context":"https:\/\/schema.org","@graph":[{"@type":"WebPage","@id":"https:\/\/landioustravel.com\/es\/shop\/paseo-barco-privado-hurghada\/","url":"https:\/\/landioustravel.com\/es\/shop\/paseo-barco-privado-hurghada\/","name":"Paseo en barco privado Hurghada","isPartOf":{"@id":"https:\/\/landioustravel.com\/es\/#website"},"primaryImageOfPage":{"@id":"https:\/\/landioustravel.com\/es\/shop\/paseo-barco-privado-hurghada\/#primaryimage"},"image":{"@id":"https:\/\/landioustravel.com\/es\/shop\/paseo-barco-privado-hurghada\/#primaryimage"},"thumbnailUrl":"https:\/\/i0.wp.com\/landioustravel.com\/wp-content\/uploads\/2023\/01\/Hurghada-Private-Sea-Trips-e1674480050903.jpg?fit=1200%2C675&ssl=1","datePublished":"2023-05-04T23:58:48+00:00","dateModified":"2023-06-13T15:50:51+00:00","description":"Paseo en barco privado Hurghada Pase un maravilloso d\u00eda en un barco privado por el Mar Rojo en Hurghada. Nadar en los mejores lugares para hacer snorkel.","breadcrumb":{"@id":"https:\/\/landioustravel.com\/es\/shop\/paseo-barco-privado-hurghada\/#breadcrumb"},"inLanguage":"es","potentialAction":[{"@type":"ReadAction","target":["https:\/\/landioustravel.com\/es\/shop\/paseo-barco-privado-hurghada\/"]}]},{"@type":"ImageObject","inLanguage":"es","@id":"https:\/\/landioustravel.com\/es\/shop\/paseo-barco-privado-hurghada\/#primaryimage","url":"https:\/\/i0.wp.com\/landioustravel.com\/wp-content\/uploads\/2023\/01\/Hurghada-Private-Sea-Trips-e1674480050903.jpg?fit=1200%2C675&ssl=1","contentUrl":"https:\/\/i0.wp.com\/landioustravel.com\/wp-content\/uploads\/2023\/01\/Hurghada-Private-Sea-Trips-e1674480050903.jpg?fit=1200%2C675&ssl=1","width":1200,"height":675,"caption":"Hurghada Private Sea Trips"},{"@type":"BreadcrumbList","@id":"https:\/\/landioustravel.com\/es\/shop\/paseo-barco-privado-hurghada\/#breadcrumb","itemListElement":[{"@type":"ListItem","position":1,"name":"Home","item":"https:\/\/landioustravel.com\/es\/"},{"@type":"ListItem","position":2,"name":"Servicios y Tours","item":"https:\/\/landioustravel.com\/es\/"},{"@type":"ListItem","position":3,"name":"Paseo en barco privado Hurghada"}]},{"@type":"WebSite","@id":"https:\/\/landioustravel.com\/es\/#website","url":"https:\/\/landioustravel.com\/es\/","name":"Landious Travel","description":"Tours and Excursions in Egypt","publisher":{"@id":"https:\/\/landioustravel.com\/es\/#organization"},"potentialAction":[{"@type":"SearchAction","target":{"@type":"EntryPoint","urlTemplate":"https:\/\/landioustravel.com\/es\/?s={search_term_string}"},"query-input":{"@type":"PropertyValueSpecification","valueRequired":true,"valueName":"search_term_string"}}],"inLanguage":"es"},{"@type":["Organization","Place"],"@id":"https:\/\/landioustravel.com\/es\/#organization","name":"Landious Travel","alternateName":"Landious Travel","url":"https:\/\/landioustravel.com\/es\/","logo":{"@id":"https:\/\/landioustravel.com\/es\/shop\/paseo-barco-privado-hurghada\/#local-main-organization-logo"},"image":{"@id":"https:\/\/landioustravel.com\/es\/shop\/paseo-barco-privado-hurghada\/#local-main-organization-logo"},"sameAs":["https:\/\/web.facebook.com\/landiousEgypt","https:\/\/x.com\/LandiousTours","https:\/\/mastodon.social\/@landious"],"legalName":"Landious Travel","telephone":[],"openingHoursSpecification":[{"@type":"OpeningHoursSpecification","dayOfWeek":["Monday","Tuesday","Wednesday","Thursday","Friday","Saturday","Sunday"],"opens":"09:00","closes":"17:00"}]},{"@type":"ImageObject","inLanguage":"es","@id":"https:\/\/landioustravel.com\/es\/shop\/paseo-barco-privado-hurghada\/#local-main-organization-logo","url":"https:\/\/i0.wp.com\/landioustravel.com\/wp-content\/uploads\/2021\/06\/Landious-T.png?fit=500%2C500&ssl=1","contentUrl":"https:\/\/i0.wp.com\/landioustravel.com\/wp-content\/uploads\/2021\/06\/Landious-T.png?fit=500%2C500&ssl=1","width":500,"height":500,"caption":"Landious Travel"}]}},"jetpack_publicize_connections":[],"uagb_featured_image_src":{"full":["https:\/\/i0.wp.com\/landioustravel.com\/wp-content\/uploads\/2023\/01\/Hurghada-Private-Sea-Trips-e1674480050903.jpg?fit=1200%2C675&ssl=1",1200,675,false],"thumbnail":["https:\/\/i0.wp.com\/landioustravel.com\/wp-content\/uploads\/2023\/01\/Hurghada-Private-Sea-Trips-e1674480050903.jpg?resize=150%2C150&ssl=1",150,150,true],"medium":["https:\/\/i0.wp.com\/landioustravel.com\/wp-content\/uploads\/2023\/01\/Hurghada-Private-Sea-Trips-e1674480050903.jpg?fit=300%2C169&ssl=1",300,169,true],"medium_large":["https:\/\/i0.wp.com\/landioustravel.com\/wp-content\/uploads\/2023\/01\/Hurghada-Private-Sea-Trips-e1674480050903.jpg?fit=768%2C432&ssl=1",768,432,true],"large":["https:\/\/i0.wp.com\/landioustravel.com\/wp-content\/uploads\/2023\/01\/Hurghada-Private-Sea-Trips-e1674480050903.jpg?fit=980%2C551&ssl=1",980,551,true],"1536x1536":["https:\/\/i0.wp.com\/landioustravel.com\/wp-content\/uploads\/2023\/01\/Hurghada-Private-Sea-Trips-e1674480050903.jpg?fit=1200%2C675&ssl=1",1200,675,true],"2048x2048":["https:\/\/i0.wp.com\/landioustravel.com\/wp-content\/uploads\/2023\/01\/Hurghada-Private-Sea-Trips-e1674480050903.jpg?fit=1200%2C675&ssl=1",1200,675,true],"newspack-article-block-landscape-large":["https:\/\/i0.wp.com\/landioustravel.com\/wp-content\/uploads\/2023\/01\/Hurghada-Private-Sea-Trips-e1674480050903.jpg?resize=1200%2C675&ssl=1",1200,675,true],"newspack-article-block-portrait-large":["https:\/\/i0.wp.com\/landioustravel.com\/wp-content\/uploads\/2023\/01\/Hurghada-Private-Sea-Trips-e1674480050903.jpg?resize=900%2C675&ssl=1",900,675,true],"newspack-article-block-square-large":["https:\/\/i0.wp.com\/landioustravel.com\/wp-content\/uploads\/2023\/01\/Hurghada-Private-Sea-Trips-e1674480050903.jpg?resize=1200%2C675&ssl=1",1200,675,true],"newspack-article-block-landscape-medium":["https:\/\/i0.wp.com\/landioustravel.com\/wp-content\/uploads\/2023\/01\/Hurghada-Private-Sea-Trips-e1674480050903.jpg?resize=800%2C600&ssl=1",800,600,true],"newspack-article-block-portrait-medium":["https:\/\/i0.wp.com\/landioustravel.com\/wp-content\/uploads\/2023\/01\/Hurghada-Private-Sea-Trips-e1674480050903.jpg?resize=600%2C675&ssl=1",600,675,true],"newspack-article-block-square-medium":["https:\/\/i0.wp.com\/landioustravel.com\/wp-content\/uploads\/2023\/01\/Hurghada-Private-Sea-Trips-e1674480050903.jpg?resize=800%2C675&ssl=1",800,675,true],"newspack-article-block-landscape-intermediate":["https:\/\/i0.wp.com\/landioustravel.com\/wp-content\/uploads\/2023\/01\/Hurghada-Private-Sea-Trips-e1674480050903.jpg?resize=600%2C450&ssl=1",600,450,true],"newspack-article-block-portrait-intermediate":["https:\/\/i0.wp.com\/landioustravel.com\/wp-content\/uploads\/2023\/01\/Hurghada-Private-Sea-Trips-e1674480050903.jpg?resize=450%2C600&ssl=1",450,600,true],"newspack-article-block-square-intermediate":["https:\/\/i0.wp.com\/landioustravel.com\/wp-content\/uploads\/2023\/01\/Hurghada-Private-Sea-Trips-e1674480050903.jpg?resize=600%2C600&ssl=1",600,600,true],"newspack-article-block-landscape-small":["https:\/\/i0.wp.com\/landioustravel.com\/wp-content\/uploads\/2023\/01\/Hurghada-Private-Sea-Trips-e1674480050903.jpg?resize=400%2C300&ssl=1",400,300,true],"newspack-article-block-portrait-small":["https:\/\/i0.wp.com\/landioustravel.com\/wp-content\/uploads\/2023\/01\/Hurghada-Private-Sea-Trips-e1674480050903.jpg?resize=300%2C400&ssl=1",300,400,true],"newspack-article-block-square-small":["https:\/\/i0.wp.com\/landioustravel.com\/wp-content\/uploads\/2023\/01\/Hurghada-Private-Sea-Trips-e1674480050903.jpg?resize=400%2C400&ssl=1",400,400,true],"newspack-article-block-landscape-tiny":["https:\/\/i0.wp.com\/landioustravel.com\/wp-content\/uploads\/2023\/01\/Hurghada-Private-Sea-Trips-e1674480050903.jpg?resize=200%2C150&ssl=1",200,150,true],"newspack-article-block-portrait-tiny":["https:\/\/i0.wp.com\/landioustravel.com\/wp-content\/uploads\/2023\/01\/Hurghada-Private-Sea-Trips-e1674480050903.jpg?resize=150%2C200&ssl=1",150,200,true],"newspack-article-block-square-tiny":["https:\/\/i0.wp.com\/landioustravel.com\/wp-content\/uploads\/2023\/01\/Hurghada-Private-Sea-Trips-e1674480050903.jpg?resize=200%2C200&ssl=1",200,200,true],"newspack-article-block-uncropped":["https:\/\/i0.wp.com\/landioustravel.com\/wp-content\/uploads\/2023\/01\/Hurghada-Private-Sea-Trips-e1674480050903.jpg?fit=1200%2C675&ssl=1",1200,675,true],"woocommerce_thumbnail":["https:\/\/i0.wp.com\/landioustravel.com\/wp-content\/uploads\/2023\/01\/Hurghada-Private-Sea-Trips-e1674480050903.jpg?resize=324%2C324&ssl=1",324,324,true],"woocommerce_single":["https:\/\/i0.wp.com\/landioustravel.com\/wp-content\/uploads\/2023\/01\/Hurghada-Private-Sea-Trips-e1674480050903.jpg?fit=416%2C234&ssl=1",416,234,true],"woocommerce_gallery_thumbnail":["https:\/\/i0.wp.com\/landioustravel.com\/wp-content\/uploads\/2023\/01\/Hurghada-Private-Sea-Trips-e1674480050903.jpg?resize=100%2C100&ssl=1",100,100,true]},"uagb_author_info":{"display_name":"Mofreh Landious","author_link":"https:\/\/landioustravel.com\/es\/author\/"},"uagb_comment_info":0,"uagb_excerpt":"Experimente un d\u00eda de lujo en un barco privado en el Mar Rojo en Hurghada, completo con los mejores lugares para bucear y un delicioso almuerzo servido a bordo. Su propio gu\u00eda personal y tripulaci\u00f3n garantizar\u00e1n una experiencia memorable y agradable mientras se relaja y disfruta del impresionante paisaje o explora el coral a continuaci\u00f3n.&hellip;","jetpack_sharing_enabled":true,"jetpack_likes_enabled":true,"amp_enabled":true,"_links":{"self":[{"href":"https:\/\/landioustravel.com\/es\/wp-json\/wp\/v2\/product\/142356","targetHints":{"allow":["GET"]}}],"collection":[{"href":"https:\/\/landioustravel.com\/es\/wp-json\/wp\/v2\/product"}],"about":[{"href":"https:\/\/landioustravel.com\/es\/wp-json\/wp\/v2\/types\/product"}],"replies":[{"embeddable":true,"href":"https:\/\/landioustravel.com\/es\/wp-json\/wp\/v2\/comments?post=142356"}],"wp:featuredmedia":[{"embeddable":true,"href":"https:\/\/landioustravel.com\/es\/wp-json\/wp\/v2\/media\/142359"}],"wp:attachment":[{"href":"https:\/\/landioustravel.com\/es\/wp-json\/wp\/v2\/media?parent=142356"}],"wp:term":[{"taxonomy":"product_brand","embeddable":true,"href":"https:\/\/landioustravel.com\/es\/wp-json\/wp\/v2\/product_brand?post=142356"},{"taxonomy":"product_cat","embeddable":true,"href":"https:\/\/landioustravel.com\/es\/wp-json\/wp\/v2\/product_cat?post=142356"},{"taxonomy":"product_tag","embeddable":true,"href":"https:\/\/landioustravel.com\/es\/wp-json\/wp\/v2\/product_tag?post=142356"}],"curies":[{"name":"wp","href":"https:\/\/api.w.org\/{rel}","templated":true}]}}