{"id":142438,"date":"2023-01-07T03:58:10","date_gmt":"2023-05-05T01:22:37","guid":{"rendered":"https:\/\/landioustravel.com\/?post_type=product&#038;p=142438"},"modified":"2024-09-28T20:55:50","modified_gmt":"2024-09-28T17:55:50","slug":"recorrido-ciudad-museo-hurghada-gouna","status":"publish","type":"product","link":"https:\/\/landioustravel.com\/es\/shop\/recorrido-ciudad-museo-hurghada-gouna\/","title":{"rendered":"Recorrido por la ciudad del Museo de Hurghada El Gouna"},"content":{"rendered":"<p>Recorrido por la ciudad del Museo de Hurghada El Gouna es un recorrido tur\u00edstico para descubrir ambos lados de Hurghada desde El Gouna, el casco antiguo tradicional y la ciudad nueva y moderna, en compa\u00f1\u00eda de un gu\u00eda perspicaz y amigable. Explore m\u00e1s de 1500 artefactos del antiguo Egipto en el Museo de Hurghada, que se inaugur\u00f3 en febrero de 2020. Si\u00e9ntese y experimente la vida en la calle mientras toma una copa en un caf\u00e9 oriental.<\/p>\n<h2>Aspectos destacados del recorrido por la ciudad del Museo de Hurghada desde El Gouna<\/h2>\n<ul>\n<li>Explora m\u00e1s de 1500 artefactos del Antiguo Egipto en el Museo de Hurghada<\/li>\n<li>Descubre lo m\u00e1s destacado de Hurghada en un veh\u00edculo con aire acondicionado.<\/li>\n<li>Ver la mezquita m\u00e1s grande y la iglesia m\u00e1s antigua de Hurghada<\/li>\n<li>Conozca a los pescadores locales en el puerto.<\/li>\n<li>Disfruta de un refresco en un caf\u00e9 oriental<\/li>\n<\/ul>\n<h2>\u00bfQu\u00e9 incluye el recorrido por la ciudad del Museo de Hurghada?<\/h2>\n<ul>\n<li>Recogida y regreso desde hoteles en Soma Bay, Makadi y Sahl Hasheesh<\/li>\n<li>Traslados en veh\u00edculo con aire acondicionado<\/li>\n<li>Disfruta de un caf\u00e9 o un refresco en una cafeter\u00eda oriental<\/li>\n<li>Mezquita El Mina<\/li>\n<li>Iglesia Ortodoxa Copta de San Shenouda<\/li>\n<li>Bulevar del puerto deportivo de Hurghada<\/li>\n<li>Antiguo pueblo de pescadores y puerto<\/li>\n<li>Zoco de El Daher (casco antiguo)<\/li>\n<li>Museo de Hurgada<\/li>\n<li>tiempo para ir de compras<\/li>\n<li>gu\u00eda de habla inglesa<\/li>\n<li>Cargos por servicios e impuestos<\/li>\n<\/ul>\n<h2>\u00bfQu\u00e9 no incluye el Recorrido por la ciudad del Museo de Hurghada El Gouna?<\/h2>\n<ul>\n<li>Recuerdos y compras personales<\/li>\n<li>Cualquier extra no mencionado en el programa.<\/li>\n<li>Propinas para el conductor y el gu\u00eda (esperadas pero no obligatorias)<\/li>\n<\/ul>\n<h2>Qu\u00e9 llevar contigo?<\/h2>\n<ul>\n<li>Zapatos comodos<\/li>\n<li>Sombrero y gafas de sol<\/li>\n<li>protector solar<\/li>\n<li>Botella de agua<\/li>\n<\/ul>\n<h2>D\u00edas de reserva de recorrido por la ciudad del museo de Hurghada desde El Gouna<\/h2>\n<ul>\n<li>Lunes<\/li>\n<li>Mi\u00e9rcoles<\/li>\n<\/ul>\n","protected":false},"excerpt":{"rendered":"<p>Si anhelas experimentar el encanto encantador del antiguo Egipto sin aventurarte demasiado lejos de casa, \u00a1no busques m\u00e1s! Un encantador museo ha abierto recientemente sus puertas en Hurghada, mostrando una espl\u00e9ndida variedad de artefactos aut\u00e9nticos de anta\u00f1o del pa\u00eds. El Ministerio de Antig\u00fcedades ha hecho un trabajo espl\u00e9ndido al preservar y transformar algunas de las exhibiciones m\u00e1s fascinantes recuperadas de tumbas y varios otros lugares en esta tierra de misterio en este encantador museo. En un recorrido tur\u00edstico privado por el centro tur\u00edstico del Mar Rojo, tendr\u00e1 la oportunidad de explorar los lugares de inter\u00e9s de la ciudad de Hurghada lejos de las playas de arena. Contempla impresionantes vistas panor\u00e1micas desde el punto m\u00e1s alto de la ciudad y visita el antiguo puerto y el astillero para echar un vistazo al rico patrimonio mar\u00edtimo de la ciudad. Tambi\u00e9n tendr\u00e1s la oportunidad de descubrir el mercado de pescado y observar a los lugare\u00f1os mientras realizan sus rutinas diarias. No se pierda la oportunidad de visitar la mezquita m\u00e1s grande de Hurghada y la iglesia de Santa Mar\u00eda, ambas llenas de historia y significado. Y para aquellos que aman la vida marina, el Acuario brinda la oportunidad de presenciar la belleza del mundo submarino del Mar Rojo sin mojarse. \u00a1Ven a explorar el encanto del viejo mundo y la cautivadora belleza de Hurghada en esta excursi\u00f3n \u00fanica en la vida!<\/p>\n","protected":false},"featured_media":142440,"comment_status":"open","ping_status":"closed","template":"","meta":{"_coblocks_attr":"","_coblocks_dimensions":"","_coblocks_responsive_height":"","_coblocks_accordion_ie_support":"","_uag_custom_page_level_css":"","jetpack_publicize_message":"","jetpack_publicize_feature_enabled":true,"jetpack_social_post_already_shared":true,"jetpack_social_options":{"image_generator_settings":{"template":"highway","default_image_id":0,"font":"","enabled":false},"version":2},"_wpas_customize_per_network":false},"product_brand":[],"product_cat":[19604],"product_tag":[1829,1797,1808,9907,2111],"class_list":{"0":"post-142438","1":"product","2":"type-product","3":"status-publish","4":"has-post-thumbnail","6":"product_cat-sin-categorizar","7":"product_tag-el-gouna-es","8":"product_tag-excursion-es","9":"product_tag-hurghada-es","10":"product_tag-turismo","11":"product_tag-visita-de-la-ciudad","13":"first","14":"instock","15":"sale","16":"taxable","17":"shipping-taxable","18":"purchasable","19":"product-type-variable"},"yoast_head":"<!-- This site is optimized with the Yoast SEO Premium plugin v26.9 (Yoast SEO v27.5) - https:\/\/yoast.com\/product\/yoast-seo-premium-wordpress\/ -->\n<title>Recorrido por la ciudad del Museo de Hurghada El Gouna<\/title>\n<meta name=\"description\" content=\"Recorrido por la ciudad del Museo de Hurghada El Gouna \u00bfLe gustar\u00eda ver artefactos reales de la antigua cultura de Egipto pero no viajar lejos a El Cairo\" \/>\n<meta name=\"robots\" content=\"index, follow, max-snippet:-1, max-image-preview:large, max-video-preview:-1\" \/>\n<link rel=\"canonical\" href=\"https:\/\/landioustravel.com\/es\/shop\/recorrido-ciudad-museo-hurghada-gouna\/\" \/>\n<meta property=\"og:locale\" content=\"es_ES\" \/>\n<meta property=\"og:type\" content=\"article\" \/>\n<meta property=\"og:title\" content=\"Recorrido por la ciudad del Museo de Hurghada El Gouna\" \/>\n<meta property=\"og:description\" content=\"Landious Travel\" \/>\n<meta property=\"og:url\" content=\"https:\/\/landioustravel.com\/es\/shop\/recorrido-ciudad-museo-hurghada-gouna\/\" \/>\n<meta property=\"og:site_name\" content=\"Landious Travel\" \/>\n<meta property=\"article:publisher\" content=\"https:\/\/web.facebook.com\/landiousEgypt\" \/>\n<meta property=\"article:modified_time\" content=\"2024-09-28T17:55:50+00:00\" \/>\n<meta property=\"og:image\" content=\"https:\/\/i0.wp.com\/landioustravel.com\/wp-content\/uploads\/2023\/01\/Hurghada-Museum-City-Tour-El-Gouna.jpg?fit=600%2C400&ssl=1\" \/>\n\t<meta property=\"og:image:width\" content=\"600\" \/>\n\t<meta property=\"og:image:height\" content=\"400\" \/>\n\t<meta property=\"og:image:type\" content=\"image\/jpeg\" \/>\n<meta name=\"twitter:card\" content=\"summary_large_image\" \/>\n<meta name=\"twitter:site\" content=\"@LandiousTours\" \/>\n<meta name=\"twitter:label1\" content=\"Tiempo de lectura\" \/>\n\t<meta name=\"twitter:data1\" content=\"2 minutos\" \/>\n<script type=\"application\/ld+json\" class=\"yoast-schema-graph\">{\"@context\":\"https:\\\/\\\/schema.org\",\"@graph\":[{\"@type\":\"WebPage\",\"@id\":\"https:\\\/\\\/landioustravel.com\\\/es\\\/shop\\\/recorrido-ciudad-museo-hurghada-gouna\\\/\",\"url\":\"https:\\\/\\\/landioustravel.com\\\/es\\\/shop\\\/recorrido-ciudad-museo-hurghada-gouna\\\/\",\"name\":\"Recorrido por la ciudad del Museo de Hurghada El Gouna\",\"isPartOf\":{\"@id\":\"https:\\\/\\\/landioustravel.com\\\/es\\\/#website\"},\"primaryImageOfPage\":{\"@id\":\"https:\\\/\\\/landioustravel.com\\\/es\\\/shop\\\/recorrido-ciudad-museo-hurghada-gouna\\\/#primaryimage\"},\"image\":{\"@id\":\"https:\\\/\\\/landioustravel.com\\\/es\\\/shop\\\/recorrido-ciudad-museo-hurghada-gouna\\\/#primaryimage\"},\"thumbnailUrl\":\"https:\\\/\\\/i0.wp.com\\\/landioustravel.com\\\/wp-content\\\/uploads\\\/2023\\\/01\\\/Hurghada-Museum-City-Tour-El-Gouna.jpg?fit=600%2C400&ssl=1\",\"datePublished\":\"2023-05-05T01:22:37+00:00\",\"dateModified\":\"2024-09-28T17:55:50+00:00\",\"description\":\"Recorrido por la ciudad del Museo de Hurghada El Gouna \u00bfLe gustar\u00eda ver artefactos reales de la antigua cultura de Egipto pero no viajar lejos a El Cairo\",\"breadcrumb\":{\"@id\":\"https:\\\/\\\/landioustravel.com\\\/es\\\/shop\\\/recorrido-ciudad-museo-hurghada-gouna\\\/#breadcrumb\"},\"inLanguage\":\"es\",\"potentialAction\":[{\"@type\":\"ReadAction\",\"target\":[\"https:\\\/\\\/landioustravel.com\\\/es\\\/shop\\\/recorrido-ciudad-museo-hurghada-gouna\\\/\"]}]},{\"@type\":\"ImageObject\",\"inLanguage\":\"es\",\"@id\":\"https:\\\/\\\/landioustravel.com\\\/es\\\/shop\\\/recorrido-ciudad-museo-hurghada-gouna\\\/#primaryimage\",\"url\":\"https:\\\/\\\/i0.wp.com\\\/landioustravel.com\\\/wp-content\\\/uploads\\\/2023\\\/01\\\/Hurghada-Museum-City-Tour-El-Gouna.jpg?fit=600%2C400&ssl=1\",\"contentUrl\":\"https:\\\/\\\/i0.wp.com\\\/landioustravel.com\\\/wp-content\\\/uploads\\\/2023\\\/01\\\/Hurghada-Museum-City-Tour-El-Gouna.jpg?fit=600%2C400&ssl=1\",\"width\":600,\"height\":400,\"caption\":\"Hurghada Museum City Tour El Gouna\"},{\"@type\":\"BreadcrumbList\",\"@id\":\"https:\\\/\\\/landioustravel.com\\\/es\\\/shop\\\/recorrido-ciudad-museo-hurghada-gouna\\\/#breadcrumb\",\"itemListElement\":[{\"@type\":\"ListItem\",\"position\":1,\"name\":\"Home\",\"item\":\"https:\\\/\\\/landioustravel.com\\\/es\\\/\"},{\"@type\":\"ListItem\",\"position\":2,\"name\":\"Servicios y Tours\",\"item\":\"https:\\\/\\\/landioustravel.com\\\/es\\\/\"},{\"@type\":\"ListItem\",\"position\":3,\"name\":\"Recorrido por la ciudad del Museo de Hurghada El Gouna\"}]},{\"@type\":\"WebSite\",\"@id\":\"https:\\\/\\\/landioustravel.com\\\/es\\\/#website\",\"url\":\"https:\\\/\\\/landioustravel.com\\\/es\\\/\",\"name\":\"Landious Travel\",\"description\":\"Tours and Excursions in Egypt\",\"publisher\":{\"@id\":\"https:\\\/\\\/landioustravel.com\\\/es\\\/#organization\"},\"potentialAction\":[{\"@type\":\"SearchAction\",\"target\":{\"@type\":\"EntryPoint\",\"urlTemplate\":\"https:\\\/\\\/landioustravel.com\\\/es\\\/?s={search_term_string}\"},\"query-input\":{\"@type\":\"PropertyValueSpecification\",\"valueRequired\":true,\"valueName\":\"search_term_string\"}}],\"inLanguage\":\"es\"},{\"@type\":[\"Organization\",\"Place\"],\"@id\":\"https:\\\/\\\/landioustravel.com\\\/es\\\/#organization\",\"name\":\"Landious Travel\",\"alternateName\":\"Landious Travel\",\"url\":\"https:\\\/\\\/landioustravel.com\\\/es\\\/\",\"logo\":{\"@id\":\"https:\\\/\\\/landioustravel.com\\\/es\\\/shop\\\/recorrido-ciudad-museo-hurghada-gouna\\\/#local-main-organization-logo\"},\"image\":{\"@id\":\"https:\\\/\\\/landioustravel.com\\\/es\\\/shop\\\/recorrido-ciudad-museo-hurghada-gouna\\\/#local-main-organization-logo\"},\"sameAs\":[\"https:\\\/\\\/web.facebook.com\\\/landiousEgypt\",\"https:\\\/\\\/x.com\\\/LandiousTours\",\"https:\\\/\\\/mastodon.social\\\/@landious\"],\"legalName\":\"Landious Travel\",\"telephone\":[],\"openingHoursSpecification\":[{\"@type\":\"OpeningHoursSpecification\",\"dayOfWeek\":[\"Monday\",\"Tuesday\",\"Wednesday\",\"Thursday\",\"Friday\",\"Saturday\",\"Sunday\"],\"opens\":\"09:00\",\"closes\":\"17:00\"}]},{\"@type\":\"ImageObject\",\"inLanguage\":\"es\",\"@id\":\"https:\\\/\\\/landioustravel.com\\\/es\\\/shop\\\/recorrido-ciudad-museo-hurghada-gouna\\\/#local-main-organization-logo\",\"url\":\"https:\\\/\\\/i0.wp.com\\\/landioustravel.com\\\/wp-content\\\/uploads\\\/2021\\\/06\\\/Landious-T.png?fit=500%2C500&ssl=1\",\"contentUrl\":\"https:\\\/\\\/i0.wp.com\\\/landioustravel.com\\\/wp-content\\\/uploads\\\/2021\\\/06\\\/Landious-T.png?fit=500%2C500&ssl=1\",\"width\":500,\"height\":500,\"caption\":\"Landious Travel\"}]}<\/script>\n<!-- \/ Yoast SEO Premium plugin. -->","yoast_head_json":{"title":"Recorrido por la ciudad del Museo de Hurghada El Gouna","description":"Recorrido por la ciudad del Museo de Hurghada El Gouna \u00bfLe gustar\u00eda ver artefactos reales de la antigua cultura de Egipto pero no viajar lejos a El Cairo","robots":{"index":"index","follow":"follow","max-snippet":"max-snippet:-1","max-image-preview":"max-image-preview:large","max-video-preview":"max-video-preview:-1"},"canonical":"https:\/\/landioustravel.com\/es\/shop\/recorrido-ciudad-museo-hurghada-gouna\/","og_locale":"es_ES","og_type":"article","og_title":"Recorrido por la ciudad del Museo de Hurghada El Gouna","og_description":"Landious Travel","og_url":"https:\/\/landioustravel.com\/es\/shop\/recorrido-ciudad-museo-hurghada-gouna\/","og_site_name":"Landious Travel","article_publisher":"https:\/\/web.facebook.com\/landiousEgypt","article_modified_time":"2024-09-28T17:55:50+00:00","og_image":[{"width":600,"height":400,"url":"https:\/\/i0.wp.com\/landioustravel.com\/wp-content\/uploads\/2023\/01\/Hurghada-Museum-City-Tour-El-Gouna.jpg?fit=600%2C400&ssl=1","type":"image\/jpeg"}],"twitter_card":"summary_large_image","twitter_site":"@LandiousTours","twitter_misc":{"Tiempo de lectura":"2 minutos"},"schema":{"@context":"https:\/\/schema.org","@graph":[{"@type":"WebPage","@id":"https:\/\/landioustravel.com\/es\/shop\/recorrido-ciudad-museo-hurghada-gouna\/","url":"https:\/\/landioustravel.com\/es\/shop\/recorrido-ciudad-museo-hurghada-gouna\/","name":"Recorrido por la ciudad del Museo de Hurghada El Gouna","isPartOf":{"@id":"https:\/\/landioustravel.com\/es\/#website"},"primaryImageOfPage":{"@id":"https:\/\/landioustravel.com\/es\/shop\/recorrido-ciudad-museo-hurghada-gouna\/#primaryimage"},"image":{"@id":"https:\/\/landioustravel.com\/es\/shop\/recorrido-ciudad-museo-hurghada-gouna\/#primaryimage"},"thumbnailUrl":"https:\/\/i0.wp.com\/landioustravel.com\/wp-content\/uploads\/2023\/01\/Hurghada-Museum-City-Tour-El-Gouna.jpg?fit=600%2C400&ssl=1","datePublished":"2023-05-05T01:22:37+00:00","dateModified":"2024-09-28T17:55:50+00:00","description":"Recorrido por la ciudad del Museo de Hurghada El Gouna \u00bfLe gustar\u00eda ver artefactos reales de la antigua cultura de Egipto pero no viajar lejos a El Cairo","breadcrumb":{"@id":"https:\/\/landioustravel.com\/es\/shop\/recorrido-ciudad-museo-hurghada-gouna\/#breadcrumb"},"inLanguage":"es","potentialAction":[{"@type":"ReadAction","target":["https:\/\/landioustravel.com\/es\/shop\/recorrido-ciudad-museo-hurghada-gouna\/"]}]},{"@type":"ImageObject","inLanguage":"es","@id":"https:\/\/landioustravel.com\/es\/shop\/recorrido-ciudad-museo-hurghada-gouna\/#primaryimage","url":"https:\/\/i0.wp.com\/landioustravel.com\/wp-content\/uploads\/2023\/01\/Hurghada-Museum-City-Tour-El-Gouna.jpg?fit=600%2C400&ssl=1","contentUrl":"https:\/\/i0.wp.com\/landioustravel.com\/wp-content\/uploads\/2023\/01\/Hurghada-Museum-City-Tour-El-Gouna.jpg?fit=600%2C400&ssl=1","width":600,"height":400,"caption":"Hurghada Museum City Tour El Gouna"},{"@type":"BreadcrumbList","@id":"https:\/\/landioustravel.com\/es\/shop\/recorrido-ciudad-museo-hurghada-gouna\/#breadcrumb","itemListElement":[{"@type":"ListItem","position":1,"name":"Home","item":"https:\/\/landioustravel.com\/es\/"},{"@type":"ListItem","position":2,"name":"Servicios y Tours","item":"https:\/\/landioustravel.com\/es\/"},{"@type":"ListItem","position":3,"name":"Recorrido por la ciudad del Museo de Hurghada El Gouna"}]},{"@type":"WebSite","@id":"https:\/\/landioustravel.com\/es\/#website","url":"https:\/\/landioustravel.com\/es\/","name":"Landious Travel","description":"Tours and Excursions in Egypt","publisher":{"@id":"https:\/\/landioustravel.com\/es\/#organization"},"potentialAction":[{"@type":"SearchAction","target":{"@type":"EntryPoint","urlTemplate":"https:\/\/landioustravel.com\/es\/?s={search_term_string}"},"query-input":{"@type":"PropertyValueSpecification","valueRequired":true,"valueName":"search_term_string"}}],"inLanguage":"es"},{"@type":["Organization","Place"],"@id":"https:\/\/landioustravel.com\/es\/#organization","name":"Landious Travel","alternateName":"Landious Travel","url":"https:\/\/landioustravel.com\/es\/","logo":{"@id":"https:\/\/landioustravel.com\/es\/shop\/recorrido-ciudad-museo-hurghada-gouna\/#local-main-organization-logo"},"image":{"@id":"https:\/\/landioustravel.com\/es\/shop\/recorrido-ciudad-museo-hurghada-gouna\/#local-main-organization-logo"},"sameAs":["https:\/\/web.facebook.com\/landiousEgypt","https:\/\/x.com\/LandiousTours","https:\/\/mastodon.social\/@landious"],"legalName":"Landious Travel","telephone":[],"openingHoursSpecification":[{"@type":"OpeningHoursSpecification","dayOfWeek":["Monday","Tuesday","Wednesday","Thursday","Friday","Saturday","Sunday"],"opens":"09:00","closes":"17:00"}]},{"@type":"ImageObject","inLanguage":"es","@id":"https:\/\/landioustravel.com\/es\/shop\/recorrido-ciudad-museo-hurghada-gouna\/#local-main-organization-logo","url":"https:\/\/i0.wp.com\/landioustravel.com\/wp-content\/uploads\/2021\/06\/Landious-T.png?fit=500%2C500&ssl=1","contentUrl":"https:\/\/i0.wp.com\/landioustravel.com\/wp-content\/uploads\/2021\/06\/Landious-T.png?fit=500%2C500&ssl=1","width":500,"height":500,"caption":"Landious Travel"}]}},"jetpack_publicize_connections":[],"uagb_featured_image_src":{"full":["https:\/\/i0.wp.com\/landioustravel.com\/wp-content\/uploads\/2023\/01\/Hurghada-Museum-City-Tour-El-Gouna.jpg?fit=600%2C400&ssl=1",600,400,false],"thumbnail":["https:\/\/i0.wp.com\/landioustravel.com\/wp-content\/uploads\/2023\/01\/Hurghada-Museum-City-Tour-El-Gouna.jpg?resize=150%2C150&ssl=1",150,150,true],"medium":["https:\/\/i0.wp.com\/landioustravel.com\/wp-content\/uploads\/2023\/01\/Hurghada-Museum-City-Tour-El-Gouna.jpg?fit=300%2C200&ssl=1",300,200,true],"medium_large":["https:\/\/i0.wp.com\/landioustravel.com\/wp-content\/uploads\/2023\/01\/Hurghada-Museum-City-Tour-El-Gouna.jpg?fit=600%2C400&ssl=1",600,400,true],"large":["https:\/\/i0.wp.com\/landioustravel.com\/wp-content\/uploads\/2023\/01\/Hurghada-Museum-City-Tour-El-Gouna.jpg?fit=600%2C400&ssl=1",600,400,true],"1536x1536":["https:\/\/i0.wp.com\/landioustravel.com\/wp-content\/uploads\/2023\/01\/Hurghada-Museum-City-Tour-El-Gouna.jpg?fit=600%2C400&ssl=1",600,400,true],"2048x2048":["https:\/\/i0.wp.com\/landioustravel.com\/wp-content\/uploads\/2023\/01\/Hurghada-Museum-City-Tour-El-Gouna.jpg?fit=600%2C400&ssl=1",600,400,true],"newspack-article-block-landscape-large":["https:\/\/i0.wp.com\/landioustravel.com\/wp-content\/uploads\/2023\/01\/Hurghada-Museum-City-Tour-El-Gouna.jpg?resize=600%2C400&ssl=1",600,400,true],"newspack-article-block-portrait-large":["https:\/\/i0.wp.com\/landioustravel.com\/wp-content\/uploads\/2023\/01\/Hurghada-Museum-City-Tour-El-Gouna.jpg?resize=600%2C400&ssl=1",600,400,true],"newspack-article-block-square-large":["https:\/\/i0.wp.com\/landioustravel.com\/wp-content\/uploads\/2023\/01\/Hurghada-Museum-City-Tour-El-Gouna.jpg?resize=600%2C400&ssl=1",600,400,true],"newspack-article-block-landscape-medium":["https:\/\/i0.wp.com\/landioustravel.com\/wp-content\/uploads\/2023\/01\/Hurghada-Museum-City-Tour-El-Gouna.jpg?resize=600%2C400&ssl=1",600,400,true],"newspack-article-block-portrait-medium":["https:\/\/i0.wp.com\/landioustravel.com\/wp-content\/uploads\/2023\/01\/Hurghada-Museum-City-Tour-El-Gouna.jpg?resize=600%2C400&ssl=1",600,400,true],"newspack-article-block-square-medium":["https:\/\/i0.wp.com\/landioustravel.com\/wp-content\/uploads\/2023\/01\/Hurghada-Museum-City-Tour-El-Gouna.jpg?resize=600%2C400&ssl=1",600,400,true],"newspack-article-block-landscape-intermediate":["https:\/\/i0.wp.com\/landioustravel.com\/wp-content\/uploads\/2023\/01\/Hurghada-Museum-City-Tour-El-Gouna.jpg?resize=600%2C400&ssl=1",600,400,true],"newspack-article-block-portrait-intermediate":["https:\/\/i0.wp.com\/landioustravel.com\/wp-content\/uploads\/2023\/01\/Hurghada-Museum-City-Tour-El-Gouna.jpg?resize=450%2C400&ssl=1",450,400,true],"newspack-article-block-square-intermediate":["https:\/\/i0.wp.com\/landioustravel.com\/wp-content\/uploads\/2023\/01\/Hurghada-Museum-City-Tour-El-Gouna.jpg?resize=600%2C400&ssl=1",600,400,true],"newspack-article-block-landscape-small":["https:\/\/i0.wp.com\/landioustravel.com\/wp-content\/uploads\/2023\/01\/Hurghada-Museum-City-Tour-El-Gouna.jpg?resize=400%2C300&ssl=1",400,300,true],"newspack-article-block-portrait-small":["https:\/\/i0.wp.com\/landioustravel.com\/wp-content\/uploads\/2023\/01\/Hurghada-Museum-City-Tour-El-Gouna.jpg?resize=300%2C400&ssl=1",300,400,true],"newspack-article-block-square-small":["https:\/\/i0.wp.com\/landioustravel.com\/wp-content\/uploads\/2023\/01\/Hurghada-Museum-City-Tour-El-Gouna.jpg?resize=400%2C400&ssl=1",400,400,true],"newspack-article-block-landscape-tiny":["https:\/\/i0.wp.com\/landioustravel.com\/wp-content\/uploads\/2023\/01\/Hurghada-Museum-City-Tour-El-Gouna.jpg?resize=200%2C150&ssl=1",200,150,true],"newspack-article-block-portrait-tiny":["https:\/\/i0.wp.com\/landioustravel.com\/wp-content\/uploads\/2023\/01\/Hurghada-Museum-City-Tour-El-Gouna.jpg?resize=150%2C200&ssl=1",150,200,true],"newspack-article-block-square-tiny":["https:\/\/i0.wp.com\/landioustravel.com\/wp-content\/uploads\/2023\/01\/Hurghada-Museum-City-Tour-El-Gouna.jpg?resize=200%2C200&ssl=1",200,200,true],"newspack-article-block-uncropped":["https:\/\/i0.wp.com\/landioustravel.com\/wp-content\/uploads\/2023\/01\/Hurghada-Museum-City-Tour-El-Gouna.jpg?fit=600%2C400&ssl=1",600,400,true],"woocommerce_thumbnail":["https:\/\/i0.wp.com\/landioustravel.com\/wp-content\/uploads\/2023\/01\/Hurghada-Museum-City-Tour-El-Gouna.jpg?resize=324%2C324&ssl=1",324,324,true],"woocommerce_single":["https:\/\/i0.wp.com\/landioustravel.com\/wp-content\/uploads\/2023\/01\/Hurghada-Museum-City-Tour-El-Gouna.jpg?fit=416%2C277&ssl=1",416,277,true],"woocommerce_gallery_thumbnail":["https:\/\/i0.wp.com\/landioustravel.com\/wp-content\/uploads\/2023\/01\/Hurghada-Museum-City-Tour-El-Gouna.jpg?resize=100%2C100&ssl=1",100,100,true]},"uagb_author_info":{"display_name":"Mofreh Landious","author_link":"https:\/\/landioustravel.com\/es\/author\/"},"uagb_comment_info":0,"uagb_excerpt":"Si anhelas experimentar el encanto encantador del antiguo Egipto sin aventurarte demasiado lejos de casa, \u00a1no busques m\u00e1s! Un encantador museo ha abierto recientemente sus puertas en Hurghada, mostrando una espl\u00e9ndida variedad de artefactos aut\u00e9nticos de anta\u00f1o del pa\u00eds. El Ministerio de Antig\u00fcedades ha hecho un trabajo espl\u00e9ndido al preservar y transformar algunas de las&hellip;","jetpack_sharing_enabled":true,"jetpack_likes_enabled":true,"amp_enabled":true,"_links":{"self":[{"href":"https:\/\/landioustravel.com\/es\/wp-json\/wp\/v2\/product\/142438","targetHints":{"allow":["GET"]}}],"collection":[{"href":"https:\/\/landioustravel.com\/es\/wp-json\/wp\/v2\/product"}],"about":[{"href":"https:\/\/landioustravel.com\/es\/wp-json\/wp\/v2\/types\/product"}],"replies":[{"embeddable":true,"href":"https:\/\/landioustravel.com\/es\/wp-json\/wp\/v2\/comments?post=142438"}],"wp:featuredmedia":[{"embeddable":true,"href":"https:\/\/landioustravel.com\/es\/wp-json\/wp\/v2\/media\/142440"}],"wp:attachment":[{"href":"https:\/\/landioustravel.com\/es\/wp-json\/wp\/v2\/media?parent=142438"}],"wp:term":[{"taxonomy":"product_brand","embeddable":true,"href":"https:\/\/landioustravel.com\/es\/wp-json\/wp\/v2\/product_brand?post=142438"},{"taxonomy":"product_cat","embeddable":true,"href":"https:\/\/landioustravel.com\/es\/wp-json\/wp\/v2\/product_cat?post=142438"},{"taxonomy":"product_tag","embeddable":true,"href":"https:\/\/landioustravel.com\/es\/wp-json\/wp\/v2\/product_tag?post=142438"}],"curies":[{"name":"wp","href":"https:\/\/api.w.org\/{rel}","templated":true}]}}