{"id":142488,"date":"2023-01-06T00:13:17","date_gmt":"2023-05-05T13:06:51","guid":{"rendered":"https:\/\/landioustravel.com\/?post_type=product&#038;p=142488"},"modified":"2023-11-14T20:40:27","modified_gmt":"2023-11-14T18:40:27","slug":"hurghada-quad-privado-bicicleta-gouna","status":"publish","type":"product","link":"https:\/\/landioustravel.com\/es\/shop\/hurghada-quad-privado-bicicleta-gouna\/","title":{"rendered":"Hurghada quad privado en bicicleta desde El Gouna"},"content":{"rendered":"<p>\u00a1Sin duda, el quad es la actividad de safari m\u00e1s popular en Hurghada! Hurghada quad privado en bicicleta desde El Gouna es un viaje privado muy activo para quads desde El Gouna, Egipto. Recomendamos la excursi\u00f3n porque permitir\u00e1 a los turistas pasar un buen rato. Permitir\u00e1 andar en quads largas distancias en el desierto: 50 km. Adem\u00e1s, permitir\u00e1 descubrir el desierto de Hurghada y familiarizarse con la cultura de los beduinos. \u00a1Es una experiencia encantadora para un moto-safari de tres horas en Hurghada!<\/p>\n<h2>Aspectos destacados del quad individual en Hurghada<\/h2>\n<ul>\n<li>Paseos en quad por una distancia de 50 km en el desierto.<\/li>\n<li>Paseos en camello por el desierto.<\/li>\n<li>Adem\u00e1s, beba t\u00e9 en la tienda beduina.<\/li>\n<\/ul>\n<h2>Programa de Hurghada quad privado en bicicleta desde El Gounana<\/h2>\n<ul>\n<li>El representante de Landious Travel lo recoger\u00e1 de los hoteles de El Gouna aproximadamente a las 08:00 am.<\/li>\n<li>Despu\u00e9s de recoger a todos los interesados, nuestro minib\u00fas\/Jeep se dirige hacia una base de quads en direcci\u00f3n al desierto. El camino a la estaci\u00f3n de quad toma unos 30 minutos.<\/li>\n<li>Al inicio de las rutas individuales en quad ser\u00e1 preferible la preparaci\u00f3n con pa\u00f1uelo en la cabeza, casco y gafas de sol.<\/li>\n<li>Luego, hay instrucci\u00f3n y entrenamiento por un tiempo.<\/li>\n<li>A continuaci\u00f3n, conduce 25 km a trav\u00e9s del desierto hasta el pueblo beduino.<\/li>\n<li>Cuando llegue al pueblo beduino, montar\u00e1 en camello y se tomar\u00e1 fotograf\u00edas con los beduinos.<\/li>\n<li>Despu\u00e9s de montar en camello, el gu\u00eda lo acompa\u00f1ar\u00e1 a la tienda beduina. All\u00ed, bebe t\u00e9 y le hace preguntas al gu\u00eda que debe responder.<\/li>\n<li>Una vez m\u00e1s, prep\u00e1rate para conducir 25 km de regreso a la base. Este viaje en un safari en quad suele durar tres horas.<\/li>\n<li>Una sesi\u00f3n informativa con im\u00e1genes y DVD comienza despu\u00e9s de que termine su aventura y actividad placentera. Al final del viaje, su entrenador le ofrecer\u00e1 algunas fotos para memorizar estos hermosos momentos; luego, estas fotos le ser\u00e1n entregadas por un cargo adicional. La sesi\u00f3n informativa del DVD tendr\u00e1 una duraci\u00f3n de 30 minutos. El precio de la misma var\u00eda seg\u00fan su tama\u00f1o. Ser\u00e1 algo opcional tener.<\/li>\n<li>Finalmente, lo acompa\u00f1aremos de regreso a su hotel.<\/li>\n<li>Este \u00abCuatriciclo individual de Hurghada desde El Gouna\u00bb termina al mediod\u00eda.<\/li>\n<\/ul>\n<h2>\u00bfQu\u00e9 incluye el precio de Ruta en Quad Individual El Gouna?<\/h2>\n<ul>\n<li>Traslado al desierto y regreso al hotel.<\/li>\n<\/ul>\n<h2>\u00bfQu\u00e9 no incluye el Programa Privado Quad El Gouna?<\/h2>\n<ul>\n<li>DVD de v\u00eddeo.<\/li>\n<li>Adem\u00e1s, el CD de fotos.<\/li>\n<\/ul>\n<h2>\u00bfQu\u00e9 llevar para el viaje en moto-safari de tres horas?<\/h2>\n<ul>\n<li>Bufanda.<\/li>\n<li>Adem\u00e1s, Gafas de sol.<\/li>\n<\/ul>\n<h2>D\u00edas de reserva de Hurghada quad privado en bicicleta desde El Gouna<\/h2>\n<ul>\n<li>Todos los d\u00edas de 08:00 a 12:00.<\/li>\n<\/ul>\n","protected":false},"excerpt":{"rendered":"<p>El viaje de safari por el desierto \u00abAndar en quad individual durante tres horas desde El Gouna\u00bb es absolutamente imprescindible para aquellos que buscan una aventura en el desierto egipcio. Con una distancia de 50 km para recorrer en quads y la posibilidad de montar en camello, este viaje es una gran oportunidad para familiarizarse con la belleza natural del desierto e incluso conocer a los beduinos que lo llaman hogar. \u00bfLa mejor parte? El precio del viaje incluye traslados, por lo que es una experiencia sin complicaciones.<\/p>\n<p>Los aspectos m\u00e1s destacados de esta gira son asombrosos. Prep\u00e1rese para un emocionante paseo en quad, explorando el magn\u00edfico desierto y visitando un pueblo beduino tradicional. Durante el recorrido de 3 horas, podr\u00e1 presenciar las impresionantes vistas del desierto egipcio e incluso detenerse para relajarse y tomar fotos memorables del recorrido en quad.<\/p>\n<p>La primera parada de esta aventura es en la estaci\u00f3n de quads, donde tendr\u00e1s la oportunidad de hacer una prueba de manejo y conocer todos los detalles importantes del quad antes de emprender el recorrido. Una vez que est\u00e9 equipado, prep\u00e1rese para conquistar las dunas de arena y sentir la adrenalina correr por su cuerpo. La belleza del desierto pasar\u00e1 a tu lado, dej\u00e1ndote asombrado y asombrado por su magnificencia.<\/p>\n<p>Despu\u00e9s de aproximadamente una hora de cabalgar, tendr\u00e1 la oportunidad de experimentar el encantador pueblo beduino. Aqu\u00ed puede relajarse, beber t\u00e9 beduino y aprender sobre su forma de vida y tradiciones en el desierto de Hurghada. No olvide dar un paseo en camello y ser testigo de su incre\u00edble adaptaci\u00f3n al duro entorno del desierto.<\/p>\n<p>Finalmente, regrese a trav\u00e9s de las dunas de arena y el desierto hasta el punto de partida de Desert Safari El Gouna, donde lo dejar\u00e1n en su hotel en El Gouna. No se puede perder esta aventura en el desierto en quad. Experimente la emoci\u00f3n de andar en quad en el desierto egipcio y sum\u00e9rjase en la cultura beduina.<\/p>\n<p>&nbsp;<\/p>\n","protected":false},"featured_media":134238,"comment_status":"open","ping_status":"closed","template":"","meta":{"_coblocks_attr":"","_coblocks_dimensions":"","_coblocks_responsive_height":"","_coblocks_accordion_ie_support":"","_uag_custom_page_level_css":"","jetpack_post_was_ever_published":false,"jetpack_publicize_message":"","jetpack_publicize_feature_enabled":true,"jetpack_social_post_already_shared":true,"jetpack_social_options":{"image_generator_settings":{"template":"highway","default_image_id":0,"font":"","enabled":false},"version":2},"_wpas_customize_per_network":false},"product_brand":[],"product_cat":[],"product_tag":[1829,1797,2182,1834,1813],"class_list":{"0":"post-142488","1":"product","2":"type-product","3":"status-publish","4":"has-post-thumbnail","6":"product_tag-el-gouna-es","7":"product_tag-excursion-es","8":"product_tag-paseos-en-quads","9":"product_tag-safari-es","10":"product_tag-safari-en-el-desierto","12":"first","13":"instock","14":"sale","15":"taxable","16":"shipping-taxable","17":"purchasable","18":"product-type-variable"},"yoast_head":"<!-- This site is optimized with the Yoast SEO Premium plugin v26.9 (Yoast SEO v27.3) - https:\/\/yoast.com\/product\/yoast-seo-premium-wordpress\/ -->\n<title>Hurghada quad privado en bicicleta desde El Gouna<\/title>\n<meta name=\"description\" content=\"Hurghada quad privado en bicicleta desde El Gouna En el viaje de safari por el desierto \u201cPaseo en quad individual durante tres horas en Hurghada\u201d\" \/>\n<meta name=\"robots\" content=\"index, follow, max-snippet:-1, max-image-preview:large, max-video-preview:-1\" \/>\n<link rel=\"canonical\" href=\"https:\/\/landioustravel.com\/es\/shop\/hurghada-quad-privado-bicicleta-gouna\/\" \/>\n<meta property=\"og:locale\" content=\"es_ES\" \/>\n<meta property=\"og:type\" content=\"article\" \/>\n<meta property=\"og:title\" content=\"Hurghada quad privado en bicicleta desde El Gouna\" \/>\n<meta property=\"og:description\" content=\"Landious Travel\" \/>\n<meta property=\"og:url\" content=\"https:\/\/landioustravel.com\/es\/shop\/hurghada-quad-privado-bicicleta-gouna\/\" \/>\n<meta property=\"og:site_name\" content=\"Landious Travel\" \/>\n<meta property=\"article:publisher\" content=\"https:\/\/web.facebook.com\/landiousEgypt\" \/>\n<meta property=\"article:modified_time\" content=\"2023-11-14T18:40:27+00:00\" \/>\n<meta property=\"og:image\" content=\"https:\/\/i0.wp.com\/landioustravel.com\/wp-content\/uploads\/2023\/01\/Hurghada-Private-Quad-Biking-El-Gouna-e1672956681800.jpg?fit=1200%2C675&ssl=1\" \/>\n\t<meta property=\"og:image:width\" content=\"1200\" \/>\n\t<meta property=\"og:image:height\" content=\"675\" \/>\n\t<meta property=\"og:image:type\" content=\"image\/jpeg\" \/>\n<meta name=\"twitter:card\" content=\"summary_large_image\" \/>\n<meta name=\"twitter:site\" content=\"@LandiousTours\" \/>\n<meta name=\"twitter:label1\" content=\"Tiempo de lectura\" \/>\n\t<meta name=\"twitter:data1\" content=\"2 minutos\" \/>\n<script type=\"application\/ld+json\" class=\"yoast-schema-graph\">{\"@context\":\"https:\\\/\\\/schema.org\",\"@graph\":[{\"@type\":\"WebPage\",\"@id\":\"https:\\\/\\\/landioustravel.com\\\/es\\\/shop\\\/hurghada-quad-privado-bicicleta-gouna\\\/\",\"url\":\"https:\\\/\\\/landioustravel.com\\\/es\\\/shop\\\/hurghada-quad-privado-bicicleta-gouna\\\/\",\"name\":\"Hurghada quad privado en bicicleta desde El Gouna\",\"isPartOf\":{\"@id\":\"https:\\\/\\\/landioustravel.com\\\/es\\\/#website\"},\"primaryImageOfPage\":{\"@id\":\"https:\\\/\\\/landioustravel.com\\\/es\\\/shop\\\/hurghada-quad-privado-bicicleta-gouna\\\/#primaryimage\"},\"image\":{\"@id\":\"https:\\\/\\\/landioustravel.com\\\/es\\\/shop\\\/hurghada-quad-privado-bicicleta-gouna\\\/#primaryimage\"},\"thumbnailUrl\":\"https:\\\/\\\/i0.wp.com\\\/landioustravel.com\\\/wp-content\\\/uploads\\\/2023\\\/01\\\/Hurghada-Private-Quad-Biking-El-Gouna-e1672956681800.jpg?fit=1200%2C675&ssl=1\",\"datePublished\":\"2023-05-05T13:06:51+00:00\",\"dateModified\":\"2023-11-14T18:40:27+00:00\",\"description\":\"Hurghada quad privado en bicicleta desde El Gouna En el viaje de safari por el desierto \u201cPaseo en quad individual durante tres horas en Hurghada\u201d\",\"breadcrumb\":{\"@id\":\"https:\\\/\\\/landioustravel.com\\\/es\\\/shop\\\/hurghada-quad-privado-bicicleta-gouna\\\/#breadcrumb\"},\"inLanguage\":\"es\",\"potentialAction\":[{\"@type\":\"ReadAction\",\"target\":[\"https:\\\/\\\/landioustravel.com\\\/es\\\/shop\\\/hurghada-quad-privado-bicicleta-gouna\\\/\"]}]},{\"@type\":\"ImageObject\",\"inLanguage\":\"es\",\"@id\":\"https:\\\/\\\/landioustravel.com\\\/es\\\/shop\\\/hurghada-quad-privado-bicicleta-gouna\\\/#primaryimage\",\"url\":\"https:\\\/\\\/i0.wp.com\\\/landioustravel.com\\\/wp-content\\\/uploads\\\/2023\\\/01\\\/Hurghada-Private-Quad-Biking-El-Gouna-e1672956681800.jpg?fit=1200%2C675&ssl=1\",\"contentUrl\":\"https:\\\/\\\/i0.wp.com\\\/landioustravel.com\\\/wp-content\\\/uploads\\\/2023\\\/01\\\/Hurghada-Private-Quad-Biking-El-Gouna-e1672956681800.jpg?fit=1200%2C675&ssl=1\",\"width\":1200,\"height\":675,\"caption\":\"Hurghada Private Quad Biking El Gouna\"},{\"@type\":\"BreadcrumbList\",\"@id\":\"https:\\\/\\\/landioustravel.com\\\/es\\\/shop\\\/hurghada-quad-privado-bicicleta-gouna\\\/#breadcrumb\",\"itemListElement\":[{\"@type\":\"ListItem\",\"position\":1,\"name\":\"Home\",\"item\":\"https:\\\/\\\/landioustravel.com\\\/es\\\/\"},{\"@type\":\"ListItem\",\"position\":2,\"name\":\"Servicios y Tours\",\"item\":\"https:\\\/\\\/landioustravel.com\\\/es\\\/\"},{\"@type\":\"ListItem\",\"position\":3,\"name\":\"Hurghada quad privado en bicicleta desde El Gouna\"}]},{\"@type\":\"WebSite\",\"@id\":\"https:\\\/\\\/landioustravel.com\\\/es\\\/#website\",\"url\":\"https:\\\/\\\/landioustravel.com\\\/es\\\/\",\"name\":\"Landious Travel\",\"description\":\"Tours and Excursions in Egypt\",\"publisher\":{\"@id\":\"https:\\\/\\\/landioustravel.com\\\/es\\\/#organization\"},\"potentialAction\":[{\"@type\":\"SearchAction\",\"target\":{\"@type\":\"EntryPoint\",\"urlTemplate\":\"https:\\\/\\\/landioustravel.com\\\/es\\\/?s={search_term_string}\"},\"query-input\":{\"@type\":\"PropertyValueSpecification\",\"valueRequired\":true,\"valueName\":\"search_term_string\"}}],\"inLanguage\":\"es\"},{\"@type\":[\"Organization\",\"Place\"],\"@id\":\"https:\\\/\\\/landioustravel.com\\\/es\\\/#organization\",\"name\":\"Landious Travel\",\"alternateName\":\"Landious Travel\",\"url\":\"https:\\\/\\\/landioustravel.com\\\/es\\\/\",\"logo\":{\"@id\":\"https:\\\/\\\/landioustravel.com\\\/es\\\/shop\\\/hurghada-quad-privado-bicicleta-gouna\\\/#local-main-organization-logo\"},\"image\":{\"@id\":\"https:\\\/\\\/landioustravel.com\\\/es\\\/shop\\\/hurghada-quad-privado-bicicleta-gouna\\\/#local-main-organization-logo\"},\"sameAs\":[\"https:\\\/\\\/web.facebook.com\\\/landiousEgypt\",\"https:\\\/\\\/x.com\\\/LandiousTours\",\"https:\\\/\\\/mastodon.social\\\/@landious\"],\"legalName\":\"Landious Travel\",\"telephone\":[],\"openingHoursSpecification\":[{\"@type\":\"OpeningHoursSpecification\",\"dayOfWeek\":[\"Monday\",\"Tuesday\",\"Wednesday\",\"Thursday\",\"Friday\",\"Saturday\",\"Sunday\"],\"opens\":\"09:00\",\"closes\":\"17:00\"}]},{\"@type\":\"ImageObject\",\"inLanguage\":\"es\",\"@id\":\"https:\\\/\\\/landioustravel.com\\\/es\\\/shop\\\/hurghada-quad-privado-bicicleta-gouna\\\/#local-main-organization-logo\",\"url\":\"https:\\\/\\\/i0.wp.com\\\/landioustravel.com\\\/wp-content\\\/uploads\\\/2021\\\/06\\\/Landious-T.png?fit=500%2C500&ssl=1\",\"contentUrl\":\"https:\\\/\\\/i0.wp.com\\\/landioustravel.com\\\/wp-content\\\/uploads\\\/2021\\\/06\\\/Landious-T.png?fit=500%2C500&ssl=1\",\"width\":500,\"height\":500,\"caption\":\"Landious Travel\"}]}<\/script>\n<!-- \/ Yoast SEO Premium plugin. -->","yoast_head_json":{"title":"Hurghada quad privado en bicicleta desde El Gouna","description":"Hurghada quad privado en bicicleta desde El Gouna En el viaje de safari por el desierto \u201cPaseo en quad individual durante tres horas en Hurghada\u201d","robots":{"index":"index","follow":"follow","max-snippet":"max-snippet:-1","max-image-preview":"max-image-preview:large","max-video-preview":"max-video-preview:-1"},"canonical":"https:\/\/landioustravel.com\/es\/shop\/hurghada-quad-privado-bicicleta-gouna\/","og_locale":"es_ES","og_type":"article","og_title":"Hurghada quad privado en bicicleta desde El Gouna","og_description":"Landious Travel","og_url":"https:\/\/landioustravel.com\/es\/shop\/hurghada-quad-privado-bicicleta-gouna\/","og_site_name":"Landious Travel","article_publisher":"https:\/\/web.facebook.com\/landiousEgypt","article_modified_time":"2023-11-14T18:40:27+00:00","og_image":[{"width":1200,"height":675,"url":"https:\/\/i0.wp.com\/landioustravel.com\/wp-content\/uploads\/2023\/01\/Hurghada-Private-Quad-Biking-El-Gouna-e1672956681800.jpg?fit=1200%2C675&ssl=1","type":"image\/jpeg"}],"twitter_card":"summary_large_image","twitter_site":"@LandiousTours","twitter_misc":{"Tiempo de lectura":"2 minutos"},"schema":{"@context":"https:\/\/schema.org","@graph":[{"@type":"WebPage","@id":"https:\/\/landioustravel.com\/es\/shop\/hurghada-quad-privado-bicicleta-gouna\/","url":"https:\/\/landioustravel.com\/es\/shop\/hurghada-quad-privado-bicicleta-gouna\/","name":"Hurghada quad privado en bicicleta desde El Gouna","isPartOf":{"@id":"https:\/\/landioustravel.com\/es\/#website"},"primaryImageOfPage":{"@id":"https:\/\/landioustravel.com\/es\/shop\/hurghada-quad-privado-bicicleta-gouna\/#primaryimage"},"image":{"@id":"https:\/\/landioustravel.com\/es\/shop\/hurghada-quad-privado-bicicleta-gouna\/#primaryimage"},"thumbnailUrl":"https:\/\/i0.wp.com\/landioustravel.com\/wp-content\/uploads\/2023\/01\/Hurghada-Private-Quad-Biking-El-Gouna-e1672956681800.jpg?fit=1200%2C675&ssl=1","datePublished":"2023-05-05T13:06:51+00:00","dateModified":"2023-11-14T18:40:27+00:00","description":"Hurghada quad privado en bicicleta desde El Gouna En el viaje de safari por el desierto \u201cPaseo en quad individual durante tres horas en Hurghada\u201d","breadcrumb":{"@id":"https:\/\/landioustravel.com\/es\/shop\/hurghada-quad-privado-bicicleta-gouna\/#breadcrumb"},"inLanguage":"es","potentialAction":[{"@type":"ReadAction","target":["https:\/\/landioustravel.com\/es\/shop\/hurghada-quad-privado-bicicleta-gouna\/"]}]},{"@type":"ImageObject","inLanguage":"es","@id":"https:\/\/landioustravel.com\/es\/shop\/hurghada-quad-privado-bicicleta-gouna\/#primaryimage","url":"https:\/\/i0.wp.com\/landioustravel.com\/wp-content\/uploads\/2023\/01\/Hurghada-Private-Quad-Biking-El-Gouna-e1672956681800.jpg?fit=1200%2C675&ssl=1","contentUrl":"https:\/\/i0.wp.com\/landioustravel.com\/wp-content\/uploads\/2023\/01\/Hurghada-Private-Quad-Biking-El-Gouna-e1672956681800.jpg?fit=1200%2C675&ssl=1","width":1200,"height":675,"caption":"Hurghada Private Quad Biking El Gouna"},{"@type":"BreadcrumbList","@id":"https:\/\/landioustravel.com\/es\/shop\/hurghada-quad-privado-bicicleta-gouna\/#breadcrumb","itemListElement":[{"@type":"ListItem","position":1,"name":"Home","item":"https:\/\/landioustravel.com\/es\/"},{"@type":"ListItem","position":2,"name":"Servicios y Tours","item":"https:\/\/landioustravel.com\/es\/"},{"@type":"ListItem","position":3,"name":"Hurghada quad privado en bicicleta desde El Gouna"}]},{"@type":"WebSite","@id":"https:\/\/landioustravel.com\/es\/#website","url":"https:\/\/landioustravel.com\/es\/","name":"Landious Travel","description":"Tours and Excursions in Egypt","publisher":{"@id":"https:\/\/landioustravel.com\/es\/#organization"},"potentialAction":[{"@type":"SearchAction","target":{"@type":"EntryPoint","urlTemplate":"https:\/\/landioustravel.com\/es\/?s={search_term_string}"},"query-input":{"@type":"PropertyValueSpecification","valueRequired":true,"valueName":"search_term_string"}}],"inLanguage":"es"},{"@type":["Organization","Place"],"@id":"https:\/\/landioustravel.com\/es\/#organization","name":"Landious Travel","alternateName":"Landious Travel","url":"https:\/\/landioustravel.com\/es\/","logo":{"@id":"https:\/\/landioustravel.com\/es\/shop\/hurghada-quad-privado-bicicleta-gouna\/#local-main-organization-logo"},"image":{"@id":"https:\/\/landioustravel.com\/es\/shop\/hurghada-quad-privado-bicicleta-gouna\/#local-main-organization-logo"},"sameAs":["https:\/\/web.facebook.com\/landiousEgypt","https:\/\/x.com\/LandiousTours","https:\/\/mastodon.social\/@landious"],"legalName":"Landious Travel","telephone":[],"openingHoursSpecification":[{"@type":"OpeningHoursSpecification","dayOfWeek":["Monday","Tuesday","Wednesday","Thursday","Friday","Saturday","Sunday"],"opens":"09:00","closes":"17:00"}]},{"@type":"ImageObject","inLanguage":"es","@id":"https:\/\/landioustravel.com\/es\/shop\/hurghada-quad-privado-bicicleta-gouna\/#local-main-organization-logo","url":"https:\/\/i0.wp.com\/landioustravel.com\/wp-content\/uploads\/2021\/06\/Landious-T.png?fit=500%2C500&ssl=1","contentUrl":"https:\/\/i0.wp.com\/landioustravel.com\/wp-content\/uploads\/2021\/06\/Landious-T.png?fit=500%2C500&ssl=1","width":500,"height":500,"caption":"Landious Travel"}]}},"jetpack_publicize_connections":[],"uagb_featured_image_src":{"full":["https:\/\/i0.wp.com\/landioustravel.com\/wp-content\/uploads\/2023\/01\/Hurghada-Private-Quad-Biking-El-Gouna-e1672956681800.jpg?fit=1200%2C675&ssl=1",1200,675,false],"thumbnail":["https:\/\/i0.wp.com\/landioustravel.com\/wp-content\/uploads\/2023\/01\/Hurghada-Private-Quad-Biking-El-Gouna-e1672956681800.jpg?resize=150%2C150&ssl=1",150,150,true],"medium":["https:\/\/i0.wp.com\/landioustravel.com\/wp-content\/uploads\/2023\/01\/Hurghada-Private-Quad-Biking-El-Gouna-e1672956681800.jpg?fit=300%2C169&ssl=1",300,169,true],"medium_large":["https:\/\/i0.wp.com\/landioustravel.com\/wp-content\/uploads\/2023\/01\/Hurghada-Private-Quad-Biking-El-Gouna-e1672956681800.jpg?fit=768%2C432&ssl=1",768,432,true],"large":["https:\/\/i0.wp.com\/landioustravel.com\/wp-content\/uploads\/2023\/01\/Hurghada-Private-Quad-Biking-El-Gouna-e1672956681800.jpg?fit=980%2C551&ssl=1",980,551,true],"1536x1536":["https:\/\/i0.wp.com\/landioustravel.com\/wp-content\/uploads\/2023\/01\/Hurghada-Private-Quad-Biking-El-Gouna-e1672956681800.jpg?fit=1200%2C675&ssl=1",1200,675,true],"2048x2048":["https:\/\/i0.wp.com\/landioustravel.com\/wp-content\/uploads\/2023\/01\/Hurghada-Private-Quad-Biking-El-Gouna-e1672956681800.jpg?fit=1200%2C675&ssl=1",1200,675,true],"newspack-article-block-landscape-large":["https:\/\/i0.wp.com\/landioustravel.com\/wp-content\/uploads\/2023\/01\/Hurghada-Private-Quad-Biking-El-Gouna-e1672956681800.jpg?resize=1200%2C675&ssl=1",1200,675,true],"newspack-article-block-portrait-large":["https:\/\/i0.wp.com\/landioustravel.com\/wp-content\/uploads\/2023\/01\/Hurghada-Private-Quad-Biking-El-Gouna-e1672956681800.jpg?resize=900%2C675&ssl=1",900,675,true],"newspack-article-block-square-large":["https:\/\/i0.wp.com\/landioustravel.com\/wp-content\/uploads\/2023\/01\/Hurghada-Private-Quad-Biking-El-Gouna-e1672956681800.jpg?resize=1200%2C675&ssl=1",1200,675,true],"newspack-article-block-landscape-medium":["https:\/\/i0.wp.com\/landioustravel.com\/wp-content\/uploads\/2023\/01\/Hurghada-Private-Quad-Biking-El-Gouna-e1672956681800.jpg?resize=800%2C600&ssl=1",800,600,true],"newspack-article-block-portrait-medium":["https:\/\/i0.wp.com\/landioustravel.com\/wp-content\/uploads\/2023\/01\/Hurghada-Private-Quad-Biking-El-Gouna-e1672956681800.jpg?resize=600%2C675&ssl=1",600,675,true],"newspack-article-block-square-medium":["https:\/\/i0.wp.com\/landioustravel.com\/wp-content\/uploads\/2023\/01\/Hurghada-Private-Quad-Biking-El-Gouna-e1672956681800.jpg?resize=800%2C675&ssl=1",800,675,true],"newspack-article-block-landscape-intermediate":["https:\/\/i0.wp.com\/landioustravel.com\/wp-content\/uploads\/2023\/01\/Hurghada-Private-Quad-Biking-El-Gouna-e1672956681800.jpg?resize=600%2C450&ssl=1",600,450,true],"newspack-article-block-portrait-intermediate":["https:\/\/i0.wp.com\/landioustravel.com\/wp-content\/uploads\/2023\/01\/Hurghada-Private-Quad-Biking-El-Gouna-e1672956681800.jpg?resize=450%2C600&ssl=1",450,600,true],"newspack-article-block-square-intermediate":["https:\/\/i0.wp.com\/landioustravel.com\/wp-content\/uploads\/2023\/01\/Hurghada-Private-Quad-Biking-El-Gouna-e1672956681800.jpg?resize=600%2C600&ssl=1",600,600,true],"newspack-article-block-landscape-small":["https:\/\/i0.wp.com\/landioustravel.com\/wp-content\/uploads\/2023\/01\/Hurghada-Private-Quad-Biking-El-Gouna-e1672956681800.jpg?resize=400%2C300&ssl=1",400,300,true],"newspack-article-block-portrait-small":["https:\/\/i0.wp.com\/landioustravel.com\/wp-content\/uploads\/2023\/01\/Hurghada-Private-Quad-Biking-El-Gouna-e1672956681800.jpg?resize=300%2C400&ssl=1",300,400,true],"newspack-article-block-square-small":["https:\/\/i0.wp.com\/landioustravel.com\/wp-content\/uploads\/2023\/01\/Hurghada-Private-Quad-Biking-El-Gouna-e1672956681800.jpg?resize=400%2C400&ssl=1",400,400,true],"newspack-article-block-landscape-tiny":["https:\/\/i0.wp.com\/landioustravel.com\/wp-content\/uploads\/2023\/01\/Hurghada-Private-Quad-Biking-El-Gouna-e1672956681800.jpg?resize=200%2C150&ssl=1",200,150,true],"newspack-article-block-portrait-tiny":["https:\/\/i0.wp.com\/landioustravel.com\/wp-content\/uploads\/2023\/01\/Hurghada-Private-Quad-Biking-El-Gouna-e1672956681800.jpg?resize=150%2C200&ssl=1",150,200,true],"newspack-article-block-square-tiny":["https:\/\/i0.wp.com\/landioustravel.com\/wp-content\/uploads\/2023\/01\/Hurghada-Private-Quad-Biking-El-Gouna-e1672956681800.jpg?resize=200%2C200&ssl=1",200,200,true],"newspack-article-block-uncropped":["https:\/\/i0.wp.com\/landioustravel.com\/wp-content\/uploads\/2023\/01\/Hurghada-Private-Quad-Biking-El-Gouna-e1672956681800.jpg?fit=1200%2C675&ssl=1",1200,675,true],"woocommerce_thumbnail":["https:\/\/i0.wp.com\/landioustravel.com\/wp-content\/uploads\/2023\/01\/Hurghada-Private-Quad-Biking-El-Gouna-e1672956681800.jpg?resize=324%2C324&ssl=1",324,324,true],"woocommerce_single":["https:\/\/i0.wp.com\/landioustravel.com\/wp-content\/uploads\/2023\/01\/Hurghada-Private-Quad-Biking-El-Gouna-e1672956681800.jpg?fit=416%2C234&ssl=1",416,234,true],"woocommerce_gallery_thumbnail":["https:\/\/i0.wp.com\/landioustravel.com\/wp-content\/uploads\/2023\/01\/Hurghada-Private-Quad-Biking-El-Gouna-e1672956681800.jpg?resize=100%2C100&ssl=1",100,100,true]},"uagb_author_info":{"display_name":"Mofreh Landious","author_link":"https:\/\/landioustravel.com\/es\/author\/"},"uagb_comment_info":0,"uagb_excerpt":"El viaje de safari por el desierto \"Andar en quad individual durante tres horas desde El Gouna\" es absolutamente imprescindible para aquellos que buscan una aventura en el desierto egipcio. Con una distancia de 50 km para recorrer en quads y la posibilidad de montar en camello, este viaje es una gran oportunidad para familiarizarse&hellip;","jetpack_sharing_enabled":true,"jetpack_likes_enabled":true,"amp_enabled":true,"_links":{"self":[{"href":"https:\/\/landioustravel.com\/es\/wp-json\/wp\/v2\/product\/142488","targetHints":{"allow":["GET"]}}],"collection":[{"href":"https:\/\/landioustravel.com\/es\/wp-json\/wp\/v2\/product"}],"about":[{"href":"https:\/\/landioustravel.com\/es\/wp-json\/wp\/v2\/types\/product"}],"replies":[{"embeddable":true,"href":"https:\/\/landioustravel.com\/es\/wp-json\/wp\/v2\/comments?post=142488"}],"wp:featuredmedia":[{"embeddable":true,"href":"https:\/\/landioustravel.com\/es\/wp-json\/wp\/v2\/media\/134238"}],"wp:attachment":[{"href":"https:\/\/landioustravel.com\/es\/wp-json\/wp\/v2\/media?parent=142488"}],"wp:term":[{"taxonomy":"product_brand","embeddable":true,"href":"https:\/\/landioustravel.com\/es\/wp-json\/wp\/v2\/product_brand?post=142488"},{"taxonomy":"product_cat","embeddable":true,"href":"https:\/\/landioustravel.com\/es\/wp-json\/wp\/v2\/product_cat?post=142488"},{"taxonomy":"product_tag","embeddable":true,"href":"https:\/\/landioustravel.com\/es\/wp-json\/wp\/v2\/product_tag?post=142488"}],"curies":[{"name":"wp","href":"https:\/\/api.w.org\/{rel}","templated":true}]}}