{"id":142585,"date":"2023-01-02T19:33:25","date_gmt":"2023-05-05T20:55:47","guid":{"rendered":"https:\/\/landioustravel.com\/?post_type=product&#038;p=142585"},"modified":"2023-06-16T14:40:20","modified_gmt":"2023-06-16T12:40:20","slug":"viaje-espectaculo-delfines-gouna","status":"publish","type":"product","link":"https:\/\/landioustravel.com\/es\/shop\/viaje-espectaculo-delfines-gouna\/","title":{"rendered":"Viaje espect\u00e1culo de delfines El Gouna"},"content":{"rendered":"<p>Viaje espect\u00e1culo de delfines El Gouna es una excursi\u00f3n de entretenimiento favorita al delfinario en Safaga, Egipto. Recomendamos el viaje porque permite a los turistas de cualquier edad ver la m\u00e1s extensa colecci\u00f3n de animales marinos. Adem\u00e1s, da la oportunidad de tomar una foto con ellos. De hecho, \u00a1es uno de los programas de entretenimiento m\u00e1s encantadores de El Gouna!<\/p>\n<h2>Aspectos destacados de la excursi\u00f3n al delfinario desde El Gouna<\/h2>\n<ul>\n<li>Espect\u00e1culo de animales marinos.<\/li>\n<li>Adem\u00e1s, hacerse una foto con estos animales para el recuerdo es una opci\u00f3n de pago.<\/li>\n<\/ul>\n<h2>Programa del Viaje a Dolphin World<\/h2>\n<ul>\n<li>El representante de Landious Travel lo recoger\u00e1 de sus hoteles de El Gouna aproximadamente a las 13:00.<\/li>\n<li>Despu\u00e9s de recoger a todos los interesados, el autob\u00fas se dirige al delfinario Dolphin World. Se tarda aproximadamente 30 minutos en llegar a este lugar.<\/li>\n<li>Al comienzo del programa de la excursi\u00f3n, el gu\u00eda le indicar\u00e1 d\u00f3nde sentarse en el auditorio.<\/li>\n<li>Tan pronto como todos se re\u00fanen, el espect\u00e1culo comienza durante aproximadamente una hora. Durante el espect\u00e1culo, seis artistas interpretan sus papeles:<\/li>\n<\/ul>\n<ol>\n<li>Smelaya y Agat \u2013 lobos marinos.<\/li>\n<li>Sabrina y Gerasim: delfines nariz de botella marinos.<\/li>\n<li>Leela \u2013 morsa.<\/li>\n<li>Adem\u00e1s, Dimas \u2013 le\u00f3n marino.<\/li>\n<\/ol>\n<ul>\n<li>Luego, despu\u00e9s del final de este fant\u00e1stico espect\u00e1culo, podr\u00edas acercarte a estas criaturas marinas para tomarte una foto. Es opcional por un cargo extra.<\/li>\n<li>Finalmente, nuestro autob\u00fas regres\u00f3 a Safaga despu\u00e9s de un fant\u00e1stico viaje al Delfinario.<\/li>\n<li>Este espect\u00e1culo de delfines de El Gouna termina aproximadamente a las 15:00.<\/li>\n<\/ul>\n<h2>\u00bfQu\u00e9 incluye el precio de un viaje al espect\u00e1culo de delfines desde El Gouna?<\/h2>\n<ul>\n<li>Traslado al Mundo de los Delfines y regreso al hotel.<\/li>\n<li>Adem\u00e1s, entradas.<\/li>\n<\/ul>\n<h2>\u00bfQu\u00e9 no incluye el Programa del Delfinario El Gouna?<\/h2>\n<ul>\n<li>DVD de v\u00eddeo.<\/li>\n<li>Adem\u00e1s, el CD de fotos.<\/li>\n<\/ul>\n<h2>\u00bfQu\u00e9 llevar contigo para el viaje?<\/h2>\n<ul>\n<li>Gafas de sol.<\/li>\n<\/ul>\n<h2>Reserva D\u00edas de Espect\u00e1culo de Delfines Viaje El Gouna<\/h2>\n<ul>\n<li>Todos los d\u00edas de 13:00 a 15:00.<\/li>\n<\/ul>\n<h2>Servicios presentados durante el viaje del espect\u00e1culo de delfines desde El Gouna<\/h2>\n<ul>\n<li><strong>Transporte<\/strong>: Landious Travel utiliza limusinas\/minibuses con aire acondicionado. Un conductor profesional lo acompa\u00f1ar\u00e1 al Delfinario y a su hotel.<\/li>\n<li><strong>Guiado<\/strong>: un l\u00edder profesional ingl\u00e9s lo recoger\u00e1 de su hotel y lo acompa\u00f1ar\u00e1 al Delfinario.<\/li>\n<li><strong>Equipo y personal:<\/strong> en el Delfinario contar\u00e1s con una tripulaci\u00f3n amable y profesional. Nuestros monitores y formadores te guiar\u00e1n durante el viaje.<\/li>\n<\/ul>\n","protected":false},"excerpt":{"rendered":"<p>\u00a1Experimenta la aventura marina definitiva con la excursi\u00f3n Delfinario desde El Gouna! \u00a1No se pierda esta oportunidad \u00fanica en la vida de ver a estas magn\u00edficas criaturas en acci\u00f3n! Sea testigo de la colecci\u00f3n m\u00e1s extensa de criaturas marinas en Egipto, incluidos los delfines del mar negro, los lobos marinos del norte, los leones marinos sudamericanos y las morsas del Pac\u00edfico. Usted y su familia se sorprender\u00e1n con la inteligencia y el encanto de estos animales especiales durante el incre\u00edble Dolphin World Show. Conozca de cerca a los delfines y disfrute de un espect\u00e1culo admirable con un delf\u00edn y un simp\u00e1tico le\u00f3n marino. Esta excursi\u00f3n incluye boletos para el Dolphin World Show y traslados a su hotel en El Gouna en un c\u00f3modo veh\u00edculo con aire acondicionado.<\/p>\n","protected":false},"featured_media":142588,"comment_status":"open","ping_status":"closed","template":"","meta":{"_coblocks_attr":"","_coblocks_dimensions":"","_coblocks_responsive_height":"","_coblocks_accordion_ie_support":"","_uag_custom_page_level_css":"","jetpack_publicize_message":"","jetpack_publicize_feature_enabled":true,"jetpack_social_post_already_shared":true,"jetpack_social_options":{"image_generator_settings":{"template":"highway","default_image_id":0,"font":"","enabled":false},"version":2},"_wpas_customize_per_network":false},"product_brand":[],"product_cat":[23479],"product_tag":[1825,1829,1797,1808],"class_list":{"0":"post-142585","1":"product","2":"type-product","3":"status-publish","4":"has-post-thumbnail","6":"product_cat-excursiones-el-gouna","7":"product_tag-delfinario-es","8":"product_tag-el-gouna-es","9":"product_tag-excursion-es","10":"product_tag-hurghada-es","11":"pa_age-el-adulto","12":"pa_age-nino-1-4-anos","13":"pa_age-nino-5-11-anos","15":"first","16":"instock","17":"sale","18":"taxable","19":"shipping-taxable","20":"purchasable","21":"product-type-variable"},"yoast_head":"<!-- This site is optimized with the Yoast SEO Premium plugin v26.9 (Yoast SEO v27.5) - https:\/\/yoast.com\/product\/yoast-seo-premium-wordpress\/ -->\n<title>Viaje espect\u00e1culo de delfines El Gouna<\/title>\n<meta name=\"description\" content=\"Viaje espect\u00e1culo de delfines El Gouna permite ver el espect\u00e1culo de mam\u00edferos marinos. Este espect\u00e1culo presenta la colecci\u00f3n m\u00e1s extensa de criaturas\" \/>\n<meta name=\"robots\" content=\"index, follow, max-snippet:-1, max-image-preview:large, max-video-preview:-1\" \/>\n<link rel=\"canonical\" href=\"https:\/\/landioustravel.com\/es\/shop\/viaje-espectaculo-delfines-gouna\/\" \/>\n<meta property=\"og:locale\" content=\"es_ES\" \/>\n<meta property=\"og:type\" content=\"article\" \/>\n<meta property=\"og:title\" content=\"Viaje espect\u00e1culo de delfines El Gouna\" \/>\n<meta property=\"og:description\" content=\"Landious Travel\" \/>\n<meta property=\"og:url\" content=\"https:\/\/landioustravel.com\/es\/shop\/viaje-espectaculo-delfines-gouna\/\" \/>\n<meta property=\"og:site_name\" content=\"Landious Travel\" \/>\n<meta property=\"article:publisher\" content=\"https:\/\/web.facebook.com\/landiousEgypt\" \/>\n<meta property=\"article:modified_time\" content=\"2023-06-16T12:40:20+00:00\" \/>\n<meta property=\"og:image\" content=\"https:\/\/landioustravel.com\/wp-content\/uploads\/2022\/12\/Dolphin-show-e1671819172558-1024x576.jpg\" \/>\n\t<meta property=\"og:image:width\" content=\"1024\" \/>\n\t<meta property=\"og:image:height\" content=\"576\" \/>\n\t<meta property=\"og:image:type\" content=\"image\/jpeg\" \/>\n<meta name=\"twitter:card\" content=\"summary_large_image\" \/>\n<meta name=\"twitter:site\" content=\"@LandiousTours\" \/>\n<meta name=\"twitter:label1\" content=\"Tiempo de lectura\" \/>\n\t<meta name=\"twitter:data1\" content=\"2 minutos\" \/>\n<script type=\"application\/ld+json\" class=\"yoast-schema-graph\">{\"@context\":\"https:\\\/\\\/schema.org\",\"@graph\":[{\"@type\":\"WebPage\",\"@id\":\"https:\\\/\\\/landioustravel.com\\\/es\\\/shop\\\/viaje-espectaculo-delfines-gouna\\\/\",\"url\":\"https:\\\/\\\/landioustravel.com\\\/es\\\/shop\\\/viaje-espectaculo-delfines-gouna\\\/\",\"name\":\"Viaje espect\u00e1culo de delfines El Gouna\",\"isPartOf\":{\"@id\":\"https:\\\/\\\/landioustravel.com\\\/es\\\/#website\"},\"primaryImageOfPage\":{\"@id\":\"https:\\\/\\\/landioustravel.com\\\/es\\\/shop\\\/viaje-espectaculo-delfines-gouna\\\/#primaryimage\"},\"image\":{\"@id\":\"https:\\\/\\\/landioustravel.com\\\/es\\\/shop\\\/viaje-espectaculo-delfines-gouna\\\/#primaryimage\"},\"thumbnailUrl\":\"https:\\\/\\\/i0.wp.com\\\/landioustravel.com\\\/wp-content\\\/uploads\\\/2022\\\/12\\\/Dolphin-show-e1671819172558.jpg?fit=1200%2C675&ssl=1\",\"datePublished\":\"2023-05-05T20:55:47+00:00\",\"dateModified\":\"2023-06-16T12:40:20+00:00\",\"description\":\"Viaje espect\u00e1culo de delfines El Gouna permite ver el espect\u00e1culo de mam\u00edferos marinos. Este espect\u00e1culo presenta la colecci\u00f3n m\u00e1s extensa de criaturas\",\"breadcrumb\":{\"@id\":\"https:\\\/\\\/landioustravel.com\\\/es\\\/shop\\\/viaje-espectaculo-delfines-gouna\\\/#breadcrumb\"},\"inLanguage\":\"es\",\"potentialAction\":[{\"@type\":\"ReadAction\",\"target\":[\"https:\\\/\\\/landioustravel.com\\\/es\\\/shop\\\/viaje-espectaculo-delfines-gouna\\\/\"]}]},{\"@type\":\"ImageObject\",\"inLanguage\":\"es\",\"@id\":\"https:\\\/\\\/landioustravel.com\\\/es\\\/shop\\\/viaje-espectaculo-delfines-gouna\\\/#primaryimage\",\"url\":\"https:\\\/\\\/i0.wp.com\\\/landioustravel.com\\\/wp-content\\\/uploads\\\/2022\\\/12\\\/Dolphin-show-e1671819172558.jpg?fit=1200%2C675&ssl=1\",\"contentUrl\":\"https:\\\/\\\/i0.wp.com\\\/landioustravel.com\\\/wp-content\\\/uploads\\\/2022\\\/12\\\/Dolphin-show-e1671819172558.jpg?fit=1200%2C675&ssl=1\",\"width\":1200,\"height\":675,\"caption\":\"Dolphin show\"},{\"@type\":\"BreadcrumbList\",\"@id\":\"https:\\\/\\\/landioustravel.com\\\/es\\\/shop\\\/viaje-espectaculo-delfines-gouna\\\/#breadcrumb\",\"itemListElement\":[{\"@type\":\"ListItem\",\"position\":1,\"name\":\"Home\",\"item\":\"https:\\\/\\\/landioustravel.com\\\/es\\\/\"},{\"@type\":\"ListItem\",\"position\":2,\"name\":\"Servicios y Tours\",\"item\":\"https:\\\/\\\/landioustravel.com\\\/es\\\/\"},{\"@type\":\"ListItem\",\"position\":3,\"name\":\"Viaje espect\u00e1culo de delfines El Gouna\"}]},{\"@type\":\"WebSite\",\"@id\":\"https:\\\/\\\/landioustravel.com\\\/es\\\/#website\",\"url\":\"https:\\\/\\\/landioustravel.com\\\/es\\\/\",\"name\":\"Landious Travel\",\"description\":\"Tours and Excursions in Egypt\",\"publisher\":{\"@id\":\"https:\\\/\\\/landioustravel.com\\\/es\\\/#organization\"},\"potentialAction\":[{\"@type\":\"SearchAction\",\"target\":{\"@type\":\"EntryPoint\",\"urlTemplate\":\"https:\\\/\\\/landioustravel.com\\\/es\\\/?s={search_term_string}\"},\"query-input\":{\"@type\":\"PropertyValueSpecification\",\"valueRequired\":true,\"valueName\":\"search_term_string\"}}],\"inLanguage\":\"es\"},{\"@type\":[\"Organization\",\"Place\"],\"@id\":\"https:\\\/\\\/landioustravel.com\\\/es\\\/#organization\",\"name\":\"Landious Travel\",\"alternateName\":\"Landious Travel\",\"url\":\"https:\\\/\\\/landioustravel.com\\\/es\\\/\",\"logo\":{\"@id\":\"https:\\\/\\\/landioustravel.com\\\/es\\\/shop\\\/viaje-espectaculo-delfines-gouna\\\/#local-main-organization-logo\"},\"image\":{\"@id\":\"https:\\\/\\\/landioustravel.com\\\/es\\\/shop\\\/viaje-espectaculo-delfines-gouna\\\/#local-main-organization-logo\"},\"sameAs\":[\"https:\\\/\\\/web.facebook.com\\\/landiousEgypt\",\"https:\\\/\\\/x.com\\\/LandiousTours\",\"https:\\\/\\\/mastodon.social\\\/@landious\"],\"legalName\":\"Landious Travel\",\"telephone\":[],\"openingHoursSpecification\":[{\"@type\":\"OpeningHoursSpecification\",\"dayOfWeek\":[\"Monday\",\"Tuesday\",\"Wednesday\",\"Thursday\",\"Friday\",\"Saturday\",\"Sunday\"],\"opens\":\"09:00\",\"closes\":\"17:00\"}]},{\"@type\":\"ImageObject\",\"inLanguage\":\"es\",\"@id\":\"https:\\\/\\\/landioustravel.com\\\/es\\\/shop\\\/viaje-espectaculo-delfines-gouna\\\/#local-main-organization-logo\",\"url\":\"https:\\\/\\\/i0.wp.com\\\/landioustravel.com\\\/wp-content\\\/uploads\\\/2021\\\/06\\\/Landious-T.png?fit=500%2C500&ssl=1\",\"contentUrl\":\"https:\\\/\\\/i0.wp.com\\\/landioustravel.com\\\/wp-content\\\/uploads\\\/2021\\\/06\\\/Landious-T.png?fit=500%2C500&ssl=1\",\"width\":500,\"height\":500,\"caption\":\"Landious Travel\"}]}<\/script>\n<!-- \/ Yoast SEO Premium plugin. -->","yoast_head_json":{"title":"Viaje espect\u00e1culo de delfines El Gouna","description":"Viaje espect\u00e1culo de delfines El Gouna permite ver el espect\u00e1culo de mam\u00edferos marinos. Este espect\u00e1culo presenta la colecci\u00f3n m\u00e1s extensa de criaturas","robots":{"index":"index","follow":"follow","max-snippet":"max-snippet:-1","max-image-preview":"max-image-preview:large","max-video-preview":"max-video-preview:-1"},"canonical":"https:\/\/landioustravel.com\/es\/shop\/viaje-espectaculo-delfines-gouna\/","og_locale":"es_ES","og_type":"article","og_title":"Viaje espect\u00e1culo de delfines El Gouna","og_description":"Landious Travel","og_url":"https:\/\/landioustravel.com\/es\/shop\/viaje-espectaculo-delfines-gouna\/","og_site_name":"Landious Travel","article_publisher":"https:\/\/web.facebook.com\/landiousEgypt","article_modified_time":"2023-06-16T12:40:20+00:00","og_image":[{"width":1024,"height":576,"url":"https:\/\/landioustravel.com\/wp-content\/uploads\/2022\/12\/Dolphin-show-e1671819172558-1024x576.jpg","type":"image\/jpeg"}],"twitter_card":"summary_large_image","twitter_site":"@LandiousTours","twitter_misc":{"Tiempo de lectura":"2 minutos"},"schema":{"@context":"https:\/\/schema.org","@graph":[{"@type":"WebPage","@id":"https:\/\/landioustravel.com\/es\/shop\/viaje-espectaculo-delfines-gouna\/","url":"https:\/\/landioustravel.com\/es\/shop\/viaje-espectaculo-delfines-gouna\/","name":"Viaje espect\u00e1culo de delfines El Gouna","isPartOf":{"@id":"https:\/\/landioustravel.com\/es\/#website"},"primaryImageOfPage":{"@id":"https:\/\/landioustravel.com\/es\/shop\/viaje-espectaculo-delfines-gouna\/#primaryimage"},"image":{"@id":"https:\/\/landioustravel.com\/es\/shop\/viaje-espectaculo-delfines-gouna\/#primaryimage"},"thumbnailUrl":"https:\/\/i0.wp.com\/landioustravel.com\/wp-content\/uploads\/2022\/12\/Dolphin-show-e1671819172558.jpg?fit=1200%2C675&ssl=1","datePublished":"2023-05-05T20:55:47+00:00","dateModified":"2023-06-16T12:40:20+00:00","description":"Viaje espect\u00e1culo de delfines El Gouna permite ver el espect\u00e1culo de mam\u00edferos marinos. Este espect\u00e1culo presenta la colecci\u00f3n m\u00e1s extensa de criaturas","breadcrumb":{"@id":"https:\/\/landioustravel.com\/es\/shop\/viaje-espectaculo-delfines-gouna\/#breadcrumb"},"inLanguage":"es","potentialAction":[{"@type":"ReadAction","target":["https:\/\/landioustravel.com\/es\/shop\/viaje-espectaculo-delfines-gouna\/"]}]},{"@type":"ImageObject","inLanguage":"es","@id":"https:\/\/landioustravel.com\/es\/shop\/viaje-espectaculo-delfines-gouna\/#primaryimage","url":"https:\/\/i0.wp.com\/landioustravel.com\/wp-content\/uploads\/2022\/12\/Dolphin-show-e1671819172558.jpg?fit=1200%2C675&ssl=1","contentUrl":"https:\/\/i0.wp.com\/landioustravel.com\/wp-content\/uploads\/2022\/12\/Dolphin-show-e1671819172558.jpg?fit=1200%2C675&ssl=1","width":1200,"height":675,"caption":"Dolphin show"},{"@type":"BreadcrumbList","@id":"https:\/\/landioustravel.com\/es\/shop\/viaje-espectaculo-delfines-gouna\/#breadcrumb","itemListElement":[{"@type":"ListItem","position":1,"name":"Home","item":"https:\/\/landioustravel.com\/es\/"},{"@type":"ListItem","position":2,"name":"Servicios y Tours","item":"https:\/\/landioustravel.com\/es\/"},{"@type":"ListItem","position":3,"name":"Viaje espect\u00e1culo de delfines El Gouna"}]},{"@type":"WebSite","@id":"https:\/\/landioustravel.com\/es\/#website","url":"https:\/\/landioustravel.com\/es\/","name":"Landious Travel","description":"Tours and Excursions in Egypt","publisher":{"@id":"https:\/\/landioustravel.com\/es\/#organization"},"potentialAction":[{"@type":"SearchAction","target":{"@type":"EntryPoint","urlTemplate":"https:\/\/landioustravel.com\/es\/?s={search_term_string}"},"query-input":{"@type":"PropertyValueSpecification","valueRequired":true,"valueName":"search_term_string"}}],"inLanguage":"es"},{"@type":["Organization","Place"],"@id":"https:\/\/landioustravel.com\/es\/#organization","name":"Landious Travel","alternateName":"Landious Travel","url":"https:\/\/landioustravel.com\/es\/","logo":{"@id":"https:\/\/landioustravel.com\/es\/shop\/viaje-espectaculo-delfines-gouna\/#local-main-organization-logo"},"image":{"@id":"https:\/\/landioustravel.com\/es\/shop\/viaje-espectaculo-delfines-gouna\/#local-main-organization-logo"},"sameAs":["https:\/\/web.facebook.com\/landiousEgypt","https:\/\/x.com\/LandiousTours","https:\/\/mastodon.social\/@landious"],"legalName":"Landious Travel","telephone":[],"openingHoursSpecification":[{"@type":"OpeningHoursSpecification","dayOfWeek":["Monday","Tuesday","Wednesday","Thursday","Friday","Saturday","Sunday"],"opens":"09:00","closes":"17:00"}]},{"@type":"ImageObject","inLanguage":"es","@id":"https:\/\/landioustravel.com\/es\/shop\/viaje-espectaculo-delfines-gouna\/#local-main-organization-logo","url":"https:\/\/i0.wp.com\/landioustravel.com\/wp-content\/uploads\/2021\/06\/Landious-T.png?fit=500%2C500&ssl=1","contentUrl":"https:\/\/i0.wp.com\/landioustravel.com\/wp-content\/uploads\/2021\/06\/Landious-T.png?fit=500%2C500&ssl=1","width":500,"height":500,"caption":"Landious Travel"}]}},"jetpack_publicize_connections":[],"uagb_featured_image_src":{"full":["https:\/\/i0.wp.com\/landioustravel.com\/wp-content\/uploads\/2022\/12\/Dolphin-show-e1671819172558.jpg?fit=1200%2C675&ssl=1",1200,675,false],"thumbnail":["https:\/\/i0.wp.com\/landioustravel.com\/wp-content\/uploads\/2022\/12\/Dolphin-show-e1671819172558.jpg?resize=150%2C150&ssl=1",150,150,true],"medium":["https:\/\/i0.wp.com\/landioustravel.com\/wp-content\/uploads\/2022\/12\/Dolphin-show-e1671819172558.jpg?fit=300%2C169&ssl=1",300,169,true],"medium_large":["https:\/\/i0.wp.com\/landioustravel.com\/wp-content\/uploads\/2022\/12\/Dolphin-show-e1671819172558.jpg?fit=768%2C432&ssl=1",768,432,true],"large":["https:\/\/i0.wp.com\/landioustravel.com\/wp-content\/uploads\/2022\/12\/Dolphin-show-e1671819172558.jpg?fit=980%2C551&ssl=1",980,551,true],"1536x1536":["https:\/\/i0.wp.com\/landioustravel.com\/wp-content\/uploads\/2022\/12\/Dolphin-show-e1671819172558.jpg?fit=1536%2C1024&ssl=1",1536,1024,true],"2048x2048":["https:\/\/i0.wp.com\/landioustravel.com\/wp-content\/uploads\/2022\/12\/Dolphin-show-e1671819172558.jpg?fit=2048%2C1365&ssl=1",2048,1365,true],"newspack-article-block-landscape-large":["https:\/\/i0.wp.com\/landioustravel.com\/wp-content\/uploads\/2022\/12\/Dolphin-show-e1671819172558.jpg?resize=1200%2C675&ssl=1",1200,675,true],"newspack-article-block-portrait-large":["https:\/\/i0.wp.com\/landioustravel.com\/wp-content\/uploads\/2022\/12\/Dolphin-show-e1671819172558.jpg?resize=900%2C675&ssl=1",900,675,true],"newspack-article-block-square-large":["https:\/\/i0.wp.com\/landioustravel.com\/wp-content\/uploads\/2022\/12\/Dolphin-show-e1671819172558.jpg?resize=1200%2C675&ssl=1",1200,675,true],"newspack-article-block-landscape-medium":["https:\/\/i0.wp.com\/landioustravel.com\/wp-content\/uploads\/2022\/12\/Dolphin-show-e1671819172558.jpg?resize=800%2C600&ssl=1",800,600,true],"newspack-article-block-portrait-medium":["https:\/\/i0.wp.com\/landioustravel.com\/wp-content\/uploads\/2022\/12\/Dolphin-show-e1671819172558.jpg?resize=600%2C675&ssl=1",600,675,true],"newspack-article-block-square-medium":["https:\/\/i0.wp.com\/landioustravel.com\/wp-content\/uploads\/2022\/12\/Dolphin-show-e1671819172558.jpg?resize=800%2C675&ssl=1",800,675,true],"newspack-article-block-landscape-intermediate":["https:\/\/i0.wp.com\/landioustravel.com\/wp-content\/uploads\/2022\/12\/Dolphin-show-e1671819172558.jpg?resize=600%2C450&ssl=1",600,450,true],"newspack-article-block-portrait-intermediate":["https:\/\/i0.wp.com\/landioustravel.com\/wp-content\/uploads\/2022\/12\/Dolphin-show-e1671819172558.jpg?resize=450%2C600&ssl=1",450,600,true],"newspack-article-block-square-intermediate":["https:\/\/i0.wp.com\/landioustravel.com\/wp-content\/uploads\/2022\/12\/Dolphin-show-e1671819172558.jpg?resize=600%2C600&ssl=1",600,600,true],"newspack-article-block-landscape-small":["https:\/\/i0.wp.com\/landioustravel.com\/wp-content\/uploads\/2022\/12\/Dolphin-show-e1671819172558.jpg?resize=400%2C300&ssl=1",400,300,true],"newspack-article-block-portrait-small":["https:\/\/i0.wp.com\/landioustravel.com\/wp-content\/uploads\/2022\/12\/Dolphin-show-e1671819172558.jpg?resize=300%2C400&ssl=1",300,400,true],"newspack-article-block-square-small":["https:\/\/i0.wp.com\/landioustravel.com\/wp-content\/uploads\/2022\/12\/Dolphin-show-e1671819172558.jpg?resize=400%2C400&ssl=1",400,400,true],"newspack-article-block-landscape-tiny":["https:\/\/i0.wp.com\/landioustravel.com\/wp-content\/uploads\/2022\/12\/Dolphin-show-e1671819172558.jpg?resize=200%2C150&ssl=1",200,150,true],"newspack-article-block-portrait-tiny":["https:\/\/i0.wp.com\/landioustravel.com\/wp-content\/uploads\/2022\/12\/Dolphin-show-e1671819172558.jpg?resize=150%2C200&ssl=1",150,200,true],"newspack-article-block-square-tiny":["https:\/\/i0.wp.com\/landioustravel.com\/wp-content\/uploads\/2022\/12\/Dolphin-show-e1671819172558.jpg?resize=200%2C200&ssl=1",200,200,true],"newspack-article-block-uncropped":["https:\/\/i0.wp.com\/landioustravel.com\/wp-content\/uploads\/2022\/12\/Dolphin-show-e1671819172558.jpg?fit=1200%2C675&ssl=1",1200,675,true],"woocommerce_thumbnail":["https:\/\/i0.wp.com\/landioustravel.com\/wp-content\/uploads\/2022\/12\/Dolphin-show-e1671819172558.jpg?resize=324%2C324&ssl=1",324,324,true],"woocommerce_single":["https:\/\/i0.wp.com\/landioustravel.com\/wp-content\/uploads\/2022\/12\/Dolphin-show-e1671819172558.jpg?fit=416%2C234&ssl=1",416,234,true],"woocommerce_gallery_thumbnail":["https:\/\/i0.wp.com\/landioustravel.com\/wp-content\/uploads\/2022\/12\/Dolphin-show-e1671819172558.jpg?resize=100%2C100&ssl=1",100,100,true]},"uagb_author_info":{"display_name":"Mofreh Landious","author_link":"https:\/\/landioustravel.com\/es\/author\/"},"uagb_comment_info":0,"uagb_excerpt":"\u00a1Experimenta la aventura marina definitiva con la excursi\u00f3n Delfinario desde El Gouna! \u00a1No se pierda esta oportunidad \u00fanica en la vida de ver a estas magn\u00edficas criaturas en acci\u00f3n! Sea testigo de la colecci\u00f3n m\u00e1s extensa de criaturas marinas en Egipto, incluidos los delfines del mar negro, los lobos marinos del norte, los leones marinos&hellip;","jetpack_sharing_enabled":true,"jetpack_likes_enabled":true,"amp_enabled":true,"_links":{"self":[{"href":"https:\/\/landioustravel.com\/es\/wp-json\/wp\/v2\/product\/142585","targetHints":{"allow":["GET"]}}],"collection":[{"href":"https:\/\/landioustravel.com\/es\/wp-json\/wp\/v2\/product"}],"about":[{"href":"https:\/\/landioustravel.com\/es\/wp-json\/wp\/v2\/types\/product"}],"replies":[{"embeddable":true,"href":"https:\/\/landioustravel.com\/es\/wp-json\/wp\/v2\/comments?post=142585"}],"wp:featuredmedia":[{"embeddable":true,"href":"https:\/\/landioustravel.com\/es\/wp-json\/wp\/v2\/media\/142588"}],"wp:attachment":[{"href":"https:\/\/landioustravel.com\/es\/wp-json\/wp\/v2\/media?parent=142585"}],"wp:term":[{"taxonomy":"product_brand","embeddable":true,"href":"https:\/\/landioustravel.com\/es\/wp-json\/wp\/v2\/product_brand?post=142585"},{"taxonomy":"product_cat","embeddable":true,"href":"https:\/\/landioustravel.com\/es\/wp-json\/wp\/v2\/product_cat?post=142585"},{"taxonomy":"product_tag","embeddable":true,"href":"https:\/\/landioustravel.com\/es\/wp-json\/wp\/v2\/product_tag?post=142585"}],"curies":[{"name":"wp","href":"https:\/\/api.w.org\/{rel}","templated":true}]}}