{"id":142608,"date":"2023-01-02T01:42:05","date_gmt":"2023-05-05T21:20:55","guid":{"rendered":"https:\/\/landioustravel.com\/?post_type=product&#038;p=142608"},"modified":"2023-06-16T16:29:30","modified_gmt":"2023-06-16T14:29:30","slug":"viaje-en-submarino-gouna","status":"publish","type":"product","link":"https:\/\/landioustravel.com\/es\/shop\/viaje-en-submarino-gouna\/","title":{"rendered":"Viaje en submarino desde El Gouna"},"content":{"rendered":"<p>Viaje en submarino desde El Gouna es un emocionante viaje por mar en el submarino \u00abSindbad\u00bb en <a href=\"https:\/\/landioustravel.com\/es\/egipto\/pueblos-egipcios\/gobernacion-de-al-bahr-al-ahmar\/ciudad-hurghada\/\">Hurghada<\/a>, Egipto. Recomendamos el viaje ya que es la \u00fanica opci\u00f3n a bordo de un submarino en el Mar Rojo. \u00a1Es incre\u00edble experimentar esta sensaci\u00f3n y subirse a un submarino as\u00ed! \u00a1De hecho, ser\u00e1 una oportunidad \u00fanica de ver hermosos arrecifes de coral y varios peces a bordo de un submarino! Adem\u00e1s, ese viaje permitir\u00e1 un peque\u00f1o picnic en barco sobre el Mar Rojo. Este picnic ir\u00e1 cerca de la hermosa \u00e1rea cerca de la isla Giftun.<\/p>\n<h2>Aspectos destacados de la excursi\u00f3n submarina El Gouna<\/h2>\n<ul>\n<li>Comida campestre del mar por el Mar Rojo.<\/li>\n<li>Adem\u00e1s, vea el mundo submarino a bordo del submarino Sindbad.<\/li>\n<\/ul>\n<h2>Programa del Viaje Submarino Sindbad<\/h2>\n<ul>\n<li>El representante de Landious Travel lo recoger\u00e1 de su hotel en El Gouna aproximadamente a las 10:00 am.<\/li>\n<li>Despu\u00e9s de recoger a todos los interesados, el autob\u00fas se dirigir\u00e1 al puerto. El camino a este puerto tomar\u00e1 aproximadamente 40 minutos.<\/li>\n<li>Al comienzo del programa, disfrutar\u00e1 de un picnic marino a trav\u00e9s del Mar Rojo. Este picnic marino ser\u00e1 a bordo de un barco.<\/li>\n<li>El mismo barco navegar\u00e1 hasta un escenario flotante. En consecuencia, te llevar\u00e1 al submarino. Luego, cambiar\u00e1s de lugar y luego ocupar\u00e1s un asiento a bordo del submarino.<\/li>\n<li>Despu\u00e9s de eso, el submarino comenzar\u00e1 a hundirse a 25 metros. Como resultado, te permitir\u00e1 ver peces y arrecifes de coral a esta profundidad. Ver el mundo submarino a bordo de ese submarino te lleva una hora entera.<\/li>\n<li>Por \u00faltimo, volver\u00e1s a cambiar de lugar y te sentar\u00e1s en el barco que se dirige al puerto.<\/li>\n<li>Finalmente, despu\u00e9s de una aventura tan encantadora, los acompa\u00f1aremos de regreso a sus hoteles.<\/li>\n<li>Esta excursi\u00f3n mar\u00edtima en un submarino en Hurghada finaliza aproximadamente a las 14:00.<\/li>\n<\/ul>\n<h2>\u00bfQu\u00e9 incluye el precio de la excursi\u00f3n submarina El Gouna?<\/h2>\n<ul>\n<li>Cuota de entrada (5 USD por persona)<\/li>\n<li>Traslado al puerto y regreso al hotel.<\/li>\n<\/ul>\n<h2>\u00bfQu\u00e9 no incluye el Programa Excursi\u00f3n Submarina El Gouna?<\/h2>\n<ul>\n<li>DVD de v\u00eddeo.<\/li>\n<li>Adem\u00e1s, el CD de fotos.<\/li>\n<\/ul>\n<h2>\u00bfQu\u00e9 llevar contigo para el tour?<\/h2>\n<ul>\n<li>Gafas de sol.<\/li>\n<\/ul>\n<h2>Excursi\u00f3n Submarina El Gouna Reserva D\u00edas<\/h2>\n<ul>\n<li>Todos los d\u00edas de 10:00 a 12:00.<\/li>\n<li>Adem\u00e1s, todos los d\u00edas de 14:00 a 16:00.<\/li>\n<\/ul>\n<h2>Servicios Presentados durante la Excursi\u00f3n Submarina El Gouna<\/h2>\n<ul>\n<li><strong>Transporte<\/strong>: Landious Travel utiliza limusinas\/minibuses con aire acondicionado. Un conductor profesional lo acompa\u00f1ar\u00e1 al puerto y a su hotel.<\/li>\n<li><strong>Guiado<\/strong>: un l\u00edder tur\u00edstico ingl\u00e9s profesional lo recoger\u00e1 de sus hoteles y lo acompa\u00f1ar\u00e1 al puerto.<\/li>\n<li><strong>Equipo y dem\u00e1s<\/strong>: tendr\u00e1s una tripulaci\u00f3n amable y profesional en el barco. Nuestros monitores y formadores te guiar\u00e1n durante el viaje.<\/li>\n<\/ul>\n","protected":false},"excerpt":{"rendered":"<p>\u00a1Emb\u00e1rcate en una emocionante aventura con tus seres queridos y sum\u00e9rgete en el fascinante mundo de la vida marina en el Mar Rojo! Descubra la belleza de los peces del Mar Rojo y los arrecifes de coral mientras se sumerge 25 m bajo el agua con el submarino Sindbad en Hurghada. Te sorprender\u00e1n los colores vibrantes y la variedad de criaturas marinas que te rodean. Esta es definitivamente una de las mejores cosas para hacer en EL Gouna, y ofrecemos los mejores precios para excursiones en Hurghada.<\/p>\n<p>Con nuestro servicio de transfer privado, pasaremos a recogeros por vuestro hotel de El Gouna y os llevaremos en un viaje mar\u00edtimo de dos horas hasta el submarino Sindbad. El submarino puede albergar hasta 44 pasajeros y tiene dos capitanes de tripulaci\u00f3n que lo guiar\u00e1n en un incre\u00edble viaje submarino. Navegar\u00e1s por el Mar Rojo en un barco de dos pisos y ser\u00e1s testigo de los magn\u00edficos arrecifes y los coloridos peces a una profundidad de 25 metros.<\/p>\n<p>El submarino desciende a una profundidad de hasta 22 metros, donde ser\u00e1s testigo de diferentes tipos de arrecifes de coral y peces de colores. \u00a1\u00danase a nosotros para una experiencia inolvidable y cree recuerdos que durar\u00e1n toda la vida! El precio del viaje incluye los traslados y la entrada, por lo que no tendr\u00e1s que preocuparte por nada.<\/p>\n","protected":false},"featured_media":142609,"comment_status":"open","ping_status":"closed","template":"","meta":{"_coblocks_attr":"","_coblocks_dimensions":"","_coblocks_responsive_height":"","_coblocks_accordion_ie_support":"","_uag_custom_page_level_css":"","jetpack_publicize_message":"","jetpack_publicize_feature_enabled":true,"jetpack_social_post_already_shared":true,"jetpack_social_options":{"image_generator_settings":{"template":"highway","default_image_id":0,"font":"","enabled":false},"version":2},"_wpas_customize_per_network":false},"product_brand":[],"product_cat":[23479],"product_tag":[1829,1797,1808,1798,1802,1828],"class_list":{"0":"post-142608","1":"product","2":"type-product","3":"status-publish","4":"has-post-thumbnail","6":"product_cat-excursiones-el-gouna","7":"product_tag-el-gouna-es","8":"product_tag-excursion-es","9":"product_tag-hurghada-es","10":"product_tag-mar","11":"product_tag-paseos-en-barco","12":"product_tag-submarino","13":"pa_age-el-adulto","14":"pa_age-nino-1-4-anos","15":"pa_age-nino-5-11-anos","17":"first","18":"instock","19":"sale","20":"taxable","21":"shipping-taxable","22":"purchasable","23":"product-type-variable"},"yoast_head":"<!-- This site is optimized with the Yoast SEO Premium plugin v26.9 (Yoast SEO v27.5) - https:\/\/yoast.com\/product\/yoast-seo-premium-wordpress\/ -->\n<title>Viaje en submarino desde El Gouna<\/title>\n<meta name=\"description\" content=\"Viaje en submarino desde El Gouna Navegar\u00e1s por el Mar Rojo en el viaje por mar al submarino Sindbad en Hurghada. Adem\u00e1s, una excelente vista general desde\" \/>\n<meta name=\"robots\" content=\"index, follow, max-snippet:-1, max-image-preview:large, max-video-preview:-1\" \/>\n<link rel=\"canonical\" href=\"https:\/\/landioustravel.com\/es\/shop\/viaje-en-submarino-gouna\/\" \/>\n<meta property=\"og:locale\" content=\"es_ES\" \/>\n<meta property=\"og:type\" content=\"article\" \/>\n<meta property=\"og:title\" content=\"Viaje en submarino desde El Gouna\" \/>\n<meta property=\"og:description\" content=\"Landious Travel\" \/>\n<meta property=\"og:url\" content=\"https:\/\/landioustravel.com\/es\/shop\/viaje-en-submarino-gouna\/\" \/>\n<meta property=\"og:site_name\" content=\"Landious Travel\" \/>\n<meta property=\"article:publisher\" content=\"https:\/\/web.facebook.com\/landiousEgypt\" \/>\n<meta property=\"article:modified_time\" content=\"2023-06-16T14:29:30+00:00\" \/>\n<meta property=\"og:image\" content=\"https:\/\/i0.wp.com\/landioustravel.com\/wp-content\/uploads\/2023\/01\/Submarine-Trip-from-El-Gouna-e1672616413408.jpg?fit=1200%2C675&ssl=1\" \/>\n\t<meta property=\"og:image:width\" content=\"1200\" \/>\n\t<meta property=\"og:image:height\" content=\"675\" \/>\n\t<meta property=\"og:image:type\" content=\"image\/jpeg\" \/>\n<meta name=\"twitter:card\" content=\"summary_large_image\" \/>\n<meta name=\"twitter:site\" content=\"@LandiousTours\" \/>\n<meta name=\"twitter:label1\" content=\"Tiempo de lectura\" \/>\n\t<meta name=\"twitter:data1\" content=\"2 minutos\" \/>\n<script type=\"application\/ld+json\" class=\"yoast-schema-graph\">{\"@context\":\"https:\\\/\\\/schema.org\",\"@graph\":[{\"@type\":\"WebPage\",\"@id\":\"https:\\\/\\\/landioustravel.com\\\/es\\\/shop\\\/viaje-en-submarino-gouna\\\/\",\"url\":\"https:\\\/\\\/landioustravel.com\\\/es\\\/shop\\\/viaje-en-submarino-gouna\\\/\",\"name\":\"Viaje en submarino desde El Gouna\",\"isPartOf\":{\"@id\":\"https:\\\/\\\/landioustravel.com\\\/es\\\/#website\"},\"primaryImageOfPage\":{\"@id\":\"https:\\\/\\\/landioustravel.com\\\/es\\\/shop\\\/viaje-en-submarino-gouna\\\/#primaryimage\"},\"image\":{\"@id\":\"https:\\\/\\\/landioustravel.com\\\/es\\\/shop\\\/viaje-en-submarino-gouna\\\/#primaryimage\"},\"thumbnailUrl\":\"https:\\\/\\\/i0.wp.com\\\/landioustravel.com\\\/wp-content\\\/uploads\\\/2023\\\/01\\\/Submarine-Trip-from-El-Gouna-e1672616413408.jpg?fit=1200%2C675&ssl=1\",\"datePublished\":\"2023-05-05T21:20:55+00:00\",\"dateModified\":\"2023-06-16T14:29:30+00:00\",\"description\":\"Viaje en submarino desde El Gouna Navegar\u00e1s por el Mar Rojo en el viaje por mar al submarino Sindbad en Hurghada. Adem\u00e1s, una excelente vista general desde\",\"breadcrumb\":{\"@id\":\"https:\\\/\\\/landioustravel.com\\\/es\\\/shop\\\/viaje-en-submarino-gouna\\\/#breadcrumb\"},\"inLanguage\":\"es\",\"potentialAction\":[{\"@type\":\"ReadAction\",\"target\":[\"https:\\\/\\\/landioustravel.com\\\/es\\\/shop\\\/viaje-en-submarino-gouna\\\/\"]}]},{\"@type\":\"ImageObject\",\"inLanguage\":\"es\",\"@id\":\"https:\\\/\\\/landioustravel.com\\\/es\\\/shop\\\/viaje-en-submarino-gouna\\\/#primaryimage\",\"url\":\"https:\\\/\\\/i0.wp.com\\\/landioustravel.com\\\/wp-content\\\/uploads\\\/2023\\\/01\\\/Submarine-Trip-from-El-Gouna-e1672616413408.jpg?fit=1200%2C675&ssl=1\",\"contentUrl\":\"https:\\\/\\\/i0.wp.com\\\/landioustravel.com\\\/wp-content\\\/uploads\\\/2023\\\/01\\\/Submarine-Trip-from-El-Gouna-e1672616413408.jpg?fit=1200%2C675&ssl=1\",\"width\":1200,\"height\":675,\"caption\":\"Submarine Trip from El Gouna\"},{\"@type\":\"BreadcrumbList\",\"@id\":\"https:\\\/\\\/landioustravel.com\\\/es\\\/shop\\\/viaje-en-submarino-gouna\\\/#breadcrumb\",\"itemListElement\":[{\"@type\":\"ListItem\",\"position\":1,\"name\":\"Home\",\"item\":\"https:\\\/\\\/landioustravel.com\\\/es\\\/\"},{\"@type\":\"ListItem\",\"position\":2,\"name\":\"Servicios y Tours\",\"item\":\"https:\\\/\\\/landioustravel.com\\\/es\\\/\"},{\"@type\":\"ListItem\",\"position\":3,\"name\":\"Viaje en submarino desde El Gouna\"}]},{\"@type\":\"WebSite\",\"@id\":\"https:\\\/\\\/landioustravel.com\\\/es\\\/#website\",\"url\":\"https:\\\/\\\/landioustravel.com\\\/es\\\/\",\"name\":\"Landious Travel\",\"description\":\"Tours and Excursions in Egypt\",\"publisher\":{\"@id\":\"https:\\\/\\\/landioustravel.com\\\/es\\\/#organization\"},\"potentialAction\":[{\"@type\":\"SearchAction\",\"target\":{\"@type\":\"EntryPoint\",\"urlTemplate\":\"https:\\\/\\\/landioustravel.com\\\/es\\\/?s={search_term_string}\"},\"query-input\":{\"@type\":\"PropertyValueSpecification\",\"valueRequired\":true,\"valueName\":\"search_term_string\"}}],\"inLanguage\":\"es\"},{\"@type\":[\"Organization\",\"Place\"],\"@id\":\"https:\\\/\\\/landioustravel.com\\\/es\\\/#organization\",\"name\":\"Landious Travel\",\"alternateName\":\"Landious Travel\",\"url\":\"https:\\\/\\\/landioustravel.com\\\/es\\\/\",\"logo\":{\"@id\":\"https:\\\/\\\/landioustravel.com\\\/es\\\/shop\\\/viaje-en-submarino-gouna\\\/#local-main-organization-logo\"},\"image\":{\"@id\":\"https:\\\/\\\/landioustravel.com\\\/es\\\/shop\\\/viaje-en-submarino-gouna\\\/#local-main-organization-logo\"},\"sameAs\":[\"https:\\\/\\\/web.facebook.com\\\/landiousEgypt\",\"https:\\\/\\\/x.com\\\/LandiousTours\",\"https:\\\/\\\/mastodon.social\\\/@landious\"],\"legalName\":\"Landious Travel\",\"telephone\":[],\"openingHoursSpecification\":[{\"@type\":\"OpeningHoursSpecification\",\"dayOfWeek\":[\"Monday\",\"Tuesday\",\"Wednesday\",\"Thursday\",\"Friday\",\"Saturday\",\"Sunday\"],\"opens\":\"09:00\",\"closes\":\"17:00\"}]},{\"@type\":\"ImageObject\",\"inLanguage\":\"es\",\"@id\":\"https:\\\/\\\/landioustravel.com\\\/es\\\/shop\\\/viaje-en-submarino-gouna\\\/#local-main-organization-logo\",\"url\":\"https:\\\/\\\/i0.wp.com\\\/landioustravel.com\\\/wp-content\\\/uploads\\\/2021\\\/06\\\/Landious-T.png?fit=500%2C500&ssl=1\",\"contentUrl\":\"https:\\\/\\\/i0.wp.com\\\/landioustravel.com\\\/wp-content\\\/uploads\\\/2021\\\/06\\\/Landious-T.png?fit=500%2C500&ssl=1\",\"width\":500,\"height\":500,\"caption\":\"Landious Travel\"}]}<\/script>\n<!-- \/ Yoast SEO Premium plugin. -->","yoast_head_json":{"title":"Viaje en submarino desde El Gouna","description":"Viaje en submarino desde El Gouna Navegar\u00e1s por el Mar Rojo en el viaje por mar al submarino Sindbad en Hurghada. Adem\u00e1s, una excelente vista general desde","robots":{"index":"index","follow":"follow","max-snippet":"max-snippet:-1","max-image-preview":"max-image-preview:large","max-video-preview":"max-video-preview:-1"},"canonical":"https:\/\/landioustravel.com\/es\/shop\/viaje-en-submarino-gouna\/","og_locale":"es_ES","og_type":"article","og_title":"Viaje en submarino desde El Gouna","og_description":"Landious Travel","og_url":"https:\/\/landioustravel.com\/es\/shop\/viaje-en-submarino-gouna\/","og_site_name":"Landious Travel","article_publisher":"https:\/\/web.facebook.com\/landiousEgypt","article_modified_time":"2023-06-16T14:29:30+00:00","og_image":[{"width":1200,"height":675,"url":"https:\/\/i0.wp.com\/landioustravel.com\/wp-content\/uploads\/2023\/01\/Submarine-Trip-from-El-Gouna-e1672616413408.jpg?fit=1200%2C675&ssl=1","type":"image\/jpeg"}],"twitter_card":"summary_large_image","twitter_site":"@LandiousTours","twitter_misc":{"Tiempo de lectura":"2 minutos"},"schema":{"@context":"https:\/\/schema.org","@graph":[{"@type":"WebPage","@id":"https:\/\/landioustravel.com\/es\/shop\/viaje-en-submarino-gouna\/","url":"https:\/\/landioustravel.com\/es\/shop\/viaje-en-submarino-gouna\/","name":"Viaje en submarino desde El Gouna","isPartOf":{"@id":"https:\/\/landioustravel.com\/es\/#website"},"primaryImageOfPage":{"@id":"https:\/\/landioustravel.com\/es\/shop\/viaje-en-submarino-gouna\/#primaryimage"},"image":{"@id":"https:\/\/landioustravel.com\/es\/shop\/viaje-en-submarino-gouna\/#primaryimage"},"thumbnailUrl":"https:\/\/i0.wp.com\/landioustravel.com\/wp-content\/uploads\/2023\/01\/Submarine-Trip-from-El-Gouna-e1672616413408.jpg?fit=1200%2C675&ssl=1","datePublished":"2023-05-05T21:20:55+00:00","dateModified":"2023-06-16T14:29:30+00:00","description":"Viaje en submarino desde El Gouna Navegar\u00e1s por el Mar Rojo en el viaje por mar al submarino Sindbad en Hurghada. Adem\u00e1s, una excelente vista general desde","breadcrumb":{"@id":"https:\/\/landioustravel.com\/es\/shop\/viaje-en-submarino-gouna\/#breadcrumb"},"inLanguage":"es","potentialAction":[{"@type":"ReadAction","target":["https:\/\/landioustravel.com\/es\/shop\/viaje-en-submarino-gouna\/"]}]},{"@type":"ImageObject","inLanguage":"es","@id":"https:\/\/landioustravel.com\/es\/shop\/viaje-en-submarino-gouna\/#primaryimage","url":"https:\/\/i0.wp.com\/landioustravel.com\/wp-content\/uploads\/2023\/01\/Submarine-Trip-from-El-Gouna-e1672616413408.jpg?fit=1200%2C675&ssl=1","contentUrl":"https:\/\/i0.wp.com\/landioustravel.com\/wp-content\/uploads\/2023\/01\/Submarine-Trip-from-El-Gouna-e1672616413408.jpg?fit=1200%2C675&ssl=1","width":1200,"height":675,"caption":"Submarine Trip from El Gouna"},{"@type":"BreadcrumbList","@id":"https:\/\/landioustravel.com\/es\/shop\/viaje-en-submarino-gouna\/#breadcrumb","itemListElement":[{"@type":"ListItem","position":1,"name":"Home","item":"https:\/\/landioustravel.com\/es\/"},{"@type":"ListItem","position":2,"name":"Servicios y Tours","item":"https:\/\/landioustravel.com\/es\/"},{"@type":"ListItem","position":3,"name":"Viaje en submarino desde El Gouna"}]},{"@type":"WebSite","@id":"https:\/\/landioustravel.com\/es\/#website","url":"https:\/\/landioustravel.com\/es\/","name":"Landious Travel","description":"Tours and Excursions in Egypt","publisher":{"@id":"https:\/\/landioustravel.com\/es\/#organization"},"potentialAction":[{"@type":"SearchAction","target":{"@type":"EntryPoint","urlTemplate":"https:\/\/landioustravel.com\/es\/?s={search_term_string}"},"query-input":{"@type":"PropertyValueSpecification","valueRequired":true,"valueName":"search_term_string"}}],"inLanguage":"es"},{"@type":["Organization","Place"],"@id":"https:\/\/landioustravel.com\/es\/#organization","name":"Landious Travel","alternateName":"Landious Travel","url":"https:\/\/landioustravel.com\/es\/","logo":{"@id":"https:\/\/landioustravel.com\/es\/shop\/viaje-en-submarino-gouna\/#local-main-organization-logo"},"image":{"@id":"https:\/\/landioustravel.com\/es\/shop\/viaje-en-submarino-gouna\/#local-main-organization-logo"},"sameAs":["https:\/\/web.facebook.com\/landiousEgypt","https:\/\/x.com\/LandiousTours","https:\/\/mastodon.social\/@landious"],"legalName":"Landious Travel","telephone":[],"openingHoursSpecification":[{"@type":"OpeningHoursSpecification","dayOfWeek":["Monday","Tuesday","Wednesday","Thursday","Friday","Saturday","Sunday"],"opens":"09:00","closes":"17:00"}]},{"@type":"ImageObject","inLanguage":"es","@id":"https:\/\/landioustravel.com\/es\/shop\/viaje-en-submarino-gouna\/#local-main-organization-logo","url":"https:\/\/i0.wp.com\/landioustravel.com\/wp-content\/uploads\/2021\/06\/Landious-T.png?fit=500%2C500&ssl=1","contentUrl":"https:\/\/i0.wp.com\/landioustravel.com\/wp-content\/uploads\/2021\/06\/Landious-T.png?fit=500%2C500&ssl=1","width":500,"height":500,"caption":"Landious Travel"}]}},"jetpack_publicize_connections":[],"uagb_featured_image_src":{"full":["https:\/\/i0.wp.com\/landioustravel.com\/wp-content\/uploads\/2023\/01\/Submarine-Trip-from-El-Gouna-e1672616413408.jpg?fit=1200%2C675&ssl=1",1200,675,false],"thumbnail":["https:\/\/i0.wp.com\/landioustravel.com\/wp-content\/uploads\/2023\/01\/Submarine-Trip-from-El-Gouna-e1672616413408.jpg?resize=150%2C150&ssl=1",150,150,true],"medium":["https:\/\/i0.wp.com\/landioustravel.com\/wp-content\/uploads\/2023\/01\/Submarine-Trip-from-El-Gouna-e1672616413408.jpg?fit=300%2C169&ssl=1",300,169,true],"medium_large":["https:\/\/i0.wp.com\/landioustravel.com\/wp-content\/uploads\/2023\/01\/Submarine-Trip-from-El-Gouna-e1672616413408.jpg?fit=768%2C432&ssl=1",768,432,true],"large":["https:\/\/i0.wp.com\/landioustravel.com\/wp-content\/uploads\/2023\/01\/Submarine-Trip-from-El-Gouna-e1672616413408.jpg?fit=980%2C551&ssl=1",980,551,true],"1536x1536":["https:\/\/i0.wp.com\/landioustravel.com\/wp-content\/uploads\/2023\/01\/Submarine-Trip-from-El-Gouna-e1672616413408.jpg?fit=1200%2C675&ssl=1",1200,675,true],"2048x2048":["https:\/\/i0.wp.com\/landioustravel.com\/wp-content\/uploads\/2023\/01\/Submarine-Trip-from-El-Gouna-e1672616413408.jpg?fit=1200%2C675&ssl=1",1200,675,true],"newspack-article-block-landscape-large":["https:\/\/i0.wp.com\/landioustravel.com\/wp-content\/uploads\/2023\/01\/Submarine-Trip-from-El-Gouna-e1672616413408.jpg?resize=1200%2C675&ssl=1",1200,675,true],"newspack-article-block-portrait-large":["https:\/\/i0.wp.com\/landioustravel.com\/wp-content\/uploads\/2023\/01\/Submarine-Trip-from-El-Gouna-e1672616413408.jpg?resize=900%2C675&ssl=1",900,675,true],"newspack-article-block-square-large":["https:\/\/i0.wp.com\/landioustravel.com\/wp-content\/uploads\/2023\/01\/Submarine-Trip-from-El-Gouna-e1672616413408.jpg?resize=1200%2C675&ssl=1",1200,675,true],"newspack-article-block-landscape-medium":["https:\/\/i0.wp.com\/landioustravel.com\/wp-content\/uploads\/2023\/01\/Submarine-Trip-from-El-Gouna-e1672616413408.jpg?resize=800%2C600&ssl=1",800,600,true],"newspack-article-block-portrait-medium":["https:\/\/i0.wp.com\/landioustravel.com\/wp-content\/uploads\/2023\/01\/Submarine-Trip-from-El-Gouna-e1672616413408.jpg?resize=600%2C675&ssl=1",600,675,true],"newspack-article-block-square-medium":["https:\/\/i0.wp.com\/landioustravel.com\/wp-content\/uploads\/2023\/01\/Submarine-Trip-from-El-Gouna-e1672616413408.jpg?resize=800%2C675&ssl=1",800,675,true],"newspack-article-block-landscape-intermediate":["https:\/\/i0.wp.com\/landioustravel.com\/wp-content\/uploads\/2023\/01\/Submarine-Trip-from-El-Gouna-e1672616413408.jpg?resize=600%2C450&ssl=1",600,450,true],"newspack-article-block-portrait-intermediate":["https:\/\/i0.wp.com\/landioustravel.com\/wp-content\/uploads\/2023\/01\/Submarine-Trip-from-El-Gouna-e1672616413408.jpg?resize=450%2C600&ssl=1",450,600,true],"newspack-article-block-square-intermediate":["https:\/\/i0.wp.com\/landioustravel.com\/wp-content\/uploads\/2023\/01\/Submarine-Trip-from-El-Gouna-e1672616413408.jpg?resize=600%2C600&ssl=1",600,600,true],"newspack-article-block-landscape-small":["https:\/\/i0.wp.com\/landioustravel.com\/wp-content\/uploads\/2023\/01\/Submarine-Trip-from-El-Gouna-e1672616413408.jpg?resize=400%2C300&ssl=1",400,300,true],"newspack-article-block-portrait-small":["https:\/\/i0.wp.com\/landioustravel.com\/wp-content\/uploads\/2023\/01\/Submarine-Trip-from-El-Gouna-e1672616413408.jpg?resize=300%2C400&ssl=1",300,400,true],"newspack-article-block-square-small":["https:\/\/i0.wp.com\/landioustravel.com\/wp-content\/uploads\/2023\/01\/Submarine-Trip-from-El-Gouna-e1672616413408.jpg?resize=400%2C400&ssl=1",400,400,true],"newspack-article-block-landscape-tiny":["https:\/\/i0.wp.com\/landioustravel.com\/wp-content\/uploads\/2023\/01\/Submarine-Trip-from-El-Gouna-e1672616413408.jpg?resize=200%2C150&ssl=1",200,150,true],"newspack-article-block-portrait-tiny":["https:\/\/i0.wp.com\/landioustravel.com\/wp-content\/uploads\/2023\/01\/Submarine-Trip-from-El-Gouna-e1672616413408.jpg?resize=150%2C200&ssl=1",150,200,true],"newspack-article-block-square-tiny":["https:\/\/i0.wp.com\/landioustravel.com\/wp-content\/uploads\/2023\/01\/Submarine-Trip-from-El-Gouna-e1672616413408.jpg?resize=200%2C200&ssl=1",200,200,true],"newspack-article-block-uncropped":["https:\/\/i0.wp.com\/landioustravel.com\/wp-content\/uploads\/2023\/01\/Submarine-Trip-from-El-Gouna-e1672616413408.jpg?fit=1200%2C675&ssl=1",1200,675,true],"woocommerce_thumbnail":["https:\/\/i0.wp.com\/landioustravel.com\/wp-content\/uploads\/2023\/01\/Submarine-Trip-from-El-Gouna-e1672616413408.jpg?resize=324%2C324&ssl=1",324,324,true],"woocommerce_single":["https:\/\/i0.wp.com\/landioustravel.com\/wp-content\/uploads\/2023\/01\/Submarine-Trip-from-El-Gouna-e1672616413408.jpg?fit=416%2C234&ssl=1",416,234,true],"woocommerce_gallery_thumbnail":["https:\/\/i0.wp.com\/landioustravel.com\/wp-content\/uploads\/2023\/01\/Submarine-Trip-from-El-Gouna-e1672616413408.jpg?resize=100%2C100&ssl=1",100,100,true]},"uagb_author_info":{"display_name":"Mofreh Landious","author_link":"https:\/\/landioustravel.com\/es\/author\/"},"uagb_comment_info":0,"uagb_excerpt":"\u00a1Emb\u00e1rcate en una emocionante aventura con tus seres queridos y sum\u00e9rgete en el fascinante mundo de la vida marina en el Mar Rojo! Descubra la belleza de los peces del Mar Rojo y los arrecifes de coral mientras se sumerge 25 m bajo el agua con el submarino Sindbad en Hurghada. Te sorprender\u00e1n los colores&hellip;","jetpack_sharing_enabled":true,"jetpack_likes_enabled":true,"amp_enabled":true,"_links":{"self":[{"href":"https:\/\/landioustravel.com\/es\/wp-json\/wp\/v2\/product\/142608","targetHints":{"allow":["GET"]}}],"collection":[{"href":"https:\/\/landioustravel.com\/es\/wp-json\/wp\/v2\/product"}],"about":[{"href":"https:\/\/landioustravel.com\/es\/wp-json\/wp\/v2\/types\/product"}],"replies":[{"embeddable":true,"href":"https:\/\/landioustravel.com\/es\/wp-json\/wp\/v2\/comments?post=142608"}],"wp:featuredmedia":[{"embeddable":true,"href":"https:\/\/landioustravel.com\/es\/wp-json\/wp\/v2\/media\/142609"}],"wp:attachment":[{"href":"https:\/\/landioustravel.com\/es\/wp-json\/wp\/v2\/media?parent=142608"}],"wp:term":[{"taxonomy":"product_brand","embeddable":true,"href":"https:\/\/landioustravel.com\/es\/wp-json\/wp\/v2\/product_brand?post=142608"},{"taxonomy":"product_cat","embeddable":true,"href":"https:\/\/landioustravel.com\/es\/wp-json\/wp\/v2\/product_cat?post=142608"},{"taxonomy":"product_tag","embeddable":true,"href":"https:\/\/landioustravel.com\/es\/wp-json\/wp\/v2\/product_tag?post=142608"}],"curies":[{"name":"wp","href":"https:\/\/api.w.org\/{rel}","templated":true}]}}