{"id":142615,"date":"2023-01-02T00:51:51","date_gmt":"2023-05-05T21:26:01","guid":{"rendered":"https:\/\/landioustravel.com\/?post_type=product&#038;p=142615"},"modified":"2023-06-16T16:35:36","modified_gmt":"2023-06-16T14:35:36","slug":"super-viaje-el-gouna","status":"publish","type":"product","link":"https:\/\/landioustravel.com\/es\/shop\/super-viaje-el-gouna\/","title":{"rendered":"S\u00faper viaje a El Gouna"},"content":{"rendered":"<p>\u00a1Super viaje a El Gouna es un fant\u00e1stico viaje por mar a la Venecia egipcia (El-Gouna) en barco! Recomendamos el viaje porque, en general, permite a los turistas pasar un buen rato en el mar. Espec\u00edficamente, el viaje te permitir\u00e1 ubicarte en la Venecia egipcia: \u00a1El Gouna y nadar con delfines! Adem\u00e1s, da la oportunidad de ver hermosos arrecifes de coral y una gran variedad de peces. Adem\u00e1s, disfrutar\u00e1 de un picnic en barco junto al Mar Rojo.<\/p>\n<h2>Aspectos destacados del viaje Super El Gouna<\/h2>\n<ul>\n<li>Nadar con delfines en mar abierto.<\/li>\n<li>Snorkeling con m\u00e1scaras y aletas.<\/li>\n<li>Almuerzo a bordo del barco.<\/li>\n<li>Observando la vida marina en el semi-submarino<\/li>\n<li>Visita tur\u00edstica a la laguna por El Gouna.<\/li>\n<li>Adem\u00e1s, un recorrido a pie en El-Gouna.<\/li>\n<\/ul>\n<h2>Programa de la Excursi\u00f3n Super El Gouna<\/h2>\n<ul>\n<li>El representante de Landious Travel lo recoger\u00e1 de los hoteles de El Gouna aproximadamente a las 08:00 am.<\/li>\n<li>Despu\u00e9s de recoger a todos los interesados, el autob\u00fas se dirige al puerto. El camino al muelle toma unos 30 minutos.<\/li>\n<li>Encontrar\u00e1s tu barco en el puerto, que consta de dos plantas. \u00a1Es un crucero tan masivo y chic! Nada m\u00e1s subir al barco, ser\u00e1 preferible quitarse el calzado. Y luego, puede subir al segundo piso para broncearse en la terraza superior.<\/li>\n<\/ul>\n<h3>Mar abierto y nado con delfines<\/h3>\n<ul>\n<li>El barco navegar\u00e1 por el Mar Rojo tan pronto como el grupo se re\u00fana.<\/li>\n<li>En ese momento, este encantador Super Gouna Trip comenzar\u00e1 por primera vez despu\u00e9s de un picnic en el mar. Este primer comienzo ser\u00e1 en un hermoso lugar de mar de coral. All\u00ed, har\u00e1s tu primera parada en mar abierto. Naturalmente, puedes nadar con delfines y hacer snorkel usando m\u00e1scaras y aletas.<\/li>\n<\/ul>\n<h3>Viaje a la laguna y visita tur\u00edstica a El Gouna<\/h3>\n<ul>\n<li>Tras esta extraordinaria parada, el barco se dirigir\u00e1 hacia la atractiva ciudad de El-Gouna.<\/li>\n<li>Como era de esperar, disfrutar\u00e1 de un viaje a la laguna y observar\u00e1 de cerca a El Gouna. Una vez que est\u00e1s tan cerca de la Venecia egipcia, te subes a una lancha. En ese punto, la lancha recorre los canales de la Venecia egipcia para que puedas admirar el lugar de cerca. Durante este viaje, su gu\u00eda le brinda informaci\u00f3n sobre las atracciones y la historia de este resort. De hecho, es un fant\u00e1stico viaje a la laguna.<\/li>\n<li>Despu\u00e9s de un viaje por la laguna de este tipo, aterrizar\u00e1 en el puerto de El-Gouna. Luego, iniciar\u00e1s un recorrido a pie por el lugar. Y, una vez m\u00e1s, su gu\u00eda lo acompa\u00f1ar\u00e1 y le mostrar\u00e1 las vistas de El Gouna.<\/li>\n<\/ul>\n<h3>Descubrimiento submarino<\/h3>\n<ul>\n<li>En El-Gouna, el programa de viajes continuar\u00e1 con una guardia a bordo semisubmarina. Por supuesto, \u00a1observar\u00e1s el mundo submarino en un semisubmarino! Este atraque semisubmarino al puerto de la Venecia egipcia.<\/li>\n<\/ul>\n<h3>Almuerzo a bordo<\/h3>\n<ul>\n<li>Despu\u00e9s de que termine con el semisubmarino, lo llevaremos de regreso al bote. Despu\u00e9s de eso, el grupo se reunir\u00e1 para almorzar en el primer piso. Durante el almuerzo, el buffet estar\u00e1 abierto.<\/li>\n<\/ul>\n<h3>Volver a casa<\/h3>\n<ul>\n<li>Al final de esta experiencia, nuestro barco partir\u00e1 hacia el puerto.<\/li>\n<li>El viaje Super Gouna desde El Gouna termina aproximadamente a las 5:30 p. m. Esta hora dada de llegada a su hotel es aproximada. En \u00faltima instancia, lo acompa\u00f1aremos de regreso a sus hoteles despu\u00e9s de un fant\u00e1stico viaje a El-Gouna.<\/li>\n<\/ul>\n<h2>\u00bfQu\u00e9 incluye el precio del viaje Super Gouna?<\/h2>\n<ul>\n<li>M\u00e1scaras y aletas.<\/li>\n<li>Alimentos y bebidas.<\/li>\n<li>Adem\u00e1s, Traslado al puerto y regreso al hotel.<\/li>\n<\/ul>\n<h2>\u00bfQu\u00e9 no incluye el Programa de Super Gouna Trip?<\/h2>\n<ul>\n<li>Tarifa de entrada (5 d\u00f3lares estadounidenses por persona)<\/li>\n<li>DVD de v\u00eddeo.<\/li>\n<li>Adem\u00e1s, el CD de fotos.<\/li>\n<\/ul>\n<h2>\u00bfQu\u00e9 llevar contigo para el tour?<\/h2>\n<ul>\n<li>Toalla.<\/li>\n<li>Adem\u00e1s, protector solar.<\/li>\n<\/ul>\n<h2>S\u00faper viaje a El Gouna D\u00edas de reserva<\/h2>\n<ul>\n<li>Todos los d\u00edas de 08:00 a 17:00.<\/li>\n<\/ul>\n<h3>Servicios presentados durante el viaje Super Gouna desde El Gouna<\/h3>\n<ul>\n<li><strong>Transporte<\/strong>: Landious Travel utiliza una limusina\/minib\u00fas con aire acondicionado para atenderlo. Un conductor experto lo acompa\u00f1ar\u00e1 al puerto y a su hotel.<\/li>\n<li><strong>Guiado<\/strong>: un l\u00edder tur\u00edstico ingl\u00e9s profesional lo recoger\u00e1 de sus hoteles y lo acompa\u00f1ar\u00e1 al puerto.<\/li>\n<li><strong>Instalaciones del barco<\/strong>: Nuestros barcos son modernos de tres pisos. Estos barcos albergan un sal\u00f3n comedor, enfriador de agua, cocina y dos aseos. Adem\u00e1s, proporcionamos chalecos salvavidas, equipo de esn\u00f3rquel y dos carretes de arrastre en el primer piso. Simult\u00e1neamente, el piso del sol\u00e1rium cuenta con c\u00f3modas tumbonas y una carpa.<\/li>\n<li><strong>Equipo y personal:<\/strong> obtendr\u00e1 una tripulaci\u00f3n amable y experimentada en el barco. Nuestros monitores y formadores te acompa\u00f1ar\u00e1n durante el viaje.<\/li>\n<li><strong>Comida<\/strong>: ofrecemos un delicioso almuerzo a bordo con platos variados.<\/li>\n<\/ul>\n","protected":false},"excerpt":{"rendered":"<p>La excursi\u00f3n a la Venecia egipcia atrae a muchos turistas. \u00a1Es una alegr\u00eda ver el lugar! El programa de viaje es rico con varios puntos de entretenimiento. Los turistas disfrutan de un picnic en el mar sobre la costa del Mar Rojo mientras navegan hacia la ciudad tur\u00edstica de El Gouna. Es posible nadar con los encantadores delfines en mar abierto. \u00a1Agrada a todos en el barco! Adem\u00e1s, nuestros turistas pueden hacer snorkel con m\u00e1scaras y aletas. Cuando llegue a El Gouna, comenzar\u00e1 un recorrido en lancha a motor por los canales de agua y las lagunas de este complejo. Tambi\u00e9n puedes observar el mundo submarino en un semisubmarino. El precio del viaje incluir\u00e1 Almuerzo y una bebida.<\/p>\n","protected":false},"featured_media":142617,"comment_status":"open","ping_status":"closed","template":"","meta":{"_coblocks_attr":"","_coblocks_dimensions":"","_coblocks_responsive_height":"","_coblocks_accordion_ie_support":"","_uag_custom_page_level_css":"","jetpack_post_was_ever_published":false,"jetpack_publicize_message":"","jetpack_publicize_feature_enabled":true,"jetpack_social_post_already_shared":true,"jetpack_social_options":{"image_generator_settings":{"template":"highway","default_image_id":0,"font":"","enabled":false},"version":2},"_wpas_customize_per_network":false},"product_brand":[],"product_cat":[23479],"product_tag":[1830,1829,1799,1797,1808,1798,1802,1810],"class_list":{"0":"post-142615","1":"product","2":"type-product","3":"status-publish","4":"has-post-thumbnail","6":"product_cat-excursiones-el-gouna","7":"product_tag-casa-de-delfines","8":"product_tag-el-gouna-es","9":"product_tag-snorkel","10":"product_tag-excursion-es","11":"product_tag-hurghada-es","12":"product_tag-mar","13":"product_tag-paseos-en-barco","14":"product_tag-semi-submarino","15":"pa_age-el-adulto","16":"pa_age-nino-1-4-anos","17":"pa_age-nino-5-11-anos","19":"first","20":"instock","21":"sale","22":"taxable","23":"shipping-taxable","24":"purchasable","25":"product-type-variable"},"yoast_head":"<!-- This site is optimized with the Yoast SEO Premium plugin v26.9 (Yoast SEO v27.3) - https:\/\/yoast.com\/product\/yoast-seo-premium-wordpress\/ -->\n<title>S\u00faper viaje a El Gouna<\/title>\n<meta name=\"description\" content=\"S\u00faper viaje a El Gouna Los turistas disfrutan de un picnic en el mar sobre la costa del Mar Rojo mientras navegan hacia la ciudad tur\u00edstica de El Gouna. Es\" \/>\n<meta name=\"robots\" content=\"index, follow, max-snippet:-1, max-image-preview:large, max-video-preview:-1\" \/>\n<link rel=\"canonical\" href=\"https:\/\/landioustravel.com\/es\/shop\/super-viaje-el-gouna\/\" \/>\n<meta property=\"og:locale\" content=\"es_ES\" \/>\n<meta property=\"og:type\" content=\"article\" \/>\n<meta property=\"og:title\" content=\"S\u00faper viaje a El Gouna\" \/>\n<meta property=\"og:description\" content=\"Landious Travel\" \/>\n<meta property=\"og:url\" content=\"https:\/\/landioustravel.com\/es\/shop\/super-viaje-el-gouna\/\" \/>\n<meta property=\"og:site_name\" content=\"Landious Travel\" \/>\n<meta property=\"article:publisher\" content=\"https:\/\/web.facebook.com\/landiousEgypt\" \/>\n<meta property=\"article:modified_time\" content=\"2023-06-16T14:35:36+00:00\" \/>\n<meta property=\"og:image\" content=\"https:\/\/i0.wp.com\/landioustravel.com\/wp-content\/uploads\/2023\/01\/Super-El-Gouna-Trip-e1672613280679.jpg?fit=1200%2C675&ssl=1\" \/>\n\t<meta property=\"og:image:width\" content=\"1200\" \/>\n\t<meta property=\"og:image:height\" content=\"675\" \/>\n\t<meta property=\"og:image:type\" content=\"image\/jpeg\" \/>\n<meta name=\"twitter:card\" content=\"summary_large_image\" \/>\n<meta name=\"twitter:site\" content=\"@LandiousTours\" \/>\n<meta name=\"twitter:label1\" content=\"Tiempo de lectura\" \/>\n\t<meta name=\"twitter:data1\" content=\"4 minutos\" \/>\n<script type=\"application\/ld+json\" class=\"yoast-schema-graph\">{\"@context\":\"https:\\\/\\\/schema.org\",\"@graph\":[{\"@type\":\"WebPage\",\"@id\":\"https:\\\/\\\/landioustravel.com\\\/es\\\/shop\\\/super-viaje-el-gouna\\\/\",\"url\":\"https:\\\/\\\/landioustravel.com\\\/es\\\/shop\\\/super-viaje-el-gouna\\\/\",\"name\":\"S\u00faper viaje a El Gouna\",\"isPartOf\":{\"@id\":\"https:\\\/\\\/landioustravel.com\\\/es\\\/#website\"},\"primaryImageOfPage\":{\"@id\":\"https:\\\/\\\/landioustravel.com\\\/es\\\/shop\\\/super-viaje-el-gouna\\\/#primaryimage\"},\"image\":{\"@id\":\"https:\\\/\\\/landioustravel.com\\\/es\\\/shop\\\/super-viaje-el-gouna\\\/#primaryimage\"},\"thumbnailUrl\":\"https:\\\/\\\/i0.wp.com\\\/landioustravel.com\\\/wp-content\\\/uploads\\\/2023\\\/01\\\/Super-El-Gouna-Trip-e1672613280679.jpg?fit=1200%2C675&ssl=1\",\"datePublished\":\"2023-05-05T21:26:01+00:00\",\"dateModified\":\"2023-06-16T14:35:36+00:00\",\"description\":\"S\u00faper viaje a El Gouna Los turistas disfrutan de un picnic en el mar sobre la costa del Mar Rojo mientras navegan hacia la ciudad tur\u00edstica de El Gouna. Es\",\"breadcrumb\":{\"@id\":\"https:\\\/\\\/landioustravel.com\\\/es\\\/shop\\\/super-viaje-el-gouna\\\/#breadcrumb\"},\"inLanguage\":\"es\",\"potentialAction\":[{\"@type\":\"ReadAction\",\"target\":[\"https:\\\/\\\/landioustravel.com\\\/es\\\/shop\\\/super-viaje-el-gouna\\\/\"]}]},{\"@type\":\"ImageObject\",\"inLanguage\":\"es\",\"@id\":\"https:\\\/\\\/landioustravel.com\\\/es\\\/shop\\\/super-viaje-el-gouna\\\/#primaryimage\",\"url\":\"https:\\\/\\\/i0.wp.com\\\/landioustravel.com\\\/wp-content\\\/uploads\\\/2023\\\/01\\\/Super-El-Gouna-Trip-e1672613280679.jpg?fit=1200%2C675&ssl=1\",\"contentUrl\":\"https:\\\/\\\/i0.wp.com\\\/landioustravel.com\\\/wp-content\\\/uploads\\\/2023\\\/01\\\/Super-El-Gouna-Trip-e1672613280679.jpg?fit=1200%2C675&ssl=1\",\"width\":1200,\"height\":675,\"caption\":\"Super El Gouna Trip\"},{\"@type\":\"BreadcrumbList\",\"@id\":\"https:\\\/\\\/landioustravel.com\\\/es\\\/shop\\\/super-viaje-el-gouna\\\/#breadcrumb\",\"itemListElement\":[{\"@type\":\"ListItem\",\"position\":1,\"name\":\"Home\",\"item\":\"https:\\\/\\\/landioustravel.com\\\/es\\\/\"},{\"@type\":\"ListItem\",\"position\":2,\"name\":\"Servicios y Tours\",\"item\":\"https:\\\/\\\/landioustravel.com\\\/es\\\/\"},{\"@type\":\"ListItem\",\"position\":3,\"name\":\"S\u00faper viaje a El Gouna\"}]},{\"@type\":\"WebSite\",\"@id\":\"https:\\\/\\\/landioustravel.com\\\/es\\\/#website\",\"url\":\"https:\\\/\\\/landioustravel.com\\\/es\\\/\",\"name\":\"Landious Travel\",\"description\":\"Tours and Excursions in Egypt\",\"publisher\":{\"@id\":\"https:\\\/\\\/landioustravel.com\\\/es\\\/#organization\"},\"potentialAction\":[{\"@type\":\"SearchAction\",\"target\":{\"@type\":\"EntryPoint\",\"urlTemplate\":\"https:\\\/\\\/landioustravel.com\\\/es\\\/?s={search_term_string}\"},\"query-input\":{\"@type\":\"PropertyValueSpecification\",\"valueRequired\":true,\"valueName\":\"search_term_string\"}}],\"inLanguage\":\"es\"},{\"@type\":[\"Organization\",\"Place\"],\"@id\":\"https:\\\/\\\/landioustravel.com\\\/es\\\/#organization\",\"name\":\"Landious Travel\",\"alternateName\":\"Landious Travel\",\"url\":\"https:\\\/\\\/landioustravel.com\\\/es\\\/\",\"logo\":{\"@id\":\"https:\\\/\\\/landioustravel.com\\\/es\\\/shop\\\/super-viaje-el-gouna\\\/#local-main-organization-logo\"},\"image\":{\"@id\":\"https:\\\/\\\/landioustravel.com\\\/es\\\/shop\\\/super-viaje-el-gouna\\\/#local-main-organization-logo\"},\"sameAs\":[\"https:\\\/\\\/web.facebook.com\\\/landiousEgypt\",\"https:\\\/\\\/x.com\\\/LandiousTours\",\"https:\\\/\\\/mastodon.social\\\/@landious\"],\"legalName\":\"Landious Travel\",\"telephone\":[],\"openingHoursSpecification\":[{\"@type\":\"OpeningHoursSpecification\",\"dayOfWeek\":[\"Monday\",\"Tuesday\",\"Wednesday\",\"Thursday\",\"Friday\",\"Saturday\",\"Sunday\"],\"opens\":\"09:00\",\"closes\":\"17:00\"}]},{\"@type\":\"ImageObject\",\"inLanguage\":\"es\",\"@id\":\"https:\\\/\\\/landioustravel.com\\\/es\\\/shop\\\/super-viaje-el-gouna\\\/#local-main-organization-logo\",\"url\":\"https:\\\/\\\/i0.wp.com\\\/landioustravel.com\\\/wp-content\\\/uploads\\\/2021\\\/06\\\/Landious-T.png?fit=500%2C500&ssl=1\",\"contentUrl\":\"https:\\\/\\\/i0.wp.com\\\/landioustravel.com\\\/wp-content\\\/uploads\\\/2021\\\/06\\\/Landious-T.png?fit=500%2C500&ssl=1\",\"width\":500,\"height\":500,\"caption\":\"Landious Travel\"}]}<\/script>\n<!-- \/ Yoast SEO Premium plugin. -->","yoast_head_json":{"title":"S\u00faper viaje a El Gouna","description":"S\u00faper viaje a El Gouna Los turistas disfrutan de un picnic en el mar sobre la costa del Mar Rojo mientras navegan hacia la ciudad tur\u00edstica de El Gouna. Es","robots":{"index":"index","follow":"follow","max-snippet":"max-snippet:-1","max-image-preview":"max-image-preview:large","max-video-preview":"max-video-preview:-1"},"canonical":"https:\/\/landioustravel.com\/es\/shop\/super-viaje-el-gouna\/","og_locale":"es_ES","og_type":"article","og_title":"S\u00faper viaje a El Gouna","og_description":"Landious Travel","og_url":"https:\/\/landioustravel.com\/es\/shop\/super-viaje-el-gouna\/","og_site_name":"Landious Travel","article_publisher":"https:\/\/web.facebook.com\/landiousEgypt","article_modified_time":"2023-06-16T14:35:36+00:00","og_image":[{"width":1200,"height":675,"url":"https:\/\/i0.wp.com\/landioustravel.com\/wp-content\/uploads\/2023\/01\/Super-El-Gouna-Trip-e1672613280679.jpg?fit=1200%2C675&ssl=1","type":"image\/jpeg"}],"twitter_card":"summary_large_image","twitter_site":"@LandiousTours","twitter_misc":{"Tiempo de lectura":"4 minutos"},"schema":{"@context":"https:\/\/schema.org","@graph":[{"@type":"WebPage","@id":"https:\/\/landioustravel.com\/es\/shop\/super-viaje-el-gouna\/","url":"https:\/\/landioustravel.com\/es\/shop\/super-viaje-el-gouna\/","name":"S\u00faper viaje a El Gouna","isPartOf":{"@id":"https:\/\/landioustravel.com\/es\/#website"},"primaryImageOfPage":{"@id":"https:\/\/landioustravel.com\/es\/shop\/super-viaje-el-gouna\/#primaryimage"},"image":{"@id":"https:\/\/landioustravel.com\/es\/shop\/super-viaje-el-gouna\/#primaryimage"},"thumbnailUrl":"https:\/\/i0.wp.com\/landioustravel.com\/wp-content\/uploads\/2023\/01\/Super-El-Gouna-Trip-e1672613280679.jpg?fit=1200%2C675&ssl=1","datePublished":"2023-05-05T21:26:01+00:00","dateModified":"2023-06-16T14:35:36+00:00","description":"S\u00faper viaje a El Gouna Los turistas disfrutan de un picnic en el mar sobre la costa del Mar Rojo mientras navegan hacia la ciudad tur\u00edstica de El Gouna. Es","breadcrumb":{"@id":"https:\/\/landioustravel.com\/es\/shop\/super-viaje-el-gouna\/#breadcrumb"},"inLanguage":"es","potentialAction":[{"@type":"ReadAction","target":["https:\/\/landioustravel.com\/es\/shop\/super-viaje-el-gouna\/"]}]},{"@type":"ImageObject","inLanguage":"es","@id":"https:\/\/landioustravel.com\/es\/shop\/super-viaje-el-gouna\/#primaryimage","url":"https:\/\/i0.wp.com\/landioustravel.com\/wp-content\/uploads\/2023\/01\/Super-El-Gouna-Trip-e1672613280679.jpg?fit=1200%2C675&ssl=1","contentUrl":"https:\/\/i0.wp.com\/landioustravel.com\/wp-content\/uploads\/2023\/01\/Super-El-Gouna-Trip-e1672613280679.jpg?fit=1200%2C675&ssl=1","width":1200,"height":675,"caption":"Super El Gouna Trip"},{"@type":"BreadcrumbList","@id":"https:\/\/landioustravel.com\/es\/shop\/super-viaje-el-gouna\/#breadcrumb","itemListElement":[{"@type":"ListItem","position":1,"name":"Home","item":"https:\/\/landioustravel.com\/es\/"},{"@type":"ListItem","position":2,"name":"Servicios y Tours","item":"https:\/\/landioustravel.com\/es\/"},{"@type":"ListItem","position":3,"name":"S\u00faper viaje a El Gouna"}]},{"@type":"WebSite","@id":"https:\/\/landioustravel.com\/es\/#website","url":"https:\/\/landioustravel.com\/es\/","name":"Landious Travel","description":"Tours and Excursions in Egypt","publisher":{"@id":"https:\/\/landioustravel.com\/es\/#organization"},"potentialAction":[{"@type":"SearchAction","target":{"@type":"EntryPoint","urlTemplate":"https:\/\/landioustravel.com\/es\/?s={search_term_string}"},"query-input":{"@type":"PropertyValueSpecification","valueRequired":true,"valueName":"search_term_string"}}],"inLanguage":"es"},{"@type":["Organization","Place"],"@id":"https:\/\/landioustravel.com\/es\/#organization","name":"Landious Travel","alternateName":"Landious Travel","url":"https:\/\/landioustravel.com\/es\/","logo":{"@id":"https:\/\/landioustravel.com\/es\/shop\/super-viaje-el-gouna\/#local-main-organization-logo"},"image":{"@id":"https:\/\/landioustravel.com\/es\/shop\/super-viaje-el-gouna\/#local-main-organization-logo"},"sameAs":["https:\/\/web.facebook.com\/landiousEgypt","https:\/\/x.com\/LandiousTours","https:\/\/mastodon.social\/@landious"],"legalName":"Landious Travel","telephone":[],"openingHoursSpecification":[{"@type":"OpeningHoursSpecification","dayOfWeek":["Monday","Tuesday","Wednesday","Thursday","Friday","Saturday","Sunday"],"opens":"09:00","closes":"17:00"}]},{"@type":"ImageObject","inLanguage":"es","@id":"https:\/\/landioustravel.com\/es\/shop\/super-viaje-el-gouna\/#local-main-organization-logo","url":"https:\/\/i0.wp.com\/landioustravel.com\/wp-content\/uploads\/2021\/06\/Landious-T.png?fit=500%2C500&ssl=1","contentUrl":"https:\/\/i0.wp.com\/landioustravel.com\/wp-content\/uploads\/2021\/06\/Landious-T.png?fit=500%2C500&ssl=1","width":500,"height":500,"caption":"Landious Travel"}]}},"jetpack_publicize_connections":[],"uagb_featured_image_src":{"full":["https:\/\/i0.wp.com\/landioustravel.com\/wp-content\/uploads\/2023\/01\/Super-El-Gouna-Trip-e1672613280679.jpg?fit=1200%2C675&ssl=1",1200,675,false],"thumbnail":["https:\/\/i0.wp.com\/landioustravel.com\/wp-content\/uploads\/2023\/01\/Super-El-Gouna-Trip-e1672613280679.jpg?resize=150%2C150&ssl=1",150,150,true],"medium":["https:\/\/i0.wp.com\/landioustravel.com\/wp-content\/uploads\/2023\/01\/Super-El-Gouna-Trip-e1672613280679.jpg?fit=300%2C169&ssl=1",300,169,true],"medium_large":["https:\/\/i0.wp.com\/landioustravel.com\/wp-content\/uploads\/2023\/01\/Super-El-Gouna-Trip-e1672613280679.jpg?fit=768%2C432&ssl=1",768,432,true],"large":["https:\/\/i0.wp.com\/landioustravel.com\/wp-content\/uploads\/2023\/01\/Super-El-Gouna-Trip-e1672613280679.jpg?fit=980%2C551&ssl=1",980,551,true],"1536x1536":["https:\/\/i0.wp.com\/landioustravel.com\/wp-content\/uploads\/2023\/01\/Super-El-Gouna-Trip-e1672613280679.jpg?fit=1200%2C675&ssl=1",1200,675,true],"2048x2048":["https:\/\/i0.wp.com\/landioustravel.com\/wp-content\/uploads\/2023\/01\/Super-El-Gouna-Trip-e1672613280679.jpg?fit=1200%2C675&ssl=1",1200,675,true],"newspack-article-block-landscape-large":["https:\/\/i0.wp.com\/landioustravel.com\/wp-content\/uploads\/2023\/01\/Super-El-Gouna-Trip-e1672613280679.jpg?resize=1200%2C675&ssl=1",1200,675,true],"newspack-article-block-portrait-large":["https:\/\/i0.wp.com\/landioustravel.com\/wp-content\/uploads\/2023\/01\/Super-El-Gouna-Trip-e1672613280679.jpg?resize=900%2C675&ssl=1",900,675,true],"newspack-article-block-square-large":["https:\/\/i0.wp.com\/landioustravel.com\/wp-content\/uploads\/2023\/01\/Super-El-Gouna-Trip-e1672613280679.jpg?resize=1200%2C675&ssl=1",1200,675,true],"newspack-article-block-landscape-medium":["https:\/\/i0.wp.com\/landioustravel.com\/wp-content\/uploads\/2023\/01\/Super-El-Gouna-Trip-e1672613280679.jpg?resize=800%2C600&ssl=1",800,600,true],"newspack-article-block-portrait-medium":["https:\/\/i0.wp.com\/landioustravel.com\/wp-content\/uploads\/2023\/01\/Super-El-Gouna-Trip-e1672613280679.jpg?resize=600%2C675&ssl=1",600,675,true],"newspack-article-block-square-medium":["https:\/\/i0.wp.com\/landioustravel.com\/wp-content\/uploads\/2023\/01\/Super-El-Gouna-Trip-e1672613280679.jpg?resize=800%2C675&ssl=1",800,675,true],"newspack-article-block-landscape-intermediate":["https:\/\/i0.wp.com\/landioustravel.com\/wp-content\/uploads\/2023\/01\/Super-El-Gouna-Trip-e1672613280679.jpg?resize=600%2C450&ssl=1",600,450,true],"newspack-article-block-portrait-intermediate":["https:\/\/i0.wp.com\/landioustravel.com\/wp-content\/uploads\/2023\/01\/Super-El-Gouna-Trip-e1672613280679.jpg?resize=450%2C600&ssl=1",450,600,true],"newspack-article-block-square-intermediate":["https:\/\/i0.wp.com\/landioustravel.com\/wp-content\/uploads\/2023\/01\/Super-El-Gouna-Trip-e1672613280679.jpg?resize=600%2C600&ssl=1",600,600,true],"newspack-article-block-landscape-small":["https:\/\/i0.wp.com\/landioustravel.com\/wp-content\/uploads\/2023\/01\/Super-El-Gouna-Trip-e1672613280679.jpg?resize=400%2C300&ssl=1",400,300,true],"newspack-article-block-portrait-small":["https:\/\/i0.wp.com\/landioustravel.com\/wp-content\/uploads\/2023\/01\/Super-El-Gouna-Trip-e1672613280679.jpg?resize=300%2C400&ssl=1",300,400,true],"newspack-article-block-square-small":["https:\/\/i0.wp.com\/landioustravel.com\/wp-content\/uploads\/2023\/01\/Super-El-Gouna-Trip-e1672613280679.jpg?resize=400%2C400&ssl=1",400,400,true],"newspack-article-block-landscape-tiny":["https:\/\/i0.wp.com\/landioustravel.com\/wp-content\/uploads\/2023\/01\/Super-El-Gouna-Trip-e1672613280679.jpg?resize=200%2C150&ssl=1",200,150,true],"newspack-article-block-portrait-tiny":["https:\/\/i0.wp.com\/landioustravel.com\/wp-content\/uploads\/2023\/01\/Super-El-Gouna-Trip-e1672613280679.jpg?resize=150%2C200&ssl=1",150,200,true],"newspack-article-block-square-tiny":["https:\/\/i0.wp.com\/landioustravel.com\/wp-content\/uploads\/2023\/01\/Super-El-Gouna-Trip-e1672613280679.jpg?resize=200%2C200&ssl=1",200,200,true],"newspack-article-block-uncropped":["https:\/\/i0.wp.com\/landioustravel.com\/wp-content\/uploads\/2023\/01\/Super-El-Gouna-Trip-e1672613280679.jpg?fit=1200%2C675&ssl=1",1200,675,true],"woocommerce_thumbnail":["https:\/\/i0.wp.com\/landioustravel.com\/wp-content\/uploads\/2023\/01\/Super-El-Gouna-Trip-e1672613280679.jpg?resize=324%2C324&ssl=1",324,324,true],"woocommerce_single":["https:\/\/i0.wp.com\/landioustravel.com\/wp-content\/uploads\/2023\/01\/Super-El-Gouna-Trip-e1672613280679.jpg?fit=416%2C234&ssl=1",416,234,true],"woocommerce_gallery_thumbnail":["https:\/\/i0.wp.com\/landioustravel.com\/wp-content\/uploads\/2023\/01\/Super-El-Gouna-Trip-e1672613280679.jpg?resize=100%2C100&ssl=1",100,100,true]},"uagb_author_info":{"display_name":"Mofreh Landious","author_link":"https:\/\/landioustravel.com\/es\/author\/"},"uagb_comment_info":0,"uagb_excerpt":"La excursi\u00f3n a la Venecia egipcia atrae a muchos turistas. \u00a1Es una alegr\u00eda ver el lugar! El programa de viaje es rico con varios puntos de entretenimiento. Los turistas disfrutan de un picnic en el mar sobre la costa del Mar Rojo mientras navegan hacia la ciudad tur\u00edstica de El Gouna. Es posible nadar con&hellip;","jetpack_sharing_enabled":true,"jetpack_likes_enabled":true,"amp_enabled":true,"_links":{"self":[{"href":"https:\/\/landioustravel.com\/es\/wp-json\/wp\/v2\/product\/142615","targetHints":{"allow":["GET"]}}],"collection":[{"href":"https:\/\/landioustravel.com\/es\/wp-json\/wp\/v2\/product"}],"about":[{"href":"https:\/\/landioustravel.com\/es\/wp-json\/wp\/v2\/types\/product"}],"replies":[{"embeddable":true,"href":"https:\/\/landioustravel.com\/es\/wp-json\/wp\/v2\/comments?post=142615"}],"wp:featuredmedia":[{"embeddable":true,"href":"https:\/\/landioustravel.com\/es\/wp-json\/wp\/v2\/media\/142617"}],"wp:attachment":[{"href":"https:\/\/landioustravel.com\/es\/wp-json\/wp\/v2\/media?parent=142615"}],"wp:term":[{"taxonomy":"product_brand","embeddable":true,"href":"https:\/\/landioustravel.com\/es\/wp-json\/wp\/v2\/product_brand?post=142615"},{"taxonomy":"product_cat","embeddable":true,"href":"https:\/\/landioustravel.com\/es\/wp-json\/wp\/v2\/product_cat?post=142615"},{"taxonomy":"product_tag","embeddable":true,"href":"https:\/\/landioustravel.com\/es\/wp-json\/wp\/v2\/product_tag?post=142615"}],"curies":[{"name":"wp","href":"https:\/\/api.w.org\/{rel}","templated":true}]}}