{"id":142755,"date":"2023-01-01T21:53:54","date_gmt":"2023-05-30T21:18:47","guid":{"rendered":"https:\/\/landioustravel.com\/?post_type=product&#038;p=142755"},"modified":"2023-06-16T17:55:57","modified_gmt":"2023-06-16T15:55:57","slug":"viaje-isla-paradise-gouna","status":"publish","type":"product","link":"https:\/\/landioustravel.com\/es\/shop\/viaje-isla-paradise-gouna\/","title":{"rendered":"Viaje a la isla Paradise El Gouna"},"content":{"rendered":"<p>\u00a1Recomendamos este viaje de snorkel a Paradise Island porque permite a los turistas pasar un buen rato en el mar! Paradise Island Trip El Gouna es una hermosa excursi\u00f3n por mar a la playa de Paradise Island en la isla Grand Giftun, en Hurghada, Egipto. El viaje le permitir\u00e1 realizar hermosas actividades en el mar, p. hacer snorkel, hacer un picnic en mar abierto y tomar el sol. De hecho, ubicarse en Paradise Island es un motivo importante. Podr\u00e1s ver hermosos arrecifes de coral y una gran variedad de peces. Adem\u00e1s, disfrutar\u00e1s de un picnic en barco por el Mar Rojo. Te gustar\u00e1n mucho los servicios y equipamientos en la propia playa. \u00a1Digno de menci\u00f3n, la isla Giftun se encuentra con la costa de Hurghada! Adem\u00e1s, disfrutar\u00e1s tomando el sol en el barco, la cubierta y la isla.<\/p>\n<h2>Aspectos destacados de Picnic Isla Paradise desde El Gouna<\/h2>\n<ul>\n<li>Nadar en mar abierto desde el barco.<\/li>\n<li>Snorkel con m\u00e1scaras y aletas en mar abierto.<\/li>\n<li>Almuerzo en el barco.<\/li>\n<li>Adem\u00e1s, aterrizar en Paradise Beach en la isla Giftun.<\/li>\n<\/ul>\n<h2>Programa del Viaje de Snorkel a Paradise Island<\/h2>\n<ul>\n<li>El representante de Landious Travel lo recoger\u00e1 de los hoteles de El Gouna aproximadamente a las 07:00 am.<\/li>\n<li>En segundo lugar, el autob\u00fas se dirige al puerto despu\u00e9s de recoger a todos los interesados. El camino a este puerto tomar\u00e1 aproximadamente 40 minutos.<\/li>\n<li>En consecuencia, en ese puerto encontrar\u00e1s tu barco. \u00a1Es uno grande y elegante! Este barco consta de dos plantas. En cuanto entre en \u00e9l, ser\u00e1 preferible quitarse el calzado. Luego, puede subir al segundo piso, bronce\u00e1ndose en la terraza superior.<\/li>\n<li>En adelante, el barco navega por el Mar Rojo tan pronto como el grupo se re\u00fane.<\/li>\n<li>Luego, en los hermosos arrecifes de coral, har\u00e1s una parada. Adem\u00e1s, puedes nadar y hacer snorkel con m\u00e1scaras y aletas.<\/li>\n<li>Despu\u00e9s de tal parada, montar\u00e1s juguetes acu\u00e1ticos de pl\u00e1tano y sof\u00e1.<\/li>\n<li>Por lo tanto, viene la siguiente parada. Esta parada ser\u00e1 en la isla Giftun. Por lo tanto, lo llevaremos en un bote a motor a la Isla Giftun, Isla Para\u00edso.<\/li>\n<li>Por supuesto, su l\u00edder tur\u00edstico le dar\u00e1 una idea de las posibilidades en la playa. Encontrar\u00e1s ba\u00f1os, un restaurante y toboganes para ni\u00f1os.<\/li>\n<li>Mientras est\u00e9 en la isla, pasar\u00e1 una hora. Tendr\u00e1 tiempo suficiente para nadar y tomar el sol durante este tiempo.<\/li>\n<li>El restaurante existe en la propia isla. Cuando llega la hora de comer, el buffet se abre con un rico men\u00fa.<\/li>\n<li>Esta Excursi\u00f3n a Paradise Island en El Gouna finaliza aproximadamente a las 17:30.<\/li>\n<\/ul>\n<h2>\u00bfQu\u00e9 incluye el precio del Viaje a la isla Paradise El Gouna?<\/h2>\n<ul>\n<li>Equipo de snorkel (M\u00e1scaras y aletas).<\/li>\n<li>Alimentos y bebidas.<\/li>\n<li>Adem\u00e1s, Traslado al puerto y regreso al hotel.<\/li>\n<\/ul>\n<h2>\u00bfQu\u00e9 no incluye el programa\u00a0a la isla Paradise El Gouna?<\/h2>\n<ul>\n<li>Tarifa de entrada (5 d\u00f3lares estadounidenses por persona)<\/li>\n<li>DVD de v\u00eddeo.<\/li>\n<li>Adem\u00e1s, el CD de fotos.<\/li>\n<\/ul>\n<h2>Art\u00edculos para llevar con usted para el viaje de snorkel en Paradise Island de d\u00eda completo desde El Gouna<\/h2>\n<ul>\n<li>Toalla.<\/li>\n<li>Adem\u00e1s, protector solar.<\/li>\n<\/ul>\n<h2>Reservar D\u00edas de Viaje Isla Para\u00edso El Gouna<\/h2>\n<ul>\n<li>Todos los d\u00edas de 08:00 a 17:00.<\/li>\n<\/ul>\n<h2>Servicios presentados durante la Excursi\u00f3n Paradise Island desde El Gouna<\/h2>\n<ul>\n<li><strong>Transporte<\/strong>: Landious Travel utiliza una limusina\/minib\u00fas con aire acondicionado para atenderlo. Un conductor profesional lo acompa\u00f1ar\u00e1 al puerto y a su hotel.<\/li>\n<li><strong>Guiado:<\/strong> un l\u00edder tur\u00edstico ingl\u00e9s profesional lo recoger\u00e1 de sus hoteles y lo acompa\u00f1ar\u00e1 al puerto.<\/li>\n<li><strong>Instalaciones de embarcaciones:<\/strong> nuestras embarcaciones son nuevas de tres pisos. Equipamos estos barcos con todas las facilidades para brindarte comodidad y atractivo. A bordo habr\u00e1 un sal\u00f3n comedor, enfriador de agua, cocina, dos ba\u00f1os, chalecos salvavidas y equipo de snorkel en el primer piso. Mientras tanto, el piso del sol\u00e1rium cuenta con c\u00f3modas tumbonas y una carpa.<\/li>\n<li><strong>Equipo y personal:<\/strong> tendr\u00e1s una tripulaci\u00f3n amable y profesional en el barco. Nuestros monitores y formadores te guiar\u00e1n durante el viaje.<\/li>\n<li><strong>Adem\u00e1s, Comida:<\/strong> ofrecemos un excelente almuerzo en el barco, con diferentes platos.<\/li>\n<\/ul>\n","protected":false},"excerpt":{"rendered":"<p>Emb\u00e1rcate en un emocionante viaje a Paradise Island y disfruta del c\u00e1lido sol en sus pr\u00edstinas playas de arena blanca. Date un chapuz\u00f3n en las refrescantes aguas o zarpa para explorar el vibrante mundo submarino a trav\u00e9s del snorkel. Mientras se dirige a la isla, t\u00f3mese un descanso para disfrutar de un delicioso picnic y nadar en mar abierto. Disfrute de la emoci\u00f3n de viajar en botes banana y sof\u00e1s antes de llegar a la isla Giftun, donde puede capturar fotos impresionantes, descansar en las arenas doradas y darse un ba\u00f1o refrescante. Saboree un delicioso almuerzo a bordo del barco, con muchas opciones para elegir en el buffet libre. Los ni\u00f1os pueden divertirse mucho con el entretenimiento que se ofrece en la playa. \u00a1\u00danete a nosotros para una aventura inolvidable!<\/p>\n","protected":false},"featured_media":142758,"comment_status":"open","ping_status":"closed","template":"","meta":{"_coblocks_attr":"","_coblocks_dimensions":"","_coblocks_responsive_height":"","_coblocks_accordion_ie_support":"","_uag_custom_page_level_css":"","jetpack_post_was_ever_published":false,"jetpack_publicize_message":"","jetpack_publicize_feature_enabled":true,"jetpack_social_post_already_shared":true,"jetpack_social_options":{"image_generator_settings":{"template":"highway","default_image_id":0,"font":"","enabled":false},"version":2},"_wpas_customize_per_network":false},"product_brand":[],"product_cat":[23479],"product_tag":[1829,1799,1797,1808,1803,2258,1798,1802],"class_list":{"0":"post-142755","1":"product","2":"type-product","3":"status-publish","4":"has-post-thumbnail","6":"product_cat-excursiones-el-gouna","7":"product_tag-el-gouna-es","8":"product_tag-snorkel","9":"product_tag-excursion-es","10":"product_tag-hurghada-es","11":"product_tag-isla","12":"product_tag-paraiso-ailand","13":"product_tag-mar","14":"product_tag-paseos-en-barco","15":"pa_age-el-adulto","16":"pa_age-nino-1-4-anos","17":"pa_age-nino-5-11-anos","19":"first","20":"instock","21":"sale","22":"taxable","23":"shipping-taxable","24":"purchasable","25":"product-type-variable"},"yoast_head":"<!-- This site is optimized with the Yoast SEO Premium plugin v26.9 (Yoast SEO v27.3) - https:\/\/yoast.com\/product\/yoast-seo-premium-wordpress\/ -->\n<title>Viaje a la isla Paradise El Gouna<\/title>\n<meta name=\"description\" content=\"Viaje a la isla Paradise El Gouna Emb\u00e1rcate en un emocionante viaje a Paradise Island y disfruta del c\u00e1lido sol en sus pr\u00edstinas playas de arena blanca.\" \/>\n<meta name=\"robots\" content=\"index, follow, max-snippet:-1, max-image-preview:large, max-video-preview:-1\" \/>\n<link rel=\"canonical\" href=\"https:\/\/landioustravel.com\/es\/shop\/viaje-isla-paradise-gouna\/\" \/>\n<meta property=\"og:locale\" content=\"es_ES\" \/>\n<meta property=\"og:type\" content=\"article\" \/>\n<meta property=\"og:title\" content=\"Viaje a la isla Paradise El Gouna\" \/>\n<meta property=\"og:description\" content=\"Landious Travel\" \/>\n<meta property=\"og:url\" content=\"https:\/\/landioustravel.com\/es\/shop\/viaje-isla-paradise-gouna\/\" \/>\n<meta property=\"og:site_name\" content=\"Landious Travel\" \/>\n<meta property=\"article:publisher\" content=\"https:\/\/web.facebook.com\/landiousEgypt\" \/>\n<meta property=\"article:modified_time\" content=\"2023-06-16T15:55:57+00:00\" \/>\n<meta property=\"og:image\" content=\"https:\/\/i0.wp.com\/landioustravel.com\/wp-content\/uploads\/2023\/01\/Paradise-Island-Trip-El-Gouna-e1672602755459.jpg?fit=1200%2C675&ssl=1\" \/>\n\t<meta property=\"og:image:width\" content=\"1200\" \/>\n\t<meta property=\"og:image:height\" content=\"675\" \/>\n\t<meta property=\"og:image:type\" content=\"image\/jpeg\" \/>\n<meta name=\"twitter:card\" content=\"summary_large_image\" \/>\n<meta name=\"twitter:site\" content=\"@LandiousTours\" \/>\n<meta name=\"twitter:label1\" content=\"Tiempo de lectura\" \/>\n\t<meta name=\"twitter:data1\" content=\"3 minutos\" \/>\n<script type=\"application\/ld+json\" class=\"yoast-schema-graph\">{\"@context\":\"https:\\\/\\\/schema.org\",\"@graph\":[{\"@type\":\"WebPage\",\"@id\":\"https:\\\/\\\/landioustravel.com\\\/es\\\/shop\\\/viaje-isla-paradise-gouna\\\/\",\"url\":\"https:\\\/\\\/landioustravel.com\\\/es\\\/shop\\\/viaje-isla-paradise-gouna\\\/\",\"name\":\"Viaje a la isla Paradise El Gouna\",\"isPartOf\":{\"@id\":\"https:\\\/\\\/landioustravel.com\\\/es\\\/#website\"},\"primaryImageOfPage\":{\"@id\":\"https:\\\/\\\/landioustravel.com\\\/es\\\/shop\\\/viaje-isla-paradise-gouna\\\/#primaryimage\"},\"image\":{\"@id\":\"https:\\\/\\\/landioustravel.com\\\/es\\\/shop\\\/viaje-isla-paradise-gouna\\\/#primaryimage\"},\"thumbnailUrl\":\"https:\\\/\\\/i0.wp.com\\\/landioustravel.com\\\/wp-content\\\/uploads\\\/2023\\\/01\\\/Paradise-Island-Trip-El-Gouna-e1672602755459.jpg?fit=1200%2C675&ssl=1\",\"datePublished\":\"2023-05-30T21:18:47+00:00\",\"dateModified\":\"2023-06-16T15:55:57+00:00\",\"description\":\"Viaje a la isla Paradise El Gouna Emb\u00e1rcate en un emocionante viaje a Paradise Island y disfruta del c\u00e1lido sol en sus pr\u00edstinas playas de arena blanca.\",\"breadcrumb\":{\"@id\":\"https:\\\/\\\/landioustravel.com\\\/es\\\/shop\\\/viaje-isla-paradise-gouna\\\/#breadcrumb\"},\"inLanguage\":\"es\",\"potentialAction\":[{\"@type\":\"ReadAction\",\"target\":[\"https:\\\/\\\/landioustravel.com\\\/es\\\/shop\\\/viaje-isla-paradise-gouna\\\/\"]}]},{\"@type\":\"ImageObject\",\"inLanguage\":\"es\",\"@id\":\"https:\\\/\\\/landioustravel.com\\\/es\\\/shop\\\/viaje-isla-paradise-gouna\\\/#primaryimage\",\"url\":\"https:\\\/\\\/i0.wp.com\\\/landioustravel.com\\\/wp-content\\\/uploads\\\/2023\\\/01\\\/Paradise-Island-Trip-El-Gouna-e1672602755459.jpg?fit=1200%2C675&ssl=1\",\"contentUrl\":\"https:\\\/\\\/i0.wp.com\\\/landioustravel.com\\\/wp-content\\\/uploads\\\/2023\\\/01\\\/Paradise-Island-Trip-El-Gouna-e1672602755459.jpg?fit=1200%2C675&ssl=1\",\"width\":1200,\"height\":675,\"caption\":\"Paradise Island Trip El Gouna\"},{\"@type\":\"BreadcrumbList\",\"@id\":\"https:\\\/\\\/landioustravel.com\\\/es\\\/shop\\\/viaje-isla-paradise-gouna\\\/#breadcrumb\",\"itemListElement\":[{\"@type\":\"ListItem\",\"position\":1,\"name\":\"Home\",\"item\":\"https:\\\/\\\/landioustravel.com\\\/es\\\/\"},{\"@type\":\"ListItem\",\"position\":2,\"name\":\"Servicios y Tours\",\"item\":\"https:\\\/\\\/landioustravel.com\\\/es\\\/\"},{\"@type\":\"ListItem\",\"position\":3,\"name\":\"Viaje a la isla Paradise El Gouna\"}]},{\"@type\":\"WebSite\",\"@id\":\"https:\\\/\\\/landioustravel.com\\\/es\\\/#website\",\"url\":\"https:\\\/\\\/landioustravel.com\\\/es\\\/\",\"name\":\"Landious Travel\",\"description\":\"Tours and Excursions in Egypt\",\"publisher\":{\"@id\":\"https:\\\/\\\/landioustravel.com\\\/es\\\/#organization\"},\"potentialAction\":[{\"@type\":\"SearchAction\",\"target\":{\"@type\":\"EntryPoint\",\"urlTemplate\":\"https:\\\/\\\/landioustravel.com\\\/es\\\/?s={search_term_string}\"},\"query-input\":{\"@type\":\"PropertyValueSpecification\",\"valueRequired\":true,\"valueName\":\"search_term_string\"}}],\"inLanguage\":\"es\"},{\"@type\":[\"Organization\",\"Place\"],\"@id\":\"https:\\\/\\\/landioustravel.com\\\/es\\\/#organization\",\"name\":\"Landious Travel\",\"alternateName\":\"Landious Travel\",\"url\":\"https:\\\/\\\/landioustravel.com\\\/es\\\/\",\"logo\":{\"@id\":\"https:\\\/\\\/landioustravel.com\\\/es\\\/shop\\\/viaje-isla-paradise-gouna\\\/#local-main-organization-logo\"},\"image\":{\"@id\":\"https:\\\/\\\/landioustravel.com\\\/es\\\/shop\\\/viaje-isla-paradise-gouna\\\/#local-main-organization-logo\"},\"sameAs\":[\"https:\\\/\\\/web.facebook.com\\\/landiousEgypt\",\"https:\\\/\\\/x.com\\\/LandiousTours\",\"https:\\\/\\\/mastodon.social\\\/@landious\"],\"legalName\":\"Landious Travel\",\"telephone\":[],\"openingHoursSpecification\":[{\"@type\":\"OpeningHoursSpecification\",\"dayOfWeek\":[\"Monday\",\"Tuesday\",\"Wednesday\",\"Thursday\",\"Friday\",\"Saturday\",\"Sunday\"],\"opens\":\"09:00\",\"closes\":\"17:00\"}]},{\"@type\":\"ImageObject\",\"inLanguage\":\"es\",\"@id\":\"https:\\\/\\\/landioustravel.com\\\/es\\\/shop\\\/viaje-isla-paradise-gouna\\\/#local-main-organization-logo\",\"url\":\"https:\\\/\\\/i0.wp.com\\\/landioustravel.com\\\/wp-content\\\/uploads\\\/2021\\\/06\\\/Landious-T.png?fit=500%2C500&ssl=1\",\"contentUrl\":\"https:\\\/\\\/i0.wp.com\\\/landioustravel.com\\\/wp-content\\\/uploads\\\/2021\\\/06\\\/Landious-T.png?fit=500%2C500&ssl=1\",\"width\":500,\"height\":500,\"caption\":\"Landious Travel\"}]}<\/script>\n<!-- \/ Yoast SEO Premium plugin. -->","yoast_head_json":{"title":"Viaje a la isla Paradise El Gouna","description":"Viaje a la isla Paradise El Gouna Emb\u00e1rcate en un emocionante viaje a Paradise Island y disfruta del c\u00e1lido sol en sus pr\u00edstinas playas de arena blanca.","robots":{"index":"index","follow":"follow","max-snippet":"max-snippet:-1","max-image-preview":"max-image-preview:large","max-video-preview":"max-video-preview:-1"},"canonical":"https:\/\/landioustravel.com\/es\/shop\/viaje-isla-paradise-gouna\/","og_locale":"es_ES","og_type":"article","og_title":"Viaje a la isla Paradise El Gouna","og_description":"Landious Travel","og_url":"https:\/\/landioustravel.com\/es\/shop\/viaje-isla-paradise-gouna\/","og_site_name":"Landious Travel","article_publisher":"https:\/\/web.facebook.com\/landiousEgypt","article_modified_time":"2023-06-16T15:55:57+00:00","og_image":[{"width":1200,"height":675,"url":"https:\/\/i0.wp.com\/landioustravel.com\/wp-content\/uploads\/2023\/01\/Paradise-Island-Trip-El-Gouna-e1672602755459.jpg?fit=1200%2C675&ssl=1","type":"image\/jpeg"}],"twitter_card":"summary_large_image","twitter_site":"@LandiousTours","twitter_misc":{"Tiempo de lectura":"3 minutos"},"schema":{"@context":"https:\/\/schema.org","@graph":[{"@type":"WebPage","@id":"https:\/\/landioustravel.com\/es\/shop\/viaje-isla-paradise-gouna\/","url":"https:\/\/landioustravel.com\/es\/shop\/viaje-isla-paradise-gouna\/","name":"Viaje a la isla Paradise El Gouna","isPartOf":{"@id":"https:\/\/landioustravel.com\/es\/#website"},"primaryImageOfPage":{"@id":"https:\/\/landioustravel.com\/es\/shop\/viaje-isla-paradise-gouna\/#primaryimage"},"image":{"@id":"https:\/\/landioustravel.com\/es\/shop\/viaje-isla-paradise-gouna\/#primaryimage"},"thumbnailUrl":"https:\/\/i0.wp.com\/landioustravel.com\/wp-content\/uploads\/2023\/01\/Paradise-Island-Trip-El-Gouna-e1672602755459.jpg?fit=1200%2C675&ssl=1","datePublished":"2023-05-30T21:18:47+00:00","dateModified":"2023-06-16T15:55:57+00:00","description":"Viaje a la isla Paradise El Gouna Emb\u00e1rcate en un emocionante viaje a Paradise Island y disfruta del c\u00e1lido sol en sus pr\u00edstinas playas de arena blanca.","breadcrumb":{"@id":"https:\/\/landioustravel.com\/es\/shop\/viaje-isla-paradise-gouna\/#breadcrumb"},"inLanguage":"es","potentialAction":[{"@type":"ReadAction","target":["https:\/\/landioustravel.com\/es\/shop\/viaje-isla-paradise-gouna\/"]}]},{"@type":"ImageObject","inLanguage":"es","@id":"https:\/\/landioustravel.com\/es\/shop\/viaje-isla-paradise-gouna\/#primaryimage","url":"https:\/\/i0.wp.com\/landioustravel.com\/wp-content\/uploads\/2023\/01\/Paradise-Island-Trip-El-Gouna-e1672602755459.jpg?fit=1200%2C675&ssl=1","contentUrl":"https:\/\/i0.wp.com\/landioustravel.com\/wp-content\/uploads\/2023\/01\/Paradise-Island-Trip-El-Gouna-e1672602755459.jpg?fit=1200%2C675&ssl=1","width":1200,"height":675,"caption":"Paradise Island Trip El Gouna"},{"@type":"BreadcrumbList","@id":"https:\/\/landioustravel.com\/es\/shop\/viaje-isla-paradise-gouna\/#breadcrumb","itemListElement":[{"@type":"ListItem","position":1,"name":"Home","item":"https:\/\/landioustravel.com\/es\/"},{"@type":"ListItem","position":2,"name":"Servicios y Tours","item":"https:\/\/landioustravel.com\/es\/"},{"@type":"ListItem","position":3,"name":"Viaje a la isla Paradise El Gouna"}]},{"@type":"WebSite","@id":"https:\/\/landioustravel.com\/es\/#website","url":"https:\/\/landioustravel.com\/es\/","name":"Landious Travel","description":"Tours and Excursions in Egypt","publisher":{"@id":"https:\/\/landioustravel.com\/es\/#organization"},"potentialAction":[{"@type":"SearchAction","target":{"@type":"EntryPoint","urlTemplate":"https:\/\/landioustravel.com\/es\/?s={search_term_string}"},"query-input":{"@type":"PropertyValueSpecification","valueRequired":true,"valueName":"search_term_string"}}],"inLanguage":"es"},{"@type":["Organization","Place"],"@id":"https:\/\/landioustravel.com\/es\/#organization","name":"Landious Travel","alternateName":"Landious Travel","url":"https:\/\/landioustravel.com\/es\/","logo":{"@id":"https:\/\/landioustravel.com\/es\/shop\/viaje-isla-paradise-gouna\/#local-main-organization-logo"},"image":{"@id":"https:\/\/landioustravel.com\/es\/shop\/viaje-isla-paradise-gouna\/#local-main-organization-logo"},"sameAs":["https:\/\/web.facebook.com\/landiousEgypt","https:\/\/x.com\/LandiousTours","https:\/\/mastodon.social\/@landious"],"legalName":"Landious Travel","telephone":[],"openingHoursSpecification":[{"@type":"OpeningHoursSpecification","dayOfWeek":["Monday","Tuesday","Wednesday","Thursday","Friday","Saturday","Sunday"],"opens":"09:00","closes":"17:00"}]},{"@type":"ImageObject","inLanguage":"es","@id":"https:\/\/landioustravel.com\/es\/shop\/viaje-isla-paradise-gouna\/#local-main-organization-logo","url":"https:\/\/i0.wp.com\/landioustravel.com\/wp-content\/uploads\/2021\/06\/Landious-T.png?fit=500%2C500&ssl=1","contentUrl":"https:\/\/i0.wp.com\/landioustravel.com\/wp-content\/uploads\/2021\/06\/Landious-T.png?fit=500%2C500&ssl=1","width":500,"height":500,"caption":"Landious Travel"}]}},"jetpack_publicize_connections":[],"uagb_featured_image_src":{"full":["https:\/\/i0.wp.com\/landioustravel.com\/wp-content\/uploads\/2023\/01\/Paradise-Island-Trip-El-Gouna-e1672602755459.jpg?fit=1200%2C675&ssl=1",1200,675,false],"thumbnail":["https:\/\/i0.wp.com\/landioustravel.com\/wp-content\/uploads\/2023\/01\/Paradise-Island-Trip-El-Gouna-e1672602755459.jpg?resize=150%2C150&ssl=1",150,150,true],"medium":["https:\/\/i0.wp.com\/landioustravel.com\/wp-content\/uploads\/2023\/01\/Paradise-Island-Trip-El-Gouna-e1672602755459.jpg?fit=300%2C169&ssl=1",300,169,true],"medium_large":["https:\/\/i0.wp.com\/landioustravel.com\/wp-content\/uploads\/2023\/01\/Paradise-Island-Trip-El-Gouna-e1672602755459.jpg?fit=768%2C432&ssl=1",768,432,true],"large":["https:\/\/i0.wp.com\/landioustravel.com\/wp-content\/uploads\/2023\/01\/Paradise-Island-Trip-El-Gouna-e1672602755459.jpg?fit=980%2C551&ssl=1",980,551,true],"1536x1536":["https:\/\/i0.wp.com\/landioustravel.com\/wp-content\/uploads\/2023\/01\/Paradise-Island-Trip-El-Gouna-e1672602755459.jpg?fit=1200%2C675&ssl=1",1200,675,true],"2048x2048":["https:\/\/i0.wp.com\/landioustravel.com\/wp-content\/uploads\/2023\/01\/Paradise-Island-Trip-El-Gouna-e1672602755459.jpg?fit=1200%2C675&ssl=1",1200,675,true],"newspack-article-block-landscape-large":["https:\/\/i0.wp.com\/landioustravel.com\/wp-content\/uploads\/2023\/01\/Paradise-Island-Trip-El-Gouna-e1672602755459.jpg?resize=1200%2C675&ssl=1",1200,675,true],"newspack-article-block-portrait-large":["https:\/\/i0.wp.com\/landioustravel.com\/wp-content\/uploads\/2023\/01\/Paradise-Island-Trip-El-Gouna-e1672602755459.jpg?resize=900%2C675&ssl=1",900,675,true],"newspack-article-block-square-large":["https:\/\/i0.wp.com\/landioustravel.com\/wp-content\/uploads\/2023\/01\/Paradise-Island-Trip-El-Gouna-e1672602755459.jpg?resize=1200%2C675&ssl=1",1200,675,true],"newspack-article-block-landscape-medium":["https:\/\/i0.wp.com\/landioustravel.com\/wp-content\/uploads\/2023\/01\/Paradise-Island-Trip-El-Gouna-e1672602755459.jpg?resize=800%2C600&ssl=1",800,600,true],"newspack-article-block-portrait-medium":["https:\/\/i0.wp.com\/landioustravel.com\/wp-content\/uploads\/2023\/01\/Paradise-Island-Trip-El-Gouna-e1672602755459.jpg?resize=600%2C675&ssl=1",600,675,true],"newspack-article-block-square-medium":["https:\/\/i0.wp.com\/landioustravel.com\/wp-content\/uploads\/2023\/01\/Paradise-Island-Trip-El-Gouna-e1672602755459.jpg?resize=800%2C675&ssl=1",800,675,true],"newspack-article-block-landscape-intermediate":["https:\/\/i0.wp.com\/landioustravel.com\/wp-content\/uploads\/2023\/01\/Paradise-Island-Trip-El-Gouna-e1672602755459.jpg?resize=600%2C450&ssl=1",600,450,true],"newspack-article-block-portrait-intermediate":["https:\/\/i0.wp.com\/landioustravel.com\/wp-content\/uploads\/2023\/01\/Paradise-Island-Trip-El-Gouna-e1672602755459.jpg?resize=450%2C600&ssl=1",450,600,true],"newspack-article-block-square-intermediate":["https:\/\/i0.wp.com\/landioustravel.com\/wp-content\/uploads\/2023\/01\/Paradise-Island-Trip-El-Gouna-e1672602755459.jpg?resize=600%2C600&ssl=1",600,600,true],"newspack-article-block-landscape-small":["https:\/\/i0.wp.com\/landioustravel.com\/wp-content\/uploads\/2023\/01\/Paradise-Island-Trip-El-Gouna-e1672602755459.jpg?resize=400%2C300&ssl=1",400,300,true],"newspack-article-block-portrait-small":["https:\/\/i0.wp.com\/landioustravel.com\/wp-content\/uploads\/2023\/01\/Paradise-Island-Trip-El-Gouna-e1672602755459.jpg?resize=300%2C400&ssl=1",300,400,true],"newspack-article-block-square-small":["https:\/\/i0.wp.com\/landioustravel.com\/wp-content\/uploads\/2023\/01\/Paradise-Island-Trip-El-Gouna-e1672602755459.jpg?resize=400%2C400&ssl=1",400,400,true],"newspack-article-block-landscape-tiny":["https:\/\/i0.wp.com\/landioustravel.com\/wp-content\/uploads\/2023\/01\/Paradise-Island-Trip-El-Gouna-e1672602755459.jpg?resize=200%2C150&ssl=1",200,150,true],"newspack-article-block-portrait-tiny":["https:\/\/i0.wp.com\/landioustravel.com\/wp-content\/uploads\/2023\/01\/Paradise-Island-Trip-El-Gouna-e1672602755459.jpg?resize=150%2C200&ssl=1",150,200,true],"newspack-article-block-square-tiny":["https:\/\/i0.wp.com\/landioustravel.com\/wp-content\/uploads\/2023\/01\/Paradise-Island-Trip-El-Gouna-e1672602755459.jpg?resize=200%2C200&ssl=1",200,200,true],"newspack-article-block-uncropped":["https:\/\/i0.wp.com\/landioustravel.com\/wp-content\/uploads\/2023\/01\/Paradise-Island-Trip-El-Gouna-e1672602755459.jpg?fit=1200%2C675&ssl=1",1200,675,true],"woocommerce_thumbnail":["https:\/\/i0.wp.com\/landioustravel.com\/wp-content\/uploads\/2023\/01\/Paradise-Island-Trip-El-Gouna-e1672602755459.jpg?resize=324%2C324&ssl=1",324,324,true],"woocommerce_single":["https:\/\/i0.wp.com\/landioustravel.com\/wp-content\/uploads\/2023\/01\/Paradise-Island-Trip-El-Gouna-e1672602755459.jpg?fit=416%2C234&ssl=1",416,234,true],"woocommerce_gallery_thumbnail":["https:\/\/i0.wp.com\/landioustravel.com\/wp-content\/uploads\/2023\/01\/Paradise-Island-Trip-El-Gouna-e1672602755459.jpg?resize=100%2C100&ssl=1",100,100,true]},"uagb_author_info":{"display_name":"Mofreh Landious","author_link":"https:\/\/landioustravel.com\/es\/author\/"},"uagb_comment_info":0,"uagb_excerpt":"Emb\u00e1rcate en un emocionante viaje a Paradise Island y disfruta del c\u00e1lido sol en sus pr\u00edstinas playas de arena blanca. Date un chapuz\u00f3n en las refrescantes aguas o zarpa para explorar el vibrante mundo submarino a trav\u00e9s del snorkel. Mientras se dirige a la isla, t\u00f3mese un descanso para disfrutar de un delicioso picnic y&hellip;","jetpack_sharing_enabled":true,"jetpack_likes_enabled":true,"amp_enabled":true,"_links":{"self":[{"href":"https:\/\/landioustravel.com\/es\/wp-json\/wp\/v2\/product\/142755","targetHints":{"allow":["GET"]}}],"collection":[{"href":"https:\/\/landioustravel.com\/es\/wp-json\/wp\/v2\/product"}],"about":[{"href":"https:\/\/landioustravel.com\/es\/wp-json\/wp\/v2\/types\/product"}],"replies":[{"embeddable":true,"href":"https:\/\/landioustravel.com\/es\/wp-json\/wp\/v2\/comments?post=142755"}],"wp:featuredmedia":[{"embeddable":true,"href":"https:\/\/landioustravel.com\/es\/wp-json\/wp\/v2\/media\/142758"}],"wp:attachment":[{"href":"https:\/\/landioustravel.com\/es\/wp-json\/wp\/v2\/media?parent=142755"}],"wp:term":[{"taxonomy":"product_brand","embeddable":true,"href":"https:\/\/landioustravel.com\/es\/wp-json\/wp\/v2\/product_brand?post=142755"},{"taxonomy":"product_cat","embeddable":true,"href":"https:\/\/landioustravel.com\/es\/wp-json\/wp\/v2\/product_cat?post=142755"},{"taxonomy":"product_tag","embeddable":true,"href":"https:\/\/landioustravel.com\/es\/wp-json\/wp\/v2\/product_tag?post=142755"}],"curies":[{"name":"wp","href":"https:\/\/api.w.org\/{rel}","templated":true}]}}