{"id":142773,"date":"2023-01-01T00:40:52","date_gmt":"2023-05-30T20:59:39","guid":{"rendered":"https:\/\/landioustravel.com\/?post_type=product&#038;p=142773"},"modified":"2023-06-17T03:23:13","modified_gmt":"2023-06-17T01:23:13","slug":"viaje-casa-delfines-gouna","status":"publish","type":"product","link":"https:\/\/landioustravel.com\/es\/shop\/viaje-casa-delfines-gouna\/","title":{"rendered":"Viaje a la casa de delfines El Gouna"},"content":{"rendered":"<p>\u00a1Prep\u00e1rate para una emocionante aventura! Lo recoger\u00e1n temprano en la ma\u00f1ana de su hotel en un c\u00f3modo microb\u00fas con aire acondicionado y lo llevar\u00e1n en un viaje impresionante a Dolphin House, donde los delfines a menudo se re\u00fanen. Las posibilidades de ver un banco de delfines aqu\u00ed son incre\u00edblemente altas, \u00a1alrededor del 90%! Durante el viaje, se proporcionar\u00e1 el almuerzo para mantenerlo con energ\u00eda y listo para explorar. Har\u00e1 2-3 viajes de snorkel a diferentes arrecifes, donde tendr\u00e1 la oportunidad de maravillarse con el impresionante y diverso mundo submarino del Mar Rojo.<\/p>\n<p>Si est\u00e1 visitando El Gouna, Egipto, le recomendamos encarecidamente el Dolphin House Trip El Gouna. Es un viaje por mar favorito que ofrece a los turistas la oportunidad de nadar con delfines y admirar los impresionantes arrecifes de coral y varios peces. Tendr\u00e1 una oportunidad \u00fanica de bucear y nadar con las encantadoras criaturas mam\u00edferas: los delfines durante este viaje en barco. Adem\u00e1s, disfrutar\u00e1 de un picnic en el mar a trav\u00e9s del Mar Rojo.<\/p>\n<h2>Aspectos destacados de la excursi\u00f3n a la casa de los delfines desde El Gouna<\/h2>\n<ul>\n<li>Nadar con los delfines en mar abierto.<\/li>\n<li>Snorkel en mar abierto.<\/li>\n<li>Almuerzo a bordo del barco.<\/li>\n<li>Adem\u00e1s, paseos en Banana y Sof\u00e1.<\/li>\n<\/ul>\n<h2>Programa del Viaje a la casa de delfines El Gouna<\/h2>\n<ul>\n<li>Primero, el representante de Landious Travel lo recoger\u00e1 de su hotel en El Gouna aproximadamente a las 07:00 am.<\/li>\n<li>En segundo lugar, el autob\u00fas va directamente al puerto despu\u00e9s de recoger a todos los interesados. El camino a este puerto tomar\u00e1 aproximadamente 10 minutos.<\/li>\n<li>En ese puerto encontrar\u00e1s tu barco. \u00a1Es uno grande y elegante! Este barco tiene dos pisos. Tan pronto como suba al barco, es necesario quitarse el calzado. Luego, puede subir al segundo piso para broncearse en la terraza superior.<\/li>\n<\/ul>\n<h3>Picnic en el mar y tomar el sol<\/h3>\n<ul>\n<li>El barco navegar\u00e1 por el Mar Rojo tan pronto como el grupo se re\u00fana. Se dirigir\u00e1 a la bah\u00eda de los delfines, hacia El Gouna. Disfrutar\u00e1 de un picnic marino \u00fanico observando los paisajes naturales de la regi\u00f3n del Mar Rojo y contemplando las aguas azules y los cielos despejados. Por supuesto, puede disfrutar de un ba\u00f1o de sol bajo los c\u00e1lidos rayos del sol.<\/li>\n<\/ul>\n<h3>Parada de Snorkel y Nado con Delfines<\/h3>\n<ul>\n<li>\u00a1Este hermoso viaje a Dolphin Bay comienza con una experiencia \u00fanica! Tu primera parada ser\u00e1 en mar abierto. All\u00ed, tambi\u00e9n puedes hacer snorkel y nadar con delfines.<\/li>\n<li>Luego, tendr\u00e1s una parada en otro lugar para hacer snorkel con m\u00e1scaras y aletas.<\/li>\n<li>Despu\u00e9s de esta parada, el grupo se reunir\u00e1 en el primer piso para almorzar. Durante el almuerzo, el buffet estar\u00e1 abierto.<\/li>\n<li>Finalmente, te diviertes montando pl\u00e1tanos y juguetes acu\u00e1ticos en el sof\u00e1.<\/li>\n<\/ul>\n<h3>Volver a casa<\/h3>\n<ul>\n<li>Finalmente, despu\u00e9s de un fant\u00e1stico viaje de snorkel y nado con delfines, su bote regresar\u00e1 al puerto. Una vez m\u00e1s, lo acompa\u00f1aremos a su hotel.<\/li>\n<li>Esta excursi\u00f3n a Dolphin House en Hurghada finaliza aproximadamente a las 16:30.<\/li>\n<\/ul>\n<h2>\u00bfQu\u00e9 incluye el precio de la excursi\u00f3n Dolphin House El Gouna?<\/h2>\n<ul>\n<li>Equipo de snorkel.<\/li>\n<li>Alimentos y bebidas.<\/li>\n<li>Adem\u00e1s, Traslado al puerto y regreso al hotel.<\/li>\n<\/ul>\n<h2>\u00bfQu\u00e9 no incluye el Programa de Dolphin House Excursion El Gouna?<\/h2>\n<ul>\n<li>Tarifa de entrada (5 d\u00f3lares estadounidenses por persona)<\/li>\n<li>DVD de v\u00eddeo.<\/li>\n<li>Adem\u00e1s, el CD de fotos.<\/li>\n<\/ul>\n<h2>Aqu\u00ed hay una lista de cosas que debe llevar con usted para su excursi\u00f3n de nado con delfines en Dolphin Bay desde El Gouna<\/h2>\n<ul>\n<li>Toalla.<\/li>\n<li>Adem\u00e1s, protector solar.<\/li>\n<\/ul>\n<h2>Reserva D\u00edas de Excursi\u00f3n Dolphin House desde El Gouna<\/h2>\n<ul>\n<li>Todos los d\u00edas de 08:00 a 17:00.<\/li>\n<\/ul>\n<h2>Informaci\u00f3n Casa de los Delfines<\/h2>\n<h3>Casa de delfines en Hurghada<\/h3>\n<p>Dolphin House es un \u00e1rea marina ubicada a lo largo de la costa del Mar Rojo entre Hurghada y El Gouna. En esta zona mar\u00edtima vive una gran cantidad de delfines. Es el lugar m\u00e1s hermoso de Hurghada para disfrutar de la vida marina. En particular, los turistas pueden nadar con delfines en su entorno natural: Dolphin Bay. \u00a1Esta experiencia es una de las mejores experiencias marinas que puedes hacer en Hurghada!<\/p>\n<h2>Servicios presentados durante la excursi\u00f3n Dolphin House El Gouna<\/h2>\n<ul>\n<li><strong>Transporte<\/strong>: Landious Travel utiliza una limusina\/minib\u00fas con aire acondicionado para atenderlo. Un conductor profesional lo acompa\u00f1ar\u00e1 al puerto y a su hotel.<\/li>\n<li><strong>Guiado<\/strong>: un l\u00edder tur\u00edstico ingl\u00e9s profesional lo recoger\u00e1 de sus hoteles y lo acompa\u00f1ar\u00e1 al puerto.<\/li>\n<li><strong>Instalaciones de embarcaciones: <\/strong>nuestras embarcaciones son nuevas de tres pisos. Equipamos estos barcos con sal\u00f3n comedor, enfriador de agua, cocina y dos aseos. Adem\u00e1s, proporcionamos chalecos salvavidas, equipo de snorkel y dos carretes de arrastre en el primer piso. Mientras tanto, el piso del sol\u00e1rium cuenta con c\u00f3modas tumbonas y una carpa.<\/li>\n<li><strong>Equipo y personal:<\/strong> tendr\u00e1s una tripulaci\u00f3n amable y profesional en el barco. Nuestros monitores y formadores te guiar\u00e1n durante el viaje.<\/li>\n<li><strong>Comida<\/strong>: servimos un delicioso almuerzo a bordo con diferentes platos.<\/li>\n<\/ul>\n","protected":false},"excerpt":{"rendered":"<p>\u00a1Prep\u00e1rate para un d\u00eda de diversi\u00f3n y aventura! Nuestro viaje por mar a Dolphin Bay desde El Gouna le permite nadar con los delfines m\u00e1s amigables en su entorno natural. No solo eso, sino que tambi\u00e9n podr\u00e1s ver los arrecifes de coral m\u00e1s hermosos y peces desconocidos. Y si eso no es suficiente, \u00a1tenemos juguetes acu\u00e1ticos de pl\u00e1tano y tableta para que los montes!<\/p>\n<p>Pero eso no es todo: nos aseguraremos de que est\u00e9 bien alimentado e hidratado con deliciosos almuerzos y bebidas a bordo del barco. Adem\u00e1s, nuestra amable tripulaci\u00f3n del barco se asegurar\u00e1 de que tengas la mejor experiencia posible.<\/p>\n<p>La costa norte del Mar Rojo es un lugar muy especial para todos los amantes de la vida marina. \u00a1Y te espera un placer porque llevamos a cientos de turistas a este lugar todos los d\u00edas! Dolphin House El Gouna es donde puedes ver delfines, los humanos del mar, en su h\u00e1bitat natural. Y si tienes suerte, \u00a1incluso podr\u00edas tener la oportunidad de nadar con ellos!<\/p>\n<p>\u00bfEntonces, Qu\u00e9 esperas? \u00a1Reserva ahora y prep\u00e1rate para la aventura de tu vida!<\/p>\n","protected":false},"featured_media":133253,"comment_status":"open","ping_status":"closed","template":"","meta":{"_coblocks_attr":"","_coblocks_dimensions":"","_coblocks_responsive_height":"","_coblocks_accordion_ie_support":"","_uag_custom_page_level_css":"","jetpack_post_was_ever_published":false,"jetpack_publicize_message":"","jetpack_publicize_feature_enabled":true,"jetpack_social_post_already_shared":true,"jetpack_social_options":{"image_generator_settings":{"template":"highway","default_image_id":0,"font":"","enabled":false},"version":2},"_wpas_customize_per_network":false},"product_brand":[],"product_cat":[23479],"product_tag":[1830,1829,1799,1797,1808,1798,1802],"class_list":{"0":"post-142773","1":"product","2":"type-product","3":"status-publish","4":"has-post-thumbnail","6":"product_cat-excursiones-el-gouna","7":"product_tag-casa-de-delfines","8":"product_tag-el-gouna-es","9":"product_tag-snorkel","10":"product_tag-excursion-es","11":"product_tag-hurghada-es","12":"product_tag-mar","13":"product_tag-paseos-en-barco","14":"pa_age-el-adulto","15":"pa_age-nino-1-4-anos","16":"pa_age-nino-5-11-anos","18":"first","19":"instock","20":"sale","21":"taxable","22":"shipping-taxable","23":"purchasable","24":"product-type-variable"},"yoast_head":"<!-- This site is optimized with the Yoast SEO Premium plugin v26.9 (Yoast SEO v27.3) - https:\/\/yoast.com\/product\/yoast-seo-premium-wordpress\/ -->\n<title>Viaje a la casa de delfines El Gouna<\/title>\n<meta name=\"description\" content=\"Viaje a la casa de delfines El Gouna le permite nadar con delfines en mar abierto y ver los hermosos arrecifes de coral y peces. M\u00e1s lejos, montando un\" \/>\n<meta name=\"robots\" content=\"index, follow, max-snippet:-1, max-image-preview:large, max-video-preview:-1\" \/>\n<link rel=\"canonical\" href=\"https:\/\/landioustravel.com\/es\/shop\/viaje-casa-delfines-gouna\/\" \/>\n<meta property=\"og:locale\" content=\"es_ES\" \/>\n<meta property=\"og:type\" content=\"article\" \/>\n<meta property=\"og:title\" content=\"Viaje a la casa de delfines El Gouna\" \/>\n<meta property=\"og:description\" content=\"Landious Travel\" \/>\n<meta property=\"og:url\" content=\"https:\/\/landioustravel.com\/es\/shop\/viaje-casa-delfines-gouna\/\" \/>\n<meta property=\"og:site_name\" content=\"Landious Travel\" \/>\n<meta property=\"article:publisher\" content=\"https:\/\/web.facebook.com\/landiousEgypt\" \/>\n<meta property=\"article:modified_time\" content=\"2023-06-17T01:23:13+00:00\" \/>\n<meta property=\"og:image\" content=\"https:\/\/i0.wp.com\/landioustravel.com\/wp-content\/uploads\/2023\/01\/Dolphin-House-Trip-El-Gouna-e1672526313510.jpg?fit=1024%2C675&ssl=1\" \/>\n\t<meta property=\"og:image:width\" content=\"1024\" \/>\n\t<meta property=\"og:image:height\" content=\"675\" \/>\n\t<meta property=\"og:image:type\" content=\"image\/jpeg\" \/>\n<meta name=\"twitter:card\" content=\"summary_large_image\" \/>\n<meta name=\"twitter:site\" content=\"@LandiousTours\" \/>\n<meta name=\"twitter:label1\" content=\"Tiempo de lectura\" \/>\n\t<meta name=\"twitter:data1\" content=\"4 minutos\" \/>\n<script type=\"application\/ld+json\" class=\"yoast-schema-graph\">{\"@context\":\"https:\\\/\\\/schema.org\",\"@graph\":[{\"@type\":\"WebPage\",\"@id\":\"https:\\\/\\\/landioustravel.com\\\/es\\\/shop\\\/viaje-casa-delfines-gouna\\\/\",\"url\":\"https:\\\/\\\/landioustravel.com\\\/es\\\/shop\\\/viaje-casa-delfines-gouna\\\/\",\"name\":\"Viaje a la casa de delfines El Gouna\",\"isPartOf\":{\"@id\":\"https:\\\/\\\/landioustravel.com\\\/es\\\/#website\"},\"primaryImageOfPage\":{\"@id\":\"https:\\\/\\\/landioustravel.com\\\/es\\\/shop\\\/viaje-casa-delfines-gouna\\\/#primaryimage\"},\"image\":{\"@id\":\"https:\\\/\\\/landioustravel.com\\\/es\\\/shop\\\/viaje-casa-delfines-gouna\\\/#primaryimage\"},\"thumbnailUrl\":\"https:\\\/\\\/i0.wp.com\\\/landioustravel.com\\\/wp-content\\\/uploads\\\/2023\\\/01\\\/Dolphin-House-Trip-El-Gouna-e1672526313510.jpg?fit=1024%2C675&ssl=1\",\"datePublished\":\"2023-05-30T20:59:39+00:00\",\"dateModified\":\"2023-06-17T01:23:13+00:00\",\"description\":\"Viaje a la casa de delfines El Gouna le permite nadar con delfines en mar abierto y ver los hermosos arrecifes de coral y peces. M\u00e1s lejos, montando un\",\"breadcrumb\":{\"@id\":\"https:\\\/\\\/landioustravel.com\\\/es\\\/shop\\\/viaje-casa-delfines-gouna\\\/#breadcrumb\"},\"inLanguage\":\"es\",\"potentialAction\":[{\"@type\":\"ReadAction\",\"target\":[\"https:\\\/\\\/landioustravel.com\\\/es\\\/shop\\\/viaje-casa-delfines-gouna\\\/\"]}]},{\"@type\":\"ImageObject\",\"inLanguage\":\"es\",\"@id\":\"https:\\\/\\\/landioustravel.com\\\/es\\\/shop\\\/viaje-casa-delfines-gouna\\\/#primaryimage\",\"url\":\"https:\\\/\\\/i0.wp.com\\\/landioustravel.com\\\/wp-content\\\/uploads\\\/2023\\\/01\\\/Dolphin-House-Trip-El-Gouna-e1672526313510.jpg?fit=1024%2C675&ssl=1\",\"contentUrl\":\"https:\\\/\\\/i0.wp.com\\\/landioustravel.com\\\/wp-content\\\/uploads\\\/2023\\\/01\\\/Dolphin-House-Trip-El-Gouna-e1672526313510.jpg?fit=1024%2C675&ssl=1\",\"width\":1024,\"height\":675,\"caption\":\"Dolphin House Trip El Gouna\"},{\"@type\":\"BreadcrumbList\",\"@id\":\"https:\\\/\\\/landioustravel.com\\\/es\\\/shop\\\/viaje-casa-delfines-gouna\\\/#breadcrumb\",\"itemListElement\":[{\"@type\":\"ListItem\",\"position\":1,\"name\":\"Home\",\"item\":\"https:\\\/\\\/landioustravel.com\\\/es\\\/\"},{\"@type\":\"ListItem\",\"position\":2,\"name\":\"Servicios y Tours\",\"item\":\"https:\\\/\\\/landioustravel.com\\\/es\\\/\"},{\"@type\":\"ListItem\",\"position\":3,\"name\":\"Viaje a la casa de delfines El Gouna\"}]},{\"@type\":\"WebSite\",\"@id\":\"https:\\\/\\\/landioustravel.com\\\/es\\\/#website\",\"url\":\"https:\\\/\\\/landioustravel.com\\\/es\\\/\",\"name\":\"Landious Travel\",\"description\":\"Tours and Excursions in Egypt\",\"publisher\":{\"@id\":\"https:\\\/\\\/landioustravel.com\\\/es\\\/#organization\"},\"potentialAction\":[{\"@type\":\"SearchAction\",\"target\":{\"@type\":\"EntryPoint\",\"urlTemplate\":\"https:\\\/\\\/landioustravel.com\\\/es\\\/?s={search_term_string}\"},\"query-input\":{\"@type\":\"PropertyValueSpecification\",\"valueRequired\":true,\"valueName\":\"search_term_string\"}}],\"inLanguage\":\"es\"},{\"@type\":[\"Organization\",\"Place\"],\"@id\":\"https:\\\/\\\/landioustravel.com\\\/es\\\/#organization\",\"name\":\"Landious Travel\",\"alternateName\":\"Landious Travel\",\"url\":\"https:\\\/\\\/landioustravel.com\\\/es\\\/\",\"logo\":{\"@id\":\"https:\\\/\\\/landioustravel.com\\\/es\\\/shop\\\/viaje-casa-delfines-gouna\\\/#local-main-organization-logo\"},\"image\":{\"@id\":\"https:\\\/\\\/landioustravel.com\\\/es\\\/shop\\\/viaje-casa-delfines-gouna\\\/#local-main-organization-logo\"},\"sameAs\":[\"https:\\\/\\\/web.facebook.com\\\/landiousEgypt\",\"https:\\\/\\\/x.com\\\/LandiousTours\",\"https:\\\/\\\/mastodon.social\\\/@landious\"],\"legalName\":\"Landious Travel\",\"telephone\":[],\"openingHoursSpecification\":[{\"@type\":\"OpeningHoursSpecification\",\"dayOfWeek\":[\"Monday\",\"Tuesday\",\"Wednesday\",\"Thursday\",\"Friday\",\"Saturday\",\"Sunday\"],\"opens\":\"09:00\",\"closes\":\"17:00\"}]},{\"@type\":\"ImageObject\",\"inLanguage\":\"es\",\"@id\":\"https:\\\/\\\/landioustravel.com\\\/es\\\/shop\\\/viaje-casa-delfines-gouna\\\/#local-main-organization-logo\",\"url\":\"https:\\\/\\\/i0.wp.com\\\/landioustravel.com\\\/wp-content\\\/uploads\\\/2021\\\/06\\\/Landious-T.png?fit=500%2C500&ssl=1\",\"contentUrl\":\"https:\\\/\\\/i0.wp.com\\\/landioustravel.com\\\/wp-content\\\/uploads\\\/2021\\\/06\\\/Landious-T.png?fit=500%2C500&ssl=1\",\"width\":500,\"height\":500,\"caption\":\"Landious Travel\"}]}<\/script>\n<!-- \/ Yoast SEO Premium plugin. -->","yoast_head_json":{"title":"Viaje a la casa de delfines El Gouna","description":"Viaje a la casa de delfines El Gouna le permite nadar con delfines en mar abierto y ver los hermosos arrecifes de coral y peces. M\u00e1s lejos, montando un","robots":{"index":"index","follow":"follow","max-snippet":"max-snippet:-1","max-image-preview":"max-image-preview:large","max-video-preview":"max-video-preview:-1"},"canonical":"https:\/\/landioustravel.com\/es\/shop\/viaje-casa-delfines-gouna\/","og_locale":"es_ES","og_type":"article","og_title":"Viaje a la casa de delfines El Gouna","og_description":"Landious Travel","og_url":"https:\/\/landioustravel.com\/es\/shop\/viaje-casa-delfines-gouna\/","og_site_name":"Landious Travel","article_publisher":"https:\/\/web.facebook.com\/landiousEgypt","article_modified_time":"2023-06-17T01:23:13+00:00","og_image":[{"width":1024,"height":675,"url":"https:\/\/i0.wp.com\/landioustravel.com\/wp-content\/uploads\/2023\/01\/Dolphin-House-Trip-El-Gouna-e1672526313510.jpg?fit=1024%2C675&ssl=1","type":"image\/jpeg"}],"twitter_card":"summary_large_image","twitter_site":"@LandiousTours","twitter_misc":{"Tiempo de lectura":"4 minutos"},"schema":{"@context":"https:\/\/schema.org","@graph":[{"@type":"WebPage","@id":"https:\/\/landioustravel.com\/es\/shop\/viaje-casa-delfines-gouna\/","url":"https:\/\/landioustravel.com\/es\/shop\/viaje-casa-delfines-gouna\/","name":"Viaje a la casa de delfines El Gouna","isPartOf":{"@id":"https:\/\/landioustravel.com\/es\/#website"},"primaryImageOfPage":{"@id":"https:\/\/landioustravel.com\/es\/shop\/viaje-casa-delfines-gouna\/#primaryimage"},"image":{"@id":"https:\/\/landioustravel.com\/es\/shop\/viaje-casa-delfines-gouna\/#primaryimage"},"thumbnailUrl":"https:\/\/i0.wp.com\/landioustravel.com\/wp-content\/uploads\/2023\/01\/Dolphin-House-Trip-El-Gouna-e1672526313510.jpg?fit=1024%2C675&ssl=1","datePublished":"2023-05-30T20:59:39+00:00","dateModified":"2023-06-17T01:23:13+00:00","description":"Viaje a la casa de delfines El Gouna le permite nadar con delfines en mar abierto y ver los hermosos arrecifes de coral y peces. M\u00e1s lejos, montando un","breadcrumb":{"@id":"https:\/\/landioustravel.com\/es\/shop\/viaje-casa-delfines-gouna\/#breadcrumb"},"inLanguage":"es","potentialAction":[{"@type":"ReadAction","target":["https:\/\/landioustravel.com\/es\/shop\/viaje-casa-delfines-gouna\/"]}]},{"@type":"ImageObject","inLanguage":"es","@id":"https:\/\/landioustravel.com\/es\/shop\/viaje-casa-delfines-gouna\/#primaryimage","url":"https:\/\/i0.wp.com\/landioustravel.com\/wp-content\/uploads\/2023\/01\/Dolphin-House-Trip-El-Gouna-e1672526313510.jpg?fit=1024%2C675&ssl=1","contentUrl":"https:\/\/i0.wp.com\/landioustravel.com\/wp-content\/uploads\/2023\/01\/Dolphin-House-Trip-El-Gouna-e1672526313510.jpg?fit=1024%2C675&ssl=1","width":1024,"height":675,"caption":"Dolphin House Trip El Gouna"},{"@type":"BreadcrumbList","@id":"https:\/\/landioustravel.com\/es\/shop\/viaje-casa-delfines-gouna\/#breadcrumb","itemListElement":[{"@type":"ListItem","position":1,"name":"Home","item":"https:\/\/landioustravel.com\/es\/"},{"@type":"ListItem","position":2,"name":"Servicios y Tours","item":"https:\/\/landioustravel.com\/es\/"},{"@type":"ListItem","position":3,"name":"Viaje a la casa de delfines El Gouna"}]},{"@type":"WebSite","@id":"https:\/\/landioustravel.com\/es\/#website","url":"https:\/\/landioustravel.com\/es\/","name":"Landious Travel","description":"Tours and Excursions in Egypt","publisher":{"@id":"https:\/\/landioustravel.com\/es\/#organization"},"potentialAction":[{"@type":"SearchAction","target":{"@type":"EntryPoint","urlTemplate":"https:\/\/landioustravel.com\/es\/?s={search_term_string}"},"query-input":{"@type":"PropertyValueSpecification","valueRequired":true,"valueName":"search_term_string"}}],"inLanguage":"es"},{"@type":["Organization","Place"],"@id":"https:\/\/landioustravel.com\/es\/#organization","name":"Landious Travel","alternateName":"Landious Travel","url":"https:\/\/landioustravel.com\/es\/","logo":{"@id":"https:\/\/landioustravel.com\/es\/shop\/viaje-casa-delfines-gouna\/#local-main-organization-logo"},"image":{"@id":"https:\/\/landioustravel.com\/es\/shop\/viaje-casa-delfines-gouna\/#local-main-organization-logo"},"sameAs":["https:\/\/web.facebook.com\/landiousEgypt","https:\/\/x.com\/LandiousTours","https:\/\/mastodon.social\/@landious"],"legalName":"Landious Travel","telephone":[],"openingHoursSpecification":[{"@type":"OpeningHoursSpecification","dayOfWeek":["Monday","Tuesday","Wednesday","Thursday","Friday","Saturday","Sunday"],"opens":"09:00","closes":"17:00"}]},{"@type":"ImageObject","inLanguage":"es","@id":"https:\/\/landioustravel.com\/es\/shop\/viaje-casa-delfines-gouna\/#local-main-organization-logo","url":"https:\/\/i0.wp.com\/landioustravel.com\/wp-content\/uploads\/2021\/06\/Landious-T.png?fit=500%2C500&ssl=1","contentUrl":"https:\/\/i0.wp.com\/landioustravel.com\/wp-content\/uploads\/2021\/06\/Landious-T.png?fit=500%2C500&ssl=1","width":500,"height":500,"caption":"Landious Travel"}]}},"jetpack_publicize_connections":[],"uagb_featured_image_src":{"full":["https:\/\/i0.wp.com\/landioustravel.com\/wp-content\/uploads\/2023\/01\/Dolphin-House-Trip-El-Gouna-e1672526313510.jpg?fit=1024%2C675&ssl=1",1024,675,false],"thumbnail":["https:\/\/i0.wp.com\/landioustravel.com\/wp-content\/uploads\/2023\/01\/Dolphin-House-Trip-El-Gouna-e1672526313510.jpg?resize=150%2C150&ssl=1",150,150,true],"medium":["https:\/\/i0.wp.com\/landioustravel.com\/wp-content\/uploads\/2023\/01\/Dolphin-House-Trip-El-Gouna-e1672526313510.jpg?fit=300%2C198&ssl=1",300,198,true],"medium_large":["https:\/\/i0.wp.com\/landioustravel.com\/wp-content\/uploads\/2023\/01\/Dolphin-House-Trip-El-Gouna-e1672526313510.jpg?fit=768%2C506&ssl=1",768,506,true],"large":["https:\/\/i0.wp.com\/landioustravel.com\/wp-content\/uploads\/2023\/01\/Dolphin-House-Trip-El-Gouna-e1672526313510.jpg?fit=980%2C646&ssl=1",980,646,true],"1536x1536":["https:\/\/i0.wp.com\/landioustravel.com\/wp-content\/uploads\/2023\/01\/Dolphin-House-Trip-El-Gouna-e1672526313510.jpg?fit=1024%2C675&ssl=1",1024,675,true],"2048x2048":["https:\/\/i0.wp.com\/landioustravel.com\/wp-content\/uploads\/2023\/01\/Dolphin-House-Trip-El-Gouna-e1672526313510.jpg?fit=1024%2C675&ssl=1",1024,675,true],"newspack-article-block-landscape-large":["https:\/\/i0.wp.com\/landioustravel.com\/wp-content\/uploads\/2023\/01\/Dolphin-House-Trip-El-Gouna-e1672526313510.jpg?resize=1024%2C675&ssl=1",1024,675,true],"newspack-article-block-portrait-large":["https:\/\/i0.wp.com\/landioustravel.com\/wp-content\/uploads\/2023\/01\/Dolphin-House-Trip-El-Gouna-e1672526313510.jpg?resize=900%2C675&ssl=1",900,675,true],"newspack-article-block-square-large":["https:\/\/i0.wp.com\/landioustravel.com\/wp-content\/uploads\/2023\/01\/Dolphin-House-Trip-El-Gouna-e1672526313510.jpg?resize=1024%2C675&ssl=1",1024,675,true],"newspack-article-block-landscape-medium":["https:\/\/i0.wp.com\/landioustravel.com\/wp-content\/uploads\/2023\/01\/Dolphin-House-Trip-El-Gouna-e1672526313510.jpg?resize=800%2C600&ssl=1",800,600,true],"newspack-article-block-portrait-medium":["https:\/\/i0.wp.com\/landioustravel.com\/wp-content\/uploads\/2023\/01\/Dolphin-House-Trip-El-Gouna-e1672526313510.jpg?resize=600%2C675&ssl=1",600,675,true],"newspack-article-block-square-medium":["https:\/\/i0.wp.com\/landioustravel.com\/wp-content\/uploads\/2023\/01\/Dolphin-House-Trip-El-Gouna-e1672526313510.jpg?resize=800%2C675&ssl=1",800,675,true],"newspack-article-block-landscape-intermediate":["https:\/\/i0.wp.com\/landioustravel.com\/wp-content\/uploads\/2023\/01\/Dolphin-House-Trip-El-Gouna-e1672526313510.jpg?resize=600%2C450&ssl=1",600,450,true],"newspack-article-block-portrait-intermediate":["https:\/\/i0.wp.com\/landioustravel.com\/wp-content\/uploads\/2023\/01\/Dolphin-House-Trip-El-Gouna-e1672526313510.jpg?resize=450%2C600&ssl=1",450,600,true],"newspack-article-block-square-intermediate":["https:\/\/i0.wp.com\/landioustravel.com\/wp-content\/uploads\/2023\/01\/Dolphin-House-Trip-El-Gouna-e1672526313510.jpg?resize=600%2C600&ssl=1",600,600,true],"newspack-article-block-landscape-small":["https:\/\/i0.wp.com\/landioustravel.com\/wp-content\/uploads\/2023\/01\/Dolphin-House-Trip-El-Gouna-e1672526313510.jpg?resize=400%2C300&ssl=1",400,300,true],"newspack-article-block-portrait-small":["https:\/\/i0.wp.com\/landioustravel.com\/wp-content\/uploads\/2023\/01\/Dolphin-House-Trip-El-Gouna-e1672526313510.jpg?resize=300%2C400&ssl=1",300,400,true],"newspack-article-block-square-small":["https:\/\/i0.wp.com\/landioustravel.com\/wp-content\/uploads\/2023\/01\/Dolphin-House-Trip-El-Gouna-e1672526313510.jpg?resize=400%2C400&ssl=1",400,400,true],"newspack-article-block-landscape-tiny":["https:\/\/i0.wp.com\/landioustravel.com\/wp-content\/uploads\/2023\/01\/Dolphin-House-Trip-El-Gouna-e1672526313510.jpg?resize=200%2C150&ssl=1",200,150,true],"newspack-article-block-portrait-tiny":["https:\/\/i0.wp.com\/landioustravel.com\/wp-content\/uploads\/2023\/01\/Dolphin-House-Trip-El-Gouna-e1672526313510.jpg?resize=150%2C200&ssl=1",150,200,true],"newspack-article-block-square-tiny":["https:\/\/i0.wp.com\/landioustravel.com\/wp-content\/uploads\/2023\/01\/Dolphin-House-Trip-El-Gouna-e1672526313510.jpg?resize=200%2C200&ssl=1",200,200,true],"newspack-article-block-uncropped":["https:\/\/i0.wp.com\/landioustravel.com\/wp-content\/uploads\/2023\/01\/Dolphin-House-Trip-El-Gouna-e1672526313510.jpg?fit=1024%2C675&ssl=1",1024,675,true],"woocommerce_thumbnail":["https:\/\/i0.wp.com\/landioustravel.com\/wp-content\/uploads\/2023\/01\/Dolphin-House-Trip-El-Gouna-e1672526313510.jpg?resize=324%2C324&ssl=1",324,324,true],"woocommerce_single":["https:\/\/i0.wp.com\/landioustravel.com\/wp-content\/uploads\/2023\/01\/Dolphin-House-Trip-El-Gouna-e1672526313510.jpg?fit=416%2C274&ssl=1",416,274,true],"woocommerce_gallery_thumbnail":["https:\/\/i0.wp.com\/landioustravel.com\/wp-content\/uploads\/2023\/01\/Dolphin-House-Trip-El-Gouna-e1672526313510.jpg?resize=100%2C100&ssl=1",100,100,true]},"uagb_author_info":{"display_name":"Mofreh Landious","author_link":"https:\/\/landioustravel.com\/es\/author\/"},"uagb_comment_info":0,"uagb_excerpt":"\u00a1Prep\u00e1rate para un d\u00eda de diversi\u00f3n y aventura! Nuestro viaje por mar a Dolphin Bay desde El Gouna le permite nadar con los delfines m\u00e1s amigables en su entorno natural. No solo eso, sino que tambi\u00e9n podr\u00e1s ver los arrecifes de coral m\u00e1s hermosos y peces desconocidos. Y si eso no es suficiente, \u00a1tenemos juguetes&hellip;","jetpack_sharing_enabled":true,"jetpack_likes_enabled":true,"amp_enabled":true,"_links":{"self":[{"href":"https:\/\/landioustravel.com\/es\/wp-json\/wp\/v2\/product\/142773","targetHints":{"allow":["GET"]}}],"collection":[{"href":"https:\/\/landioustravel.com\/es\/wp-json\/wp\/v2\/product"}],"about":[{"href":"https:\/\/landioustravel.com\/es\/wp-json\/wp\/v2\/types\/product"}],"replies":[{"embeddable":true,"href":"https:\/\/landioustravel.com\/es\/wp-json\/wp\/v2\/comments?post=142773"}],"wp:featuredmedia":[{"embeddable":true,"href":"https:\/\/landioustravel.com\/es\/wp-json\/wp\/v2\/media\/133253"}],"wp:attachment":[{"href":"https:\/\/landioustravel.com\/es\/wp-json\/wp\/v2\/media?parent=142773"}],"wp:term":[{"taxonomy":"product_brand","embeddable":true,"href":"https:\/\/landioustravel.com\/es\/wp-json\/wp\/v2\/product_brand?post=142773"},{"taxonomy":"product_cat","embeddable":true,"href":"https:\/\/landioustravel.com\/es\/wp-json\/wp\/v2\/product_cat?post=142773"},{"taxonomy":"product_tag","embeddable":true,"href":"https:\/\/landioustravel.com\/es\/wp-json\/wp\/v2\/product_tag?post=142773"}],"curies":[{"name":"wp","href":"https:\/\/api.w.org\/{rel}","templated":true}]}}