{"id":142802,"date":"2022-12-31T01:39:56","date_gmt":"2023-05-30T19:44:34","guid":{"rendered":"https:\/\/landioustravel.com\/?post_type=product&#038;p=142802"},"modified":"2024-06-06T15:05:56","modified_gmt":"2024-06-06T12:05:56","slug":"tour-nocturno-cairo-gouna","status":"publish","type":"product","link":"https:\/\/landioustravel.com\/es\/shop\/tour-nocturno-cairo-gouna\/","title":{"rendered":"Tour nocturno de El Cairo El Gouna"},"content":{"rendered":"<p>Tour nocturno de El Cairo El Gouna es un encantador viaje de dos d\u00edas a El Cairo desde El Gouna, Egipto. Recomendamos la excursi\u00f3n porque permite a los turistas ver las vistas m\u00e1s impresionantes construidas en el Antiguo Egipto y la parte antigua de El Cairo. \u00a1Te permite aprender mucho sobre la historia del pa\u00eds!<\/p>\n<h2>Aspectos destacados del viaje de una noche a El Cairo desde El Gouna &#8211; El Cairo antiguo<\/h2>\n<ul>\n<li>Visita el Museo Egipcio de El Cairo.<\/li>\n<li>Almuerzo en un restaurante.<\/li>\n<li>Visita las tres pir\u00e1mides de Giza.<\/li>\n<li>Y la Gran Esfinge en el complejo piramidal.<\/li>\n<li>Estancia de una noche en un hotel.<\/li>\n<li>Visite el distrito del Viejo Cairo con una parada en Khan El-Khalili.<\/li>\n<li>Adem\u00e1s, admira la ciudadela de Saladino.<\/li>\n<\/ul>\n<h2>Programa de la Excursi\u00f3n de dos d\u00edas a El Cairo<\/h2>\n<ul>\n<li>El representante de Landious Travel lo recoger\u00e1 del hotel en El Gouna alrededor de las 03:00 am.<\/li>\n<li>Despu\u00e9s de recogerte, tu veh\u00edculo privado (Limusina o minib\u00fas) sale hacia El Cairo pasando por la ciudad de Ras Ghareb, Zafarana, Ain Sokhna y Suez. Todas estas ciudades est\u00e1n al norte de Hurghada, en la costa del Mar Rojo. Desde el centro de Hurghada hasta El Cairo, el trayecto dura unas 5 horas.<\/li>\n<\/ul>\n<h3>Horario en El Cairo<\/h3>\n<ul>\n<li>Le mostraremos el Museo Egipcio cuando llegue a El Cairo. Su gu\u00eda tendr\u00e1 la tarea de mostrar las hermosas exhibiciones de este museo y darle tiempo libre para tomar fotograf\u00edas. El museo cuenta con alrededor de 100 salas de exhibici\u00f3n, con una colecci\u00f3n \u00fanica de alrededor de 150 mil art\u00edculos.<\/li>\n<li>Despu\u00e9s de visitar el Museo Egipcio de El Cairo, puedes hacer un paseo en barco por el Nilo. Es un programa adicional por un cargo extra! Tan pronto como termine el paseo en bote por el Nilo, se dirigir\u00e1 a otra ciudad: Giza.<\/li>\n<\/ul>\n<h3>Programa en Giza<\/h3>\n<ul>\n<li>El viaje contin\u00faa en Giza. La primera parada all\u00ed ser\u00e1 en el restaurante. Ofrece buffet.<\/li>\n<li>Despu\u00e9s del almuerzo, te dirigir\u00e1s al complejo de las Pir\u00e1mides de Giza, las fant\u00e1sticas tres pir\u00e1mides y la Esfinge. Su gu\u00eda los muestra y le da tiempo libre para tomar una foto.<\/li>\n<li>La pr\u00f3xima parada ser\u00e1 en su hotel en El Cairo. All\u00ed, puede registrarse y pasar la noche.<\/li>\n<\/ul>\n<h3>Agenda en el Viejo Cairo<\/h3>\n<ul>\n<li>La primera parada del segundo d\u00eda ser\u00e1 en la Ciudadela de Saladino. En esta inmensa ciudadela, puedes visitar su famosa mezquita, \u201cMouhammad Ali Mosque\u201d, y ver las fortificaciones de este lugar. Al mismo tiempo, ubicarse en esta ciudadela le dar\u00e1 una mirada espectacular a todas las partes antiguas de la ciudad.<\/li>\n<li>La segunda parada ser\u00e1 en el distrito de Khan El-Khalili.<\/li>\n<\/ul>\n<h3>Partida<\/h3>\n<ul>\n<li>Finalmente, parte hacia Hurghada despu\u00e9s de un programa de este tipo en las hermosas ciudades de El Cairo y Giza.<\/li>\n<li>Este viaje de una noche a El Cairo desde El Gouna \u2013 Old Cairo llega a El Gouna aproximadamente a las 22:00 del d\u00eda siguiente.<\/li>\n<\/ul>\n<h2>\u00bfQu\u00e9 incluye el precio del viaje de una noche a El Cairo desde El Gouna?<\/h2>\n<ul>\n<li>Entradas para visitar templos.<\/li>\n<li>Almuerzo.<\/li>\n<li>Bebidas.<\/li>\n<li>Gu\u00eda.<\/li>\n<li>Alojamiento en hotel en El Cairo.<\/li>\n<li>Adem\u00e1s, traslado a El Cairo y regreso a El Gouna.<\/li>\n<\/ul>\n<h2>\u00bfQu\u00e9 no incluye el programa El Gouna de la excursi\u00f3n de una noche en El Cairo?<\/h2>\n<ul>\n<li>Programas adicionales si no est\u00e1n incluidos en el programa anterior.<\/li>\n<li>Adem\u00e1s, Bebidas.<\/li>\n<\/ul>\n<h2>Recomendar art\u00edculos que deben empacarse para el pr\u00f3ximo viaje<\/h2>\n<ul>\n<li>Pasaporte.<\/li>\n<li>Caja de desayuno.<\/li>\n<li>Adem\u00e1s, lleva contigo ropa para la temporada.<\/li>\n<\/ul>\n<h2>Tour nocturno de El Cairo El Gouna \u2013 El Cairo antiguo D\u00edas de reserva<\/h2>\n<ul>\n<li>Lunes de 02:00 a 22:00 del d\u00eda siguiente.<\/li>\n<li>Martes de 02:00 a 22:00 del d\u00eda siguiente.<\/li>\n<li>Mi\u00e9rcoles de 02:00 a 22:00 del d\u00eda siguiente.<\/li>\n<li>S\u00e1bados de 02:00 a 22:00 del d\u00eda siguiente.<\/li>\n<li>Adem\u00e1s, los domingos de 02:00 a 22:00 del d\u00eda siguiente.<\/li>\n<\/ul>\n<h2>\u00bfQu\u00e9 se espera ver durante el viaje de una noche a El Cairo desde El Gouna?<\/h2>\n<h3>Museo Egipcio<\/h3>\n<p>El Museo Egipcio es el museo arqueol\u00f3gico m\u00e1s antiguo de Egipto y Oriente Medio. Exhibe una extensa colecci\u00f3n desde el Per\u00edodo Predin\u00e1stico hasta el Per\u00edodo Grecorromano. Adem\u00e1s, este dep\u00f3sito alberga la colecci\u00f3n m\u00e1s completa de antig\u00fcedades fara\u00f3nicas del mundo. Esta fant\u00e1stica colecci\u00f3n recorre 5.000 a\u00f1os de historia egipcia.<\/p>\n<h3>Complejo de pir\u00e1mides de Giza<\/h3>\n<p>El complejo de pir\u00e1mides de Giza es la atracci\u00f3n tur\u00edstica m\u00e1s popular de Egipto. Este complejo es un sitio del Antiguo Egipto ubicado en la meseta de Giza. Ampliamente conocido, incluye la Gran Pir\u00e1mide de Giza, sus redes asociadas y la Esfinge de Giza. Adem\u00e1s, la llamamos la Necr\u00f3polis de Giza.<\/p>\n<p>Los antiguos egipcios construyeron estas construcciones masivas durante la Cuarta Dinast\u00eda del Antiguo Reino del Antiguo Egipto. Adem\u00e1s, el Complejo de Giza incluye varios cementerios y los restos de un asentamiento de trabajadores en su territorio.<\/p>\n<h3>Pir\u00e1mide de Khufu<\/h3>\n<p>La Pir\u00e1mide de Khufu se encuentra a una altura imponente de 138,5 metros. Ubicada en el complejo de pir\u00e1mides de Giza, esta pir\u00e1mide m\u00e1s antigua y m\u00e1s grande ha asombrado a la gente a lo largo de los siglos. Esta maravilla constituye una parte de las Siete Maravillas del mundo antiguo.<\/p>\n<h3>Pir\u00e1mide de Khafre<\/h3>\n<p>La Pir\u00e1mide de Khafre se encuentra a 448 pies con una longitud de base de 706 pies. Estas medidas hacen que la Pir\u00e1mide sea el segundo complejo piramidal de Giza m\u00e1s alto y el segundo m\u00e1s grande. Alberga la tumba del fara\u00f3n Khafre de la Cuarta Dinast\u00eda, que gobern\u00f3 entre 2558 y 2532 a. Este monumento hist\u00f3rico tambi\u00e9n se conoce como la Pir\u00e1mide de Chephren.<\/p>\n<h3>Pir\u00e1mide de Menkaure<\/h3>\n<p>Menkaure es la tercera pir\u00e1mide en el complejo de pir\u00e1mides de Giza en el Gran Cairo, Egipto. El m\u00e1s peque\u00f1o de los tres; esta hermosa estructura se eleva a 66 metros (218 pies). La pir\u00e1mide de Menkaure alberga algunas de las esculturas m\u00e1s impresionantes de la historia del Antiguo Egipto a pesar de ser corta.<\/p>\n<h3>Gran Esfinge<\/h3>\n<p>La Gran Esfinge es una de las esculturas m\u00e1s significativas del mundo. Muestra el cuerpo de un le\u00f3n reclinado y una cabeza humana a casi 66 pies. Un tocado real adorna la cabeza humana de la Esfinge. La longitud de esta magn\u00edfica estatua es de alrededor de 240 pies.<\/p>\n","protected":false},"excerpt":{"rendered":"<p>Emb\u00e1rquese en una emocionante aventura de dos d\u00edas desde El Gouna hasta el Viejo Cairo a trav\u00e9s de un autob\u00fas moderno y contemple las impresionantes tres pir\u00e1mides de Giza y la majestuosa Gran Esfinge. Satisfaga su paladar con un delicioso almuerzo antes de sumergirse en la rica historia de Egipto en el Museo Egipcio. El d\u00eda siguiente promete una pl\u00e9tora de emocionantes visitas al Viejo Cairo, incluida la famosa Ciudadela de Saladino y el vibrante Bazar de Khan El-Khalili. Con traslados, alojamiento y boletos de entrada, todo incluido en el precio del viaje, \u00a1este es un viaje inolvidable que no querr\u00e1 perderse!<\/p>\n","protected":false},"featured_media":142800,"comment_status":"open","ping_status":"closed","template":"","meta":{"_coblocks_attr":"","_coblocks_dimensions":"","_coblocks_responsive_height":"","_coblocks_accordion_ie_support":"","_uag_custom_page_level_css":"","jetpack_publicize_message":"","jetpack_publicize_feature_enabled":true,"jetpack_social_post_already_shared":true,"jetpack_social_options":{"image_generator_settings":{"template":"highway","default_image_id":0,"font":"","enabled":false},"version":2},"_wpas_customize_per_network":false},"product_brand":[],"product_cat":[23479],"product_tag":[1804,1806,1797,1805,9907],"class_list":{"0":"post-142802","1":"product","2":"type-product","3":"status-publish","4":"has-post-thumbnail","6":"product_cat-excursiones-el-gouna","7":"product_tag-el-cairo","8":"product_tag-esfinge","9":"product_tag-excursion-es","10":"product_tag-piramides","11":"product_tag-turismo","12":"pa_age-el-adulto","13":"pa_age-nino-1-4-anos","14":"pa_age-nino-5-11-anos","16":"first","17":"instock","18":"sale","19":"taxable","20":"shipping-taxable","21":"purchasable","22":"product-type-variable"},"yoast_head":"<!-- This site is optimized with the Yoast SEO Premium plugin v26.9 (Yoast SEO v27.5) - https:\/\/yoast.com\/product\/yoast-seo-premium-wordpress\/ -->\n<title>Tour nocturno de El Cairo El Gouna<\/title>\n<meta name=\"description\" content=\"Tour nocturno de El Cairo El Gouna Emb\u00e1rquese en una emocionante aventura de dos d\u00edas desde El Gouna hasta el Viejo Cairo a trav\u00e9s de un autob\u00fas moderno y\" \/>\n<meta name=\"robots\" content=\"index, follow, max-snippet:-1, max-image-preview:large, max-video-preview:-1\" \/>\n<link rel=\"canonical\" href=\"https:\/\/landioustravel.com\/es\/shop\/tour-nocturno-cairo-gouna\/\" \/>\n<meta property=\"og:locale\" content=\"es_ES\" \/>\n<meta property=\"og:type\" content=\"article\" \/>\n<meta property=\"og:title\" content=\"Tour nocturno de El Cairo El Gouna\" \/>\n<meta property=\"og:description\" content=\"Landious Travel\" \/>\n<meta property=\"og:url\" content=\"https:\/\/landioustravel.com\/es\/shop\/tour-nocturno-cairo-gouna\/\" \/>\n<meta property=\"og:site_name\" content=\"Landious Travel\" \/>\n<meta property=\"article:publisher\" content=\"https:\/\/web.facebook.com\/landiousEgypt\" \/>\n<meta property=\"article:modified_time\" content=\"2024-06-06T12:05:56+00:00\" \/>\n<meta property=\"og:image\" content=\"https:\/\/landioustravel.com\/wp-content\/uploads\/2022\/12\/Cairo-Overnight-Tour-El-Gouna-e1672443354722-1024x576.jpg\" \/>\n\t<meta property=\"og:image:width\" content=\"1024\" \/>\n\t<meta property=\"og:image:height\" content=\"576\" \/>\n\t<meta property=\"og:image:type\" content=\"image\/jpeg\" \/>\n<meta name=\"twitter:card\" content=\"summary_large_image\" \/>\n<meta name=\"twitter:site\" content=\"@LandiousTours\" \/>\n<meta name=\"twitter:label1\" content=\"Tiempo de lectura\" \/>\n\t<meta name=\"twitter:data1\" content=\"5 minutos\" \/>\n<script type=\"application\/ld+json\" class=\"yoast-schema-graph\">{\"@context\":\"https:\\\/\\\/schema.org\",\"@graph\":[{\"@type\":\"WebPage\",\"@id\":\"https:\\\/\\\/landioustravel.com\\\/es\\\/shop\\\/tour-nocturno-cairo-gouna\\\/\",\"url\":\"https:\\\/\\\/landioustravel.com\\\/es\\\/shop\\\/tour-nocturno-cairo-gouna\\\/\",\"name\":\"Tour nocturno de El Cairo El Gouna\",\"isPartOf\":{\"@id\":\"https:\\\/\\\/landioustravel.com\\\/es\\\/#website\"},\"primaryImageOfPage\":{\"@id\":\"https:\\\/\\\/landioustravel.com\\\/es\\\/shop\\\/tour-nocturno-cairo-gouna\\\/#primaryimage\"},\"image\":{\"@id\":\"https:\\\/\\\/landioustravel.com\\\/es\\\/shop\\\/tour-nocturno-cairo-gouna\\\/#primaryimage\"},\"thumbnailUrl\":\"https:\\\/\\\/i0.wp.com\\\/landioustravel.com\\\/wp-content\\\/uploads\\\/2022\\\/12\\\/Cairo-Overnight-Tour-El-Gouna-e1672443354722.jpg?fit=1200%2C675&ssl=1\",\"datePublished\":\"2023-05-30T19:44:34+00:00\",\"dateModified\":\"2024-06-06T12:05:56+00:00\",\"description\":\"Tour nocturno de El Cairo El Gouna Emb\u00e1rquese en una emocionante aventura de dos d\u00edas desde El Gouna hasta el Viejo Cairo a trav\u00e9s de un autob\u00fas moderno y\",\"breadcrumb\":{\"@id\":\"https:\\\/\\\/landioustravel.com\\\/es\\\/shop\\\/tour-nocturno-cairo-gouna\\\/#breadcrumb\"},\"inLanguage\":\"es\",\"potentialAction\":[{\"@type\":\"ReadAction\",\"target\":[\"https:\\\/\\\/landioustravel.com\\\/es\\\/shop\\\/tour-nocturno-cairo-gouna\\\/\"]}]},{\"@type\":\"ImageObject\",\"inLanguage\":\"es\",\"@id\":\"https:\\\/\\\/landioustravel.com\\\/es\\\/shop\\\/tour-nocturno-cairo-gouna\\\/#primaryimage\",\"url\":\"https:\\\/\\\/i0.wp.com\\\/landioustravel.com\\\/wp-content\\\/uploads\\\/2022\\\/12\\\/Cairo-Overnight-Tour-El-Gouna-e1672443354722.jpg?fit=1200%2C675&ssl=1\",\"contentUrl\":\"https:\\\/\\\/i0.wp.com\\\/landioustravel.com\\\/wp-content\\\/uploads\\\/2022\\\/12\\\/Cairo-Overnight-Tour-El-Gouna-e1672443354722.jpg?fit=1200%2C675&ssl=1\",\"width\":1200,\"height\":675,\"caption\":\"Cairo Overnight Tour El Gouna\"},{\"@type\":\"BreadcrumbList\",\"@id\":\"https:\\\/\\\/landioustravel.com\\\/es\\\/shop\\\/tour-nocturno-cairo-gouna\\\/#breadcrumb\",\"itemListElement\":[{\"@type\":\"ListItem\",\"position\":1,\"name\":\"Home\",\"item\":\"https:\\\/\\\/landioustravel.com\\\/es\\\/\"},{\"@type\":\"ListItem\",\"position\":2,\"name\":\"Servicios y Tours\",\"item\":\"https:\\\/\\\/landioustravel.com\\\/es\\\/\"},{\"@type\":\"ListItem\",\"position\":3,\"name\":\"Tour nocturno de El Cairo El Gouna\"}]},{\"@type\":\"WebSite\",\"@id\":\"https:\\\/\\\/landioustravel.com\\\/es\\\/#website\",\"url\":\"https:\\\/\\\/landioustravel.com\\\/es\\\/\",\"name\":\"Landious Travel\",\"description\":\"Tours and Excursions in Egypt\",\"publisher\":{\"@id\":\"https:\\\/\\\/landioustravel.com\\\/es\\\/#organization\"},\"potentialAction\":[{\"@type\":\"SearchAction\",\"target\":{\"@type\":\"EntryPoint\",\"urlTemplate\":\"https:\\\/\\\/landioustravel.com\\\/es\\\/?s={search_term_string}\"},\"query-input\":{\"@type\":\"PropertyValueSpecification\",\"valueRequired\":true,\"valueName\":\"search_term_string\"}}],\"inLanguage\":\"es\"},{\"@type\":[\"Organization\",\"Place\"],\"@id\":\"https:\\\/\\\/landioustravel.com\\\/es\\\/#organization\",\"name\":\"Landious Travel\",\"alternateName\":\"Landious Travel\",\"url\":\"https:\\\/\\\/landioustravel.com\\\/es\\\/\",\"logo\":{\"@id\":\"https:\\\/\\\/landioustravel.com\\\/es\\\/shop\\\/tour-nocturno-cairo-gouna\\\/#local-main-organization-logo\"},\"image\":{\"@id\":\"https:\\\/\\\/landioustravel.com\\\/es\\\/shop\\\/tour-nocturno-cairo-gouna\\\/#local-main-organization-logo\"},\"sameAs\":[\"https:\\\/\\\/web.facebook.com\\\/landiousEgypt\",\"https:\\\/\\\/x.com\\\/LandiousTours\",\"https:\\\/\\\/mastodon.social\\\/@landious\"],\"legalName\":\"Landious Travel\",\"telephone\":[],\"openingHoursSpecification\":[{\"@type\":\"OpeningHoursSpecification\",\"dayOfWeek\":[\"Monday\",\"Tuesday\",\"Wednesday\",\"Thursday\",\"Friday\",\"Saturday\",\"Sunday\"],\"opens\":\"09:00\",\"closes\":\"17:00\"}]},{\"@type\":\"ImageObject\",\"inLanguage\":\"es\",\"@id\":\"https:\\\/\\\/landioustravel.com\\\/es\\\/shop\\\/tour-nocturno-cairo-gouna\\\/#local-main-organization-logo\",\"url\":\"https:\\\/\\\/i0.wp.com\\\/landioustravel.com\\\/wp-content\\\/uploads\\\/2021\\\/06\\\/Landious-T.png?fit=500%2C500&ssl=1\",\"contentUrl\":\"https:\\\/\\\/i0.wp.com\\\/landioustravel.com\\\/wp-content\\\/uploads\\\/2021\\\/06\\\/Landious-T.png?fit=500%2C500&ssl=1\",\"width\":500,\"height\":500,\"caption\":\"Landious Travel\"}]}<\/script>\n<!-- \/ Yoast SEO Premium plugin. -->","yoast_head_json":{"title":"Tour nocturno de El Cairo El Gouna","description":"Tour nocturno de El Cairo El Gouna Emb\u00e1rquese en una emocionante aventura de dos d\u00edas desde El Gouna hasta el Viejo Cairo a trav\u00e9s de un autob\u00fas moderno y","robots":{"index":"index","follow":"follow","max-snippet":"max-snippet:-1","max-image-preview":"max-image-preview:large","max-video-preview":"max-video-preview:-1"},"canonical":"https:\/\/landioustravel.com\/es\/shop\/tour-nocturno-cairo-gouna\/","og_locale":"es_ES","og_type":"article","og_title":"Tour nocturno de El Cairo El Gouna","og_description":"Landious Travel","og_url":"https:\/\/landioustravel.com\/es\/shop\/tour-nocturno-cairo-gouna\/","og_site_name":"Landious Travel","article_publisher":"https:\/\/web.facebook.com\/landiousEgypt","article_modified_time":"2024-06-06T12:05:56+00:00","og_image":[{"width":1024,"height":576,"url":"https:\/\/landioustravel.com\/wp-content\/uploads\/2022\/12\/Cairo-Overnight-Tour-El-Gouna-e1672443354722-1024x576.jpg","type":"image\/jpeg"}],"twitter_card":"summary_large_image","twitter_site":"@LandiousTours","twitter_misc":{"Tiempo de lectura":"5 minutos"},"schema":{"@context":"https:\/\/schema.org","@graph":[{"@type":"WebPage","@id":"https:\/\/landioustravel.com\/es\/shop\/tour-nocturno-cairo-gouna\/","url":"https:\/\/landioustravel.com\/es\/shop\/tour-nocturno-cairo-gouna\/","name":"Tour nocturno de El Cairo El Gouna","isPartOf":{"@id":"https:\/\/landioustravel.com\/es\/#website"},"primaryImageOfPage":{"@id":"https:\/\/landioustravel.com\/es\/shop\/tour-nocturno-cairo-gouna\/#primaryimage"},"image":{"@id":"https:\/\/landioustravel.com\/es\/shop\/tour-nocturno-cairo-gouna\/#primaryimage"},"thumbnailUrl":"https:\/\/i0.wp.com\/landioustravel.com\/wp-content\/uploads\/2022\/12\/Cairo-Overnight-Tour-El-Gouna-e1672443354722.jpg?fit=1200%2C675&ssl=1","datePublished":"2023-05-30T19:44:34+00:00","dateModified":"2024-06-06T12:05:56+00:00","description":"Tour nocturno de El Cairo El Gouna Emb\u00e1rquese en una emocionante aventura de dos d\u00edas desde El Gouna hasta el Viejo Cairo a trav\u00e9s de un autob\u00fas moderno y","breadcrumb":{"@id":"https:\/\/landioustravel.com\/es\/shop\/tour-nocturno-cairo-gouna\/#breadcrumb"},"inLanguage":"es","potentialAction":[{"@type":"ReadAction","target":["https:\/\/landioustravel.com\/es\/shop\/tour-nocturno-cairo-gouna\/"]}]},{"@type":"ImageObject","inLanguage":"es","@id":"https:\/\/landioustravel.com\/es\/shop\/tour-nocturno-cairo-gouna\/#primaryimage","url":"https:\/\/i0.wp.com\/landioustravel.com\/wp-content\/uploads\/2022\/12\/Cairo-Overnight-Tour-El-Gouna-e1672443354722.jpg?fit=1200%2C675&ssl=1","contentUrl":"https:\/\/i0.wp.com\/landioustravel.com\/wp-content\/uploads\/2022\/12\/Cairo-Overnight-Tour-El-Gouna-e1672443354722.jpg?fit=1200%2C675&ssl=1","width":1200,"height":675,"caption":"Cairo Overnight Tour El Gouna"},{"@type":"BreadcrumbList","@id":"https:\/\/landioustravel.com\/es\/shop\/tour-nocturno-cairo-gouna\/#breadcrumb","itemListElement":[{"@type":"ListItem","position":1,"name":"Home","item":"https:\/\/landioustravel.com\/es\/"},{"@type":"ListItem","position":2,"name":"Servicios y Tours","item":"https:\/\/landioustravel.com\/es\/"},{"@type":"ListItem","position":3,"name":"Tour nocturno de El Cairo El Gouna"}]},{"@type":"WebSite","@id":"https:\/\/landioustravel.com\/es\/#website","url":"https:\/\/landioustravel.com\/es\/","name":"Landious Travel","description":"Tours and Excursions in Egypt","publisher":{"@id":"https:\/\/landioustravel.com\/es\/#organization"},"potentialAction":[{"@type":"SearchAction","target":{"@type":"EntryPoint","urlTemplate":"https:\/\/landioustravel.com\/es\/?s={search_term_string}"},"query-input":{"@type":"PropertyValueSpecification","valueRequired":true,"valueName":"search_term_string"}}],"inLanguage":"es"},{"@type":["Organization","Place"],"@id":"https:\/\/landioustravel.com\/es\/#organization","name":"Landious Travel","alternateName":"Landious Travel","url":"https:\/\/landioustravel.com\/es\/","logo":{"@id":"https:\/\/landioustravel.com\/es\/shop\/tour-nocturno-cairo-gouna\/#local-main-organization-logo"},"image":{"@id":"https:\/\/landioustravel.com\/es\/shop\/tour-nocturno-cairo-gouna\/#local-main-organization-logo"},"sameAs":["https:\/\/web.facebook.com\/landiousEgypt","https:\/\/x.com\/LandiousTours","https:\/\/mastodon.social\/@landious"],"legalName":"Landious Travel","telephone":[],"openingHoursSpecification":[{"@type":"OpeningHoursSpecification","dayOfWeek":["Monday","Tuesday","Wednesday","Thursday","Friday","Saturday","Sunday"],"opens":"09:00","closes":"17:00"}]},{"@type":"ImageObject","inLanguage":"es","@id":"https:\/\/landioustravel.com\/es\/shop\/tour-nocturno-cairo-gouna\/#local-main-organization-logo","url":"https:\/\/i0.wp.com\/landioustravel.com\/wp-content\/uploads\/2021\/06\/Landious-T.png?fit=500%2C500&ssl=1","contentUrl":"https:\/\/i0.wp.com\/landioustravel.com\/wp-content\/uploads\/2021\/06\/Landious-T.png?fit=500%2C500&ssl=1","width":500,"height":500,"caption":"Landious Travel"}]}},"jetpack_publicize_connections":[],"uagb_featured_image_src":{"full":["https:\/\/i0.wp.com\/landioustravel.com\/wp-content\/uploads\/2022\/12\/Cairo-Overnight-Tour-El-Gouna-e1672443354722.jpg?fit=1200%2C675&ssl=1",1200,675,false],"thumbnail":["https:\/\/i0.wp.com\/landioustravel.com\/wp-content\/uploads\/2022\/12\/Cairo-Overnight-Tour-El-Gouna-e1672443354722.jpg?resize=150%2C150&ssl=1",150,150,true],"medium":["https:\/\/i0.wp.com\/landioustravel.com\/wp-content\/uploads\/2022\/12\/Cairo-Overnight-Tour-El-Gouna-e1672443354722.jpg?fit=300%2C169&ssl=1",300,169,true],"medium_large":["https:\/\/i0.wp.com\/landioustravel.com\/wp-content\/uploads\/2022\/12\/Cairo-Overnight-Tour-El-Gouna-e1672443354722.jpg?fit=768%2C432&ssl=1",768,432,true],"large":["https:\/\/i0.wp.com\/landioustravel.com\/wp-content\/uploads\/2022\/12\/Cairo-Overnight-Tour-El-Gouna-e1672443354722.jpg?fit=980%2C551&ssl=1",980,551,true],"1536x1536":["https:\/\/i0.wp.com\/landioustravel.com\/wp-content\/uploads\/2022\/12\/Cairo-Overnight-Tour-El-Gouna-e1672443354722.jpg?fit=1536%2C1152&ssl=1",1536,1152,true],"2048x2048":["https:\/\/i0.wp.com\/landioustravel.com\/wp-content\/uploads\/2022\/12\/Cairo-Overnight-Tour-El-Gouna-e1672443354722.jpg?fit=2048%2C1536&ssl=1",2048,1536,true],"newspack-article-block-landscape-large":["https:\/\/i0.wp.com\/landioustravel.com\/wp-content\/uploads\/2022\/12\/Cairo-Overnight-Tour-El-Gouna-e1672443354722.jpg?resize=1200%2C675&ssl=1",1200,675,true],"newspack-article-block-portrait-large":["https:\/\/i0.wp.com\/landioustravel.com\/wp-content\/uploads\/2022\/12\/Cairo-Overnight-Tour-El-Gouna-e1672443354722.jpg?resize=900%2C675&ssl=1",900,675,true],"newspack-article-block-square-large":["https:\/\/i0.wp.com\/landioustravel.com\/wp-content\/uploads\/2022\/12\/Cairo-Overnight-Tour-El-Gouna-e1672443354722.jpg?resize=1200%2C675&ssl=1",1200,675,true],"newspack-article-block-landscape-medium":["https:\/\/i0.wp.com\/landioustravel.com\/wp-content\/uploads\/2022\/12\/Cairo-Overnight-Tour-El-Gouna-e1672443354722.jpg?resize=800%2C600&ssl=1",800,600,true],"newspack-article-block-portrait-medium":["https:\/\/i0.wp.com\/landioustravel.com\/wp-content\/uploads\/2022\/12\/Cairo-Overnight-Tour-El-Gouna-e1672443354722.jpg?resize=600%2C675&ssl=1",600,675,true],"newspack-article-block-square-medium":["https:\/\/i0.wp.com\/landioustravel.com\/wp-content\/uploads\/2022\/12\/Cairo-Overnight-Tour-El-Gouna-e1672443354722.jpg?resize=800%2C675&ssl=1",800,675,true],"newspack-article-block-landscape-intermediate":["https:\/\/i0.wp.com\/landioustravel.com\/wp-content\/uploads\/2022\/12\/Cairo-Overnight-Tour-El-Gouna-e1672443354722.jpg?resize=600%2C450&ssl=1",600,450,true],"newspack-article-block-portrait-intermediate":["https:\/\/i0.wp.com\/landioustravel.com\/wp-content\/uploads\/2022\/12\/Cairo-Overnight-Tour-El-Gouna-e1672443354722.jpg?resize=450%2C600&ssl=1",450,600,true],"newspack-article-block-square-intermediate":["https:\/\/i0.wp.com\/landioustravel.com\/wp-content\/uploads\/2022\/12\/Cairo-Overnight-Tour-El-Gouna-e1672443354722.jpg?resize=600%2C600&ssl=1",600,600,true],"newspack-article-block-landscape-small":["https:\/\/i0.wp.com\/landioustravel.com\/wp-content\/uploads\/2022\/12\/Cairo-Overnight-Tour-El-Gouna-e1672443354722.jpg?resize=400%2C300&ssl=1",400,300,true],"newspack-article-block-portrait-small":["https:\/\/i0.wp.com\/landioustravel.com\/wp-content\/uploads\/2022\/12\/Cairo-Overnight-Tour-El-Gouna-e1672443354722.jpg?resize=300%2C400&ssl=1",300,400,true],"newspack-article-block-square-small":["https:\/\/i0.wp.com\/landioustravel.com\/wp-content\/uploads\/2022\/12\/Cairo-Overnight-Tour-El-Gouna-e1672443354722.jpg?resize=400%2C400&ssl=1",400,400,true],"newspack-article-block-landscape-tiny":["https:\/\/i0.wp.com\/landioustravel.com\/wp-content\/uploads\/2022\/12\/Cairo-Overnight-Tour-El-Gouna-e1672443354722.jpg?resize=200%2C150&ssl=1",200,150,true],"newspack-article-block-portrait-tiny":["https:\/\/i0.wp.com\/landioustravel.com\/wp-content\/uploads\/2022\/12\/Cairo-Overnight-Tour-El-Gouna-e1672443354722.jpg?resize=150%2C200&ssl=1",150,200,true],"newspack-article-block-square-tiny":["https:\/\/i0.wp.com\/landioustravel.com\/wp-content\/uploads\/2022\/12\/Cairo-Overnight-Tour-El-Gouna-e1672443354722.jpg?resize=200%2C200&ssl=1",200,200,true],"newspack-article-block-uncropped":["https:\/\/i0.wp.com\/landioustravel.com\/wp-content\/uploads\/2022\/12\/Cairo-Overnight-Tour-El-Gouna-e1672443354722.jpg?fit=1200%2C675&ssl=1",1200,675,true],"woocommerce_thumbnail":["https:\/\/i0.wp.com\/landioustravel.com\/wp-content\/uploads\/2022\/12\/Cairo-Overnight-Tour-El-Gouna-e1672443354722.jpg?resize=324%2C324&ssl=1",324,324,true],"woocommerce_single":["https:\/\/i0.wp.com\/landioustravel.com\/wp-content\/uploads\/2022\/12\/Cairo-Overnight-Tour-El-Gouna-e1672443354722.jpg?fit=416%2C234&ssl=1",416,234,true],"woocommerce_gallery_thumbnail":["https:\/\/i0.wp.com\/landioustravel.com\/wp-content\/uploads\/2022\/12\/Cairo-Overnight-Tour-El-Gouna-e1672443354722.jpg?resize=100%2C100&ssl=1",100,100,true]},"uagb_author_info":{"display_name":"Mofreh Landious","author_link":"https:\/\/landioustravel.com\/es\/author\/"},"uagb_comment_info":0,"uagb_excerpt":"Emb\u00e1rquese en una emocionante aventura de dos d\u00edas desde El Gouna hasta el Viejo Cairo a trav\u00e9s de un autob\u00fas moderno y contemple las impresionantes tres pir\u00e1mides de Giza y la majestuosa Gran Esfinge. Satisfaga su paladar con un delicioso almuerzo antes de sumergirse en la rica historia de Egipto en el Museo Egipcio. El&hellip;","jetpack_sharing_enabled":true,"jetpack_likes_enabled":true,"amp_enabled":true,"_links":{"self":[{"href":"https:\/\/landioustravel.com\/es\/wp-json\/wp\/v2\/product\/142802","targetHints":{"allow":["GET"]}}],"collection":[{"href":"https:\/\/landioustravel.com\/es\/wp-json\/wp\/v2\/product"}],"about":[{"href":"https:\/\/landioustravel.com\/es\/wp-json\/wp\/v2\/types\/product"}],"replies":[{"embeddable":true,"href":"https:\/\/landioustravel.com\/es\/wp-json\/wp\/v2\/comments?post=142802"}],"wp:featuredmedia":[{"embeddable":true,"href":"https:\/\/landioustravel.com\/es\/wp-json\/wp\/v2\/media\/142800"}],"wp:attachment":[{"href":"https:\/\/landioustravel.com\/es\/wp-json\/wp\/v2\/media?parent=142802"}],"wp:term":[{"taxonomy":"product_brand","embeddable":true,"href":"https:\/\/landioustravel.com\/es\/wp-json\/wp\/v2\/product_brand?post=142802"},{"taxonomy":"product_cat","embeddable":true,"href":"https:\/\/landioustravel.com\/es\/wp-json\/wp\/v2\/product_cat?post=142802"},{"taxonomy":"product_tag","embeddable":true,"href":"https:\/\/landioustravel.com\/es\/wp-json\/wp\/v2\/product_tag?post=142802"}],"curies":[{"name":"wp","href":"https:\/\/api.w.org\/{rel}","templated":true}]}}