{"id":142812,"date":"2022-12-30T09:07:23","date_gmt":"2023-05-30T01:37:51","guid":{"rendered":"https:\/\/landioustravel.com\/?post_type=product&#038;p=142812"},"modified":"2023-06-17T22:58:19","modified_gmt":"2023-06-17T20:58:19","slug":"viaje-el-cairo-gouna","status":"publish","type":"product","link":"https:\/\/landioustravel.com\/es\/shop\/viaje-el-cairo-gouna\/","title":{"rendered":"Viaje de El Cairo desde El Gouna"},"content":{"rendered":"<p>\u00a1El Tour de El Cairo desde El Gouna es un viaje emocionante para ver los principales lugares de inter\u00e9s de El Cairo y Giza desde El Gouna, Egipto! \u00a1Sin duda, es uno de los tours m\u00e1s populares de El Gouna a las pir\u00e1mides de Giza! Recomendamos la excursi\u00f3n porque permite a los turistas ver los monumentos m\u00e1s impresionantes construidos en el Antiguo Egipto. Adem\u00e1s, permitir\u00e1 a los turistas conocer m\u00e1s sobre la historia del pa\u00eds.<\/p>\n<h2>Aspectos destacados del tour de El Cairo desde El Gouna<\/h2>\n<ul>\n<li>Visita el Museo Egipcio de El Cairo.<\/li>\n<li>Almuerzo en un restaurante.<\/li>\n<li>Visita las tres pir\u00e1mides de Giza.<\/li>\n<li>Adem\u00e1s, visite la Gran Esfinge en el complejo de pir\u00e1mides.<\/li>\n<\/ul>\n<h2>Programa del viaje El Cairo-Giza<\/h2>\n<ul>\n<li>Primero, el representante de Landious Travel lo recoger\u00e1 de su hotel en El Gouna alrededor de las 03:00 am.<\/li>\n<li>En segundo lugar, despu\u00e9s de recoger a todos los interesados, el minib\u00fas sale hacia El Cairo. Pasar\u00e1 por la ciudad de Ras Ghareb, Zaafaran, Ain Sokhna y Suez. Todos estos pueblos se encuentran al norte de El Gouna, en la costa del Mar Rojo. El camino desde el centro de Hurghada hasta El Cairo dura unas 6 horas.<\/li>\n<li>La excursi\u00f3n a El Cairo \u2013 Giza desde El Gouna se dirige a El Cairo y Giza. \u00a1Es uno de los recorridos m\u00e1s encantadores a la Esfinge!<\/li>\n<\/ul>\n<h3>Programa en El Cairo<\/h3>\n<ul>\n<li>Una vez que llegue a El Cairo, le mostraremos el Museo Egipcio. Su gu\u00eda tendr\u00e1 la tarea de mostrarle todos estos templos y darle tiempo libre para tomar fotograf\u00edas.<\/li>\n<li>Despu\u00e9s de la visita al Museo Egipcio de El Cairo, comenzar\u00e1 un viaje en barco por el r\u00edo Nilo. Es un programa adicional. Por supuesto, puedes reservarlo, con antelaci\u00f3n, \u00a1a trav\u00e9s de nosotros! Tan pronto como termine el paseo en bote por el Nilo, se dirigir\u00e1 a otra ciudad: Giza.<\/li>\n<\/ul>\n<h3>Agenda en Giza<\/h3>\n<ul>\n<li>Por supuesto, la gira continuar\u00e1 en Giza. La primera parada all\u00ed ser\u00e1 en el restaurante. Ofrece buffet.<\/li>\n<li>Luego, el grupo se dirigir\u00e1 al complejo de pir\u00e1mides, las tres pir\u00e1mides fant\u00e1sticas y la Esfinge. Una vez m\u00e1s, su gu\u00eda le mostrar\u00e1 estos monumentos y le dar\u00e1 tiempo libre para tomar fotograf\u00edas.<\/li>\n<\/ul>\n<h3>Partida<\/h3>\n<ul>\n<li>Finalmente, nuestro autob\u00fas partir\u00e1 despu\u00e9s de tal programa en las hermosas ciudades de El Cairo y Giza.<\/li>\n<li>Esta excursi\u00f3n a El Cairo y Giza desde El Gouna finaliza aproximadamente a las 22:00.<\/li>\n<\/ul>\n<h2>\u00bfQu\u00e9 incluye el precio de la excursi\u00f3n El Gouna a El Cairo y Giza?<\/h2>\n<ul>\n<li>Entradas para visitar templos.<\/li>\n<li>Almuerzo.<\/li>\n<li>Gu\u00eda.<\/li>\n<li>Adem\u00e1s, Traslado a El Cairo y regreso al hotel.<\/li>\n<\/ul>\n<h2>\u00bfQu\u00e9 no incluye el programa del Viaje de El Cairo desde El Gouna?<\/h2>\n<ul>\n<li>Programas de excursiones adicionales si no est\u00e1n incluidos en el programa anterior.<\/li>\n<li>Adem\u00e1s, las bebidas en el restaurante son por dinero extra.<\/li>\n<\/ul>\n<h2>Aqu\u00ed hay algunos art\u00edculos recomendados para llevar con usted en su viaje a El Cairo y Giza<\/h2>\n<ul>\n<li>Caja de desayuno.<\/li>\n<li>Pasaporte.<\/li>\n<li>Adem\u00e1s, p\u00f3ngase ropa adecuada para la temporada.<\/li>\n<\/ul>\n<h2>Reserva D\u00edas de Tour de El Cairo desde El Gouna<\/h2>\n<ul>\n<li>Todos los d\u00edas de 02:00 a 22:00.<\/li>\n<\/ul>\n<h2>\u00bfQu\u00e9 se espera ver durante la excursi\u00f3n a Giza El Cairo El Gouna?<\/h2>\n<h3>Museo Egipcio<\/h3>\n<p>El Museo Egipcio es el museo arqueol\u00f3gico m\u00e1s antiguo de Egipto y Oriente Medio. Exhibe una extensa colecci\u00f3n desde el Per\u00edodo Predin\u00e1stico hasta el Per\u00edodo Grecorromano. Adem\u00e1s, este dep\u00f3sito alberga la colecci\u00f3n m\u00e1s completa de antig\u00fcedades fara\u00f3nicas del mundo. Esta fant\u00e1stica colecci\u00f3n recorre 5.000 a\u00f1os de historia egipcia.<\/p>\n<h3>Complejo de pir\u00e1mides de Giza<\/h3>\n<p>El complejo de pir\u00e1mides de Giza es la atracci\u00f3n tur\u00edstica m\u00e1s popular de Egipto. Este complejo es un sitio del Antiguo Egipto ubicado en la meseta de Giza. Ampliamente conocido, incluye la Gran Pir\u00e1mide de Giza, sus redes asociadas y la Esfinge de Giza. Adem\u00e1s, la llamamos la Necr\u00f3polis de Giza.<\/p>\n<p>Los antiguos egipcios construyeron estas construcciones masivas durante la Cuarta Dinast\u00eda del Antiguo Reino del Antiguo Egipto. Adem\u00e1s, el Complejo de Giza incluye varios cementerios y los restos de un asentamiento de trabajadores en su territorio.<\/p>\n<h3>Pir\u00e1mide de Khufu<\/h3>\n<p>La Pir\u00e1mide de Khufu se encuentra a una altura imponente de 138,5 metros. Ubicada en el complejo de pir\u00e1mides de Giza, esta pir\u00e1mide m\u00e1s antigua y m\u00e1s grande ha asombrado a la gente a lo largo de los siglos. Esta maravilla constituye una parte de las Siete Maravillas del mundo antiguo.<\/p>\n<h3>Pir\u00e1mide de Khafre<\/h3>\n<p>La Pir\u00e1mide de Khafre se encuentra a 448 pies con una longitud de base de 706 pies. Estas medidas hacen que la Pir\u00e1mide sea la segunda m\u00e1s alta y la segunda m\u00e1s grande del complejo de la Pir\u00e1mide de Giza. Este monumento hist\u00f3rico tambi\u00e9n se conoce como la Pir\u00e1mide de Chephren. Alberga la tumba del fara\u00f3n Khafre de la Cuarta Dinast\u00eda, que gobern\u00f3 entre 2558 y 2532 a.<\/p>\n<h3>Pir\u00e1mide de Menkaure<\/h3>\n<p>Menkaure es la tercera pir\u00e1mide en el complejo de pir\u00e1mides de Giza en el Gran Cairo, Egipto. El m\u00e1s peque\u00f1o de los tres; esta hermosa estructura se eleva a 66 metros (218 pies). La pir\u00e1mide de Menkaure alberga algunas de las esculturas m\u00e1s impresionantes de la historia del Antiguo Egipto a pesar de ser corta.<\/p>\n<p>Gran Esfinge<\/p>\n<p>La Gran Esfinge es una de las esculturas m\u00e1s significativas del mundo. Mide casi 66 pies y muestra el cuerpo de un le\u00f3n reclinado y una cabeza humana. Un tocado real adorna la cabeza humana de la Esfinge. La longitud de esta magn\u00edfica estatua es de alrededor de 240 pies.<\/p>\n","protected":false},"excerpt":{"rendered":"<p>Prep\u00e1rese para quedar asombrado en su viaje de El Gouna a El Cairo mientras se aventura hacia las grandes pir\u00e1mides de Giza y la Esfinge. Disfrutar\u00e1 de un delicioso almuerzo antes de explorar el fascinante Museo Egipcio, que presenta una asombrosa colecci\u00f3n de m\u00e1s de 150 000 artefactos repartidos en 100 salas de exhibici\u00f3n. El costo de su recorrido incluye boletos de entrada y almuerzo, as\u00ed que si\u00e9ntese y rel\u00e1jese mientras se embarca en una aventura inolvidable. Disfrute de un emocionante viaje de un d\u00eda a El Cairo y las pir\u00e1mides desde El Gouna en un autom\u00f3vil privado con aire acondicionado mientras descubre la rica historia de El Cairo que abarca varios per\u00edodos, incluida la era fara\u00f3nica, copta e isl\u00e1mica. Nuestro representante lo recoger\u00e1 de su hotel a las 03:30 a.m., el viaje de 500 km hasta El Cairo durar\u00e1 aproximadamente 6 horas, donde ser\u00e1 recibido por nuestro servicial representante. Luego, su gu\u00eda egipt\u00f3logo lo llevar\u00e1 a un recorrido cautivador por las pir\u00e1mides de Keops, Chephren, Mykerinus, la Esfinge y el Templo del Valle de la Pir\u00e1mide de Chephren. Despu\u00e9s de un delicioso almuerzo en un restaurante local, explorar\u00e1 el Museo Egipcio, que cuenta con una rara colecci\u00f3n de 5000 a\u00f1os de arte, incluida una exposici\u00f3n dedicada al tesoro y las joyas de Tutankam\u00f3n. Su viaje concluir\u00e1 con un c\u00f3modo viaje de regreso a su hotel en El Gouna desde El Cairo. \u00a1Prep\u00e1rate para una experiencia futura que no olvidar\u00e1s!<\/p>\n","protected":false},"featured_media":142815,"comment_status":"open","ping_status":"closed","template":"","meta":{"_coblocks_attr":"","_coblocks_dimensions":"","_coblocks_responsive_height":"","_coblocks_accordion_ie_support":"","_uag_custom_page_level_css":"","jetpack_publicize_message":"","jetpack_publicize_feature_enabled":true,"jetpack_social_post_already_shared":true,"jetpack_social_options":{"image_generator_settings":{"template":"highway","default_image_id":0,"font":"","enabled":false},"version":2},"_wpas_customize_per_network":false},"product_brand":[],"product_cat":[23479],"product_tag":[1804,1829,1806,1797,1805,9907],"class_list":{"0":"post-142812","1":"product","2":"type-product","3":"status-publish","4":"has-post-thumbnail","6":"product_cat-excursiones-el-gouna","7":"product_tag-el-cairo","8":"product_tag-el-gouna-es","9":"product_tag-esfinge","10":"product_tag-excursion-es","11":"product_tag-piramides","12":"product_tag-turismo","13":"pa_age-el-adulto","14":"pa_age-nino-1-4-anos","15":"pa_age-nino-5-11-anos","17":"first","18":"instock","19":"sale","20":"taxable","21":"shipping-taxable","22":"purchasable","23":"product-type-variable"},"yoast_head":"<!-- This site is optimized with the Yoast SEO Premium plugin v26.9 (Yoast SEO v27.5) - https:\/\/yoast.com\/product\/yoast-seo-premium-wordpress\/ -->\n<title>Viaje de El Cairo desde El Gouna<\/title>\n<meta name=\"description\" content=\"Viaje de El Cairo desde El Gouna prep\u00e1rese para sorprenderse con las majestuosas Pir\u00e1mides de Giza y la Esfinge. Despu\u00e9s, disfrutar\u00e1s de un delicioso\" \/>\n<meta name=\"robots\" content=\"index, follow, max-snippet:-1, max-image-preview:large, max-video-preview:-1\" \/>\n<link rel=\"canonical\" href=\"https:\/\/landioustravel.com\/es\/shop\/viaje-el-cairo-gouna\/\" \/>\n<meta property=\"og:locale\" content=\"es_ES\" \/>\n<meta property=\"og:type\" content=\"article\" \/>\n<meta property=\"og:title\" content=\"Viaje de El Cairo desde El Gouna\" \/>\n<meta property=\"og:description\" content=\"Landious Travel\" \/>\n<meta property=\"og:url\" content=\"https:\/\/landioustravel.com\/es\/shop\/viaje-el-cairo-gouna\/\" \/>\n<meta property=\"og:site_name\" content=\"Landious Travel\" \/>\n<meta property=\"article:publisher\" content=\"https:\/\/web.facebook.com\/landiousEgypt\" \/>\n<meta property=\"article:modified_time\" content=\"2023-06-17T20:58:19+00:00\" \/>\n<meta property=\"og:image\" content=\"https:\/\/i0.wp.com\/landioustravel.com\/wp-content\/uploads\/2022\/12\/Cairo-Tour-from-El-Gouna-e1672383802731.jpeg?fit=1200%2C675&ssl=1\" \/>\n\t<meta property=\"og:image:width\" content=\"1200\" \/>\n\t<meta property=\"og:image:height\" content=\"675\" \/>\n\t<meta property=\"og:image:type\" content=\"image\/jpeg\" \/>\n<meta name=\"twitter:card\" content=\"summary_large_image\" \/>\n<meta name=\"twitter:site\" content=\"@LandiousTours\" \/>\n<meta name=\"twitter:label1\" content=\"Tiempo de lectura\" \/>\n\t<meta name=\"twitter:data1\" content=\"4 minutos\" \/>\n<script type=\"application\/ld+json\" class=\"yoast-schema-graph\">{\"@context\":\"https:\\\/\\\/schema.org\",\"@graph\":[{\"@type\":\"WebPage\",\"@id\":\"https:\\\/\\\/landioustravel.com\\\/es\\\/shop\\\/viaje-el-cairo-gouna\\\/\",\"url\":\"https:\\\/\\\/landioustravel.com\\\/es\\\/shop\\\/viaje-el-cairo-gouna\\\/\",\"name\":\"Viaje de El Cairo desde El Gouna\",\"isPartOf\":{\"@id\":\"https:\\\/\\\/landioustravel.com\\\/es\\\/#website\"},\"primaryImageOfPage\":{\"@id\":\"https:\\\/\\\/landioustravel.com\\\/es\\\/shop\\\/viaje-el-cairo-gouna\\\/#primaryimage\"},\"image\":{\"@id\":\"https:\\\/\\\/landioustravel.com\\\/es\\\/shop\\\/viaje-el-cairo-gouna\\\/#primaryimage\"},\"thumbnailUrl\":\"https:\\\/\\\/i0.wp.com\\\/landioustravel.com\\\/wp-content\\\/uploads\\\/2022\\\/12\\\/Cairo-Tour-from-El-Gouna-e1672383802731.jpeg?fit=1200%2C675&ssl=1\",\"datePublished\":\"2023-05-30T01:37:51+00:00\",\"dateModified\":\"2023-06-17T20:58:19+00:00\",\"description\":\"Viaje de El Cairo desde El Gouna prep\u00e1rese para sorprenderse con las majestuosas Pir\u00e1mides de Giza y la Esfinge. Despu\u00e9s, disfrutar\u00e1s de un delicioso\",\"breadcrumb\":{\"@id\":\"https:\\\/\\\/landioustravel.com\\\/es\\\/shop\\\/viaje-el-cairo-gouna\\\/#breadcrumb\"},\"inLanguage\":\"es\",\"potentialAction\":[{\"@type\":\"ReadAction\",\"target\":[\"https:\\\/\\\/landioustravel.com\\\/es\\\/shop\\\/viaje-el-cairo-gouna\\\/\"]}]},{\"@type\":\"ImageObject\",\"inLanguage\":\"es\",\"@id\":\"https:\\\/\\\/landioustravel.com\\\/es\\\/shop\\\/viaje-el-cairo-gouna\\\/#primaryimage\",\"url\":\"https:\\\/\\\/i0.wp.com\\\/landioustravel.com\\\/wp-content\\\/uploads\\\/2022\\\/12\\\/Cairo-Tour-from-El-Gouna-e1672383802731.jpeg?fit=1200%2C675&ssl=1\",\"contentUrl\":\"https:\\\/\\\/i0.wp.com\\\/landioustravel.com\\\/wp-content\\\/uploads\\\/2022\\\/12\\\/Cairo-Tour-from-El-Gouna-e1672383802731.jpeg?fit=1200%2C675&ssl=1\",\"width\":1200,\"height\":675,\"caption\":\"Cairo Tour from El Gouna\"},{\"@type\":\"BreadcrumbList\",\"@id\":\"https:\\\/\\\/landioustravel.com\\\/es\\\/shop\\\/viaje-el-cairo-gouna\\\/#breadcrumb\",\"itemListElement\":[{\"@type\":\"ListItem\",\"position\":1,\"name\":\"Home\",\"item\":\"https:\\\/\\\/landioustravel.com\\\/es\\\/\"},{\"@type\":\"ListItem\",\"position\":2,\"name\":\"Servicios y Tours\",\"item\":\"https:\\\/\\\/landioustravel.com\\\/es\\\/\"},{\"@type\":\"ListItem\",\"position\":3,\"name\":\"Viaje de El Cairo desde El Gouna\"}]},{\"@type\":\"WebSite\",\"@id\":\"https:\\\/\\\/landioustravel.com\\\/es\\\/#website\",\"url\":\"https:\\\/\\\/landioustravel.com\\\/es\\\/\",\"name\":\"Landious Travel\",\"description\":\"Tours and Excursions in Egypt\",\"publisher\":{\"@id\":\"https:\\\/\\\/landioustravel.com\\\/es\\\/#organization\"},\"potentialAction\":[{\"@type\":\"SearchAction\",\"target\":{\"@type\":\"EntryPoint\",\"urlTemplate\":\"https:\\\/\\\/landioustravel.com\\\/es\\\/?s={search_term_string}\"},\"query-input\":{\"@type\":\"PropertyValueSpecification\",\"valueRequired\":true,\"valueName\":\"search_term_string\"}}],\"inLanguage\":\"es\"},{\"@type\":[\"Organization\",\"Place\"],\"@id\":\"https:\\\/\\\/landioustravel.com\\\/es\\\/#organization\",\"name\":\"Landious Travel\",\"alternateName\":\"Landious Travel\",\"url\":\"https:\\\/\\\/landioustravel.com\\\/es\\\/\",\"logo\":{\"@id\":\"https:\\\/\\\/landioustravel.com\\\/es\\\/shop\\\/viaje-el-cairo-gouna\\\/#local-main-organization-logo\"},\"image\":{\"@id\":\"https:\\\/\\\/landioustravel.com\\\/es\\\/shop\\\/viaje-el-cairo-gouna\\\/#local-main-organization-logo\"},\"sameAs\":[\"https:\\\/\\\/web.facebook.com\\\/landiousEgypt\",\"https:\\\/\\\/x.com\\\/LandiousTours\",\"https:\\\/\\\/mastodon.social\\\/@landious\"],\"legalName\":\"Landious Travel\",\"telephone\":[],\"openingHoursSpecification\":[{\"@type\":\"OpeningHoursSpecification\",\"dayOfWeek\":[\"Monday\",\"Tuesday\",\"Wednesday\",\"Thursday\",\"Friday\",\"Saturday\",\"Sunday\"],\"opens\":\"09:00\",\"closes\":\"17:00\"}]},{\"@type\":\"ImageObject\",\"inLanguage\":\"es\",\"@id\":\"https:\\\/\\\/landioustravel.com\\\/es\\\/shop\\\/viaje-el-cairo-gouna\\\/#local-main-organization-logo\",\"url\":\"https:\\\/\\\/i0.wp.com\\\/landioustravel.com\\\/wp-content\\\/uploads\\\/2021\\\/06\\\/Landious-T.png?fit=500%2C500&ssl=1\",\"contentUrl\":\"https:\\\/\\\/i0.wp.com\\\/landioustravel.com\\\/wp-content\\\/uploads\\\/2021\\\/06\\\/Landious-T.png?fit=500%2C500&ssl=1\",\"width\":500,\"height\":500,\"caption\":\"Landious Travel\"}]}<\/script>\n<!-- \/ Yoast SEO Premium plugin. -->","yoast_head_json":{"title":"Viaje de El Cairo desde El Gouna","description":"Viaje de El Cairo desde El Gouna prep\u00e1rese para sorprenderse con las majestuosas Pir\u00e1mides de Giza y la Esfinge. Despu\u00e9s, disfrutar\u00e1s de un delicioso","robots":{"index":"index","follow":"follow","max-snippet":"max-snippet:-1","max-image-preview":"max-image-preview:large","max-video-preview":"max-video-preview:-1"},"canonical":"https:\/\/landioustravel.com\/es\/shop\/viaje-el-cairo-gouna\/","og_locale":"es_ES","og_type":"article","og_title":"Viaje de El Cairo desde El Gouna","og_description":"Landious Travel","og_url":"https:\/\/landioustravel.com\/es\/shop\/viaje-el-cairo-gouna\/","og_site_name":"Landious Travel","article_publisher":"https:\/\/web.facebook.com\/landiousEgypt","article_modified_time":"2023-06-17T20:58:19+00:00","og_image":[{"width":1200,"height":675,"url":"https:\/\/i0.wp.com\/landioustravel.com\/wp-content\/uploads\/2022\/12\/Cairo-Tour-from-El-Gouna-e1672383802731.jpeg?fit=1200%2C675&ssl=1","type":"image\/jpeg"}],"twitter_card":"summary_large_image","twitter_site":"@LandiousTours","twitter_misc":{"Tiempo de lectura":"4 minutos"},"schema":{"@context":"https:\/\/schema.org","@graph":[{"@type":"WebPage","@id":"https:\/\/landioustravel.com\/es\/shop\/viaje-el-cairo-gouna\/","url":"https:\/\/landioustravel.com\/es\/shop\/viaje-el-cairo-gouna\/","name":"Viaje de El Cairo desde El Gouna","isPartOf":{"@id":"https:\/\/landioustravel.com\/es\/#website"},"primaryImageOfPage":{"@id":"https:\/\/landioustravel.com\/es\/shop\/viaje-el-cairo-gouna\/#primaryimage"},"image":{"@id":"https:\/\/landioustravel.com\/es\/shop\/viaje-el-cairo-gouna\/#primaryimage"},"thumbnailUrl":"https:\/\/i0.wp.com\/landioustravel.com\/wp-content\/uploads\/2022\/12\/Cairo-Tour-from-El-Gouna-e1672383802731.jpeg?fit=1200%2C675&ssl=1","datePublished":"2023-05-30T01:37:51+00:00","dateModified":"2023-06-17T20:58:19+00:00","description":"Viaje de El Cairo desde El Gouna prep\u00e1rese para sorprenderse con las majestuosas Pir\u00e1mides de Giza y la Esfinge. Despu\u00e9s, disfrutar\u00e1s de un delicioso","breadcrumb":{"@id":"https:\/\/landioustravel.com\/es\/shop\/viaje-el-cairo-gouna\/#breadcrumb"},"inLanguage":"es","potentialAction":[{"@type":"ReadAction","target":["https:\/\/landioustravel.com\/es\/shop\/viaje-el-cairo-gouna\/"]}]},{"@type":"ImageObject","inLanguage":"es","@id":"https:\/\/landioustravel.com\/es\/shop\/viaje-el-cairo-gouna\/#primaryimage","url":"https:\/\/i0.wp.com\/landioustravel.com\/wp-content\/uploads\/2022\/12\/Cairo-Tour-from-El-Gouna-e1672383802731.jpeg?fit=1200%2C675&ssl=1","contentUrl":"https:\/\/i0.wp.com\/landioustravel.com\/wp-content\/uploads\/2022\/12\/Cairo-Tour-from-El-Gouna-e1672383802731.jpeg?fit=1200%2C675&ssl=1","width":1200,"height":675,"caption":"Cairo Tour from El Gouna"},{"@type":"BreadcrumbList","@id":"https:\/\/landioustravel.com\/es\/shop\/viaje-el-cairo-gouna\/#breadcrumb","itemListElement":[{"@type":"ListItem","position":1,"name":"Home","item":"https:\/\/landioustravel.com\/es\/"},{"@type":"ListItem","position":2,"name":"Servicios y Tours","item":"https:\/\/landioustravel.com\/es\/"},{"@type":"ListItem","position":3,"name":"Viaje de El Cairo desde El Gouna"}]},{"@type":"WebSite","@id":"https:\/\/landioustravel.com\/es\/#website","url":"https:\/\/landioustravel.com\/es\/","name":"Landious Travel","description":"Tours and Excursions in Egypt","publisher":{"@id":"https:\/\/landioustravel.com\/es\/#organization"},"potentialAction":[{"@type":"SearchAction","target":{"@type":"EntryPoint","urlTemplate":"https:\/\/landioustravel.com\/es\/?s={search_term_string}"},"query-input":{"@type":"PropertyValueSpecification","valueRequired":true,"valueName":"search_term_string"}}],"inLanguage":"es"},{"@type":["Organization","Place"],"@id":"https:\/\/landioustravel.com\/es\/#organization","name":"Landious Travel","alternateName":"Landious Travel","url":"https:\/\/landioustravel.com\/es\/","logo":{"@id":"https:\/\/landioustravel.com\/es\/shop\/viaje-el-cairo-gouna\/#local-main-organization-logo"},"image":{"@id":"https:\/\/landioustravel.com\/es\/shop\/viaje-el-cairo-gouna\/#local-main-organization-logo"},"sameAs":["https:\/\/web.facebook.com\/landiousEgypt","https:\/\/x.com\/LandiousTours","https:\/\/mastodon.social\/@landious"],"legalName":"Landious Travel","telephone":[],"openingHoursSpecification":[{"@type":"OpeningHoursSpecification","dayOfWeek":["Monday","Tuesday","Wednesday","Thursday","Friday","Saturday","Sunday"],"opens":"09:00","closes":"17:00"}]},{"@type":"ImageObject","inLanguage":"es","@id":"https:\/\/landioustravel.com\/es\/shop\/viaje-el-cairo-gouna\/#local-main-organization-logo","url":"https:\/\/i0.wp.com\/landioustravel.com\/wp-content\/uploads\/2021\/06\/Landious-T.png?fit=500%2C500&ssl=1","contentUrl":"https:\/\/i0.wp.com\/landioustravel.com\/wp-content\/uploads\/2021\/06\/Landious-T.png?fit=500%2C500&ssl=1","width":500,"height":500,"caption":"Landious Travel"}]}},"jetpack_publicize_connections":[],"uagb_featured_image_src":{"full":["https:\/\/i0.wp.com\/landioustravel.com\/wp-content\/uploads\/2022\/12\/Cairo-Tour-from-El-Gouna-e1672383802731.jpeg?fit=1200%2C675&ssl=1",1200,675,false],"thumbnail":["https:\/\/i0.wp.com\/landioustravel.com\/wp-content\/uploads\/2022\/12\/Cairo-Tour-from-El-Gouna-e1672383802731.jpeg?resize=150%2C150&ssl=1",150,150,true],"medium":["https:\/\/i0.wp.com\/landioustravel.com\/wp-content\/uploads\/2022\/12\/Cairo-Tour-from-El-Gouna-e1672383802731.jpeg?fit=300%2C169&ssl=1",300,169,true],"medium_large":["https:\/\/i0.wp.com\/landioustravel.com\/wp-content\/uploads\/2022\/12\/Cairo-Tour-from-El-Gouna-e1672383802731.jpeg?fit=768%2C432&ssl=1",768,432,true],"large":["https:\/\/i0.wp.com\/landioustravel.com\/wp-content\/uploads\/2022\/12\/Cairo-Tour-from-El-Gouna-e1672383802731.jpeg?fit=980%2C551&ssl=1",980,551,true],"1536x1536":["https:\/\/i0.wp.com\/landioustravel.com\/wp-content\/uploads\/2022\/12\/Cairo-Tour-from-El-Gouna-e1672383802731.jpeg?fit=1200%2C675&ssl=1",1200,675,true],"2048x2048":["https:\/\/i0.wp.com\/landioustravel.com\/wp-content\/uploads\/2022\/12\/Cairo-Tour-from-El-Gouna-e1672383802731.jpeg?fit=1200%2C675&ssl=1",1200,675,true],"newspack-article-block-landscape-large":["https:\/\/i0.wp.com\/landioustravel.com\/wp-content\/uploads\/2022\/12\/Cairo-Tour-from-El-Gouna-e1672383802731.jpeg?resize=1200%2C675&ssl=1",1200,675,true],"newspack-article-block-portrait-large":["https:\/\/i0.wp.com\/landioustravel.com\/wp-content\/uploads\/2022\/12\/Cairo-Tour-from-El-Gouna-e1672383802731.jpeg?resize=900%2C675&ssl=1",900,675,true],"newspack-article-block-square-large":["https:\/\/i0.wp.com\/landioustravel.com\/wp-content\/uploads\/2022\/12\/Cairo-Tour-from-El-Gouna-e1672383802731.jpeg?resize=1200%2C675&ssl=1",1200,675,true],"newspack-article-block-landscape-medium":["https:\/\/i0.wp.com\/landioustravel.com\/wp-content\/uploads\/2022\/12\/Cairo-Tour-from-El-Gouna-e1672383802731.jpeg?resize=800%2C600&ssl=1",800,600,true],"newspack-article-block-portrait-medium":["https:\/\/i0.wp.com\/landioustravel.com\/wp-content\/uploads\/2022\/12\/Cairo-Tour-from-El-Gouna-e1672383802731.jpeg?resize=600%2C675&ssl=1",600,675,true],"newspack-article-block-square-medium":["https:\/\/i0.wp.com\/landioustravel.com\/wp-content\/uploads\/2022\/12\/Cairo-Tour-from-El-Gouna-e1672383802731.jpeg?resize=800%2C675&ssl=1",800,675,true],"newspack-article-block-landscape-intermediate":["https:\/\/i0.wp.com\/landioustravel.com\/wp-content\/uploads\/2022\/12\/Cairo-Tour-from-El-Gouna-e1672383802731.jpeg?resize=600%2C450&ssl=1",600,450,true],"newspack-article-block-portrait-intermediate":["https:\/\/i0.wp.com\/landioustravel.com\/wp-content\/uploads\/2022\/12\/Cairo-Tour-from-El-Gouna-e1672383802731.jpeg?resize=450%2C600&ssl=1",450,600,true],"newspack-article-block-square-intermediate":["https:\/\/i0.wp.com\/landioustravel.com\/wp-content\/uploads\/2022\/12\/Cairo-Tour-from-El-Gouna-e1672383802731.jpeg?resize=600%2C600&ssl=1",600,600,true],"newspack-article-block-landscape-small":["https:\/\/i0.wp.com\/landioustravel.com\/wp-content\/uploads\/2022\/12\/Cairo-Tour-from-El-Gouna-e1672383802731.jpeg?resize=400%2C300&ssl=1",400,300,true],"newspack-article-block-portrait-small":["https:\/\/i0.wp.com\/landioustravel.com\/wp-content\/uploads\/2022\/12\/Cairo-Tour-from-El-Gouna-e1672383802731.jpeg?resize=300%2C400&ssl=1",300,400,true],"newspack-article-block-square-small":["https:\/\/i0.wp.com\/landioustravel.com\/wp-content\/uploads\/2022\/12\/Cairo-Tour-from-El-Gouna-e1672383802731.jpeg?resize=400%2C400&ssl=1",400,400,true],"newspack-article-block-landscape-tiny":["https:\/\/i0.wp.com\/landioustravel.com\/wp-content\/uploads\/2022\/12\/Cairo-Tour-from-El-Gouna-e1672383802731.jpeg?resize=200%2C150&ssl=1",200,150,true],"newspack-article-block-portrait-tiny":["https:\/\/i0.wp.com\/landioustravel.com\/wp-content\/uploads\/2022\/12\/Cairo-Tour-from-El-Gouna-e1672383802731.jpeg?resize=150%2C200&ssl=1",150,200,true],"newspack-article-block-square-tiny":["https:\/\/i0.wp.com\/landioustravel.com\/wp-content\/uploads\/2022\/12\/Cairo-Tour-from-El-Gouna-e1672383802731.jpeg?resize=200%2C200&ssl=1",200,200,true],"newspack-article-block-uncropped":["https:\/\/i0.wp.com\/landioustravel.com\/wp-content\/uploads\/2022\/12\/Cairo-Tour-from-El-Gouna-e1672383802731.jpeg?fit=1200%2C675&ssl=1",1200,675,true],"woocommerce_thumbnail":["https:\/\/i0.wp.com\/landioustravel.com\/wp-content\/uploads\/2022\/12\/Cairo-Tour-from-El-Gouna-e1672383802731.jpeg?resize=324%2C324&ssl=1",324,324,true],"woocommerce_single":["https:\/\/i0.wp.com\/landioustravel.com\/wp-content\/uploads\/2022\/12\/Cairo-Tour-from-El-Gouna-e1672383802731.jpeg?fit=416%2C234&ssl=1",416,234,true],"woocommerce_gallery_thumbnail":["https:\/\/i0.wp.com\/landioustravel.com\/wp-content\/uploads\/2022\/12\/Cairo-Tour-from-El-Gouna-e1672383802731.jpeg?resize=100%2C100&ssl=1",100,100,true]},"uagb_author_info":{"display_name":"Mofreh Landious","author_link":"https:\/\/landioustravel.com\/es\/author\/"},"uagb_comment_info":0,"uagb_excerpt":"Prep\u00e1rese para quedar asombrado en su viaje de El Gouna a El Cairo mientras se aventura hacia las grandes pir\u00e1mides de Giza y la Esfinge. Disfrutar\u00e1 de un delicioso almuerzo antes de explorar el fascinante Museo Egipcio, que presenta una asombrosa colecci\u00f3n de m\u00e1s de 150 000 artefactos repartidos en 100 salas de exhibici\u00f3n. El&hellip;","jetpack_sharing_enabled":true,"jetpack_likes_enabled":true,"amp_enabled":true,"_links":{"self":[{"href":"https:\/\/landioustravel.com\/es\/wp-json\/wp\/v2\/product\/142812","targetHints":{"allow":["GET"]}}],"collection":[{"href":"https:\/\/landioustravel.com\/es\/wp-json\/wp\/v2\/product"}],"about":[{"href":"https:\/\/landioustravel.com\/es\/wp-json\/wp\/v2\/types\/product"}],"replies":[{"embeddable":true,"href":"https:\/\/landioustravel.com\/es\/wp-json\/wp\/v2\/comments?post=142812"}],"wp:featuredmedia":[{"embeddable":true,"href":"https:\/\/landioustravel.com\/es\/wp-json\/wp\/v2\/media\/142815"}],"wp:attachment":[{"href":"https:\/\/landioustravel.com\/es\/wp-json\/wp\/v2\/media?parent=142812"}],"wp:term":[{"taxonomy":"product_brand","embeddable":true,"href":"https:\/\/landioustravel.com\/es\/wp-json\/wp\/v2\/product_brand?post=142812"},{"taxonomy":"product_cat","embeddable":true,"href":"https:\/\/landioustravel.com\/es\/wp-json\/wp\/v2\/product_cat?post=142812"},{"taxonomy":"product_tag","embeddable":true,"href":"https:\/\/landioustravel.com\/es\/wp-json\/wp\/v2\/product_tag?post=142812"}],"curies":[{"name":"wp","href":"https:\/\/api.w.org\/{rel}","templated":true}]}}