{"id":142876,"date":"2022-12-28T23:04:55","date_gmt":"2023-05-30T01:11:52","guid":{"rendered":"https:\/\/landioustravel.com\/?post_type=product&#038;p=142876"},"modified":"2024-04-13T18:48:13","modified_gmt":"2024-04-13T16:48:13","slug":"viaje-privado-pesca-safaga","status":"publish","type":"product","link":"https:\/\/landioustravel.com\/es\/shop\/viaje-privado-pesca-safaga\/","title":{"rendered":"Viaje privado de pesca Safaga"},"content":{"rendered":"<p>\u00a1Vamos a la aventura definitiva con un viaje de pesca privado en Safaga, Gobernaci\u00f3n del Mar Rojo, Egipto! Esta es una oportunidad \u00fanica para disfrutar de la pesca profesional mientras aprecia la belleza del mar. Podr\u00e1s presenciar los fascinantes arrecifes de coral y los peces del Mar Rojo e incluso disfrutar de un picnic privado en medio de las aguas serenas. Esta es una actividad que debe probar cualquier persona que visite Safaga, y la recomendamos encarecidamente, especialmente para los amantes de la pesca.<\/p>\n<h2>Aspectos destacados del viaje de pesca individual en Safaga<\/h2>\n<ul>\n<li>Pesca en mar abierto.<\/li>\n<li>Snorkeling con m\u00e1scaras y aletas.<\/li>\n<li>Adem\u00e1s, almuerzo en el barco.<\/li>\n<\/ul>\n<h2>Programa del Viaje de Pesca Individual<\/h2>\n<ul>\n<li>El representante de Landious Travel lo recoger\u00e1 de los hoteles de Safaga aproximadamente a las 08:00 am.<\/li>\n<li>Despu\u00e9s de recogeros, el autob\u00fas se dirige al puerto. El camino hasta el muelle dura unos 40 minutos.<\/li>\n<li>Encontrar\u00e1s tu barco en el puerto. Este barco consta de dos plantas. \u00a1Qu\u00e9 crucero tan grande y chic! Preferir\u00e1s quitarte los zapatos nada m\u00e1s entrar en el barco. Luego, puede subir al piso superior para broncearse. O prep\u00e1rate para la pesca al curric\u00e1n.<\/li>\n<\/ul>\n<h3>Pesca al curric\u00e1n y picnic en el mar<\/h3>\n<ul>\n<li>Una vez que el grupo se re\u00fana, el barco navegar\u00e1 por el Mar Rojo. Para entonces tendr\u00e1s dos opciones: tomar el sol, disfrutar del picnic en el mar o prepararte para la pesca al curric\u00e1n.<\/li>\n<li>Tenga en cuenta que la captura de un pez al curric\u00e1n se realiza mientras el barco navega sobre el mar. Por esta raz\u00f3n, proporcionamos dos ca\u00f1as de curric\u00e1n en la parte trasera del barco.<\/li>\n<\/ul>\n<h3>Pesca en mar abierto<\/h3>\n<ul>\n<li>Posteriormente, su barco fondear\u00e1 en mar abierto. As\u00ed, podr\u00e1s pescar directamente desde su tablero. En este momento, todos pueden ir a pescar.<\/li>\n<li>Por supuesto, repetir\u00e1s esta prueba m\u00e1s de una vez y el cambio se detendr\u00e1.<\/li>\n<li>Despu\u00e9s de la parada de pesca, almorzar\u00e1 en el comedor. Durante el almuerzo, el buffet estar\u00e1 abierto.<\/li>\n<li>Disfrutar\u00e1 nadando y haciendo snorkel en mar abierto justo despu\u00e9s del almuerzo.<\/li>\n<li>M\u00e1s tarde, volver\u00e1 a intentar pescar en otro lugar.<\/li>\n<li>Por \u00faltimo, el barco regresar\u00e1 al puerto.<\/li>\n<\/ul>\n<h3>Volver a casa<\/h3>\n<ul>\n<li>Finalmente, lo acompa\u00f1aremos de regreso desde el puerto a su hotel.<\/li>\n<li>Este viaje de pesca privado en Safaga termina aproximadamente a las 04:30 p.m.<\/li>\n<\/ul>\n<h2>\u00bfQu\u00e9 incluye el precio de un viaje de pesca individual a Safaga?<\/h2>\n<ol>\n<li>Barco privado individual.<\/li>\n<li>Equipo de pesca.<\/li>\n<li>Equipo de snorkel.<\/li>\n<li>Alimentos y bebidas.<\/li>\n<li>Adem\u00e1s, Individual traslado al puerto y regreso al hotel.<\/li>\n<\/ol>\n<h2>\u00bfQu\u00e9 no incluye el Programa de Salida de Pesca Individual Safaga?<\/h2>\n<ul>\n<li>Cuota de entrada (5 USD por persona)<\/li>\n<li>DVD de v\u00eddeo.<\/li>\n<li>Adem\u00e1s, el CD de fotos.<\/li>\n<\/ul>\n<h2>Aqu\u00ed hay una lista de cosas que puede llevar para su viaje<\/h2>\n<ul>\n<li>Toalla.<\/li>\n<li>Adem\u00e1s, protector solar.<\/li>\n<\/ul>\n<h2>Reserva D\u00edas de Pesca Privada Safaga<\/h2>\n<ul>\n<li>Todos los d\u00edas de 08:00 a 17:00.<\/li>\n<\/ul>\n<h2>Servicios presentados durante el viaje de pesca individual en Safaga<\/h2>\n<ul>\n<li><strong>Transporte<\/strong>: Landious Travel utiliza una limusina\/minib\u00fas con aire acondicionado para atenderlo. Un conductor profesional lo acompa\u00f1ar\u00e1 al puerto y a su hotel.<\/li>\n<li><strong>Guiado<\/strong>: un l\u00edder tur\u00edstico ingl\u00e9s profesional lo recoger\u00e1 de sus hoteles y lo acompa\u00f1ar\u00e1 al puerto.<\/li>\n<li><strong>Instalaciones de embarcaciones:<\/strong> nuestras embarcaciones son nuevas de tres pisos. Estos barcos disponen de sal\u00f3n comedor, enfriador de agua, cocina y dos aseos. A bordo, proporcionamos a esos barcos chalecos salvavidas, equipo de snorkel y dos carretes de arrastre en el primer piso. Mientras tanto, el piso del sol\u00e1rium cuenta con c\u00f3modas tumbonas y una carpa.<\/li>\n<li><strong>Equipo y personal:<\/strong> tendr\u00e1s una tripulaci\u00f3n amable y profesional en el barco. Nuestros monitores y formadores te guiar\u00e1n durante el viaje.<\/li>\n<li><strong>Comida<\/strong>: ofrecemos un delicioso almuerzo en el barco, con diferentes platos.<\/li>\n<\/ul>\n","protected":false},"excerpt":{"rendered":"<p>Experimente la mejor aventura de pesca en el Mar Rojo, donde puede pescar y cocinar su propio pescado para disfrutar de un delicioso almuerzo en el barco. Este viaje exclusivo fondear\u00e1 en mar abierto repleto de peces, d\u00e1ndote la oportunidad de nadar con m\u00e1scaras y aletas antes de que termine. \u00a1No te pierdas esta emocionante y deliciosa oportunidad!<\/p>\n","protected":false},"featured_media":134087,"comment_status":"open","ping_status":"closed","template":"","meta":{"_coblocks_attr":"","_coblocks_dimensions":"","_coblocks_responsive_height":"","_coblocks_accordion_ie_support":"","_uag_custom_page_level_css":"","jetpack_publicize_message":"","jetpack_publicize_feature_enabled":true,"jetpack_social_post_already_shared":true,"jetpack_social_options":{"image_generator_settings":{"template":"highway","default_image_id":0,"font":"","enabled":false},"version":2},"_wpas_customize_per_network":false},"product_brand":[],"product_cat":[19604],"product_tag":[1799,1797,1798,1802,1809],"class_list":{"0":"post-142876","1":"product","2":"type-product","3":"status-publish","4":"has-post-thumbnail","6":"product_cat-sin-categorizar","7":"product_tag-snorkel","8":"product_tag-excursion-es","9":"product_tag-mar","10":"product_tag-paseos-en-barco","11":"product_tag-pesca-es","13":"first","14":"instock","15":"sale","16":"taxable","17":"shipping-taxable","18":"purchasable","19":"product-type-variable"},"yoast_head":"<!-- This site is optimized with the Yoast SEO Premium plugin v26.9 (Yoast SEO v27.5) - https:\/\/yoast.com\/product\/yoast-seo-premium-wordpress\/ -->\n<title>Viaje privado de pesca Safaga<\/title>\n<meta name=\"description\" content=\"Viaje privado de pesca Safaga Experimente la mejor aventura de pesca en el Mar Rojo, donde puede pescar y cocinar su propio pescado para disfrutar de un\" \/>\n<meta name=\"robots\" content=\"index, follow, max-snippet:-1, max-image-preview:large, max-video-preview:-1\" \/>\n<link rel=\"canonical\" href=\"https:\/\/landioustravel.com\/es\/shop\/viaje-privado-pesca-safaga\/\" \/>\n<meta property=\"og:locale\" content=\"es_ES\" \/>\n<meta property=\"og:type\" content=\"article\" \/>\n<meta property=\"og:title\" content=\"Viaje privado de pesca Safaga\" \/>\n<meta property=\"og:description\" content=\"Landious Travel\" \/>\n<meta property=\"og:url\" content=\"https:\/\/landioustravel.com\/es\/shop\/viaje-privado-pesca-safaga\/\" \/>\n<meta property=\"og:site_name\" content=\"Landious Travel\" \/>\n<meta property=\"article:publisher\" content=\"https:\/\/web.facebook.com\/landiousEgypt\" \/>\n<meta property=\"article:modified_time\" content=\"2024-04-13T16:48:13+00:00\" \/>\n<meta property=\"og:image\" content=\"https:\/\/i0.wp.com\/landioustravel.com\/wp-content\/uploads\/2022\/12\/Private-Fishing-Trip-Safaga-e1672260684529.jpg?fit=1201%2C674&ssl=1\" \/>\n\t<meta property=\"og:image:width\" content=\"1201\" \/>\n\t<meta property=\"og:image:height\" content=\"674\" \/>\n\t<meta property=\"og:image:type\" content=\"image\/jpeg\" \/>\n<meta name=\"twitter:card\" content=\"summary_large_image\" \/>\n<meta name=\"twitter:site\" content=\"@LandiousTours\" \/>\n<meta name=\"twitter:label1\" content=\"Tiempo de lectura\" \/>\n\t<meta name=\"twitter:data1\" content=\"3 minutos\" \/>\n<script type=\"application\/ld+json\" class=\"yoast-schema-graph\">{\"@context\":\"https:\\\/\\\/schema.org\",\"@graph\":[{\"@type\":\"WebPage\",\"@id\":\"https:\\\/\\\/landioustravel.com\\\/es\\\/shop\\\/viaje-privado-pesca-safaga\\\/\",\"url\":\"https:\\\/\\\/landioustravel.com\\\/es\\\/shop\\\/viaje-privado-pesca-safaga\\\/\",\"name\":\"Viaje privado de pesca Safaga\",\"isPartOf\":{\"@id\":\"https:\\\/\\\/landioustravel.com\\\/es\\\/#website\"},\"primaryImageOfPage\":{\"@id\":\"https:\\\/\\\/landioustravel.com\\\/es\\\/shop\\\/viaje-privado-pesca-safaga\\\/#primaryimage\"},\"image\":{\"@id\":\"https:\\\/\\\/landioustravel.com\\\/es\\\/shop\\\/viaje-privado-pesca-safaga\\\/#primaryimage\"},\"thumbnailUrl\":\"https:\\\/\\\/i0.wp.com\\\/landioustravel.com\\\/wp-content\\\/uploads\\\/2022\\\/12\\\/Private-Fishing-Trip-Safaga-e1672260684529.jpg?fit=1201%2C674&ssl=1\",\"datePublished\":\"2023-05-30T01:11:52+00:00\",\"dateModified\":\"2024-04-13T16:48:13+00:00\",\"description\":\"Viaje privado de pesca Safaga Experimente la mejor aventura de pesca en el Mar Rojo, donde puede pescar y cocinar su propio pescado para disfrutar de un\",\"breadcrumb\":{\"@id\":\"https:\\\/\\\/landioustravel.com\\\/es\\\/shop\\\/viaje-privado-pesca-safaga\\\/#breadcrumb\"},\"inLanguage\":\"es\",\"potentialAction\":[{\"@type\":\"ReadAction\",\"target\":[\"https:\\\/\\\/landioustravel.com\\\/es\\\/shop\\\/viaje-privado-pesca-safaga\\\/\"]}]},{\"@type\":\"ImageObject\",\"inLanguage\":\"es\",\"@id\":\"https:\\\/\\\/landioustravel.com\\\/es\\\/shop\\\/viaje-privado-pesca-safaga\\\/#primaryimage\",\"url\":\"https:\\\/\\\/i0.wp.com\\\/landioustravel.com\\\/wp-content\\\/uploads\\\/2022\\\/12\\\/Private-Fishing-Trip-Safaga-e1672260684529.jpg?fit=1201%2C674&ssl=1\",\"contentUrl\":\"https:\\\/\\\/i0.wp.com\\\/landioustravel.com\\\/wp-content\\\/uploads\\\/2022\\\/12\\\/Private-Fishing-Trip-Safaga-e1672260684529.jpg?fit=1201%2C674&ssl=1\",\"width\":1201,\"height\":674,\"caption\":\"Private Fishing Trip Safaga\"},{\"@type\":\"BreadcrumbList\",\"@id\":\"https:\\\/\\\/landioustravel.com\\\/es\\\/shop\\\/viaje-privado-pesca-safaga\\\/#breadcrumb\",\"itemListElement\":[{\"@type\":\"ListItem\",\"position\":1,\"name\":\"Home\",\"item\":\"https:\\\/\\\/landioustravel.com\\\/es\\\/\"},{\"@type\":\"ListItem\",\"position\":2,\"name\":\"Servicios y Tours\",\"item\":\"https:\\\/\\\/landioustravel.com\\\/es\\\/\"},{\"@type\":\"ListItem\",\"position\":3,\"name\":\"Viaje privado de pesca Safaga\"}]},{\"@type\":\"WebSite\",\"@id\":\"https:\\\/\\\/landioustravel.com\\\/es\\\/#website\",\"url\":\"https:\\\/\\\/landioustravel.com\\\/es\\\/\",\"name\":\"Landious Travel\",\"description\":\"Tours and Excursions in Egypt\",\"publisher\":{\"@id\":\"https:\\\/\\\/landioustravel.com\\\/es\\\/#organization\"},\"potentialAction\":[{\"@type\":\"SearchAction\",\"target\":{\"@type\":\"EntryPoint\",\"urlTemplate\":\"https:\\\/\\\/landioustravel.com\\\/es\\\/?s={search_term_string}\"},\"query-input\":{\"@type\":\"PropertyValueSpecification\",\"valueRequired\":true,\"valueName\":\"search_term_string\"}}],\"inLanguage\":\"es\"},{\"@type\":[\"Organization\",\"Place\"],\"@id\":\"https:\\\/\\\/landioustravel.com\\\/es\\\/#organization\",\"name\":\"Landious Travel\",\"alternateName\":\"Landious Travel\",\"url\":\"https:\\\/\\\/landioustravel.com\\\/es\\\/\",\"logo\":{\"@id\":\"https:\\\/\\\/landioustravel.com\\\/es\\\/shop\\\/viaje-privado-pesca-safaga\\\/#local-main-organization-logo\"},\"image\":{\"@id\":\"https:\\\/\\\/landioustravel.com\\\/es\\\/shop\\\/viaje-privado-pesca-safaga\\\/#local-main-organization-logo\"},\"sameAs\":[\"https:\\\/\\\/web.facebook.com\\\/landiousEgypt\",\"https:\\\/\\\/x.com\\\/LandiousTours\",\"https:\\\/\\\/mastodon.social\\\/@landious\"],\"legalName\":\"Landious Travel\",\"telephone\":[],\"openingHoursSpecification\":[{\"@type\":\"OpeningHoursSpecification\",\"dayOfWeek\":[\"Monday\",\"Tuesday\",\"Wednesday\",\"Thursday\",\"Friday\",\"Saturday\",\"Sunday\"],\"opens\":\"09:00\",\"closes\":\"17:00\"}]},{\"@type\":\"ImageObject\",\"inLanguage\":\"es\",\"@id\":\"https:\\\/\\\/landioustravel.com\\\/es\\\/shop\\\/viaje-privado-pesca-safaga\\\/#local-main-organization-logo\",\"url\":\"https:\\\/\\\/i0.wp.com\\\/landioustravel.com\\\/wp-content\\\/uploads\\\/2021\\\/06\\\/Landious-T.png?fit=500%2C500&ssl=1\",\"contentUrl\":\"https:\\\/\\\/i0.wp.com\\\/landioustravel.com\\\/wp-content\\\/uploads\\\/2021\\\/06\\\/Landious-T.png?fit=500%2C500&ssl=1\",\"width\":500,\"height\":500,\"caption\":\"Landious Travel\"}]}<\/script>\n<!-- \/ Yoast SEO Premium plugin. -->","yoast_head_json":{"title":"Viaje privado de pesca Safaga","description":"Viaje privado de pesca Safaga Experimente la mejor aventura de pesca en el Mar Rojo, donde puede pescar y cocinar su propio pescado para disfrutar de un","robots":{"index":"index","follow":"follow","max-snippet":"max-snippet:-1","max-image-preview":"max-image-preview:large","max-video-preview":"max-video-preview:-1"},"canonical":"https:\/\/landioustravel.com\/es\/shop\/viaje-privado-pesca-safaga\/","og_locale":"es_ES","og_type":"article","og_title":"Viaje privado de pesca Safaga","og_description":"Landious Travel","og_url":"https:\/\/landioustravel.com\/es\/shop\/viaje-privado-pesca-safaga\/","og_site_name":"Landious Travel","article_publisher":"https:\/\/web.facebook.com\/landiousEgypt","article_modified_time":"2024-04-13T16:48:13+00:00","og_image":[{"width":1201,"height":674,"url":"https:\/\/i0.wp.com\/landioustravel.com\/wp-content\/uploads\/2022\/12\/Private-Fishing-Trip-Safaga-e1672260684529.jpg?fit=1201%2C674&ssl=1","type":"image\/jpeg"}],"twitter_card":"summary_large_image","twitter_site":"@LandiousTours","twitter_misc":{"Tiempo de lectura":"3 minutos"},"schema":{"@context":"https:\/\/schema.org","@graph":[{"@type":"WebPage","@id":"https:\/\/landioustravel.com\/es\/shop\/viaje-privado-pesca-safaga\/","url":"https:\/\/landioustravel.com\/es\/shop\/viaje-privado-pesca-safaga\/","name":"Viaje privado de pesca Safaga","isPartOf":{"@id":"https:\/\/landioustravel.com\/es\/#website"},"primaryImageOfPage":{"@id":"https:\/\/landioustravel.com\/es\/shop\/viaje-privado-pesca-safaga\/#primaryimage"},"image":{"@id":"https:\/\/landioustravel.com\/es\/shop\/viaje-privado-pesca-safaga\/#primaryimage"},"thumbnailUrl":"https:\/\/i0.wp.com\/landioustravel.com\/wp-content\/uploads\/2022\/12\/Private-Fishing-Trip-Safaga-e1672260684529.jpg?fit=1201%2C674&ssl=1","datePublished":"2023-05-30T01:11:52+00:00","dateModified":"2024-04-13T16:48:13+00:00","description":"Viaje privado de pesca Safaga Experimente la mejor aventura de pesca en el Mar Rojo, donde puede pescar y cocinar su propio pescado para disfrutar de un","breadcrumb":{"@id":"https:\/\/landioustravel.com\/es\/shop\/viaje-privado-pesca-safaga\/#breadcrumb"},"inLanguage":"es","potentialAction":[{"@type":"ReadAction","target":["https:\/\/landioustravel.com\/es\/shop\/viaje-privado-pesca-safaga\/"]}]},{"@type":"ImageObject","inLanguage":"es","@id":"https:\/\/landioustravel.com\/es\/shop\/viaje-privado-pesca-safaga\/#primaryimage","url":"https:\/\/i0.wp.com\/landioustravel.com\/wp-content\/uploads\/2022\/12\/Private-Fishing-Trip-Safaga-e1672260684529.jpg?fit=1201%2C674&ssl=1","contentUrl":"https:\/\/i0.wp.com\/landioustravel.com\/wp-content\/uploads\/2022\/12\/Private-Fishing-Trip-Safaga-e1672260684529.jpg?fit=1201%2C674&ssl=1","width":1201,"height":674,"caption":"Private Fishing Trip Safaga"},{"@type":"BreadcrumbList","@id":"https:\/\/landioustravel.com\/es\/shop\/viaje-privado-pesca-safaga\/#breadcrumb","itemListElement":[{"@type":"ListItem","position":1,"name":"Home","item":"https:\/\/landioustravel.com\/es\/"},{"@type":"ListItem","position":2,"name":"Servicios y Tours","item":"https:\/\/landioustravel.com\/es\/"},{"@type":"ListItem","position":3,"name":"Viaje privado de pesca Safaga"}]},{"@type":"WebSite","@id":"https:\/\/landioustravel.com\/es\/#website","url":"https:\/\/landioustravel.com\/es\/","name":"Landious Travel","description":"Tours and Excursions in Egypt","publisher":{"@id":"https:\/\/landioustravel.com\/es\/#organization"},"potentialAction":[{"@type":"SearchAction","target":{"@type":"EntryPoint","urlTemplate":"https:\/\/landioustravel.com\/es\/?s={search_term_string}"},"query-input":{"@type":"PropertyValueSpecification","valueRequired":true,"valueName":"search_term_string"}}],"inLanguage":"es"},{"@type":["Organization","Place"],"@id":"https:\/\/landioustravel.com\/es\/#organization","name":"Landious Travel","alternateName":"Landious Travel","url":"https:\/\/landioustravel.com\/es\/","logo":{"@id":"https:\/\/landioustravel.com\/es\/shop\/viaje-privado-pesca-safaga\/#local-main-organization-logo"},"image":{"@id":"https:\/\/landioustravel.com\/es\/shop\/viaje-privado-pesca-safaga\/#local-main-organization-logo"},"sameAs":["https:\/\/web.facebook.com\/landiousEgypt","https:\/\/x.com\/LandiousTours","https:\/\/mastodon.social\/@landious"],"legalName":"Landious Travel","telephone":[],"openingHoursSpecification":[{"@type":"OpeningHoursSpecification","dayOfWeek":["Monday","Tuesday","Wednesday","Thursday","Friday","Saturday","Sunday"],"opens":"09:00","closes":"17:00"}]},{"@type":"ImageObject","inLanguage":"es","@id":"https:\/\/landioustravel.com\/es\/shop\/viaje-privado-pesca-safaga\/#local-main-organization-logo","url":"https:\/\/i0.wp.com\/landioustravel.com\/wp-content\/uploads\/2021\/06\/Landious-T.png?fit=500%2C500&ssl=1","contentUrl":"https:\/\/i0.wp.com\/landioustravel.com\/wp-content\/uploads\/2021\/06\/Landious-T.png?fit=500%2C500&ssl=1","width":500,"height":500,"caption":"Landious Travel"}]}},"jetpack_publicize_connections":[],"uagb_featured_image_src":{"full":["https:\/\/i0.wp.com\/landioustravel.com\/wp-content\/uploads\/2022\/12\/Private-Fishing-Trip-Safaga-e1672260684529.jpg?fit=1201%2C674&ssl=1",1201,674,false],"thumbnail":["https:\/\/i0.wp.com\/landioustravel.com\/wp-content\/uploads\/2022\/12\/Private-Fishing-Trip-Safaga-e1672260684529.jpg?resize=150%2C150&ssl=1",150,150,true],"medium":["https:\/\/i0.wp.com\/landioustravel.com\/wp-content\/uploads\/2022\/12\/Private-Fishing-Trip-Safaga-e1672260684529.jpg?fit=300%2C168&ssl=1",300,168,true],"medium_large":["https:\/\/i0.wp.com\/landioustravel.com\/wp-content\/uploads\/2022\/12\/Private-Fishing-Trip-Safaga-e1672260684529.jpg?fit=768%2C431&ssl=1",768,431,true],"large":["https:\/\/i0.wp.com\/landioustravel.com\/wp-content\/uploads\/2022\/12\/Private-Fishing-Trip-Safaga-e1672260684529.jpg?fit=980%2C550&ssl=1",980,550,true],"1536x1536":["https:\/\/i0.wp.com\/landioustravel.com\/wp-content\/uploads\/2022\/12\/Private-Fishing-Trip-Safaga-e1672260684529.jpg?fit=1536%2C773&ssl=1",1536,773,true],"2048x2048":["https:\/\/i0.wp.com\/landioustravel.com\/wp-content\/uploads\/2022\/12\/Private-Fishing-Trip-Safaga-e1672260684529.jpg?fit=1201%2C674&ssl=1",1201,674,true],"newspack-article-block-landscape-large":["https:\/\/i0.wp.com\/landioustravel.com\/wp-content\/uploads\/2022\/12\/Private-Fishing-Trip-Safaga-e1672260684529.jpg?resize=1200%2C673&ssl=1",1200,673,true],"newspack-article-block-portrait-large":["https:\/\/i0.wp.com\/landioustravel.com\/wp-content\/uploads\/2022\/12\/Private-Fishing-Trip-Safaga-e1672260684529.jpg?resize=900%2C674&ssl=1",900,674,true],"newspack-article-block-square-large":["https:\/\/i0.wp.com\/landioustravel.com\/wp-content\/uploads\/2022\/12\/Private-Fishing-Trip-Safaga-e1672260684529.jpg?resize=1200%2C673&ssl=1",1200,673,true],"newspack-article-block-landscape-medium":["https:\/\/i0.wp.com\/landioustravel.com\/wp-content\/uploads\/2022\/12\/Private-Fishing-Trip-Safaga-e1672260684529.jpg?resize=800%2C600&ssl=1",800,600,true],"newspack-article-block-portrait-medium":["https:\/\/i0.wp.com\/landioustravel.com\/wp-content\/uploads\/2022\/12\/Private-Fishing-Trip-Safaga-e1672260684529.jpg?resize=600%2C674&ssl=1",600,674,true],"newspack-article-block-square-medium":["https:\/\/i0.wp.com\/landioustravel.com\/wp-content\/uploads\/2022\/12\/Private-Fishing-Trip-Safaga-e1672260684529.jpg?resize=800%2C674&ssl=1",800,674,true],"newspack-article-block-landscape-intermediate":["https:\/\/i0.wp.com\/landioustravel.com\/wp-content\/uploads\/2022\/12\/Private-Fishing-Trip-Safaga-e1672260684529.jpg?resize=600%2C450&ssl=1",600,450,true],"newspack-article-block-portrait-intermediate":["https:\/\/i0.wp.com\/landioustravel.com\/wp-content\/uploads\/2022\/12\/Private-Fishing-Trip-Safaga-e1672260684529.jpg?resize=450%2C600&ssl=1",450,600,true],"newspack-article-block-square-intermediate":["https:\/\/i0.wp.com\/landioustravel.com\/wp-content\/uploads\/2022\/12\/Private-Fishing-Trip-Safaga-e1672260684529.jpg?resize=600%2C600&ssl=1",600,600,true],"newspack-article-block-landscape-small":["https:\/\/i0.wp.com\/landioustravel.com\/wp-content\/uploads\/2022\/12\/Private-Fishing-Trip-Safaga-e1672260684529.jpg?resize=400%2C300&ssl=1",400,300,true],"newspack-article-block-portrait-small":["https:\/\/i0.wp.com\/landioustravel.com\/wp-content\/uploads\/2022\/12\/Private-Fishing-Trip-Safaga-e1672260684529.jpg?resize=300%2C400&ssl=1",300,400,true],"newspack-article-block-square-small":["https:\/\/i0.wp.com\/landioustravel.com\/wp-content\/uploads\/2022\/12\/Private-Fishing-Trip-Safaga-e1672260684529.jpg?resize=400%2C400&ssl=1",400,400,true],"newspack-article-block-landscape-tiny":["https:\/\/i0.wp.com\/landioustravel.com\/wp-content\/uploads\/2022\/12\/Private-Fishing-Trip-Safaga-e1672260684529.jpg?resize=200%2C150&ssl=1",200,150,true],"newspack-article-block-portrait-tiny":["https:\/\/i0.wp.com\/landioustravel.com\/wp-content\/uploads\/2022\/12\/Private-Fishing-Trip-Safaga-e1672260684529.jpg?resize=150%2C200&ssl=1",150,200,true],"newspack-article-block-square-tiny":["https:\/\/i0.wp.com\/landioustravel.com\/wp-content\/uploads\/2022\/12\/Private-Fishing-Trip-Safaga-e1672260684529.jpg?resize=200%2C200&ssl=1",200,200,true],"newspack-article-block-uncropped":["https:\/\/i0.wp.com\/landioustravel.com\/wp-content\/uploads\/2022\/12\/Private-Fishing-Trip-Safaga-e1672260684529.jpg?fit=1200%2C673&ssl=1",1200,673,true],"woocommerce_thumbnail":["https:\/\/i0.wp.com\/landioustravel.com\/wp-content\/uploads\/2022\/12\/Private-Fishing-Trip-Safaga-e1672260684529.jpg?resize=324%2C324&ssl=1",324,324,true],"woocommerce_single":["https:\/\/i0.wp.com\/landioustravel.com\/wp-content\/uploads\/2022\/12\/Private-Fishing-Trip-Safaga-e1672260684529.jpg?fit=416%2C233&ssl=1",416,233,true],"woocommerce_gallery_thumbnail":["https:\/\/i0.wp.com\/landioustravel.com\/wp-content\/uploads\/2022\/12\/Private-Fishing-Trip-Safaga-e1672260684529.jpg?resize=100%2C100&ssl=1",100,100,true]},"uagb_author_info":{"display_name":"Mofreh Landious","author_link":"https:\/\/landioustravel.com\/es\/author\/"},"uagb_comment_info":0,"uagb_excerpt":"Experimente la mejor aventura de pesca en el Mar Rojo, donde puede pescar y cocinar su propio pescado para disfrutar de un delicioso almuerzo en el barco. Este viaje exclusivo fondear\u00e1 en mar abierto repleto de peces, d\u00e1ndote la oportunidad de nadar con m\u00e1scaras y aletas antes de que termine. \u00a1No te pierdas esta emocionante&hellip;","jetpack_sharing_enabled":true,"jetpack_likes_enabled":true,"amp_enabled":true,"_links":{"self":[{"href":"https:\/\/landioustravel.com\/es\/wp-json\/wp\/v2\/product\/142876","targetHints":{"allow":["GET"]}}],"collection":[{"href":"https:\/\/landioustravel.com\/es\/wp-json\/wp\/v2\/product"}],"about":[{"href":"https:\/\/landioustravel.com\/es\/wp-json\/wp\/v2\/types\/product"}],"replies":[{"embeddable":true,"href":"https:\/\/landioustravel.com\/es\/wp-json\/wp\/v2\/comments?post=142876"}],"wp:featuredmedia":[{"embeddable":true,"href":"https:\/\/landioustravel.com\/es\/wp-json\/wp\/v2\/media\/134087"}],"wp:attachment":[{"href":"https:\/\/landioustravel.com\/es\/wp-json\/wp\/v2\/media?parent=142876"}],"wp:term":[{"taxonomy":"product_brand","embeddable":true,"href":"https:\/\/landioustravel.com\/es\/wp-json\/wp\/v2\/product_brand?post=142876"},{"taxonomy":"product_cat","embeddable":true,"href":"https:\/\/landioustravel.com\/es\/wp-json\/wp\/v2\/product_cat?post=142876"},{"taxonomy":"product_tag","embeddable":true,"href":"https:\/\/landioustravel.com\/es\/wp-json\/wp\/v2\/product_tag?post=142876"}],"curies":[{"name":"wp","href":"https:\/\/api.w.org\/{rel}","templated":true}]}}