{"id":142891,"date":"2022-12-28T20:15:38","date_gmt":"2023-05-28T23:40:40","guid":{"rendered":"https:\/\/landioustravel.com\/?post_type=product&#038;p=142891"},"modified":"2023-06-18T01:43:30","modified_gmt":"2023-06-17T23:43:30","slug":"viaje-playa-abu-dabbab-safaga","status":"publish","type":"product","link":"https:\/\/landioustravel.com\/es\/shop\/viaje-playa-abu-dabbab-safaga\/","title":{"rendered":"Viaje a la playa de Abu Dabbab Safaga"},"content":{"rendered":"<p>\u00a1Explore las maravillas del mar con el viaje a la playa de Abu Dabbab desde Safaga, Egipto! Esta emocionante aventura promete brindarle un momento memorable mientras se sumerge en aguas cristalinas y es testigo de la impresionante belleza de los arrecifes de coral y una variedad de peces. Prep\u00e1rese para sorprenderse con las tortugas marinas y las \u00abvacas marinas\u00bb de los dugongos que solo se encuentran en este excelente lugar para bucear alrededor de Marsa Alam. Adem\u00e1s, su gu\u00eda facilitar\u00e1 el snorkeling, brind\u00e1ndole todo el equipo que necesita y mostrando los conceptos b\u00e1sicos a los ni\u00f1os y a los nuevos buceadores. \u00a1Haz que tu viaje a Safaga sea inolvidable con el viaje a la playa de Abu Dabbab!<\/p>\n<h2>Aspectos destacados de la excursi\u00f3n a la playa de Abu Dabbab desde Safaga<\/h2>\n<ul>\n<li>Nadar en mar abierto desde la playa de Abu Dabab.<\/li>\n<li>Snorkel con m\u00e1scaras y aletas en mar abierto.<\/li>\n<li>Adem\u00e1s, almorzar en la playa.<\/li>\n<\/ul>\n<h2>Programa del Full Day Snorkeling a Abu Dabbab<\/h2>\n<ul>\n<li>El representante de Landious Travel lo recoger\u00e1 de los hoteles de Safaga aproximadamente a las 08:00 a.m.<\/li>\n<li>Despu\u00e9s de recoger a todos los interesados, el autob\u00fas se dirige a la playa de Abu Dabbab, en la ciudad de Marsa Alam. El camino a la playa de Abu Dabbab toma aproximadamente 2 horas.<\/li>\n<li>Luego viene tu pr\u00f3xima parada. Esta parada ser\u00e1 en la playa de ensue\u00f1o de Abu Dabab. Esta playa cuenta con todas las instalaciones: sombrillas, tumbonas, un restaurante, un snack bar y ba\u00f1os.<\/li>\n<li>En la playa de Abu Dabab, pasar\u00e1s 5 horas. Por lo tanto, tendr\u00e1 tiempo suficiente para nadar, disfrutar del sol y tomar hermosas fotograf\u00edas.<\/li>\n<li>El restaurante abre sus puertas en la playa. Permite a nuestros hu\u00e9spedes disfrutar de un buffet libre con un rico men\u00fa.<\/li>\n<li>Finalmente, despu\u00e9s de un fant\u00e1stico viaje por mar en la playa de Abu Dabab, nuestro autob\u00fas sale hacia Safaga.<\/li>\n<li>Este viaje a la playa de Abu Dabab Beach desde Safaga finaliza aproximadamente a las 16:00.<\/li>\n<\/ul>\n<h2>\u00bfQu\u00e9 incluye el precio de Abu Dabab Beach Safaga?<\/h2>\n<ul>\n<li>Almuerzo.<\/li>\n<li>Adem\u00e1s, traslado a la playa de Abu Dabab y regreso al hotel.<\/li>\n<\/ul>\n<h2>\u00bfQu\u00e9 no incluye el Programa de Abu Dabab Beach desde Safaga?<\/h2>\n<ol>\n<li>M\u00e1scaras y aletas.<\/li>\n<li>Bebidas.<\/li>\n<li>DVD de v\u00eddeo.<\/li>\n<li>Adem\u00e1s, el CD de fotos.<\/li>\n<\/ol>\n<h2>Aqu\u00ed hay una lista de cosas que necesitar\u00e1 traer para su viaje a Abu Dabab<\/h2>\n<ul>\n<li>Equipo de snorkel.<\/li>\n<li>Toalla.<\/li>\n<li>Adem\u00e1s, protector solar.<\/li>\n<\/ul>\n<h2>Excursi\u00f3n a la playa de Abu Dabab desde Safaga D\u00edas de reserva<\/h2>\n<ul>\n<li>Todos los d\u00edas de 08:00 a 17:00.<\/li>\n<\/ul>\n<h2>Servicios presentados durante el Tour a la playa de Abu Dabbab desde Safaga<\/h2>\n<ul>\n<li><strong>Transporte<\/strong>: Landious Travel utiliza una limusina\/minib\u00fas con aire acondicionado para atenderlo. Un conductor profesional lo acompa\u00f1ar\u00e1 al puerto y a su hotel.<\/li>\n<li><strong>Guiado<\/strong>: un l\u00edder tur\u00edstico ingl\u00e9s profesional lo recoger\u00e1 de sus hoteles y lo acompa\u00f1ar\u00e1 al puerto.<\/li>\n<li>I<strong>nstalaciones de la playa<\/strong>: La playa es de arena. Cuenta con c\u00f3modas tumbonas y una carpa. Adem\u00e1s, hay un restaurante al aire libre.<\/li>\n<li><strong>Equipo y personal<\/strong>: tendr\u00e1s una tripulaci\u00f3n amable y profesional en el barco. Nuestros monitores y formadores te guiar\u00e1n durante el viaje.<\/li>\n<li><strong>Comida<\/strong>: presentamos un almuerzo de calidad en el barco, con diferentes platos.<\/li>\n<\/ul>\n","protected":false},"excerpt":{"rendered":"<p>Si est\u00e1 buscando una experiencia celestial, simplemente debe hacer un viaje por mar desde Safaga hasta la playa de Abu Dabab. Las arenas doradas son el lugar perfecto para tomar el sol y capturar fotos impresionantes. Adem\u00e1s, tendr\u00e1s la oportunidad de nadar junto a las tortugas: \u00a1es una experiencia realmente m\u00e1gica! Y cuando se trata de la hora del almuerzo, el restaurante de la playa tiene un men\u00fa variado que seguramente deleitar\u00e1 su paladar. Te obsequiar\u00e1n con un delicioso almuerzo buffet libre, dej\u00e1ndote totalmente satisfecho.<\/p>\n<p>La excursi\u00f3n a las Tortugas de Abu Dabbab desde Safaga es imprescindible. Esta bah\u00eda tambi\u00e9n se conoce como \u00abTortuga Bay\u00bb, y es uno de los lugares m\u00e1s famosos de la zona. Te dejar\u00e1s llevar por la belleza de la playa de arena de suave pendiente de Abu Dabbab y podr\u00e1s observar las tortugas gigantes que viven all\u00ed en su h\u00e1bitat natural.<\/p>\n<p>\u00bfY la mejor parte? Podr\u00e1 disfrutar de una estad\u00eda gratuita con snorkel y nataci\u00f3n en la playa de Abu Dabbab. \u00a1No olvides traer tu ba\u00f1ador, toalla, gafas de sol y crema solar! Es una oportunidad \u00fanica de presenciar a las tortugas viviendo en libertad, y las aguas cristalinas de la bah\u00eda de Abu Dabbab son simplemente impresionantes.<\/p>\n<p>Nuestro transfer lo recoger\u00e1 de Safaga y lo llevar\u00e1 directamente a Abu Dabbab. Es un viaje de tres horas, pero conf\u00ede en nosotros, \u00a1vale la pena! Abu Dabbab es uno de los sitios de buceo m\u00e1s famosos del Mar Rojo, y es uno de los pocos lugares en el mundo donde puedes bucear con el dugongo, tambi\u00e9n conocido como vaca marina, muy raro y en peligro de extinci\u00f3n. La playa es suave y acogedora, y el mar alberga innumerables especies de peces y corales con colores deslumbrantes. Con un poco de suerte, incluso podr\u00edas ver un manat\u00ed vivo (dugong) o una raya guitarra. La bah\u00eda de suave pendiente es perfecta para practicar esn\u00f3rquel, y puede recargar las pilas con un almuerzo en el buffet.<\/p>\n<p>Abu Dabbab es un lugar donde puedes perderte en la belleza natural del mundo, donde puedes conectarte con el oc\u00e9ano y todas sus maravillas. Es un lugar que capturar\u00e1 tu coraz\u00f3n y te dejar\u00e1 recuerdos para atesorar para siempre.<\/p>\n","protected":false},"featured_media":142511,"comment_status":"open","ping_status":"closed","template":"","meta":{"_coblocks_attr":"","_coblocks_dimensions":"","_coblocks_responsive_height":"","_coblocks_accordion_ie_support":"","_uag_custom_page_level_css":"","jetpack_post_was_ever_published":false,"jetpack_publicize_message":"","jetpack_publicize_feature_enabled":true,"jetpack_social_post_already_shared":true,"jetpack_social_options":{"image_generator_settings":{"template":"highway","default_image_id":0,"font":"","enabled":false},"version":2},"_wpas_customize_per_network":false},"product_brand":[],"product_cat":[1449],"product_tag":[1799,1797,1798,1802],"class_list":{"0":"post-142891","1":"product","2":"type-product","3":"status-publish","4":"has-post-thumbnail","6":"product_cat-uncategorized","7":"product_tag-snorkel","8":"product_tag-excursion-es","9":"product_tag-mar","10":"product_tag-paseos-en-barco","12":"first","13":"instock","14":"sale","15":"taxable","16":"shipping-taxable","17":"purchasable","18":"product-type-variable"},"yoast_head":"<!-- This site is optimized with the Yoast SEO Premium plugin v26.9 (Yoast SEO v27.3) - https:\/\/yoast.com\/product\/yoast-seo-premium-wordpress\/ -->\n<title>Viaje a la playa de Abu Dabbab Safaga<\/title>\n<meta name=\"description\" content=\"Viaje a la playa de Abu Dabbab Safaga tendr\u00e1 un d\u00eda completo para tomar el sol en las arenas doradas, nadar junto a las tortugas y capturar fotos\" \/>\n<meta name=\"robots\" content=\"index, follow, max-snippet:-1, max-image-preview:large, max-video-preview:-1\" \/>\n<link rel=\"canonical\" href=\"https:\/\/landioustravel.com\/es\/shop\/viaje-playa-abu-dabbab-safaga\/\" \/>\n<meta property=\"og:locale\" content=\"es_ES\" \/>\n<meta property=\"og:type\" content=\"article\" \/>\n<meta property=\"og:title\" content=\"Viaje a la playa de Abu Dabbab Safaga\" \/>\n<meta property=\"og:description\" content=\"Landious Travel\" \/>\n<meta property=\"og:url\" content=\"https:\/\/landioustravel.com\/es\/shop\/viaje-playa-abu-dabbab-safaga\/\" \/>\n<meta property=\"og:site_name\" content=\"Landious Travel\" \/>\n<meta property=\"article:publisher\" content=\"https:\/\/web.facebook.com\/landiousEgypt\" \/>\n<meta property=\"article:modified_time\" content=\"2023-06-17T23:43:30+00:00\" \/>\n<meta property=\"og:image\" content=\"https:\/\/i0.wp.com\/landioustravel.com\/wp-content\/uploads\/2022\/12\/Abu-Dabbab-Beach-Trip-Safaga-e1672250632999.jpg?fit=1200%2C675&ssl=1\" \/>\n\t<meta property=\"og:image:width\" content=\"1200\" \/>\n\t<meta property=\"og:image:height\" content=\"675\" \/>\n\t<meta property=\"og:image:type\" content=\"image\/jpeg\" \/>\n<meta name=\"twitter:card\" content=\"summary_large_image\" \/>\n<meta name=\"twitter:site\" content=\"@LandiousTours\" \/>\n<meta name=\"twitter:label1\" content=\"Tiempo de lectura\" \/>\n\t<meta name=\"twitter:data1\" content=\"3 minutos\" \/>\n<script type=\"application\/ld+json\" class=\"yoast-schema-graph\">{\"@context\":\"https:\\\/\\\/schema.org\",\"@graph\":[{\"@type\":\"WebPage\",\"@id\":\"https:\\\/\\\/landioustravel.com\\\/es\\\/shop\\\/viaje-playa-abu-dabbab-safaga\\\/\",\"url\":\"https:\\\/\\\/landioustravel.com\\\/es\\\/shop\\\/viaje-playa-abu-dabbab-safaga\\\/\",\"name\":\"Viaje a la playa de Abu Dabbab Safaga\",\"isPartOf\":{\"@id\":\"https:\\\/\\\/landioustravel.com\\\/es\\\/#website\"},\"primaryImageOfPage\":{\"@id\":\"https:\\\/\\\/landioustravel.com\\\/es\\\/shop\\\/viaje-playa-abu-dabbab-safaga\\\/#primaryimage\"},\"image\":{\"@id\":\"https:\\\/\\\/landioustravel.com\\\/es\\\/shop\\\/viaje-playa-abu-dabbab-safaga\\\/#primaryimage\"},\"thumbnailUrl\":\"https:\\\/\\\/i0.wp.com\\\/landioustravel.com\\\/wp-content\\\/uploads\\\/2022\\\/12\\\/Abu-Dabbab-Beach-Trip-Safaga-e1672250632999.jpg?fit=1200%2C675&ssl=1\",\"datePublished\":\"2023-05-28T23:40:40+00:00\",\"dateModified\":\"2023-06-17T23:43:30+00:00\",\"description\":\"Viaje a la playa de Abu Dabbab Safaga tendr\u00e1 un d\u00eda completo para tomar el sol en las arenas doradas, nadar junto a las tortugas y capturar fotos\",\"breadcrumb\":{\"@id\":\"https:\\\/\\\/landioustravel.com\\\/es\\\/shop\\\/viaje-playa-abu-dabbab-safaga\\\/#breadcrumb\"},\"inLanguage\":\"es\",\"potentialAction\":[{\"@type\":\"ReadAction\",\"target\":[\"https:\\\/\\\/landioustravel.com\\\/es\\\/shop\\\/viaje-playa-abu-dabbab-safaga\\\/\"]}]},{\"@type\":\"ImageObject\",\"inLanguage\":\"es\",\"@id\":\"https:\\\/\\\/landioustravel.com\\\/es\\\/shop\\\/viaje-playa-abu-dabbab-safaga\\\/#primaryimage\",\"url\":\"https:\\\/\\\/i0.wp.com\\\/landioustravel.com\\\/wp-content\\\/uploads\\\/2022\\\/12\\\/Abu-Dabbab-Beach-Trip-Safaga-e1672250632999.jpg?fit=1200%2C675&ssl=1\",\"contentUrl\":\"https:\\\/\\\/i0.wp.com\\\/landioustravel.com\\\/wp-content\\\/uploads\\\/2022\\\/12\\\/Abu-Dabbab-Beach-Trip-Safaga-e1672250632999.jpg?fit=1200%2C675&ssl=1\",\"width\":1200,\"height\":675,\"caption\":\"Abu Dabbab Beach Trip Safaga\"},{\"@type\":\"BreadcrumbList\",\"@id\":\"https:\\\/\\\/landioustravel.com\\\/es\\\/shop\\\/viaje-playa-abu-dabbab-safaga\\\/#breadcrumb\",\"itemListElement\":[{\"@type\":\"ListItem\",\"position\":1,\"name\":\"Home\",\"item\":\"https:\\\/\\\/landioustravel.com\\\/es\\\/\"},{\"@type\":\"ListItem\",\"position\":2,\"name\":\"Servicios y Tours\",\"item\":\"https:\\\/\\\/landioustravel.com\\\/es\\\/\"},{\"@type\":\"ListItem\",\"position\":3,\"name\":\"Viaje a la playa de Abu Dabbab Safaga\"}]},{\"@type\":\"WebSite\",\"@id\":\"https:\\\/\\\/landioustravel.com\\\/es\\\/#website\",\"url\":\"https:\\\/\\\/landioustravel.com\\\/es\\\/\",\"name\":\"Landious Travel\",\"description\":\"Tours and Excursions in Egypt\",\"publisher\":{\"@id\":\"https:\\\/\\\/landioustravel.com\\\/es\\\/#organization\"},\"potentialAction\":[{\"@type\":\"SearchAction\",\"target\":{\"@type\":\"EntryPoint\",\"urlTemplate\":\"https:\\\/\\\/landioustravel.com\\\/es\\\/?s={search_term_string}\"},\"query-input\":{\"@type\":\"PropertyValueSpecification\",\"valueRequired\":true,\"valueName\":\"search_term_string\"}}],\"inLanguage\":\"es\"},{\"@type\":[\"Organization\",\"Place\"],\"@id\":\"https:\\\/\\\/landioustravel.com\\\/es\\\/#organization\",\"name\":\"Landious Travel\",\"alternateName\":\"Landious Travel\",\"url\":\"https:\\\/\\\/landioustravel.com\\\/es\\\/\",\"logo\":{\"@id\":\"https:\\\/\\\/landioustravel.com\\\/es\\\/shop\\\/viaje-playa-abu-dabbab-safaga\\\/#local-main-organization-logo\"},\"image\":{\"@id\":\"https:\\\/\\\/landioustravel.com\\\/es\\\/shop\\\/viaje-playa-abu-dabbab-safaga\\\/#local-main-organization-logo\"},\"sameAs\":[\"https:\\\/\\\/web.facebook.com\\\/landiousEgypt\",\"https:\\\/\\\/x.com\\\/LandiousTours\",\"https:\\\/\\\/mastodon.social\\\/@landious\"],\"legalName\":\"Landious Travel\",\"telephone\":[],\"openingHoursSpecification\":[{\"@type\":\"OpeningHoursSpecification\",\"dayOfWeek\":[\"Monday\",\"Tuesday\",\"Wednesday\",\"Thursday\",\"Friday\",\"Saturday\",\"Sunday\"],\"opens\":\"09:00\",\"closes\":\"17:00\"}]},{\"@type\":\"ImageObject\",\"inLanguage\":\"es\",\"@id\":\"https:\\\/\\\/landioustravel.com\\\/es\\\/shop\\\/viaje-playa-abu-dabbab-safaga\\\/#local-main-organization-logo\",\"url\":\"https:\\\/\\\/i0.wp.com\\\/landioustravel.com\\\/wp-content\\\/uploads\\\/2021\\\/06\\\/Landious-T.png?fit=500%2C500&ssl=1\",\"contentUrl\":\"https:\\\/\\\/i0.wp.com\\\/landioustravel.com\\\/wp-content\\\/uploads\\\/2021\\\/06\\\/Landious-T.png?fit=500%2C500&ssl=1\",\"width\":500,\"height\":500,\"caption\":\"Landious Travel\"}]}<\/script>\n<!-- \/ Yoast SEO Premium plugin. -->","yoast_head_json":{"title":"Viaje a la playa de Abu Dabbab Safaga","description":"Viaje a la playa de Abu Dabbab Safaga tendr\u00e1 un d\u00eda completo para tomar el sol en las arenas doradas, nadar junto a las tortugas y capturar fotos","robots":{"index":"index","follow":"follow","max-snippet":"max-snippet:-1","max-image-preview":"max-image-preview:large","max-video-preview":"max-video-preview:-1"},"canonical":"https:\/\/landioustravel.com\/es\/shop\/viaje-playa-abu-dabbab-safaga\/","og_locale":"es_ES","og_type":"article","og_title":"Viaje a la playa de Abu Dabbab Safaga","og_description":"Landious Travel","og_url":"https:\/\/landioustravel.com\/es\/shop\/viaje-playa-abu-dabbab-safaga\/","og_site_name":"Landious Travel","article_publisher":"https:\/\/web.facebook.com\/landiousEgypt","article_modified_time":"2023-06-17T23:43:30+00:00","og_image":[{"width":1200,"height":675,"url":"https:\/\/i0.wp.com\/landioustravel.com\/wp-content\/uploads\/2022\/12\/Abu-Dabbab-Beach-Trip-Safaga-e1672250632999.jpg?fit=1200%2C675&ssl=1","type":"image\/jpeg"}],"twitter_card":"summary_large_image","twitter_site":"@LandiousTours","twitter_misc":{"Tiempo de lectura":"3 minutos"},"schema":{"@context":"https:\/\/schema.org","@graph":[{"@type":"WebPage","@id":"https:\/\/landioustravel.com\/es\/shop\/viaje-playa-abu-dabbab-safaga\/","url":"https:\/\/landioustravel.com\/es\/shop\/viaje-playa-abu-dabbab-safaga\/","name":"Viaje a la playa de Abu Dabbab Safaga","isPartOf":{"@id":"https:\/\/landioustravel.com\/es\/#website"},"primaryImageOfPage":{"@id":"https:\/\/landioustravel.com\/es\/shop\/viaje-playa-abu-dabbab-safaga\/#primaryimage"},"image":{"@id":"https:\/\/landioustravel.com\/es\/shop\/viaje-playa-abu-dabbab-safaga\/#primaryimage"},"thumbnailUrl":"https:\/\/i0.wp.com\/landioustravel.com\/wp-content\/uploads\/2022\/12\/Abu-Dabbab-Beach-Trip-Safaga-e1672250632999.jpg?fit=1200%2C675&ssl=1","datePublished":"2023-05-28T23:40:40+00:00","dateModified":"2023-06-17T23:43:30+00:00","description":"Viaje a la playa de Abu Dabbab Safaga tendr\u00e1 un d\u00eda completo para tomar el sol en las arenas doradas, nadar junto a las tortugas y capturar fotos","breadcrumb":{"@id":"https:\/\/landioustravel.com\/es\/shop\/viaje-playa-abu-dabbab-safaga\/#breadcrumb"},"inLanguage":"es","potentialAction":[{"@type":"ReadAction","target":["https:\/\/landioustravel.com\/es\/shop\/viaje-playa-abu-dabbab-safaga\/"]}]},{"@type":"ImageObject","inLanguage":"es","@id":"https:\/\/landioustravel.com\/es\/shop\/viaje-playa-abu-dabbab-safaga\/#primaryimage","url":"https:\/\/i0.wp.com\/landioustravel.com\/wp-content\/uploads\/2022\/12\/Abu-Dabbab-Beach-Trip-Safaga-e1672250632999.jpg?fit=1200%2C675&ssl=1","contentUrl":"https:\/\/i0.wp.com\/landioustravel.com\/wp-content\/uploads\/2022\/12\/Abu-Dabbab-Beach-Trip-Safaga-e1672250632999.jpg?fit=1200%2C675&ssl=1","width":1200,"height":675,"caption":"Abu Dabbab Beach Trip Safaga"},{"@type":"BreadcrumbList","@id":"https:\/\/landioustravel.com\/es\/shop\/viaje-playa-abu-dabbab-safaga\/#breadcrumb","itemListElement":[{"@type":"ListItem","position":1,"name":"Home","item":"https:\/\/landioustravel.com\/es\/"},{"@type":"ListItem","position":2,"name":"Servicios y Tours","item":"https:\/\/landioustravel.com\/es\/"},{"@type":"ListItem","position":3,"name":"Viaje a la playa de Abu Dabbab Safaga"}]},{"@type":"WebSite","@id":"https:\/\/landioustravel.com\/es\/#website","url":"https:\/\/landioustravel.com\/es\/","name":"Landious Travel","description":"Tours and Excursions in Egypt","publisher":{"@id":"https:\/\/landioustravel.com\/es\/#organization"},"potentialAction":[{"@type":"SearchAction","target":{"@type":"EntryPoint","urlTemplate":"https:\/\/landioustravel.com\/es\/?s={search_term_string}"},"query-input":{"@type":"PropertyValueSpecification","valueRequired":true,"valueName":"search_term_string"}}],"inLanguage":"es"},{"@type":["Organization","Place"],"@id":"https:\/\/landioustravel.com\/es\/#organization","name":"Landious Travel","alternateName":"Landious Travel","url":"https:\/\/landioustravel.com\/es\/","logo":{"@id":"https:\/\/landioustravel.com\/es\/shop\/viaje-playa-abu-dabbab-safaga\/#local-main-organization-logo"},"image":{"@id":"https:\/\/landioustravel.com\/es\/shop\/viaje-playa-abu-dabbab-safaga\/#local-main-organization-logo"},"sameAs":["https:\/\/web.facebook.com\/landiousEgypt","https:\/\/x.com\/LandiousTours","https:\/\/mastodon.social\/@landious"],"legalName":"Landious Travel","telephone":[],"openingHoursSpecification":[{"@type":"OpeningHoursSpecification","dayOfWeek":["Monday","Tuesday","Wednesday","Thursday","Friday","Saturday","Sunday"],"opens":"09:00","closes":"17:00"}]},{"@type":"ImageObject","inLanguage":"es","@id":"https:\/\/landioustravel.com\/es\/shop\/viaje-playa-abu-dabbab-safaga\/#local-main-organization-logo","url":"https:\/\/i0.wp.com\/landioustravel.com\/wp-content\/uploads\/2021\/06\/Landious-T.png?fit=500%2C500&ssl=1","contentUrl":"https:\/\/i0.wp.com\/landioustravel.com\/wp-content\/uploads\/2021\/06\/Landious-T.png?fit=500%2C500&ssl=1","width":500,"height":500,"caption":"Landious Travel"}]}},"jetpack_publicize_connections":[],"uagb_featured_image_src":{"full":["https:\/\/i0.wp.com\/landioustravel.com\/wp-content\/uploads\/2022\/12\/Abu-Dabbab-Beach-Trip-Safaga-e1672250632999.jpg?fit=1200%2C675&ssl=1",1200,675,false],"thumbnail":["https:\/\/i0.wp.com\/landioustravel.com\/wp-content\/uploads\/2022\/12\/Abu-Dabbab-Beach-Trip-Safaga-e1672250632999.jpg?resize=150%2C150&ssl=1",150,150,true],"medium":["https:\/\/i0.wp.com\/landioustravel.com\/wp-content\/uploads\/2022\/12\/Abu-Dabbab-Beach-Trip-Safaga-e1672250632999.jpg?fit=300%2C169&ssl=1",300,169,true],"medium_large":["https:\/\/i0.wp.com\/landioustravel.com\/wp-content\/uploads\/2022\/12\/Abu-Dabbab-Beach-Trip-Safaga-e1672250632999.jpg?fit=768%2C432&ssl=1",768,432,true],"large":["https:\/\/i0.wp.com\/landioustravel.com\/wp-content\/uploads\/2022\/12\/Abu-Dabbab-Beach-Trip-Safaga-e1672250632999.jpg?fit=980%2C551&ssl=1",980,551,true],"1536x1536":["https:\/\/i0.wp.com\/landioustravel.com\/wp-content\/uploads\/2022\/12\/Abu-Dabbab-Beach-Trip-Safaga-e1672250632999.jpg?fit=1200%2C675&ssl=1",1200,675,true],"2048x2048":["https:\/\/i0.wp.com\/landioustravel.com\/wp-content\/uploads\/2022\/12\/Abu-Dabbab-Beach-Trip-Safaga-e1672250632999.jpg?fit=1200%2C675&ssl=1",1200,675,true],"newspack-article-block-landscape-large":["https:\/\/i0.wp.com\/landioustravel.com\/wp-content\/uploads\/2022\/12\/Abu-Dabbab-Beach-Trip-Safaga-e1672250632999.jpg?resize=1200%2C675&ssl=1",1200,675,true],"newspack-article-block-portrait-large":["https:\/\/i0.wp.com\/landioustravel.com\/wp-content\/uploads\/2022\/12\/Abu-Dabbab-Beach-Trip-Safaga-e1672250632999.jpg?resize=900%2C675&ssl=1",900,675,true],"newspack-article-block-square-large":["https:\/\/i0.wp.com\/landioustravel.com\/wp-content\/uploads\/2022\/12\/Abu-Dabbab-Beach-Trip-Safaga-e1672250632999.jpg?resize=1200%2C675&ssl=1",1200,675,true],"newspack-article-block-landscape-medium":["https:\/\/i0.wp.com\/landioustravel.com\/wp-content\/uploads\/2022\/12\/Abu-Dabbab-Beach-Trip-Safaga-e1672250632999.jpg?resize=800%2C600&ssl=1",800,600,true],"newspack-article-block-portrait-medium":["https:\/\/i0.wp.com\/landioustravel.com\/wp-content\/uploads\/2022\/12\/Abu-Dabbab-Beach-Trip-Safaga-e1672250632999.jpg?resize=600%2C675&ssl=1",600,675,true],"newspack-article-block-square-medium":["https:\/\/i0.wp.com\/landioustravel.com\/wp-content\/uploads\/2022\/12\/Abu-Dabbab-Beach-Trip-Safaga-e1672250632999.jpg?resize=800%2C675&ssl=1",800,675,true],"newspack-article-block-landscape-intermediate":["https:\/\/i0.wp.com\/landioustravel.com\/wp-content\/uploads\/2022\/12\/Abu-Dabbab-Beach-Trip-Safaga-e1672250632999.jpg?resize=600%2C450&ssl=1",600,450,true],"newspack-article-block-portrait-intermediate":["https:\/\/i0.wp.com\/landioustravel.com\/wp-content\/uploads\/2022\/12\/Abu-Dabbab-Beach-Trip-Safaga-e1672250632999.jpg?resize=450%2C600&ssl=1",450,600,true],"newspack-article-block-square-intermediate":["https:\/\/i0.wp.com\/landioustravel.com\/wp-content\/uploads\/2022\/12\/Abu-Dabbab-Beach-Trip-Safaga-e1672250632999.jpg?resize=600%2C600&ssl=1",600,600,true],"newspack-article-block-landscape-small":["https:\/\/i0.wp.com\/landioustravel.com\/wp-content\/uploads\/2022\/12\/Abu-Dabbab-Beach-Trip-Safaga-e1672250632999.jpg?resize=400%2C300&ssl=1",400,300,true],"newspack-article-block-portrait-small":["https:\/\/i0.wp.com\/landioustravel.com\/wp-content\/uploads\/2022\/12\/Abu-Dabbab-Beach-Trip-Safaga-e1672250632999.jpg?resize=300%2C400&ssl=1",300,400,true],"newspack-article-block-square-small":["https:\/\/i0.wp.com\/landioustravel.com\/wp-content\/uploads\/2022\/12\/Abu-Dabbab-Beach-Trip-Safaga-e1672250632999.jpg?resize=400%2C400&ssl=1",400,400,true],"newspack-article-block-landscape-tiny":["https:\/\/i0.wp.com\/landioustravel.com\/wp-content\/uploads\/2022\/12\/Abu-Dabbab-Beach-Trip-Safaga-e1672250632999.jpg?resize=200%2C150&ssl=1",200,150,true],"newspack-article-block-portrait-tiny":["https:\/\/i0.wp.com\/landioustravel.com\/wp-content\/uploads\/2022\/12\/Abu-Dabbab-Beach-Trip-Safaga-e1672250632999.jpg?resize=150%2C200&ssl=1",150,200,true],"newspack-article-block-square-tiny":["https:\/\/i0.wp.com\/landioustravel.com\/wp-content\/uploads\/2022\/12\/Abu-Dabbab-Beach-Trip-Safaga-e1672250632999.jpg?resize=200%2C200&ssl=1",200,200,true],"newspack-article-block-uncropped":["https:\/\/i0.wp.com\/landioustravel.com\/wp-content\/uploads\/2022\/12\/Abu-Dabbab-Beach-Trip-Safaga-e1672250632999.jpg?fit=1200%2C675&ssl=1",1200,675,true],"woocommerce_thumbnail":["https:\/\/i0.wp.com\/landioustravel.com\/wp-content\/uploads\/2022\/12\/Abu-Dabbab-Beach-Trip-Safaga-e1672250632999.jpg?resize=324%2C324&ssl=1",324,324,true],"woocommerce_single":["https:\/\/i0.wp.com\/landioustravel.com\/wp-content\/uploads\/2022\/12\/Abu-Dabbab-Beach-Trip-Safaga-e1672250632999.jpg?fit=416%2C234&ssl=1",416,234,true],"woocommerce_gallery_thumbnail":["https:\/\/i0.wp.com\/landioustravel.com\/wp-content\/uploads\/2022\/12\/Abu-Dabbab-Beach-Trip-Safaga-e1672250632999.jpg?resize=100%2C100&ssl=1",100,100,true]},"uagb_author_info":{"display_name":"Mofreh Landious","author_link":"https:\/\/landioustravel.com\/es\/author\/"},"uagb_comment_info":0,"uagb_excerpt":"Si est\u00e1 buscando una experiencia celestial, simplemente debe hacer un viaje por mar desde Safaga hasta la playa de Abu Dabab. Las arenas doradas son el lugar perfecto para tomar el sol y capturar fotos impresionantes. Adem\u00e1s, tendr\u00e1s la oportunidad de nadar junto a las tortugas: \u00a1es una experiencia realmente m\u00e1gica! Y cuando se trata&hellip;","jetpack_sharing_enabled":true,"jetpack_likes_enabled":true,"amp_enabled":true,"_links":{"self":[{"href":"https:\/\/landioustravel.com\/es\/wp-json\/wp\/v2\/product\/142891","targetHints":{"allow":["GET"]}}],"collection":[{"href":"https:\/\/landioustravel.com\/es\/wp-json\/wp\/v2\/product"}],"about":[{"href":"https:\/\/landioustravel.com\/es\/wp-json\/wp\/v2\/types\/product"}],"replies":[{"embeddable":true,"href":"https:\/\/landioustravel.com\/es\/wp-json\/wp\/v2\/comments?post=142891"}],"wp:featuredmedia":[{"embeddable":true,"href":"https:\/\/landioustravel.com\/es\/wp-json\/wp\/v2\/media\/142511"}],"wp:attachment":[{"href":"https:\/\/landioustravel.com\/es\/wp-json\/wp\/v2\/media?parent=142891"}],"wp:term":[{"taxonomy":"product_brand","embeddable":true,"href":"https:\/\/landioustravel.com\/es\/wp-json\/wp\/v2\/product_brand?post=142891"},{"taxonomy":"product_cat","embeddable":true,"href":"https:\/\/landioustravel.com\/es\/wp-json\/wp\/v2\/product_cat?post=142891"},{"taxonomy":"product_tag","embeddable":true,"href":"https:\/\/landioustravel.com\/es\/wp-json\/wp\/v2\/product_tag?post=142891"}],"curies":[{"name":"wp","href":"https:\/\/api.w.org\/{rel}","templated":true}]}}