{"id":142927,"date":"2022-12-27T22:33:31","date_gmt":"2023-05-28T22:51:38","guid":{"rendered":"https:\/\/landioustravel.com\/?post_type=product&#038;p=142927"},"modified":"2024-04-18T08:18:04","modified_gmt":"2024-04-18T06:18:04","slug":"recorrido-menfis-saqqara-safaga","status":"publish","type":"product","link":"https:\/\/landioustravel.com\/es\/shop\/recorrido-menfis-saqqara-safaga\/","title":{"rendered":"Recorrido por Menfis Saqqara Safaga"},"content":{"rendered":"<p>Recorrido por Menfis Saqqara Safaga es un viaje individual de un d\u00eda al complejo de pir\u00e1mides en Giza, Sakkara y Memphis desde Safaga, Egipto. Recomendamos este viaje de un d\u00eda porque permite a los turistas ver las vistas y los monumentos m\u00e1s impresionantes construidos en el Antiguo Egipto: las antiguas pir\u00e1mides egipcias. Adem\u00e1s, nos permite conocer m\u00e1s sobre la historia del pa\u00eds.<\/p>\n<h2>Aspectos destacados del Recorrido por Menfis Saqqara desde Safaga<\/h2>\n<ul>\n<li>Ver las tres pir\u00e1mides de Giza.<\/li>\n<li>El Templo del Valle (Templo de la Momificaci\u00f3n).<\/li>\n<li>Adem\u00e1s, la Gran Esfinge se encuentra en el complejo piramidal.<\/li>\n<li>Visite la pir\u00e1mide escalonada de Djoser en la necr\u00f3polis de Sakkara.<\/li>\n<li>Almuerzo en un restaurante.<\/li>\n<li>Adem\u00e1s, admira la estatua de Rams\u00e9s II en Menfis.<\/li>\n<\/ul>\n<h2>Programa de Excursi\u00f3n a Giza-Sakkara-Memphis<\/h2>\n<ul>\n<li>El representante de Landious Travel lo recoger\u00e1 de su hotel en Safaga alrededor de la 01:00 am.<\/li>\n<li>Una vez que recojamos todos los rincones, su veh\u00edculo privado (limusina o minib\u00fas) partir\u00e1 directamente hacia Giza. De El Cairo a Giza, el camino dura aproximadamente una hora.<\/li>\n<\/ul>\n<h3>Programa en Giza<\/h3>\n<ul>\n<li>Cuando llegue a Giza, dir\u00edjase al Complejo de las Pir\u00e1mides. En este complejo de pir\u00e1mides se encuentran las tres grandes pir\u00e1mides de Giza: Keops, Chephren y Mykerinus. Adem\u00e1s, cuenta con la Gran Esfinge y el Templo del Valle. Primero, visitar\u00e1s las tres pir\u00e1mides. Y luego proceda a visitar la Gran Esfinge, que data de la \u00e9poca de Chephren. Finalmente, terminas con una visita al Templo del Valle. Su gu\u00eda los muestra y le da tiempo libre para tomar una foto para su conveniencia.<\/li>\n<li>Horario en Sakkara<\/li>\n<li>Adem\u00e1s, se dirigir\u00e1 a Sakkara despu\u00e9s de visitar el complejo de las pir\u00e1mides en Giza. En Sakkara, puedes disfrutar viendo la pir\u00e1mide escalonada del rey Djoser. Es la estructura de piedra primaria m\u00e1s antigua del mundo que data de la III Dinast\u00eda.<\/li>\n<li>El almuerzo llega justo despu\u00e9s de esta fant\u00e1stica visita a la necr\u00f3polis de Sakkara.<\/li>\n<\/ul>\n<h3>Agenda en Menfis<\/h3>\n<ul>\n<li>Luego, te dirigir\u00e1s a esta antigua ciudad fundada por el rey Menes: Menfis. Fue la capital de Egipto durante el Reino Antiguo. Adem\u00e1s, sigui\u00f3 siendo el centro del gobierno y la cultura durante m\u00e1s de 3000 a\u00f1os. Por lo tanto, ver\u00e1 la estatua \u00fanica de Rams\u00e9s II y la esfinge de alabastro de Memphis.<\/li>\n<\/ul>\n<h3>Partida<\/h3>\n<ul>\n<li>Finalmente, regresar\u00e1 a sus hoteles despu\u00e9s de un programa de este tipo en la hermosa ciudad de Giza.<\/li>\n<li>Este viaje a Menfis y Sakkara desde Safaga finaliza aproximadamente a las 22:00.<\/li>\n<\/ul>\n<h2>\u00bfQu\u00e9 incluye el precio de\u00a0Menfis Saqqara Safaga?<\/h2>\n<ul>\n<li>Entradas para visitar templos.<\/li>\n<li>Bebidas.<\/li>\n<li>Gu\u00eda privado.<\/li>\n<li>Adem\u00e1s, ponemos a su disposici\u00f3n veh\u00edculos privados climatizados.<\/li>\n<\/ul>\n<h2>\u00bfQu\u00e9 no incluye el Programa de\u00a0Menfis Saqqara Safaga?<\/h2>\n<ul>\n<li>Programas adicionales si no est\u00e1n incluidos en el programa anterior.<\/li>\n<\/ul>\n<h2>Aqu\u00ed hay una lista de art\u00edculos esenciales para llevar al Memphis Saqqara Tour en Safaga<\/h2>\n<ul>\n<li>Pasaporte.<\/li>\n<li>Gafas de sol.<\/li>\n<li>Adem\u00e1s, llevar ropa adecuada para la temporada.<\/li>\n<\/ul>\n<h2>Reserva D\u00edas del Recorrido por Menfis Saqqara Safaga<\/h2>\n<ul>\n<li>Todos los d\u00edas de 01:00 a 22:00.<\/li>\n<\/ul>\n","protected":false},"excerpt":{"rendered":"<p>Experimente las impresionantes pir\u00e1mides de Giza, el Templo del Valle (Templo de la momificaci\u00f3n) y la Gran Esfinge en el complejo de pir\u00e1mides en este viaje impresionante. Adem\u00e1s, tendr\u00e1s la oportunidad de explorar la estructura de piedra m\u00e1s antigua del mundo, la Pir\u00e1mide escalonada de Djoser, en la necr\u00f3polis de Saqqara, y maravillarte con la colosal estatua de Rams\u00e9s II en Menfis, la capital de Egipto durante el Reino Antiguo, fundada por el rey Menes. El costo del viaje cubre las entradas y el almuerzo.<\/p>\n","protected":false},"featured_media":105459,"comment_status":"open","ping_status":"closed","template":"","meta":{"_coblocks_attr":"","_coblocks_dimensions":"","_coblocks_responsive_height":"","_coblocks_accordion_ie_support":"","_uag_custom_page_level_css":"","jetpack_post_was_ever_published":false,"jetpack_publicize_message":"","jetpack_publicize_feature_enabled":true,"jetpack_social_post_already_shared":true,"jetpack_social_options":{"image_generator_settings":{"template":"highway","default_image_id":0,"font":"","enabled":false},"version":2},"_wpas_customize_per_network":false},"product_brand":[],"product_cat":[19604],"product_tag":[1804,1806,1797,1805,9907],"class_list":{"0":"post-142927","1":"product","2":"type-product","3":"status-publish","4":"has-post-thumbnail","6":"product_cat-sin-categorizar","7":"product_tag-el-cairo","8":"product_tag-esfinge","9":"product_tag-excursion-es","10":"product_tag-piramides","11":"product_tag-turismo","13":"first","14":"instock","15":"sale","16":"taxable","17":"shipping-taxable","18":"purchasable","19":"product-type-variable"},"yoast_head":"<!-- This site is optimized with the Yoast SEO Premium plugin v26.9 (Yoast SEO v27.3) - https:\/\/yoast.com\/product\/yoast-seo-premium-wordpress\/ -->\n<title>Recorrido por Menfis Saqqara Safaga<\/title>\n<meta name=\"description\" content=\"Recorrido por Menfis Saqqara Safaga Experimente las impresionantes pir\u00e1mides de Giza, el Templo del Valle (Templo de la momificaci\u00f3n) y la Gran Esfinge en\" \/>\n<meta name=\"robots\" content=\"index, follow, max-snippet:-1, max-image-preview:large, max-video-preview:-1\" \/>\n<link rel=\"canonical\" href=\"https:\/\/landioustravel.com\/es\/shop\/recorrido-menfis-saqqara-safaga\/\" \/>\n<meta property=\"og:locale\" content=\"es_ES\" \/>\n<meta property=\"og:type\" content=\"article\" \/>\n<meta property=\"og:title\" content=\"Recorrido por Menfis Saqqara Safaga\" \/>\n<meta property=\"og:description\" content=\"Landious Travel\" \/>\n<meta property=\"og:url\" content=\"https:\/\/landioustravel.com\/es\/shop\/recorrido-menfis-saqqara-safaga\/\" \/>\n<meta property=\"og:site_name\" content=\"Landious Travel\" \/>\n<meta property=\"article:publisher\" content=\"https:\/\/web.facebook.com\/landiousEgypt\" \/>\n<meta property=\"article:modified_time\" content=\"2024-04-18T06:18:04+00:00\" \/>\n<meta property=\"og:image\" content=\"https:\/\/i0.wp.com\/landioustravel.com\/wp-content\/uploads\/2022\/05\/Memphis-e1652640484697.jpeg?fit=1200%2C675&ssl=1\" \/>\n\t<meta property=\"og:image:width\" content=\"1200\" \/>\n\t<meta property=\"og:image:height\" content=\"675\" \/>\n\t<meta property=\"og:image:type\" content=\"image\/jpeg\" \/>\n<meta name=\"twitter:card\" content=\"summary_large_image\" \/>\n<meta name=\"twitter:site\" content=\"@LandiousTours\" \/>\n<meta name=\"twitter:label1\" content=\"Tiempo de lectura\" \/>\n\t<meta name=\"twitter:data1\" content=\"3 minutos\" \/>\n<script type=\"application\/ld+json\" class=\"yoast-schema-graph\">{\"@context\":\"https:\\\/\\\/schema.org\",\"@graph\":[{\"@type\":\"WebPage\",\"@id\":\"https:\\\/\\\/landioustravel.com\\\/es\\\/shop\\\/recorrido-menfis-saqqara-safaga\\\/\",\"url\":\"https:\\\/\\\/landioustravel.com\\\/es\\\/shop\\\/recorrido-menfis-saqqara-safaga\\\/\",\"name\":\"Recorrido por Menfis Saqqara Safaga\",\"isPartOf\":{\"@id\":\"https:\\\/\\\/landioustravel.com\\\/es\\\/#website\"},\"primaryImageOfPage\":{\"@id\":\"https:\\\/\\\/landioustravel.com\\\/es\\\/shop\\\/recorrido-menfis-saqqara-safaga\\\/#primaryimage\"},\"image\":{\"@id\":\"https:\\\/\\\/landioustravel.com\\\/es\\\/shop\\\/recorrido-menfis-saqqara-safaga\\\/#primaryimage\"},\"thumbnailUrl\":\"https:\\\/\\\/i0.wp.com\\\/landioustravel.com\\\/wp-content\\\/uploads\\\/2022\\\/05\\\/Memphis-e1652640484697.jpeg?fit=1200%2C675&ssl=1\",\"datePublished\":\"2023-05-28T22:51:38+00:00\",\"dateModified\":\"2024-04-18T06:18:04+00:00\",\"description\":\"Recorrido por Menfis Saqqara Safaga Experimente las impresionantes pir\u00e1mides de Giza, el Templo del Valle (Templo de la momificaci\u00f3n) y la Gran Esfinge en\",\"breadcrumb\":{\"@id\":\"https:\\\/\\\/landioustravel.com\\\/es\\\/shop\\\/recorrido-menfis-saqqara-safaga\\\/#breadcrumb\"},\"inLanguage\":\"es\",\"potentialAction\":[{\"@type\":\"ReadAction\",\"target\":[\"https:\\\/\\\/landioustravel.com\\\/es\\\/shop\\\/recorrido-menfis-saqqara-safaga\\\/\"]}]},{\"@type\":\"ImageObject\",\"inLanguage\":\"es\",\"@id\":\"https:\\\/\\\/landioustravel.com\\\/es\\\/shop\\\/recorrido-menfis-saqqara-safaga\\\/#primaryimage\",\"url\":\"https:\\\/\\\/i0.wp.com\\\/landioustravel.com\\\/wp-content\\\/uploads\\\/2022\\\/05\\\/Memphis-e1652640484697.jpeg?fit=1200%2C675&ssl=1\",\"contentUrl\":\"https:\\\/\\\/i0.wp.com\\\/landioustravel.com\\\/wp-content\\\/uploads\\\/2022\\\/05\\\/Memphis-e1652640484697.jpeg?fit=1200%2C675&ssl=1\",\"width\":1200,\"height\":675,\"caption\":\"Memphis\"},{\"@type\":\"BreadcrumbList\",\"@id\":\"https:\\\/\\\/landioustravel.com\\\/es\\\/shop\\\/recorrido-menfis-saqqara-safaga\\\/#breadcrumb\",\"itemListElement\":[{\"@type\":\"ListItem\",\"position\":1,\"name\":\"Home\",\"item\":\"https:\\\/\\\/landioustravel.com\\\/es\\\/\"},{\"@type\":\"ListItem\",\"position\":2,\"name\":\"Servicios y Tours\",\"item\":\"https:\\\/\\\/landioustravel.com\\\/es\\\/\"},{\"@type\":\"ListItem\",\"position\":3,\"name\":\"Recorrido por Menfis Saqqara Safaga\"}]},{\"@type\":\"WebSite\",\"@id\":\"https:\\\/\\\/landioustravel.com\\\/es\\\/#website\",\"url\":\"https:\\\/\\\/landioustravel.com\\\/es\\\/\",\"name\":\"Landious Travel\",\"description\":\"Tours and Excursions in Egypt\",\"publisher\":{\"@id\":\"https:\\\/\\\/landioustravel.com\\\/es\\\/#organization\"},\"potentialAction\":[{\"@type\":\"SearchAction\",\"target\":{\"@type\":\"EntryPoint\",\"urlTemplate\":\"https:\\\/\\\/landioustravel.com\\\/es\\\/?s={search_term_string}\"},\"query-input\":{\"@type\":\"PropertyValueSpecification\",\"valueRequired\":true,\"valueName\":\"search_term_string\"}}],\"inLanguage\":\"es\"},{\"@type\":[\"Organization\",\"Place\"],\"@id\":\"https:\\\/\\\/landioustravel.com\\\/es\\\/#organization\",\"name\":\"Landious Travel\",\"alternateName\":\"Landious Travel\",\"url\":\"https:\\\/\\\/landioustravel.com\\\/es\\\/\",\"logo\":{\"@id\":\"https:\\\/\\\/landioustravel.com\\\/es\\\/shop\\\/recorrido-menfis-saqqara-safaga\\\/#local-main-organization-logo\"},\"image\":{\"@id\":\"https:\\\/\\\/landioustravel.com\\\/es\\\/shop\\\/recorrido-menfis-saqqara-safaga\\\/#local-main-organization-logo\"},\"sameAs\":[\"https:\\\/\\\/web.facebook.com\\\/landiousEgypt\",\"https:\\\/\\\/x.com\\\/LandiousTours\",\"https:\\\/\\\/mastodon.social\\\/@landious\"],\"legalName\":\"Landious Travel\",\"telephone\":[],\"openingHoursSpecification\":[{\"@type\":\"OpeningHoursSpecification\",\"dayOfWeek\":[\"Monday\",\"Tuesday\",\"Wednesday\",\"Thursday\",\"Friday\",\"Saturday\",\"Sunday\"],\"opens\":\"09:00\",\"closes\":\"17:00\"}]},{\"@type\":\"ImageObject\",\"inLanguage\":\"es\",\"@id\":\"https:\\\/\\\/landioustravel.com\\\/es\\\/shop\\\/recorrido-menfis-saqqara-safaga\\\/#local-main-organization-logo\",\"url\":\"https:\\\/\\\/i0.wp.com\\\/landioustravel.com\\\/wp-content\\\/uploads\\\/2021\\\/06\\\/Landious-T.png?fit=500%2C500&ssl=1\",\"contentUrl\":\"https:\\\/\\\/i0.wp.com\\\/landioustravel.com\\\/wp-content\\\/uploads\\\/2021\\\/06\\\/Landious-T.png?fit=500%2C500&ssl=1\",\"width\":500,\"height\":500,\"caption\":\"Landious Travel\"}]}<\/script>\n<!-- \/ Yoast SEO Premium plugin. -->","yoast_head_json":{"title":"Recorrido por Menfis Saqqara Safaga","description":"Recorrido por Menfis Saqqara Safaga Experimente las impresionantes pir\u00e1mides de Giza, el Templo del Valle (Templo de la momificaci\u00f3n) y la Gran Esfinge en","robots":{"index":"index","follow":"follow","max-snippet":"max-snippet:-1","max-image-preview":"max-image-preview:large","max-video-preview":"max-video-preview:-1"},"canonical":"https:\/\/landioustravel.com\/es\/shop\/recorrido-menfis-saqqara-safaga\/","og_locale":"es_ES","og_type":"article","og_title":"Recorrido por Menfis Saqqara Safaga","og_description":"Landious Travel","og_url":"https:\/\/landioustravel.com\/es\/shop\/recorrido-menfis-saqqara-safaga\/","og_site_name":"Landious Travel","article_publisher":"https:\/\/web.facebook.com\/landiousEgypt","article_modified_time":"2024-04-18T06:18:04+00:00","og_image":[{"width":1200,"height":675,"url":"https:\/\/i0.wp.com\/landioustravel.com\/wp-content\/uploads\/2022\/05\/Memphis-e1652640484697.jpeg?fit=1200%2C675&ssl=1","type":"image\/jpeg"}],"twitter_card":"summary_large_image","twitter_site":"@LandiousTours","twitter_misc":{"Tiempo de lectura":"3 minutos"},"schema":{"@context":"https:\/\/schema.org","@graph":[{"@type":"WebPage","@id":"https:\/\/landioustravel.com\/es\/shop\/recorrido-menfis-saqqara-safaga\/","url":"https:\/\/landioustravel.com\/es\/shop\/recorrido-menfis-saqqara-safaga\/","name":"Recorrido por Menfis Saqqara Safaga","isPartOf":{"@id":"https:\/\/landioustravel.com\/es\/#website"},"primaryImageOfPage":{"@id":"https:\/\/landioustravel.com\/es\/shop\/recorrido-menfis-saqqara-safaga\/#primaryimage"},"image":{"@id":"https:\/\/landioustravel.com\/es\/shop\/recorrido-menfis-saqqara-safaga\/#primaryimage"},"thumbnailUrl":"https:\/\/i0.wp.com\/landioustravel.com\/wp-content\/uploads\/2022\/05\/Memphis-e1652640484697.jpeg?fit=1200%2C675&ssl=1","datePublished":"2023-05-28T22:51:38+00:00","dateModified":"2024-04-18T06:18:04+00:00","description":"Recorrido por Menfis Saqqara Safaga Experimente las impresionantes pir\u00e1mides de Giza, el Templo del Valle (Templo de la momificaci\u00f3n) y la Gran Esfinge en","breadcrumb":{"@id":"https:\/\/landioustravel.com\/es\/shop\/recorrido-menfis-saqqara-safaga\/#breadcrumb"},"inLanguage":"es","potentialAction":[{"@type":"ReadAction","target":["https:\/\/landioustravel.com\/es\/shop\/recorrido-menfis-saqqara-safaga\/"]}]},{"@type":"ImageObject","inLanguage":"es","@id":"https:\/\/landioustravel.com\/es\/shop\/recorrido-menfis-saqqara-safaga\/#primaryimage","url":"https:\/\/i0.wp.com\/landioustravel.com\/wp-content\/uploads\/2022\/05\/Memphis-e1652640484697.jpeg?fit=1200%2C675&ssl=1","contentUrl":"https:\/\/i0.wp.com\/landioustravel.com\/wp-content\/uploads\/2022\/05\/Memphis-e1652640484697.jpeg?fit=1200%2C675&ssl=1","width":1200,"height":675,"caption":"Memphis"},{"@type":"BreadcrumbList","@id":"https:\/\/landioustravel.com\/es\/shop\/recorrido-menfis-saqqara-safaga\/#breadcrumb","itemListElement":[{"@type":"ListItem","position":1,"name":"Home","item":"https:\/\/landioustravel.com\/es\/"},{"@type":"ListItem","position":2,"name":"Servicios y Tours","item":"https:\/\/landioustravel.com\/es\/"},{"@type":"ListItem","position":3,"name":"Recorrido por Menfis Saqqara Safaga"}]},{"@type":"WebSite","@id":"https:\/\/landioustravel.com\/es\/#website","url":"https:\/\/landioustravel.com\/es\/","name":"Landious Travel","description":"Tours and Excursions in Egypt","publisher":{"@id":"https:\/\/landioustravel.com\/es\/#organization"},"potentialAction":[{"@type":"SearchAction","target":{"@type":"EntryPoint","urlTemplate":"https:\/\/landioustravel.com\/es\/?s={search_term_string}"},"query-input":{"@type":"PropertyValueSpecification","valueRequired":true,"valueName":"search_term_string"}}],"inLanguage":"es"},{"@type":["Organization","Place"],"@id":"https:\/\/landioustravel.com\/es\/#organization","name":"Landious Travel","alternateName":"Landious Travel","url":"https:\/\/landioustravel.com\/es\/","logo":{"@id":"https:\/\/landioustravel.com\/es\/shop\/recorrido-menfis-saqqara-safaga\/#local-main-organization-logo"},"image":{"@id":"https:\/\/landioustravel.com\/es\/shop\/recorrido-menfis-saqqara-safaga\/#local-main-organization-logo"},"sameAs":["https:\/\/web.facebook.com\/landiousEgypt","https:\/\/x.com\/LandiousTours","https:\/\/mastodon.social\/@landious"],"legalName":"Landious Travel","telephone":[],"openingHoursSpecification":[{"@type":"OpeningHoursSpecification","dayOfWeek":["Monday","Tuesday","Wednesday","Thursday","Friday","Saturday","Sunday"],"opens":"09:00","closes":"17:00"}]},{"@type":"ImageObject","inLanguage":"es","@id":"https:\/\/landioustravel.com\/es\/shop\/recorrido-menfis-saqqara-safaga\/#local-main-organization-logo","url":"https:\/\/i0.wp.com\/landioustravel.com\/wp-content\/uploads\/2021\/06\/Landious-T.png?fit=500%2C500&ssl=1","contentUrl":"https:\/\/i0.wp.com\/landioustravel.com\/wp-content\/uploads\/2021\/06\/Landious-T.png?fit=500%2C500&ssl=1","width":500,"height":500,"caption":"Landious Travel"}]}},"jetpack_publicize_connections":[],"uagb_featured_image_src":{"full":["https:\/\/i0.wp.com\/landioustravel.com\/wp-content\/uploads\/2022\/05\/Memphis-e1652640484697.jpeg?fit=1200%2C675&ssl=1",1200,675,false],"thumbnail":["https:\/\/i0.wp.com\/landioustravel.com\/wp-content\/uploads\/2022\/05\/Memphis-e1652640484697.jpeg?resize=150%2C150&ssl=1",150,150,true],"medium":["https:\/\/i0.wp.com\/landioustravel.com\/wp-content\/uploads\/2022\/05\/Memphis-e1652640484697.jpeg?fit=300%2C169&ssl=1",300,169,true],"medium_large":["https:\/\/i0.wp.com\/landioustravel.com\/wp-content\/uploads\/2022\/05\/Memphis-e1652640484697.jpeg?fit=768%2C432&ssl=1",768,432,true],"large":["https:\/\/i0.wp.com\/landioustravel.com\/wp-content\/uploads\/2022\/05\/Memphis-e1652640484697.jpeg?fit=980%2C551&ssl=1",980,551,true],"1536x1536":["https:\/\/i0.wp.com\/landioustravel.com\/wp-content\/uploads\/2022\/05\/Memphis-e1652640484697.jpeg?fit=1200%2C675&ssl=1",1200,675,true],"2048x2048":["https:\/\/i0.wp.com\/landioustravel.com\/wp-content\/uploads\/2022\/05\/Memphis-e1652640484697.jpeg?fit=1200%2C675&ssl=1",1200,675,true],"newspack-article-block-landscape-large":["https:\/\/i0.wp.com\/landioustravel.com\/wp-content\/uploads\/2022\/05\/Memphis-e1652640484697.jpeg?resize=1200%2C675&ssl=1",1200,675,true],"newspack-article-block-portrait-large":["https:\/\/i0.wp.com\/landioustravel.com\/wp-content\/uploads\/2022\/05\/Memphis-e1652640484697.jpeg?resize=900%2C675&ssl=1",900,675,true],"newspack-article-block-square-large":["https:\/\/i0.wp.com\/landioustravel.com\/wp-content\/uploads\/2022\/05\/Memphis-e1652640484697.jpeg?resize=1200%2C675&ssl=1",1200,675,true],"newspack-article-block-landscape-medium":["https:\/\/i0.wp.com\/landioustravel.com\/wp-content\/uploads\/2022\/05\/Memphis-e1652640484697.jpeg?resize=800%2C600&ssl=1",800,600,true],"newspack-article-block-portrait-medium":["https:\/\/i0.wp.com\/landioustravel.com\/wp-content\/uploads\/2022\/05\/Memphis-e1652640484697.jpeg?resize=600%2C675&ssl=1",600,675,true],"newspack-article-block-square-medium":["https:\/\/i0.wp.com\/landioustravel.com\/wp-content\/uploads\/2022\/05\/Memphis-e1652640484697.jpeg?resize=800%2C675&ssl=1",800,675,true],"newspack-article-block-landscape-intermediate":["https:\/\/i0.wp.com\/landioustravel.com\/wp-content\/uploads\/2022\/05\/Memphis-e1652640484697.jpeg?resize=600%2C450&ssl=1",600,450,true],"newspack-article-block-portrait-intermediate":["https:\/\/i0.wp.com\/landioustravel.com\/wp-content\/uploads\/2022\/05\/Memphis-e1652640484697.jpeg?resize=450%2C600&ssl=1",450,600,true],"newspack-article-block-square-intermediate":["https:\/\/i0.wp.com\/landioustravel.com\/wp-content\/uploads\/2022\/05\/Memphis-e1652640484697.jpeg?resize=600%2C600&ssl=1",600,600,true],"newspack-article-block-landscape-small":["https:\/\/i0.wp.com\/landioustravel.com\/wp-content\/uploads\/2022\/05\/Memphis-e1652640484697.jpeg?resize=400%2C300&ssl=1",400,300,true],"newspack-article-block-portrait-small":["https:\/\/i0.wp.com\/landioustravel.com\/wp-content\/uploads\/2022\/05\/Memphis-e1652640484697.jpeg?resize=300%2C400&ssl=1",300,400,true],"newspack-article-block-square-small":["https:\/\/i0.wp.com\/landioustravel.com\/wp-content\/uploads\/2022\/05\/Memphis-e1652640484697.jpeg?resize=400%2C400&ssl=1",400,400,true],"newspack-article-block-landscape-tiny":["https:\/\/i0.wp.com\/landioustravel.com\/wp-content\/uploads\/2022\/05\/Memphis-e1652640484697.jpeg?resize=200%2C150&ssl=1",200,150,true],"newspack-article-block-portrait-tiny":["https:\/\/i0.wp.com\/landioustravel.com\/wp-content\/uploads\/2022\/05\/Memphis-e1652640484697.jpeg?resize=150%2C200&ssl=1",150,200,true],"newspack-article-block-square-tiny":["https:\/\/i0.wp.com\/landioustravel.com\/wp-content\/uploads\/2022\/05\/Memphis-e1652640484697.jpeg?resize=200%2C200&ssl=1",200,200,true],"newspack-article-block-uncropped":["https:\/\/i0.wp.com\/landioustravel.com\/wp-content\/uploads\/2022\/05\/Memphis-e1652640484697.jpeg?fit=1200%2C675&ssl=1",1200,675,true],"woocommerce_thumbnail":["https:\/\/i0.wp.com\/landioustravel.com\/wp-content\/uploads\/2022\/05\/Memphis-e1652640484697.jpeg?resize=324%2C324&ssl=1",324,324,true],"woocommerce_single":["https:\/\/i0.wp.com\/landioustravel.com\/wp-content\/uploads\/2022\/05\/Memphis-e1652640484697.jpeg?fit=416%2C234&ssl=1",416,234,true],"woocommerce_gallery_thumbnail":["https:\/\/i0.wp.com\/landioustravel.com\/wp-content\/uploads\/2022\/05\/Memphis-e1652640484697.jpeg?resize=100%2C100&ssl=1",100,100,true]},"uagb_author_info":{"display_name":"Mofreh Landious","author_link":"https:\/\/landioustravel.com\/es\/author\/"},"uagb_comment_info":0,"uagb_excerpt":"Experimente las impresionantes pir\u00e1mides de Giza, el Templo del Valle (Templo de la momificaci\u00f3n) y la Gran Esfinge en el complejo de pir\u00e1mides en este viaje impresionante. Adem\u00e1s, tendr\u00e1s la oportunidad de explorar la estructura de piedra m\u00e1s antigua del mundo, la Pir\u00e1mide escalonada de Djoser, en la necr\u00f3polis de Saqqara, y maravillarte con la&hellip;","jetpack_sharing_enabled":true,"jetpack_likes_enabled":true,"amp_enabled":true,"_links":{"self":[{"href":"https:\/\/landioustravel.com\/es\/wp-json\/wp\/v2\/product\/142927","targetHints":{"allow":["GET"]}}],"collection":[{"href":"https:\/\/landioustravel.com\/es\/wp-json\/wp\/v2\/product"}],"about":[{"href":"https:\/\/landioustravel.com\/es\/wp-json\/wp\/v2\/types\/product"}],"replies":[{"embeddable":true,"href":"https:\/\/landioustravel.com\/es\/wp-json\/wp\/v2\/comments?post=142927"}],"wp:featuredmedia":[{"embeddable":true,"href":"https:\/\/landioustravel.com\/es\/wp-json\/wp\/v2\/media\/105459"}],"wp:attachment":[{"href":"https:\/\/landioustravel.com\/es\/wp-json\/wp\/v2\/media?parent=142927"}],"wp:term":[{"taxonomy":"product_brand","embeddable":true,"href":"https:\/\/landioustravel.com\/es\/wp-json\/wp\/v2\/product_brand?post=142927"},{"taxonomy":"product_cat","embeddable":true,"href":"https:\/\/landioustravel.com\/es\/wp-json\/wp\/v2\/product_cat?post=142927"},{"taxonomy":"product_tag","embeddable":true,"href":"https:\/\/landioustravel.com\/es\/wp-json\/wp\/v2\/product_tag?post=142927"}],"curies":[{"name":"wp","href":"https:\/\/api.w.org\/{rel}","templated":true}]}}