{"id":142946,"date":"2022-12-27T02:21:10","date_gmt":"2023-05-28T22:30:26","guid":{"rendered":"https:\/\/landioustravel.com\/?post_type=product&#038;p=142946"},"modified":"2024-08-20T00:16:29","modified_gmt":"2024-08-19T21:16:29","slug":"recorrido-ciudad-museo-hurghada-safaga","status":"publish","type":"product","link":"https:\/\/landioustravel.com\/es\/shop\/recorrido-ciudad-museo-hurghada-safaga\/","title":{"rendered":"Recorrido por la ciudad del Museo de Hurghada Safaga"},"content":{"rendered":"<p>Experimente ambos lados de <a href=\"https:\/\/landioustravel.com\/es\/egipto\/pueblos-egipcios\/gobernacion-de-al-bahr-al-ahmar\/ciudad-hurghada\/\">Hurghada<\/a>, el casco antiguo tradicional y la ciudad nueva y moderna, con una gu\u00eda perspicaz y amigable. Sum\u00e9rjase en el mundo del antiguo Egipto explorando m\u00e1s de 1500 artefactos en el Museo de Hurghada, que abri\u00f3 sus puertas en febrero de 2020. T\u00f3mese un descanso del turismo y disfrute de la vibrante vida callejera mientras toma una copa en un caf\u00e9 local. \u00a1Reserva ahora online el Hurghada Museum City Tour Safaga y asegura el mejor precio disponible!<\/p>\n<h2>Aspectos destacados del recorrido por la ciudad del Museo de Hurghada desde Safaga<\/h2>\n<ul>\n<li>Explora m\u00e1s de 1500 artefactos del Antiguo Egipto en el Museo de Hurghada<\/li>\n<li>Descubre lo m\u00e1s destacado de Hurghada en un veh\u00edculo con aire acondicionado.<\/li>\n<li>Ver la mezquita m\u00e1s grande y la iglesia m\u00e1s antigua de Hurghada<\/li>\n<li>Conozca a los pescadores locales en el puerto.<\/li>\n<li>Disfruta de un refresco en un caf\u00e9 oriental<\/li>\n<\/ul>\n<h2>\u00bfQu\u00e9 incluye el recorrido por la ciudad del Museo de Hurghada?<\/h2>\n<ul>\n<li>Recogida y regreso desde hoteles en Soma Bay, Makadi y Sahl Hasheesh<\/li>\n<li>Traslados en veh\u00edculo con aire acondicionado<\/li>\n<li>Disfruta de un caf\u00e9 o un refresco en una cafeter\u00eda tradicional<\/li>\n<li>Mezquita El Mina<\/li>\n<li>Iglesia Ortodoxa Copta de San Shenouda<\/li>\n<li>Bulevar del puerto deportivo de Hurghada<\/li>\n<li>Antiguo pueblo de pescadores y puerto<\/li>\n<li>Zoco de El Daher (casco antiguo)<\/li>\n<li>Museo de Hurgada<\/li>\n<li>tiempo para ir de compras<\/li>\n<li>gu\u00eda de habla inglesa<\/li>\n<li>Cargos por servicios e impuestos<\/li>\n<\/ul>\n<h2>\u00bfQu\u00e9 no incluye el Recorrido por la ciudad del Museo de Hurghada?<\/h2>\n<ul>\n<li>Recuerdos y compras personales<\/li>\n<li>Cualquier extra no mencionado en el programa.<\/li>\n<li>Propinas para el conductor y el gu\u00eda (esperadas pero no obligatorias)<\/li>\n<\/ul>\n<h2>Para su recorrido por la ciudad del Museo de Hurghada en Safaga, aqu\u00ed hay una lista \u00fatil de art\u00edculos para llevar con usted<\/h2>\n<ul>\n<li>Zapatos comodos<\/li>\n<li>Sombrero y gafas de sol<\/li>\n<li>protector solar<\/li>\n<li>Botella de agua<\/li>\n<\/ul>\n<h2>D\u00edas de reserva de recorrido por la ciudad del museo de Hurghada desde Safaga<\/h2>\n<ul>\n<li>Lunes<\/li>\n<li>Mi\u00e9rcoles<\/li>\n<\/ul>\n","protected":false},"excerpt":{"rendered":"<p>Si est\u00e1 interesado en experimentar la cultura antigua de Egipto sin la necesidad de viajar a El Cairo o Luxor, \u00a1esta excursi\u00f3n ser\u00eda perfecta para usted! Recientemente, se inaugur\u00f3 un museo en Hurghada que exhibe artefactos genuinos de varias tumbas y territorios donde vivieron personas de diferentes \u00e9pocas en este misterioso pa\u00eds. El Ministerio de Antig\u00fcedades fue responsable de transformar estas exhibiciones en un museo para que todos las apreciaran.<\/p>\n","protected":false},"featured_media":142441,"comment_status":"open","ping_status":"closed","template":"","meta":{"_coblocks_attr":"","_coblocks_dimensions":"","_coblocks_responsive_height":"","_coblocks_accordion_ie_support":"","_uag_custom_page_level_css":"","jetpack_post_was_ever_published":false,"jetpack_publicize_message":"","jetpack_publicize_feature_enabled":true,"jetpack_social_post_already_shared":true,"jetpack_social_options":{"image_generator_settings":{"template":"highway","default_image_id":0,"font":"","enabled":false},"version":2},"_wpas_customize_per_network":false},"product_brand":[],"product_cat":[19604],"product_tag":[1797,1808,9907,2111],"class_list":{"0":"post-142946","1":"product","2":"type-product","3":"status-publish","4":"has-post-thumbnail","6":"product_cat-sin-categorizar","7":"product_tag-excursion-es","8":"product_tag-hurghada-es","9":"product_tag-turismo","10":"product_tag-visita-de-la-ciudad","12":"first","13":"instock","14":"sale","15":"taxable","16":"shipping-taxable","17":"purchasable","18":"product-type-variable"},"yoast_head":"<!-- This site is optimized with the Yoast SEO Premium plugin v26.9 (Yoast SEO v27.3) - https:\/\/yoast.com\/product\/yoast-seo-premium-wordpress\/ -->\n<title>Recorrido por la ciudad del Museo de Hurghada Safaga<\/title>\n<meta name=\"description\" content=\"Recorrido por la ciudad del Museo de Hurghada Safaga Si est\u00e1 interesado en experimentar la cultura antigua de Egipto sin la necesidad de viajar a El Cairo\" \/>\n<meta name=\"robots\" content=\"index, follow, max-snippet:-1, max-image-preview:large, max-video-preview:-1\" \/>\n<link rel=\"canonical\" href=\"https:\/\/landioustravel.com\/es\/shop\/recorrido-ciudad-museo-hurghada-safaga\/\" \/>\n<meta property=\"og:locale\" content=\"es_ES\" \/>\n<meta property=\"og:type\" content=\"article\" \/>\n<meta property=\"og:title\" content=\"Recorrido por la ciudad del Museo de Hurghada Safaga\" \/>\n<meta property=\"og:description\" content=\"Landious Travel\" \/>\n<meta property=\"og:url\" content=\"https:\/\/landioustravel.com\/es\/shop\/recorrido-ciudad-museo-hurghada-safaga\/\" \/>\n<meta property=\"og:site_name\" content=\"Landious Travel\" \/>\n<meta property=\"article:publisher\" content=\"https:\/\/web.facebook.com\/landiousEgypt\" \/>\n<meta property=\"article:modified_time\" content=\"2024-08-19T21:16:29+00:00\" \/>\n<meta property=\"og:image\" content=\"https:\/\/i0.wp.com\/landioustravel.com\/wp-content\/uploads\/2022\/12\/Hurghada-Museum-City-Tour-Safaga-e1672100176602.jpg?fit=1200%2C675&ssl=1\" \/>\n\t<meta property=\"og:image:width\" content=\"1200\" \/>\n\t<meta property=\"og:image:height\" content=\"675\" \/>\n\t<meta property=\"og:image:type\" content=\"image\/jpeg\" \/>\n<meta name=\"twitter:card\" content=\"summary_large_image\" \/>\n<meta name=\"twitter:site\" content=\"@LandiousTours\" \/>\n<meta name=\"twitter:label1\" content=\"Tiempo de lectura\" \/>\n\t<meta name=\"twitter:data1\" content=\"2 minutos\" \/>\n<script type=\"application\/ld+json\" class=\"yoast-schema-graph\">{\"@context\":\"https:\\\/\\\/schema.org\",\"@graph\":[{\"@type\":\"WebPage\",\"@id\":\"https:\\\/\\\/landioustravel.com\\\/es\\\/shop\\\/recorrido-ciudad-museo-hurghada-safaga\\\/\",\"url\":\"https:\\\/\\\/landioustravel.com\\\/es\\\/shop\\\/recorrido-ciudad-museo-hurghada-safaga\\\/\",\"name\":\"Recorrido por la ciudad del Museo de Hurghada Safaga\",\"isPartOf\":{\"@id\":\"https:\\\/\\\/landioustravel.com\\\/es\\\/#website\"},\"primaryImageOfPage\":{\"@id\":\"https:\\\/\\\/landioustravel.com\\\/es\\\/shop\\\/recorrido-ciudad-museo-hurghada-safaga\\\/#primaryimage\"},\"image\":{\"@id\":\"https:\\\/\\\/landioustravel.com\\\/es\\\/shop\\\/recorrido-ciudad-museo-hurghada-safaga\\\/#primaryimage\"},\"thumbnailUrl\":\"https:\\\/\\\/i0.wp.com\\\/landioustravel.com\\\/wp-content\\\/uploads\\\/2022\\\/12\\\/Hurghada-Museum-City-Tour-Safaga-e1672100176602.jpg?fit=1200%2C675&ssl=1\",\"datePublished\":\"2023-05-28T22:30:26+00:00\",\"dateModified\":\"2024-08-19T21:16:29+00:00\",\"description\":\"Recorrido por la ciudad del Museo de Hurghada Safaga Si est\u00e1 interesado en experimentar la cultura antigua de Egipto sin la necesidad de viajar a El Cairo\",\"breadcrumb\":{\"@id\":\"https:\\\/\\\/landioustravel.com\\\/es\\\/shop\\\/recorrido-ciudad-museo-hurghada-safaga\\\/#breadcrumb\"},\"inLanguage\":\"es\",\"potentialAction\":[{\"@type\":\"ReadAction\",\"target\":[\"https:\\\/\\\/landioustravel.com\\\/es\\\/shop\\\/recorrido-ciudad-museo-hurghada-safaga\\\/\"]}]},{\"@type\":\"ImageObject\",\"inLanguage\":\"es\",\"@id\":\"https:\\\/\\\/landioustravel.com\\\/es\\\/shop\\\/recorrido-ciudad-museo-hurghada-safaga\\\/#primaryimage\",\"url\":\"https:\\\/\\\/i0.wp.com\\\/landioustravel.com\\\/wp-content\\\/uploads\\\/2022\\\/12\\\/Hurghada-Museum-City-Tour-Safaga-e1672100176602.jpg?fit=1200%2C675&ssl=1\",\"contentUrl\":\"https:\\\/\\\/i0.wp.com\\\/landioustravel.com\\\/wp-content\\\/uploads\\\/2022\\\/12\\\/Hurghada-Museum-City-Tour-Safaga-e1672100176602.jpg?fit=1200%2C675&ssl=1\",\"width\":1200,\"height\":675,\"caption\":\"Hurghada Museum City Tour Safaga\"},{\"@type\":\"BreadcrumbList\",\"@id\":\"https:\\\/\\\/landioustravel.com\\\/es\\\/shop\\\/recorrido-ciudad-museo-hurghada-safaga\\\/#breadcrumb\",\"itemListElement\":[{\"@type\":\"ListItem\",\"position\":1,\"name\":\"Home\",\"item\":\"https:\\\/\\\/landioustravel.com\\\/es\\\/\"},{\"@type\":\"ListItem\",\"position\":2,\"name\":\"Servicios y Tours\",\"item\":\"https:\\\/\\\/landioustravel.com\\\/es\\\/\"},{\"@type\":\"ListItem\",\"position\":3,\"name\":\"Recorrido por la ciudad del Museo de Hurghada Safaga\"}]},{\"@type\":\"WebSite\",\"@id\":\"https:\\\/\\\/landioustravel.com\\\/es\\\/#website\",\"url\":\"https:\\\/\\\/landioustravel.com\\\/es\\\/\",\"name\":\"Landious Travel\",\"description\":\"Tours and Excursions in Egypt\",\"publisher\":{\"@id\":\"https:\\\/\\\/landioustravel.com\\\/es\\\/#organization\"},\"potentialAction\":[{\"@type\":\"SearchAction\",\"target\":{\"@type\":\"EntryPoint\",\"urlTemplate\":\"https:\\\/\\\/landioustravel.com\\\/es\\\/?s={search_term_string}\"},\"query-input\":{\"@type\":\"PropertyValueSpecification\",\"valueRequired\":true,\"valueName\":\"search_term_string\"}}],\"inLanguage\":\"es\"},{\"@type\":[\"Organization\",\"Place\"],\"@id\":\"https:\\\/\\\/landioustravel.com\\\/es\\\/#organization\",\"name\":\"Landious Travel\",\"alternateName\":\"Landious Travel\",\"url\":\"https:\\\/\\\/landioustravel.com\\\/es\\\/\",\"logo\":{\"@id\":\"https:\\\/\\\/landioustravel.com\\\/es\\\/shop\\\/recorrido-ciudad-museo-hurghada-safaga\\\/#local-main-organization-logo\"},\"image\":{\"@id\":\"https:\\\/\\\/landioustravel.com\\\/es\\\/shop\\\/recorrido-ciudad-museo-hurghada-safaga\\\/#local-main-organization-logo\"},\"sameAs\":[\"https:\\\/\\\/web.facebook.com\\\/landiousEgypt\",\"https:\\\/\\\/x.com\\\/LandiousTours\",\"https:\\\/\\\/mastodon.social\\\/@landious\"],\"legalName\":\"Landious Travel\",\"telephone\":[],\"openingHoursSpecification\":[{\"@type\":\"OpeningHoursSpecification\",\"dayOfWeek\":[\"Monday\",\"Tuesday\",\"Wednesday\",\"Thursday\",\"Friday\",\"Saturday\",\"Sunday\"],\"opens\":\"09:00\",\"closes\":\"17:00\"}]},{\"@type\":\"ImageObject\",\"inLanguage\":\"es\",\"@id\":\"https:\\\/\\\/landioustravel.com\\\/es\\\/shop\\\/recorrido-ciudad-museo-hurghada-safaga\\\/#local-main-organization-logo\",\"url\":\"https:\\\/\\\/i0.wp.com\\\/landioustravel.com\\\/wp-content\\\/uploads\\\/2021\\\/06\\\/Landious-T.png?fit=500%2C500&ssl=1\",\"contentUrl\":\"https:\\\/\\\/i0.wp.com\\\/landioustravel.com\\\/wp-content\\\/uploads\\\/2021\\\/06\\\/Landious-T.png?fit=500%2C500&ssl=1\",\"width\":500,\"height\":500,\"caption\":\"Landious Travel\"}]}<\/script>\n<!-- \/ Yoast SEO Premium plugin. -->","yoast_head_json":{"title":"Recorrido por la ciudad del Museo de Hurghada Safaga","description":"Recorrido por la ciudad del Museo de Hurghada Safaga Si est\u00e1 interesado en experimentar la cultura antigua de Egipto sin la necesidad de viajar a El Cairo","robots":{"index":"index","follow":"follow","max-snippet":"max-snippet:-1","max-image-preview":"max-image-preview:large","max-video-preview":"max-video-preview:-1"},"canonical":"https:\/\/landioustravel.com\/es\/shop\/recorrido-ciudad-museo-hurghada-safaga\/","og_locale":"es_ES","og_type":"article","og_title":"Recorrido por la ciudad del Museo de Hurghada Safaga","og_description":"Landious Travel","og_url":"https:\/\/landioustravel.com\/es\/shop\/recorrido-ciudad-museo-hurghada-safaga\/","og_site_name":"Landious Travel","article_publisher":"https:\/\/web.facebook.com\/landiousEgypt","article_modified_time":"2024-08-19T21:16:29+00:00","og_image":[{"width":1200,"height":675,"url":"https:\/\/i0.wp.com\/landioustravel.com\/wp-content\/uploads\/2022\/12\/Hurghada-Museum-City-Tour-Safaga-e1672100176602.jpg?fit=1200%2C675&ssl=1","type":"image\/jpeg"}],"twitter_card":"summary_large_image","twitter_site":"@LandiousTours","twitter_misc":{"Tiempo de lectura":"2 minutos"},"schema":{"@context":"https:\/\/schema.org","@graph":[{"@type":"WebPage","@id":"https:\/\/landioustravel.com\/es\/shop\/recorrido-ciudad-museo-hurghada-safaga\/","url":"https:\/\/landioustravel.com\/es\/shop\/recorrido-ciudad-museo-hurghada-safaga\/","name":"Recorrido por la ciudad del Museo de Hurghada Safaga","isPartOf":{"@id":"https:\/\/landioustravel.com\/es\/#website"},"primaryImageOfPage":{"@id":"https:\/\/landioustravel.com\/es\/shop\/recorrido-ciudad-museo-hurghada-safaga\/#primaryimage"},"image":{"@id":"https:\/\/landioustravel.com\/es\/shop\/recorrido-ciudad-museo-hurghada-safaga\/#primaryimage"},"thumbnailUrl":"https:\/\/i0.wp.com\/landioustravel.com\/wp-content\/uploads\/2022\/12\/Hurghada-Museum-City-Tour-Safaga-e1672100176602.jpg?fit=1200%2C675&ssl=1","datePublished":"2023-05-28T22:30:26+00:00","dateModified":"2024-08-19T21:16:29+00:00","description":"Recorrido por la ciudad del Museo de Hurghada Safaga Si est\u00e1 interesado en experimentar la cultura antigua de Egipto sin la necesidad de viajar a El Cairo","breadcrumb":{"@id":"https:\/\/landioustravel.com\/es\/shop\/recorrido-ciudad-museo-hurghada-safaga\/#breadcrumb"},"inLanguage":"es","potentialAction":[{"@type":"ReadAction","target":["https:\/\/landioustravel.com\/es\/shop\/recorrido-ciudad-museo-hurghada-safaga\/"]}]},{"@type":"ImageObject","inLanguage":"es","@id":"https:\/\/landioustravel.com\/es\/shop\/recorrido-ciudad-museo-hurghada-safaga\/#primaryimage","url":"https:\/\/i0.wp.com\/landioustravel.com\/wp-content\/uploads\/2022\/12\/Hurghada-Museum-City-Tour-Safaga-e1672100176602.jpg?fit=1200%2C675&ssl=1","contentUrl":"https:\/\/i0.wp.com\/landioustravel.com\/wp-content\/uploads\/2022\/12\/Hurghada-Museum-City-Tour-Safaga-e1672100176602.jpg?fit=1200%2C675&ssl=1","width":1200,"height":675,"caption":"Hurghada Museum City Tour Safaga"},{"@type":"BreadcrumbList","@id":"https:\/\/landioustravel.com\/es\/shop\/recorrido-ciudad-museo-hurghada-safaga\/#breadcrumb","itemListElement":[{"@type":"ListItem","position":1,"name":"Home","item":"https:\/\/landioustravel.com\/es\/"},{"@type":"ListItem","position":2,"name":"Servicios y Tours","item":"https:\/\/landioustravel.com\/es\/"},{"@type":"ListItem","position":3,"name":"Recorrido por la ciudad del Museo de Hurghada Safaga"}]},{"@type":"WebSite","@id":"https:\/\/landioustravel.com\/es\/#website","url":"https:\/\/landioustravel.com\/es\/","name":"Landious Travel","description":"Tours and Excursions in Egypt","publisher":{"@id":"https:\/\/landioustravel.com\/es\/#organization"},"potentialAction":[{"@type":"SearchAction","target":{"@type":"EntryPoint","urlTemplate":"https:\/\/landioustravel.com\/es\/?s={search_term_string}"},"query-input":{"@type":"PropertyValueSpecification","valueRequired":true,"valueName":"search_term_string"}}],"inLanguage":"es"},{"@type":["Organization","Place"],"@id":"https:\/\/landioustravel.com\/es\/#organization","name":"Landious Travel","alternateName":"Landious Travel","url":"https:\/\/landioustravel.com\/es\/","logo":{"@id":"https:\/\/landioustravel.com\/es\/shop\/recorrido-ciudad-museo-hurghada-safaga\/#local-main-organization-logo"},"image":{"@id":"https:\/\/landioustravel.com\/es\/shop\/recorrido-ciudad-museo-hurghada-safaga\/#local-main-organization-logo"},"sameAs":["https:\/\/web.facebook.com\/landiousEgypt","https:\/\/x.com\/LandiousTours","https:\/\/mastodon.social\/@landious"],"legalName":"Landious Travel","telephone":[],"openingHoursSpecification":[{"@type":"OpeningHoursSpecification","dayOfWeek":["Monday","Tuesday","Wednesday","Thursday","Friday","Saturday","Sunday"],"opens":"09:00","closes":"17:00"}]},{"@type":"ImageObject","inLanguage":"es","@id":"https:\/\/landioustravel.com\/es\/shop\/recorrido-ciudad-museo-hurghada-safaga\/#local-main-organization-logo","url":"https:\/\/i0.wp.com\/landioustravel.com\/wp-content\/uploads\/2021\/06\/Landious-T.png?fit=500%2C500&ssl=1","contentUrl":"https:\/\/i0.wp.com\/landioustravel.com\/wp-content\/uploads\/2021\/06\/Landious-T.png?fit=500%2C500&ssl=1","width":500,"height":500,"caption":"Landious Travel"}]}},"jetpack_publicize_connections":[],"uagb_featured_image_src":{"full":["https:\/\/i0.wp.com\/landioustravel.com\/wp-content\/uploads\/2022\/12\/Hurghada-Museum-City-Tour-Safaga-e1672100176602.jpg?fit=1200%2C675&ssl=1",1200,675,false],"thumbnail":["https:\/\/i0.wp.com\/landioustravel.com\/wp-content\/uploads\/2022\/12\/Hurghada-Museum-City-Tour-Safaga-e1672100176602.jpg?resize=150%2C150&ssl=1",150,150,true],"medium":["https:\/\/i0.wp.com\/landioustravel.com\/wp-content\/uploads\/2022\/12\/Hurghada-Museum-City-Tour-Safaga-e1672100176602.jpg?fit=300%2C169&ssl=1",300,169,true],"medium_large":["https:\/\/i0.wp.com\/landioustravel.com\/wp-content\/uploads\/2022\/12\/Hurghada-Museum-City-Tour-Safaga-e1672100176602.jpg?fit=768%2C432&ssl=1",768,432,true],"large":["https:\/\/i0.wp.com\/landioustravel.com\/wp-content\/uploads\/2022\/12\/Hurghada-Museum-City-Tour-Safaga-e1672100176602.jpg?fit=980%2C551&ssl=1",980,551,true],"1536x1536":["https:\/\/i0.wp.com\/landioustravel.com\/wp-content\/uploads\/2022\/12\/Hurghada-Museum-City-Tour-Safaga-e1672100176602.jpg?fit=1536%2C691&ssl=1",1536,691,true],"2048x2048":["https:\/\/i0.wp.com\/landioustravel.com\/wp-content\/uploads\/2022\/12\/Hurghada-Museum-City-Tour-Safaga-e1672100176602.jpg?fit=1200%2C675&ssl=1",1200,675,true],"newspack-article-block-landscape-large":["https:\/\/i0.wp.com\/landioustravel.com\/wp-content\/uploads\/2022\/12\/Hurghada-Museum-City-Tour-Safaga-e1672100176602.jpg?resize=1200%2C675&ssl=1",1200,675,true],"newspack-article-block-portrait-large":["https:\/\/i0.wp.com\/landioustravel.com\/wp-content\/uploads\/2022\/12\/Hurghada-Museum-City-Tour-Safaga-e1672100176602.jpg?resize=900%2C675&ssl=1",900,675,true],"newspack-article-block-square-large":["https:\/\/i0.wp.com\/landioustravel.com\/wp-content\/uploads\/2022\/12\/Hurghada-Museum-City-Tour-Safaga-e1672100176602.jpg?resize=1200%2C675&ssl=1",1200,675,true],"newspack-article-block-landscape-medium":["https:\/\/i0.wp.com\/landioustravel.com\/wp-content\/uploads\/2022\/12\/Hurghada-Museum-City-Tour-Safaga-e1672100176602.jpg?resize=800%2C600&ssl=1",800,600,true],"newspack-article-block-portrait-medium":["https:\/\/i0.wp.com\/landioustravel.com\/wp-content\/uploads\/2022\/12\/Hurghada-Museum-City-Tour-Safaga-e1672100176602.jpg?resize=600%2C675&ssl=1",600,675,true],"newspack-article-block-square-medium":["https:\/\/i0.wp.com\/landioustravel.com\/wp-content\/uploads\/2022\/12\/Hurghada-Museum-City-Tour-Safaga-e1672100176602.jpg?resize=800%2C675&ssl=1",800,675,true],"newspack-article-block-landscape-intermediate":["https:\/\/i0.wp.com\/landioustravel.com\/wp-content\/uploads\/2022\/12\/Hurghada-Museum-City-Tour-Safaga-e1672100176602.jpg?resize=600%2C450&ssl=1",600,450,true],"newspack-article-block-portrait-intermediate":["https:\/\/i0.wp.com\/landioustravel.com\/wp-content\/uploads\/2022\/12\/Hurghada-Museum-City-Tour-Safaga-e1672100176602.jpg?resize=450%2C600&ssl=1",450,600,true],"newspack-article-block-square-intermediate":["https:\/\/i0.wp.com\/landioustravel.com\/wp-content\/uploads\/2022\/12\/Hurghada-Museum-City-Tour-Safaga-e1672100176602.jpg?resize=600%2C600&ssl=1",600,600,true],"newspack-article-block-landscape-small":["https:\/\/i0.wp.com\/landioustravel.com\/wp-content\/uploads\/2022\/12\/Hurghada-Museum-City-Tour-Safaga-e1672100176602.jpg?resize=400%2C300&ssl=1",400,300,true],"newspack-article-block-portrait-small":["https:\/\/i0.wp.com\/landioustravel.com\/wp-content\/uploads\/2022\/12\/Hurghada-Museum-City-Tour-Safaga-e1672100176602.jpg?resize=300%2C400&ssl=1",300,400,true],"newspack-article-block-square-small":["https:\/\/i0.wp.com\/landioustravel.com\/wp-content\/uploads\/2022\/12\/Hurghada-Museum-City-Tour-Safaga-e1672100176602.jpg?resize=400%2C400&ssl=1",400,400,true],"newspack-article-block-landscape-tiny":["https:\/\/i0.wp.com\/landioustravel.com\/wp-content\/uploads\/2022\/12\/Hurghada-Museum-City-Tour-Safaga-e1672100176602.jpg?resize=200%2C150&ssl=1",200,150,true],"newspack-article-block-portrait-tiny":["https:\/\/i0.wp.com\/landioustravel.com\/wp-content\/uploads\/2022\/12\/Hurghada-Museum-City-Tour-Safaga-e1672100176602.jpg?resize=150%2C200&ssl=1",150,200,true],"newspack-article-block-square-tiny":["https:\/\/i0.wp.com\/landioustravel.com\/wp-content\/uploads\/2022\/12\/Hurghada-Museum-City-Tour-Safaga-e1672100176602.jpg?resize=200%2C200&ssl=1",200,200,true],"newspack-article-block-uncropped":["https:\/\/i0.wp.com\/landioustravel.com\/wp-content\/uploads\/2022\/12\/Hurghada-Museum-City-Tour-Safaga-e1672100176602.jpg?fit=1200%2C675&ssl=1",1200,675,true],"woocommerce_thumbnail":["https:\/\/i0.wp.com\/landioustravel.com\/wp-content\/uploads\/2022\/12\/Hurghada-Museum-City-Tour-Safaga-e1672100176602.jpg?resize=324%2C324&ssl=1",324,324,true],"woocommerce_single":["https:\/\/i0.wp.com\/landioustravel.com\/wp-content\/uploads\/2022\/12\/Hurghada-Museum-City-Tour-Safaga-e1672100176602.jpg?fit=416%2C234&ssl=1",416,234,true],"woocommerce_gallery_thumbnail":["https:\/\/i0.wp.com\/landioustravel.com\/wp-content\/uploads\/2022\/12\/Hurghada-Museum-City-Tour-Safaga-e1672100176602.jpg?resize=100%2C100&ssl=1",100,100,true]},"uagb_author_info":{"display_name":"Mofreh Landious","author_link":"https:\/\/landioustravel.com\/es\/author\/"},"uagb_comment_info":0,"uagb_excerpt":"Si est\u00e1 interesado en experimentar la cultura antigua de Egipto sin la necesidad de viajar a El Cairo o Luxor, \u00a1esta excursi\u00f3n ser\u00eda perfecta para usted! Recientemente, se inaugur\u00f3 un museo en Hurghada que exhibe artefactos genuinos de varias tumbas y territorios donde vivieron personas de diferentes \u00e9pocas en este misterioso pa\u00eds. El Ministerio de&hellip;","jetpack_sharing_enabled":true,"jetpack_likes_enabled":true,"amp_enabled":true,"_links":{"self":[{"href":"https:\/\/landioustravel.com\/es\/wp-json\/wp\/v2\/product\/142946","targetHints":{"allow":["GET"]}}],"collection":[{"href":"https:\/\/landioustravel.com\/es\/wp-json\/wp\/v2\/product"}],"about":[{"href":"https:\/\/landioustravel.com\/es\/wp-json\/wp\/v2\/types\/product"}],"replies":[{"embeddable":true,"href":"https:\/\/landioustravel.com\/es\/wp-json\/wp\/v2\/comments?post=142946"}],"wp:featuredmedia":[{"embeddable":true,"href":"https:\/\/landioustravel.com\/es\/wp-json\/wp\/v2\/media\/142441"}],"wp:attachment":[{"href":"https:\/\/landioustravel.com\/es\/wp-json\/wp\/v2\/media?parent=142946"}],"wp:term":[{"taxonomy":"product_brand","embeddable":true,"href":"https:\/\/landioustravel.com\/es\/wp-json\/wp\/v2\/product_brand?post=142946"},{"taxonomy":"product_cat","embeddable":true,"href":"https:\/\/landioustravel.com\/es\/wp-json\/wp\/v2\/product_cat?post=142946"},{"taxonomy":"product_tag","embeddable":true,"href":"https:\/\/landioustravel.com\/es\/wp-json\/wp\/v2\/product_tag?post=142946"}],"curies":[{"name":"wp","href":"https:\/\/api.w.org\/{rel}","templated":true}]}}