{"id":142955,"date":"2022-12-26T22:17:53","date_gmt":"2023-05-28T22:12:07","guid":{"rendered":"https:\/\/landioustravel.com\/?post_type=product&#038;p=142955"},"modified":"2023-06-18T17:09:29","modified_gmt":"2023-06-18T15:09:29","slug":"orange-bay-lancha-rapida-safaga","status":"publish","type":"product","link":"https:\/\/landioustravel.com\/es\/shop\/orange-bay-lancha-rapida-safaga\/","title":{"rendered":"Orange Bay en lancha r\u00e1pida Safaga"},"content":{"rendered":"<p>Orange Bay en lancha r\u00e1pida Safaga es un viaje privado por mar en lancha r\u00e1pida a Orange Bay en Hurghada, Egipto. \u00a1Recomendamos el viaje porque permite a los turistas pasar un buen rato en las islas del mar! Le permitir\u00e1 ver hermosos arrecifes de coral y una variedad de peces. Adem\u00e1s, disfrutar\u00e1s de un picnic en barco por el Mar Rojo y te ubicar\u00e1s en Orange Bay en la isla Grand Giftun, con m\u00e1s servicios en la playa. \u00a1Digno, la isla est\u00e1 cerca de la costa de Hurghada!<\/p>\n<h2>Aspectos destacados en lancha motora privada a Orange Bay en Safaga<\/h2>\n<ul>\n<li>Nadar en mar abierto desde la lancha r\u00e1pida.<\/li>\n<li>Snorkel con m\u00e1scaras y aletas en mar abierto.<\/li>\n<li>Adem\u00e1s, desembarco en la playa de Orange Bay en la isla Giftun.<\/li>\n<\/ul>\n<h2>Programa del viaje en lancha r\u00e1pida a la isla de Orange Bay<\/h2>\n<ul>\n<li>El representante de Landious Travel lo recoger\u00e1 de los hoteles de Safaga aproximadamente a las 08:00 am.<\/li>\n<li>Despu\u00e9s de recoger a todos los interesados, el autob\u00fas se dirige al puerto. El camino al puerto toma aproximadamente 40 minutos.<\/li>\n<li>Encontrar\u00e1s tu lancha r\u00e1pida cuando llegues a ese puerto. \u00a1Es un chic! Esta lancha r\u00e1pida tiene asientos c\u00f3modos y un refrigerador. Tan pronto como ingrese a la lancha r\u00e1pida, puede prepararse para un fabuloso picnic en el Mar Rojo.<\/li>\n<li>Luego, la lancha se desplaza por el Mar Rojo hacia un hermoso arrecife de coral. Por supuesto, puedes nadar y hacer snorkel con m\u00e1scaras y aletas. Despu\u00e9s de eso, har\u00e1s una parada en este hermoso deporte.<\/li>\n<li>Te llevaremos en la lancha r\u00e1pida hasta all\u00ed. Tu pr\u00f3xima parada ser\u00e1 en la bah\u00eda de ensue\u00f1o de Orange Bay en la isla Giftun. Despu\u00e9s de eso, su gu\u00eda le dar\u00e1 una idea de las posibilidades en la playa: ba\u00f1os, carpas y tumbonas.<\/li>\n<li>En la isla, pasar\u00e1s tres horas. Tendr\u00e1 suficiente tiempo para nadar y broncearse durante este tiempo.<\/li>\n<li>Finalmente, lo acompa\u00f1aremos de regreso a su hotel.<\/li>\n<li>Esta lancha motora privada a Orange Bay en Safaga termina aproximadamente a las 13:00.<\/li>\n<\/ul>\n<h2>\u00bfQu\u00e9 incluye el precio de una lancha r\u00e1pida a Orange Bay desde Safaga?<\/h2>\n<ul>\n<li>Lancha r\u00e1pida privada.<\/li>\n<li>Equipo de snorkel (M\u00e1scaras y aletas).<\/li>\n<li>Bebidas y frutas frescas en la lancha r\u00e1pida.<\/li>\n<li>Todas las instalaciones de la isla (tienda, hamaca y aseo).<\/li>\n<li>Adem\u00e1s, Traslado al puerto y regreso al hotel.<\/li>\n<\/ul>\n<h2>\u00bfQu\u00e9 no incluye el Programa de Orange Bay en Speedboat desde Safaga?<\/h2>\n<ul>\n<li>Comida en las islas.<\/li>\n<li>Bebidas en las islas.<\/li>\n<li>DVD de v\u00eddeo.<\/li>\n<li>Adem\u00e1s, el CD de fotos.<\/li>\n<\/ul>\n<h2>Aqu\u00ed hay una lista de art\u00edculos para llevar con usted para el viaje<\/h2>\n<ul>\n<li>Toalla.<\/li>\n<li>Adem\u00e1s, protector solar.<\/li>\n<\/ul>\n<h2>Reserva D\u00edas de Orange Bay en lancha r\u00e1pida desde Safaga<\/h2>\n<ul>\n<li>Todos los d\u00edas de 08:00 a 13:00.<\/li>\n<\/ul>\n<h2>GESTOS \u00daTILES SOBRE LAS INSTALACIONES DE LAS LANCHAS R\u00c1PIDAS<\/h2>\n<p>Todas nuestras lanchas r\u00e1pidas cuentan con sistema de sonido JBL, ducha de agua dulce, toldo Bimini, sol\u00e1rium, nevera, tomas de corriente y escalera. Por otro lado, las lanchas r\u00e1pidas var\u00edan seg\u00fan la potencia del motor y la capacidad de asientos. La siguiente lista indica estas variaciones:<\/p>\n<ul>\n<li>140 CV con cuatro plazas.<\/li>\n<li>140 CV con seis plazas.<\/li>\n<li>200 CV con seis plazas.<\/li>\n<li>250 CV con ocho plazas. Este viene con un inodoro.<\/li>\n<li>Adem\u00e1s, 500 CV con ocho plazas.<\/li>\n<\/ul>\n","protected":false},"excerpt":{"rendered":"<p>Emb\u00e1rcate en un viaje mar\u00edtimo privado a Orange Bay en lancha r\u00e1pida en Safaga y disfruta de un delicioso picnic en el mar en medio del impresionante Mar Rojo. La traves\u00eda incluye una parada refrescante en mar abierto, donde se puede disfrutar nadando y haciendo snorkel con m\u00e1scaras y aletas. M\u00e1s tarde, llegar\u00e1 a la serena isla Giftun, donde podr\u00e1 relajarse en la arena dorada de la playa, darse un chapuz\u00f3n en las aguas cristalinas y capturar algunas im\u00e1genes impresionantes.<\/p>\n","protected":false},"featured_media":142424,"comment_status":"open","ping_status":"closed","template":"","meta":{"_coblocks_attr":"","_coblocks_dimensions":"","_coblocks_responsive_height":"","_coblocks_accordion_ie_support":"","_uag_custom_page_level_css":"","jetpack_publicize_message":"","jetpack_publicize_feature_enabled":true,"jetpack_social_post_already_shared":true,"jetpack_social_options":{"image_generator_settings":{"template":"highway","default_image_id":0,"font":"","enabled":false},"version":2},"_wpas_customize_per_network":false},"product_brand":[],"product_cat":[19604],"product_tag":[1799,1797,1803,1798,1802],"class_list":{"0":"post-142955","1":"product","2":"type-product","3":"status-publish","4":"has-post-thumbnail","6":"product_cat-sin-categorizar","7":"product_tag-snorkel","8":"product_tag-excursion-es","9":"product_tag-isla","10":"product_tag-mar","11":"product_tag-paseos-en-barco","13":"first","14":"instock","15":"sale","16":"taxable","17":"shipping-taxable","18":"purchasable","19":"product-type-variable"},"yoast_head":"<!-- This site is optimized with the Yoast SEO Premium plugin v27.5 (Yoast SEO v27.5) - https:\/\/yoast.com\/product\/yoast-seo-premium-wordpress\/ -->\n<title>Orange Bay en lancha r\u00e1pida Safaga<\/title>\n<meta name=\"description\" content=\"Orange Bay en lancha r\u00e1pida Safaga Emb\u00e1rcate en un viaje mar\u00edtimo privado a Orange Bay en lancha r\u00e1pida en Safaga y disfruta de un delicioso picnic en el\" \/>\n<meta name=\"robots\" content=\"index, follow, max-snippet:-1, max-image-preview:large, max-video-preview:-1\" \/>\n<link rel=\"canonical\" href=\"https:\/\/landioustravel.com\/es\/shop\/orange-bay-lancha-rapida-safaga\/\" \/>\n<meta property=\"og:locale\" content=\"es_ES\" \/>\n<meta property=\"og:type\" content=\"article\" \/>\n<meta property=\"og:title\" content=\"Orange Bay en lancha r\u00e1pida Safaga\" \/>\n<meta property=\"og:description\" content=\"Landious Travel\" \/>\n<meta property=\"og:url\" content=\"https:\/\/landioustravel.com\/es\/shop\/orange-bay-lancha-rapida-safaga\/\" \/>\n<meta property=\"og:site_name\" content=\"Landious Travel\" \/>\n<meta property=\"article:publisher\" content=\"https:\/\/web.facebook.com\/landiousEgypt\" \/>\n<meta property=\"article:modified_time\" content=\"2023-06-18T15:09:29+00:00\" \/>\n<meta property=\"og:image\" content=\"https:\/\/i0.wp.com\/landioustravel.com\/wp-content\/uploads\/2022\/12\/Orange-Bay-Speedboat-Safaga-e1672082934137.jpg?fit=1125%2C633&ssl=1\" \/>\n\t<meta property=\"og:image:width\" content=\"1125\" \/>\n\t<meta property=\"og:image:height\" content=\"633\" \/>\n\t<meta property=\"og:image:type\" content=\"image\/jpeg\" \/>\n<meta name=\"twitter:card\" content=\"summary_large_image\" \/>\n<meta name=\"twitter:site\" content=\"@LandiousTours\" \/>\n<meta name=\"twitter:label1\" content=\"Tiempo de lectura\" \/>\n\t<meta name=\"twitter:data1\" content=\"3 minutos\" \/>\n<script type=\"application\/ld+json\" class=\"yoast-schema-graph\">{\"@context\":\"https:\\\/\\\/schema.org\",\"@graph\":[{\"@type\":\"WebPage\",\"@id\":\"https:\\\/\\\/landioustravel.com\\\/es\\\/shop\\\/orange-bay-lancha-rapida-safaga\\\/\",\"url\":\"https:\\\/\\\/landioustravel.com\\\/es\\\/shop\\\/orange-bay-lancha-rapida-safaga\\\/\",\"name\":\"Orange Bay en lancha r\u00e1pida Safaga\",\"isPartOf\":{\"@id\":\"https:\\\/\\\/landioustravel.com\\\/es\\\/#website\"},\"primaryImageOfPage\":{\"@id\":\"https:\\\/\\\/landioustravel.com\\\/es\\\/shop\\\/orange-bay-lancha-rapida-safaga\\\/#primaryimage\"},\"image\":{\"@id\":\"https:\\\/\\\/landioustravel.com\\\/es\\\/shop\\\/orange-bay-lancha-rapida-safaga\\\/#primaryimage\"},\"thumbnailUrl\":\"https:\\\/\\\/i0.wp.com\\\/landioustravel.com\\\/wp-content\\\/uploads\\\/2022\\\/12\\\/Orange-Bay-Speedboat-Safaga-e1672082934137.jpg?fit=1125%2C633&ssl=1\",\"datePublished\":\"2023-05-28T22:12:07+00:00\",\"dateModified\":\"2023-06-18T15:09:29+00:00\",\"description\":\"Orange Bay en lancha r\u00e1pida Safaga Emb\u00e1rcate en un viaje mar\u00edtimo privado a Orange Bay en lancha r\u00e1pida en Safaga y disfruta de un delicioso picnic en el\",\"breadcrumb\":{\"@id\":\"https:\\\/\\\/landioustravel.com\\\/es\\\/shop\\\/orange-bay-lancha-rapida-safaga\\\/#breadcrumb\"},\"inLanguage\":\"es\",\"potentialAction\":[{\"@type\":\"ReadAction\",\"target\":[\"https:\\\/\\\/landioustravel.com\\\/es\\\/shop\\\/orange-bay-lancha-rapida-safaga\\\/\"]}]},{\"@type\":\"ImageObject\",\"inLanguage\":\"es\",\"@id\":\"https:\\\/\\\/landioustravel.com\\\/es\\\/shop\\\/orange-bay-lancha-rapida-safaga\\\/#primaryimage\",\"url\":\"https:\\\/\\\/i0.wp.com\\\/landioustravel.com\\\/wp-content\\\/uploads\\\/2022\\\/12\\\/Orange-Bay-Speedboat-Safaga-e1672082934137.jpg?fit=1125%2C633&ssl=1\",\"contentUrl\":\"https:\\\/\\\/i0.wp.com\\\/landioustravel.com\\\/wp-content\\\/uploads\\\/2022\\\/12\\\/Orange-Bay-Speedboat-Safaga-e1672082934137.jpg?fit=1125%2C633&ssl=1\",\"width\":1125,\"height\":633,\"caption\":\"Orange Bay Speedboat Safaga\"},{\"@type\":\"BreadcrumbList\",\"@id\":\"https:\\\/\\\/landioustravel.com\\\/es\\\/shop\\\/orange-bay-lancha-rapida-safaga\\\/#breadcrumb\",\"itemListElement\":[{\"@type\":\"ListItem\",\"position\":1,\"name\":\"Home\",\"item\":\"https:\\\/\\\/landioustravel.com\\\/es\\\/\"},{\"@type\":\"ListItem\",\"position\":2,\"name\":\"Servicios y Tours\",\"item\":\"https:\\\/\\\/landioustravel.com\\\/es\\\/\"},{\"@type\":\"ListItem\",\"position\":3,\"name\":\"Orange Bay en lancha r\u00e1pida Safaga\"}]},{\"@type\":\"WebSite\",\"@id\":\"https:\\\/\\\/landioustravel.com\\\/es\\\/#website\",\"url\":\"https:\\\/\\\/landioustravel.com\\\/es\\\/\",\"name\":\"Landious Travel\",\"description\":\"Tours and Excursions in Egypt\",\"publisher\":{\"@id\":\"https:\\\/\\\/landioustravel.com\\\/es\\\/#organization\"},\"potentialAction\":[{\"@type\":\"SearchAction\",\"target\":{\"@type\":\"EntryPoint\",\"urlTemplate\":\"https:\\\/\\\/landioustravel.com\\\/es\\\/?s={search_term_string}\"},\"query-input\":{\"@type\":\"PropertyValueSpecification\",\"valueRequired\":true,\"valueName\":\"search_term_string\"}}],\"inLanguage\":\"es\"},{\"@type\":[\"Organization\",\"Place\"],\"@id\":\"https:\\\/\\\/landioustravel.com\\\/es\\\/#organization\",\"name\":\"Landious Travel\",\"alternateName\":\"Landious Travel\",\"url\":\"https:\\\/\\\/landioustravel.com\\\/es\\\/\",\"logo\":{\"@id\":\"https:\\\/\\\/landioustravel.com\\\/es\\\/shop\\\/orange-bay-lancha-rapida-safaga\\\/#local-main-organization-logo\"},\"image\":{\"@id\":\"https:\\\/\\\/landioustravel.com\\\/es\\\/shop\\\/orange-bay-lancha-rapida-safaga\\\/#local-main-organization-logo\"},\"sameAs\":[\"https:\\\/\\\/web.facebook.com\\\/landiousEgypt\",\"https:\\\/\\\/x.com\\\/LandiousTours\",\"https:\\\/\\\/mastodon.social\\\/@landious\"],\"legalName\":\"Landious Travel\",\"telephone\":[],\"openingHoursSpecification\":[{\"@type\":\"OpeningHoursSpecification\",\"dayOfWeek\":[\"Monday\",\"Tuesday\",\"Wednesday\",\"Thursday\",\"Friday\",\"Saturday\",\"Sunday\"],\"opens\":\"09:00\",\"closes\":\"17:00\"}]},{\"@type\":\"ImageObject\",\"inLanguage\":\"es\",\"@id\":\"https:\\\/\\\/landioustravel.com\\\/es\\\/shop\\\/orange-bay-lancha-rapida-safaga\\\/#local-main-organization-logo\",\"url\":\"https:\\\/\\\/i0.wp.com\\\/landioustravel.com\\\/wp-content\\\/uploads\\\/2021\\\/06\\\/Landious-T.png?fit=500%2C500&ssl=1\",\"contentUrl\":\"https:\\\/\\\/i0.wp.com\\\/landioustravel.com\\\/wp-content\\\/uploads\\\/2021\\\/06\\\/Landious-T.png?fit=500%2C500&ssl=1\",\"width\":500,\"height\":500,\"caption\":\"Landious Travel\"}]}<\/script>\n<!-- \/ Yoast SEO Premium plugin. -->","yoast_head_json":{"title":"Orange Bay en lancha r\u00e1pida Safaga","description":"Orange Bay en lancha r\u00e1pida Safaga Emb\u00e1rcate en un viaje mar\u00edtimo privado a Orange Bay en lancha r\u00e1pida en Safaga y disfruta de un delicioso picnic en el","robots":{"index":"index","follow":"follow","max-snippet":"max-snippet:-1","max-image-preview":"max-image-preview:large","max-video-preview":"max-video-preview:-1"},"canonical":"https:\/\/landioustravel.com\/es\/shop\/orange-bay-lancha-rapida-safaga\/","og_locale":"es_ES","og_type":"article","og_title":"Orange Bay en lancha r\u00e1pida Safaga","og_description":"Landious Travel","og_url":"https:\/\/landioustravel.com\/es\/shop\/orange-bay-lancha-rapida-safaga\/","og_site_name":"Landious Travel","article_publisher":"https:\/\/web.facebook.com\/landiousEgypt","article_modified_time":"2023-06-18T15:09:29+00:00","og_image":[{"width":1125,"height":633,"url":"https:\/\/i0.wp.com\/landioustravel.com\/wp-content\/uploads\/2022\/12\/Orange-Bay-Speedboat-Safaga-e1672082934137.jpg?fit=1125%2C633&ssl=1","type":"image\/jpeg"}],"twitter_card":"summary_large_image","twitter_site":"@LandiousTours","twitter_misc":{"Tiempo de lectura":"3 minutos"},"schema":{"@context":"https:\/\/schema.org","@graph":[{"@type":"WebPage","@id":"https:\/\/landioustravel.com\/es\/shop\/orange-bay-lancha-rapida-safaga\/","url":"https:\/\/landioustravel.com\/es\/shop\/orange-bay-lancha-rapida-safaga\/","name":"Orange Bay en lancha r\u00e1pida Safaga","isPartOf":{"@id":"https:\/\/landioustravel.com\/es\/#website"},"primaryImageOfPage":{"@id":"https:\/\/landioustravel.com\/es\/shop\/orange-bay-lancha-rapida-safaga\/#primaryimage"},"image":{"@id":"https:\/\/landioustravel.com\/es\/shop\/orange-bay-lancha-rapida-safaga\/#primaryimage"},"thumbnailUrl":"https:\/\/i0.wp.com\/landioustravel.com\/wp-content\/uploads\/2022\/12\/Orange-Bay-Speedboat-Safaga-e1672082934137.jpg?fit=1125%2C633&ssl=1","datePublished":"2023-05-28T22:12:07+00:00","dateModified":"2023-06-18T15:09:29+00:00","description":"Orange Bay en lancha r\u00e1pida Safaga Emb\u00e1rcate en un viaje mar\u00edtimo privado a Orange Bay en lancha r\u00e1pida en Safaga y disfruta de un delicioso picnic en el","breadcrumb":{"@id":"https:\/\/landioustravel.com\/es\/shop\/orange-bay-lancha-rapida-safaga\/#breadcrumb"},"inLanguage":"es","potentialAction":[{"@type":"ReadAction","target":["https:\/\/landioustravel.com\/es\/shop\/orange-bay-lancha-rapida-safaga\/"]}]},{"@type":"ImageObject","inLanguage":"es","@id":"https:\/\/landioustravel.com\/es\/shop\/orange-bay-lancha-rapida-safaga\/#primaryimage","url":"https:\/\/i0.wp.com\/landioustravel.com\/wp-content\/uploads\/2022\/12\/Orange-Bay-Speedboat-Safaga-e1672082934137.jpg?fit=1125%2C633&ssl=1","contentUrl":"https:\/\/i0.wp.com\/landioustravel.com\/wp-content\/uploads\/2022\/12\/Orange-Bay-Speedboat-Safaga-e1672082934137.jpg?fit=1125%2C633&ssl=1","width":1125,"height":633,"caption":"Orange Bay Speedboat Safaga"},{"@type":"BreadcrumbList","@id":"https:\/\/landioustravel.com\/es\/shop\/orange-bay-lancha-rapida-safaga\/#breadcrumb","itemListElement":[{"@type":"ListItem","position":1,"name":"Home","item":"https:\/\/landioustravel.com\/es\/"},{"@type":"ListItem","position":2,"name":"Servicios y Tours","item":"https:\/\/landioustravel.com\/es\/"},{"@type":"ListItem","position":3,"name":"Orange Bay en lancha r\u00e1pida Safaga"}]},{"@type":"WebSite","@id":"https:\/\/landioustravel.com\/es\/#website","url":"https:\/\/landioustravel.com\/es\/","name":"Landious Travel","description":"Tours and Excursions in Egypt","publisher":{"@id":"https:\/\/landioustravel.com\/es\/#organization"},"potentialAction":[{"@type":"SearchAction","target":{"@type":"EntryPoint","urlTemplate":"https:\/\/landioustravel.com\/es\/?s={search_term_string}"},"query-input":{"@type":"PropertyValueSpecification","valueRequired":true,"valueName":"search_term_string"}}],"inLanguage":"es"},{"@type":["Organization","Place"],"@id":"https:\/\/landioustravel.com\/es\/#organization","name":"Landious Travel","alternateName":"Landious Travel","url":"https:\/\/landioustravel.com\/es\/","logo":{"@id":"https:\/\/landioustravel.com\/es\/shop\/orange-bay-lancha-rapida-safaga\/#local-main-organization-logo"},"image":{"@id":"https:\/\/landioustravel.com\/es\/shop\/orange-bay-lancha-rapida-safaga\/#local-main-organization-logo"},"sameAs":["https:\/\/web.facebook.com\/landiousEgypt","https:\/\/x.com\/LandiousTours","https:\/\/mastodon.social\/@landious"],"legalName":"Landious Travel","telephone":[],"openingHoursSpecification":[{"@type":"OpeningHoursSpecification","dayOfWeek":["Monday","Tuesday","Wednesday","Thursday","Friday","Saturday","Sunday"],"opens":"09:00","closes":"17:00"}]},{"@type":"ImageObject","inLanguage":"es","@id":"https:\/\/landioustravel.com\/es\/shop\/orange-bay-lancha-rapida-safaga\/#local-main-organization-logo","url":"https:\/\/i0.wp.com\/landioustravel.com\/wp-content\/uploads\/2021\/06\/Landious-T.png?fit=500%2C500&ssl=1","contentUrl":"https:\/\/i0.wp.com\/landioustravel.com\/wp-content\/uploads\/2021\/06\/Landious-T.png?fit=500%2C500&ssl=1","width":500,"height":500,"caption":"Landious Travel"}]}},"jetpack_publicize_connections":[],"uagb_featured_image_src":{"full":["https:\/\/i0.wp.com\/landioustravel.com\/wp-content\/uploads\/2022\/12\/Orange-Bay-Speedboat-Safaga-e1672082934137.jpg?fit=1125%2C633&ssl=1",1125,633,false],"thumbnail":["https:\/\/i0.wp.com\/landioustravel.com\/wp-content\/uploads\/2022\/12\/Orange-Bay-Speedboat-Safaga-e1672082934137.jpg?resize=150%2C150&ssl=1",150,150,true],"medium":["https:\/\/i0.wp.com\/landioustravel.com\/wp-content\/uploads\/2022\/12\/Orange-Bay-Speedboat-Safaga-e1672082934137.jpg?fit=300%2C169&ssl=1",300,169,true],"medium_large":["https:\/\/i0.wp.com\/landioustravel.com\/wp-content\/uploads\/2022\/12\/Orange-Bay-Speedboat-Safaga-e1672082934137.jpg?fit=768%2C432&ssl=1",768,432,true],"large":["https:\/\/i0.wp.com\/landioustravel.com\/wp-content\/uploads\/2022\/12\/Orange-Bay-Speedboat-Safaga-e1672082934137.jpg?fit=980%2C551&ssl=1",980,551,true],"1536x1536":["https:\/\/i0.wp.com\/landioustravel.com\/wp-content\/uploads\/2022\/12\/Orange-Bay-Speedboat-Safaga-e1672082934137.jpg?fit=1125%2C633&ssl=1",1125,633,true],"2048x2048":["https:\/\/i0.wp.com\/landioustravel.com\/wp-content\/uploads\/2022\/12\/Orange-Bay-Speedboat-Safaga-e1672082934137.jpg?fit=1125%2C633&ssl=1",1125,633,true],"newspack-article-block-landscape-large":["https:\/\/i0.wp.com\/landioustravel.com\/wp-content\/uploads\/2022\/12\/Orange-Bay-Speedboat-Safaga-e1672082934137.jpg?resize=1125%2C633&ssl=1",1125,633,true],"newspack-article-block-portrait-large":["https:\/\/i0.wp.com\/landioustravel.com\/wp-content\/uploads\/2022\/12\/Orange-Bay-Speedboat-Safaga-e1672082934137.jpg?resize=900%2C633&ssl=1",900,633,true],"newspack-article-block-square-large":["https:\/\/i0.wp.com\/landioustravel.com\/wp-content\/uploads\/2022\/12\/Orange-Bay-Speedboat-Safaga-e1672082934137.jpg?resize=1125%2C633&ssl=1",1125,633,true],"newspack-article-block-landscape-medium":["https:\/\/i0.wp.com\/landioustravel.com\/wp-content\/uploads\/2022\/12\/Orange-Bay-Speedboat-Safaga-e1672082934137.jpg?resize=800%2C600&ssl=1",800,600,true],"newspack-article-block-portrait-medium":["https:\/\/i0.wp.com\/landioustravel.com\/wp-content\/uploads\/2022\/12\/Orange-Bay-Speedboat-Safaga-e1672082934137.jpg?resize=600%2C633&ssl=1",600,633,true],"newspack-article-block-square-medium":["https:\/\/i0.wp.com\/landioustravel.com\/wp-content\/uploads\/2022\/12\/Orange-Bay-Speedboat-Safaga-e1672082934137.jpg?resize=800%2C633&ssl=1",800,633,true],"newspack-article-block-landscape-intermediate":["https:\/\/i0.wp.com\/landioustravel.com\/wp-content\/uploads\/2022\/12\/Orange-Bay-Speedboat-Safaga-e1672082934137.jpg?resize=600%2C450&ssl=1",600,450,true],"newspack-article-block-portrait-intermediate":["https:\/\/i0.wp.com\/landioustravel.com\/wp-content\/uploads\/2022\/12\/Orange-Bay-Speedboat-Safaga-e1672082934137.jpg?resize=450%2C600&ssl=1",450,600,true],"newspack-article-block-square-intermediate":["https:\/\/i0.wp.com\/landioustravel.com\/wp-content\/uploads\/2022\/12\/Orange-Bay-Speedboat-Safaga-e1672082934137.jpg?resize=600%2C600&ssl=1",600,600,true],"newspack-article-block-landscape-small":["https:\/\/i0.wp.com\/landioustravel.com\/wp-content\/uploads\/2022\/12\/Orange-Bay-Speedboat-Safaga-e1672082934137.jpg?resize=400%2C300&ssl=1",400,300,true],"newspack-article-block-portrait-small":["https:\/\/i0.wp.com\/landioustravel.com\/wp-content\/uploads\/2022\/12\/Orange-Bay-Speedboat-Safaga-e1672082934137.jpg?resize=300%2C400&ssl=1",300,400,true],"newspack-article-block-square-small":["https:\/\/i0.wp.com\/landioustravel.com\/wp-content\/uploads\/2022\/12\/Orange-Bay-Speedboat-Safaga-e1672082934137.jpg?resize=400%2C400&ssl=1",400,400,true],"newspack-article-block-landscape-tiny":["https:\/\/i0.wp.com\/landioustravel.com\/wp-content\/uploads\/2022\/12\/Orange-Bay-Speedboat-Safaga-e1672082934137.jpg?resize=200%2C150&ssl=1",200,150,true],"newspack-article-block-portrait-tiny":["https:\/\/i0.wp.com\/landioustravel.com\/wp-content\/uploads\/2022\/12\/Orange-Bay-Speedboat-Safaga-e1672082934137.jpg?resize=150%2C200&ssl=1",150,200,true],"newspack-article-block-square-tiny":["https:\/\/i0.wp.com\/landioustravel.com\/wp-content\/uploads\/2022\/12\/Orange-Bay-Speedboat-Safaga-e1672082934137.jpg?resize=200%2C200&ssl=1",200,200,true],"newspack-article-block-uncropped":["https:\/\/i0.wp.com\/landioustravel.com\/wp-content\/uploads\/2022\/12\/Orange-Bay-Speedboat-Safaga-e1672082934137.jpg?fit=1125%2C633&ssl=1",1125,633,true],"woocommerce_thumbnail":["https:\/\/i0.wp.com\/landioustravel.com\/wp-content\/uploads\/2022\/12\/Orange-Bay-Speedboat-Safaga-e1672082934137.jpg?resize=324%2C324&ssl=1",324,324,true],"woocommerce_single":["https:\/\/i0.wp.com\/landioustravel.com\/wp-content\/uploads\/2022\/12\/Orange-Bay-Speedboat-Safaga-e1672082934137.jpg?fit=416%2C234&ssl=1",416,234,true],"woocommerce_gallery_thumbnail":["https:\/\/i0.wp.com\/landioustravel.com\/wp-content\/uploads\/2022\/12\/Orange-Bay-Speedboat-Safaga-e1672082934137.jpg?resize=100%2C100&ssl=1",100,100,true]},"uagb_author_info":{"display_name":"Mofreh Landious","author_link":"https:\/\/landioustravel.com\/es\/author\/"},"uagb_comment_info":0,"uagb_excerpt":"Emb\u00e1rcate en un viaje mar\u00edtimo privado a Orange Bay en lancha r\u00e1pida en Safaga y disfruta de un delicioso picnic en el mar en medio del impresionante Mar Rojo. La traves\u00eda incluye una parada refrescante en mar abierto, donde se puede disfrutar nadando y haciendo snorkel con m\u00e1scaras y aletas. M\u00e1s tarde, llegar\u00e1 a la&hellip;","jetpack_sharing_enabled":true,"jetpack_likes_enabled":true,"amp_enabled":true,"_links":{"self":[{"href":"https:\/\/landioustravel.com\/es\/wp-json\/wp\/v2\/product\/142955","targetHints":{"allow":["GET"]}}],"collection":[{"href":"https:\/\/landioustravel.com\/es\/wp-json\/wp\/v2\/product"}],"about":[{"href":"https:\/\/landioustravel.com\/es\/wp-json\/wp\/v2\/types\/product"}],"replies":[{"embeddable":true,"href":"https:\/\/landioustravel.com\/es\/wp-json\/wp\/v2\/comments?post=142955"}],"wp:featuredmedia":[{"embeddable":true,"href":"https:\/\/landioustravel.com\/es\/wp-json\/wp\/v2\/media\/142424"}],"wp:attachment":[{"href":"https:\/\/landioustravel.com\/es\/wp-json\/wp\/v2\/media?parent=142955"}],"wp:term":[{"taxonomy":"product_brand","embeddable":true,"href":"https:\/\/landioustravel.com\/es\/wp-json\/wp\/v2\/product_brand?post=142955"},{"taxonomy":"product_cat","embeddable":true,"href":"https:\/\/landioustravel.com\/es\/wp-json\/wp\/v2\/product_cat?post=142955"},{"taxonomy":"product_tag","embeddable":true,"href":"https:\/\/landioustravel.com\/es\/wp-json\/wp\/v2\/product_tag?post=142955"}],"curies":[{"name":"wp","href":"https:\/\/api.w.org\/{rel}","templated":true}]}}