{"id":142994,"date":"2022-12-23T18:45:05","date_gmt":"2023-05-28T16:09:42","guid":{"rendered":"https:\/\/landioustravel.com\/?post_type=product&#038;p=142994"},"modified":"2024-01-11T00:16:54","modified_gmt":"2024-01-10T22:16:54","slug":"viaje-grand-aquarium-safaga","status":"publish","type":"product","link":"https:\/\/landioustravel.com\/es\/shop\/viaje-grand-aquarium-safaga\/","title":{"rendered":"Viaje al Grand Aquarium desde Safaga"},"content":{"rendered":"<p>Viaje al Grand Aquarium desde Safaga es una entretenida excursi\u00f3n al acuario gigante en Hurghada: \u00a1Gran Acuario! Fundamentalmente, recomendamos el viaje porque permite a los turistas ver el acuario m\u00e1s grande de Egipto. Adem\u00e1s, \u00a1este lugar tiene un peque\u00f1o zool\u00f3gico ubicado dentro! De hecho, este recorrido le brindar\u00e1 diversi\u00f3n y entretenimiento a usted y a toda la familia.<\/p>\n<h2>Aspectos destacados de la excursi\u00f3n al Grand Aquarium desde Safaga<\/h2>\n<ul>\n<li>La orientaci\u00f3n del acuario y zool\u00f3gico con un gu\u00eda profesional.<\/li>\n<li>Visita gratuita al Gran Acuario.<\/li>\n<li>Adem\u00e1s, tome una fotograf\u00eda de criaturas y animales marinos.<\/li>\n<\/ul>\n<h2>Programa del Viaje al Gran Acuario<\/h2>\n<ul>\n<li>Al principio, el representante de Landious Travel lo recoger\u00e1 de sus hoteles de Safaga aproximadamente a las 10:00 am.<\/li>\n<li>En segundo lugar, el autob\u00fas se dirigir\u00e1 al Gran Acuario despu\u00e9s de recoger a todos los interesados. Tomar\u00e1 aproximadamente 20 minutos llegar a este lugar.<\/li>\n<li>Una vez que llegue al acuario, su gu\u00eda le mostrar\u00e1 las diferentes secciones del Gran Acuario.<\/li>\n<li>Luego, nuestro l\u00edder tur\u00edstico le dar\u00e1 un recorrido gratuito para ver todas las secciones del Gran Acuario durante casi dos horas.<\/li>\n<\/ul>\n<p>Cabe mencionar que este lugar cuenta con seis secciones: un restaurante y una cafeter\u00eda. La siguiente es una indicaci\u00f3n de estas secciones:<\/p>\n<ol>\n<li>La primera Secci\u00f3n trata sobre la selva tropical africana.<\/li>\n<li>La segunda Secci\u00f3n es el acuario de agua salada.<\/li>\n<li>La tercera Secci\u00f3n es un acuario de agua dulce.<\/li>\n<li>Y la Cuarta Secci\u00f3n es Zoo.<\/li>\n<li>La quinta Secci\u00f3n es el Museo Biol\u00f3gico.<\/li>\n<li>Tambi\u00e9n la sexta Secci\u00f3n es la tienda \u00e1rabe.<\/li>\n<\/ol>\n<ul>\n<li>Finalmente, el autob\u00fas partir\u00e1 hacia su hotel despu\u00e9s de un hermoso viaje.<\/li>\n<li>Este viaje al Gran Acuario desde Safaga termina aproximadamente al mediod\u00eda. Por lo general, dura dos horas en este hermoso acuario.<\/li>\n<\/ul>\n<h2>\u00bfQu\u00e9 incluye el precio de la excursi\u00f3n Grand Aquarium Safaga?<\/h2>\n<ul>\n<li>Traslado al acuario y regreso al hotel.<\/li>\n<li>Adem\u00e1s, Entradas.<\/li>\n<\/ul>\n<h2>\u00bfQu\u00e9 no incluye el programa de Grand Aquarium desde Safaga?<\/h2>\n<ul>\n<li>DVD de v\u00eddeo.<\/li>\n<li>Adem\u00e1s, el CD de fotos.<\/li>\n<\/ul>\n<h2>Art\u00edculos para llevar contigo para el viaje<\/h2>\n<ul>\n<li>Gafas de sol<\/li>\n<\/ul>\n<h2>Reserva D\u00edas de Gran Acuario Viaje Safaga<\/h2>\n<ul>\n<li>Todos los d\u00edas de 10:00 a 12:00.<\/li>\n<li>Adem\u00e1s, todos los d\u00edas de 14:00 a 16:00.<\/li>\n<\/ul>\n","protected":false},"excerpt":{"rendered":"<p>\u00bfEst\u00e1s interesado en ver de cerca el incre\u00edble mundo submarino de Egipto? \u00a1No querr\u00e1 perderse la impresionante experiencia del \u00abMar Rojo tras un cristal\u00bb! El Gran Acuario de Hurghada es una atracci\u00f3n nueva y emocionante que cuenta con el acuario m\u00e1s grande de la ciudad. Pero no es solo un acuario: es un centro de entretenimiento completo con piscinas al aire libre, un zool\u00f3gico al aire libre y diferentes secciones de acuarios. Te sorprender\u00e1n los efectos 3D y tendr\u00e1s la oportunidad de cenar en cafeter\u00edas y restaurantes, as\u00ed como visitar un centro educativo. El precio de su viaje incluye traslados y un boleto de entrada. \u00a1No pierdas la oportunidad de embarcarte en esta incre\u00edble excursi\u00f3n y descubrir un mundo completamente nuevo!<\/p>\n","protected":false},"featured_media":142996,"comment_status":"open","ping_status":"closed","template":"","meta":{"_coblocks_attr":"","_coblocks_dimensions":"","_coblocks_responsive_height":"","_coblocks_accordion_ie_support":"","_uag_custom_page_level_css":"","jetpack_publicize_message":"","jetpack_publicize_feature_enabled":true,"jetpack_social_post_already_shared":true,"jetpack_social_options":{"image_generator_settings":{"template":"highway","default_image_id":0,"font":"","enabled":false},"version":2},"_wpas_customize_per_network":false},"product_brand":[],"product_cat":[16909],"product_tag":[1823,1797],"class_list":{"0":"post-142994","1":"product","2":"type-product","3":"status-publish","4":"has-post-thumbnail","6":"product_cat-excursiones-safaga","7":"product_tag-acuario","8":"product_tag-excursion-es","9":"pa_age-el-adulto","10":"pa_age-nino-1-4-anos","11":"pa_age-nino-5-11-anos","13":"first","14":"instock","15":"sale","16":"taxable","17":"shipping-taxable","18":"purchasable","19":"product-type-variable"},"yoast_head":"<!-- This site is optimized with the Yoast SEO Premium plugin v27.5 (Yoast SEO v27.5) - https:\/\/yoast.com\/product\/yoast-seo-premium-wordpress\/ -->\n<title>Viaje al Grand Aquarium desde Safaga<\/title>\n<meta name=\"description\" content=\"Viaje al Grand Aquarium desde Safaga \u00bfEst\u00e1s interesado en ver de cerca el incre\u00edble mundo submarino de Egipto? \u00a1No querr\u00e1 perderse la impresionante\" \/>\n<meta name=\"robots\" content=\"index, follow, max-snippet:-1, max-image-preview:large, max-video-preview:-1\" \/>\n<link rel=\"canonical\" href=\"https:\/\/landioustravel.com\/es\/shop\/viaje-grand-aquarium-safaga\/\" \/>\n<meta property=\"og:locale\" content=\"es_ES\" \/>\n<meta property=\"og:type\" content=\"article\" \/>\n<meta property=\"og:title\" content=\"Viaje al Grand Aquarium desde Safaga\" \/>\n<meta property=\"og:description\" content=\"Landious Travel\" \/>\n<meta property=\"og:url\" content=\"https:\/\/landioustravel.com\/es\/shop\/viaje-grand-aquarium-safaga\/\" \/>\n<meta property=\"og:site_name\" content=\"Landious Travel\" \/>\n<meta property=\"article:publisher\" content=\"https:\/\/web.facebook.com\/landiousEgypt\" \/>\n<meta property=\"article:modified_time\" content=\"2024-01-10T22:16:54+00:00\" \/>\n<meta property=\"og:image\" content=\"https:\/\/i0.wp.com\/landioustravel.com\/wp-content\/uploads\/2022\/12\/Grand-Aquarium-Trip-Safaga-e1671810893380.jpg?fit=1200%2C675&ssl=1\" \/>\n\t<meta property=\"og:image:width\" content=\"1200\" \/>\n\t<meta property=\"og:image:height\" content=\"675\" \/>\n\t<meta property=\"og:image:type\" content=\"image\/jpeg\" \/>\n<meta name=\"twitter:card\" content=\"summary_large_image\" \/>\n<meta name=\"twitter:site\" content=\"@LandiousTours\" \/>\n<meta name=\"twitter:label1\" content=\"Tiempo de lectura\" \/>\n\t<meta name=\"twitter:data1\" content=\"3 minutos\" \/>\n<script type=\"application\/ld+json\" class=\"yoast-schema-graph\">{\"@context\":\"https:\\\/\\\/schema.org\",\"@graph\":[{\"@type\":\"WebPage\",\"@id\":\"https:\\\/\\\/landioustravel.com\\\/es\\\/shop\\\/viaje-grand-aquarium-safaga\\\/\",\"url\":\"https:\\\/\\\/landioustravel.com\\\/es\\\/shop\\\/viaje-grand-aquarium-safaga\\\/\",\"name\":\"Viaje al Grand Aquarium desde Safaga\",\"isPartOf\":{\"@id\":\"https:\\\/\\\/landioustravel.com\\\/es\\\/#website\"},\"primaryImageOfPage\":{\"@id\":\"https:\\\/\\\/landioustravel.com\\\/es\\\/shop\\\/viaje-grand-aquarium-safaga\\\/#primaryimage\"},\"image\":{\"@id\":\"https:\\\/\\\/landioustravel.com\\\/es\\\/shop\\\/viaje-grand-aquarium-safaga\\\/#primaryimage\"},\"thumbnailUrl\":\"https:\\\/\\\/i0.wp.com\\\/landioustravel.com\\\/wp-content\\\/uploads\\\/2022\\\/12\\\/Grand-Aquarium-Trip-Safaga-e1671810893380.jpg?fit=1200%2C675&ssl=1\",\"datePublished\":\"2023-05-28T16:09:42+00:00\",\"dateModified\":\"2024-01-10T22:16:54+00:00\",\"description\":\"Viaje al Grand Aquarium desde Safaga \u00bfEst\u00e1s interesado en ver de cerca el incre\u00edble mundo submarino de Egipto? \u00a1No querr\u00e1 perderse la impresionante\",\"breadcrumb\":{\"@id\":\"https:\\\/\\\/landioustravel.com\\\/es\\\/shop\\\/viaje-grand-aquarium-safaga\\\/#breadcrumb\"},\"inLanguage\":\"es\",\"potentialAction\":[{\"@type\":\"ReadAction\",\"target\":[\"https:\\\/\\\/landioustravel.com\\\/es\\\/shop\\\/viaje-grand-aquarium-safaga\\\/\"]}]},{\"@type\":\"ImageObject\",\"inLanguage\":\"es\",\"@id\":\"https:\\\/\\\/landioustravel.com\\\/es\\\/shop\\\/viaje-grand-aquarium-safaga\\\/#primaryimage\",\"url\":\"https:\\\/\\\/i0.wp.com\\\/landioustravel.com\\\/wp-content\\\/uploads\\\/2022\\\/12\\\/Grand-Aquarium-Trip-Safaga-e1671810893380.jpg?fit=1200%2C675&ssl=1\",\"contentUrl\":\"https:\\\/\\\/i0.wp.com\\\/landioustravel.com\\\/wp-content\\\/uploads\\\/2022\\\/12\\\/Grand-Aquarium-Trip-Safaga-e1671810893380.jpg?fit=1200%2C675&ssl=1\",\"width\":1200,\"height\":675,\"caption\":\"Grand Aquarium Trip Safaga\"},{\"@type\":\"BreadcrumbList\",\"@id\":\"https:\\\/\\\/landioustravel.com\\\/es\\\/shop\\\/viaje-grand-aquarium-safaga\\\/#breadcrumb\",\"itemListElement\":[{\"@type\":\"ListItem\",\"position\":1,\"name\":\"Home\",\"item\":\"https:\\\/\\\/landioustravel.com\\\/es\\\/\"},{\"@type\":\"ListItem\",\"position\":2,\"name\":\"Servicios y Tours\",\"item\":\"https:\\\/\\\/landioustravel.com\\\/es\\\/\"},{\"@type\":\"ListItem\",\"position\":3,\"name\":\"Viaje al Grand Aquarium desde Safaga\"}]},{\"@type\":\"WebSite\",\"@id\":\"https:\\\/\\\/landioustravel.com\\\/es\\\/#website\",\"url\":\"https:\\\/\\\/landioustravel.com\\\/es\\\/\",\"name\":\"Landious Travel\",\"description\":\"Tours and Excursions in Egypt\",\"publisher\":{\"@id\":\"https:\\\/\\\/landioustravel.com\\\/es\\\/#organization\"},\"potentialAction\":[{\"@type\":\"SearchAction\",\"target\":{\"@type\":\"EntryPoint\",\"urlTemplate\":\"https:\\\/\\\/landioustravel.com\\\/es\\\/?s={search_term_string}\"},\"query-input\":{\"@type\":\"PropertyValueSpecification\",\"valueRequired\":true,\"valueName\":\"search_term_string\"}}],\"inLanguage\":\"es\"},{\"@type\":[\"Organization\",\"Place\"],\"@id\":\"https:\\\/\\\/landioustravel.com\\\/es\\\/#organization\",\"name\":\"Landious Travel\",\"alternateName\":\"Landious Travel\",\"url\":\"https:\\\/\\\/landioustravel.com\\\/es\\\/\",\"logo\":{\"@id\":\"https:\\\/\\\/landioustravel.com\\\/es\\\/shop\\\/viaje-grand-aquarium-safaga\\\/#local-main-organization-logo\"},\"image\":{\"@id\":\"https:\\\/\\\/landioustravel.com\\\/es\\\/shop\\\/viaje-grand-aquarium-safaga\\\/#local-main-organization-logo\"},\"sameAs\":[\"https:\\\/\\\/web.facebook.com\\\/landiousEgypt\",\"https:\\\/\\\/x.com\\\/LandiousTours\",\"https:\\\/\\\/mastodon.social\\\/@landious\"],\"legalName\":\"Landious Travel\",\"telephone\":[],\"openingHoursSpecification\":[{\"@type\":\"OpeningHoursSpecification\",\"dayOfWeek\":[\"Monday\",\"Tuesday\",\"Wednesday\",\"Thursday\",\"Friday\",\"Saturday\",\"Sunday\"],\"opens\":\"09:00\",\"closes\":\"17:00\"}]},{\"@type\":\"ImageObject\",\"inLanguage\":\"es\",\"@id\":\"https:\\\/\\\/landioustravel.com\\\/es\\\/shop\\\/viaje-grand-aquarium-safaga\\\/#local-main-organization-logo\",\"url\":\"https:\\\/\\\/i0.wp.com\\\/landioustravel.com\\\/wp-content\\\/uploads\\\/2021\\\/06\\\/Landious-T.png?fit=500%2C500&ssl=1\",\"contentUrl\":\"https:\\\/\\\/i0.wp.com\\\/landioustravel.com\\\/wp-content\\\/uploads\\\/2021\\\/06\\\/Landious-T.png?fit=500%2C500&ssl=1\",\"width\":500,\"height\":500,\"caption\":\"Landious Travel\"}]}<\/script>\n<!-- \/ Yoast SEO Premium plugin. -->","yoast_head_json":{"title":"Viaje al Grand Aquarium desde Safaga","description":"Viaje al Grand Aquarium desde Safaga \u00bfEst\u00e1s interesado en ver de cerca el incre\u00edble mundo submarino de Egipto? \u00a1No querr\u00e1 perderse la impresionante","robots":{"index":"index","follow":"follow","max-snippet":"max-snippet:-1","max-image-preview":"max-image-preview:large","max-video-preview":"max-video-preview:-1"},"canonical":"https:\/\/landioustravel.com\/es\/shop\/viaje-grand-aquarium-safaga\/","og_locale":"es_ES","og_type":"article","og_title":"Viaje al Grand Aquarium desde Safaga","og_description":"Landious Travel","og_url":"https:\/\/landioustravel.com\/es\/shop\/viaje-grand-aquarium-safaga\/","og_site_name":"Landious Travel","article_publisher":"https:\/\/web.facebook.com\/landiousEgypt","article_modified_time":"2024-01-10T22:16:54+00:00","og_image":[{"width":1200,"height":675,"url":"https:\/\/i0.wp.com\/landioustravel.com\/wp-content\/uploads\/2022\/12\/Grand-Aquarium-Trip-Safaga-e1671810893380.jpg?fit=1200%2C675&ssl=1","type":"image\/jpeg"}],"twitter_card":"summary_large_image","twitter_site":"@LandiousTours","twitter_misc":{"Tiempo de lectura":"3 minutos"},"schema":{"@context":"https:\/\/schema.org","@graph":[{"@type":"WebPage","@id":"https:\/\/landioustravel.com\/es\/shop\/viaje-grand-aquarium-safaga\/","url":"https:\/\/landioustravel.com\/es\/shop\/viaje-grand-aquarium-safaga\/","name":"Viaje al Grand Aquarium desde Safaga","isPartOf":{"@id":"https:\/\/landioustravel.com\/es\/#website"},"primaryImageOfPage":{"@id":"https:\/\/landioustravel.com\/es\/shop\/viaje-grand-aquarium-safaga\/#primaryimage"},"image":{"@id":"https:\/\/landioustravel.com\/es\/shop\/viaje-grand-aquarium-safaga\/#primaryimage"},"thumbnailUrl":"https:\/\/i0.wp.com\/landioustravel.com\/wp-content\/uploads\/2022\/12\/Grand-Aquarium-Trip-Safaga-e1671810893380.jpg?fit=1200%2C675&ssl=1","datePublished":"2023-05-28T16:09:42+00:00","dateModified":"2024-01-10T22:16:54+00:00","description":"Viaje al Grand Aquarium desde Safaga \u00bfEst\u00e1s interesado en ver de cerca el incre\u00edble mundo submarino de Egipto? \u00a1No querr\u00e1 perderse la impresionante","breadcrumb":{"@id":"https:\/\/landioustravel.com\/es\/shop\/viaje-grand-aquarium-safaga\/#breadcrumb"},"inLanguage":"es","potentialAction":[{"@type":"ReadAction","target":["https:\/\/landioustravel.com\/es\/shop\/viaje-grand-aquarium-safaga\/"]}]},{"@type":"ImageObject","inLanguage":"es","@id":"https:\/\/landioustravel.com\/es\/shop\/viaje-grand-aquarium-safaga\/#primaryimage","url":"https:\/\/i0.wp.com\/landioustravel.com\/wp-content\/uploads\/2022\/12\/Grand-Aquarium-Trip-Safaga-e1671810893380.jpg?fit=1200%2C675&ssl=1","contentUrl":"https:\/\/i0.wp.com\/landioustravel.com\/wp-content\/uploads\/2022\/12\/Grand-Aquarium-Trip-Safaga-e1671810893380.jpg?fit=1200%2C675&ssl=1","width":1200,"height":675,"caption":"Grand Aquarium Trip Safaga"},{"@type":"BreadcrumbList","@id":"https:\/\/landioustravel.com\/es\/shop\/viaje-grand-aquarium-safaga\/#breadcrumb","itemListElement":[{"@type":"ListItem","position":1,"name":"Home","item":"https:\/\/landioustravel.com\/es\/"},{"@type":"ListItem","position":2,"name":"Servicios y Tours","item":"https:\/\/landioustravel.com\/es\/"},{"@type":"ListItem","position":3,"name":"Viaje al Grand Aquarium desde Safaga"}]},{"@type":"WebSite","@id":"https:\/\/landioustravel.com\/es\/#website","url":"https:\/\/landioustravel.com\/es\/","name":"Landious Travel","description":"Tours and Excursions in Egypt","publisher":{"@id":"https:\/\/landioustravel.com\/es\/#organization"},"potentialAction":[{"@type":"SearchAction","target":{"@type":"EntryPoint","urlTemplate":"https:\/\/landioustravel.com\/es\/?s={search_term_string}"},"query-input":{"@type":"PropertyValueSpecification","valueRequired":true,"valueName":"search_term_string"}}],"inLanguage":"es"},{"@type":["Organization","Place"],"@id":"https:\/\/landioustravel.com\/es\/#organization","name":"Landious Travel","alternateName":"Landious Travel","url":"https:\/\/landioustravel.com\/es\/","logo":{"@id":"https:\/\/landioustravel.com\/es\/shop\/viaje-grand-aquarium-safaga\/#local-main-organization-logo"},"image":{"@id":"https:\/\/landioustravel.com\/es\/shop\/viaje-grand-aquarium-safaga\/#local-main-organization-logo"},"sameAs":["https:\/\/web.facebook.com\/landiousEgypt","https:\/\/x.com\/LandiousTours","https:\/\/mastodon.social\/@landious"],"legalName":"Landious Travel","telephone":[],"openingHoursSpecification":[{"@type":"OpeningHoursSpecification","dayOfWeek":["Monday","Tuesday","Wednesday","Thursday","Friday","Saturday","Sunday"],"opens":"09:00","closes":"17:00"}]},{"@type":"ImageObject","inLanguage":"es","@id":"https:\/\/landioustravel.com\/es\/shop\/viaje-grand-aquarium-safaga\/#local-main-organization-logo","url":"https:\/\/i0.wp.com\/landioustravel.com\/wp-content\/uploads\/2021\/06\/Landious-T.png?fit=500%2C500&ssl=1","contentUrl":"https:\/\/i0.wp.com\/landioustravel.com\/wp-content\/uploads\/2021\/06\/Landious-T.png?fit=500%2C500&ssl=1","width":500,"height":500,"caption":"Landious Travel"}]}},"jetpack_publicize_connections":[],"uagb_featured_image_src":{"full":["https:\/\/i0.wp.com\/landioustravel.com\/wp-content\/uploads\/2022\/12\/Grand-Aquarium-Trip-Safaga-e1671810893380.jpg?fit=1200%2C675&ssl=1",1200,675,false],"thumbnail":["https:\/\/i0.wp.com\/landioustravel.com\/wp-content\/uploads\/2022\/12\/Grand-Aquarium-Trip-Safaga-e1671810893380.jpg?resize=150%2C150&ssl=1",150,150,true],"medium":["https:\/\/i0.wp.com\/landioustravel.com\/wp-content\/uploads\/2022\/12\/Grand-Aquarium-Trip-Safaga-e1671810893380.jpg?fit=300%2C169&ssl=1",300,169,true],"medium_large":["https:\/\/i0.wp.com\/landioustravel.com\/wp-content\/uploads\/2022\/12\/Grand-Aquarium-Trip-Safaga-e1671810893380.jpg?fit=768%2C432&ssl=1",768,432,true],"large":["https:\/\/i0.wp.com\/landioustravel.com\/wp-content\/uploads\/2022\/12\/Grand-Aquarium-Trip-Safaga-e1671810893380.jpg?fit=980%2C551&ssl=1",980,551,true],"1536x1536":["https:\/\/i0.wp.com\/landioustravel.com\/wp-content\/uploads\/2022\/12\/Grand-Aquarium-Trip-Safaga-e1671810893380.jpg?fit=1536%2C864&ssl=1",1536,864,true],"2048x2048":["https:\/\/i0.wp.com\/landioustravel.com\/wp-content\/uploads\/2022\/12\/Grand-Aquarium-Trip-Safaga-e1671810893380.jpg?fit=1200%2C675&ssl=1",1200,675,true],"newspack-article-block-landscape-large":["https:\/\/i0.wp.com\/landioustravel.com\/wp-content\/uploads\/2022\/12\/Grand-Aquarium-Trip-Safaga-e1671810893380.jpg?resize=1200%2C675&ssl=1",1200,675,true],"newspack-article-block-portrait-large":["https:\/\/i0.wp.com\/landioustravel.com\/wp-content\/uploads\/2022\/12\/Grand-Aquarium-Trip-Safaga-e1671810893380.jpg?resize=900%2C675&ssl=1",900,675,true],"newspack-article-block-square-large":["https:\/\/i0.wp.com\/landioustravel.com\/wp-content\/uploads\/2022\/12\/Grand-Aquarium-Trip-Safaga-e1671810893380.jpg?resize=1200%2C675&ssl=1",1200,675,true],"newspack-article-block-landscape-medium":["https:\/\/i0.wp.com\/landioustravel.com\/wp-content\/uploads\/2022\/12\/Grand-Aquarium-Trip-Safaga-e1671810893380.jpg?resize=800%2C600&ssl=1",800,600,true],"newspack-article-block-portrait-medium":["https:\/\/i0.wp.com\/landioustravel.com\/wp-content\/uploads\/2022\/12\/Grand-Aquarium-Trip-Safaga-e1671810893380.jpg?resize=600%2C675&ssl=1",600,675,true],"newspack-article-block-square-medium":["https:\/\/i0.wp.com\/landioustravel.com\/wp-content\/uploads\/2022\/12\/Grand-Aquarium-Trip-Safaga-e1671810893380.jpg?resize=800%2C675&ssl=1",800,675,true],"newspack-article-block-landscape-intermediate":["https:\/\/i0.wp.com\/landioustravel.com\/wp-content\/uploads\/2022\/12\/Grand-Aquarium-Trip-Safaga-e1671810893380.jpg?resize=600%2C450&ssl=1",600,450,true],"newspack-article-block-portrait-intermediate":["https:\/\/i0.wp.com\/landioustravel.com\/wp-content\/uploads\/2022\/12\/Grand-Aquarium-Trip-Safaga-e1671810893380.jpg?resize=450%2C600&ssl=1",450,600,true],"newspack-article-block-square-intermediate":["https:\/\/i0.wp.com\/landioustravel.com\/wp-content\/uploads\/2022\/12\/Grand-Aquarium-Trip-Safaga-e1671810893380.jpg?resize=600%2C600&ssl=1",600,600,true],"newspack-article-block-landscape-small":["https:\/\/i0.wp.com\/landioustravel.com\/wp-content\/uploads\/2022\/12\/Grand-Aquarium-Trip-Safaga-e1671810893380.jpg?resize=400%2C300&ssl=1",400,300,true],"newspack-article-block-portrait-small":["https:\/\/i0.wp.com\/landioustravel.com\/wp-content\/uploads\/2022\/12\/Grand-Aquarium-Trip-Safaga-e1671810893380.jpg?resize=300%2C400&ssl=1",300,400,true],"newspack-article-block-square-small":["https:\/\/i0.wp.com\/landioustravel.com\/wp-content\/uploads\/2022\/12\/Grand-Aquarium-Trip-Safaga-e1671810893380.jpg?resize=400%2C400&ssl=1",400,400,true],"newspack-article-block-landscape-tiny":["https:\/\/i0.wp.com\/landioustravel.com\/wp-content\/uploads\/2022\/12\/Grand-Aquarium-Trip-Safaga-e1671810893380.jpg?resize=200%2C150&ssl=1",200,150,true],"newspack-article-block-portrait-tiny":["https:\/\/i0.wp.com\/landioustravel.com\/wp-content\/uploads\/2022\/12\/Grand-Aquarium-Trip-Safaga-e1671810893380.jpg?resize=150%2C200&ssl=1",150,200,true],"newspack-article-block-square-tiny":["https:\/\/i0.wp.com\/landioustravel.com\/wp-content\/uploads\/2022\/12\/Grand-Aquarium-Trip-Safaga-e1671810893380.jpg?resize=200%2C200&ssl=1",200,200,true],"newspack-article-block-uncropped":["https:\/\/i0.wp.com\/landioustravel.com\/wp-content\/uploads\/2022\/12\/Grand-Aquarium-Trip-Safaga-e1671810893380.jpg?fit=1200%2C675&ssl=1",1200,675,true],"woocommerce_thumbnail":["https:\/\/i0.wp.com\/landioustravel.com\/wp-content\/uploads\/2022\/12\/Grand-Aquarium-Trip-Safaga-e1671810893380.jpg?resize=324%2C324&ssl=1",324,324,true],"woocommerce_single":["https:\/\/i0.wp.com\/landioustravel.com\/wp-content\/uploads\/2022\/12\/Grand-Aquarium-Trip-Safaga-e1671810893380.jpg?fit=416%2C234&ssl=1",416,234,true],"woocommerce_gallery_thumbnail":["https:\/\/i0.wp.com\/landioustravel.com\/wp-content\/uploads\/2022\/12\/Grand-Aquarium-Trip-Safaga-e1671810893380.jpg?resize=100%2C100&ssl=1",100,100,true]},"uagb_author_info":{"display_name":"Mofreh Landious","author_link":"https:\/\/landioustravel.com\/es\/author\/"},"uagb_comment_info":0,"uagb_excerpt":"\u00bfEst\u00e1s interesado en ver de cerca el incre\u00edble mundo submarino de Egipto? \u00a1No querr\u00e1 perderse la impresionante experiencia del \"Mar Rojo tras un cristal\"! El Gran Acuario de Hurghada es una atracci\u00f3n nueva y emocionante que cuenta con el acuario m\u00e1s grande de la ciudad. Pero no es solo un acuario: es un centro de&hellip;","jetpack_sharing_enabled":true,"jetpack_likes_enabled":true,"amp_enabled":true,"_links":{"self":[{"href":"https:\/\/landioustravel.com\/es\/wp-json\/wp\/v2\/product\/142994","targetHints":{"allow":["GET"]}}],"collection":[{"href":"https:\/\/landioustravel.com\/es\/wp-json\/wp\/v2\/product"}],"about":[{"href":"https:\/\/landioustravel.com\/es\/wp-json\/wp\/v2\/types\/product"}],"replies":[{"embeddable":true,"href":"https:\/\/landioustravel.com\/es\/wp-json\/wp\/v2\/comments?post=142994"}],"wp:featuredmedia":[{"embeddable":true,"href":"https:\/\/landioustravel.com\/es\/wp-json\/wp\/v2\/media\/142996"}],"wp:attachment":[{"href":"https:\/\/landioustravel.com\/es\/wp-json\/wp\/v2\/media?parent=142994"}],"wp:term":[{"taxonomy":"product_brand","embeddable":true,"href":"https:\/\/landioustravel.com\/es\/wp-json\/wp\/v2\/product_brand?post=142994"},{"taxonomy":"product_cat","embeddable":true,"href":"https:\/\/landioustravel.com\/es\/wp-json\/wp\/v2\/product_cat?post=142994"},{"taxonomy":"product_tag","embeddable":true,"href":"https:\/\/landioustravel.com\/es\/wp-json\/wp\/v2\/product_tag?post=142994"}],"curies":[{"name":"wp","href":"https:\/\/api.w.org\/{rel}","templated":true}]}}