{"id":143002,"date":"2022-12-22T19:29:40","date_gmt":"2023-05-28T15:57:02","guid":{"rendered":"https:\/\/landioustravel.com\/?post_type=product&#038;p=143002"},"modified":"2023-06-19T00:17:50","modified_gmt":"2023-06-18T22:17:50","slug":"nado-delfines-safaga","status":"publish","type":"product","link":"https:\/\/landioustravel.com\/es\/shop\/nado-delfines-safaga\/","title":{"rendered":"Nado con Delfines en Safaga"},"content":{"rendered":"<p>Nado con Delfines en Safaga es una excursi\u00f3n de entretenimiento favorita para nadar en una piscina con delfines amigables en Safaga, Egipto. Recomendamos el viaje porque permite a los turistas nadar placenteramente con delfines. Esta experiencia de nado con delfines es una excelente manera de conocer de cerca a estas hermosas criaturas. Puedes tocar, besar, abrazar, nadar, cantar y jugar con los delfines. Es una forma de compartir recuerdos felices de interactuar con esos inteligentes mam\u00edferos marinos.<\/p>\n<p>\u00a1Qu\u00e9 fabulosa experiencia podr\u00e1s hacer estas actividades festivas! \u00a1Es realmente uno de los mejores viajes de entretenimiento que puedes hacer en Hurghada!<\/p>\n<h2>Aspectos destacados del viaje de nado con delfines en Safaga<\/h2>\n<ul>\n<li>Nadar con los delfines en la piscina.<\/li>\n<li>Adem\u00e1s, tome fotograf\u00edas y haga una sesi\u00f3n informativa en DVD.<\/li>\n<\/ul>\n<h2>Programa de Experiencia de nado con delfines<\/h2>\n<ul>\n<li>El representante de Landious Travel lo recoger\u00e1 en sus hoteles de Safaga aproximadamente a las 09:00 a.m.<\/li>\n<li>Despu\u00e9s de recoger a todos los interesados, el autob\u00fas se dirige al delfinario de Safaga. El camino al delfinario toma aproximadamente 30 minutos.<\/li>\n<li>En el delfinario tendr\u00e1s espacio para cambiarte de ropa. Adem\u00e1s, puede ponerse un traje de ba\u00f1o y un chaleco salvavidas, si es necesario.<\/li>\n<li>Uno de los puntos fascinantes de esta experiencia es interactuar con los delfines. Tendr\u00e1s una sensaci\u00f3n tan encantadora cuando interact\u00faes con ellos. \u00a1Los delfines son una de las especies m\u00e1s amigables e inteligentes del mundo! La pr\u00f3xima parada principal ser\u00e1 nadar con delfines amigables. Se adapta a todas las edades para divertirse con estas lindas criaturas en una gran piscina. Tendr\u00e1s un delf\u00edn por cada dos personas y un entrenador profesional que te ayudar\u00e1 a disfrutar de esta emocionante experiencia. Disfruta de tu experiencia de nado con delfines tocando, acariciando, abrazando y besando a estas adorables criaturas en la piscina. \u00a1Recuerda sonre\u00edr para la c\u00e1mara! Atesora estos recuerdos inolvidables con fotos digitales de tu experiencia de nado con delfines.<\/li>\n<li>Una vez que haya terminado su interacci\u00f3n, comienza una sesi\u00f3n informativa con im\u00e1genes y DVD. Esta sesi\u00f3n informativa en DVD tendr\u00e1 una duraci\u00f3n de 30 minutos. Su entrenador le ofrecer\u00e1 tomar algunas fotos para memorizar estos hermosos momentos para entonces. Posteriormente, el entrenador le ofrecer\u00e1 estas im\u00e1genes por un cargo adicional. Por supuesto, el precio de la misma var\u00eda seg\u00fan el tama\u00f1o. Sin embargo, ser\u00e1 algo opcional de tener.<\/li>\n<li>Finalmente, despu\u00e9s de un maravilloso viaje con delfines, su autob\u00fas regresa a su hotel. Adem\u00e1s, una vez m\u00e1s, os acompa\u00f1amos a vuestros hoteles.<\/li>\n<li>Este viaje de nado con delfines en Safaga termina aproximadamente al mediod\u00eda.<\/li>\n<\/ul>\n<h2>\u00bfQu\u00e9 incluye el precio de la excursi\u00f3n Nado con Delfines a Safaga?<\/h2>\n<ul>\n<li>Entrenador profesional.<\/li>\n<li>Chaleco salvavidas.<\/li>\n<li>Adem\u00e1s, Traslado al delfinario y regreso al hotel.<\/li>\n<\/ul>\n<h2>\u00bfQu\u00e9 no incluye el programa Nado con Delfines en Safaga?<\/h2>\n<ul>\n<li>DVD de v\u00eddeo.<\/li>\n<li>Adem\u00e1s, el CD de fotos.<\/li>\n<\/ul>\n<h2>Art\u00edculos para llevar contigo para el viaje<\/h2>\n<ul>\n<li>Toalla.<\/li>\n<li>Adem\u00e1s, protector solar.<\/li>\n<li>Dinero extra.<\/li>\n<\/ul>\n<h2>Reservar D\u00edas de Nado con Delfines en Safaga<\/h2>\n<ul>\n<li>Todos los d\u00edas de 09:00 a 12:00.<\/li>\n<li>Lo recoger\u00e1n de su hotel en Hurghada y lo llevar\u00e1n al mundo de los delfines en Makadi. Las sesiones de nataci\u00f3n tienen lugar dos veces al d\u00eda (excepto los s\u00e1bados) antes del espect\u00e1culo de 10:30 a 12:30 horas. y despu\u00e9s de la funci\u00f3n a partir de las 16:30 h. a las 20:00 Lo m\u00e1s destacado de la sesi\u00f3n es el baile con los delfines, donde puedes abrazarlos y moverse juntos en perfecta armon\u00eda.<\/li>\n<\/ul>\n","protected":false},"excerpt":{"rendered":"<p>\u00bfEst\u00e1s listo para la mejor experiencia con delfines? \u00a1El viaje Nado con delfines en Safaga es justo lo que necesitas! Ac\u00e9rcate a estas adorables criaturas mientras nadas, tocas, besas y juegas con ellas en un ambiente amistoso. \u00bfY la mejor parte? \u00a1El precio del viaje incluye los traslados!<\/p>\n<p>Pero eso no es todo. Descubra la asombrosa inteligencia de los delfines durante una experiencia con delfines de 5 minutos en Hurghada Dolphin World. Interact\u00faa con estas magn\u00edficas criaturas mientras nadas con ellas y aprendes m\u00e1s sobre sus fascinantes comportamientos.<\/p>\n<p>\u00a1Conc\u00e9dete a ti y a tus seres queridos una aventura inolvidable! Nade con delfines en Hurghada y sienta la conexi\u00f3n armoniosa con la naturaleza. \u00a1Prep\u00e1rate para una experiencia \u00fanica en la vida con estas criaturas inteligentes y amigables! Reserva hoy tu tour de nado con delfines en Hurghada.<\/p>\n","protected":false},"featured_media":134129,"comment_status":"open","ping_status":"closed","template":"","meta":{"_coblocks_attr":"","_coblocks_dimensions":"","_coblocks_responsive_height":"","_coblocks_accordion_ie_support":"","_uag_custom_page_level_css":"","jetpack_publicize_message":"","jetpack_publicize_feature_enabled":true,"jetpack_social_post_already_shared":true,"jetpack_social_options":{"image_generator_settings":{"template":"highway","default_image_id":0,"font":"","enabled":false},"version":2},"_wpas_customize_per_network":false},"product_brand":[],"product_cat":[16909],"product_tag":[1825,1797],"class_list":{"0":"post-143002","1":"product","2":"type-product","3":"status-publish","4":"has-post-thumbnail","6":"product_cat-excursiones-safaga","7":"product_tag-delfinario-es","8":"product_tag-excursion-es","9":"pa_age-el-adulto","10":"pa_age-nino-1-4-anos","11":"pa_age-nino-5-11-anos","13":"first","14":"instock","15":"sale","16":"taxable","17":"shipping-taxable","18":"purchasable","19":"product-type-variable"},"yoast_head":"<!-- This site is optimized with the Yoast SEO Premium plugin v27.5 (Yoast SEO v27.5) - https:\/\/yoast.com\/product\/yoast-seo-premium-wordpress\/ -->\n<title>Nado con Delfines en Safaga<\/title>\n<meta name=\"description\" content=\"Nado con Delfines en Safaga \u00bfEst\u00e1s listo para la mejor experiencia con delfines? \u00a1El viaje Nado con delfines en Safaga es justo lo que necesitas! Ac\u00e9rcate\" \/>\n<meta name=\"robots\" content=\"index, follow, max-snippet:-1, max-image-preview:large, max-video-preview:-1\" \/>\n<link rel=\"canonical\" href=\"https:\/\/landioustravel.com\/es\/shop\/nado-delfines-safaga\/\" \/>\n<meta property=\"og:locale\" content=\"es_ES\" \/>\n<meta property=\"og:type\" content=\"article\" \/>\n<meta property=\"og:title\" content=\"Nado con Delfines en Safaga\" \/>\n<meta property=\"og:description\" content=\"Landious Travel\" \/>\n<meta property=\"og:url\" content=\"https:\/\/landioustravel.com\/es\/shop\/nado-delfines-safaga\/\" \/>\n<meta property=\"og:site_name\" content=\"Landious Travel\" \/>\n<meta property=\"article:publisher\" content=\"https:\/\/web.facebook.com\/landiousEgypt\" \/>\n<meta property=\"article:modified_time\" content=\"2023-06-18T22:17:50+00:00\" \/>\n<meta property=\"og:image\" content=\"https:\/\/i0.wp.com\/landioustravel.com\/wp-content\/uploads\/2022\/12\/Dolphin-Swimming-Trip-Safaga-e1671729977413.jpg?fit=1200%2C675&ssl=1\" \/>\n\t<meta property=\"og:image:width\" content=\"1200\" \/>\n\t<meta property=\"og:image:height\" content=\"675\" \/>\n\t<meta property=\"og:image:type\" content=\"image\/jpeg\" \/>\n<meta name=\"twitter:card\" content=\"summary_large_image\" \/>\n<meta name=\"twitter:site\" content=\"@LandiousTours\" \/>\n<meta name=\"twitter:label1\" content=\"Tiempo de lectura\" \/>\n\t<meta name=\"twitter:data1\" content=\"3 minutos\" \/>\n<script type=\"application\/ld+json\" class=\"yoast-schema-graph\">{\"@context\":\"https:\\\/\\\/schema.org\",\"@graph\":[{\"@type\":\"WebPage\",\"@id\":\"https:\\\/\\\/landioustravel.com\\\/es\\\/shop\\\/nado-delfines-safaga\\\/\",\"url\":\"https:\\\/\\\/landioustravel.com\\\/es\\\/shop\\\/nado-delfines-safaga\\\/\",\"name\":\"Nado con Delfines en Safaga\",\"isPartOf\":{\"@id\":\"https:\\\/\\\/landioustravel.com\\\/es\\\/#website\"},\"primaryImageOfPage\":{\"@id\":\"https:\\\/\\\/landioustravel.com\\\/es\\\/shop\\\/nado-delfines-safaga\\\/#primaryimage\"},\"image\":{\"@id\":\"https:\\\/\\\/landioustravel.com\\\/es\\\/shop\\\/nado-delfines-safaga\\\/#primaryimage\"},\"thumbnailUrl\":\"https:\\\/\\\/i0.wp.com\\\/landioustravel.com\\\/wp-content\\\/uploads\\\/2022\\\/12\\\/Dolphin-Swimming-Trip-Safaga-e1671729977413.jpg?fit=1200%2C675&ssl=1\",\"datePublished\":\"2023-05-28T15:57:02+00:00\",\"dateModified\":\"2023-06-18T22:17:50+00:00\",\"description\":\"Nado con Delfines en Safaga \u00bfEst\u00e1s listo para la mejor experiencia con delfines? \u00a1El viaje Nado con delfines en Safaga es justo lo que necesitas! Ac\u00e9rcate\",\"breadcrumb\":{\"@id\":\"https:\\\/\\\/landioustravel.com\\\/es\\\/shop\\\/nado-delfines-safaga\\\/#breadcrumb\"},\"inLanguage\":\"es\",\"potentialAction\":[{\"@type\":\"ReadAction\",\"target\":[\"https:\\\/\\\/landioustravel.com\\\/es\\\/shop\\\/nado-delfines-safaga\\\/\"]}]},{\"@type\":\"ImageObject\",\"inLanguage\":\"es\",\"@id\":\"https:\\\/\\\/landioustravel.com\\\/es\\\/shop\\\/nado-delfines-safaga\\\/#primaryimage\",\"url\":\"https:\\\/\\\/i0.wp.com\\\/landioustravel.com\\\/wp-content\\\/uploads\\\/2022\\\/12\\\/Dolphin-Swimming-Trip-Safaga-e1671729977413.jpg?fit=1200%2C675&ssl=1\",\"contentUrl\":\"https:\\\/\\\/i0.wp.com\\\/landioustravel.com\\\/wp-content\\\/uploads\\\/2022\\\/12\\\/Dolphin-Swimming-Trip-Safaga-e1671729977413.jpg?fit=1200%2C675&ssl=1\",\"width\":1200,\"height\":675,\"caption\":\"Dolphin Swimming Trip Safaga\"},{\"@type\":\"BreadcrumbList\",\"@id\":\"https:\\\/\\\/landioustravel.com\\\/es\\\/shop\\\/nado-delfines-safaga\\\/#breadcrumb\",\"itemListElement\":[{\"@type\":\"ListItem\",\"position\":1,\"name\":\"Home\",\"item\":\"https:\\\/\\\/landioustravel.com\\\/es\\\/\"},{\"@type\":\"ListItem\",\"position\":2,\"name\":\"Servicios y Tours\",\"item\":\"https:\\\/\\\/landioustravel.com\\\/es\\\/\"},{\"@type\":\"ListItem\",\"position\":3,\"name\":\"Nado con Delfines en Safaga\"}]},{\"@type\":\"WebSite\",\"@id\":\"https:\\\/\\\/landioustravel.com\\\/es\\\/#website\",\"url\":\"https:\\\/\\\/landioustravel.com\\\/es\\\/\",\"name\":\"Landious Travel\",\"description\":\"Tours and Excursions in Egypt\",\"publisher\":{\"@id\":\"https:\\\/\\\/landioustravel.com\\\/es\\\/#organization\"},\"potentialAction\":[{\"@type\":\"SearchAction\",\"target\":{\"@type\":\"EntryPoint\",\"urlTemplate\":\"https:\\\/\\\/landioustravel.com\\\/es\\\/?s={search_term_string}\"},\"query-input\":{\"@type\":\"PropertyValueSpecification\",\"valueRequired\":true,\"valueName\":\"search_term_string\"}}],\"inLanguage\":\"es\"},{\"@type\":[\"Organization\",\"Place\"],\"@id\":\"https:\\\/\\\/landioustravel.com\\\/es\\\/#organization\",\"name\":\"Landious Travel\",\"alternateName\":\"Landious Travel\",\"url\":\"https:\\\/\\\/landioustravel.com\\\/es\\\/\",\"logo\":{\"@id\":\"https:\\\/\\\/landioustravel.com\\\/es\\\/shop\\\/nado-delfines-safaga\\\/#local-main-organization-logo\"},\"image\":{\"@id\":\"https:\\\/\\\/landioustravel.com\\\/es\\\/shop\\\/nado-delfines-safaga\\\/#local-main-organization-logo\"},\"sameAs\":[\"https:\\\/\\\/web.facebook.com\\\/landiousEgypt\",\"https:\\\/\\\/x.com\\\/LandiousTours\",\"https:\\\/\\\/mastodon.social\\\/@landious\"],\"legalName\":\"Landious Travel\",\"telephone\":[],\"openingHoursSpecification\":[{\"@type\":\"OpeningHoursSpecification\",\"dayOfWeek\":[\"Monday\",\"Tuesday\",\"Wednesday\",\"Thursday\",\"Friday\",\"Saturday\",\"Sunday\"],\"opens\":\"09:00\",\"closes\":\"17:00\"}]},{\"@type\":\"ImageObject\",\"inLanguage\":\"es\",\"@id\":\"https:\\\/\\\/landioustravel.com\\\/es\\\/shop\\\/nado-delfines-safaga\\\/#local-main-organization-logo\",\"url\":\"https:\\\/\\\/i0.wp.com\\\/landioustravel.com\\\/wp-content\\\/uploads\\\/2021\\\/06\\\/Landious-T.png?fit=500%2C500&ssl=1\",\"contentUrl\":\"https:\\\/\\\/i0.wp.com\\\/landioustravel.com\\\/wp-content\\\/uploads\\\/2021\\\/06\\\/Landious-T.png?fit=500%2C500&ssl=1\",\"width\":500,\"height\":500,\"caption\":\"Landious Travel\"}]}<\/script>\n<!-- \/ Yoast SEO Premium plugin. -->","yoast_head_json":{"title":"Nado con Delfines en Safaga","description":"Nado con Delfines en Safaga \u00bfEst\u00e1s listo para la mejor experiencia con delfines? \u00a1El viaje Nado con delfines en Safaga es justo lo que necesitas! Ac\u00e9rcate","robots":{"index":"index","follow":"follow","max-snippet":"max-snippet:-1","max-image-preview":"max-image-preview:large","max-video-preview":"max-video-preview:-1"},"canonical":"https:\/\/landioustravel.com\/es\/shop\/nado-delfines-safaga\/","og_locale":"es_ES","og_type":"article","og_title":"Nado con Delfines en Safaga","og_description":"Landious Travel","og_url":"https:\/\/landioustravel.com\/es\/shop\/nado-delfines-safaga\/","og_site_name":"Landious Travel","article_publisher":"https:\/\/web.facebook.com\/landiousEgypt","article_modified_time":"2023-06-18T22:17:50+00:00","og_image":[{"width":1200,"height":675,"url":"https:\/\/i0.wp.com\/landioustravel.com\/wp-content\/uploads\/2022\/12\/Dolphin-Swimming-Trip-Safaga-e1671729977413.jpg?fit=1200%2C675&ssl=1","type":"image\/jpeg"}],"twitter_card":"summary_large_image","twitter_site":"@LandiousTours","twitter_misc":{"Tiempo de lectura":"3 minutos"},"schema":{"@context":"https:\/\/schema.org","@graph":[{"@type":"WebPage","@id":"https:\/\/landioustravel.com\/es\/shop\/nado-delfines-safaga\/","url":"https:\/\/landioustravel.com\/es\/shop\/nado-delfines-safaga\/","name":"Nado con Delfines en Safaga","isPartOf":{"@id":"https:\/\/landioustravel.com\/es\/#website"},"primaryImageOfPage":{"@id":"https:\/\/landioustravel.com\/es\/shop\/nado-delfines-safaga\/#primaryimage"},"image":{"@id":"https:\/\/landioustravel.com\/es\/shop\/nado-delfines-safaga\/#primaryimage"},"thumbnailUrl":"https:\/\/i0.wp.com\/landioustravel.com\/wp-content\/uploads\/2022\/12\/Dolphin-Swimming-Trip-Safaga-e1671729977413.jpg?fit=1200%2C675&ssl=1","datePublished":"2023-05-28T15:57:02+00:00","dateModified":"2023-06-18T22:17:50+00:00","description":"Nado con Delfines en Safaga \u00bfEst\u00e1s listo para la mejor experiencia con delfines? \u00a1El viaje Nado con delfines en Safaga es justo lo que necesitas! Ac\u00e9rcate","breadcrumb":{"@id":"https:\/\/landioustravel.com\/es\/shop\/nado-delfines-safaga\/#breadcrumb"},"inLanguage":"es","potentialAction":[{"@type":"ReadAction","target":["https:\/\/landioustravel.com\/es\/shop\/nado-delfines-safaga\/"]}]},{"@type":"ImageObject","inLanguage":"es","@id":"https:\/\/landioustravel.com\/es\/shop\/nado-delfines-safaga\/#primaryimage","url":"https:\/\/i0.wp.com\/landioustravel.com\/wp-content\/uploads\/2022\/12\/Dolphin-Swimming-Trip-Safaga-e1671729977413.jpg?fit=1200%2C675&ssl=1","contentUrl":"https:\/\/i0.wp.com\/landioustravel.com\/wp-content\/uploads\/2022\/12\/Dolphin-Swimming-Trip-Safaga-e1671729977413.jpg?fit=1200%2C675&ssl=1","width":1200,"height":675,"caption":"Dolphin Swimming Trip Safaga"},{"@type":"BreadcrumbList","@id":"https:\/\/landioustravel.com\/es\/shop\/nado-delfines-safaga\/#breadcrumb","itemListElement":[{"@type":"ListItem","position":1,"name":"Home","item":"https:\/\/landioustravel.com\/es\/"},{"@type":"ListItem","position":2,"name":"Servicios y Tours","item":"https:\/\/landioustravel.com\/es\/"},{"@type":"ListItem","position":3,"name":"Nado con Delfines en Safaga"}]},{"@type":"WebSite","@id":"https:\/\/landioustravel.com\/es\/#website","url":"https:\/\/landioustravel.com\/es\/","name":"Landious Travel","description":"Tours and Excursions in Egypt","publisher":{"@id":"https:\/\/landioustravel.com\/es\/#organization"},"potentialAction":[{"@type":"SearchAction","target":{"@type":"EntryPoint","urlTemplate":"https:\/\/landioustravel.com\/es\/?s={search_term_string}"},"query-input":{"@type":"PropertyValueSpecification","valueRequired":true,"valueName":"search_term_string"}}],"inLanguage":"es"},{"@type":["Organization","Place"],"@id":"https:\/\/landioustravel.com\/es\/#organization","name":"Landious Travel","alternateName":"Landious Travel","url":"https:\/\/landioustravel.com\/es\/","logo":{"@id":"https:\/\/landioustravel.com\/es\/shop\/nado-delfines-safaga\/#local-main-organization-logo"},"image":{"@id":"https:\/\/landioustravel.com\/es\/shop\/nado-delfines-safaga\/#local-main-organization-logo"},"sameAs":["https:\/\/web.facebook.com\/landiousEgypt","https:\/\/x.com\/LandiousTours","https:\/\/mastodon.social\/@landious"],"legalName":"Landious Travel","telephone":[],"openingHoursSpecification":[{"@type":"OpeningHoursSpecification","dayOfWeek":["Monday","Tuesday","Wednesday","Thursday","Friday","Saturday","Sunday"],"opens":"09:00","closes":"17:00"}]},{"@type":"ImageObject","inLanguage":"es","@id":"https:\/\/landioustravel.com\/es\/shop\/nado-delfines-safaga\/#local-main-organization-logo","url":"https:\/\/i0.wp.com\/landioustravel.com\/wp-content\/uploads\/2021\/06\/Landious-T.png?fit=500%2C500&ssl=1","contentUrl":"https:\/\/i0.wp.com\/landioustravel.com\/wp-content\/uploads\/2021\/06\/Landious-T.png?fit=500%2C500&ssl=1","width":500,"height":500,"caption":"Landious Travel"}]}},"jetpack_publicize_connections":[],"uagb_featured_image_src":{"full":["https:\/\/i0.wp.com\/landioustravel.com\/wp-content\/uploads\/2022\/12\/Dolphin-Swimming-Trip-Safaga-e1671729977413.jpg?fit=1200%2C675&ssl=1",1200,675,false],"thumbnail":["https:\/\/i0.wp.com\/landioustravel.com\/wp-content\/uploads\/2022\/12\/Dolphin-Swimming-Trip-Safaga-e1671729977413.jpg?resize=150%2C150&ssl=1",150,150,true],"medium":["https:\/\/i0.wp.com\/landioustravel.com\/wp-content\/uploads\/2022\/12\/Dolphin-Swimming-Trip-Safaga-e1671729977413.jpg?fit=300%2C169&ssl=1",300,169,true],"medium_large":["https:\/\/i0.wp.com\/landioustravel.com\/wp-content\/uploads\/2022\/12\/Dolphin-Swimming-Trip-Safaga-e1671729977413.jpg?fit=768%2C432&ssl=1",768,432,true],"large":["https:\/\/i0.wp.com\/landioustravel.com\/wp-content\/uploads\/2022\/12\/Dolphin-Swimming-Trip-Safaga-e1671729977413.jpg?fit=980%2C551&ssl=1",980,551,true],"1536x1536":["https:\/\/i0.wp.com\/landioustravel.com\/wp-content\/uploads\/2022\/12\/Dolphin-Swimming-Trip-Safaga-e1671729977413.jpg?fit=1200%2C675&ssl=1",1200,675,true],"2048x2048":["https:\/\/i0.wp.com\/landioustravel.com\/wp-content\/uploads\/2022\/12\/Dolphin-Swimming-Trip-Safaga-e1671729977413.jpg?fit=1200%2C675&ssl=1",1200,675,true],"newspack-article-block-landscape-large":["https:\/\/i0.wp.com\/landioustravel.com\/wp-content\/uploads\/2022\/12\/Dolphin-Swimming-Trip-Safaga-e1671729977413.jpg?resize=1200%2C675&ssl=1",1200,675,true],"newspack-article-block-portrait-large":["https:\/\/i0.wp.com\/landioustravel.com\/wp-content\/uploads\/2022\/12\/Dolphin-Swimming-Trip-Safaga-e1671729977413.jpg?resize=900%2C675&ssl=1",900,675,true],"newspack-article-block-square-large":["https:\/\/i0.wp.com\/landioustravel.com\/wp-content\/uploads\/2022\/12\/Dolphin-Swimming-Trip-Safaga-e1671729977413.jpg?resize=1200%2C675&ssl=1",1200,675,true],"newspack-article-block-landscape-medium":["https:\/\/i0.wp.com\/landioustravel.com\/wp-content\/uploads\/2022\/12\/Dolphin-Swimming-Trip-Safaga-e1671729977413.jpg?resize=800%2C600&ssl=1",800,600,true],"newspack-article-block-portrait-medium":["https:\/\/i0.wp.com\/landioustravel.com\/wp-content\/uploads\/2022\/12\/Dolphin-Swimming-Trip-Safaga-e1671729977413.jpg?resize=600%2C675&ssl=1",600,675,true],"newspack-article-block-square-medium":["https:\/\/i0.wp.com\/landioustravel.com\/wp-content\/uploads\/2022\/12\/Dolphin-Swimming-Trip-Safaga-e1671729977413.jpg?resize=800%2C675&ssl=1",800,675,true],"newspack-article-block-landscape-intermediate":["https:\/\/i0.wp.com\/landioustravel.com\/wp-content\/uploads\/2022\/12\/Dolphin-Swimming-Trip-Safaga-e1671729977413.jpg?resize=600%2C450&ssl=1",600,450,true],"newspack-article-block-portrait-intermediate":["https:\/\/i0.wp.com\/landioustravel.com\/wp-content\/uploads\/2022\/12\/Dolphin-Swimming-Trip-Safaga-e1671729977413.jpg?resize=450%2C600&ssl=1",450,600,true],"newspack-article-block-square-intermediate":["https:\/\/i0.wp.com\/landioustravel.com\/wp-content\/uploads\/2022\/12\/Dolphin-Swimming-Trip-Safaga-e1671729977413.jpg?resize=600%2C600&ssl=1",600,600,true],"newspack-article-block-landscape-small":["https:\/\/i0.wp.com\/landioustravel.com\/wp-content\/uploads\/2022\/12\/Dolphin-Swimming-Trip-Safaga-e1671729977413.jpg?resize=400%2C300&ssl=1",400,300,true],"newspack-article-block-portrait-small":["https:\/\/i0.wp.com\/landioustravel.com\/wp-content\/uploads\/2022\/12\/Dolphin-Swimming-Trip-Safaga-e1671729977413.jpg?resize=300%2C400&ssl=1",300,400,true],"newspack-article-block-square-small":["https:\/\/i0.wp.com\/landioustravel.com\/wp-content\/uploads\/2022\/12\/Dolphin-Swimming-Trip-Safaga-e1671729977413.jpg?resize=400%2C400&ssl=1",400,400,true],"newspack-article-block-landscape-tiny":["https:\/\/i0.wp.com\/landioustravel.com\/wp-content\/uploads\/2022\/12\/Dolphin-Swimming-Trip-Safaga-e1671729977413.jpg?resize=200%2C150&ssl=1",200,150,true],"newspack-article-block-portrait-tiny":["https:\/\/i0.wp.com\/landioustravel.com\/wp-content\/uploads\/2022\/12\/Dolphin-Swimming-Trip-Safaga-e1671729977413.jpg?resize=150%2C200&ssl=1",150,200,true],"newspack-article-block-square-tiny":["https:\/\/i0.wp.com\/landioustravel.com\/wp-content\/uploads\/2022\/12\/Dolphin-Swimming-Trip-Safaga-e1671729977413.jpg?resize=200%2C200&ssl=1",200,200,true],"newspack-article-block-uncropped":["https:\/\/i0.wp.com\/landioustravel.com\/wp-content\/uploads\/2022\/12\/Dolphin-Swimming-Trip-Safaga-e1671729977413.jpg?fit=1200%2C675&ssl=1",1200,675,true],"woocommerce_thumbnail":["https:\/\/i0.wp.com\/landioustravel.com\/wp-content\/uploads\/2022\/12\/Dolphin-Swimming-Trip-Safaga-e1671729977413.jpg?resize=324%2C324&ssl=1",324,324,true],"woocommerce_single":["https:\/\/i0.wp.com\/landioustravel.com\/wp-content\/uploads\/2022\/12\/Dolphin-Swimming-Trip-Safaga-e1671729977413.jpg?fit=416%2C234&ssl=1",416,234,true],"woocommerce_gallery_thumbnail":["https:\/\/i0.wp.com\/landioustravel.com\/wp-content\/uploads\/2022\/12\/Dolphin-Swimming-Trip-Safaga-e1671729977413.jpg?resize=100%2C100&ssl=1",100,100,true]},"uagb_author_info":{"display_name":"Mofreh Landious","author_link":"https:\/\/landioustravel.com\/es\/author\/"},"uagb_comment_info":0,"uagb_excerpt":"\u00bfEst\u00e1s listo para la mejor experiencia con delfines? \u00a1El viaje Nado con delfines en Safaga es justo lo que necesitas! Ac\u00e9rcate a estas adorables criaturas mientras nadas, tocas, besas y juegas con ellas en un ambiente amistoso. \u00bfY la mejor parte? \u00a1El precio del viaje incluye los traslados! Pero eso no es todo. Descubra la&hellip;","jetpack_sharing_enabled":true,"jetpack_likes_enabled":true,"amp_enabled":true,"_links":{"self":[{"href":"https:\/\/landioustravel.com\/es\/wp-json\/wp\/v2\/product\/143002","targetHints":{"allow":["GET"]}}],"collection":[{"href":"https:\/\/landioustravel.com\/es\/wp-json\/wp\/v2\/product"}],"about":[{"href":"https:\/\/landioustravel.com\/es\/wp-json\/wp\/v2\/types\/product"}],"replies":[{"embeddable":true,"href":"https:\/\/landioustravel.com\/es\/wp-json\/wp\/v2\/comments?post=143002"}],"wp:featuredmedia":[{"embeddable":true,"href":"https:\/\/landioustravel.com\/es\/wp-json\/wp\/v2\/media\/134129"}],"wp:attachment":[{"href":"https:\/\/landioustravel.com\/es\/wp-json\/wp\/v2\/media?parent=143002"}],"wp:term":[{"taxonomy":"product_brand","embeddable":true,"href":"https:\/\/landioustravel.com\/es\/wp-json\/wp\/v2\/product_brand?post=143002"},{"taxonomy":"product_cat","embeddable":true,"href":"https:\/\/landioustravel.com\/es\/wp-json\/wp\/v2\/product_cat?post=143002"},{"taxonomy":"product_tag","embeddable":true,"href":"https:\/\/landioustravel.com\/es\/wp-json\/wp\/v2\/product_tag?post=143002"}],"curies":[{"name":"wp","href":"https:\/\/api.w.org\/{rel}","templated":true}]}}