{"id":143006,"date":"2022-12-22T12:49:00","date_gmt":"2023-06-03T10:41:54","guid":{"rendered":"https:\/\/landioustravel.com\/?post_type=product&#038;p=143006"},"modified":"2024-01-16T05:12:51","modified_gmt":"2024-01-16T03:12:51","slug":"safari-en-jeep-hurgada-safaga","status":"publish","type":"product","link":"https:\/\/landioustravel.com\/es\/shop\/safari-en-jeep-hurgada-safaga\/","title":{"rendered":"Safari en jeep por Hurgada desde Safaga"},"content":{"rendered":"<p>\u00a1Safari en jeep por Hurgada desde Safaga es una excursi\u00f3n de safari activa en un jeep 4\u00d74 en el desierto de Hurghada! Recomendamos el viaje porque principalmente permite a los turistas disfrutar de andar en jeeps. Imagina que viajar\u00e1s en jeeps durante una larga distancia en medio del desierto: \u00a150 km o m\u00e1s! Adem\u00e1s, permite descubrir el desierto de Egipto y conocer la cultura beduina. Sin duda, por eso llamamos a este programa S\u00faper Jeep-Safari. Es mega con varios puntos de entretenimiento que combina. Incluye montar en camello y visitar el terrario. Luego, ver\u00e1s a los beduinos y aprender\u00e1s sobre su cultura. Adem\u00e1s, nuestros turistas tienen tiempo para cenas y bailes orientales.<\/p>\n<h2>Aspectos destacados de Hurghada Jeep Safari desde Safaga<\/h2>\n<ul>\n<li>Paseos en jeep durante 50 km en el desierto.<\/li>\n<li>Luego, paseos en camello por el desierto.<\/li>\n<li>Posteriormente, visita al terrario.<\/li>\n<li>Y el pueblo beduino.<\/li>\n<li>Adem\u00e1s, disfruta de cenas y bailes orientales.<\/li>\n<\/ul>\n<h2>Programa del viaje Jeep Safari<\/h2>\n<ul>\n<li>El representante de Landious Travel lo recoger\u00e1 de sus hoteles de Safaga aproximadamente a las 13:00.<\/li>\n<li>Despu\u00e9s de recoger a todos los interesados, el jeep se dirigir\u00e1 al desierto, una base de jeep. Se tarda aproximadamente 20 minutos en llegar.<\/li>\n<li>En primer lugar, se recomendar\u00e1 prepararse poni\u00e9ndose gafas de sol y envolvi\u00e9ndose una bufanda alrededor de la cabeza.<\/li>\n<li>Despu\u00e9s de eso, hay instrucci\u00f3n y entrenamiento por un tiempo.<\/li>\n<li>Adem\u00e1s, recorre 25 km a trav\u00e9s de las colinas y monta\u00f1as del desierto hasta el pueblo beduino.<\/li>\n<li>Una vez que llegue al pueblo beduino, dar\u00e1 un paseo en camello. Para entonces, podr\u00e1s tomarte fotos con los beduinos.<\/li>\n<li>Luego, ver\u00e1s el terrario.<\/li>\n<li>Despu\u00e9s de la visita al terrario, su gu\u00eda lo acompa\u00f1ar\u00e1 al pueblo beduino. Adem\u00e1s, en el lugar, te mostrar\u00e1 c\u00f3mo los beduinos cocinan el pan y c\u00f3mo se visten.<\/li>\n<li>Posteriormente, en la tienda beduina, cenar\u00e1s. Y adem\u00e1s, ver\u00e1s las danzas orientales y ver\u00e1s las estrellas a trav\u00e9s de un telescopio.<\/li>\n<li>Luego, te preparar\u00e1s para retroceder 25 km en el desierto.<\/li>\n<li>Finalmente, lo acompa\u00f1aremos de regreso a su hotel despu\u00e9s de un fant\u00e1stico paseo en jeep.<\/li>\n<li>El Hurghada Jeep Safari desde Safaga finaliza aproximadamente a las 19:00.<\/li>\n<li>Almuerzo. \u00bfQu\u00e9 incluye el precio del Hurghada Jeep Safari desde Safaga?<\/li>\n<li>Almuerzo<\/li>\n<li>Adem\u00e1s, se incluye el traslado al desierto y de regreso al hotel.<\/li>\n<\/ul>\n<h2>\u00bfQu\u00e9 no incluye el Programa de Super Jeep Safari Adventure Safaga?<\/h2>\n<ul>\n<li>Entrada (5 USD por persona)<\/li>\n<li>DVD de v\u00eddeo.<\/li>\n<li>Adem\u00e1s, el CD de fotos.<\/li>\n<\/ul>\n<h2>\u00bfQu\u00e9 llevar contigo para el viaje?<\/h2>\n<ul>\n<li>Bufanda.<\/li>\n<li>Adem\u00e1s, Gafas de sol.<\/li>\n<\/ul>\n<h2>D\u00edas de reserva de Safari en jeep por Hurgada desde Safaga<\/h2>\n<ul>\n<li>Todos los d\u00edas de 13:00 a 19:00.<\/li>\n<\/ul>\n","protected":false},"excerpt":{"rendered":"<p>\u00a1Prep\u00e1rate para una emocionante aventura por el desierto cerca de Hurghada, donde te embarcar\u00e1s en un rico programa lleno de emocionantes actividades! Abr\u00f3chate el cintur\u00f3n y s\u00fabete a un jeep para un emocionante paseo acompa\u00f1ado por un instructor profesional. \u00a1Pero la emoci\u00f3n no se detiene ah\u00ed! Luego se dirigir\u00e1 a la aldea beduina para dar un paseo en camello y hacer un recorrido r\u00e1pido por las tiendas de panificaci\u00f3n, la farmacia beduina y las artesan\u00edas, e incluso podr\u00e1 disfrutar de una taza de t\u00e9 beduino en una acogedora tienda. Y eso no es todo; te espera otro viaje en jeep que te llevar\u00e1 a otra tienda beduina donde disfrutar\u00e1s de una deliciosa cena beduina mientras ves un cautivador espect\u00e1culo folcl\u00f3rico con danza del vientre, Tanoura y espect\u00e1culos falsos. Y como si fuera poco, el precio del viaje incluye traslados y cena, \u00a1una experiencia inolvidable que no te querr\u00e1s perder! Entonces, \u00bfpor qu\u00e9 esperar? Reserve su aventura hoy y deje que los veh\u00edculos de transporte lo lleven de regreso a su hotel, sinti\u00e9ndose emocionado y satisfecho.<\/p>\n","protected":false},"featured_media":142601,"comment_status":"open","ping_status":"closed","template":"","meta":{"_coblocks_attr":"","_coblocks_dimensions":"","_coblocks_responsive_height":"","_coblocks_accordion_ie_support":"","_uag_custom_page_level_css":"","jetpack_publicize_message":"","jetpack_publicize_feature_enabled":true,"jetpack_social_post_already_shared":true,"jetpack_social_options":{"image_generator_settings":{"template":"highway","default_image_id":0,"font":"","enabled":false},"version":2},"_wpas_customize_per_network":false},"product_brand":[],"product_cat":[16909,23501],"product_tag":[1797,1834,1813,1826],"class_list":{"0":"post-143006","1":"product","2":"type-product","3":"status-publish","4":"has-post-thumbnail","6":"product_cat-excursiones-safaga","7":"product_cat-viajes-safari-en-safaga","8":"product_tag-excursion-es","9":"product_tag-safari-es","10":"product_tag-safari-en-el-desierto","11":"product_tag-safari-en-jeep","12":"pa_age-el-adulto","13":"pa_age-nino-1-4-anos","14":"pa_age-nino-5-11-anos","16":"first","17":"instock","18":"sale","19":"taxable","20":"shipping-taxable","21":"purchasable","22":"product-type-variable"},"yoast_head":"<!-- This site is optimized with the Yoast SEO Premium plugin v27.5 (Yoast SEO v27.5) - https:\/\/yoast.com\/product\/yoast-seo-premium-wordpress\/ -->\n<title>Safari en jeep por Hurgada desde Safaga<\/title>\n<meta name=\"description\" content=\"Safari en jeep por Hurgada desde Safaga \u00a1Un rico programa en un safari en jeep en el desierto cerca de Hurghada, donde la mayor\u00eda de los turistas viajan en\" \/>\n<meta name=\"robots\" content=\"index, follow, max-snippet:-1, max-image-preview:large, max-video-preview:-1\" \/>\n<link rel=\"canonical\" href=\"https:\/\/landioustravel.com\/es\/shop\/safari-en-jeep-hurgada-safaga\/\" \/>\n<meta property=\"og:locale\" content=\"es_ES\" \/>\n<meta property=\"og:type\" content=\"article\" \/>\n<meta property=\"og:title\" content=\"Safari en jeep por Hurgada desde Safaga\" \/>\n<meta property=\"og:description\" content=\"Landious Travel\" \/>\n<meta property=\"og:url\" content=\"https:\/\/landioustravel.com\/es\/shop\/safari-en-jeep-hurgada-safaga\/\" \/>\n<meta property=\"og:site_name\" content=\"Landious Travel\" \/>\n<meta property=\"article:publisher\" content=\"https:\/\/web.facebook.com\/landiousEgypt\" \/>\n<meta property=\"article:modified_time\" content=\"2024-01-16T03:12:51+00:00\" \/>\n<meta property=\"og:image\" content=\"https:\/\/i0.wp.com\/landioustravel.com\/wp-content\/uploads\/2022\/12\/Hurghada-Jeep-Safari-from-Safaga-e1671705694362.jpg?fit=1200%2C675&ssl=1\" \/>\n\t<meta property=\"og:image:width\" content=\"1200\" \/>\n\t<meta property=\"og:image:height\" content=\"675\" \/>\n\t<meta property=\"og:image:type\" content=\"image\/jpeg\" \/>\n<meta name=\"twitter:card\" content=\"summary_large_image\" \/>\n<meta name=\"twitter:site\" content=\"@LandiousTours\" \/>\n<meta name=\"twitter:label1\" content=\"Tiempo de lectura\" \/>\n\t<meta name=\"twitter:data1\" content=\"5 minutos\" \/>\n<script type=\"application\/ld+json\" class=\"yoast-schema-graph\">{\"@context\":\"https:\\\/\\\/schema.org\",\"@graph\":[{\"@type\":\"WebPage\",\"@id\":\"https:\\\/\\\/landioustravel.com\\\/es\\\/shop\\\/safari-en-jeep-hurgada-safaga\\\/\",\"url\":\"https:\\\/\\\/landioustravel.com\\\/es\\\/shop\\\/safari-en-jeep-hurgada-safaga\\\/\",\"name\":\"Safari en jeep por Hurgada desde Safaga\",\"isPartOf\":{\"@id\":\"https:\\\/\\\/landioustravel.com\\\/es\\\/#website\"},\"primaryImageOfPage\":{\"@id\":\"https:\\\/\\\/landioustravel.com\\\/es\\\/shop\\\/safari-en-jeep-hurgada-safaga\\\/#primaryimage\"},\"image\":{\"@id\":\"https:\\\/\\\/landioustravel.com\\\/es\\\/shop\\\/safari-en-jeep-hurgada-safaga\\\/#primaryimage\"},\"thumbnailUrl\":\"https:\\\/\\\/i0.wp.com\\\/landioustravel.com\\\/wp-content\\\/uploads\\\/2022\\\/12\\\/Hurghada-Jeep-Safari-from-Safaga-e1671705694362.jpg?fit=1200%2C675&ssl=1\",\"datePublished\":\"2023-06-03T10:41:54+00:00\",\"dateModified\":\"2024-01-16T03:12:51+00:00\",\"description\":\"Safari en jeep por Hurgada desde Safaga \u00a1Un rico programa en un safari en jeep en el desierto cerca de Hurghada, donde la mayor\u00eda de los turistas viajan en\",\"breadcrumb\":{\"@id\":\"https:\\\/\\\/landioustravel.com\\\/es\\\/shop\\\/safari-en-jeep-hurgada-safaga\\\/#breadcrumb\"},\"inLanguage\":\"es\",\"potentialAction\":[{\"@type\":\"ReadAction\",\"target\":[\"https:\\\/\\\/landioustravel.com\\\/es\\\/shop\\\/safari-en-jeep-hurgada-safaga\\\/\"]}]},{\"@type\":\"ImageObject\",\"inLanguage\":\"es\",\"@id\":\"https:\\\/\\\/landioustravel.com\\\/es\\\/shop\\\/safari-en-jeep-hurgada-safaga\\\/#primaryimage\",\"url\":\"https:\\\/\\\/i0.wp.com\\\/landioustravel.com\\\/wp-content\\\/uploads\\\/2022\\\/12\\\/Hurghada-Jeep-Safari-from-Safaga-e1671705694362.jpg?fit=1200%2C675&ssl=1\",\"contentUrl\":\"https:\\\/\\\/i0.wp.com\\\/landioustravel.com\\\/wp-content\\\/uploads\\\/2022\\\/12\\\/Hurghada-Jeep-Safari-from-Safaga-e1671705694362.jpg?fit=1200%2C675&ssl=1\",\"width\":1200,\"height\":675,\"caption\":\"Hurghada Jeep Safari from Safaga\"},{\"@type\":\"BreadcrumbList\",\"@id\":\"https:\\\/\\\/landioustravel.com\\\/es\\\/shop\\\/safari-en-jeep-hurgada-safaga\\\/#breadcrumb\",\"itemListElement\":[{\"@type\":\"ListItem\",\"position\":1,\"name\":\"Home\",\"item\":\"https:\\\/\\\/landioustravel.com\\\/es\\\/\"},{\"@type\":\"ListItem\",\"position\":2,\"name\":\"Servicios y Tours\",\"item\":\"https:\\\/\\\/landioustravel.com\\\/es\\\/\"},{\"@type\":\"ListItem\",\"position\":3,\"name\":\"Safari en jeep por Hurgada desde Safaga\"}]},{\"@type\":\"WebSite\",\"@id\":\"https:\\\/\\\/landioustravel.com\\\/es\\\/#website\",\"url\":\"https:\\\/\\\/landioustravel.com\\\/es\\\/\",\"name\":\"Landious Travel\",\"description\":\"Tours and Excursions in Egypt\",\"publisher\":{\"@id\":\"https:\\\/\\\/landioustravel.com\\\/es\\\/#organization\"},\"potentialAction\":[{\"@type\":\"SearchAction\",\"target\":{\"@type\":\"EntryPoint\",\"urlTemplate\":\"https:\\\/\\\/landioustravel.com\\\/es\\\/?s={search_term_string}\"},\"query-input\":{\"@type\":\"PropertyValueSpecification\",\"valueRequired\":true,\"valueName\":\"search_term_string\"}}],\"inLanguage\":\"es\"},{\"@type\":[\"Organization\",\"Place\"],\"@id\":\"https:\\\/\\\/landioustravel.com\\\/es\\\/#organization\",\"name\":\"Landious Travel\",\"alternateName\":\"Landious Travel\",\"url\":\"https:\\\/\\\/landioustravel.com\\\/es\\\/\",\"logo\":{\"@id\":\"https:\\\/\\\/landioustravel.com\\\/es\\\/shop\\\/safari-en-jeep-hurgada-safaga\\\/#local-main-organization-logo\"},\"image\":{\"@id\":\"https:\\\/\\\/landioustravel.com\\\/es\\\/shop\\\/safari-en-jeep-hurgada-safaga\\\/#local-main-organization-logo\"},\"sameAs\":[\"https:\\\/\\\/web.facebook.com\\\/landiousEgypt\",\"https:\\\/\\\/x.com\\\/LandiousTours\",\"https:\\\/\\\/mastodon.social\\\/@landious\"],\"legalName\":\"Landious Travel\",\"telephone\":[],\"openingHoursSpecification\":[{\"@type\":\"OpeningHoursSpecification\",\"dayOfWeek\":[\"Monday\",\"Tuesday\",\"Wednesday\",\"Thursday\",\"Friday\",\"Saturday\",\"Sunday\"],\"opens\":\"09:00\",\"closes\":\"17:00\"}]},{\"@type\":\"ImageObject\",\"inLanguage\":\"es\",\"@id\":\"https:\\\/\\\/landioustravel.com\\\/es\\\/shop\\\/safari-en-jeep-hurgada-safaga\\\/#local-main-organization-logo\",\"url\":\"https:\\\/\\\/i0.wp.com\\\/landioustravel.com\\\/wp-content\\\/uploads\\\/2021\\\/06\\\/Landious-T.png?fit=500%2C500&ssl=1\",\"contentUrl\":\"https:\\\/\\\/i0.wp.com\\\/landioustravel.com\\\/wp-content\\\/uploads\\\/2021\\\/06\\\/Landious-T.png?fit=500%2C500&ssl=1\",\"width\":500,\"height\":500,\"caption\":\"Landious Travel\"}]}<\/script>\n<!-- \/ Yoast SEO Premium plugin. -->","yoast_head_json":{"title":"Safari en jeep por Hurgada desde Safaga","description":"Safari en jeep por Hurgada desde Safaga \u00a1Un rico programa en un safari en jeep en el desierto cerca de Hurghada, donde la mayor\u00eda de los turistas viajan en","robots":{"index":"index","follow":"follow","max-snippet":"max-snippet:-1","max-image-preview":"max-image-preview:large","max-video-preview":"max-video-preview:-1"},"canonical":"https:\/\/landioustravel.com\/es\/shop\/safari-en-jeep-hurgada-safaga\/","og_locale":"es_ES","og_type":"article","og_title":"Safari en jeep por Hurgada desde Safaga","og_description":"Landious Travel","og_url":"https:\/\/landioustravel.com\/es\/shop\/safari-en-jeep-hurgada-safaga\/","og_site_name":"Landious Travel","article_publisher":"https:\/\/web.facebook.com\/landiousEgypt","article_modified_time":"2024-01-16T03:12:51+00:00","og_image":[{"width":1200,"height":675,"url":"https:\/\/i0.wp.com\/landioustravel.com\/wp-content\/uploads\/2022\/12\/Hurghada-Jeep-Safari-from-Safaga-e1671705694362.jpg?fit=1200%2C675&ssl=1","type":"image\/jpeg"}],"twitter_card":"summary_large_image","twitter_site":"@LandiousTours","twitter_misc":{"Tiempo de lectura":"5 minutos"},"schema":{"@context":"https:\/\/schema.org","@graph":[{"@type":"WebPage","@id":"https:\/\/landioustravel.com\/es\/shop\/safari-en-jeep-hurgada-safaga\/","url":"https:\/\/landioustravel.com\/es\/shop\/safari-en-jeep-hurgada-safaga\/","name":"Safari en jeep por Hurgada desde Safaga","isPartOf":{"@id":"https:\/\/landioustravel.com\/es\/#website"},"primaryImageOfPage":{"@id":"https:\/\/landioustravel.com\/es\/shop\/safari-en-jeep-hurgada-safaga\/#primaryimage"},"image":{"@id":"https:\/\/landioustravel.com\/es\/shop\/safari-en-jeep-hurgada-safaga\/#primaryimage"},"thumbnailUrl":"https:\/\/i0.wp.com\/landioustravel.com\/wp-content\/uploads\/2022\/12\/Hurghada-Jeep-Safari-from-Safaga-e1671705694362.jpg?fit=1200%2C675&ssl=1","datePublished":"2023-06-03T10:41:54+00:00","dateModified":"2024-01-16T03:12:51+00:00","description":"Safari en jeep por Hurgada desde Safaga \u00a1Un rico programa en un safari en jeep en el desierto cerca de Hurghada, donde la mayor\u00eda de los turistas viajan en","breadcrumb":{"@id":"https:\/\/landioustravel.com\/es\/shop\/safari-en-jeep-hurgada-safaga\/#breadcrumb"},"inLanguage":"es","potentialAction":[{"@type":"ReadAction","target":["https:\/\/landioustravel.com\/es\/shop\/safari-en-jeep-hurgada-safaga\/"]}]},{"@type":"ImageObject","inLanguage":"es","@id":"https:\/\/landioustravel.com\/es\/shop\/safari-en-jeep-hurgada-safaga\/#primaryimage","url":"https:\/\/i0.wp.com\/landioustravel.com\/wp-content\/uploads\/2022\/12\/Hurghada-Jeep-Safari-from-Safaga-e1671705694362.jpg?fit=1200%2C675&ssl=1","contentUrl":"https:\/\/i0.wp.com\/landioustravel.com\/wp-content\/uploads\/2022\/12\/Hurghada-Jeep-Safari-from-Safaga-e1671705694362.jpg?fit=1200%2C675&ssl=1","width":1200,"height":675,"caption":"Hurghada Jeep Safari from Safaga"},{"@type":"BreadcrumbList","@id":"https:\/\/landioustravel.com\/es\/shop\/safari-en-jeep-hurgada-safaga\/#breadcrumb","itemListElement":[{"@type":"ListItem","position":1,"name":"Home","item":"https:\/\/landioustravel.com\/es\/"},{"@type":"ListItem","position":2,"name":"Servicios y Tours","item":"https:\/\/landioustravel.com\/es\/"},{"@type":"ListItem","position":3,"name":"Safari en jeep por Hurgada desde Safaga"}]},{"@type":"WebSite","@id":"https:\/\/landioustravel.com\/es\/#website","url":"https:\/\/landioustravel.com\/es\/","name":"Landious Travel","description":"Tours and Excursions in Egypt","publisher":{"@id":"https:\/\/landioustravel.com\/es\/#organization"},"potentialAction":[{"@type":"SearchAction","target":{"@type":"EntryPoint","urlTemplate":"https:\/\/landioustravel.com\/es\/?s={search_term_string}"},"query-input":{"@type":"PropertyValueSpecification","valueRequired":true,"valueName":"search_term_string"}}],"inLanguage":"es"},{"@type":["Organization","Place"],"@id":"https:\/\/landioustravel.com\/es\/#organization","name":"Landious Travel","alternateName":"Landious Travel","url":"https:\/\/landioustravel.com\/es\/","logo":{"@id":"https:\/\/landioustravel.com\/es\/shop\/safari-en-jeep-hurgada-safaga\/#local-main-organization-logo"},"image":{"@id":"https:\/\/landioustravel.com\/es\/shop\/safari-en-jeep-hurgada-safaga\/#local-main-organization-logo"},"sameAs":["https:\/\/web.facebook.com\/landiousEgypt","https:\/\/x.com\/LandiousTours","https:\/\/mastodon.social\/@landious"],"legalName":"Landious Travel","telephone":[],"openingHoursSpecification":[{"@type":"OpeningHoursSpecification","dayOfWeek":["Monday","Tuesday","Wednesday","Thursday","Friday","Saturday","Sunday"],"opens":"09:00","closes":"17:00"}]},{"@type":"ImageObject","inLanguage":"es","@id":"https:\/\/landioustravel.com\/es\/shop\/safari-en-jeep-hurgada-safaga\/#local-main-organization-logo","url":"https:\/\/i0.wp.com\/landioustravel.com\/wp-content\/uploads\/2021\/06\/Landious-T.png?fit=500%2C500&ssl=1","contentUrl":"https:\/\/i0.wp.com\/landioustravel.com\/wp-content\/uploads\/2021\/06\/Landious-T.png?fit=500%2C500&ssl=1","width":500,"height":500,"caption":"Landious Travel"}]}},"jetpack_publicize_connections":[],"uagb_featured_image_src":{"full":["https:\/\/i0.wp.com\/landioustravel.com\/wp-content\/uploads\/2022\/12\/Hurghada-Jeep-Safari-from-Safaga-e1671705694362.jpg?fit=1200%2C675&ssl=1",1200,675,false],"thumbnail":["https:\/\/i0.wp.com\/landioustravel.com\/wp-content\/uploads\/2022\/12\/Hurghada-Jeep-Safari-from-Safaga-e1671705694362.jpg?resize=150%2C150&ssl=1",150,150,true],"medium":["https:\/\/i0.wp.com\/landioustravel.com\/wp-content\/uploads\/2022\/12\/Hurghada-Jeep-Safari-from-Safaga-e1671705694362.jpg?fit=300%2C169&ssl=1",300,169,true],"medium_large":["https:\/\/i0.wp.com\/landioustravel.com\/wp-content\/uploads\/2022\/12\/Hurghada-Jeep-Safari-from-Safaga-e1671705694362.jpg?fit=768%2C432&ssl=1",768,432,true],"large":["https:\/\/i0.wp.com\/landioustravel.com\/wp-content\/uploads\/2022\/12\/Hurghada-Jeep-Safari-from-Safaga-e1671705694362.jpg?fit=980%2C551&ssl=1",980,551,true],"1536x1536":["https:\/\/i0.wp.com\/landioustravel.com\/wp-content\/uploads\/2022\/12\/Hurghada-Jeep-Safari-from-Safaga-e1671705694362.jpg?fit=1536%2C864&ssl=1",1536,864,true],"2048x2048":["https:\/\/i0.wp.com\/landioustravel.com\/wp-content\/uploads\/2022\/12\/Hurghada-Jeep-Safari-from-Safaga-e1671705694362.jpg?fit=1200%2C675&ssl=1",1200,675,true],"newspack-article-block-landscape-large":["https:\/\/i0.wp.com\/landioustravel.com\/wp-content\/uploads\/2022\/12\/Hurghada-Jeep-Safari-from-Safaga-e1671705694362.jpg?resize=1200%2C675&ssl=1",1200,675,true],"newspack-article-block-portrait-large":["https:\/\/i0.wp.com\/landioustravel.com\/wp-content\/uploads\/2022\/12\/Hurghada-Jeep-Safari-from-Safaga-e1671705694362.jpg?resize=900%2C675&ssl=1",900,675,true],"newspack-article-block-square-large":["https:\/\/i0.wp.com\/landioustravel.com\/wp-content\/uploads\/2022\/12\/Hurghada-Jeep-Safari-from-Safaga-e1671705694362.jpg?resize=1200%2C675&ssl=1",1200,675,true],"newspack-article-block-landscape-medium":["https:\/\/i0.wp.com\/landioustravel.com\/wp-content\/uploads\/2022\/12\/Hurghada-Jeep-Safari-from-Safaga-e1671705694362.jpg?resize=800%2C600&ssl=1",800,600,true],"newspack-article-block-portrait-medium":["https:\/\/i0.wp.com\/landioustravel.com\/wp-content\/uploads\/2022\/12\/Hurghada-Jeep-Safari-from-Safaga-e1671705694362.jpg?resize=600%2C675&ssl=1",600,675,true],"newspack-article-block-square-medium":["https:\/\/i0.wp.com\/landioustravel.com\/wp-content\/uploads\/2022\/12\/Hurghada-Jeep-Safari-from-Safaga-e1671705694362.jpg?resize=800%2C675&ssl=1",800,675,true],"newspack-article-block-landscape-intermediate":["https:\/\/i0.wp.com\/landioustravel.com\/wp-content\/uploads\/2022\/12\/Hurghada-Jeep-Safari-from-Safaga-e1671705694362.jpg?resize=600%2C450&ssl=1",600,450,true],"newspack-article-block-portrait-intermediate":["https:\/\/i0.wp.com\/landioustravel.com\/wp-content\/uploads\/2022\/12\/Hurghada-Jeep-Safari-from-Safaga-e1671705694362.jpg?resize=450%2C600&ssl=1",450,600,true],"newspack-article-block-square-intermediate":["https:\/\/i0.wp.com\/landioustravel.com\/wp-content\/uploads\/2022\/12\/Hurghada-Jeep-Safari-from-Safaga-e1671705694362.jpg?resize=600%2C600&ssl=1",600,600,true],"newspack-article-block-landscape-small":["https:\/\/i0.wp.com\/landioustravel.com\/wp-content\/uploads\/2022\/12\/Hurghada-Jeep-Safari-from-Safaga-e1671705694362.jpg?resize=400%2C300&ssl=1",400,300,true],"newspack-article-block-portrait-small":["https:\/\/i0.wp.com\/landioustravel.com\/wp-content\/uploads\/2022\/12\/Hurghada-Jeep-Safari-from-Safaga-e1671705694362.jpg?resize=300%2C400&ssl=1",300,400,true],"newspack-article-block-square-small":["https:\/\/i0.wp.com\/landioustravel.com\/wp-content\/uploads\/2022\/12\/Hurghada-Jeep-Safari-from-Safaga-e1671705694362.jpg?resize=400%2C400&ssl=1",400,400,true],"newspack-article-block-landscape-tiny":["https:\/\/i0.wp.com\/landioustravel.com\/wp-content\/uploads\/2022\/12\/Hurghada-Jeep-Safari-from-Safaga-e1671705694362.jpg?resize=200%2C150&ssl=1",200,150,true],"newspack-article-block-portrait-tiny":["https:\/\/i0.wp.com\/landioustravel.com\/wp-content\/uploads\/2022\/12\/Hurghada-Jeep-Safari-from-Safaga-e1671705694362.jpg?resize=150%2C200&ssl=1",150,200,true],"newspack-article-block-square-tiny":["https:\/\/i0.wp.com\/landioustravel.com\/wp-content\/uploads\/2022\/12\/Hurghada-Jeep-Safari-from-Safaga-e1671705694362.jpg?resize=200%2C200&ssl=1",200,200,true],"newspack-article-block-uncropped":["https:\/\/i0.wp.com\/landioustravel.com\/wp-content\/uploads\/2022\/12\/Hurghada-Jeep-Safari-from-Safaga-e1671705694362.jpg?fit=1200%2C675&ssl=1",1200,675,true],"woocommerce_thumbnail":["https:\/\/i0.wp.com\/landioustravel.com\/wp-content\/uploads\/2022\/12\/Hurghada-Jeep-Safari-from-Safaga-e1671705694362.jpg?resize=324%2C324&ssl=1",324,324,true],"woocommerce_single":["https:\/\/i0.wp.com\/landioustravel.com\/wp-content\/uploads\/2022\/12\/Hurghada-Jeep-Safari-from-Safaga-e1671705694362.jpg?fit=416%2C234&ssl=1",416,234,true],"woocommerce_gallery_thumbnail":["https:\/\/i0.wp.com\/landioustravel.com\/wp-content\/uploads\/2022\/12\/Hurghada-Jeep-Safari-from-Safaga-e1671705694362.jpg?resize=100%2C100&ssl=1",100,100,true]},"uagb_author_info":{"display_name":"Mofreh Landious","author_link":"https:\/\/landioustravel.com\/es\/author\/"},"uagb_comment_info":0,"uagb_excerpt":"\u00a1Prep\u00e1rate para una emocionante aventura por el desierto cerca de Hurghada, donde te embarcar\u00e1s en un rico programa lleno de emocionantes actividades! Abr\u00f3chate el cintur\u00f3n y s\u00fabete a un jeep para un emocionante paseo acompa\u00f1ado por un instructor profesional. \u00a1Pero la emoci\u00f3n no se detiene ah\u00ed! Luego se dirigir\u00e1 a la aldea beduina para dar&hellip;","jetpack_sharing_enabled":true,"jetpack_likes_enabled":true,"amp_enabled":true,"_links":{"self":[{"href":"https:\/\/landioustravel.com\/es\/wp-json\/wp\/v2\/product\/143006","targetHints":{"allow":["GET"]}}],"collection":[{"href":"https:\/\/landioustravel.com\/es\/wp-json\/wp\/v2\/product"}],"about":[{"href":"https:\/\/landioustravel.com\/es\/wp-json\/wp\/v2\/types\/product"}],"replies":[{"embeddable":true,"href":"https:\/\/landioustravel.com\/es\/wp-json\/wp\/v2\/comments?post=143006"}],"wp:featuredmedia":[{"embeddable":true,"href":"https:\/\/landioustravel.com\/es\/wp-json\/wp\/v2\/media\/142601"}],"wp:attachment":[{"href":"https:\/\/landioustravel.com\/es\/wp-json\/wp\/v2\/media?parent=143006"}],"wp:term":[{"taxonomy":"product_brand","embeddable":true,"href":"https:\/\/landioustravel.com\/es\/wp-json\/wp\/v2\/product_brand?post=143006"},{"taxonomy":"product_cat","embeddable":true,"href":"https:\/\/landioustravel.com\/es\/wp-json\/wp\/v2\/product_cat?post=143006"},{"taxonomy":"product_tag","embeddable":true,"href":"https:\/\/landioustravel.com\/es\/wp-json\/wp\/v2\/product_tag?post=143006"}],"curies":[{"name":"wp","href":"https:\/\/api.w.org\/{rel}","templated":true}]}}