{"id":143013,"date":"2022-12-22T00:17:26","date_gmt":"2023-06-03T05:45:28","guid":{"rendered":"https:\/\/landioustravel.com\/?post_type=product&#038;p=143013"},"modified":"2023-06-19T00:54:03","modified_gmt":"2023-06-18T22:54:03","slug":"cuatrimotos-hurghada-safaga","status":"publish","type":"product","link":"https:\/\/landioustravel.com\/es\/shop\/cuatrimotos-hurghada-safaga\/","title":{"rendered":"Cuatrimotos en Hurghada desde Safaga"},"content":{"rendered":"<p>\u00a1Egipto! Cuatrimotos en Hurghada desde Safaga es un viaje activo para andar en quad en Hurghada al que los turistas pueden unirse desde Safaga. Recomendamos la excursi\u00f3n porque permite al turista disfrutar de andar en cuatrimotos. Adem\u00e1s, permitir\u00e1 descubrir el desierto de Hurghada y conocer la cultura de los beduinos. \u00a1Es una experiencia encantadora para un moto-safari de tres horas en Hurghada! Este paseo ser\u00e1 por una distancia en el desierto \u2013 50 km.<\/p>\n<h2>Aspectos destacados de Cuatrimotos en Hurghada desde Safaga<\/h2>\n<ul>\n<li>Paseos en quad por una distancia de 50 km en el desierto.<\/li>\n<li>Paseos en camello por el desierto.<\/li>\n<li>Adem\u00e1s, beba t\u00e9 en la tienda beduina.<\/li>\n<\/ul>\n<h3>Programa de Quads<\/h3>\n<ul>\n<li>Primero, el representante de Landious Travel lo recoger\u00e1 del hotel aproximadamente a las 08:00 am.<\/li>\n<li>En segundo lugar, despu\u00e9s de recoger a todos los interesados, nuestro minib\u00fas\/Jeep se dirigir\u00e1 al desierto con una base de quads. El camino a esta base tomar\u00e1 alrededor de 30 minutos.<\/li>\n<\/ul>\n<h3>Calentamiento e Instrucci\u00f3n<\/h3>\n<ul>\n<li>Fundamentalmente, tendr\u00e1s que prepararte. Llevar\u00e1s un pa\u00f1uelo en la cabeza, un casco y gafas de sol.<\/li>\n<li>Luego, hay instrucci\u00f3n y entrenamiento por un tiempo.<\/li>\n<\/ul>\n<h3>Quads en bicicleta hacia el pueblo beduino<\/h3>\n<ul>\n<li>Luego, conducir\u00e1 25 km a trav\u00e9s del desierto hasta el pueblo beduino.<\/li>\n<li>Tan pronto como llegue al pueblo beduino, ir\u00e1 a montar en camello. En este lugar puedes tomarte fotos con los beduinos.<\/li>\n<li>Despu\u00e9s del paseo en camello, su gu\u00eda lo acompa\u00f1ar\u00e1 a la tienda beduina. En esta tienda, beber\u00e1s una taza de t\u00e9. Adem\u00e1s, puede hacer las preguntas de la gu\u00eda que necesita para obtener una respuesta.<\/li>\n<\/ul>\n<h3>Quads hacia la Estaci\u00f3n<\/h3>\n<ul>\n<li>Una vez m\u00e1s, tendr\u00e1 que prepararse para conducir de regreso. El camino de regreso es la misma distancia: 25 km desde la base. Este viaje de safari en quad suele durar tres horas.<\/li>\n<li>Una vez que termine su aventura y actividad placentera, comenzar\u00e1 una sesi\u00f3n informativa con im\u00e1genes y DVD. Antes del inicio de la ruta en quad, su entrenador le ofrecer\u00e1 tomar algunas fotograf\u00edas. Por supuesto, ser\u00e1 una excelente oportunidad para memorizar estos hermosos momentos. Posteriormente, el fot\u00f3grafo le ofrecer\u00e1 estas im\u00e1genes por un cargo adicional. El precio de esos cuadros var\u00eda seg\u00fan su tama\u00f1o. Ser\u00e1 algo opcional tener. La sesi\u00f3n informativa del DVD tendr\u00e1 una duraci\u00f3n de 10 minutos.<\/li>\n<\/ul>\n<h3>Volver a casa<\/h3>\n<ul>\n<li>Finalmente, lo acompa\u00f1aremos de regreso a su hotel.<\/li>\n<li>El recorrido en quad de Hurghada desde Safaga finaliza aproximadamente al mediod\u00eda.<\/li>\n<\/ul>\n<h2>\u00bfQu\u00e9 incluye el precio del viaje en quad desde Safaga?<\/h2>\n<ul>\n<li>Precio de la entrada<\/li>\n<li>Traslado al desierto y regreso al hotel.<\/li>\n<\/ul>\n<h2>\u00bfQu\u00e9 no incluye el Programa de Tour en Quad desde Safaga?<\/h2>\n<ul>\n<li>Entrada (5 USD por persona)<\/li>\n<li>DVD de v\u00eddeo.<\/li>\n<li>Adem\u00e1s, el CD de fotos.<\/li>\n<\/ul>\n<h2>\u00bfQu\u00e9 llevar para el viaje en moto-safari de tres horas?<\/h2>\n<ul>\n<li>Bufanda.<\/li>\n<li>Adem\u00e1s, Gafas de sol.<\/li>\n<\/ul>\n<h2>Reserva D\u00edas de Cuatrimotos en Hurghada desde Safaga<\/h2>\n<ul>\n<li>Todos los d\u00edas de 08:00 a 13:00.<\/li>\n<\/ul>\n","protected":false},"excerpt":{"rendered":"<p>Experimente la emoci\u00f3n de su vida con una aventura matutina en quad por el desierto del Sahara en Hurghada si se encuentra en Safaga jhotels. Recojo de su hotel a las 7:30 am y dir\u00edjase a la estaci\u00f3n de quads para aprender los conceptos b\u00e1sicos para maniobrar su quad. Luego, su\u00e9ltese y sienta el viento en su cabello mientras conduce 12 millas (20 km) a trav\u00e9s de dunas y llanos. En el camino, encontrar\u00e1s un peque\u00f1o pueblo beduino donde puedes estacionar tu bicicleta y explorar a pie. Conozca a los amigables lugare\u00f1os, pruebe su delicioso t\u00e9 e incluso pruebe la pipa shisha mientras aprende sobre su forma de vida tradicional. Esta es realmente una experiencia inolvidable que incluye todo lo que necesita para un viaje seguro y agradable, incluido el traslado de ida y vuelta al hotel y todo el equipo de seguridad necesario. \u00a1Reserva tu aventura hoy y prep\u00e1rate para un emocionante d\u00eda en el desierto!<\/p>\n","protected":false},"featured_media":134241,"comment_status":"open","ping_status":"closed","template":"","meta":{"_coblocks_attr":"","_coblocks_dimensions":"","_coblocks_responsive_height":"","_coblocks_accordion_ie_support":"","_uag_custom_page_level_css":"","jetpack_publicize_message":"","jetpack_publicize_feature_enabled":true,"jetpack_social_post_already_shared":true,"jetpack_social_options":{"image_generator_settings":{"template":"highway","default_image_id":0,"font":"","enabled":false},"version":2},"_wpas_customize_per_network":false},"product_brand":[],"product_cat":[16909,23501],"product_tag":[1797,2182,1834,1813],"class_list":{"0":"post-143013","1":"product","2":"type-product","3":"status-publish","4":"has-post-thumbnail","6":"product_cat-excursiones-safaga","7":"product_cat-viajes-safari-en-safaga","8":"product_tag-excursion-es","9":"product_tag-paseos-en-quads","10":"product_tag-safari-es","11":"product_tag-safari-en-el-desierto","12":"pa_age-el-adulto","13":"pa_age-nino-1-4-anos","14":"pa_age-nino-5-11-anos","16":"first","17":"instock","18":"sale","19":"taxable","20":"shipping-taxable","21":"purchasable","22":"product-type-variable"},"yoast_head":"<!-- This site is optimized with the Yoast SEO Premium plugin v27.5 (Yoast SEO v27.5) - https:\/\/yoast.com\/product\/yoast-seo-premium-wordpress\/ -->\n<title>Cuatrimotos en Hurghada desde Safaga<\/title>\n<meta name=\"description\" content=\"Cuatrimotos en Hurghada desde Safaga \u00a1En el viaje de safari por el desierto para andar en quad durante tres horas en Hurghada, puede disfrutar de andar en\" \/>\n<meta name=\"robots\" content=\"index, follow, max-snippet:-1, max-image-preview:large, max-video-preview:-1\" \/>\n<link rel=\"canonical\" href=\"https:\/\/landioustravel.com\/es\/shop\/cuatrimotos-hurghada-safaga\/\" \/>\n<meta property=\"og:locale\" content=\"es_ES\" \/>\n<meta property=\"og:type\" content=\"article\" \/>\n<meta property=\"og:title\" content=\"Cuatrimotos en Hurghada desde Safaga\" \/>\n<meta property=\"og:description\" content=\"Landious Travel\" \/>\n<meta property=\"og:url\" content=\"https:\/\/landioustravel.com\/es\/shop\/cuatrimotos-hurghada-safaga\/\" \/>\n<meta property=\"og:site_name\" content=\"Landious Travel\" \/>\n<meta property=\"article:publisher\" content=\"https:\/\/web.facebook.com\/landiousEgypt\" \/>\n<meta property=\"article:modified_time\" content=\"2023-06-18T22:54:03+00:00\" \/>\n<meta property=\"og:image\" content=\"https:\/\/i0.wp.com\/landioustravel.com\/wp-content\/uploads\/2022\/12\/Hurghada-Quad-Biking-from-Safaga-e1671661505322.jpg?fit=1200%2C675&ssl=1\" \/>\n\t<meta property=\"og:image:width\" content=\"1200\" \/>\n\t<meta property=\"og:image:height\" content=\"675\" \/>\n\t<meta property=\"og:image:type\" content=\"image\/jpeg\" \/>\n<meta name=\"twitter:card\" content=\"summary_large_image\" \/>\n<meta name=\"twitter:site\" content=\"@LandiousTours\" \/>\n<meta name=\"twitter:label1\" content=\"Tiempo de lectura\" \/>\n\t<meta name=\"twitter:data1\" content=\"3 minutos\" \/>\n<script type=\"application\/ld+json\" class=\"yoast-schema-graph\">{\"@context\":\"https:\\\/\\\/schema.org\",\"@graph\":[{\"@type\":\"WebPage\",\"@id\":\"https:\\\/\\\/landioustravel.com\\\/es\\\/shop\\\/cuatrimotos-hurghada-safaga\\\/\",\"url\":\"https:\\\/\\\/landioustravel.com\\\/es\\\/shop\\\/cuatrimotos-hurghada-safaga\\\/\",\"name\":\"Cuatrimotos en Hurghada desde Safaga\",\"isPartOf\":{\"@id\":\"https:\\\/\\\/landioustravel.com\\\/es\\\/#website\"},\"primaryImageOfPage\":{\"@id\":\"https:\\\/\\\/landioustravel.com\\\/es\\\/shop\\\/cuatrimotos-hurghada-safaga\\\/#primaryimage\"},\"image\":{\"@id\":\"https:\\\/\\\/landioustravel.com\\\/es\\\/shop\\\/cuatrimotos-hurghada-safaga\\\/#primaryimage\"},\"thumbnailUrl\":\"https:\\\/\\\/i0.wp.com\\\/landioustravel.com\\\/wp-content\\\/uploads\\\/2022\\\/12\\\/Hurghada-Quad-Biking-from-Safaga-e1671661505322.jpg?fit=1200%2C675&ssl=1\",\"datePublished\":\"2023-06-03T05:45:28+00:00\",\"dateModified\":\"2023-06-18T22:54:03+00:00\",\"description\":\"Cuatrimotos en Hurghada desde Safaga \u00a1En el viaje de safari por el desierto para andar en quad durante tres horas en Hurghada, puede disfrutar de andar en\",\"breadcrumb\":{\"@id\":\"https:\\\/\\\/landioustravel.com\\\/es\\\/shop\\\/cuatrimotos-hurghada-safaga\\\/#breadcrumb\"},\"inLanguage\":\"es\",\"potentialAction\":[{\"@type\":\"ReadAction\",\"target\":[\"https:\\\/\\\/landioustravel.com\\\/es\\\/shop\\\/cuatrimotos-hurghada-safaga\\\/\"]}]},{\"@type\":\"ImageObject\",\"inLanguage\":\"es\",\"@id\":\"https:\\\/\\\/landioustravel.com\\\/es\\\/shop\\\/cuatrimotos-hurghada-safaga\\\/#primaryimage\",\"url\":\"https:\\\/\\\/i0.wp.com\\\/landioustravel.com\\\/wp-content\\\/uploads\\\/2022\\\/12\\\/Hurghada-Quad-Biking-from-Safaga-e1671661505322.jpg?fit=1200%2C675&ssl=1\",\"contentUrl\":\"https:\\\/\\\/i0.wp.com\\\/landioustravel.com\\\/wp-content\\\/uploads\\\/2022\\\/12\\\/Hurghada-Quad-Biking-from-Safaga-e1671661505322.jpg?fit=1200%2C675&ssl=1\",\"width\":1200,\"height\":675,\"caption\":\"Hurghada Quad Biking from Safaga\"},{\"@type\":\"BreadcrumbList\",\"@id\":\"https:\\\/\\\/landioustravel.com\\\/es\\\/shop\\\/cuatrimotos-hurghada-safaga\\\/#breadcrumb\",\"itemListElement\":[{\"@type\":\"ListItem\",\"position\":1,\"name\":\"Home\",\"item\":\"https:\\\/\\\/landioustravel.com\\\/es\\\/\"},{\"@type\":\"ListItem\",\"position\":2,\"name\":\"Servicios y Tours\",\"item\":\"https:\\\/\\\/landioustravel.com\\\/es\\\/\"},{\"@type\":\"ListItem\",\"position\":3,\"name\":\"Cuatrimotos en Hurghada desde Safaga\"}]},{\"@type\":\"WebSite\",\"@id\":\"https:\\\/\\\/landioustravel.com\\\/es\\\/#website\",\"url\":\"https:\\\/\\\/landioustravel.com\\\/es\\\/\",\"name\":\"Landious Travel\",\"description\":\"Tours and Excursions in Egypt\",\"publisher\":{\"@id\":\"https:\\\/\\\/landioustravel.com\\\/es\\\/#organization\"},\"potentialAction\":[{\"@type\":\"SearchAction\",\"target\":{\"@type\":\"EntryPoint\",\"urlTemplate\":\"https:\\\/\\\/landioustravel.com\\\/es\\\/?s={search_term_string}\"},\"query-input\":{\"@type\":\"PropertyValueSpecification\",\"valueRequired\":true,\"valueName\":\"search_term_string\"}}],\"inLanguage\":\"es\"},{\"@type\":[\"Organization\",\"Place\"],\"@id\":\"https:\\\/\\\/landioustravel.com\\\/es\\\/#organization\",\"name\":\"Landious Travel\",\"alternateName\":\"Landious Travel\",\"url\":\"https:\\\/\\\/landioustravel.com\\\/es\\\/\",\"logo\":{\"@id\":\"https:\\\/\\\/landioustravel.com\\\/es\\\/shop\\\/cuatrimotos-hurghada-safaga\\\/#local-main-organization-logo\"},\"image\":{\"@id\":\"https:\\\/\\\/landioustravel.com\\\/es\\\/shop\\\/cuatrimotos-hurghada-safaga\\\/#local-main-organization-logo\"},\"sameAs\":[\"https:\\\/\\\/web.facebook.com\\\/landiousEgypt\",\"https:\\\/\\\/x.com\\\/LandiousTours\",\"https:\\\/\\\/mastodon.social\\\/@landious\"],\"legalName\":\"Landious Travel\",\"telephone\":[],\"openingHoursSpecification\":[{\"@type\":\"OpeningHoursSpecification\",\"dayOfWeek\":[\"Monday\",\"Tuesday\",\"Wednesday\",\"Thursday\",\"Friday\",\"Saturday\",\"Sunday\"],\"opens\":\"09:00\",\"closes\":\"17:00\"}]},{\"@type\":\"ImageObject\",\"inLanguage\":\"es\",\"@id\":\"https:\\\/\\\/landioustravel.com\\\/es\\\/shop\\\/cuatrimotos-hurghada-safaga\\\/#local-main-organization-logo\",\"url\":\"https:\\\/\\\/i0.wp.com\\\/landioustravel.com\\\/wp-content\\\/uploads\\\/2021\\\/06\\\/Landious-T.png?fit=500%2C500&ssl=1\",\"contentUrl\":\"https:\\\/\\\/i0.wp.com\\\/landioustravel.com\\\/wp-content\\\/uploads\\\/2021\\\/06\\\/Landious-T.png?fit=500%2C500&ssl=1\",\"width\":500,\"height\":500,\"caption\":\"Landious Travel\"}]}<\/script>\n<!-- \/ Yoast SEO Premium plugin. -->","yoast_head_json":{"title":"Cuatrimotos en Hurghada desde Safaga","description":"Cuatrimotos en Hurghada desde Safaga \u00a1En el viaje de safari por el desierto para andar en quad durante tres horas en Hurghada, puede disfrutar de andar en","robots":{"index":"index","follow":"follow","max-snippet":"max-snippet:-1","max-image-preview":"max-image-preview:large","max-video-preview":"max-video-preview:-1"},"canonical":"https:\/\/landioustravel.com\/es\/shop\/cuatrimotos-hurghada-safaga\/","og_locale":"es_ES","og_type":"article","og_title":"Cuatrimotos en Hurghada desde Safaga","og_description":"Landious Travel","og_url":"https:\/\/landioustravel.com\/es\/shop\/cuatrimotos-hurghada-safaga\/","og_site_name":"Landious Travel","article_publisher":"https:\/\/web.facebook.com\/landiousEgypt","article_modified_time":"2023-06-18T22:54:03+00:00","og_image":[{"width":1200,"height":675,"url":"https:\/\/i0.wp.com\/landioustravel.com\/wp-content\/uploads\/2022\/12\/Hurghada-Quad-Biking-from-Safaga-e1671661505322.jpg?fit=1200%2C675&ssl=1","type":"image\/jpeg"}],"twitter_card":"summary_large_image","twitter_site":"@LandiousTours","twitter_misc":{"Tiempo de lectura":"3 minutos"},"schema":{"@context":"https:\/\/schema.org","@graph":[{"@type":"WebPage","@id":"https:\/\/landioustravel.com\/es\/shop\/cuatrimotos-hurghada-safaga\/","url":"https:\/\/landioustravel.com\/es\/shop\/cuatrimotos-hurghada-safaga\/","name":"Cuatrimotos en Hurghada desde Safaga","isPartOf":{"@id":"https:\/\/landioustravel.com\/es\/#website"},"primaryImageOfPage":{"@id":"https:\/\/landioustravel.com\/es\/shop\/cuatrimotos-hurghada-safaga\/#primaryimage"},"image":{"@id":"https:\/\/landioustravel.com\/es\/shop\/cuatrimotos-hurghada-safaga\/#primaryimage"},"thumbnailUrl":"https:\/\/i0.wp.com\/landioustravel.com\/wp-content\/uploads\/2022\/12\/Hurghada-Quad-Biking-from-Safaga-e1671661505322.jpg?fit=1200%2C675&ssl=1","datePublished":"2023-06-03T05:45:28+00:00","dateModified":"2023-06-18T22:54:03+00:00","description":"Cuatrimotos en Hurghada desde Safaga \u00a1En el viaje de safari por el desierto para andar en quad durante tres horas en Hurghada, puede disfrutar de andar en","breadcrumb":{"@id":"https:\/\/landioustravel.com\/es\/shop\/cuatrimotos-hurghada-safaga\/#breadcrumb"},"inLanguage":"es","potentialAction":[{"@type":"ReadAction","target":["https:\/\/landioustravel.com\/es\/shop\/cuatrimotos-hurghada-safaga\/"]}]},{"@type":"ImageObject","inLanguage":"es","@id":"https:\/\/landioustravel.com\/es\/shop\/cuatrimotos-hurghada-safaga\/#primaryimage","url":"https:\/\/i0.wp.com\/landioustravel.com\/wp-content\/uploads\/2022\/12\/Hurghada-Quad-Biking-from-Safaga-e1671661505322.jpg?fit=1200%2C675&ssl=1","contentUrl":"https:\/\/i0.wp.com\/landioustravel.com\/wp-content\/uploads\/2022\/12\/Hurghada-Quad-Biking-from-Safaga-e1671661505322.jpg?fit=1200%2C675&ssl=1","width":1200,"height":675,"caption":"Hurghada Quad Biking from Safaga"},{"@type":"BreadcrumbList","@id":"https:\/\/landioustravel.com\/es\/shop\/cuatrimotos-hurghada-safaga\/#breadcrumb","itemListElement":[{"@type":"ListItem","position":1,"name":"Home","item":"https:\/\/landioustravel.com\/es\/"},{"@type":"ListItem","position":2,"name":"Servicios y Tours","item":"https:\/\/landioustravel.com\/es\/"},{"@type":"ListItem","position":3,"name":"Cuatrimotos en Hurghada desde Safaga"}]},{"@type":"WebSite","@id":"https:\/\/landioustravel.com\/es\/#website","url":"https:\/\/landioustravel.com\/es\/","name":"Landious Travel","description":"Tours and Excursions in Egypt","publisher":{"@id":"https:\/\/landioustravel.com\/es\/#organization"},"potentialAction":[{"@type":"SearchAction","target":{"@type":"EntryPoint","urlTemplate":"https:\/\/landioustravel.com\/es\/?s={search_term_string}"},"query-input":{"@type":"PropertyValueSpecification","valueRequired":true,"valueName":"search_term_string"}}],"inLanguage":"es"},{"@type":["Organization","Place"],"@id":"https:\/\/landioustravel.com\/es\/#organization","name":"Landious Travel","alternateName":"Landious Travel","url":"https:\/\/landioustravel.com\/es\/","logo":{"@id":"https:\/\/landioustravel.com\/es\/shop\/cuatrimotos-hurghada-safaga\/#local-main-organization-logo"},"image":{"@id":"https:\/\/landioustravel.com\/es\/shop\/cuatrimotos-hurghada-safaga\/#local-main-organization-logo"},"sameAs":["https:\/\/web.facebook.com\/landiousEgypt","https:\/\/x.com\/LandiousTours","https:\/\/mastodon.social\/@landious"],"legalName":"Landious Travel","telephone":[],"openingHoursSpecification":[{"@type":"OpeningHoursSpecification","dayOfWeek":["Monday","Tuesday","Wednesday","Thursday","Friday","Saturday","Sunday"],"opens":"09:00","closes":"17:00"}]},{"@type":"ImageObject","inLanguage":"es","@id":"https:\/\/landioustravel.com\/es\/shop\/cuatrimotos-hurghada-safaga\/#local-main-organization-logo","url":"https:\/\/i0.wp.com\/landioustravel.com\/wp-content\/uploads\/2021\/06\/Landious-T.png?fit=500%2C500&ssl=1","contentUrl":"https:\/\/i0.wp.com\/landioustravel.com\/wp-content\/uploads\/2021\/06\/Landious-T.png?fit=500%2C500&ssl=1","width":500,"height":500,"caption":"Landious Travel"}]}},"jetpack_publicize_connections":[],"uagb_featured_image_src":{"full":["https:\/\/i0.wp.com\/landioustravel.com\/wp-content\/uploads\/2022\/12\/Hurghada-Quad-Biking-from-Safaga-e1671661505322.jpg?fit=1200%2C675&ssl=1",1200,675,false],"thumbnail":["https:\/\/i0.wp.com\/landioustravel.com\/wp-content\/uploads\/2022\/12\/Hurghada-Quad-Biking-from-Safaga-e1671661505322.jpg?resize=150%2C150&ssl=1",150,150,true],"medium":["https:\/\/i0.wp.com\/landioustravel.com\/wp-content\/uploads\/2022\/12\/Hurghada-Quad-Biking-from-Safaga-e1671661505322.jpg?fit=300%2C169&ssl=1",300,169,true],"medium_large":["https:\/\/i0.wp.com\/landioustravel.com\/wp-content\/uploads\/2022\/12\/Hurghada-Quad-Biking-from-Safaga-e1671661505322.jpg?fit=768%2C432&ssl=1",768,432,true],"large":["https:\/\/i0.wp.com\/landioustravel.com\/wp-content\/uploads\/2022\/12\/Hurghada-Quad-Biking-from-Safaga-e1671661505322.jpg?fit=980%2C551&ssl=1",980,551,true],"1536x1536":["https:\/\/i0.wp.com\/landioustravel.com\/wp-content\/uploads\/2022\/12\/Hurghada-Quad-Biking-from-Safaga-e1671661505322.jpg?fit=1200%2C675&ssl=1",1200,675,true],"2048x2048":["https:\/\/i0.wp.com\/landioustravel.com\/wp-content\/uploads\/2022\/12\/Hurghada-Quad-Biking-from-Safaga-e1671661505322.jpg?fit=1200%2C675&ssl=1",1200,675,true],"newspack-article-block-landscape-large":["https:\/\/i0.wp.com\/landioustravel.com\/wp-content\/uploads\/2022\/12\/Hurghada-Quad-Biking-from-Safaga-e1671661505322.jpg?resize=1200%2C675&ssl=1",1200,675,true],"newspack-article-block-portrait-large":["https:\/\/i0.wp.com\/landioustravel.com\/wp-content\/uploads\/2022\/12\/Hurghada-Quad-Biking-from-Safaga-e1671661505322.jpg?resize=900%2C675&ssl=1",900,675,true],"newspack-article-block-square-large":["https:\/\/i0.wp.com\/landioustravel.com\/wp-content\/uploads\/2022\/12\/Hurghada-Quad-Biking-from-Safaga-e1671661505322.jpg?resize=1200%2C675&ssl=1",1200,675,true],"newspack-article-block-landscape-medium":["https:\/\/i0.wp.com\/landioustravel.com\/wp-content\/uploads\/2022\/12\/Hurghada-Quad-Biking-from-Safaga-e1671661505322.jpg?resize=800%2C600&ssl=1",800,600,true],"newspack-article-block-portrait-medium":["https:\/\/i0.wp.com\/landioustravel.com\/wp-content\/uploads\/2022\/12\/Hurghada-Quad-Biking-from-Safaga-e1671661505322.jpg?resize=600%2C675&ssl=1",600,675,true],"newspack-article-block-square-medium":["https:\/\/i0.wp.com\/landioustravel.com\/wp-content\/uploads\/2022\/12\/Hurghada-Quad-Biking-from-Safaga-e1671661505322.jpg?resize=800%2C675&ssl=1",800,675,true],"newspack-article-block-landscape-intermediate":["https:\/\/i0.wp.com\/landioustravel.com\/wp-content\/uploads\/2022\/12\/Hurghada-Quad-Biking-from-Safaga-e1671661505322.jpg?resize=600%2C450&ssl=1",600,450,true],"newspack-article-block-portrait-intermediate":["https:\/\/i0.wp.com\/landioustravel.com\/wp-content\/uploads\/2022\/12\/Hurghada-Quad-Biking-from-Safaga-e1671661505322.jpg?resize=450%2C600&ssl=1",450,600,true],"newspack-article-block-square-intermediate":["https:\/\/i0.wp.com\/landioustravel.com\/wp-content\/uploads\/2022\/12\/Hurghada-Quad-Biking-from-Safaga-e1671661505322.jpg?resize=600%2C600&ssl=1",600,600,true],"newspack-article-block-landscape-small":["https:\/\/i0.wp.com\/landioustravel.com\/wp-content\/uploads\/2022\/12\/Hurghada-Quad-Biking-from-Safaga-e1671661505322.jpg?resize=400%2C300&ssl=1",400,300,true],"newspack-article-block-portrait-small":["https:\/\/i0.wp.com\/landioustravel.com\/wp-content\/uploads\/2022\/12\/Hurghada-Quad-Biking-from-Safaga-e1671661505322.jpg?resize=300%2C400&ssl=1",300,400,true],"newspack-article-block-square-small":["https:\/\/i0.wp.com\/landioustravel.com\/wp-content\/uploads\/2022\/12\/Hurghada-Quad-Biking-from-Safaga-e1671661505322.jpg?resize=400%2C400&ssl=1",400,400,true],"newspack-article-block-landscape-tiny":["https:\/\/i0.wp.com\/landioustravel.com\/wp-content\/uploads\/2022\/12\/Hurghada-Quad-Biking-from-Safaga-e1671661505322.jpg?resize=200%2C150&ssl=1",200,150,true],"newspack-article-block-portrait-tiny":["https:\/\/i0.wp.com\/landioustravel.com\/wp-content\/uploads\/2022\/12\/Hurghada-Quad-Biking-from-Safaga-e1671661505322.jpg?resize=150%2C200&ssl=1",150,200,true],"newspack-article-block-square-tiny":["https:\/\/i0.wp.com\/landioustravel.com\/wp-content\/uploads\/2022\/12\/Hurghada-Quad-Biking-from-Safaga-e1671661505322.jpg?resize=200%2C200&ssl=1",200,200,true],"newspack-article-block-uncropped":["https:\/\/i0.wp.com\/landioustravel.com\/wp-content\/uploads\/2022\/12\/Hurghada-Quad-Biking-from-Safaga-e1671661505322.jpg?fit=1200%2C675&ssl=1",1200,675,true],"woocommerce_thumbnail":["https:\/\/i0.wp.com\/landioustravel.com\/wp-content\/uploads\/2022\/12\/Hurghada-Quad-Biking-from-Safaga-e1671661505322.jpg?resize=324%2C324&ssl=1",324,324,true],"woocommerce_single":["https:\/\/i0.wp.com\/landioustravel.com\/wp-content\/uploads\/2022\/12\/Hurghada-Quad-Biking-from-Safaga-e1671661505322.jpg?fit=416%2C234&ssl=1",416,234,true],"woocommerce_gallery_thumbnail":["https:\/\/i0.wp.com\/landioustravel.com\/wp-content\/uploads\/2022\/12\/Hurghada-Quad-Biking-from-Safaga-e1671661505322.jpg?resize=100%2C100&ssl=1",100,100,true]},"uagb_author_info":{"display_name":"Mofreh Landious","author_link":"https:\/\/landioustravel.com\/es\/author\/"},"uagb_comment_info":0,"uagb_excerpt":"Experimente la emoci\u00f3n de su vida con una aventura matutina en quad por el desierto del Sahara en Hurghada si se encuentra en Safaga jhotels. Recojo de su hotel a las 7:30 am y dir\u00edjase a la estaci\u00f3n de quads para aprender los conceptos b\u00e1sicos para maniobrar su quad. Luego, su\u00e9ltese y sienta el viento&hellip;","jetpack_sharing_enabled":true,"jetpack_likes_enabled":true,"amp_enabled":true,"_links":{"self":[{"href":"https:\/\/landioustravel.com\/es\/wp-json\/wp\/v2\/product\/143013","targetHints":{"allow":["GET"]}}],"collection":[{"href":"https:\/\/landioustravel.com\/es\/wp-json\/wp\/v2\/product"}],"about":[{"href":"https:\/\/landioustravel.com\/es\/wp-json\/wp\/v2\/types\/product"}],"replies":[{"embeddable":true,"href":"https:\/\/landioustravel.com\/es\/wp-json\/wp\/v2\/comments?post=143013"}],"wp:featuredmedia":[{"embeddable":true,"href":"https:\/\/landioustravel.com\/es\/wp-json\/wp\/v2\/media\/134241"}],"wp:attachment":[{"href":"https:\/\/landioustravel.com\/es\/wp-json\/wp\/v2\/media?parent=143013"}],"wp:term":[{"taxonomy":"product_brand","embeddable":true,"href":"https:\/\/landioustravel.com\/es\/wp-json\/wp\/v2\/product_brand?post=143013"},{"taxonomy":"product_cat","embeddable":true,"href":"https:\/\/landioustravel.com\/es\/wp-json\/wp\/v2\/product_cat?post=143013"},{"taxonomy":"product_tag","embeddable":true,"href":"https:\/\/landioustravel.com\/es\/wp-json\/wp\/v2\/product_tag?post=143013"}],"curies":[{"name":"wp","href":"https:\/\/api.w.org\/{rel}","templated":true}]}}