{"id":143027,"date":"2022-12-20T18:40:48","date_gmt":"2023-05-27T23:20:32","guid":{"rendered":"https:\/\/landioustravel.com\/?post_type=product&#038;p=143027"},"modified":"2023-11-28T18:18:34","modified_gmt":"2023-11-28T16:18:34","slug":"viaje-buceo-safaga","status":"publish","type":"product","link":"https:\/\/landioustravel.com\/es\/shop\/viaje-buceo-safaga\/","title":{"rendered":"Viaje de buceo desde Safaga"},"content":{"rendered":"<p>Diving Trip from Safaga es un emocionante viaje por mar para bucear en el Mar Rojo desde <a href=\"https:\/\/landioustravel.com\/es\/egipto\/pueblos-egipcios\/gobernacion-de-al-bahr-al-ahmar\/ciudad-safaga\/\">Safaga<\/a>, Egipto. Recomendamos el viaje porque permite a los turistas pasar un buen rato buceando en el mar y haciendo snorkel en los coloridos arrecifes de coral. De hecho, esta experiencia permite bucear para observar m\u00e1s de cerca los hermosos arrecifes de coral y varios peces. Adem\u00e1s, permite disfrutar de un picnic en barco por el Mar Rojo. Lo m\u00e1s probable es que hagamos las inmersiones cerca de Giftun, \u00a1una de las islas del Mar Rojo! Todo esto tiene lugar bajo el agua en uno de los lugares m\u00e1s famosos del mundo. Para disfrutar de este viaje no necesitas titulaci\u00f3n ni formaci\u00f3n previa. \u00a1Los amantes del buceo no deben perderse esta encantadora aventura como uno de los mejores viajes por mar en Safaga!<\/p>\n<h2>Aspectos destacados de la excursi\u00f3n de buceo en Safaga<\/h2>\n<ul>\n<li>Picnic marino sobre el Mar Rojo.<\/li>\n<li>Buceo dos veces bajo el agua.<\/li>\n<li>Snorkel en mar abierto desde el barco.<\/li>\n<li>Adem\u00e1s, el almuerzo es a bordo.<\/li>\n<\/ul>\n<h2>Programa de Viaje de Buceo<\/h2>\n<ul>\n<li>Primero, el representante de Landious Travel lo recoger\u00e1 de los hoteles de Safaga aproximadamente a las 08:00 am.<\/li>\n<li>En segundo lugar, el autob\u00fas se dirigir\u00e1 al puerto despu\u00e9s de recoger a todos los interesados. El camino a este puerto toma aproximadamente 30 minutos.<\/li>\n<li>Encontrar\u00e1s tu barco en ese puerto. Es uno grande y elegante de dos pisos. Nada m\u00e1s subir al barco, ser\u00e1 necesario quitarse el calzado. Y, luego, puede subir libremente al segundo piso para broncearse en la terraza superior.<\/li>\n<\/ul>\n<h3>Picnic en el mar<\/h3>\n<ul>\n<li>El barco avanza por el Mar Rojo tan pronto como se re\u00fane el grupo. Estar\u00e1s en camino de experimentar dos inmersiones incre\u00edbles en el Mar Rojo.<\/li>\n<\/ul>\n<h3>Instrucci\u00f3n y primera inmersi\u00f3n<\/h3>\n<ul>\n<li>En el hermoso lugar marino del arrecife de coral, se detendr\u00e1 en mar abierto. All\u00ed podr\u00e1s practicar submarinismo. Antes de comenzar esta actividad, nuestros entrenadores y buzos te dar\u00e1n un briefing y te acompa\u00f1ar\u00e1n individualmente bajo el agua. \u00a1Disfrutar\u00e1s mucho de tu primera inmersi\u00f3n! Esta inmersi\u00f3n durar\u00e1 unos 15 minutos bajo el agua. Disfrutar\u00e1 viendo los arrecifes de coral y los innumerables peces de colores que retozan frente a sus ojos para entonces.<\/li>\n<\/ul>\n<h3>Almuerzo a bordo<\/h3>\n<ul>\n<li>Despu\u00e9s de esta inmersi\u00f3n, el grupo se reunir\u00e1 en el primer piso del barco para almorzar. Durante el almuerzo, el buffet estar\u00e1 abierto.<\/li>\n<\/ul>\n<h3>Segunda inmersi\u00f3n<\/h3>\n<ul>\n<li>Por supuesto, tendr\u00e1 tiempo para bucear en otro lugar del mar: el barco navega hacia otro sitio de buceo.<\/li>\n<li>Una vez que haya terminado su interacci\u00f3n, comienza una sesi\u00f3n informativa con im\u00e1genes y DVD. Antes de que comience el viaje de buceo, el fot\u00f3grafo le ofrecer\u00e1 tomar algunas fotos y un video de usted mismo. Por supuesto, ser\u00e1 una excelente oportunidad para memorizar estos hermosos momentos. Sin embargo, te ofrecer\u00e1 estas fotos al final del viaje por un cargo adicional. El precio de la misma var\u00eda seg\u00fan su tama\u00f1o. Ser\u00e1 algo opcional tener. La sesi\u00f3n informativa del DVD tendr\u00e1 una duraci\u00f3n de 10 minutos.<\/li>\n<\/ul>\n<h3>Volver a casa<\/h3>\n<ul>\n<li>Finalmente, cuando el barco llegue al puerto, lo acompa\u00f1aremos de regreso a su hotel.<\/li>\n<li>Esta excursi\u00f3n de buceo en Safaga finaliza aproximadamente a las 16:30.<\/li>\n<\/ul>\n<h2>\u00bfQu\u00e9 incluye el precio de la excursi\u00f3n de buceo Safaga?<\/h2>\n<ul>\n<li>Equipo de buceo.<\/li>\n<li>Equipo de snorkel.<\/li>\n<li>Alimentos y bebidas.<\/li>\n<li>Adem\u00e1s, Traslado al puerto y regreso al hotel.<\/li>\n<\/ul>\n<h2>\u00bfQu\u00e9 no incluye el Programa\u00a0de buceo desde Safaga?<\/h2>\n<ul>\n<li>Cuota de entrada (5 USD por persona)<\/li>\n<li>DVD de v\u00eddeo.<\/li>\n<li>Adem\u00e1s, el CD de fotos.<\/li>\n<\/ul>\n<h2>Art\u00edculos para llevar contigo para el viaje<\/h2>\n<ul>\n<li>Toalla.<\/li>\n<li>Adem\u00e1s, protector solar.<\/li>\n<li>Excursi\u00f3n Buceo Safaga Reserva D\u00edas<\/li>\n<li>Todos los d\u00edas de 08:00 a 17:00.<\/li>\n<\/ul>\n<h2>Servicios Presentados durante la Excursi\u00f3n de Buceo Safaga<\/h2>\n<ul>\n<li><strong>Transporte<\/strong>: Landious Travel utiliza una limusina\/minib\u00fas con aire acondicionado para atenderlo. Un conductor profesional lo acompa\u00f1ar\u00e1 al puerto y a su hotel.<\/li>\n<li><strong>Guiado<\/strong>: un l\u00edder tur\u00edstico ingl\u00e9s profesional lo recoger\u00e1 de sus hoteles y lo acompa\u00f1ar\u00e1 al puerto.<\/li>\n<li><strong>Instalaciones de embarcaciones<\/strong>: nuestras embarcaciones son nuevas de tres pisos. Estos barcos disponen de sal\u00f3n comedor, enfriador de agua, cocina y dos aseos. Adem\u00e1s, proporcionamos chalecos salvavidas, equipo de snorkel y buceo en el primer piso. Mientras tanto, el piso del sol\u00e1rium cuenta con c\u00f3modas tumbonas y una carpa.<\/li>\n<li><strong>Equipo y personal<\/strong>: tendr\u00e1s una tripulaci\u00f3n amable y profesional en el barco. Nuestros monitores y formadores te guiar\u00e1n durante el viaje.<\/li>\n<li><strong>Comida<\/strong>: ofrecemos un delicioso almuerzo a bordo en un buffet libre.<\/li>\n<\/ul>\n","protected":false},"excerpt":{"rendered":"<p>Experimente la magia y el misterio del Mar Rojo en una excursi\u00f3n de buceo desde Safaga. Nuestro equipo le proporcionar\u00e1 equipos y servicios de primer nivel, asegur\u00e1ndose de que tenga la mejor experiencia posible. Tendr\u00e1 la oportunidad de explorar los impresionantes arrecifes de coral y encontrar una variedad de peces de colores en dos inmersiones inolvidables en dos lugares diferentes. El precio del viaje incluye todo lo necesario, desde equipo de buceo hasta un delicioso almuerzo y refrescos refrescantes. Pero la aventura no termina ah\u00ed, tambi\u00e9n tendr\u00e1s la oportunidad de nadar y hacer esn\u00f3rquel con m\u00e1scaras y aletas durante este bendito d\u00eda. Reserve ahora esta emocionante aventura acu\u00e1tica y cree recuerdos inolvidables en sus vacaciones.<\/p>\n","protected":false},"featured_media":143029,"comment_status":"open","ping_status":"closed","template":"","meta":{"_coblocks_attr":"","_coblocks_dimensions":"","_coblocks_responsive_height":"","_coblocks_accordion_ie_support":"","_uag_custom_page_level_css":"","jetpack_publicize_message":"","jetpack_publicize_feature_enabled":true,"jetpack_social_post_already_shared":true,"jetpack_social_options":{"image_generator_settings":{"template":"highway","default_image_id":0,"font":"","enabled":false},"version":2},"_wpas_customize_per_network":false},"product_brand":[],"product_cat":[16909,19571],"product_tag":[1801,1799,1797,1798,1802],"class_list":{"0":"post-143027","1":"product","2":"type-product","3":"status-publish","4":"has-post-thumbnail","6":"product_cat-excursiones-safaga","7":"product_cat-excursiones-mar-safaga","8":"product_tag-buceo","9":"product_tag-snorkel","10":"product_tag-excursion-es","11":"product_tag-mar","12":"product_tag-paseos-en-barco","13":"pa_age-el-adulto","14":"pa_age-nino-1-4-anos","15":"pa_age-nino-5-11-anos","17":"first","18":"instock","19":"sale","20":"taxable","21":"shipping-taxable","22":"purchasable","23":"product-type-variable"},"yoast_head":"<!-- This site is optimized with the Yoast SEO Premium plugin v27.5 (Yoast SEO v27.5) - https:\/\/yoast.com\/product\/yoast-seo-premium-wordpress\/ -->\n<title>Viaje de buceo desde Safaga<\/title>\n<meta name=\"description\" content=\"Viaje de buceo desde Safaga Experimente la magia y el misterio del Mar Rojo en una excursi\u00f3n de buceo desde Safaga. Nuestro equipo le proporcionar\u00e1 equipos\" \/>\n<meta name=\"robots\" content=\"index, follow, max-snippet:-1, max-image-preview:large, max-video-preview:-1\" \/>\n<link rel=\"canonical\" href=\"https:\/\/landioustravel.com\/es\/shop\/viaje-buceo-safaga\/\" \/>\n<meta property=\"og:locale\" content=\"es_ES\" \/>\n<meta property=\"og:type\" content=\"article\" \/>\n<meta property=\"og:title\" content=\"Viaje de buceo desde Safaga\" \/>\n<meta property=\"og:description\" content=\"Landious Travel\" \/>\n<meta property=\"og:url\" content=\"https:\/\/landioustravel.com\/es\/shop\/viaje-buceo-safaga\/\" \/>\n<meta property=\"og:site_name\" content=\"Landious Travel\" \/>\n<meta property=\"article:publisher\" content=\"https:\/\/web.facebook.com\/landiousEgypt\" \/>\n<meta property=\"article:modified_time\" content=\"2023-11-28T16:18:34+00:00\" \/>\n<meta property=\"og:image\" content=\"https:\/\/i0.wp.com\/landioustravel.com\/wp-content\/uploads\/2022\/12\/Diving-Trip-from-Safaga-e1671553135734.jpg?fit=1200%2C675&ssl=1\" \/>\n\t<meta property=\"og:image:width\" content=\"1200\" \/>\n\t<meta property=\"og:image:height\" content=\"675\" \/>\n\t<meta property=\"og:image:type\" content=\"image\/jpeg\" \/>\n<meta name=\"twitter:card\" content=\"summary_large_image\" \/>\n<meta name=\"twitter:site\" content=\"@LandiousTours\" \/>\n<meta name=\"twitter:label1\" content=\"Tiempo de lectura\" \/>\n\t<meta name=\"twitter:data1\" content=\"4 minutos\" \/>\n<script type=\"application\/ld+json\" class=\"yoast-schema-graph\">{\"@context\":\"https:\\\/\\\/schema.org\",\"@graph\":[{\"@type\":\"WebPage\",\"@id\":\"https:\\\/\\\/landioustravel.com\\\/es\\\/shop\\\/viaje-buceo-safaga\\\/\",\"url\":\"https:\\\/\\\/landioustravel.com\\\/es\\\/shop\\\/viaje-buceo-safaga\\\/\",\"name\":\"Viaje de buceo desde Safaga\",\"isPartOf\":{\"@id\":\"https:\\\/\\\/landioustravel.com\\\/es\\\/#website\"},\"primaryImageOfPage\":{\"@id\":\"https:\\\/\\\/landioustravel.com\\\/es\\\/shop\\\/viaje-buceo-safaga\\\/#primaryimage\"},\"image\":{\"@id\":\"https:\\\/\\\/landioustravel.com\\\/es\\\/shop\\\/viaje-buceo-safaga\\\/#primaryimage\"},\"thumbnailUrl\":\"https:\\\/\\\/i0.wp.com\\\/landioustravel.com\\\/wp-content\\\/uploads\\\/2022\\\/12\\\/Diving-Trip-from-Safaga-e1671553135734.jpg?fit=1200%2C675&ssl=1\",\"datePublished\":\"2023-05-27T23:20:32+00:00\",\"dateModified\":\"2023-11-28T16:18:34+00:00\",\"description\":\"Viaje de buceo desde Safaga Experimente la magia y el misterio del Mar Rojo en una excursi\u00f3n de buceo desde Safaga. Nuestro equipo le proporcionar\u00e1 equipos\",\"breadcrumb\":{\"@id\":\"https:\\\/\\\/landioustravel.com\\\/es\\\/shop\\\/viaje-buceo-safaga\\\/#breadcrumb\"},\"inLanguage\":\"es\",\"potentialAction\":[{\"@type\":\"ReadAction\",\"target\":[\"https:\\\/\\\/landioustravel.com\\\/es\\\/shop\\\/viaje-buceo-safaga\\\/\"]}]},{\"@type\":\"ImageObject\",\"inLanguage\":\"es\",\"@id\":\"https:\\\/\\\/landioustravel.com\\\/es\\\/shop\\\/viaje-buceo-safaga\\\/#primaryimage\",\"url\":\"https:\\\/\\\/i0.wp.com\\\/landioustravel.com\\\/wp-content\\\/uploads\\\/2022\\\/12\\\/Diving-Trip-from-Safaga-e1671553135734.jpg?fit=1200%2C675&ssl=1\",\"contentUrl\":\"https:\\\/\\\/i0.wp.com\\\/landioustravel.com\\\/wp-content\\\/uploads\\\/2022\\\/12\\\/Diving-Trip-from-Safaga-e1671553135734.jpg?fit=1200%2C675&ssl=1\",\"width\":1200,\"height\":675,\"caption\":\"Diving Trip from Safaga\"},{\"@type\":\"BreadcrumbList\",\"@id\":\"https:\\\/\\\/landioustravel.com\\\/es\\\/shop\\\/viaje-buceo-safaga\\\/#breadcrumb\",\"itemListElement\":[{\"@type\":\"ListItem\",\"position\":1,\"name\":\"Home\",\"item\":\"https:\\\/\\\/landioustravel.com\\\/es\\\/\"},{\"@type\":\"ListItem\",\"position\":2,\"name\":\"Servicios y Tours\",\"item\":\"https:\\\/\\\/landioustravel.com\\\/es\\\/\"},{\"@type\":\"ListItem\",\"position\":3,\"name\":\"Viaje de buceo desde Safaga\"}]},{\"@type\":\"WebSite\",\"@id\":\"https:\\\/\\\/landioustravel.com\\\/es\\\/#website\",\"url\":\"https:\\\/\\\/landioustravel.com\\\/es\\\/\",\"name\":\"Landious Travel\",\"description\":\"Tours and Excursions in Egypt\",\"publisher\":{\"@id\":\"https:\\\/\\\/landioustravel.com\\\/es\\\/#organization\"},\"potentialAction\":[{\"@type\":\"SearchAction\",\"target\":{\"@type\":\"EntryPoint\",\"urlTemplate\":\"https:\\\/\\\/landioustravel.com\\\/es\\\/?s={search_term_string}\"},\"query-input\":{\"@type\":\"PropertyValueSpecification\",\"valueRequired\":true,\"valueName\":\"search_term_string\"}}],\"inLanguage\":\"es\"},{\"@type\":[\"Organization\",\"Place\"],\"@id\":\"https:\\\/\\\/landioustravel.com\\\/es\\\/#organization\",\"name\":\"Landious Travel\",\"alternateName\":\"Landious Travel\",\"url\":\"https:\\\/\\\/landioustravel.com\\\/es\\\/\",\"logo\":{\"@id\":\"https:\\\/\\\/landioustravel.com\\\/es\\\/shop\\\/viaje-buceo-safaga\\\/#local-main-organization-logo\"},\"image\":{\"@id\":\"https:\\\/\\\/landioustravel.com\\\/es\\\/shop\\\/viaje-buceo-safaga\\\/#local-main-organization-logo\"},\"sameAs\":[\"https:\\\/\\\/web.facebook.com\\\/landiousEgypt\",\"https:\\\/\\\/x.com\\\/LandiousTours\",\"https:\\\/\\\/mastodon.social\\\/@landious\"],\"legalName\":\"Landious Travel\",\"telephone\":[],\"openingHoursSpecification\":[{\"@type\":\"OpeningHoursSpecification\",\"dayOfWeek\":[\"Monday\",\"Tuesday\",\"Wednesday\",\"Thursday\",\"Friday\",\"Saturday\",\"Sunday\"],\"opens\":\"09:00\",\"closes\":\"17:00\"}]},{\"@type\":\"ImageObject\",\"inLanguage\":\"es\",\"@id\":\"https:\\\/\\\/landioustravel.com\\\/es\\\/shop\\\/viaje-buceo-safaga\\\/#local-main-organization-logo\",\"url\":\"https:\\\/\\\/i0.wp.com\\\/landioustravel.com\\\/wp-content\\\/uploads\\\/2021\\\/06\\\/Landious-T.png?fit=500%2C500&ssl=1\",\"contentUrl\":\"https:\\\/\\\/i0.wp.com\\\/landioustravel.com\\\/wp-content\\\/uploads\\\/2021\\\/06\\\/Landious-T.png?fit=500%2C500&ssl=1\",\"width\":500,\"height\":500,\"caption\":\"Landious Travel\"}]}<\/script>\n<!-- \/ Yoast SEO Premium plugin. -->","yoast_head_json":{"title":"Viaje de buceo desde Safaga","description":"Viaje de buceo desde Safaga Experimente la magia y el misterio del Mar Rojo en una excursi\u00f3n de buceo desde Safaga. Nuestro equipo le proporcionar\u00e1 equipos","robots":{"index":"index","follow":"follow","max-snippet":"max-snippet:-1","max-image-preview":"max-image-preview:large","max-video-preview":"max-video-preview:-1"},"canonical":"https:\/\/landioustravel.com\/es\/shop\/viaje-buceo-safaga\/","og_locale":"es_ES","og_type":"article","og_title":"Viaje de buceo desde Safaga","og_description":"Landious Travel","og_url":"https:\/\/landioustravel.com\/es\/shop\/viaje-buceo-safaga\/","og_site_name":"Landious Travel","article_publisher":"https:\/\/web.facebook.com\/landiousEgypt","article_modified_time":"2023-11-28T16:18:34+00:00","og_image":[{"width":1200,"height":675,"url":"https:\/\/i0.wp.com\/landioustravel.com\/wp-content\/uploads\/2022\/12\/Diving-Trip-from-Safaga-e1671553135734.jpg?fit=1200%2C675&ssl=1","type":"image\/jpeg"}],"twitter_card":"summary_large_image","twitter_site":"@LandiousTours","twitter_misc":{"Tiempo de lectura":"4 minutos"},"schema":{"@context":"https:\/\/schema.org","@graph":[{"@type":"WebPage","@id":"https:\/\/landioustravel.com\/es\/shop\/viaje-buceo-safaga\/","url":"https:\/\/landioustravel.com\/es\/shop\/viaje-buceo-safaga\/","name":"Viaje de buceo desde Safaga","isPartOf":{"@id":"https:\/\/landioustravel.com\/es\/#website"},"primaryImageOfPage":{"@id":"https:\/\/landioustravel.com\/es\/shop\/viaje-buceo-safaga\/#primaryimage"},"image":{"@id":"https:\/\/landioustravel.com\/es\/shop\/viaje-buceo-safaga\/#primaryimage"},"thumbnailUrl":"https:\/\/i0.wp.com\/landioustravel.com\/wp-content\/uploads\/2022\/12\/Diving-Trip-from-Safaga-e1671553135734.jpg?fit=1200%2C675&ssl=1","datePublished":"2023-05-27T23:20:32+00:00","dateModified":"2023-11-28T16:18:34+00:00","description":"Viaje de buceo desde Safaga Experimente la magia y el misterio del Mar Rojo en una excursi\u00f3n de buceo desde Safaga. Nuestro equipo le proporcionar\u00e1 equipos","breadcrumb":{"@id":"https:\/\/landioustravel.com\/es\/shop\/viaje-buceo-safaga\/#breadcrumb"},"inLanguage":"es","potentialAction":[{"@type":"ReadAction","target":["https:\/\/landioustravel.com\/es\/shop\/viaje-buceo-safaga\/"]}]},{"@type":"ImageObject","inLanguage":"es","@id":"https:\/\/landioustravel.com\/es\/shop\/viaje-buceo-safaga\/#primaryimage","url":"https:\/\/i0.wp.com\/landioustravel.com\/wp-content\/uploads\/2022\/12\/Diving-Trip-from-Safaga-e1671553135734.jpg?fit=1200%2C675&ssl=1","contentUrl":"https:\/\/i0.wp.com\/landioustravel.com\/wp-content\/uploads\/2022\/12\/Diving-Trip-from-Safaga-e1671553135734.jpg?fit=1200%2C675&ssl=1","width":1200,"height":675,"caption":"Diving Trip from Safaga"},{"@type":"BreadcrumbList","@id":"https:\/\/landioustravel.com\/es\/shop\/viaje-buceo-safaga\/#breadcrumb","itemListElement":[{"@type":"ListItem","position":1,"name":"Home","item":"https:\/\/landioustravel.com\/es\/"},{"@type":"ListItem","position":2,"name":"Servicios y Tours","item":"https:\/\/landioustravel.com\/es\/"},{"@type":"ListItem","position":3,"name":"Viaje de buceo desde Safaga"}]},{"@type":"WebSite","@id":"https:\/\/landioustravel.com\/es\/#website","url":"https:\/\/landioustravel.com\/es\/","name":"Landious Travel","description":"Tours and Excursions in Egypt","publisher":{"@id":"https:\/\/landioustravel.com\/es\/#organization"},"potentialAction":[{"@type":"SearchAction","target":{"@type":"EntryPoint","urlTemplate":"https:\/\/landioustravel.com\/es\/?s={search_term_string}"},"query-input":{"@type":"PropertyValueSpecification","valueRequired":true,"valueName":"search_term_string"}}],"inLanguage":"es"},{"@type":["Organization","Place"],"@id":"https:\/\/landioustravel.com\/es\/#organization","name":"Landious Travel","alternateName":"Landious Travel","url":"https:\/\/landioustravel.com\/es\/","logo":{"@id":"https:\/\/landioustravel.com\/es\/shop\/viaje-buceo-safaga\/#local-main-organization-logo"},"image":{"@id":"https:\/\/landioustravel.com\/es\/shop\/viaje-buceo-safaga\/#local-main-organization-logo"},"sameAs":["https:\/\/web.facebook.com\/landiousEgypt","https:\/\/x.com\/LandiousTours","https:\/\/mastodon.social\/@landious"],"legalName":"Landious Travel","telephone":[],"openingHoursSpecification":[{"@type":"OpeningHoursSpecification","dayOfWeek":["Monday","Tuesday","Wednesday","Thursday","Friday","Saturday","Sunday"],"opens":"09:00","closes":"17:00"}]},{"@type":"ImageObject","inLanguage":"es","@id":"https:\/\/landioustravel.com\/es\/shop\/viaje-buceo-safaga\/#local-main-organization-logo","url":"https:\/\/i0.wp.com\/landioustravel.com\/wp-content\/uploads\/2021\/06\/Landious-T.png?fit=500%2C500&ssl=1","contentUrl":"https:\/\/i0.wp.com\/landioustravel.com\/wp-content\/uploads\/2021\/06\/Landious-T.png?fit=500%2C500&ssl=1","width":500,"height":500,"caption":"Landious Travel"}]}},"jetpack_publicize_connections":[],"uagb_featured_image_src":{"full":["https:\/\/i0.wp.com\/landioustravel.com\/wp-content\/uploads\/2022\/12\/Diving-Trip-from-Safaga-e1671553135734.jpg?fit=1200%2C675&ssl=1",1200,675,false],"thumbnail":["https:\/\/i0.wp.com\/landioustravel.com\/wp-content\/uploads\/2022\/12\/Diving-Trip-from-Safaga-e1671553135734.jpg?resize=150%2C150&ssl=1",150,150,true],"medium":["https:\/\/i0.wp.com\/landioustravel.com\/wp-content\/uploads\/2022\/12\/Diving-Trip-from-Safaga-e1671553135734.jpg?fit=300%2C169&ssl=1",300,169,true],"medium_large":["https:\/\/i0.wp.com\/landioustravel.com\/wp-content\/uploads\/2022\/12\/Diving-Trip-from-Safaga-e1671553135734.jpg?fit=768%2C432&ssl=1",768,432,true],"large":["https:\/\/i0.wp.com\/landioustravel.com\/wp-content\/uploads\/2022\/12\/Diving-Trip-from-Safaga-e1671553135734.jpg?fit=980%2C551&ssl=1",980,551,true],"1536x1536":["https:\/\/i0.wp.com\/landioustravel.com\/wp-content\/uploads\/2022\/12\/Diving-Trip-from-Safaga-e1671553135734.jpg?fit=1536%2C864&ssl=1",1536,864,true],"2048x2048":["https:\/\/i0.wp.com\/landioustravel.com\/wp-content\/uploads\/2022\/12\/Diving-Trip-from-Safaga-e1671553135734.jpg?fit=1200%2C675&ssl=1",1200,675,true],"newspack-article-block-landscape-large":["https:\/\/i0.wp.com\/landioustravel.com\/wp-content\/uploads\/2022\/12\/Diving-Trip-from-Safaga-e1671553135734.jpg?resize=1200%2C675&ssl=1",1200,675,true],"newspack-article-block-portrait-large":["https:\/\/i0.wp.com\/landioustravel.com\/wp-content\/uploads\/2022\/12\/Diving-Trip-from-Safaga-e1671553135734.jpg?resize=900%2C675&ssl=1",900,675,true],"newspack-article-block-square-large":["https:\/\/i0.wp.com\/landioustravel.com\/wp-content\/uploads\/2022\/12\/Diving-Trip-from-Safaga-e1671553135734.jpg?resize=1200%2C675&ssl=1",1200,675,true],"newspack-article-block-landscape-medium":["https:\/\/i0.wp.com\/landioustravel.com\/wp-content\/uploads\/2022\/12\/Diving-Trip-from-Safaga-e1671553135734.jpg?resize=800%2C600&ssl=1",800,600,true],"newspack-article-block-portrait-medium":["https:\/\/i0.wp.com\/landioustravel.com\/wp-content\/uploads\/2022\/12\/Diving-Trip-from-Safaga-e1671553135734.jpg?resize=600%2C675&ssl=1",600,675,true],"newspack-article-block-square-medium":["https:\/\/i0.wp.com\/landioustravel.com\/wp-content\/uploads\/2022\/12\/Diving-Trip-from-Safaga-e1671553135734.jpg?resize=800%2C675&ssl=1",800,675,true],"newspack-article-block-landscape-intermediate":["https:\/\/i0.wp.com\/landioustravel.com\/wp-content\/uploads\/2022\/12\/Diving-Trip-from-Safaga-e1671553135734.jpg?resize=600%2C450&ssl=1",600,450,true],"newspack-article-block-portrait-intermediate":["https:\/\/i0.wp.com\/landioustravel.com\/wp-content\/uploads\/2022\/12\/Diving-Trip-from-Safaga-e1671553135734.jpg?resize=450%2C600&ssl=1",450,600,true],"newspack-article-block-square-intermediate":["https:\/\/i0.wp.com\/landioustravel.com\/wp-content\/uploads\/2022\/12\/Diving-Trip-from-Safaga-e1671553135734.jpg?resize=600%2C600&ssl=1",600,600,true],"newspack-article-block-landscape-small":["https:\/\/i0.wp.com\/landioustravel.com\/wp-content\/uploads\/2022\/12\/Diving-Trip-from-Safaga-e1671553135734.jpg?resize=400%2C300&ssl=1",400,300,true],"newspack-article-block-portrait-small":["https:\/\/i0.wp.com\/landioustravel.com\/wp-content\/uploads\/2022\/12\/Diving-Trip-from-Safaga-e1671553135734.jpg?resize=300%2C400&ssl=1",300,400,true],"newspack-article-block-square-small":["https:\/\/i0.wp.com\/landioustravel.com\/wp-content\/uploads\/2022\/12\/Diving-Trip-from-Safaga-e1671553135734.jpg?resize=400%2C400&ssl=1",400,400,true],"newspack-article-block-landscape-tiny":["https:\/\/i0.wp.com\/landioustravel.com\/wp-content\/uploads\/2022\/12\/Diving-Trip-from-Safaga-e1671553135734.jpg?resize=200%2C150&ssl=1",200,150,true],"newspack-article-block-portrait-tiny":["https:\/\/i0.wp.com\/landioustravel.com\/wp-content\/uploads\/2022\/12\/Diving-Trip-from-Safaga-e1671553135734.jpg?resize=150%2C200&ssl=1",150,200,true],"newspack-article-block-square-tiny":["https:\/\/i0.wp.com\/landioustravel.com\/wp-content\/uploads\/2022\/12\/Diving-Trip-from-Safaga-e1671553135734.jpg?resize=200%2C200&ssl=1",200,200,true],"newspack-article-block-uncropped":["https:\/\/i0.wp.com\/landioustravel.com\/wp-content\/uploads\/2022\/12\/Diving-Trip-from-Safaga-e1671553135734.jpg?fit=1200%2C675&ssl=1",1200,675,true],"woocommerce_thumbnail":["https:\/\/i0.wp.com\/landioustravel.com\/wp-content\/uploads\/2022\/12\/Diving-Trip-from-Safaga-e1671553135734.jpg?resize=324%2C324&ssl=1",324,324,true],"woocommerce_single":["https:\/\/i0.wp.com\/landioustravel.com\/wp-content\/uploads\/2022\/12\/Diving-Trip-from-Safaga-e1671553135734.jpg?fit=416%2C234&ssl=1",416,234,true],"woocommerce_gallery_thumbnail":["https:\/\/i0.wp.com\/landioustravel.com\/wp-content\/uploads\/2022\/12\/Diving-Trip-from-Safaga-e1671553135734.jpg?resize=100%2C100&ssl=1",100,100,true]},"uagb_author_info":{"display_name":"Mofreh Landious","author_link":"https:\/\/landioustravel.com\/es\/author\/"},"uagb_comment_info":0,"uagb_excerpt":"Experimente la magia y el misterio del Mar Rojo en una excursi\u00f3n de buceo desde Safaga. Nuestro equipo le proporcionar\u00e1 equipos y servicios de primer nivel, asegur\u00e1ndose de que tenga la mejor experiencia posible. Tendr\u00e1 la oportunidad de explorar los impresionantes arrecifes de coral y encontrar una variedad de peces de colores en dos inmersiones&hellip;","jetpack_sharing_enabled":true,"jetpack_likes_enabled":true,"amp_enabled":true,"_links":{"self":[{"href":"https:\/\/landioustravel.com\/es\/wp-json\/wp\/v2\/product\/143027","targetHints":{"allow":["GET"]}}],"collection":[{"href":"https:\/\/landioustravel.com\/es\/wp-json\/wp\/v2\/product"}],"about":[{"href":"https:\/\/landioustravel.com\/es\/wp-json\/wp\/v2\/types\/product"}],"replies":[{"embeddable":true,"href":"https:\/\/landioustravel.com\/es\/wp-json\/wp\/v2\/comments?post=143027"}],"wp:featuredmedia":[{"embeddable":true,"href":"https:\/\/landioustravel.com\/es\/wp-json\/wp\/v2\/media\/143029"}],"wp:attachment":[{"href":"https:\/\/landioustravel.com\/es\/wp-json\/wp\/v2\/media?parent=143027"}],"wp:term":[{"taxonomy":"product_brand","embeddable":true,"href":"https:\/\/landioustravel.com\/es\/wp-json\/wp\/v2\/product_brand?post=143027"},{"taxonomy":"product_cat","embeddable":true,"href":"https:\/\/landioustravel.com\/es\/wp-json\/wp\/v2\/product_cat?post=143027"},{"taxonomy":"product_tag","embeddable":true,"href":"https:\/\/landioustravel.com\/es\/wp-json\/wp\/v2\/product_tag?post=143027"}],"curies":[{"name":"wp","href":"https:\/\/api.w.org\/{rel}","templated":true}]}}