{"id":143035,"date":"2022-12-20T16:53:02","date_gmt":"2023-05-27T23:17:01","guid":{"rendered":"https:\/\/landioustravel.com\/?post_type=product&#038;p=143035"},"modified":"2023-06-19T04:00:20","modified_gmt":"2023-06-19T02:00:20","slug":"viaje-semi-submarino-safaga","status":"publish","type":"product","link":"https:\/\/landioustravel.com\/es\/shop\/viaje-semi-submarino-safaga\/","title":{"rendered":"Viaje Semi Submarino Safaga"},"content":{"rendered":"<p>Viaje Semi Submarino Safaga es un viaje por mar favorito en un semi-submarino para descubrir la vida submarina del Mar Rojo en Safaga, Egipto. Recomendamos el viaje porque permite a los turistas de cualquier edad pasar un buen rato en el mar observando corales. arrecifes y muchos peces. Y tambi\u00e9n te permite disfrutar de un picnic marino a trav\u00e9s del Mar Rojo. Ver las islas Safaga: \u00a1las islas del Mar Rojo ser\u00e1n alegres!<\/p>\n<h2>Aspectos destacados de la excursi\u00f3n en semisubmarino Safaga<\/h2>\n<ul>\n<li>Comida campestre del mar a trav\u00e9s del Mar Rojo.<\/li>\n<li>Observa el mundo submarino a bordo de un semisubmarino.<\/li>\n<li>Adem\u00e1s, Snorkel en mar abierto con m\u00e1scaras y aletas.<\/li>\n<\/ul>\n<h2>Programa de la Excursi\u00f3n semisubmarina<\/h2>\n<ul>\n<li>El representante de Landious Travel lo recoger\u00e1 de sus hoteles de Safaga aproximadamente a las 10:00 am.<\/li>\n<li>Despu\u00e9s de tomar a todos los interesados, el autob\u00fas se dirige al puerto. El camino al puerto toma aproximadamente 30 minutos.<\/li>\n<li>Al comienzo del programa de excursiones, tendr\u00e1 un picnic en el mar junto al Mar Rojo.<\/li>\n<li>Luego, bajar\u00e1 al piso inferior del semisubmarino. Puedes observar peces y arrecifes de coral durante unos 45 minutos.<\/li>\n<li>Adem\u00e1s, el semisubmarino se detendr\u00e1 en mar abierto. As\u00ed, podr\u00e1s nadar en mar abierto durante unos 45 minutos.<\/li>\n<li>En el camino de regreso al puerto, tambi\u00e9n tendr\u00e1 la oportunidad de ver arrecifes de coral y peces.<\/li>\n<li>Finalmente, lo acompa\u00f1aremos de regreso a su hotel.<\/li>\n<li>Este viaje por mar en un semisubmarino en Safaga finaliza aproximadamente a las 13:00.<\/li>\n<\/ul>\n<h2>\u00bfQu\u00e9 Incluye el Precio del Viaje Semi Submarino Safaga?<\/h2>\n<ul>\n<li>M\u00e1scaras y aletas.<\/li>\n<li>Adem\u00e1s, Traslado al puerto y regreso al hotel.<\/li>\n<\/ul>\n<h2>\u00bfQu\u00e9 no incluye el Programa de Viaje Semi Submarino Safaga?<\/h2>\n<ul>\n<li>Cuota de entrada (5 USD por persona)<\/li>\n<li>DVD de v\u00eddeo.<\/li>\n<li>Adem\u00e1s, el CD de fotos.<\/li>\n<\/ul>\n<h2>Art\u00edculos para llevar con usted para el recorrido.<\/h2>\n<ul>\n<li>Toalla.<\/li>\n<li>Adem\u00e1s, protector solar.<\/li>\n<\/ul>\n<h2>Viaje Semi-Submarino Safaga D\u00edas de Reserva<\/h2>\n<ul>\n<li>Todos los d\u00edas de 010:00 a 14:00.<\/li>\n<\/ul>\n<h2>Servicios Presentados durante el Viaje Semi-Submarino Safaga<\/h2>\n<ul>\n<li><strong>Transporte<\/strong>: Landious Travel utiliza limusinas\/minibuses con aire acondicionado. Un conductor profesional lo acompa\u00f1ar\u00e1 al puerto y a su hotel.<\/li>\n<li><strong>Guiado<\/strong>: un l\u00edder tur\u00edstico ingl\u00e9s profesional lo recoger\u00e1 de sus hoteles y lo acompa\u00f1ar\u00e1 al puerto.<\/li>\n<li><strong>Instalaciones del barco:<\/strong> nuestros barcos son nuevos de tres pisos. Estos barcos tienen muchas instalaciones: sal\u00f3n comedor, enfriador de agua, cocina, ba\u00f1os y chalecos salvavidas. Adem\u00e1s, proporcionamos equipo de snorkel en el primer piso. Mientras tanto, el piso del sol\u00e1rium cuenta con c\u00f3modas tumbonas y una carpa.<\/li>\n<li><strong>Equipo y personal:<\/strong> tendr\u00e1s una tripulaci\u00f3n amable y profesional en el barco. Nuestros monitores y formadores te guiar\u00e1n durante el viaje.<\/li>\n<li><strong>Equipo de esn\u00f3rquel:<\/strong> puede usar chalecos salvavidas y equipo de esn\u00f3rquel sin cargo adicional.<\/li>\n<\/ul>\n","protected":false},"excerpt":{"rendered":"<p>\u00a1Experimenta la magia del Mar Rojo como nunca antes con un crucero semisubmarino desde Soma Bay o Safaga! Del\u00e9itese con una impresionante aventura en el mar a bordo de un semisubmarino de dos cubiertas en Safaga. Sum\u00e9rgete en el cautivador paisaje submarino del fondo del Mar Rojo y marav\u00edllate con los magn\u00edficos arrecifes de coral y los peces de colores. Mientras flotas en la superficie del agua, el fondo del bote te llevar\u00e1 a 4 metros debajo de la superficie, permiti\u00e9ndote presenciar las maravillas de las profundidades a trav\u00e9s de las grandes ventanas panor\u00e1micas. La cubierta inferior est\u00e1 equipada con ventanas panor\u00e1micas de medio metro, que brindan una vista perfecta del mundo submarino. Tambi\u00e9n puedes disfrutar nadando y practicando snorkel con m\u00e1scaras y aletas en mar abierto. Descubra la vibrante y soleada bah\u00eda de Soma con un inolvidable recorrido submarino desde Safaga o la bah\u00eda de Soma. Conozca de cerca a los leones marinos salvajes y explore los incre\u00edbles lugares con coloridos arrecifes de coral. Sum\u00e9rgete en el misterioso mundo submarino con comodidad y estilo. Beba un refresco mientras admira las vistas panor\u00e1micas de las aguas cristalinas, una forma verdaderamente \u00fanica y especial de viajar a trav\u00e9s de la tranquila y soleada bah\u00eda de Soma.<\/p>\n","protected":false},"featured_media":142752,"comment_status":"open","ping_status":"closed","template":"","meta":{"_coblocks_attr":"","_coblocks_dimensions":"","_coblocks_responsive_height":"","_coblocks_accordion_ie_support":"","_uag_custom_page_level_css":"","jetpack_publicize_message":"","jetpack_publicize_feature_enabled":true,"jetpack_social_post_already_shared":true,"jetpack_social_options":{"image_generator_settings":{"template":"highway","default_image_id":0,"font":"","enabled":false},"version":2},"_wpas_customize_per_network":false},"product_brand":[],"product_cat":[16909,19571],"product_tag":[1799,1797,1798,1802,1810],"class_list":{"0":"post-143035","1":"product","2":"type-product","3":"status-publish","4":"has-post-thumbnail","6":"product_cat-excursiones-safaga","7":"product_cat-excursiones-mar-safaga","8":"product_tag-snorkel","9":"product_tag-excursion-es","10":"product_tag-mar","11":"product_tag-paseos-en-barco","12":"product_tag-semi-submarino","13":"pa_age-el-adulto","14":"pa_age-nino-1-4-anos","15":"pa_age-nino-5-11-anos","17":"first","18":"instock","19":"sale","20":"taxable","21":"shipping-taxable","22":"purchasable","23":"product-type-variable"},"yoast_head":"<!-- This site is optimized with the Yoast SEO Premium plugin v26.9 (Yoast SEO v27.5) - https:\/\/yoast.com\/product\/yoast-seo-premium-wordpress\/ -->\n<title>Viaje Semi Submarino Safaga<\/title>\n<meta name=\"description\" content=\"Viaje Semi Submarino Safaga \u00a1Experimenta la magia del Mar Rojo como nunca antes con un crucero semisubmarino desde Soma Bay o Safaga! Del\u00e9itese con una\" \/>\n<meta name=\"robots\" content=\"index, follow, max-snippet:-1, max-image-preview:large, max-video-preview:-1\" \/>\n<link rel=\"canonical\" href=\"https:\/\/landioustravel.com\/es\/shop\/viaje-semi-submarino-safaga\/\" \/>\n<meta property=\"og:locale\" content=\"es_ES\" \/>\n<meta property=\"og:type\" content=\"article\" \/>\n<meta property=\"og:title\" content=\"Viaje Semi Submarino Safaga\" \/>\n<meta property=\"og:description\" content=\"Landious Travel\" \/>\n<meta property=\"og:url\" content=\"https:\/\/landioustravel.com\/es\/shop\/viaje-semi-submarino-safaga\/\" \/>\n<meta property=\"og:site_name\" content=\"Landious Travel\" \/>\n<meta property=\"article:publisher\" content=\"https:\/\/web.facebook.com\/landiousEgypt\" \/>\n<meta property=\"article:modified_time\" content=\"2023-06-19T02:00:20+00:00\" \/>\n<meta property=\"og:image\" content=\"https:\/\/i0.wp.com\/landioustravel.com\/wp-content\/uploads\/2022\/12\/Semi-Submarine-Trip-from-Safaga-e1671547593813.jpg?fit=1200%2C675&ssl=1\" \/>\n\t<meta property=\"og:image:width\" content=\"1200\" \/>\n\t<meta property=\"og:image:height\" content=\"675\" \/>\n\t<meta property=\"og:image:type\" content=\"image\/jpeg\" \/>\n<meta name=\"twitter:card\" content=\"summary_large_image\" \/>\n<meta name=\"twitter:site\" content=\"@LandiousTours\" \/>\n<meta name=\"twitter:label1\" content=\"Tiempo de lectura\" \/>\n\t<meta name=\"twitter:data1\" content=\"2 minutos\" \/>\n<script type=\"application\/ld+json\" class=\"yoast-schema-graph\">{\"@context\":\"https:\\\/\\\/schema.org\",\"@graph\":[{\"@type\":\"WebPage\",\"@id\":\"https:\\\/\\\/landioustravel.com\\\/es\\\/shop\\\/viaje-semi-submarino-safaga\\\/\",\"url\":\"https:\\\/\\\/landioustravel.com\\\/es\\\/shop\\\/viaje-semi-submarino-safaga\\\/\",\"name\":\"Viaje Semi Submarino Safaga\",\"isPartOf\":{\"@id\":\"https:\\\/\\\/landioustravel.com\\\/es\\\/#website\"},\"primaryImageOfPage\":{\"@id\":\"https:\\\/\\\/landioustravel.com\\\/es\\\/shop\\\/viaje-semi-submarino-safaga\\\/#primaryimage\"},\"image\":{\"@id\":\"https:\\\/\\\/landioustravel.com\\\/es\\\/shop\\\/viaje-semi-submarino-safaga\\\/#primaryimage\"},\"thumbnailUrl\":\"https:\\\/\\\/i0.wp.com\\\/landioustravel.com\\\/wp-content\\\/uploads\\\/2022\\\/12\\\/Semi-Submarine-Trip-from-Safaga-e1671547593813.jpg?fit=1200%2C675&ssl=1\",\"datePublished\":\"2023-05-27T23:17:01+00:00\",\"dateModified\":\"2023-06-19T02:00:20+00:00\",\"description\":\"Viaje Semi Submarino Safaga \u00a1Experimenta la magia del Mar Rojo como nunca antes con un crucero semisubmarino desde Soma Bay o Safaga! Del\u00e9itese con una\",\"breadcrumb\":{\"@id\":\"https:\\\/\\\/landioustravel.com\\\/es\\\/shop\\\/viaje-semi-submarino-safaga\\\/#breadcrumb\"},\"inLanguage\":\"es\",\"potentialAction\":[{\"@type\":\"ReadAction\",\"target\":[\"https:\\\/\\\/landioustravel.com\\\/es\\\/shop\\\/viaje-semi-submarino-safaga\\\/\"]}]},{\"@type\":\"ImageObject\",\"inLanguage\":\"es\",\"@id\":\"https:\\\/\\\/landioustravel.com\\\/es\\\/shop\\\/viaje-semi-submarino-safaga\\\/#primaryimage\",\"url\":\"https:\\\/\\\/i0.wp.com\\\/landioustravel.com\\\/wp-content\\\/uploads\\\/2022\\\/12\\\/Semi-Submarine-Trip-from-Safaga-e1671547593813.jpg?fit=1200%2C675&ssl=1\",\"contentUrl\":\"https:\\\/\\\/i0.wp.com\\\/landioustravel.com\\\/wp-content\\\/uploads\\\/2022\\\/12\\\/Semi-Submarine-Trip-from-Safaga-e1671547593813.jpg?fit=1200%2C675&ssl=1\",\"width\":1200,\"height\":675,\"caption\":\"Semi Submarine Trip from Safaga\"},{\"@type\":\"BreadcrumbList\",\"@id\":\"https:\\\/\\\/landioustravel.com\\\/es\\\/shop\\\/viaje-semi-submarino-safaga\\\/#breadcrumb\",\"itemListElement\":[{\"@type\":\"ListItem\",\"position\":1,\"name\":\"Home\",\"item\":\"https:\\\/\\\/landioustravel.com\\\/es\\\/\"},{\"@type\":\"ListItem\",\"position\":2,\"name\":\"Servicios y Tours\",\"item\":\"https:\\\/\\\/landioustravel.com\\\/es\\\/\"},{\"@type\":\"ListItem\",\"position\":3,\"name\":\"Viaje Semi Submarino Safaga\"}]},{\"@type\":\"WebSite\",\"@id\":\"https:\\\/\\\/landioustravel.com\\\/es\\\/#website\",\"url\":\"https:\\\/\\\/landioustravel.com\\\/es\\\/\",\"name\":\"Landious Travel\",\"description\":\"Tours and Excursions in Egypt\",\"publisher\":{\"@id\":\"https:\\\/\\\/landioustravel.com\\\/es\\\/#organization\"},\"potentialAction\":[{\"@type\":\"SearchAction\",\"target\":{\"@type\":\"EntryPoint\",\"urlTemplate\":\"https:\\\/\\\/landioustravel.com\\\/es\\\/?s={search_term_string}\"},\"query-input\":{\"@type\":\"PropertyValueSpecification\",\"valueRequired\":true,\"valueName\":\"search_term_string\"}}],\"inLanguage\":\"es\"},{\"@type\":[\"Organization\",\"Place\"],\"@id\":\"https:\\\/\\\/landioustravel.com\\\/es\\\/#organization\",\"name\":\"Landious Travel\",\"alternateName\":\"Landious Travel\",\"url\":\"https:\\\/\\\/landioustravel.com\\\/es\\\/\",\"logo\":{\"@id\":\"https:\\\/\\\/landioustravel.com\\\/es\\\/shop\\\/viaje-semi-submarino-safaga\\\/#local-main-organization-logo\"},\"image\":{\"@id\":\"https:\\\/\\\/landioustravel.com\\\/es\\\/shop\\\/viaje-semi-submarino-safaga\\\/#local-main-organization-logo\"},\"sameAs\":[\"https:\\\/\\\/web.facebook.com\\\/landiousEgypt\",\"https:\\\/\\\/x.com\\\/LandiousTours\",\"https:\\\/\\\/mastodon.social\\\/@landious\"],\"legalName\":\"Landious Travel\",\"telephone\":[],\"openingHoursSpecification\":[{\"@type\":\"OpeningHoursSpecification\",\"dayOfWeek\":[\"Monday\",\"Tuesday\",\"Wednesday\",\"Thursday\",\"Friday\",\"Saturday\",\"Sunday\"],\"opens\":\"09:00\",\"closes\":\"17:00\"}]},{\"@type\":\"ImageObject\",\"inLanguage\":\"es\",\"@id\":\"https:\\\/\\\/landioustravel.com\\\/es\\\/shop\\\/viaje-semi-submarino-safaga\\\/#local-main-organization-logo\",\"url\":\"https:\\\/\\\/i0.wp.com\\\/landioustravel.com\\\/wp-content\\\/uploads\\\/2021\\\/06\\\/Landious-T.png?fit=500%2C500&ssl=1\",\"contentUrl\":\"https:\\\/\\\/i0.wp.com\\\/landioustravel.com\\\/wp-content\\\/uploads\\\/2021\\\/06\\\/Landious-T.png?fit=500%2C500&ssl=1\",\"width\":500,\"height\":500,\"caption\":\"Landious Travel\"}]}<\/script>\n<!-- \/ Yoast SEO Premium plugin. -->","yoast_head_json":{"title":"Viaje Semi Submarino Safaga","description":"Viaje Semi Submarino Safaga \u00a1Experimenta la magia del Mar Rojo como nunca antes con un crucero semisubmarino desde Soma Bay o Safaga! Del\u00e9itese con una","robots":{"index":"index","follow":"follow","max-snippet":"max-snippet:-1","max-image-preview":"max-image-preview:large","max-video-preview":"max-video-preview:-1"},"canonical":"https:\/\/landioustravel.com\/es\/shop\/viaje-semi-submarino-safaga\/","og_locale":"es_ES","og_type":"article","og_title":"Viaje Semi Submarino Safaga","og_description":"Landious Travel","og_url":"https:\/\/landioustravel.com\/es\/shop\/viaje-semi-submarino-safaga\/","og_site_name":"Landious Travel","article_publisher":"https:\/\/web.facebook.com\/landiousEgypt","article_modified_time":"2023-06-19T02:00:20+00:00","og_image":[{"width":1200,"height":675,"url":"https:\/\/i0.wp.com\/landioustravel.com\/wp-content\/uploads\/2022\/12\/Semi-Submarine-Trip-from-Safaga-e1671547593813.jpg?fit=1200%2C675&ssl=1","type":"image\/jpeg"}],"twitter_card":"summary_large_image","twitter_site":"@LandiousTours","twitter_misc":{"Tiempo de lectura":"2 minutos"},"schema":{"@context":"https:\/\/schema.org","@graph":[{"@type":"WebPage","@id":"https:\/\/landioustravel.com\/es\/shop\/viaje-semi-submarino-safaga\/","url":"https:\/\/landioustravel.com\/es\/shop\/viaje-semi-submarino-safaga\/","name":"Viaje Semi Submarino Safaga","isPartOf":{"@id":"https:\/\/landioustravel.com\/es\/#website"},"primaryImageOfPage":{"@id":"https:\/\/landioustravel.com\/es\/shop\/viaje-semi-submarino-safaga\/#primaryimage"},"image":{"@id":"https:\/\/landioustravel.com\/es\/shop\/viaje-semi-submarino-safaga\/#primaryimage"},"thumbnailUrl":"https:\/\/i0.wp.com\/landioustravel.com\/wp-content\/uploads\/2022\/12\/Semi-Submarine-Trip-from-Safaga-e1671547593813.jpg?fit=1200%2C675&ssl=1","datePublished":"2023-05-27T23:17:01+00:00","dateModified":"2023-06-19T02:00:20+00:00","description":"Viaje Semi Submarino Safaga \u00a1Experimenta la magia del Mar Rojo como nunca antes con un crucero semisubmarino desde Soma Bay o Safaga! Del\u00e9itese con una","breadcrumb":{"@id":"https:\/\/landioustravel.com\/es\/shop\/viaje-semi-submarino-safaga\/#breadcrumb"},"inLanguage":"es","potentialAction":[{"@type":"ReadAction","target":["https:\/\/landioustravel.com\/es\/shop\/viaje-semi-submarino-safaga\/"]}]},{"@type":"ImageObject","inLanguage":"es","@id":"https:\/\/landioustravel.com\/es\/shop\/viaje-semi-submarino-safaga\/#primaryimage","url":"https:\/\/i0.wp.com\/landioustravel.com\/wp-content\/uploads\/2022\/12\/Semi-Submarine-Trip-from-Safaga-e1671547593813.jpg?fit=1200%2C675&ssl=1","contentUrl":"https:\/\/i0.wp.com\/landioustravel.com\/wp-content\/uploads\/2022\/12\/Semi-Submarine-Trip-from-Safaga-e1671547593813.jpg?fit=1200%2C675&ssl=1","width":1200,"height":675,"caption":"Semi Submarine Trip from Safaga"},{"@type":"BreadcrumbList","@id":"https:\/\/landioustravel.com\/es\/shop\/viaje-semi-submarino-safaga\/#breadcrumb","itemListElement":[{"@type":"ListItem","position":1,"name":"Home","item":"https:\/\/landioustravel.com\/es\/"},{"@type":"ListItem","position":2,"name":"Servicios y Tours","item":"https:\/\/landioustravel.com\/es\/"},{"@type":"ListItem","position":3,"name":"Viaje Semi Submarino Safaga"}]},{"@type":"WebSite","@id":"https:\/\/landioustravel.com\/es\/#website","url":"https:\/\/landioustravel.com\/es\/","name":"Landious Travel","description":"Tours and Excursions in Egypt","publisher":{"@id":"https:\/\/landioustravel.com\/es\/#organization"},"potentialAction":[{"@type":"SearchAction","target":{"@type":"EntryPoint","urlTemplate":"https:\/\/landioustravel.com\/es\/?s={search_term_string}"},"query-input":{"@type":"PropertyValueSpecification","valueRequired":true,"valueName":"search_term_string"}}],"inLanguage":"es"},{"@type":["Organization","Place"],"@id":"https:\/\/landioustravel.com\/es\/#organization","name":"Landious Travel","alternateName":"Landious Travel","url":"https:\/\/landioustravel.com\/es\/","logo":{"@id":"https:\/\/landioustravel.com\/es\/shop\/viaje-semi-submarino-safaga\/#local-main-organization-logo"},"image":{"@id":"https:\/\/landioustravel.com\/es\/shop\/viaje-semi-submarino-safaga\/#local-main-organization-logo"},"sameAs":["https:\/\/web.facebook.com\/landiousEgypt","https:\/\/x.com\/LandiousTours","https:\/\/mastodon.social\/@landious"],"legalName":"Landious Travel","telephone":[],"openingHoursSpecification":[{"@type":"OpeningHoursSpecification","dayOfWeek":["Monday","Tuesday","Wednesday","Thursday","Friday","Saturday","Sunday"],"opens":"09:00","closes":"17:00"}]},{"@type":"ImageObject","inLanguage":"es","@id":"https:\/\/landioustravel.com\/es\/shop\/viaje-semi-submarino-safaga\/#local-main-organization-logo","url":"https:\/\/i0.wp.com\/landioustravel.com\/wp-content\/uploads\/2021\/06\/Landious-T.png?fit=500%2C500&ssl=1","contentUrl":"https:\/\/i0.wp.com\/landioustravel.com\/wp-content\/uploads\/2021\/06\/Landious-T.png?fit=500%2C500&ssl=1","width":500,"height":500,"caption":"Landious Travel"}]}},"jetpack_publicize_connections":[],"uagb_featured_image_src":{"full":["https:\/\/i0.wp.com\/landioustravel.com\/wp-content\/uploads\/2022\/12\/Semi-Submarine-Trip-from-Safaga-e1671547593813.jpg?fit=1200%2C675&ssl=1",1200,675,false],"thumbnail":["https:\/\/i0.wp.com\/landioustravel.com\/wp-content\/uploads\/2022\/12\/Semi-Submarine-Trip-from-Safaga-e1671547593813.jpg?resize=150%2C150&ssl=1",150,150,true],"medium":["https:\/\/i0.wp.com\/landioustravel.com\/wp-content\/uploads\/2022\/12\/Semi-Submarine-Trip-from-Safaga-e1671547593813.jpg?fit=300%2C169&ssl=1",300,169,true],"medium_large":["https:\/\/i0.wp.com\/landioustravel.com\/wp-content\/uploads\/2022\/12\/Semi-Submarine-Trip-from-Safaga-e1671547593813.jpg?fit=768%2C432&ssl=1",768,432,true],"large":["https:\/\/i0.wp.com\/landioustravel.com\/wp-content\/uploads\/2022\/12\/Semi-Submarine-Trip-from-Safaga-e1671547593813.jpg?fit=980%2C551&ssl=1",980,551,true],"1536x1536":["https:\/\/i0.wp.com\/landioustravel.com\/wp-content\/uploads\/2022\/12\/Semi-Submarine-Trip-from-Safaga-e1671547593813.jpg?fit=1200%2C675&ssl=1",1200,675,true],"2048x2048":["https:\/\/i0.wp.com\/landioustravel.com\/wp-content\/uploads\/2022\/12\/Semi-Submarine-Trip-from-Safaga-e1671547593813.jpg?fit=1200%2C675&ssl=1",1200,675,true],"newspack-article-block-landscape-large":["https:\/\/i0.wp.com\/landioustravel.com\/wp-content\/uploads\/2022\/12\/Semi-Submarine-Trip-from-Safaga-e1671547593813.jpg?resize=1200%2C675&ssl=1",1200,675,true],"newspack-article-block-portrait-large":["https:\/\/i0.wp.com\/landioustravel.com\/wp-content\/uploads\/2022\/12\/Semi-Submarine-Trip-from-Safaga-e1671547593813.jpg?resize=900%2C675&ssl=1",900,675,true],"newspack-article-block-square-large":["https:\/\/i0.wp.com\/landioustravel.com\/wp-content\/uploads\/2022\/12\/Semi-Submarine-Trip-from-Safaga-e1671547593813.jpg?resize=1200%2C675&ssl=1",1200,675,true],"newspack-article-block-landscape-medium":["https:\/\/i0.wp.com\/landioustravel.com\/wp-content\/uploads\/2022\/12\/Semi-Submarine-Trip-from-Safaga-e1671547593813.jpg?resize=800%2C600&ssl=1",800,600,true],"newspack-article-block-portrait-medium":["https:\/\/i0.wp.com\/landioustravel.com\/wp-content\/uploads\/2022\/12\/Semi-Submarine-Trip-from-Safaga-e1671547593813.jpg?resize=600%2C675&ssl=1",600,675,true],"newspack-article-block-square-medium":["https:\/\/i0.wp.com\/landioustravel.com\/wp-content\/uploads\/2022\/12\/Semi-Submarine-Trip-from-Safaga-e1671547593813.jpg?resize=800%2C675&ssl=1",800,675,true],"newspack-article-block-landscape-intermediate":["https:\/\/i0.wp.com\/landioustravel.com\/wp-content\/uploads\/2022\/12\/Semi-Submarine-Trip-from-Safaga-e1671547593813.jpg?resize=600%2C450&ssl=1",600,450,true],"newspack-article-block-portrait-intermediate":["https:\/\/i0.wp.com\/landioustravel.com\/wp-content\/uploads\/2022\/12\/Semi-Submarine-Trip-from-Safaga-e1671547593813.jpg?resize=450%2C600&ssl=1",450,600,true],"newspack-article-block-square-intermediate":["https:\/\/i0.wp.com\/landioustravel.com\/wp-content\/uploads\/2022\/12\/Semi-Submarine-Trip-from-Safaga-e1671547593813.jpg?resize=600%2C600&ssl=1",600,600,true],"newspack-article-block-landscape-small":["https:\/\/i0.wp.com\/landioustravel.com\/wp-content\/uploads\/2022\/12\/Semi-Submarine-Trip-from-Safaga-e1671547593813.jpg?resize=400%2C300&ssl=1",400,300,true],"newspack-article-block-portrait-small":["https:\/\/i0.wp.com\/landioustravel.com\/wp-content\/uploads\/2022\/12\/Semi-Submarine-Trip-from-Safaga-e1671547593813.jpg?resize=300%2C400&ssl=1",300,400,true],"newspack-article-block-square-small":["https:\/\/i0.wp.com\/landioustravel.com\/wp-content\/uploads\/2022\/12\/Semi-Submarine-Trip-from-Safaga-e1671547593813.jpg?resize=400%2C400&ssl=1",400,400,true],"newspack-article-block-landscape-tiny":["https:\/\/i0.wp.com\/landioustravel.com\/wp-content\/uploads\/2022\/12\/Semi-Submarine-Trip-from-Safaga-e1671547593813.jpg?resize=200%2C150&ssl=1",200,150,true],"newspack-article-block-portrait-tiny":["https:\/\/i0.wp.com\/landioustravel.com\/wp-content\/uploads\/2022\/12\/Semi-Submarine-Trip-from-Safaga-e1671547593813.jpg?resize=150%2C200&ssl=1",150,200,true],"newspack-article-block-square-tiny":["https:\/\/i0.wp.com\/landioustravel.com\/wp-content\/uploads\/2022\/12\/Semi-Submarine-Trip-from-Safaga-e1671547593813.jpg?resize=200%2C200&ssl=1",200,200,true],"newspack-article-block-uncropped":["https:\/\/i0.wp.com\/landioustravel.com\/wp-content\/uploads\/2022\/12\/Semi-Submarine-Trip-from-Safaga-e1671547593813.jpg?fit=1200%2C675&ssl=1",1200,675,true],"woocommerce_thumbnail":["https:\/\/i0.wp.com\/landioustravel.com\/wp-content\/uploads\/2022\/12\/Semi-Submarine-Trip-from-Safaga-e1671547593813.jpg?resize=324%2C324&ssl=1",324,324,true],"woocommerce_single":["https:\/\/i0.wp.com\/landioustravel.com\/wp-content\/uploads\/2022\/12\/Semi-Submarine-Trip-from-Safaga-e1671547593813.jpg?fit=416%2C234&ssl=1",416,234,true],"woocommerce_gallery_thumbnail":["https:\/\/i0.wp.com\/landioustravel.com\/wp-content\/uploads\/2022\/12\/Semi-Submarine-Trip-from-Safaga-e1671547593813.jpg?resize=100%2C100&ssl=1",100,100,true]},"uagb_author_info":{"display_name":"Mofreh Landious","author_link":"https:\/\/landioustravel.com\/es\/author\/"},"uagb_comment_info":0,"uagb_excerpt":"\u00a1Experimenta la magia del Mar Rojo como nunca antes con un crucero semisubmarino desde Soma Bay o Safaga! Del\u00e9itese con una impresionante aventura en el mar a bordo de un semisubmarino de dos cubiertas en Safaga. Sum\u00e9rgete en el cautivador paisaje submarino del fondo del Mar Rojo y marav\u00edllate con los magn\u00edficos arrecifes de coral&hellip;","jetpack_sharing_enabled":true,"jetpack_likes_enabled":true,"amp_enabled":true,"_links":{"self":[{"href":"https:\/\/landioustravel.com\/es\/wp-json\/wp\/v2\/product\/143035","targetHints":{"allow":["GET"]}}],"collection":[{"href":"https:\/\/landioustravel.com\/es\/wp-json\/wp\/v2\/product"}],"about":[{"href":"https:\/\/landioustravel.com\/es\/wp-json\/wp\/v2\/types\/product"}],"replies":[{"embeddable":true,"href":"https:\/\/landioustravel.com\/es\/wp-json\/wp\/v2\/comments?post=143035"}],"wp:featuredmedia":[{"embeddable":true,"href":"https:\/\/landioustravel.com\/es\/wp-json\/wp\/v2\/media\/142752"}],"wp:attachment":[{"href":"https:\/\/landioustravel.com\/es\/wp-json\/wp\/v2\/media?parent=143035"}],"wp:term":[{"taxonomy":"product_brand","embeddable":true,"href":"https:\/\/landioustravel.com\/es\/wp-json\/wp\/v2\/product_brand?post=143035"},{"taxonomy":"product_cat","embeddable":true,"href":"https:\/\/landioustravel.com\/es\/wp-json\/wp\/v2\/product_cat?post=143035"},{"taxonomy":"product_tag","embeddable":true,"href":"https:\/\/landioustravel.com\/es\/wp-json\/wp\/v2\/product_tag?post=143035"}],"curies":[{"name":"wp","href":"https:\/\/api.w.org\/{rel}","templated":true}]}}