{"id":143165,"date":"2022-12-13T10:12:48","date_gmt":"2023-05-27T15:18:55","guid":{"rendered":"https:\/\/landioustravel.com\/?post_type=product&#038;p=143165"},"modified":"2023-10-09T00:34:16","modified_gmt":"2023-10-08T21:34:16","slug":"viaje-islas-hamata-marsa-alam","status":"publish","type":"product","link":"https:\/\/landioustravel.com\/es\/shop\/viaje-islas-hamata-marsa-alam\/","title":{"rendered":"Viaje a las islas Hamata desde Marsa Alam"},"content":{"rendered":"<p>\u00a1El viaje a las islas Hamata desde Marsa Alam es incre\u00edble! Las islas Qulan, tambi\u00e9n conocidas como las Maldivas egipcias, tambi\u00e9n se denominan islas Hamata. Un para\u00edso sin igual, ya que no est\u00e1n tan desbordados por el turismo. Descubra las bellezas del mar y el impresionante paisaje de la naturaleza con nosotros, un verdadero para\u00edso ideal para principiantes en snorkel y familias con ni\u00f1os.<\/p>\n<h2>Aspectos destacados del viaje a las islas Hamata desde Marsa Alam<\/h2>\n<ul>\n<li>Nade alrededor de las islas Hamata.<\/li>\n<li>Snorkel en tres lugares en mar abierto.<\/li>\n<li>Adem\u00e1s, disfrute del almuerzo en el barco.<\/li>\n<\/ul>\n<h2>Programa de la Excursi\u00f3n de Snorkel a las Islas Hamata<\/h2>\n<ul>\n<li>El representante de Landious Travel lo recoge del hotel, en Marsa Alam, aproximadamente a las 07:00 AM.<\/li>\n<li>Despu\u00e9s de recoger a todos los interesados, el autob\u00fas se dirige al puerto de Hamata. El camino a este puerto toma aproximadamente una hora.<\/li>\n<li>Una vez llegues al puerto, encontrar\u00e1s tu barco. \u00a1Ser\u00e1 un barco significativo y chic! Este barco de crucero tiene dos pisos. Ser\u00e1 preferible quitarse el calzado al subir al barco. Adem\u00e1s, puede subir al segundo piso para broncearse en la terraza superior.<\/li>\n<li>El barco avanza por el Mar Rojo tan pronto como se re\u00fane el grupo. Navegar\u00e1 por el Mar Rojo durante una hora hacia las islas Hamata de Siyul, Showarit y Um El Sheikh. Impresionantes formaciones de coral bordean estas islas en el llamado archipi\u00e9lago de Qulaan y albergan una incre\u00edble vida marina, incluidos dugongos, delfines, rayas, peces payaso y tortugas marinas. Sus playas de arena dieron lugar al apodo de &#8216;Egyptian Maldives&#8217;.<\/li>\n<li>Una vez que llegue el barco, puede pasear por esas playas de arena blanca, observar aves raras en las islas y disfrutar de la emocionante vida marina en las lagunas. El archipi\u00e9lago de Qulaan es parte del Parque Nacional Wadi El Gamal. Las islas aqu\u00ed se han convertido en un santuario de observaci\u00f3n de aves con grandes colonias de habitantes. Disfrutar\u00e1s de un fant\u00e1stico d\u00eda con almuerzo incluido a bordo de nuestro c\u00f3modo barco.<\/li>\n<li>Despu\u00e9s de esta parada, el grupo se reunir\u00e1 en el primer piso para almorzar. Durante el almuerzo, el buffet estar\u00e1 abierto.<\/li>\n<li>A continuaci\u00f3n, tendr\u00e1s una parada en otro lugar para practicar snorkel con m\u00e1scaras y aletas.<\/li>\n<li>Finalmente, nuestro barco regresa al puerto. Una vez m\u00e1s, lo acompa\u00f1aremos de regreso a sus hoteles en Marsa Alam.<\/li>\n<li>Este viaje por mar a las islas Hamata desde Marsa Alam finaliza aproximadamente a las 16:30.<\/li>\n<\/ul>\n<h2>\u00bfQu\u00e9 incluye el precio del viaje a las islas Hamata desde Marsa Alam?<\/h2>\n<ol>\n<li>Equipo de snorkel.<\/li>\n<li>Alimentos y bebidas.<\/li>\n<li>Adem\u00e1s, Traslado al puerto y regreso al hotel.<\/li>\n<\/ol>\n<h2>\u00bfQu\u00e9 no incluye el Programa del Viaje a las Islas Hamata desde Marsa Alam?<\/h2>\n<ul>\n<li>DVD de v\u00eddeo.<\/li>\n<li>Adem\u00e1s, el CD de fotos.<\/li>\n<\/ul>\n<h2>Art\u00edculos a llevar para la Excursi\u00f3n a las Islas Hamata<\/h2>\n<ul>\n<li>Toalla.<\/li>\n<li>Adem\u00e1s, protector solar.<\/li>\n<\/ul>\n<h2>D\u00edas de reserva de viaje a las islas Hamata desde Marsa Alam<\/h2>\n<ul>\n<li>Todos los d\u00edas de 08:00 a 17:00.<\/li>\n<\/ul>\n<h2>Servicios presentados durante el viaje por mar a las islas Hamata desde Marsa Alam.<\/h2>\n<ul>\n<li><strong>Transporte<\/strong>: Landious Travel utiliza una limusina\/minib\u00fas con aire acondicionado para atenderlo. Un conductor profesional lo acompa\u00f1ar\u00e1 al puerto y a su hotel.<\/li>\n<li><strong>Guiado<\/strong>: un l\u00edder tur\u00edstico ingl\u00e9s profesional lo recoger\u00e1 de sus hoteles. Luego, nuestros gu\u00edas lo acompa\u00f1ar\u00e1n hasta el puerto.<\/li>\n<li><strong>Instalaciones de embarcaciones:<\/strong> nuestras embarcaciones son nuevas de tres pisos. Estos barcos cuentan con numerosas instalaciones: sal\u00f3n comedor, enfriador de agua, cocina y aseos. Adem\u00e1s, proporcionamos chalecos salvavidas, equipo de snorkel y dos carretes de curric\u00e1n en el primer piso. Mientras tanto, el piso del sol\u00e1rium cuenta con c\u00f3modas tumbonas y una carpa.<\/li>\n<li><strong>Equipo y personal<\/strong>: tendr\u00e1s una tripulaci\u00f3n amable y profesional en el barco. Nuestros monitores y formadores te guiar\u00e1n durante el viaje.<\/li>\n<li><strong>Comida<\/strong>: servimos un delicioso almuerzo a bordo del barco, con diferentes platos.<\/li>\n<\/ul>\n","protected":false},"excerpt":{"rendered":"<p>\u00a1Experimenta el lado vibrante y exuberante de Egipto con una emocionante expedici\u00f3n de snorkel! Prep\u00e1rese para sorprenderse mientras viaja por el impresionante Parque Nacional de Hamata, donde visitar\u00e1 varias islas tropicales y ser\u00e1 testigo de una abundancia de vida salvaje pr\u00f3spera tanto en tierra como en el mar. Prep\u00e1rate para sumergirte en las aguas cristalinas y explorar las magn\u00edficas lagunas y arrecifes que rodean las encantadoras Islas Qulan. Con todo el equipo necesario proporcionado, incluido el equipo de snorkel, un gu\u00eda experto y un chaleco salvavidas, puede estar seguro de que su seguridad y comodidad son nuestra principal prioridad.<\/p>\n","protected":false},"featured_media":143168,"comment_status":"open","ping_status":"closed","template":"","meta":{"_coblocks_attr":"","_coblocks_dimensions":"","_coblocks_responsive_height":"","_coblocks_accordion_ie_support":"","_uag_custom_page_level_css":"","jetpack_post_was_ever_published":false,"jetpack_publicize_message":"","jetpack_publicize_feature_enabled":true,"jetpack_social_post_already_shared":true,"jetpack_social_options":{"image_generator_settings":{"template":"highway","default_image_id":0,"font":"","enabled":false},"version":2},"_wpas_customize_per_network":false},"product_brand":[],"product_cat":[6620,12334],"product_tag":[1799,1797,1803,1798,1802],"class_list":{"0":"post-143165","1":"product","2":"type-product","3":"status-publish","4":"has-post-thumbnail","6":"product_cat-excursiones-marsa-alam","7":"product_cat-viajes-por-mar-marsa-alam","8":"product_tag-snorkel","9":"product_tag-excursion-es","10":"product_tag-isla","11":"product_tag-mar","12":"product_tag-paseos-en-barco","13":"pa_age-el-adulto","14":"pa_age-nino-1-4-anos","15":"pa_age-nino-5-11-anos","17":"first","18":"instock","19":"sale","20":"taxable","21":"shipping-taxable","22":"purchasable","23":"product-type-variable"},"yoast_head":"<!-- This site is optimized with the Yoast SEO Premium plugin v26.9 (Yoast SEO v27.3) - https:\/\/yoast.com\/product\/yoast-seo-premium-wordpress\/ -->\n<title>Viaje a las islas Hamata desde Marsa Alam<\/title>\n<meta name=\"description\" content=\"Viaje a las islas Hamata desde Marsa Alam \u00a1Experimenta el lado vibrante y exuberante de Egipto con una emocionante expedici\u00f3n de snorkel! Prep\u00e1rese para\" \/>\n<meta name=\"robots\" content=\"index, follow, max-snippet:-1, max-image-preview:large, max-video-preview:-1\" \/>\n<link rel=\"canonical\" href=\"https:\/\/landioustravel.com\/es\/shop\/viaje-islas-hamata-marsa-alam\/\" \/>\n<meta property=\"og:locale\" content=\"es_ES\" \/>\n<meta property=\"og:type\" content=\"article\" \/>\n<meta property=\"og:title\" content=\"Viaje a las islas Hamata desde Marsa Alam\" \/>\n<meta property=\"og:description\" content=\"Landious Travel\" \/>\n<meta property=\"og:url\" content=\"https:\/\/landioustravel.com\/es\/shop\/viaje-islas-hamata-marsa-alam\/\" \/>\n<meta property=\"og:site_name\" content=\"Landious Travel\" \/>\n<meta property=\"article:publisher\" content=\"https:\/\/web.facebook.com\/landiousEgypt\" \/>\n<meta property=\"article:modified_time\" content=\"2023-10-08T21:34:16+00:00\" \/>\n<meta property=\"og:image\" content=\"https:\/\/i0.wp.com\/landioustravel.com\/wp-content\/uploads\/2022\/12\/Hamata-Islands-Trip-from-Marsa-Alam-e1670919002915.jpg?fit=1200%2C675&ssl=1\" \/>\n\t<meta property=\"og:image:width\" content=\"1200\" \/>\n\t<meta property=\"og:image:height\" content=\"675\" \/>\n\t<meta property=\"og:image:type\" content=\"image\/jpeg\" \/>\n<meta name=\"twitter:card\" content=\"summary_large_image\" \/>\n<meta name=\"twitter:site\" content=\"@LandiousTours\" \/>\n<meta name=\"twitter:label1\" content=\"Tiempo de lectura\" \/>\n\t<meta name=\"twitter:data1\" content=\"3 minutos\" \/>\n<script type=\"application\/ld+json\" class=\"yoast-schema-graph\">{\"@context\":\"https:\\\/\\\/schema.org\",\"@graph\":[{\"@type\":\"WebPage\",\"@id\":\"https:\\\/\\\/landioustravel.com\\\/es\\\/shop\\\/viaje-islas-hamata-marsa-alam\\\/\",\"url\":\"https:\\\/\\\/landioustravel.com\\\/es\\\/shop\\\/viaje-islas-hamata-marsa-alam\\\/\",\"name\":\"Viaje a las islas Hamata desde Marsa Alam\",\"isPartOf\":{\"@id\":\"https:\\\/\\\/landioustravel.com\\\/es\\\/#website\"},\"primaryImageOfPage\":{\"@id\":\"https:\\\/\\\/landioustravel.com\\\/es\\\/shop\\\/viaje-islas-hamata-marsa-alam\\\/#primaryimage\"},\"image\":{\"@id\":\"https:\\\/\\\/landioustravel.com\\\/es\\\/shop\\\/viaje-islas-hamata-marsa-alam\\\/#primaryimage\"},\"thumbnailUrl\":\"https:\\\/\\\/i0.wp.com\\\/landioustravel.com\\\/wp-content\\\/uploads\\\/2022\\\/12\\\/Hamata-Islands-Trip-from-Marsa-Alam-e1670919002915.jpg?fit=1200%2C675&ssl=1\",\"datePublished\":\"2023-05-27T15:18:55+00:00\",\"dateModified\":\"2023-10-08T21:34:16+00:00\",\"description\":\"Viaje a las islas Hamata desde Marsa Alam \u00a1Experimenta el lado vibrante y exuberante de Egipto con una emocionante expedici\u00f3n de snorkel! Prep\u00e1rese para\",\"breadcrumb\":{\"@id\":\"https:\\\/\\\/landioustravel.com\\\/es\\\/shop\\\/viaje-islas-hamata-marsa-alam\\\/#breadcrumb\"},\"inLanguage\":\"es\",\"potentialAction\":[{\"@type\":\"ReadAction\",\"target\":[\"https:\\\/\\\/landioustravel.com\\\/es\\\/shop\\\/viaje-islas-hamata-marsa-alam\\\/\"]}]},{\"@type\":\"ImageObject\",\"inLanguage\":\"es\",\"@id\":\"https:\\\/\\\/landioustravel.com\\\/es\\\/shop\\\/viaje-islas-hamata-marsa-alam\\\/#primaryimage\",\"url\":\"https:\\\/\\\/i0.wp.com\\\/landioustravel.com\\\/wp-content\\\/uploads\\\/2022\\\/12\\\/Hamata-Islands-Trip-from-Marsa-Alam-e1670919002915.jpg?fit=1200%2C675&ssl=1\",\"contentUrl\":\"https:\\\/\\\/i0.wp.com\\\/landioustravel.com\\\/wp-content\\\/uploads\\\/2022\\\/12\\\/Hamata-Islands-Trip-from-Marsa-Alam-e1670919002915.jpg?fit=1200%2C675&ssl=1\",\"width\":1200,\"height\":675,\"caption\":\"Hamata Islands Trip from Marsa Alam\"},{\"@type\":\"BreadcrumbList\",\"@id\":\"https:\\\/\\\/landioustravel.com\\\/es\\\/shop\\\/viaje-islas-hamata-marsa-alam\\\/#breadcrumb\",\"itemListElement\":[{\"@type\":\"ListItem\",\"position\":1,\"name\":\"Home\",\"item\":\"https:\\\/\\\/landioustravel.com\\\/es\\\/\"},{\"@type\":\"ListItem\",\"position\":2,\"name\":\"Servicios y Tours\",\"item\":\"https:\\\/\\\/landioustravel.com\\\/es\\\/\"},{\"@type\":\"ListItem\",\"position\":3,\"name\":\"Viaje a las islas Hamata desde Marsa Alam\"}]},{\"@type\":\"WebSite\",\"@id\":\"https:\\\/\\\/landioustravel.com\\\/es\\\/#website\",\"url\":\"https:\\\/\\\/landioustravel.com\\\/es\\\/\",\"name\":\"Landious Travel\",\"description\":\"Tours and Excursions in Egypt\",\"publisher\":{\"@id\":\"https:\\\/\\\/landioustravel.com\\\/es\\\/#organization\"},\"potentialAction\":[{\"@type\":\"SearchAction\",\"target\":{\"@type\":\"EntryPoint\",\"urlTemplate\":\"https:\\\/\\\/landioustravel.com\\\/es\\\/?s={search_term_string}\"},\"query-input\":{\"@type\":\"PropertyValueSpecification\",\"valueRequired\":true,\"valueName\":\"search_term_string\"}}],\"inLanguage\":\"es\"},{\"@type\":[\"Organization\",\"Place\"],\"@id\":\"https:\\\/\\\/landioustravel.com\\\/es\\\/#organization\",\"name\":\"Landious Travel\",\"alternateName\":\"Landious Travel\",\"url\":\"https:\\\/\\\/landioustravel.com\\\/es\\\/\",\"logo\":{\"@id\":\"https:\\\/\\\/landioustravel.com\\\/es\\\/shop\\\/viaje-islas-hamata-marsa-alam\\\/#local-main-organization-logo\"},\"image\":{\"@id\":\"https:\\\/\\\/landioustravel.com\\\/es\\\/shop\\\/viaje-islas-hamata-marsa-alam\\\/#local-main-organization-logo\"},\"sameAs\":[\"https:\\\/\\\/web.facebook.com\\\/landiousEgypt\",\"https:\\\/\\\/x.com\\\/LandiousTours\",\"https:\\\/\\\/mastodon.social\\\/@landious\"],\"legalName\":\"Landious Travel\",\"telephone\":[],\"openingHoursSpecification\":[{\"@type\":\"OpeningHoursSpecification\",\"dayOfWeek\":[\"Monday\",\"Tuesday\",\"Wednesday\",\"Thursday\",\"Friday\",\"Saturday\",\"Sunday\"],\"opens\":\"09:00\",\"closes\":\"17:00\"}]},{\"@type\":\"ImageObject\",\"inLanguage\":\"es\",\"@id\":\"https:\\\/\\\/landioustravel.com\\\/es\\\/shop\\\/viaje-islas-hamata-marsa-alam\\\/#local-main-organization-logo\",\"url\":\"https:\\\/\\\/i0.wp.com\\\/landioustravel.com\\\/wp-content\\\/uploads\\\/2021\\\/06\\\/Landious-T.png?fit=500%2C500&ssl=1\",\"contentUrl\":\"https:\\\/\\\/i0.wp.com\\\/landioustravel.com\\\/wp-content\\\/uploads\\\/2021\\\/06\\\/Landious-T.png?fit=500%2C500&ssl=1\",\"width\":500,\"height\":500,\"caption\":\"Landious Travel\"}]}<\/script>\n<!-- \/ Yoast SEO Premium plugin. -->","yoast_head_json":{"title":"Viaje a las islas Hamata desde Marsa Alam","description":"Viaje a las islas Hamata desde Marsa Alam \u00a1Experimenta el lado vibrante y exuberante de Egipto con una emocionante expedici\u00f3n de snorkel! Prep\u00e1rese para","robots":{"index":"index","follow":"follow","max-snippet":"max-snippet:-1","max-image-preview":"max-image-preview:large","max-video-preview":"max-video-preview:-1"},"canonical":"https:\/\/landioustravel.com\/es\/shop\/viaje-islas-hamata-marsa-alam\/","og_locale":"es_ES","og_type":"article","og_title":"Viaje a las islas Hamata desde Marsa Alam","og_description":"Landious Travel","og_url":"https:\/\/landioustravel.com\/es\/shop\/viaje-islas-hamata-marsa-alam\/","og_site_name":"Landious Travel","article_publisher":"https:\/\/web.facebook.com\/landiousEgypt","article_modified_time":"2023-10-08T21:34:16+00:00","og_image":[{"width":1200,"height":675,"url":"https:\/\/i0.wp.com\/landioustravel.com\/wp-content\/uploads\/2022\/12\/Hamata-Islands-Trip-from-Marsa-Alam-e1670919002915.jpg?fit=1200%2C675&ssl=1","type":"image\/jpeg"}],"twitter_card":"summary_large_image","twitter_site":"@LandiousTours","twitter_misc":{"Tiempo de lectura":"3 minutos"},"schema":{"@context":"https:\/\/schema.org","@graph":[{"@type":"WebPage","@id":"https:\/\/landioustravel.com\/es\/shop\/viaje-islas-hamata-marsa-alam\/","url":"https:\/\/landioustravel.com\/es\/shop\/viaje-islas-hamata-marsa-alam\/","name":"Viaje a las islas Hamata desde Marsa Alam","isPartOf":{"@id":"https:\/\/landioustravel.com\/es\/#website"},"primaryImageOfPage":{"@id":"https:\/\/landioustravel.com\/es\/shop\/viaje-islas-hamata-marsa-alam\/#primaryimage"},"image":{"@id":"https:\/\/landioustravel.com\/es\/shop\/viaje-islas-hamata-marsa-alam\/#primaryimage"},"thumbnailUrl":"https:\/\/i0.wp.com\/landioustravel.com\/wp-content\/uploads\/2022\/12\/Hamata-Islands-Trip-from-Marsa-Alam-e1670919002915.jpg?fit=1200%2C675&ssl=1","datePublished":"2023-05-27T15:18:55+00:00","dateModified":"2023-10-08T21:34:16+00:00","description":"Viaje a las islas Hamata desde Marsa Alam \u00a1Experimenta el lado vibrante y exuberante de Egipto con una emocionante expedici\u00f3n de snorkel! Prep\u00e1rese para","breadcrumb":{"@id":"https:\/\/landioustravel.com\/es\/shop\/viaje-islas-hamata-marsa-alam\/#breadcrumb"},"inLanguage":"es","potentialAction":[{"@type":"ReadAction","target":["https:\/\/landioustravel.com\/es\/shop\/viaje-islas-hamata-marsa-alam\/"]}]},{"@type":"ImageObject","inLanguage":"es","@id":"https:\/\/landioustravel.com\/es\/shop\/viaje-islas-hamata-marsa-alam\/#primaryimage","url":"https:\/\/i0.wp.com\/landioustravel.com\/wp-content\/uploads\/2022\/12\/Hamata-Islands-Trip-from-Marsa-Alam-e1670919002915.jpg?fit=1200%2C675&ssl=1","contentUrl":"https:\/\/i0.wp.com\/landioustravel.com\/wp-content\/uploads\/2022\/12\/Hamata-Islands-Trip-from-Marsa-Alam-e1670919002915.jpg?fit=1200%2C675&ssl=1","width":1200,"height":675,"caption":"Hamata Islands Trip from Marsa Alam"},{"@type":"BreadcrumbList","@id":"https:\/\/landioustravel.com\/es\/shop\/viaje-islas-hamata-marsa-alam\/#breadcrumb","itemListElement":[{"@type":"ListItem","position":1,"name":"Home","item":"https:\/\/landioustravel.com\/es\/"},{"@type":"ListItem","position":2,"name":"Servicios y Tours","item":"https:\/\/landioustravel.com\/es\/"},{"@type":"ListItem","position":3,"name":"Viaje a las islas Hamata desde Marsa Alam"}]},{"@type":"WebSite","@id":"https:\/\/landioustravel.com\/es\/#website","url":"https:\/\/landioustravel.com\/es\/","name":"Landious Travel","description":"Tours and Excursions in Egypt","publisher":{"@id":"https:\/\/landioustravel.com\/es\/#organization"},"potentialAction":[{"@type":"SearchAction","target":{"@type":"EntryPoint","urlTemplate":"https:\/\/landioustravel.com\/es\/?s={search_term_string}"},"query-input":{"@type":"PropertyValueSpecification","valueRequired":true,"valueName":"search_term_string"}}],"inLanguage":"es"},{"@type":["Organization","Place"],"@id":"https:\/\/landioustravel.com\/es\/#organization","name":"Landious Travel","alternateName":"Landious Travel","url":"https:\/\/landioustravel.com\/es\/","logo":{"@id":"https:\/\/landioustravel.com\/es\/shop\/viaje-islas-hamata-marsa-alam\/#local-main-organization-logo"},"image":{"@id":"https:\/\/landioustravel.com\/es\/shop\/viaje-islas-hamata-marsa-alam\/#local-main-organization-logo"},"sameAs":["https:\/\/web.facebook.com\/landiousEgypt","https:\/\/x.com\/LandiousTours","https:\/\/mastodon.social\/@landious"],"legalName":"Landious Travel","telephone":[],"openingHoursSpecification":[{"@type":"OpeningHoursSpecification","dayOfWeek":["Monday","Tuesday","Wednesday","Thursday","Friday","Saturday","Sunday"],"opens":"09:00","closes":"17:00"}]},{"@type":"ImageObject","inLanguage":"es","@id":"https:\/\/landioustravel.com\/es\/shop\/viaje-islas-hamata-marsa-alam\/#local-main-organization-logo","url":"https:\/\/i0.wp.com\/landioustravel.com\/wp-content\/uploads\/2021\/06\/Landious-T.png?fit=500%2C500&ssl=1","contentUrl":"https:\/\/i0.wp.com\/landioustravel.com\/wp-content\/uploads\/2021\/06\/Landious-T.png?fit=500%2C500&ssl=1","width":500,"height":500,"caption":"Landious Travel"}]}},"jetpack_publicize_connections":[],"uagb_featured_image_src":{"full":["https:\/\/i0.wp.com\/landioustravel.com\/wp-content\/uploads\/2022\/12\/Hamata-Islands-Trip-from-Marsa-Alam-e1670919002915.jpg?fit=1200%2C675&ssl=1",1200,675,false],"thumbnail":["https:\/\/i0.wp.com\/landioustravel.com\/wp-content\/uploads\/2022\/12\/Hamata-Islands-Trip-from-Marsa-Alam-e1670919002915.jpg?resize=150%2C150&ssl=1",150,150,true],"medium":["https:\/\/i0.wp.com\/landioustravel.com\/wp-content\/uploads\/2022\/12\/Hamata-Islands-Trip-from-Marsa-Alam-e1670919002915.jpg?fit=300%2C169&ssl=1",300,169,true],"medium_large":["https:\/\/i0.wp.com\/landioustravel.com\/wp-content\/uploads\/2022\/12\/Hamata-Islands-Trip-from-Marsa-Alam-e1670919002915.jpg?fit=768%2C432&ssl=1",768,432,true],"large":["https:\/\/i0.wp.com\/landioustravel.com\/wp-content\/uploads\/2022\/12\/Hamata-Islands-Trip-from-Marsa-Alam-e1670919002915.jpg?fit=980%2C551&ssl=1",980,551,true],"1536x1536":["https:\/\/i0.wp.com\/landioustravel.com\/wp-content\/uploads\/2022\/12\/Hamata-Islands-Trip-from-Marsa-Alam-e1670919002915.jpg?fit=1200%2C675&ssl=1",1200,675,true],"2048x2048":["https:\/\/i0.wp.com\/landioustravel.com\/wp-content\/uploads\/2022\/12\/Hamata-Islands-Trip-from-Marsa-Alam-e1670919002915.jpg?fit=1200%2C675&ssl=1",1200,675,true],"newspack-article-block-landscape-large":["https:\/\/i0.wp.com\/landioustravel.com\/wp-content\/uploads\/2022\/12\/Hamata-Islands-Trip-from-Marsa-Alam-e1670919002915.jpg?resize=1200%2C675&ssl=1",1200,675,true],"newspack-article-block-portrait-large":["https:\/\/i0.wp.com\/landioustravel.com\/wp-content\/uploads\/2022\/12\/Hamata-Islands-Trip-from-Marsa-Alam-e1670919002915.jpg?resize=900%2C675&ssl=1",900,675,true],"newspack-article-block-square-large":["https:\/\/i0.wp.com\/landioustravel.com\/wp-content\/uploads\/2022\/12\/Hamata-Islands-Trip-from-Marsa-Alam-e1670919002915.jpg?resize=1200%2C675&ssl=1",1200,675,true],"newspack-article-block-landscape-medium":["https:\/\/i0.wp.com\/landioustravel.com\/wp-content\/uploads\/2022\/12\/Hamata-Islands-Trip-from-Marsa-Alam-e1670919002915.jpg?resize=800%2C600&ssl=1",800,600,true],"newspack-article-block-portrait-medium":["https:\/\/i0.wp.com\/landioustravel.com\/wp-content\/uploads\/2022\/12\/Hamata-Islands-Trip-from-Marsa-Alam-e1670919002915.jpg?resize=600%2C675&ssl=1",600,675,true],"newspack-article-block-square-medium":["https:\/\/i0.wp.com\/landioustravel.com\/wp-content\/uploads\/2022\/12\/Hamata-Islands-Trip-from-Marsa-Alam-e1670919002915.jpg?resize=800%2C675&ssl=1",800,675,true],"newspack-article-block-landscape-intermediate":["https:\/\/i0.wp.com\/landioustravel.com\/wp-content\/uploads\/2022\/12\/Hamata-Islands-Trip-from-Marsa-Alam-e1670919002915.jpg?resize=600%2C450&ssl=1",600,450,true],"newspack-article-block-portrait-intermediate":["https:\/\/i0.wp.com\/landioustravel.com\/wp-content\/uploads\/2022\/12\/Hamata-Islands-Trip-from-Marsa-Alam-e1670919002915.jpg?resize=450%2C600&ssl=1",450,600,true],"newspack-article-block-square-intermediate":["https:\/\/i0.wp.com\/landioustravel.com\/wp-content\/uploads\/2022\/12\/Hamata-Islands-Trip-from-Marsa-Alam-e1670919002915.jpg?resize=600%2C600&ssl=1",600,600,true],"newspack-article-block-landscape-small":["https:\/\/i0.wp.com\/landioustravel.com\/wp-content\/uploads\/2022\/12\/Hamata-Islands-Trip-from-Marsa-Alam-e1670919002915.jpg?resize=400%2C300&ssl=1",400,300,true],"newspack-article-block-portrait-small":["https:\/\/i0.wp.com\/landioustravel.com\/wp-content\/uploads\/2022\/12\/Hamata-Islands-Trip-from-Marsa-Alam-e1670919002915.jpg?resize=300%2C400&ssl=1",300,400,true],"newspack-article-block-square-small":["https:\/\/i0.wp.com\/landioustravel.com\/wp-content\/uploads\/2022\/12\/Hamata-Islands-Trip-from-Marsa-Alam-e1670919002915.jpg?resize=400%2C400&ssl=1",400,400,true],"newspack-article-block-landscape-tiny":["https:\/\/i0.wp.com\/landioustravel.com\/wp-content\/uploads\/2022\/12\/Hamata-Islands-Trip-from-Marsa-Alam-e1670919002915.jpg?resize=200%2C150&ssl=1",200,150,true],"newspack-article-block-portrait-tiny":["https:\/\/i0.wp.com\/landioustravel.com\/wp-content\/uploads\/2022\/12\/Hamata-Islands-Trip-from-Marsa-Alam-e1670919002915.jpg?resize=150%2C200&ssl=1",150,200,true],"newspack-article-block-square-tiny":["https:\/\/i0.wp.com\/landioustravel.com\/wp-content\/uploads\/2022\/12\/Hamata-Islands-Trip-from-Marsa-Alam-e1670919002915.jpg?resize=200%2C200&ssl=1",200,200,true],"newspack-article-block-uncropped":["https:\/\/i0.wp.com\/landioustravel.com\/wp-content\/uploads\/2022\/12\/Hamata-Islands-Trip-from-Marsa-Alam-e1670919002915.jpg?fit=1200%2C675&ssl=1",1200,675,true],"woocommerce_thumbnail":["https:\/\/i0.wp.com\/landioustravel.com\/wp-content\/uploads\/2022\/12\/Hamata-Islands-Trip-from-Marsa-Alam-e1670919002915.jpg?resize=324%2C324&ssl=1",324,324,true],"woocommerce_single":["https:\/\/i0.wp.com\/landioustravel.com\/wp-content\/uploads\/2022\/12\/Hamata-Islands-Trip-from-Marsa-Alam-e1670919002915.jpg?fit=416%2C234&ssl=1",416,234,true],"woocommerce_gallery_thumbnail":["https:\/\/i0.wp.com\/landioustravel.com\/wp-content\/uploads\/2022\/12\/Hamata-Islands-Trip-from-Marsa-Alam-e1670919002915.jpg?resize=100%2C100&ssl=1",100,100,true]},"uagb_author_info":{"display_name":"Mofreh Landious","author_link":"https:\/\/landioustravel.com\/es\/author\/"},"uagb_comment_info":0,"uagb_excerpt":"\u00a1Experimenta el lado vibrante y exuberante de Egipto con una emocionante expedici\u00f3n de snorkel! Prep\u00e1rese para sorprenderse mientras viaja por el impresionante Parque Nacional de Hamata, donde visitar\u00e1 varias islas tropicales y ser\u00e1 testigo de una abundancia de vida salvaje pr\u00f3spera tanto en tierra como en el mar. Prep\u00e1rate para sumergirte en las aguas cristalinas&hellip;","jetpack_sharing_enabled":true,"jetpack_likes_enabled":true,"amp_enabled":true,"_links":{"self":[{"href":"https:\/\/landioustravel.com\/es\/wp-json\/wp\/v2\/product\/143165","targetHints":{"allow":["GET"]}}],"collection":[{"href":"https:\/\/landioustravel.com\/es\/wp-json\/wp\/v2\/product"}],"about":[{"href":"https:\/\/landioustravel.com\/es\/wp-json\/wp\/v2\/types\/product"}],"replies":[{"embeddable":true,"href":"https:\/\/landioustravel.com\/es\/wp-json\/wp\/v2\/comments?post=143165"}],"wp:featuredmedia":[{"embeddable":true,"href":"https:\/\/landioustravel.com\/es\/wp-json\/wp\/v2\/media\/143168"}],"wp:attachment":[{"href":"https:\/\/landioustravel.com\/es\/wp-json\/wp\/v2\/media?parent=143165"}],"wp:term":[{"taxonomy":"product_brand","embeddable":true,"href":"https:\/\/landioustravel.com\/es\/wp-json\/wp\/v2\/product_brand?post=143165"},{"taxonomy":"product_cat","embeddable":true,"href":"https:\/\/landioustravel.com\/es\/wp-json\/wp\/v2\/product_cat?post=143165"},{"taxonomy":"product_tag","embeddable":true,"href":"https:\/\/landioustravel.com\/es\/wp-json\/wp\/v2\/product_tag?post=143165"}],"curies":[{"name":"wp","href":"https:\/\/api.w.org\/{rel}","templated":true}]}}