{"id":143172,"date":"2022-12-12T15:12:04","date_gmt":"2022-12-12T13:12:04","guid":{"rendered":"https:\/\/landioustravel.com\/?post_type=product&#038;p=143172"},"modified":"2024-02-05T10:14:10","modified_gmt":"2024-02-05T08:14:10","slug":"espectaculo-luz-sonido-piramides","status":"publish","type":"product","link":"https:\/\/landioustravel.com\/es\/shop\/espectaculo-luz-sonido-piramides\/","title":{"rendered":"Espect\u00e1culo de luz y sonido Pir\u00e1mides"},"content":{"rendered":"<p>\u00a1El espect\u00e1culo de luz y sonido de las pir\u00e1mides en el complejo de pir\u00e1mides de Giza es una velada inolvidable de entretenimiento! El espect\u00e1culo de luz y sonido en las pir\u00e1mides se lleva a cabo en la meseta de Giza, ubicada a unos 30 minutos en autom\u00f3vil del centro de El Cairo.<\/p>\n<p>El espect\u00e1culo de una hora comienza con la iluminaci\u00f3n de la Esfinge, que narra la historia de los constructores de las pir\u00e1mides. Una historia condensada de Egipto se desarrolla utilizando rayos l\u00e1ser y proyecciones de luz en las paredes del Templo de la Momificaci\u00f3n, las Pir\u00e1mides, la Esfinge y el desierto circundante.<\/p>\n<p>\u00a1La banda sonora que la acompa\u00f1a complementa el entorno, y la voz de la Esfinge es apropiadamente teatral y misteriosa! Escuchar\u00e1 la historia de Egipto vista a trav\u00e9s de los ojos de la Esfinge a lo largo de los siglos y ver\u00e1 la impresionante vista de las pir\u00e1mides iluminadas bajo las estrellas.<\/p>\n<h2>Aspectos destacados de las pir\u00e1mides del espect\u00e1culo de luz y sonido<\/h2>\n<ul>\n<li>Disfruta del Espect\u00e1culo de Luz y Sonido con narraci\u00f3n y m\u00fasica.<\/li>\n<li>Ver las tres pir\u00e1mides de Giza.<\/li>\n<li>El Templo del Valle (Templo de la Momificaci\u00f3n).<\/li>\n<li>Adem\u00e1s, la Gran Esfinge en el complejo piramidal.<\/li>\n<\/ul>\n<h2>Programa de Espect\u00e1culo de Luz y Sonido Pir\u00e1mides<\/h2>\n<ul>\n<li>En primer lugar, el representante de Landious Travel lo recoger\u00e1 de su hotel (en El Cairo y Giza) alrededor de las 17:00.<\/li>\n<li>En segundo lugar, su veh\u00edculo privado (Limusina o minib\u00fas) partir\u00e1 hacia el Complejo de las Pir\u00e1mides de Giza despu\u00e9s de recogerlo. El camino dura aproximadamente una hora.<\/li>\n<\/ul>\n<h3>Espect\u00e1culo de luz y sonido<\/h3>\n<ul>\n<li>Se le entregar\u00e1 un boleto de entrada al espect\u00e1culo de luz y sonido cuando llegue a Giza. En este lugar se encuentran las tres grandes pir\u00e1mides y la Esfinge.<\/li>\n<li>Luego, disfrutar\u00e1s de un espect\u00e1culo de 50 minutos que narra una historia sobre las pir\u00e1mides, m\u00fasica, proyecciones de im\u00e1genes l\u00e1ser y focos sobre la Esfinge y las pir\u00e1mides de Menkaure, Khafre y Khufu (la Gran Pir\u00e1mide de Giza).<\/li>\n<\/ul>\n<h3>Volver a casa<\/h3>\n<ul>\n<li>Finalmente, regresar\u00e1 a sus hoteles despu\u00e9s de un programa de este tipo en la hermosa ciudad de Giza.<\/li>\n<li>Este viaje al complejo de pir\u00e1mides de Giza desde El Cairo finaliza aproximadamente al mediod\u00eda.<\/li>\n<\/ul>\n<h2>\u00bfQu\u00e9 incluye el Precio del Espect\u00e1culo de Luz y Sonido?<\/h2>\n<ul>\n<li>Boletos de entrada.<\/li>\n<li>Gu\u00eda privado.<\/li>\n<li>Adem\u00e1s, veh\u00edculos privados con aire acondicionado.<\/li>\n<\/ul>\n<h2>\u00bfQu\u00e9 no incluye el Programa de Show de las Pir\u00e1mides?<\/h2>\n<ul>\n<li>Programas adicionales si no est\u00e1n incluidos en el programa anterior.<\/li>\n<\/ul>\n<h2>\u00bfArt\u00edculos para llevar con usted para el viaje?<\/h2>\n<ul>\n<li>Ropa para la temporada.<\/li>\n<\/ul>\n<h2>Reserva D\u00edas de Espect\u00e1culo de Luz y Sonido Pir\u00e1mides<\/h2>\n<ul>\n<li>Todos los d\u00edas de 18:00 a 19:00.<\/li>\n<\/ul>\n","protected":false},"excerpt":{"rendered":"<p>\u00a1Prep\u00e1rate para ser transportado en el tiempo a la tierra de los faraones con el inolvidable espect\u00e1culo de luz y sonido de las pir\u00e1mides! Sea testigo de c\u00f3mo el legado egipcio cobra vida mientras se embarca en un viaje de miles de a\u00f1os en desarrollo. Las pir\u00e1mides han resistido la prueba del tiempo, dejando atr\u00e1s un misterio que ha desconcertado a los historiadores durante siglos. Y no olvidemos la magn\u00edfica esfinge, erguida y orgullosa como la guardiana de las Grandes Pir\u00e1mides.<\/p>\n<p>Vive la magia de la era fara\u00f3nica con el espect\u00e1culo de luz y sonido en las pir\u00e1mides de Giza. Deja que la esfinge te gu\u00ede a trav\u00e9s de los antiguos secretos y las misteriosas historias de estos grandes reyes; Khufu, Khafre y Menkaure. El espect\u00e1culo es una narraci\u00f3n incre\u00edble de la historia de estos gobernantes legendarios, dej\u00e1ndote asombrado por sus logros. \u00a1No te pierdas esta experiencia inolvidable!<\/p>\n","protected":false},"featured_media":149504,"comment_status":"open","ping_status":"closed","template":"","meta":{"_coblocks_attr":"","_coblocks_dimensions":"","_coblocks_responsive_height":"","_coblocks_accordion_ie_support":"","_uag_custom_page_level_css":"","jetpack_post_was_ever_published":false,"jetpack_publicize_message":"","jetpack_publicize_feature_enabled":true,"jetpack_social_post_already_shared":true,"jetpack_social_options":{"image_generator_settings":{"template":"highway","default_image_id":0,"font":"","enabled":false},"version":2},"_wpas_customize_per_network":false},"product_brand":[],"product_cat":[9855],"product_tag":[1804,1806,1797,1805,9907],"class_list":{"0":"post-143172","1":"product","2":"type-product","3":"status-publish","4":"has-post-thumbnail","6":"product_cat-excursiones-cairo","7":"product_tag-el-cairo","8":"product_tag-esfinge","9":"product_tag-excursion-es","10":"product_tag-piramides","11":"product_tag-turismo","13":"first","14":"outofstock","15":"sale","16":"taxable","17":"shipping-taxable","18":"purchasable","19":"product-type-variable"},"yoast_head":"<!-- This site is optimized with the Yoast SEO Premium plugin v26.9 (Yoast SEO v27.3) - https:\/\/yoast.com\/product\/yoast-seo-premium-wordpress\/ -->\n<title>Espect\u00e1culo de luz y sonido Pir\u00e1mides<\/title>\n<meta name=\"description\" content=\"Espect\u00e1culo de luz y sonido Pir\u00e1mides \u00a1Prep\u00e1rate para ser transportado en el tiempo a la tierra de los faraones con el inolvidable espect\u00e1culo de luz y\" \/>\n<meta name=\"robots\" content=\"index, follow, max-snippet:-1, max-image-preview:large, max-video-preview:-1\" \/>\n<link rel=\"canonical\" href=\"https:\/\/landioustravel.com\/es\/shop\/espectaculo-luz-sonido-piramides\/\" \/>\n<meta property=\"og:locale\" content=\"es_ES\" \/>\n<meta property=\"og:type\" content=\"article\" \/>\n<meta property=\"og:title\" content=\"Espect\u00e1culo de luz y sonido Pir\u00e1mides\" \/>\n<meta property=\"og:description\" content=\"Landious Travel\" \/>\n<meta property=\"og:url\" content=\"https:\/\/landioustravel.com\/es\/shop\/espectaculo-luz-sonido-piramides\/\" \/>\n<meta property=\"og:site_name\" content=\"Landious Travel\" \/>\n<meta property=\"article:publisher\" content=\"https:\/\/web.facebook.com\/landiousEgypt\" \/>\n<meta property=\"article:modified_time\" content=\"2024-02-05T08:14:10+00:00\" \/>\n<meta property=\"og:image\" content=\"https:\/\/i0.wp.com\/landioustravel.com\/wp-content\/uploads\/2022\/12\/Sound-and-Light-Show-Pyramids-e1712126960997.jpg?fit=1200%2C676&ssl=1\" \/>\n\t<meta property=\"og:image:width\" content=\"1200\" \/>\n\t<meta property=\"og:image:height\" content=\"676\" \/>\n\t<meta property=\"og:image:type\" content=\"image\/jpeg\" \/>\n<meta name=\"twitter:card\" content=\"summary_large_image\" \/>\n<meta name=\"twitter:site\" content=\"@LandiousTours\" \/>\n<meta name=\"twitter:label1\" content=\"Tiempo de lectura\" \/>\n\t<meta name=\"twitter:data1\" content=\"3 minutos\" \/>\n<script type=\"application\/ld+json\" class=\"yoast-schema-graph\">{\"@context\":\"https:\\\/\\\/schema.org\",\"@graph\":[{\"@type\":\"WebPage\",\"@id\":\"https:\\\/\\\/landioustravel.com\\\/es\\\/shop\\\/espectaculo-luz-sonido-piramides\\\/\",\"url\":\"https:\\\/\\\/landioustravel.com\\\/es\\\/shop\\\/espectaculo-luz-sonido-piramides\\\/\",\"name\":\"Espect\u00e1culo de luz y sonido Pir\u00e1mides\",\"isPartOf\":{\"@id\":\"https:\\\/\\\/landioustravel.com\\\/es\\\/#website\"},\"primaryImageOfPage\":{\"@id\":\"https:\\\/\\\/landioustravel.com\\\/es\\\/shop\\\/espectaculo-luz-sonido-piramides\\\/#primaryimage\"},\"image\":{\"@id\":\"https:\\\/\\\/landioustravel.com\\\/es\\\/shop\\\/espectaculo-luz-sonido-piramides\\\/#primaryimage\"},\"thumbnailUrl\":\"https:\\\/\\\/i0.wp.com\\\/landioustravel.com\\\/wp-content\\\/uploads\\\/2022\\\/12\\\/Sound-and-Light-Show-Pyramids-e1712126960997.jpg?fit=1200%2C676&ssl=1\",\"datePublished\":\"2022-12-12T13:12:04+00:00\",\"dateModified\":\"2024-02-05T08:14:10+00:00\",\"description\":\"Espect\u00e1culo de luz y sonido Pir\u00e1mides \u00a1Prep\u00e1rate para ser transportado en el tiempo a la tierra de los faraones con el inolvidable espect\u00e1culo de luz y\",\"breadcrumb\":{\"@id\":\"https:\\\/\\\/landioustravel.com\\\/es\\\/shop\\\/espectaculo-luz-sonido-piramides\\\/#breadcrumb\"},\"inLanguage\":\"es\",\"potentialAction\":[{\"@type\":\"ReadAction\",\"target\":[\"https:\\\/\\\/landioustravel.com\\\/es\\\/shop\\\/espectaculo-luz-sonido-piramides\\\/\"]}]},{\"@type\":\"ImageObject\",\"inLanguage\":\"es\",\"@id\":\"https:\\\/\\\/landioustravel.com\\\/es\\\/shop\\\/espectaculo-luz-sonido-piramides\\\/#primaryimage\",\"url\":\"https:\\\/\\\/i0.wp.com\\\/landioustravel.com\\\/wp-content\\\/uploads\\\/2022\\\/12\\\/Sound-and-Light-Show-Pyramids-e1712126960997.jpg?fit=1200%2C676&ssl=1\",\"contentUrl\":\"https:\\\/\\\/i0.wp.com\\\/landioustravel.com\\\/wp-content\\\/uploads\\\/2022\\\/12\\\/Sound-and-Light-Show-Pyramids-e1712126960997.jpg?fit=1200%2C676&ssl=1\",\"width\":1200,\"height\":676,\"caption\":\"Sound and Light Show Pyramids\"},{\"@type\":\"BreadcrumbList\",\"@id\":\"https:\\\/\\\/landioustravel.com\\\/es\\\/shop\\\/espectaculo-luz-sonido-piramides\\\/#breadcrumb\",\"itemListElement\":[{\"@type\":\"ListItem\",\"position\":1,\"name\":\"Home\",\"item\":\"https:\\\/\\\/landioustravel.com\\\/es\\\/\"},{\"@type\":\"ListItem\",\"position\":2,\"name\":\"Servicios y Tours\",\"item\":\"https:\\\/\\\/landioustravel.com\\\/es\\\/\"},{\"@type\":\"ListItem\",\"position\":3,\"name\":\"Espect\u00e1culo de luz y sonido Pir\u00e1mides\"}]},{\"@type\":\"WebSite\",\"@id\":\"https:\\\/\\\/landioustravel.com\\\/es\\\/#website\",\"url\":\"https:\\\/\\\/landioustravel.com\\\/es\\\/\",\"name\":\"Landious Travel\",\"description\":\"Tours and Excursions in Egypt\",\"publisher\":{\"@id\":\"https:\\\/\\\/landioustravel.com\\\/es\\\/#organization\"},\"potentialAction\":[{\"@type\":\"SearchAction\",\"target\":{\"@type\":\"EntryPoint\",\"urlTemplate\":\"https:\\\/\\\/landioustravel.com\\\/es\\\/?s={search_term_string}\"},\"query-input\":{\"@type\":\"PropertyValueSpecification\",\"valueRequired\":true,\"valueName\":\"search_term_string\"}}],\"inLanguage\":\"es\"},{\"@type\":[\"Organization\",\"Place\"],\"@id\":\"https:\\\/\\\/landioustravel.com\\\/es\\\/#organization\",\"name\":\"Landious Travel\",\"alternateName\":\"Landious Travel\",\"url\":\"https:\\\/\\\/landioustravel.com\\\/es\\\/\",\"logo\":{\"@id\":\"https:\\\/\\\/landioustravel.com\\\/es\\\/shop\\\/espectaculo-luz-sonido-piramides\\\/#local-main-organization-logo\"},\"image\":{\"@id\":\"https:\\\/\\\/landioustravel.com\\\/es\\\/shop\\\/espectaculo-luz-sonido-piramides\\\/#local-main-organization-logo\"},\"sameAs\":[\"https:\\\/\\\/web.facebook.com\\\/landiousEgypt\",\"https:\\\/\\\/x.com\\\/LandiousTours\",\"https:\\\/\\\/mastodon.social\\\/@landious\"],\"legalName\":\"Landious Travel\",\"telephone\":[],\"openingHoursSpecification\":[{\"@type\":\"OpeningHoursSpecification\",\"dayOfWeek\":[\"Monday\",\"Tuesday\",\"Wednesday\",\"Thursday\",\"Friday\",\"Saturday\",\"Sunday\"],\"opens\":\"09:00\",\"closes\":\"17:00\"}]},{\"@type\":\"ImageObject\",\"inLanguage\":\"es\",\"@id\":\"https:\\\/\\\/landioustravel.com\\\/es\\\/shop\\\/espectaculo-luz-sonido-piramides\\\/#local-main-organization-logo\",\"url\":\"https:\\\/\\\/i0.wp.com\\\/landioustravel.com\\\/wp-content\\\/uploads\\\/2021\\\/06\\\/Landious-T.png?fit=500%2C500&ssl=1\",\"contentUrl\":\"https:\\\/\\\/i0.wp.com\\\/landioustravel.com\\\/wp-content\\\/uploads\\\/2021\\\/06\\\/Landious-T.png?fit=500%2C500&ssl=1\",\"width\":500,\"height\":500,\"caption\":\"Landious Travel\"}]}<\/script>\n<!-- \/ Yoast SEO Premium plugin. -->","yoast_head_json":{"title":"Espect\u00e1culo de luz y sonido Pir\u00e1mides","description":"Espect\u00e1culo de luz y sonido Pir\u00e1mides \u00a1Prep\u00e1rate para ser transportado en el tiempo a la tierra de los faraones con el inolvidable espect\u00e1culo de luz y","robots":{"index":"index","follow":"follow","max-snippet":"max-snippet:-1","max-image-preview":"max-image-preview:large","max-video-preview":"max-video-preview:-1"},"canonical":"https:\/\/landioustravel.com\/es\/shop\/espectaculo-luz-sonido-piramides\/","og_locale":"es_ES","og_type":"article","og_title":"Espect\u00e1culo de luz y sonido Pir\u00e1mides","og_description":"Landious Travel","og_url":"https:\/\/landioustravel.com\/es\/shop\/espectaculo-luz-sonido-piramides\/","og_site_name":"Landious Travel","article_publisher":"https:\/\/web.facebook.com\/landiousEgypt","article_modified_time":"2024-02-05T08:14:10+00:00","og_image":[{"width":1200,"height":676,"url":"https:\/\/i0.wp.com\/landioustravel.com\/wp-content\/uploads\/2022\/12\/Sound-and-Light-Show-Pyramids-e1712126960997.jpg?fit=1200%2C676&ssl=1","type":"image\/jpeg"}],"twitter_card":"summary_large_image","twitter_site":"@LandiousTours","twitter_misc":{"Tiempo de lectura":"3 minutos"},"schema":{"@context":"https:\/\/schema.org","@graph":[{"@type":"WebPage","@id":"https:\/\/landioustravel.com\/es\/shop\/espectaculo-luz-sonido-piramides\/","url":"https:\/\/landioustravel.com\/es\/shop\/espectaculo-luz-sonido-piramides\/","name":"Espect\u00e1culo de luz y sonido Pir\u00e1mides","isPartOf":{"@id":"https:\/\/landioustravel.com\/es\/#website"},"primaryImageOfPage":{"@id":"https:\/\/landioustravel.com\/es\/shop\/espectaculo-luz-sonido-piramides\/#primaryimage"},"image":{"@id":"https:\/\/landioustravel.com\/es\/shop\/espectaculo-luz-sonido-piramides\/#primaryimage"},"thumbnailUrl":"https:\/\/i0.wp.com\/landioustravel.com\/wp-content\/uploads\/2022\/12\/Sound-and-Light-Show-Pyramids-e1712126960997.jpg?fit=1200%2C676&ssl=1","datePublished":"2022-12-12T13:12:04+00:00","dateModified":"2024-02-05T08:14:10+00:00","description":"Espect\u00e1culo de luz y sonido Pir\u00e1mides \u00a1Prep\u00e1rate para ser transportado en el tiempo a la tierra de los faraones con el inolvidable espect\u00e1culo de luz y","breadcrumb":{"@id":"https:\/\/landioustravel.com\/es\/shop\/espectaculo-luz-sonido-piramides\/#breadcrumb"},"inLanguage":"es","potentialAction":[{"@type":"ReadAction","target":["https:\/\/landioustravel.com\/es\/shop\/espectaculo-luz-sonido-piramides\/"]}]},{"@type":"ImageObject","inLanguage":"es","@id":"https:\/\/landioustravel.com\/es\/shop\/espectaculo-luz-sonido-piramides\/#primaryimage","url":"https:\/\/i0.wp.com\/landioustravel.com\/wp-content\/uploads\/2022\/12\/Sound-and-Light-Show-Pyramids-e1712126960997.jpg?fit=1200%2C676&ssl=1","contentUrl":"https:\/\/i0.wp.com\/landioustravel.com\/wp-content\/uploads\/2022\/12\/Sound-and-Light-Show-Pyramids-e1712126960997.jpg?fit=1200%2C676&ssl=1","width":1200,"height":676,"caption":"Sound and Light Show Pyramids"},{"@type":"BreadcrumbList","@id":"https:\/\/landioustravel.com\/es\/shop\/espectaculo-luz-sonido-piramides\/#breadcrumb","itemListElement":[{"@type":"ListItem","position":1,"name":"Home","item":"https:\/\/landioustravel.com\/es\/"},{"@type":"ListItem","position":2,"name":"Servicios y Tours","item":"https:\/\/landioustravel.com\/es\/"},{"@type":"ListItem","position":3,"name":"Espect\u00e1culo de luz y sonido Pir\u00e1mides"}]},{"@type":"WebSite","@id":"https:\/\/landioustravel.com\/es\/#website","url":"https:\/\/landioustravel.com\/es\/","name":"Landious Travel","description":"Tours and Excursions in Egypt","publisher":{"@id":"https:\/\/landioustravel.com\/es\/#organization"},"potentialAction":[{"@type":"SearchAction","target":{"@type":"EntryPoint","urlTemplate":"https:\/\/landioustravel.com\/es\/?s={search_term_string}"},"query-input":{"@type":"PropertyValueSpecification","valueRequired":true,"valueName":"search_term_string"}}],"inLanguage":"es"},{"@type":["Organization","Place"],"@id":"https:\/\/landioustravel.com\/es\/#organization","name":"Landious Travel","alternateName":"Landious Travel","url":"https:\/\/landioustravel.com\/es\/","logo":{"@id":"https:\/\/landioustravel.com\/es\/shop\/espectaculo-luz-sonido-piramides\/#local-main-organization-logo"},"image":{"@id":"https:\/\/landioustravel.com\/es\/shop\/espectaculo-luz-sonido-piramides\/#local-main-organization-logo"},"sameAs":["https:\/\/web.facebook.com\/landiousEgypt","https:\/\/x.com\/LandiousTours","https:\/\/mastodon.social\/@landious"],"legalName":"Landious Travel","telephone":[],"openingHoursSpecification":[{"@type":"OpeningHoursSpecification","dayOfWeek":["Monday","Tuesday","Wednesday","Thursday","Friday","Saturday","Sunday"],"opens":"09:00","closes":"17:00"}]},{"@type":"ImageObject","inLanguage":"es","@id":"https:\/\/landioustravel.com\/es\/shop\/espectaculo-luz-sonido-piramides\/#local-main-organization-logo","url":"https:\/\/i0.wp.com\/landioustravel.com\/wp-content\/uploads\/2021\/06\/Landious-T.png?fit=500%2C500&ssl=1","contentUrl":"https:\/\/i0.wp.com\/landioustravel.com\/wp-content\/uploads\/2021\/06\/Landious-T.png?fit=500%2C500&ssl=1","width":500,"height":500,"caption":"Landious Travel"}]}},"jetpack_publicize_connections":[],"uagb_featured_image_src":{"full":["https:\/\/i0.wp.com\/landioustravel.com\/wp-content\/uploads\/2022\/12\/Sound-and-Light-Show-Pyramids-e1712126960997.jpg?fit=1200%2C676&ssl=1",1200,676,false],"thumbnail":["https:\/\/i0.wp.com\/landioustravel.com\/wp-content\/uploads\/2022\/12\/Sound-and-Light-Show-Pyramids-e1712126960997.jpg?resize=150%2C150&ssl=1",150,150,true],"medium":["https:\/\/i0.wp.com\/landioustravel.com\/wp-content\/uploads\/2022\/12\/Sound-and-Light-Show-Pyramids-e1712126960997.jpg?fit=300%2C169&ssl=1",300,169,true],"medium_large":["https:\/\/i0.wp.com\/landioustravel.com\/wp-content\/uploads\/2022\/12\/Sound-and-Light-Show-Pyramids-e1712126960997.jpg?fit=768%2C433&ssl=1",768,433,true],"large":["https:\/\/i0.wp.com\/landioustravel.com\/wp-content\/uploads\/2022\/12\/Sound-and-Light-Show-Pyramids-e1712126960997.jpg?fit=980%2C552&ssl=1",980,552,true],"1536x1536":["https:\/\/i0.wp.com\/landioustravel.com\/wp-content\/uploads\/2022\/12\/Sound-and-Light-Show-Pyramids-e1712126960997.jpg?fit=1200%2C676&ssl=1",1200,676,true],"2048x2048":["https:\/\/i0.wp.com\/landioustravel.com\/wp-content\/uploads\/2022\/12\/Sound-and-Light-Show-Pyramids-e1712126960997.jpg?fit=1200%2C676&ssl=1",1200,676,true],"newspack-article-block-landscape-large":["https:\/\/i0.wp.com\/landioustravel.com\/wp-content\/uploads\/2022\/12\/Sound-and-Light-Show-Pyramids-e1712126960997.jpg?resize=1200%2C676&ssl=1",1200,676,true],"newspack-article-block-portrait-large":["https:\/\/i0.wp.com\/landioustravel.com\/wp-content\/uploads\/2022\/12\/Sound-and-Light-Show-Pyramids-e1712126960997.jpg?resize=900%2C676&ssl=1",900,676,true],"newspack-article-block-square-large":["https:\/\/i0.wp.com\/landioustravel.com\/wp-content\/uploads\/2022\/12\/Sound-and-Light-Show-Pyramids-e1712126960997.jpg?resize=1200%2C676&ssl=1",1200,676,true],"newspack-article-block-landscape-medium":["https:\/\/i0.wp.com\/landioustravel.com\/wp-content\/uploads\/2022\/12\/Sound-and-Light-Show-Pyramids-e1712126960997.jpg?resize=800%2C600&ssl=1",800,600,true],"newspack-article-block-portrait-medium":["https:\/\/i0.wp.com\/landioustravel.com\/wp-content\/uploads\/2022\/12\/Sound-and-Light-Show-Pyramids-e1712126960997.jpg?resize=600%2C676&ssl=1",600,676,true],"newspack-article-block-square-medium":["https:\/\/i0.wp.com\/landioustravel.com\/wp-content\/uploads\/2022\/12\/Sound-and-Light-Show-Pyramids-e1712126960997.jpg?resize=800%2C676&ssl=1",800,676,true],"newspack-article-block-landscape-intermediate":["https:\/\/i0.wp.com\/landioustravel.com\/wp-content\/uploads\/2022\/12\/Sound-and-Light-Show-Pyramids-e1712126960997.jpg?resize=600%2C450&ssl=1",600,450,true],"newspack-article-block-portrait-intermediate":["https:\/\/i0.wp.com\/landioustravel.com\/wp-content\/uploads\/2022\/12\/Sound-and-Light-Show-Pyramids-e1712126960997.jpg?resize=450%2C600&ssl=1",450,600,true],"newspack-article-block-square-intermediate":["https:\/\/i0.wp.com\/landioustravel.com\/wp-content\/uploads\/2022\/12\/Sound-and-Light-Show-Pyramids-e1712126960997.jpg?resize=600%2C600&ssl=1",600,600,true],"newspack-article-block-landscape-small":["https:\/\/i0.wp.com\/landioustravel.com\/wp-content\/uploads\/2022\/12\/Sound-and-Light-Show-Pyramids-e1712126960997.jpg?resize=400%2C300&ssl=1",400,300,true],"newspack-article-block-portrait-small":["https:\/\/i0.wp.com\/landioustravel.com\/wp-content\/uploads\/2022\/12\/Sound-and-Light-Show-Pyramids-e1712126960997.jpg?resize=300%2C400&ssl=1",300,400,true],"newspack-article-block-square-small":["https:\/\/i0.wp.com\/landioustravel.com\/wp-content\/uploads\/2022\/12\/Sound-and-Light-Show-Pyramids-e1712126960997.jpg?resize=400%2C400&ssl=1",400,400,true],"newspack-article-block-landscape-tiny":["https:\/\/i0.wp.com\/landioustravel.com\/wp-content\/uploads\/2022\/12\/Sound-and-Light-Show-Pyramids-e1712126960997.jpg?resize=200%2C150&ssl=1",200,150,true],"newspack-article-block-portrait-tiny":["https:\/\/i0.wp.com\/landioustravel.com\/wp-content\/uploads\/2022\/12\/Sound-and-Light-Show-Pyramids-e1712126960997.jpg?resize=150%2C200&ssl=1",150,200,true],"newspack-article-block-square-tiny":["https:\/\/i0.wp.com\/landioustravel.com\/wp-content\/uploads\/2022\/12\/Sound-and-Light-Show-Pyramids-e1712126960997.jpg?resize=200%2C200&ssl=1",200,200,true],"newspack-article-block-uncropped":["https:\/\/i0.wp.com\/landioustravel.com\/wp-content\/uploads\/2022\/12\/Sound-and-Light-Show-Pyramids-e1712126960997.jpg?fit=1200%2C676&ssl=1",1200,676,true],"woocommerce_thumbnail":["https:\/\/i0.wp.com\/landioustravel.com\/wp-content\/uploads\/2022\/12\/Sound-and-Light-Show-Pyramids-e1712126960997.jpg?resize=324%2C324&ssl=1",324,324,true],"woocommerce_single":["https:\/\/i0.wp.com\/landioustravel.com\/wp-content\/uploads\/2022\/12\/Sound-and-Light-Show-Pyramids-e1712126960997.jpg?fit=416%2C234&ssl=1",416,234,true],"woocommerce_gallery_thumbnail":["https:\/\/i0.wp.com\/landioustravel.com\/wp-content\/uploads\/2022\/12\/Sound-and-Light-Show-Pyramids-e1712126960997.jpg?resize=100%2C100&ssl=1",100,100,true]},"uagb_author_info":{"display_name":"Mofreh Landious","author_link":"https:\/\/landioustravel.com\/es\/author\/"},"uagb_comment_info":0,"uagb_excerpt":"\u00a1Prep\u00e1rate para ser transportado en el tiempo a la tierra de los faraones con el inolvidable espect\u00e1culo de luz y sonido de las pir\u00e1mides! Sea testigo de c\u00f3mo el legado egipcio cobra vida mientras se embarca en un viaje de miles de a\u00f1os en desarrollo. Las pir\u00e1mides han resistido la prueba del tiempo, dejando atr\u00e1s&hellip;","jetpack_sharing_enabled":true,"jetpack_likes_enabled":true,"amp_enabled":true,"_links":{"self":[{"href":"https:\/\/landioustravel.com\/es\/wp-json\/wp\/v2\/product\/143172","targetHints":{"allow":["GET"]}}],"collection":[{"href":"https:\/\/landioustravel.com\/es\/wp-json\/wp\/v2\/product"}],"about":[{"href":"https:\/\/landioustravel.com\/es\/wp-json\/wp\/v2\/types\/product"}],"replies":[{"embeddable":true,"href":"https:\/\/landioustravel.com\/es\/wp-json\/wp\/v2\/comments?post=143172"}],"wp:featuredmedia":[{"embeddable":true,"href":"https:\/\/landioustravel.com\/es\/wp-json\/wp\/v2\/media\/149504"}],"wp:attachment":[{"href":"https:\/\/landioustravel.com\/es\/wp-json\/wp\/v2\/media?parent=143172"}],"wp:term":[{"taxonomy":"product_brand","embeddable":true,"href":"https:\/\/landioustravel.com\/es\/wp-json\/wp\/v2\/product_brand?post=143172"},{"taxonomy":"product_cat","embeddable":true,"href":"https:\/\/landioustravel.com\/es\/wp-json\/wp\/v2\/product_cat?post=143172"},{"taxonomy":"product_tag","embeddable":true,"href":"https:\/\/landioustravel.com\/es\/wp-json\/wp\/v2\/product_tag?post=143172"}],"curies":[{"name":"wp","href":"https:\/\/api.w.org\/{rel}","templated":true}]}}