{"id":143188,"date":"2022-11-08T12:00:35","date_gmt":"2023-05-27T14:28:37","guid":{"rendered":"https:\/\/landioustravel.com\/?post_type=product&#038;p=143188"},"modified":"2023-06-20T15:28:31","modified_gmt":"2023-06-20T13:28:31","slug":"viaje-abydos-dendera-luxor","status":"publish","type":"product","link":"https:\/\/landioustravel.com\/es\/shop\/viaje-abydos-dendera-luxor\/","title":{"rendered":"Viaje a Abydos Dendera Luxor"},"content":{"rendered":"<p>Viaje a Abydos Dendera Luxor es un fascinante recorrido individual por los monumentos de Abydos y Dendera desde Luxor, Egipto. Recomendamos la excursi\u00f3n porque permite a los turistas ver muchos atractivos. Estas atracciones existen en dos ciudades: Dendera y Sohag. Adem\u00e1s, estos monumentos pertenecen a dos \u00e9pocas diferentes de la historia egipcia: el Antiguo Egipto y el Imperio Romano. Te permite disfrutar mucho y aprender m\u00e1s sobre la historia del pa\u00eds.<\/p>\n<h2>Aspectos destacados del viaje individual a Abydos y Dendera desde Luxor<\/h2>\n<ul>\n<li>Ver los Templos de Abydos.<\/li>\n<li>Almuerzo en un restaurante.<\/li>\n<li>Adem\u00e1s, admira el Templo de la diosa Hathor en Dendera.<\/li>\n<\/ul>\n<h2>Programa del Viaje Privado a Dendera-Abydos<\/h2>\n<ul>\n<li>El representante de Landious Travel lo recoger\u00e1 del hotel en Luxor alrededor de las 07:00 am.<\/li>\n<li>Tras pasar a recogeros, el autob\u00fas (limusina o minib\u00fas) se dirigir\u00e1 hacia la ciudad de Qena. Desde Qena, conducir\u00e1 m\u00e1s hacia el norte hacia la gobernaci\u00f3n de Sohag para llegar al pueblo de Abydos. Tardar\u00e1 aproximadamente una hora m\u00e1s en llegar a Abydos.<\/li>\n<\/ul>\n<h3>Programa en Abidos<\/h3>\n<ul>\n<li>Una vez que llegue a la gobernaci\u00f3n de Sohag, comenzar\u00e1 su excursi\u00f3n al complejo del templo de Abydos. Es un vasto complejo de templos y edificios que se encuentra en Abydos. El complejo combina diferentes torres de templos. En este Templo, su gu\u00eda le explicar\u00e1 el lugar. Y luego, mostrar\u00e1 los sitios m\u00e1s visitados de este gran complejo. Por supuesto, su gu\u00eda tendr\u00e1 la tarea de mostrar todos estos templos. Adem\u00e1s, te dar\u00e1 tiempo libre para tomar fotograf\u00edas.<\/li>\n<\/ul>\n<h3>Programa en Qena<\/h3>\n<ul>\n<li>Tan pronto como llegues a Qena, almorzar\u00e1s. Luego, conducir\u00e1 de regreso a Qena. Ser\u00e1 tu primera parada en esta ciudad.<\/li>\n<li>Despu\u00e9s del almuerzo, conducir\u00e1 hasta el pueblo cercano de Dendera, donde podr\u00e1 visitar el complejo del templo de Dendera. Una vez m\u00e1s, su gu\u00eda le explicar\u00e1 y le mostrar\u00e1 los lugares m\u00e1s visitados de este gran complejo. Este complejo cuenta con diferentes templos y edificios. Por lo tanto, su gu\u00eda tendr\u00e1 la tarea de mostrar todos estos templos. Adem\u00e1s, te dar\u00e1 tiempo libre para tomar fotograf\u00edas.<\/li>\n<\/ul>\n<h3>Salida hacia L\u00faxor<\/h3>\n<ul>\n<li>Finalmente, regresas a Luxor despu\u00e9s de un fant\u00e1stico viaje en Abydos \u2013 Dendera.<\/li>\n<li>El viaje individual a Abydos y Dendera desde Luxor finaliza aproximadamente a las 08:00 p. m.<\/li>\n<\/ul>\n<h2>\u00bfQu\u00e9 incluye el precio de Abydos &amp; Dendera Individual Trip Luxor?<\/h2>\n<ul>\n<li>Entradas para visitar templos.<\/li>\n<li>Almuerzo.<\/li>\n<li>Bebidas.<\/li>\n<li>Gu\u00eda privado.<\/li>\n<li>Adem\u00e1s, un veh\u00edculo privado a Abydos &#8211; Dendera y de regreso al hotel.<\/li>\n<\/ul>\n<h2>\u00bfQu\u00e9 no incluye el Programa de Viaje Luxor individual?<\/h2>\n<ul>\n<li>Programas de excursiones adicionales, si no est\u00e1n incluidos en el programa anterior.<\/li>\n<\/ul>\n<h2>\u00bfQu\u00e9 llevar para el viaje individual a Abydos desde Luxor?<\/h2>\n<ul>\n<li>Caja de desayuno.<\/li>\n<li>Adem\u00e1s, traiga ropa adecuada para la temporada.<\/li>\n<\/ul>\n<h2>Reserva D\u00edas del viaje individual a Abydos y Dendera desde Luxor<\/h2>\n<ul>\n<li>Todos los d\u00edas de 04:00 a 20:00.<\/li>\n<\/ul>\n<h2>\u00bfQu\u00e9 se espera ver durante el viaje individual a Abydos y Dendera desde Luxor?<\/h2>\n<h3>Complejo del templo de Dendera<\/h3>\n<p>Templo de Dendera, complejoEl complejo del templo de Dendera es bastante grande y cuenta con una bas\u00edlica, dos casas natales, un lago sagrado y muchos otros templos y santuarios dentro de sus muros. Las estructuras en el sitio provienen de varias \u00e9pocas del antiguo Egipto, con monumentos del Imperio Medio, la Era Ptolemaica y el Per\u00edodo del dominio provincial romano.<\/p>\n<p>La evidencia muestra que el primer edificio en el sitio se construy\u00f3 alrededor de 2250 a. C., pero las estructuras verticales en su mayor\u00eda datan de la Era Ptolemaica en adelante. En 1995 a. C., probablemente comenz\u00f3 la construcci\u00f3n del monumento Mentuhotep II, el sistema existente m\u00e1s antiguo, cuando se redescubri\u00f3 el sitio. Desde entonces, el monumento a Mentuhotep se ha trasladado a El Cairo. La forma m\u00e1s antigua es de Nectanebo II, construida ca. 345 a. Puede ser m\u00e1s exacto decir que la estructura tal como la conocemos comenz\u00f3 en el a\u00f1o 54 a. C. cuando comenz\u00f3 la construcci\u00f3n del Templo de Hathor, la estructura m\u00e1s prominente del complejo de Dendera.<\/p>\n<p>El Templo de Hathor es uno de los sitios antiguos mejor conservados de Egipto en la actualidad, un excelente ejemplo de la arquitectura fara\u00f3nica tradicional. El Templo de Hathor se construy\u00f3 principalmente durante la dinast\u00eda ptolemaica, un per\u00edodo de dominio griego en Egipto. Sin embargo, la construcci\u00f3n del Templo se complet\u00f3 bajo el emperador romano Trajano, quien est\u00e1 representado en las paredes del complejo haciendo ofrendas a Hathor. El complejo del templo tambi\u00e9n incluye una entrada monumental construida por Trajano y Domiciano, otro emperador romano.<\/p>\n<p>Este sitio fue el centro del culto de Hathor. Se cre\u00eda que durante un per\u00edodo conocido como la Reuni\u00f3n Feliz, Hathor viajar\u00eda desde su Templo en Dendera para pasar alg\u00fan tiempo con su esposo, Horus, en su Templo en Edfu. Esta \u201creuni\u00f3n\u201d era una ocurrencia anual, y al final de la celebraci\u00f3n, se pensaba que el regreso de Hathor a Dendera marcaba el comienzo oficial de la temporada de inundaciones del Nilo.<\/p>\n<p>El Templo alberg\u00f3 originalmente al famoso Zod\u00edaco de Dendera. Este bajorrelieve con figuras humanas y animales representaba un cielo nocturno. Se encontr\u00f3 en el techo de una capilla del Templo de Hathor, donde se celebraban los misterios de la resurrecci\u00f3n del dios Osiris. Los egipt\u00f3logos determinaron que deber\u00eda interpretarse como un mapa del cielo en lugar de un hor\u00f3scopo gigante o una herramienta astrol\u00f3gica perpetua.<\/p>\n<p>La configuraci\u00f3n particular de los planetas entre las constelaciones que se muestran en el Zod\u00edaco de Dendera ocurre solo una vez cada mil a\u00f1os. Dos astrof\u00edsicos lo fecharon entre el 15 de junio y el 15 de agosto del 50 a. Dos eclipses est\u00e1n representados en el zod\u00edaco exactamente donde ocurrieron en ese momento.<\/p>\n<p>Las representaciones de los signos del zod\u00edaco tal como los conocemos hoy no aparecieron en Egipto hasta la \u00e9poca grecorromana. Este monumento refleja c\u00f3mo los elementos culturales egipcios se fusionaron con las teor\u00edas astron\u00f3micas y astrol\u00f3gicas babil\u00f3nicas y griegas debido a las deportaciones asirias y babil\u00f3nicas de los siglos VIII y VI a. C. y las invasiones persas y griegas de los siglos VI y IV a.<\/p>\n<p>El Zod\u00edaco de Dendera fue transportado a Francia en 1821 con el permiso de Mohamed Ali Pasha, el gobernante turco de Egipto en ese momento. Actualmente se encuentra en exhibici\u00f3n en el Louvre de Par\u00eds. El gobierno egipcio ha pedido su devoluci\u00f3n.<\/p>\n","protected":false},"excerpt":{"rendered":"<p>\u00bfEst\u00e1s listo para una aventura como ninguna otra? \u00danase a nosotros en un viaje incre\u00edble a Abydos y Dendera desde Luxor para explorar dos templos antiguos llenos de historia y obras de arte. Su gu\u00eda egipt\u00f3logo experto lo llevar\u00e1 en un fascinante recorrido por el Templo de Abydos, donde ser\u00e1 testigo de los impresionantes relieves art\u00edsticos que muestran a los faraones de Egipto y las siete capillas dedicadas a diferentes dioses. Pero eso no es todo; tambi\u00e9n podr\u00e1s ver el enigm\u00e1tico Osireion, que se cree que es la tumba del dios Osiris. Luego, haremos una parada para almorzar antes de dirigirnos al complejo del templo de Dendera, uno de los complejos de templos mejor conservados de Egipto. El techo recientemente limpiado del templo de Hathor te dejar\u00e1 asombrado con sus vibrantes y coloridas pinturas que datan de la antig\u00fcedad. No te pierdas el conocido relieve del zod\u00edaco de Dendera y las escenas que representan a Cleopatra VII y su hijo de Julio C\u00e9sar, Cesari\u00f3n. Con recogida y devoluci\u00f3n en su hotel de Luxor o crucero por el Nilo, este tour privado de un d\u00eda completo es la manera perfecta de explorar la notable historia y las obras de arte del antiguo Egipto. \u00bfEntonces, Qu\u00e9 esperas? \u00a1\u00danete a nosotros en esta aventura y descubre los misterios de Abydos y Dendera!<\/p>\n","protected":false},"featured_media":99500,"comment_status":"open","ping_status":"closed","template":"","meta":{"_coblocks_attr":"","_coblocks_dimensions":"","_coblocks_responsive_height":"","_coblocks_accordion_ie_support":"","_uag_custom_page_level_css":"","jetpack_post_was_ever_published":false,"jetpack_publicize_message":"","jetpack_publicize_feature_enabled":true,"jetpack_social_post_already_shared":true,"jetpack_social_options":{"image_generator_settings":{"template":"highway","default_image_id":0,"font":"","enabled":false},"version":2},"_wpas_customize_per_network":false},"product_brand":[],"product_cat":[19564],"product_tag":[1831,1797,1812,9907],"class_list":{"0":"post-143188","1":"product","2":"type-product","3":"status-publish","4":"has-post-thumbnail","6":"product_cat-excursiones-luxor","7":"product_tag-dendera-es","8":"product_tag-excursion-es","9":"product_tag-luxor-es","10":"product_tag-turismo","11":"pa_age-el-adulto","12":"pa_age-nino-5-11-anos","14":"first","15":"instock","16":"sale","17":"taxable","18":"shipping-taxable","19":"purchasable","20":"product-type-variable"},"yoast_head":"<!-- This site is optimized with the Yoast SEO Premium plugin v26.9 (Yoast SEO v27.3) - https:\/\/yoast.com\/product\/yoast-seo-premium-wordpress\/ -->\n<title>Viaje a Abydos Dendera Luxor<\/title>\n<meta name=\"description\" content=\"Viaje a Abydos Dendera Luxor Durante este fant\u00e1stico viaje individual a Abydos y Dendera desde Luxor, disfrutar\u00e1 de una visita a los emocionantes Templos\" \/>\n<meta name=\"robots\" content=\"index, follow, max-snippet:-1, max-image-preview:large, max-video-preview:-1\" \/>\n<link rel=\"canonical\" href=\"https:\/\/landioustravel.com\/es\/shop\/viaje-abydos-dendera-luxor\/\" \/>\n<meta property=\"og:locale\" content=\"es_ES\" \/>\n<meta property=\"og:type\" content=\"article\" \/>\n<meta property=\"og:title\" content=\"Viaje a Abydos Dendera Luxor\" \/>\n<meta property=\"og:description\" content=\"Landious Travel\" \/>\n<meta property=\"og:url\" content=\"https:\/\/landioustravel.com\/es\/shop\/viaje-abydos-dendera-luxor\/\" \/>\n<meta property=\"og:site_name\" content=\"Landious Travel\" \/>\n<meta property=\"article:publisher\" content=\"https:\/\/web.facebook.com\/landiousEgypt\" \/>\n<meta property=\"article:modified_time\" content=\"2023-06-20T13:28:31+00:00\" \/>\n<meta property=\"og:image\" content=\"https:\/\/i0.wp.com\/landioustravel.com\/wp-content\/uploads\/2022\/07\/Dendera-e1657106168248.jpg?fit=1200%2C675&ssl=1\" \/>\n\t<meta property=\"og:image:width\" content=\"1200\" \/>\n\t<meta property=\"og:image:height\" content=\"675\" \/>\n\t<meta property=\"og:image:type\" content=\"image\/jpeg\" \/>\n<meta name=\"twitter:card\" content=\"summary_large_image\" \/>\n<meta name=\"twitter:site\" content=\"@LandiousTours\" \/>\n<meta name=\"twitter:label1\" content=\"Tiempo de lectura\" \/>\n\t<meta name=\"twitter:data1\" content=\"5 minutos\" \/>\n<script type=\"application\/ld+json\" class=\"yoast-schema-graph\">{\"@context\":\"https:\\\/\\\/schema.org\",\"@graph\":[{\"@type\":\"WebPage\",\"@id\":\"https:\\\/\\\/landioustravel.com\\\/es\\\/shop\\\/viaje-abydos-dendera-luxor\\\/\",\"url\":\"https:\\\/\\\/landioustravel.com\\\/es\\\/shop\\\/viaje-abydos-dendera-luxor\\\/\",\"name\":\"Viaje a Abydos Dendera Luxor\",\"isPartOf\":{\"@id\":\"https:\\\/\\\/landioustravel.com\\\/es\\\/#website\"},\"primaryImageOfPage\":{\"@id\":\"https:\\\/\\\/landioustravel.com\\\/es\\\/shop\\\/viaje-abydos-dendera-luxor\\\/#primaryimage\"},\"image\":{\"@id\":\"https:\\\/\\\/landioustravel.com\\\/es\\\/shop\\\/viaje-abydos-dendera-luxor\\\/#primaryimage\"},\"thumbnailUrl\":\"https:\\\/\\\/i0.wp.com\\\/landioustravel.com\\\/wp-content\\\/uploads\\\/2022\\\/07\\\/Dendera-e1657106168248.jpg?fit=1200%2C675&ssl=1\",\"datePublished\":\"2023-05-27T14:28:37+00:00\",\"dateModified\":\"2023-06-20T13:28:31+00:00\",\"description\":\"Viaje a Abydos Dendera Luxor Durante este fant\u00e1stico viaje individual a Abydos y Dendera desde Luxor, disfrutar\u00e1 de una visita a los emocionantes Templos\",\"breadcrumb\":{\"@id\":\"https:\\\/\\\/landioustravel.com\\\/es\\\/shop\\\/viaje-abydos-dendera-luxor\\\/#breadcrumb\"},\"inLanguage\":\"es\",\"potentialAction\":[{\"@type\":\"ReadAction\",\"target\":[\"https:\\\/\\\/landioustravel.com\\\/es\\\/shop\\\/viaje-abydos-dendera-luxor\\\/\"]}]},{\"@type\":\"ImageObject\",\"inLanguage\":\"es\",\"@id\":\"https:\\\/\\\/landioustravel.com\\\/es\\\/shop\\\/viaje-abydos-dendera-luxor\\\/#primaryimage\",\"url\":\"https:\\\/\\\/i0.wp.com\\\/landioustravel.com\\\/wp-content\\\/uploads\\\/2022\\\/07\\\/Dendera-e1657106168248.jpg?fit=1200%2C675&ssl=1\",\"contentUrl\":\"https:\\\/\\\/i0.wp.com\\\/landioustravel.com\\\/wp-content\\\/uploads\\\/2022\\\/07\\\/Dendera-e1657106168248.jpg?fit=1200%2C675&ssl=1\",\"width\":1200,\"height\":675,\"caption\":\"Dendera\"},{\"@type\":\"BreadcrumbList\",\"@id\":\"https:\\\/\\\/landioustravel.com\\\/es\\\/shop\\\/viaje-abydos-dendera-luxor\\\/#breadcrumb\",\"itemListElement\":[{\"@type\":\"ListItem\",\"position\":1,\"name\":\"Home\",\"item\":\"https:\\\/\\\/landioustravel.com\\\/es\\\/\"},{\"@type\":\"ListItem\",\"position\":2,\"name\":\"Servicios y Tours\",\"item\":\"https:\\\/\\\/landioustravel.com\\\/es\\\/\"},{\"@type\":\"ListItem\",\"position\":3,\"name\":\"Viaje a Abydos Dendera Luxor\"}]},{\"@type\":\"WebSite\",\"@id\":\"https:\\\/\\\/landioustravel.com\\\/es\\\/#website\",\"url\":\"https:\\\/\\\/landioustravel.com\\\/es\\\/\",\"name\":\"Landious Travel\",\"description\":\"Tours and Excursions in Egypt\",\"publisher\":{\"@id\":\"https:\\\/\\\/landioustravel.com\\\/es\\\/#organization\"},\"potentialAction\":[{\"@type\":\"SearchAction\",\"target\":{\"@type\":\"EntryPoint\",\"urlTemplate\":\"https:\\\/\\\/landioustravel.com\\\/es\\\/?s={search_term_string}\"},\"query-input\":{\"@type\":\"PropertyValueSpecification\",\"valueRequired\":true,\"valueName\":\"search_term_string\"}}],\"inLanguage\":\"es\"},{\"@type\":[\"Organization\",\"Place\"],\"@id\":\"https:\\\/\\\/landioustravel.com\\\/es\\\/#organization\",\"name\":\"Landious Travel\",\"alternateName\":\"Landious Travel\",\"url\":\"https:\\\/\\\/landioustravel.com\\\/es\\\/\",\"logo\":{\"@id\":\"https:\\\/\\\/landioustravel.com\\\/es\\\/shop\\\/viaje-abydos-dendera-luxor\\\/#local-main-organization-logo\"},\"image\":{\"@id\":\"https:\\\/\\\/landioustravel.com\\\/es\\\/shop\\\/viaje-abydos-dendera-luxor\\\/#local-main-organization-logo\"},\"sameAs\":[\"https:\\\/\\\/web.facebook.com\\\/landiousEgypt\",\"https:\\\/\\\/x.com\\\/LandiousTours\",\"https:\\\/\\\/mastodon.social\\\/@landious\"],\"legalName\":\"Landious Travel\",\"telephone\":[],\"openingHoursSpecification\":[{\"@type\":\"OpeningHoursSpecification\",\"dayOfWeek\":[\"Monday\",\"Tuesday\",\"Wednesday\",\"Thursday\",\"Friday\",\"Saturday\",\"Sunday\"],\"opens\":\"09:00\",\"closes\":\"17:00\"}]},{\"@type\":\"ImageObject\",\"inLanguage\":\"es\",\"@id\":\"https:\\\/\\\/landioustravel.com\\\/es\\\/shop\\\/viaje-abydos-dendera-luxor\\\/#local-main-organization-logo\",\"url\":\"https:\\\/\\\/i0.wp.com\\\/landioustravel.com\\\/wp-content\\\/uploads\\\/2021\\\/06\\\/Landious-T.png?fit=500%2C500&ssl=1\",\"contentUrl\":\"https:\\\/\\\/i0.wp.com\\\/landioustravel.com\\\/wp-content\\\/uploads\\\/2021\\\/06\\\/Landious-T.png?fit=500%2C500&ssl=1\",\"width\":500,\"height\":500,\"caption\":\"Landious Travel\"}]}<\/script>\n<!-- \/ Yoast SEO Premium plugin. -->","yoast_head_json":{"title":"Viaje a Abydos Dendera Luxor","description":"Viaje a Abydos Dendera Luxor Durante este fant\u00e1stico viaje individual a Abydos y Dendera desde Luxor, disfrutar\u00e1 de una visita a los emocionantes Templos","robots":{"index":"index","follow":"follow","max-snippet":"max-snippet:-1","max-image-preview":"max-image-preview:large","max-video-preview":"max-video-preview:-1"},"canonical":"https:\/\/landioustravel.com\/es\/shop\/viaje-abydos-dendera-luxor\/","og_locale":"es_ES","og_type":"article","og_title":"Viaje a Abydos Dendera Luxor","og_description":"Landious Travel","og_url":"https:\/\/landioustravel.com\/es\/shop\/viaje-abydos-dendera-luxor\/","og_site_name":"Landious Travel","article_publisher":"https:\/\/web.facebook.com\/landiousEgypt","article_modified_time":"2023-06-20T13:28:31+00:00","og_image":[{"width":1200,"height":675,"url":"https:\/\/i0.wp.com\/landioustravel.com\/wp-content\/uploads\/2022\/07\/Dendera-e1657106168248.jpg?fit=1200%2C675&ssl=1","type":"image\/jpeg"}],"twitter_card":"summary_large_image","twitter_site":"@LandiousTours","twitter_misc":{"Tiempo de lectura":"5 minutos"},"schema":{"@context":"https:\/\/schema.org","@graph":[{"@type":"WebPage","@id":"https:\/\/landioustravel.com\/es\/shop\/viaje-abydos-dendera-luxor\/","url":"https:\/\/landioustravel.com\/es\/shop\/viaje-abydos-dendera-luxor\/","name":"Viaje a Abydos Dendera Luxor","isPartOf":{"@id":"https:\/\/landioustravel.com\/es\/#website"},"primaryImageOfPage":{"@id":"https:\/\/landioustravel.com\/es\/shop\/viaje-abydos-dendera-luxor\/#primaryimage"},"image":{"@id":"https:\/\/landioustravel.com\/es\/shop\/viaje-abydos-dendera-luxor\/#primaryimage"},"thumbnailUrl":"https:\/\/i0.wp.com\/landioustravel.com\/wp-content\/uploads\/2022\/07\/Dendera-e1657106168248.jpg?fit=1200%2C675&ssl=1","datePublished":"2023-05-27T14:28:37+00:00","dateModified":"2023-06-20T13:28:31+00:00","description":"Viaje a Abydos Dendera Luxor Durante este fant\u00e1stico viaje individual a Abydos y Dendera desde Luxor, disfrutar\u00e1 de una visita a los emocionantes Templos","breadcrumb":{"@id":"https:\/\/landioustravel.com\/es\/shop\/viaje-abydos-dendera-luxor\/#breadcrumb"},"inLanguage":"es","potentialAction":[{"@type":"ReadAction","target":["https:\/\/landioustravel.com\/es\/shop\/viaje-abydos-dendera-luxor\/"]}]},{"@type":"ImageObject","inLanguage":"es","@id":"https:\/\/landioustravel.com\/es\/shop\/viaje-abydos-dendera-luxor\/#primaryimage","url":"https:\/\/i0.wp.com\/landioustravel.com\/wp-content\/uploads\/2022\/07\/Dendera-e1657106168248.jpg?fit=1200%2C675&ssl=1","contentUrl":"https:\/\/i0.wp.com\/landioustravel.com\/wp-content\/uploads\/2022\/07\/Dendera-e1657106168248.jpg?fit=1200%2C675&ssl=1","width":1200,"height":675,"caption":"Dendera"},{"@type":"BreadcrumbList","@id":"https:\/\/landioustravel.com\/es\/shop\/viaje-abydos-dendera-luxor\/#breadcrumb","itemListElement":[{"@type":"ListItem","position":1,"name":"Home","item":"https:\/\/landioustravel.com\/es\/"},{"@type":"ListItem","position":2,"name":"Servicios y Tours","item":"https:\/\/landioustravel.com\/es\/"},{"@type":"ListItem","position":3,"name":"Viaje a Abydos Dendera Luxor"}]},{"@type":"WebSite","@id":"https:\/\/landioustravel.com\/es\/#website","url":"https:\/\/landioustravel.com\/es\/","name":"Landious Travel","description":"Tours and Excursions in Egypt","publisher":{"@id":"https:\/\/landioustravel.com\/es\/#organization"},"potentialAction":[{"@type":"SearchAction","target":{"@type":"EntryPoint","urlTemplate":"https:\/\/landioustravel.com\/es\/?s={search_term_string}"},"query-input":{"@type":"PropertyValueSpecification","valueRequired":true,"valueName":"search_term_string"}}],"inLanguage":"es"},{"@type":["Organization","Place"],"@id":"https:\/\/landioustravel.com\/es\/#organization","name":"Landious Travel","alternateName":"Landious Travel","url":"https:\/\/landioustravel.com\/es\/","logo":{"@id":"https:\/\/landioustravel.com\/es\/shop\/viaje-abydos-dendera-luxor\/#local-main-organization-logo"},"image":{"@id":"https:\/\/landioustravel.com\/es\/shop\/viaje-abydos-dendera-luxor\/#local-main-organization-logo"},"sameAs":["https:\/\/web.facebook.com\/landiousEgypt","https:\/\/x.com\/LandiousTours","https:\/\/mastodon.social\/@landious"],"legalName":"Landious Travel","telephone":[],"openingHoursSpecification":[{"@type":"OpeningHoursSpecification","dayOfWeek":["Monday","Tuesday","Wednesday","Thursday","Friday","Saturday","Sunday"],"opens":"09:00","closes":"17:00"}]},{"@type":"ImageObject","inLanguage":"es","@id":"https:\/\/landioustravel.com\/es\/shop\/viaje-abydos-dendera-luxor\/#local-main-organization-logo","url":"https:\/\/i0.wp.com\/landioustravel.com\/wp-content\/uploads\/2021\/06\/Landious-T.png?fit=500%2C500&ssl=1","contentUrl":"https:\/\/i0.wp.com\/landioustravel.com\/wp-content\/uploads\/2021\/06\/Landious-T.png?fit=500%2C500&ssl=1","width":500,"height":500,"caption":"Landious Travel"}]}},"jetpack_publicize_connections":[],"uagb_featured_image_src":{"full":["https:\/\/i0.wp.com\/landioustravel.com\/wp-content\/uploads\/2022\/07\/Dendera-e1657106168248.jpg?fit=1200%2C675&ssl=1",1200,675,false],"thumbnail":["https:\/\/i0.wp.com\/landioustravel.com\/wp-content\/uploads\/2022\/07\/Dendera-e1657106168248.jpg?resize=150%2C150&ssl=1",150,150,true],"medium":["https:\/\/i0.wp.com\/landioustravel.com\/wp-content\/uploads\/2022\/07\/Dendera-e1657106168248.jpg?fit=300%2C169&ssl=1",300,169,true],"medium_large":["https:\/\/i0.wp.com\/landioustravel.com\/wp-content\/uploads\/2022\/07\/Dendera-e1657106168248.jpg?fit=768%2C432&ssl=1",768,432,true],"large":["https:\/\/i0.wp.com\/landioustravel.com\/wp-content\/uploads\/2022\/07\/Dendera-e1657106168248.jpg?fit=980%2C551&ssl=1",980,551,true],"1536x1536":["https:\/\/i0.wp.com\/landioustravel.com\/wp-content\/uploads\/2022\/07\/Dendera-e1657106168248.jpg?fit=1200%2C675&ssl=1",1200,675,true],"2048x2048":["https:\/\/i0.wp.com\/landioustravel.com\/wp-content\/uploads\/2022\/07\/Dendera-e1657106168248.jpg?fit=1200%2C675&ssl=1",1200,675,true],"newspack-article-block-landscape-large":["https:\/\/i0.wp.com\/landioustravel.com\/wp-content\/uploads\/2022\/07\/Dendera-e1657106168248.jpg?resize=1200%2C675&ssl=1",1200,675,true],"newspack-article-block-portrait-large":["https:\/\/i0.wp.com\/landioustravel.com\/wp-content\/uploads\/2022\/07\/Dendera-e1657106168248.jpg?resize=900%2C675&ssl=1",900,675,true],"newspack-article-block-square-large":["https:\/\/i0.wp.com\/landioustravel.com\/wp-content\/uploads\/2022\/07\/Dendera-e1657106168248.jpg?resize=1200%2C675&ssl=1",1200,675,true],"newspack-article-block-landscape-medium":["https:\/\/i0.wp.com\/landioustravel.com\/wp-content\/uploads\/2022\/07\/Dendera-e1657106168248.jpg?resize=800%2C600&ssl=1",800,600,true],"newspack-article-block-portrait-medium":["https:\/\/i0.wp.com\/landioustravel.com\/wp-content\/uploads\/2022\/07\/Dendera-e1657106168248.jpg?resize=600%2C675&ssl=1",600,675,true],"newspack-article-block-square-medium":["https:\/\/i0.wp.com\/landioustravel.com\/wp-content\/uploads\/2022\/07\/Dendera-e1657106168248.jpg?resize=800%2C675&ssl=1",800,675,true],"newspack-article-block-landscape-intermediate":["https:\/\/i0.wp.com\/landioustravel.com\/wp-content\/uploads\/2022\/07\/Dendera-e1657106168248.jpg?resize=600%2C450&ssl=1",600,450,true],"newspack-article-block-portrait-intermediate":["https:\/\/i0.wp.com\/landioustravel.com\/wp-content\/uploads\/2022\/07\/Dendera-e1657106168248.jpg?resize=450%2C600&ssl=1",450,600,true],"newspack-article-block-square-intermediate":["https:\/\/i0.wp.com\/landioustravel.com\/wp-content\/uploads\/2022\/07\/Dendera-e1657106168248.jpg?resize=600%2C600&ssl=1",600,600,true],"newspack-article-block-landscape-small":["https:\/\/i0.wp.com\/landioustravel.com\/wp-content\/uploads\/2022\/07\/Dendera-e1657106168248.jpg?resize=400%2C300&ssl=1",400,300,true],"newspack-article-block-portrait-small":["https:\/\/i0.wp.com\/landioustravel.com\/wp-content\/uploads\/2022\/07\/Dendera-e1657106168248.jpg?resize=300%2C400&ssl=1",300,400,true],"newspack-article-block-square-small":["https:\/\/i0.wp.com\/landioustravel.com\/wp-content\/uploads\/2022\/07\/Dendera-e1657106168248.jpg?resize=400%2C400&ssl=1",400,400,true],"newspack-article-block-landscape-tiny":["https:\/\/i0.wp.com\/landioustravel.com\/wp-content\/uploads\/2022\/07\/Dendera-e1657106168248.jpg?resize=200%2C150&ssl=1",200,150,true],"newspack-article-block-portrait-tiny":["https:\/\/i0.wp.com\/landioustravel.com\/wp-content\/uploads\/2022\/07\/Dendera-e1657106168248.jpg?resize=150%2C200&ssl=1",150,200,true],"newspack-article-block-square-tiny":["https:\/\/i0.wp.com\/landioustravel.com\/wp-content\/uploads\/2022\/07\/Dendera-e1657106168248.jpg?resize=200%2C200&ssl=1",200,200,true],"newspack-article-block-uncropped":["https:\/\/i0.wp.com\/landioustravel.com\/wp-content\/uploads\/2022\/07\/Dendera-e1657106168248.jpg?fit=1200%2C675&ssl=1",1200,675,true],"woocommerce_thumbnail":["https:\/\/i0.wp.com\/landioustravel.com\/wp-content\/uploads\/2022\/07\/Dendera-e1657106168248.jpg?resize=324%2C324&ssl=1",324,324,true],"woocommerce_single":["https:\/\/i0.wp.com\/landioustravel.com\/wp-content\/uploads\/2022\/07\/Dendera-e1657106168248.jpg?fit=416%2C234&ssl=1",416,234,true],"woocommerce_gallery_thumbnail":["https:\/\/i0.wp.com\/landioustravel.com\/wp-content\/uploads\/2022\/07\/Dendera-e1657106168248.jpg?resize=100%2C100&ssl=1",100,100,true]},"uagb_author_info":{"display_name":"Mofreh Landious","author_link":"https:\/\/landioustravel.com\/es\/author\/"},"uagb_comment_info":0,"uagb_excerpt":"\u00bfEst\u00e1s listo para una aventura como ninguna otra? \u00danase a nosotros en un viaje incre\u00edble a Abydos y Dendera desde Luxor para explorar dos templos antiguos llenos de historia y obras de arte. Su gu\u00eda egipt\u00f3logo experto lo llevar\u00e1 en un fascinante recorrido por el Templo de Abydos, donde ser\u00e1 testigo de los impresionantes relieves&hellip;","jetpack_sharing_enabled":true,"jetpack_likes_enabled":true,"amp_enabled":true,"_links":{"self":[{"href":"https:\/\/landioustravel.com\/es\/wp-json\/wp\/v2\/product\/143188","targetHints":{"allow":["GET"]}}],"collection":[{"href":"https:\/\/landioustravel.com\/es\/wp-json\/wp\/v2\/product"}],"about":[{"href":"https:\/\/landioustravel.com\/es\/wp-json\/wp\/v2\/types\/product"}],"replies":[{"embeddable":true,"href":"https:\/\/landioustravel.com\/es\/wp-json\/wp\/v2\/comments?post=143188"}],"wp:featuredmedia":[{"embeddable":true,"href":"https:\/\/landioustravel.com\/es\/wp-json\/wp\/v2\/media\/99500"}],"wp:attachment":[{"href":"https:\/\/landioustravel.com\/es\/wp-json\/wp\/v2\/media?parent=143188"}],"wp:term":[{"taxonomy":"product_brand","embeddable":true,"href":"https:\/\/landioustravel.com\/es\/wp-json\/wp\/v2\/product_brand?post=143188"},{"taxonomy":"product_cat","embeddable":true,"href":"https:\/\/landioustravel.com\/es\/wp-json\/wp\/v2\/product_cat?post=143188"},{"taxonomy":"product_tag","embeddable":true,"href":"https:\/\/landioustravel.com\/es\/wp-json\/wp\/v2\/product_tag?post=143188"}],"curies":[{"name":"wp","href":"https:\/\/api.w.org\/{rel}","templated":true}]}}