{"id":143198,"date":"2022-11-06T15:29:51","date_gmt":"2023-06-03T10:48:36","guid":{"rendered":"https:\/\/landioustravel.com\/?post_type=product&#038;p=143198"},"modified":"2024-02-05T10:14:47","modified_gmt":"2024-02-05T08:14:47","slug":"viaje-orilla-oeste-luxor","status":"publish","type":"product","link":"https:\/\/landioustravel.com\/es\/shop\/viaje-orilla-oeste-luxor\/","title":{"rendered":"Viaje a Orilla Oeste Luxor"},"content":{"rendered":"<p>Viaje a Orilla Oeste Luxor es una excursi\u00f3n inolvidable de medio d\u00eda para ver los antiguos monumentos egipcios en la orilla oeste de <a href=\"https:\/\/landioustravel.com\/es\/egipto\/pueblos-egipcios\/gobernacion-luxor\/\">Luxor<\/a>, Egipto. Recomendamos el viaje porque normalmente permite a los turistas descubrir muchas atracciones del antiguo Egipto y aprender sobre la historia del pa\u00eds.<\/p>\n<h2>Aspectos destacados de la excursi\u00f3n a Banco Oeste desde Luxor<\/h2>\n<ul>\n<li>Los Colosos de Memnon en el Templo de Amenhotep III.<\/li>\n<li>Visita el templo de la reina Hatshepsut.<\/li>\n<li>Adem\u00e1s, el Valle de los Reyes en la Ciudad de los Muertos.<\/li>\n<li>Almuerzo<\/li>\n<\/ul>\n<h2>Programa en el oeste de Luxor<\/h2>\n<ul>\n<li>La primera parada ser\u00e1 en los Colosos de Memn\u00f3n. Estas son las dos majestuosas estatuas que se alzan a la entrada del templo de Amenhotep III. Su gu\u00eda los muestra y le permite tomar una foto.<\/li>\n<li>Adem\u00e1s, el autob\u00fas va al magn\u00edfico templo de la reina Hatshepsut. Es un impresionante templo ubicado en Deir El-Bahari. Los constructores de este templo lo tallaron profesionalmente en la roca. Adem\u00e1s, consta de tres plantas. Alrededor de este templo, ver\u00e1s todo tipo de tumbas y dos templos. En el lado derecho, descubrir\u00e1 los templos de Thutmosis III y Amenhopa Neb Hept Ra. Una vez m\u00e1s, el gu\u00eda da informaci\u00f3n y tiempo libre para investigar el lugar.<\/li>\n<li>En consecuencia, el programa le permite ver c\u00f3mo los artesanos prepararon estatuas anticuadas. Los turistas sin duda se hacen con esta idea en la f\u00e1brica de alabastro.<\/li>\n<li>Antes del final del programa en el oeste de Luxor, visita el Valle de los Reyes. Es tan grande en este lugar e interesante!<\/li>\n<li>Finalmente, nuestro autob\u00fas regresa a sus hoteles despu\u00e9s de tal programa en la gloriosa ciudad de Luxor.<\/li>\n<li>Esta excursi\u00f3n a la orilla oeste de Luxor con visita al Valle de los Reyes desde Luxor finaliza aproximadamente a las 22:00.<\/li>\n<\/ul>\n<h2>\u00bfQu\u00e9 incluye el precio del tour por Cisjordania?<\/h2>\n<ul>\n<li>Entradas para visitar templos.<\/li>\n<li>Almuerzo.<\/li>\n<li>Gu\u00eda.<\/li>\n<li>Adem\u00e1s, traslado a la orilla oeste de Luxor y regreso al hotel.<\/li>\n<\/ul>\n<h2>\u00bfQu\u00e9 no incluye el Programa Viaje a Viaje a Orilla Oeste Luxor?<\/h2>\n<ul>\n<li>Programas de excursiones adicionales.<\/li>\n<li>Adem\u00e1s, Bebidas.<\/li>\n<\/ul>\n<h2>\u00bfQu\u00e9 llevar contigo para el viaje?<\/h2>\n<ul>\n<li>Ponte ropa adecuada para la temporada.<\/li>\n<\/ul>\n<h2>D\u00edas de reserva de viaje a Viaje a Orilla Oeste<\/h2>\n<ul>\n<li>Todos los d\u00edas 08:00 \u2013 16:00<\/li>\n<\/ul>\n<h2>\u00bfQu\u00e9 se espera ver durante la excursi\u00f3n a Viaje a Orilla Oeste de Luxor?<\/h2>\n<h3>Monumentos en la orilla occidental del r\u00edo Nilo<\/h3>\n<h4>Templo de Hatshepsut<\/h4>\n<p>En El Deir El Bahary, el templo de Hatshepsut es un impresionante templo dedicado a la reina Hatshepsut, la \u00fanica mujer faraona. Impresionantemente, se eleva en el desierto con una serie de terrazas. Se fusiona con los escarpados acantilados de piedra caliza que lo rodean. Es uno de los m\u00e1s bellos y mejor conservados de todos los templos del Antiguo Egipto.<\/p>\n<h4>Templo de Tutmosis III<\/h4>\n<p>la construcci\u00f3n del templo ocurri\u00f3 en la \u00faltima d\u00e9cada del reinado de Thutmosis III. Podemos suponer que fue alrededor de 1435-1425 a. Lo m\u00e1s probable es que el templo haya sido destruido por un terremoto. Ocurri\u00f3 a principios de la dinast\u00eda XXI. Muchos descubrimientos tuvieron lugar eventualmente. Uno de ellos fueron los fragmentos de muros cubiertos con decoraci\u00f3n en relieve.<\/p>\n<h4>Adem\u00e1s, Colosos de Memnon<\/h4>\n<p>Dos enormes estatuas de una sola piedra del rey Amenhotep III son los restos significativos de un gran templo mortuorio.<\/p>\n","protected":false},"excerpt":{"rendered":"<p>Experimente las maravillas del Antiguo Egipto en un recorrido privado de medio d\u00eda por el Valle de los Reyes, el Templo de la Reina Hatshepsut y los Colosos de Memn\u00f3n. Su gu\u00eda experto le proporcionar\u00e1 informaci\u00f3n sobre la historia de cada sitio, lo que le permitir\u00e1 aprender m\u00e1s de lo que aprender\u00eda de una gu\u00eda. Disfrute de la comodidad del transporte con aire acondicionado mientras visita el impresionante Valle de los Reyes, donde fueron enterrados muchos reyes, incluidos Tutmosis I, Tutmosis III, Tut-Ankh-Amon, King Ramssess VI, King Mrenptah y AmonhotepII. A continuaci\u00f3n, explore el Templo de la Reina Hatshepsut, tambi\u00e9n conocido como El Dir El Bahari, que fue construido por la \u00fanica mujer fara\u00f3nica que rein\u00f3 en el antiguo Egipto. Finalmente, det\u00e9ngase en la f\u00e1brica local de alabastro para comprar recuerdos. Con un gu\u00eda privado y transporte, puede explorar cada sitio a su propio ritmo y recibir toda su atenci\u00f3n. Elija entre varios horarios de inicio para adaptarse a su horario, si\u00e9ntese y disfrute del paisaje mientras viaja entre cada destino.<\/p>\n","protected":false},"featured_media":125986,"comment_status":"open","ping_status":"closed","template":"","meta":{"_coblocks_attr":"","_coblocks_dimensions":"","_coblocks_responsive_height":"","_coblocks_accordion_ie_support":"","_uag_custom_page_level_css":"","jetpack_publicize_message":"","jetpack_publicize_feature_enabled":true,"jetpack_social_post_already_shared":true,"jetpack_social_options":{"image_generator_settings":{"template":"highway","default_image_id":0,"font":"","enabled":false},"version":2},"_wpas_customize_per_network":false},"product_brand":[],"product_cat":[19564],"product_tag":[1797,1812,9907],"class_list":{"0":"post-143198","1":"product","2":"type-product","3":"status-publish","4":"has-post-thumbnail","6":"product_cat-excursiones-luxor","7":"product_tag-excursion-es","8":"product_tag-luxor-es","9":"product_tag-turismo","10":"pa_age-el-adulto","11":"pa_age-nino-5-11-anos","13":"first","14":"instock","15":"sale","16":"taxable","17":"shipping-taxable","18":"purchasable","19":"product-type-variable"},"yoast_head":"<!-- This site is optimized with the Yoast SEO Premium plugin v26.9 (Yoast SEO v27.5) - https:\/\/yoast.com\/product\/yoast-seo-premium-wordpress\/ -->\n<title>Viaje a Orilla Oeste Luxor<\/title>\n<meta name=\"description\" content=\"Viaje a Orilla Oeste Luxor En la parte occidental de Luxor, ver\u00e1s el templo de millones de a\u00f1os de Amenhotep III, o lo que llamamos los Colosos de Memn\u00f3n\" \/>\n<meta name=\"robots\" content=\"index, follow, max-snippet:-1, max-image-preview:large, max-video-preview:-1\" \/>\n<link rel=\"canonical\" href=\"https:\/\/landioustravel.com\/es\/shop\/viaje-orilla-oeste-luxor\/\" \/>\n<meta property=\"og:locale\" content=\"es_ES\" \/>\n<meta property=\"og:type\" content=\"article\" \/>\n<meta property=\"og:title\" content=\"Viaje a Orilla Oeste Luxor\" \/>\n<meta property=\"og:description\" content=\"Landious Travel\" \/>\n<meta property=\"og:url\" content=\"https:\/\/landioustravel.com\/es\/shop\/viaje-orilla-oeste-luxor\/\" \/>\n<meta property=\"og:site_name\" content=\"Landious Travel\" \/>\n<meta property=\"article:publisher\" content=\"https:\/\/web.facebook.com\/landiousEgypt\" \/>\n<meta property=\"article:modified_time\" content=\"2024-02-05T08:14:47+00:00\" \/>\n<meta property=\"og:image\" content=\"https:\/\/i0.wp.com\/landioustravel.com\/wp-content\/uploads\/2022\/09\/Tomb-of-Tutankhamun.jpg?fit=976%2C549&ssl=1\" \/>\n\t<meta property=\"og:image:width\" content=\"976\" \/>\n\t<meta property=\"og:image:height\" content=\"549\" \/>\n\t<meta property=\"og:image:type\" content=\"image\/jpeg\" \/>\n<meta name=\"twitter:card\" content=\"summary_large_image\" \/>\n<meta name=\"twitter:site\" content=\"@LandiousTours\" \/>\n<meta name=\"twitter:label1\" content=\"Tiempo de lectura\" \/>\n\t<meta name=\"twitter:data1\" content=\"4 minutos\" \/>\n<script type=\"application\/ld+json\" class=\"yoast-schema-graph\">{\"@context\":\"https:\\\/\\\/schema.org\",\"@graph\":[{\"@type\":\"WebPage\",\"@id\":\"https:\\\/\\\/landioustravel.com\\\/es\\\/shop\\\/viaje-orilla-oeste-luxor\\\/\",\"url\":\"https:\\\/\\\/landioustravel.com\\\/es\\\/shop\\\/viaje-orilla-oeste-luxor\\\/\",\"name\":\"Viaje a Orilla Oeste Luxor\",\"isPartOf\":{\"@id\":\"https:\\\/\\\/landioustravel.com\\\/es\\\/#website\"},\"primaryImageOfPage\":{\"@id\":\"https:\\\/\\\/landioustravel.com\\\/es\\\/shop\\\/viaje-orilla-oeste-luxor\\\/#primaryimage\"},\"image\":{\"@id\":\"https:\\\/\\\/landioustravel.com\\\/es\\\/shop\\\/viaje-orilla-oeste-luxor\\\/#primaryimage\"},\"thumbnailUrl\":\"https:\\\/\\\/i0.wp.com\\\/landioustravel.com\\\/wp-content\\\/uploads\\\/2022\\\/09\\\/Tomb-of-Tutankhamun.jpg?fit=976%2C549&ssl=1\",\"datePublished\":\"2023-06-03T10:48:36+00:00\",\"dateModified\":\"2024-02-05T08:14:47+00:00\",\"description\":\"Viaje a Orilla Oeste Luxor En la parte occidental de Luxor, ver\u00e1s el templo de millones de a\u00f1os de Amenhotep III, o lo que llamamos los Colosos de Memn\u00f3n\",\"breadcrumb\":{\"@id\":\"https:\\\/\\\/landioustravel.com\\\/es\\\/shop\\\/viaje-orilla-oeste-luxor\\\/#breadcrumb\"},\"inLanguage\":\"es\",\"potentialAction\":[{\"@type\":\"ReadAction\",\"target\":[\"https:\\\/\\\/landioustravel.com\\\/es\\\/shop\\\/viaje-orilla-oeste-luxor\\\/\"]}]},{\"@type\":\"ImageObject\",\"inLanguage\":\"es\",\"@id\":\"https:\\\/\\\/landioustravel.com\\\/es\\\/shop\\\/viaje-orilla-oeste-luxor\\\/#primaryimage\",\"url\":\"https:\\\/\\\/i0.wp.com\\\/landioustravel.com\\\/wp-content\\\/uploads\\\/2022\\\/09\\\/Tomb-of-Tutankhamun.jpg?fit=976%2C549&ssl=1\",\"contentUrl\":\"https:\\\/\\\/i0.wp.com\\\/landioustravel.com\\\/wp-content\\\/uploads\\\/2022\\\/09\\\/Tomb-of-Tutankhamun.jpg?fit=976%2C549&ssl=1\",\"width\":976,\"height\":549,\"caption\":\"Tomb of Tutankhamun\"},{\"@type\":\"BreadcrumbList\",\"@id\":\"https:\\\/\\\/landioustravel.com\\\/es\\\/shop\\\/viaje-orilla-oeste-luxor\\\/#breadcrumb\",\"itemListElement\":[{\"@type\":\"ListItem\",\"position\":1,\"name\":\"Home\",\"item\":\"https:\\\/\\\/landioustravel.com\\\/es\\\/\"},{\"@type\":\"ListItem\",\"position\":2,\"name\":\"Servicios y Tours\",\"item\":\"https:\\\/\\\/landioustravel.com\\\/es\\\/\"},{\"@type\":\"ListItem\",\"position\":3,\"name\":\"Viaje a Orilla Oeste Luxor\"}]},{\"@type\":\"WebSite\",\"@id\":\"https:\\\/\\\/landioustravel.com\\\/es\\\/#website\",\"url\":\"https:\\\/\\\/landioustravel.com\\\/es\\\/\",\"name\":\"Landious Travel\",\"description\":\"Tours and Excursions in Egypt\",\"publisher\":{\"@id\":\"https:\\\/\\\/landioustravel.com\\\/es\\\/#organization\"},\"potentialAction\":[{\"@type\":\"SearchAction\",\"target\":{\"@type\":\"EntryPoint\",\"urlTemplate\":\"https:\\\/\\\/landioustravel.com\\\/es\\\/?s={search_term_string}\"},\"query-input\":{\"@type\":\"PropertyValueSpecification\",\"valueRequired\":true,\"valueName\":\"search_term_string\"}}],\"inLanguage\":\"es\"},{\"@type\":[\"Organization\",\"Place\"],\"@id\":\"https:\\\/\\\/landioustravel.com\\\/es\\\/#organization\",\"name\":\"Landious Travel\",\"alternateName\":\"Landious Travel\",\"url\":\"https:\\\/\\\/landioustravel.com\\\/es\\\/\",\"logo\":{\"@id\":\"https:\\\/\\\/landioustravel.com\\\/es\\\/shop\\\/viaje-orilla-oeste-luxor\\\/#local-main-organization-logo\"},\"image\":{\"@id\":\"https:\\\/\\\/landioustravel.com\\\/es\\\/shop\\\/viaje-orilla-oeste-luxor\\\/#local-main-organization-logo\"},\"sameAs\":[\"https:\\\/\\\/web.facebook.com\\\/landiousEgypt\",\"https:\\\/\\\/x.com\\\/LandiousTours\",\"https:\\\/\\\/mastodon.social\\\/@landious\"],\"legalName\":\"Landious Travel\",\"telephone\":[],\"openingHoursSpecification\":[{\"@type\":\"OpeningHoursSpecification\",\"dayOfWeek\":[\"Monday\",\"Tuesday\",\"Wednesday\",\"Thursday\",\"Friday\",\"Saturday\",\"Sunday\"],\"opens\":\"09:00\",\"closes\":\"17:00\"}]},{\"@type\":\"ImageObject\",\"inLanguage\":\"es\",\"@id\":\"https:\\\/\\\/landioustravel.com\\\/es\\\/shop\\\/viaje-orilla-oeste-luxor\\\/#local-main-organization-logo\",\"url\":\"https:\\\/\\\/i0.wp.com\\\/landioustravel.com\\\/wp-content\\\/uploads\\\/2021\\\/06\\\/Landious-T.png?fit=500%2C500&ssl=1\",\"contentUrl\":\"https:\\\/\\\/i0.wp.com\\\/landioustravel.com\\\/wp-content\\\/uploads\\\/2021\\\/06\\\/Landious-T.png?fit=500%2C500&ssl=1\",\"width\":500,\"height\":500,\"caption\":\"Landious Travel\"}]}<\/script>\n<!-- \/ Yoast SEO Premium plugin. -->","yoast_head_json":{"title":"Viaje a Orilla Oeste Luxor","description":"Viaje a Orilla Oeste Luxor En la parte occidental de Luxor, ver\u00e1s el templo de millones de a\u00f1os de Amenhotep III, o lo que llamamos los Colosos de Memn\u00f3n","robots":{"index":"index","follow":"follow","max-snippet":"max-snippet:-1","max-image-preview":"max-image-preview:large","max-video-preview":"max-video-preview:-1"},"canonical":"https:\/\/landioustravel.com\/es\/shop\/viaje-orilla-oeste-luxor\/","og_locale":"es_ES","og_type":"article","og_title":"Viaje a Orilla Oeste Luxor","og_description":"Landious Travel","og_url":"https:\/\/landioustravel.com\/es\/shop\/viaje-orilla-oeste-luxor\/","og_site_name":"Landious Travel","article_publisher":"https:\/\/web.facebook.com\/landiousEgypt","article_modified_time":"2024-02-05T08:14:47+00:00","og_image":[{"width":976,"height":549,"url":"https:\/\/i0.wp.com\/landioustravel.com\/wp-content\/uploads\/2022\/09\/Tomb-of-Tutankhamun.jpg?fit=976%2C549&ssl=1","type":"image\/jpeg"}],"twitter_card":"summary_large_image","twitter_site":"@LandiousTours","twitter_misc":{"Tiempo de lectura":"4 minutos"},"schema":{"@context":"https:\/\/schema.org","@graph":[{"@type":"WebPage","@id":"https:\/\/landioustravel.com\/es\/shop\/viaje-orilla-oeste-luxor\/","url":"https:\/\/landioustravel.com\/es\/shop\/viaje-orilla-oeste-luxor\/","name":"Viaje a Orilla Oeste Luxor","isPartOf":{"@id":"https:\/\/landioustravel.com\/es\/#website"},"primaryImageOfPage":{"@id":"https:\/\/landioustravel.com\/es\/shop\/viaje-orilla-oeste-luxor\/#primaryimage"},"image":{"@id":"https:\/\/landioustravel.com\/es\/shop\/viaje-orilla-oeste-luxor\/#primaryimage"},"thumbnailUrl":"https:\/\/i0.wp.com\/landioustravel.com\/wp-content\/uploads\/2022\/09\/Tomb-of-Tutankhamun.jpg?fit=976%2C549&ssl=1","datePublished":"2023-06-03T10:48:36+00:00","dateModified":"2024-02-05T08:14:47+00:00","description":"Viaje a Orilla Oeste Luxor En la parte occidental de Luxor, ver\u00e1s el templo de millones de a\u00f1os de Amenhotep III, o lo que llamamos los Colosos de Memn\u00f3n","breadcrumb":{"@id":"https:\/\/landioustravel.com\/es\/shop\/viaje-orilla-oeste-luxor\/#breadcrumb"},"inLanguage":"es","potentialAction":[{"@type":"ReadAction","target":["https:\/\/landioustravel.com\/es\/shop\/viaje-orilla-oeste-luxor\/"]}]},{"@type":"ImageObject","inLanguage":"es","@id":"https:\/\/landioustravel.com\/es\/shop\/viaje-orilla-oeste-luxor\/#primaryimage","url":"https:\/\/i0.wp.com\/landioustravel.com\/wp-content\/uploads\/2022\/09\/Tomb-of-Tutankhamun.jpg?fit=976%2C549&ssl=1","contentUrl":"https:\/\/i0.wp.com\/landioustravel.com\/wp-content\/uploads\/2022\/09\/Tomb-of-Tutankhamun.jpg?fit=976%2C549&ssl=1","width":976,"height":549,"caption":"Tomb of Tutankhamun"},{"@type":"BreadcrumbList","@id":"https:\/\/landioustravel.com\/es\/shop\/viaje-orilla-oeste-luxor\/#breadcrumb","itemListElement":[{"@type":"ListItem","position":1,"name":"Home","item":"https:\/\/landioustravel.com\/es\/"},{"@type":"ListItem","position":2,"name":"Servicios y Tours","item":"https:\/\/landioustravel.com\/es\/"},{"@type":"ListItem","position":3,"name":"Viaje a Orilla Oeste Luxor"}]},{"@type":"WebSite","@id":"https:\/\/landioustravel.com\/es\/#website","url":"https:\/\/landioustravel.com\/es\/","name":"Landious Travel","description":"Tours and Excursions in Egypt","publisher":{"@id":"https:\/\/landioustravel.com\/es\/#organization"},"potentialAction":[{"@type":"SearchAction","target":{"@type":"EntryPoint","urlTemplate":"https:\/\/landioustravel.com\/es\/?s={search_term_string}"},"query-input":{"@type":"PropertyValueSpecification","valueRequired":true,"valueName":"search_term_string"}}],"inLanguage":"es"},{"@type":["Organization","Place"],"@id":"https:\/\/landioustravel.com\/es\/#organization","name":"Landious Travel","alternateName":"Landious Travel","url":"https:\/\/landioustravel.com\/es\/","logo":{"@id":"https:\/\/landioustravel.com\/es\/shop\/viaje-orilla-oeste-luxor\/#local-main-organization-logo"},"image":{"@id":"https:\/\/landioustravel.com\/es\/shop\/viaje-orilla-oeste-luxor\/#local-main-organization-logo"},"sameAs":["https:\/\/web.facebook.com\/landiousEgypt","https:\/\/x.com\/LandiousTours","https:\/\/mastodon.social\/@landious"],"legalName":"Landious Travel","telephone":[],"openingHoursSpecification":[{"@type":"OpeningHoursSpecification","dayOfWeek":["Monday","Tuesday","Wednesday","Thursday","Friday","Saturday","Sunday"],"opens":"09:00","closes":"17:00"}]},{"@type":"ImageObject","inLanguage":"es","@id":"https:\/\/landioustravel.com\/es\/shop\/viaje-orilla-oeste-luxor\/#local-main-organization-logo","url":"https:\/\/i0.wp.com\/landioustravel.com\/wp-content\/uploads\/2021\/06\/Landious-T.png?fit=500%2C500&ssl=1","contentUrl":"https:\/\/i0.wp.com\/landioustravel.com\/wp-content\/uploads\/2021\/06\/Landious-T.png?fit=500%2C500&ssl=1","width":500,"height":500,"caption":"Landious Travel"}]}},"jetpack_publicize_connections":[],"uagb_featured_image_src":{"full":["https:\/\/i0.wp.com\/landioustravel.com\/wp-content\/uploads\/2022\/09\/Tomb-of-Tutankhamun.jpg?fit=976%2C549&ssl=1",976,549,false],"thumbnail":["https:\/\/i0.wp.com\/landioustravel.com\/wp-content\/uploads\/2022\/09\/Tomb-of-Tutankhamun.jpg?resize=150%2C150&ssl=1",150,150,true],"medium":["https:\/\/i0.wp.com\/landioustravel.com\/wp-content\/uploads\/2022\/09\/Tomb-of-Tutankhamun.jpg?fit=300%2C169&ssl=1",300,169,true],"medium_large":["https:\/\/i0.wp.com\/landioustravel.com\/wp-content\/uploads\/2022\/09\/Tomb-of-Tutankhamun.jpg?fit=768%2C432&ssl=1",768,432,true],"large":["https:\/\/i0.wp.com\/landioustravel.com\/wp-content\/uploads\/2022\/09\/Tomb-of-Tutankhamun.jpg?fit=976%2C549&ssl=1",976,549,true],"1536x1536":["https:\/\/i0.wp.com\/landioustravel.com\/wp-content\/uploads\/2022\/09\/Tomb-of-Tutankhamun.jpg?fit=976%2C549&ssl=1",976,549,true],"2048x2048":["https:\/\/i0.wp.com\/landioustravel.com\/wp-content\/uploads\/2022\/09\/Tomb-of-Tutankhamun.jpg?fit=976%2C549&ssl=1",976,549,true],"newspack-article-block-landscape-large":["https:\/\/i0.wp.com\/landioustravel.com\/wp-content\/uploads\/2022\/09\/Tomb-of-Tutankhamun.jpg?resize=976%2C549&ssl=1",976,549,true],"newspack-article-block-portrait-large":["https:\/\/i0.wp.com\/landioustravel.com\/wp-content\/uploads\/2022\/09\/Tomb-of-Tutankhamun.jpg?resize=900%2C549&ssl=1",900,549,true],"newspack-article-block-square-large":["https:\/\/i0.wp.com\/landioustravel.com\/wp-content\/uploads\/2022\/09\/Tomb-of-Tutankhamun.jpg?resize=976%2C549&ssl=1",976,549,true],"newspack-article-block-landscape-medium":["https:\/\/i0.wp.com\/landioustravel.com\/wp-content\/uploads\/2022\/09\/Tomb-of-Tutankhamun.jpg?resize=800%2C549&ssl=1",800,549,true],"newspack-article-block-portrait-medium":["https:\/\/i0.wp.com\/landioustravel.com\/wp-content\/uploads\/2022\/09\/Tomb-of-Tutankhamun.jpg?resize=600%2C549&ssl=1",600,549,true],"newspack-article-block-square-medium":["https:\/\/i0.wp.com\/landioustravel.com\/wp-content\/uploads\/2022\/09\/Tomb-of-Tutankhamun.jpg?resize=800%2C549&ssl=1",800,549,true],"newspack-article-block-landscape-intermediate":["https:\/\/i0.wp.com\/landioustravel.com\/wp-content\/uploads\/2022\/09\/Tomb-of-Tutankhamun.jpg?resize=600%2C450&ssl=1",600,450,true],"newspack-article-block-portrait-intermediate":["https:\/\/i0.wp.com\/landioustravel.com\/wp-content\/uploads\/2022\/09\/Tomb-of-Tutankhamun.jpg?resize=450%2C549&ssl=1",450,549,true],"newspack-article-block-square-intermediate":["https:\/\/i0.wp.com\/landioustravel.com\/wp-content\/uploads\/2022\/09\/Tomb-of-Tutankhamun.jpg?resize=600%2C549&ssl=1",600,549,true],"newspack-article-block-landscape-small":["https:\/\/i0.wp.com\/landioustravel.com\/wp-content\/uploads\/2022\/09\/Tomb-of-Tutankhamun.jpg?resize=400%2C300&ssl=1",400,300,true],"newspack-article-block-portrait-small":["https:\/\/i0.wp.com\/landioustravel.com\/wp-content\/uploads\/2022\/09\/Tomb-of-Tutankhamun.jpg?resize=300%2C400&ssl=1",300,400,true],"newspack-article-block-square-small":["https:\/\/i0.wp.com\/landioustravel.com\/wp-content\/uploads\/2022\/09\/Tomb-of-Tutankhamun.jpg?resize=400%2C400&ssl=1",400,400,true],"newspack-article-block-landscape-tiny":["https:\/\/i0.wp.com\/landioustravel.com\/wp-content\/uploads\/2022\/09\/Tomb-of-Tutankhamun.jpg?resize=200%2C150&ssl=1",200,150,true],"newspack-article-block-portrait-tiny":["https:\/\/i0.wp.com\/landioustravel.com\/wp-content\/uploads\/2022\/09\/Tomb-of-Tutankhamun.jpg?resize=150%2C200&ssl=1",150,200,true],"newspack-article-block-square-tiny":["https:\/\/i0.wp.com\/landioustravel.com\/wp-content\/uploads\/2022\/09\/Tomb-of-Tutankhamun.jpg?resize=200%2C200&ssl=1",200,200,true],"newspack-article-block-uncropped":["https:\/\/i0.wp.com\/landioustravel.com\/wp-content\/uploads\/2022\/09\/Tomb-of-Tutankhamun.jpg?fit=976%2C549&ssl=1",976,549,true],"woocommerce_thumbnail":["https:\/\/i0.wp.com\/landioustravel.com\/wp-content\/uploads\/2022\/09\/Tomb-of-Tutankhamun.jpg?resize=324%2C324&ssl=1",324,324,true],"woocommerce_single":["https:\/\/i0.wp.com\/landioustravel.com\/wp-content\/uploads\/2022\/09\/Tomb-of-Tutankhamun.jpg?fit=416%2C234&ssl=1",416,234,true],"woocommerce_gallery_thumbnail":["https:\/\/i0.wp.com\/landioustravel.com\/wp-content\/uploads\/2022\/09\/Tomb-of-Tutankhamun.jpg?resize=100%2C100&ssl=1",100,100,true]},"uagb_author_info":{"display_name":"Mofreh Landious","author_link":"https:\/\/landioustravel.com\/es\/author\/"},"uagb_comment_info":0,"uagb_excerpt":"Experimente las maravillas del Antiguo Egipto en un recorrido privado de medio d\u00eda por el Valle de los Reyes, el Templo de la Reina Hatshepsut y los Colosos de Memn\u00f3n. Su gu\u00eda experto le proporcionar\u00e1 informaci\u00f3n sobre la historia de cada sitio, lo que le permitir\u00e1 aprender m\u00e1s de lo que aprender\u00eda de una gu\u00eda.&hellip;","jetpack_sharing_enabled":true,"jetpack_likes_enabled":true,"amp_enabled":true,"_links":{"self":[{"href":"https:\/\/landioustravel.com\/es\/wp-json\/wp\/v2\/product\/143198","targetHints":{"allow":["GET"]}}],"collection":[{"href":"https:\/\/landioustravel.com\/es\/wp-json\/wp\/v2\/product"}],"about":[{"href":"https:\/\/landioustravel.com\/es\/wp-json\/wp\/v2\/types\/product"}],"replies":[{"embeddable":true,"href":"https:\/\/landioustravel.com\/es\/wp-json\/wp\/v2\/comments?post=143198"}],"wp:featuredmedia":[{"embeddable":true,"href":"https:\/\/landioustravel.com\/es\/wp-json\/wp\/v2\/media\/125986"}],"wp:attachment":[{"href":"https:\/\/landioustravel.com\/es\/wp-json\/wp\/v2\/media?parent=143198"}],"wp:term":[{"taxonomy":"product_brand","embeddable":true,"href":"https:\/\/landioustravel.com\/es\/wp-json\/wp\/v2\/product_brand?post=143198"},{"taxonomy":"product_cat","embeddable":true,"href":"https:\/\/landioustravel.com\/es\/wp-json\/wp\/v2\/product_cat?post=143198"},{"taxonomy":"product_tag","embeddable":true,"href":"https:\/\/landioustravel.com\/es\/wp-json\/wp\/v2\/product_tag?post=143198"}],"curies":[{"name":"wp","href":"https:\/\/api.w.org\/{rel}","templated":true}]}}