{"id":143203,"date":"2022-11-06T13:48:07","date_gmt":"2023-06-06T06:57:48","guid":{"rendered":"https:\/\/landioustravel.com\/?post_type=product&#038;p=143203"},"modified":"2023-06-19T16:25:18","modified_gmt":"2023-06-19T14:25:18","slug":"viaje-cairo-avion-luxor","status":"publish","type":"product","link":"https:\/\/landioustravel.com\/es\/shop\/viaje-cairo-avion-luxor\/","title":{"rendered":"Viaje a El Cairo en avi\u00f3n Luxor"},"content":{"rendered":"<p>Viaje a El Cairo en avi\u00f3n Luxor es un fant\u00e1stico recorrido de un d\u00eda por las atracciones del antiguo Egipto en El Cairo y Giza desde Luxor en avi\u00f3n, Egipto. Recomendamos este viaje porque permite a los turistas ver las vistas m\u00e1s impresionantes y aprender m\u00e1s sobre su historia. Por supuesto, este viaje se dirige a las grandes pir\u00e1mides y la Esfinge gigante en Giza. Adem\u00e1s, tambi\u00e9n va al Museo Egipcio de El Cairo. Adem\u00e1s, los participantes podr\u00e1n realizar este viaje tan esperado sin perder mucho tiempo. En general, viajar en avi\u00f3n ahorra tiempo.<\/p>\n<h2>Aspectos destacados del viaje a El Cairo desde Luxor en avi\u00f3n<\/h2>\n<ul>\n<li>Visita el Museo Egipcio de El Cairo.<\/li>\n<li>Almuerzo en un restaurante.<\/li>\n<li>Visita las tres pir\u00e1mides de Giza.<\/li>\n<li>Adem\u00e1s, admire la Gran Esfinge en el complejo de pir\u00e1mides.<\/li>\n<li>Camine hacia el Viejo Cairo y descubra Khan El Khalili.<\/li>\n<\/ul>\n<h2>Programa de Viaje en Vuelo a El Cairo y Giza<\/h2>\n<ul>\n<li>El representante de Landious Travel lo recoger\u00e1 de su hotel de Luxor en un veh\u00edculo con aire acondicionado aproximadamente a las 05:00 am.<\/li>\n<li>Despu\u00e9s de recoger a todos los interesados, el autob\u00fas ir\u00e1 al aeropuerto internacional de Luxor. Se tarda unos 30 minutos en llegar al aeropuerto.<\/li>\n<\/ul>\n<h3>Horario en El Cairo<\/h3>\n<ul>\n<li>Le mostraremos el Museo Egipcio cuando llegue a El Cairo. Este museo tiene alrededor de 100 salas de exposiciones en este museo. Hay una colecci\u00f3n \u00fanica de alrededor de 150 mil art\u00edculos en estas salas. Su gu\u00eda le mostrar\u00e1 todas las exhibiciones principales en este vasto museo. Adem\u00e1s, te dar\u00e1 tiempo libre para tomar fotograf\u00edas.<\/li>\n<li>Despu\u00e9s de la visita al Museo Egipcio, comenzar\u00e1 el picnic en barco por el r\u00edo Nilo. Este viaje por el Nilo es un programa adicional; \u00a1Puedes reservarlo con anticipaci\u00f3n a trav\u00e9s de nosotros! Tan pronto como termine el picnic en el barco en el Nilo, se dirigir\u00e1 a otra ciudad: Giza.<\/li>\n<\/ul>\n<h3>Agenda en Giza<\/h3>\n<ul>\n<li>Por supuesto, el viaje contin\u00faa en Giza. La primera parada en este lugar ser\u00e1 en el restaurante. Ofrece buffet libre.<\/li>\n<li>Luego, el grupo continuar\u00e1 hacia el Complejo de Pir\u00e1mides de Giza, con grandes pir\u00e1mides y la Esfinge. Una vez m\u00e1s, su gu\u00eda le mostrar\u00e1 estos monumentos y le dar\u00e1 tiempo libre para tomar fotograf\u00edas.<\/li>\n<\/ul>\n<h3>Salida hacia L\u00faxor<\/h3>\n<ul>\n<li>Finalmente, despu\u00e9s de un excelente programa en El Cairo y Giza, se dirigir\u00e1 al aeropuerto de El Cairo.<\/li>\n<li>Este viaje a El Cairo desde Luxor en avi\u00f3n finaliza aproximadamente a las 23:00.<\/li>\n<\/ul>\n<h2>\u00bfQu\u00e9 incluye el Precio del Viaje a El Cairo en Avi\u00f3n Luxor?<\/h2>\n<ol>\n<li>Entradas para visitar templos.<\/li>\n<li>Almuerzo.<\/li>\n<li>Gu\u00eda.<\/li>\n<li>Traslado al aeropuerto de Luxor.<\/li>\n<li>Veh\u00edculo en El Cairo.<\/li>\n<li>Adem\u00e1s, traslado desde el aeropuerto de Luxor de regreso a su hotel.<\/li>\n<\/ol>\n<h2>\u00bfQu\u00e9 no incluye el Programa de Cairo Tour Luxor en Avi\u00f3n?<\/h2>\n<ul>\n<li>Programas de excursiones adicionales si no est\u00e1n incluidos en el programa anterior.<\/li>\n<li>Adem\u00e1s, Bebidas.<\/li>\n<\/ul>\n<h2>Art\u00edculos para llevar contigo en el viaje<\/h2>\n<ul>\n<li>Caja de desayuno.<\/li>\n<li>Adem\u00e1s, Pasaporte.<\/li>\n<\/ul>\n<h2>Reservar D\u00edas de Viaje a El Cairo en Avi\u00f3n Luxor<\/h2>\n<p><strong>\u00a1Por favor, aseg\u00farese de comprobar la disponibilidad con nosotros!<\/strong><\/p>\n<ul>\n<li>Domingos de 05:00 a 23:00.<\/li>\n<li>Jueves de 05:00 a 23:00.<\/li>\n<li>Adem\u00e1s, los viernes son de 05:00 a 23:00.<\/li>\n<\/ul>\n<h2>\u00bfQu\u00e9 se espera ver durante la excursi\u00f3n a El Cairo en avi\u00f3n Luxor?<\/h2>\n<h3>Museo Egipcio<\/h3>\n<p>El Museo Egipcio es el museo arqueol\u00f3gico m\u00e1s antiguo de Egipto y Oriente Medio. Exhibe una extensa colecci\u00f3n desde el Per\u00edodo Predin\u00e1stico hasta el Per\u00edodo Grecorromano. Adem\u00e1s, este dep\u00f3sito alberga la colecci\u00f3n m\u00e1s completa de antig\u00fcedades fara\u00f3nicas del mundo. Esta fant\u00e1stica colecci\u00f3n recorre 5.000 a\u00f1os de historia egipcia.<\/p>\n<h3>Complejo de pir\u00e1mides de Giza<\/h3>\n<p>El complejo de pir\u00e1mides de Giza es la atracci\u00f3n tur\u00edstica m\u00e1s popular de Egipto. Este complejo es un sitio del Antiguo Egipto ubicado en la meseta de Giza. Ampliamente conocido, incluye la Gran Pir\u00e1mide de Giza, sus redes asociadas y la Esfinge de Giza. Adem\u00e1s, la llamamos la Necr\u00f3polis de Giza.<\/p>\n<p>Los antiguos egipcios construyeron estas construcciones masivas durante la Cuarta Dinast\u00eda del Antiguo Reino del Antiguo Egipto. Adem\u00e1s, el Complejo de Giza incluye varios cementerios y los restos de un asentamiento de trabajadores en su territorio.<\/p>\n<h3>Pir\u00e1mide de Khufu<\/h3>\n<p>La Pir\u00e1mide de Khufu se encuentra a una altura imponente de 138,5 metros. Ubicada en el complejo de pir\u00e1mides de Giza, esta pir\u00e1mide m\u00e1s antigua y m\u00e1s grande ha asombrado a la gente a lo largo de los siglos. Esta maravilla constituye una parte de las Siete Maravillas del mundo antiguo.<\/p>\n<h3>Pir\u00e1mide de Khafre<\/h3>\n<p>La Pir\u00e1mide de Khafre se encuentra a 448 pies con una longitud de base de 706 pies. Estas medidas hacen que la Pir\u00e1mide sea el segundo complejo piramidal de Giza m\u00e1s alto y el segundo m\u00e1s grande. Alberga la tumba del fara\u00f3n Khafre de la Cuarta Dinast\u00eda, que gobern\u00f3 entre 2558 y 2532 a. Este monumento hist\u00f3rico tambi\u00e9n se conoce como la Pir\u00e1mide de Chephren.<\/p>\n<h3>Pir\u00e1mide de Menkaura<\/h3>\n<p>Menkaure es la tercera pir\u00e1mide en el complejo de pir\u00e1mides de Giza en el Gran Cairo, Egipto. El m\u00e1s peque\u00f1o de los tres; esta hermosa estructura se eleva a 66 metros (218 pies). La pir\u00e1mide de Menkaure alberga algunas de las esculturas m\u00e1s impresionantes de la historia del Antiguo Egipto a pesar de ser corta.<\/p>\n<h3>Gran Esfinge<\/h3>\n<p>La Gran Esfinge es una de las esculturas m\u00e1s significativas del mundo. Mide casi 66 pies y muestra el cuerpo de un le\u00f3n reclinado y una cabeza humana. Adem\u00e1s, un tocado real adorna la cabeza humana de la Esfinge. La longitud de esta magn\u00edfica estatua es de alrededor de 240 pies.<\/p>\n","protected":false},"excerpt":{"rendered":"<p>\u00a1Emb\u00e1rquese en una aventura inolvidable desde Luxor a El Cairo en avi\u00f3n y sea testigo de la grandeza de las pir\u00e1mides de Giza, la Esfinge y el Museo Egipcio! Esta extraordinaria excursi\u00f3n de un d\u00eda est\u00e1 repleta de emociones y te dejar\u00e1 asombrado con las antiguas maravillas de Egipto. No se pierda la oportunidad de explorar la vibrante capital egipcia y todo lo que tiene para ofrecer. Con un experto gu\u00eda tur\u00edstico egipt\u00f3logo a su lado, lo llevar\u00e1n en una excursi\u00f3n de un d\u00eda completo a las principales atracciones de El Cairo, incluidas las Pir\u00e1mides de Giza, el Museo Egipcio, el Bazar Khan El Khalili y el Antiguo Cairo copto. Mientras surca los cielos en su vuelo a El Cairo, quedar\u00e1 asombrado por las impresionantes vistas de las tres grandes pir\u00e1mides de Giza y la Gran Esfinge. Y despu\u00e9s de un d\u00eda lleno de aventuras, ser\u00e1 transportado de manera segura de regreso a su hotel en Luxor o crucero por el Nilo.<\/p>\n","protected":false},"featured_media":123613,"comment_status":"open","ping_status":"closed","template":"","meta":{"_coblocks_attr":"","_coblocks_dimensions":"","_coblocks_responsive_height":"","_coblocks_accordion_ie_support":"","_uag_custom_page_level_css":"","jetpack_post_was_ever_published":false,"jetpack_publicize_message":"","jetpack_publicize_feature_enabled":true,"jetpack_social_post_already_shared":true,"jetpack_social_options":{"image_generator_settings":{"template":"highway","default_image_id":0,"font":"","enabled":false},"version":2},"_wpas_customize_per_network":false},"product_brand":[],"product_cat":[19564],"product_tag":[1804,1806,1797,1812,1805,9907],"class_list":{"0":"post-143203","1":"product","2":"type-product","3":"status-publish","4":"has-post-thumbnail","6":"product_cat-excursiones-luxor","7":"product_tag-el-cairo","8":"product_tag-esfinge","9":"product_tag-excursion-es","10":"product_tag-luxor-es","11":"product_tag-piramides","12":"product_tag-turismo","13":"pa_age-el-adulto","14":"pa_age-nino-1-4-anos","15":"pa_age-nino-5-11-anos","17":"first","18":"instock","19":"sale","20":"taxable","21":"shipping-taxable","22":"purchasable","23":"product-type-variable"},"yoast_head":"<!-- This site is optimized with the Yoast SEO Premium plugin v26.9 (Yoast SEO v27.3) - https:\/\/yoast.com\/product\/yoast-seo-premium-wordpress\/ -->\n<title>Viaje a El Cairo en avi\u00f3n Luxor<\/title>\n<meta name=\"description\" content=\"Viaje a El Cairo en avi\u00f3n Luxor \u00a1Emb\u00e1rquese en una aventura inolvidable desde Luxor a El Cairo en avi\u00f3n y sea testigo de la grandeza de las pir\u00e1mides de\" \/>\n<meta name=\"robots\" content=\"index, follow, max-snippet:-1, max-image-preview:large, max-video-preview:-1\" \/>\n<link rel=\"canonical\" href=\"https:\/\/landioustravel.com\/es\/shop\/viaje-cairo-avion-luxor\/\" \/>\n<meta property=\"og:locale\" content=\"es_ES\" \/>\n<meta property=\"og:type\" content=\"article\" \/>\n<meta property=\"og:title\" content=\"Viaje a El Cairo en avi\u00f3n Luxor\" \/>\n<meta property=\"og:description\" content=\"Landious Travel\" \/>\n<meta property=\"og:url\" content=\"https:\/\/landioustravel.com\/es\/shop\/viaje-cairo-avion-luxor\/\" \/>\n<meta property=\"og:site_name\" content=\"Landious Travel\" \/>\n<meta property=\"article:publisher\" content=\"https:\/\/web.facebook.com\/landiousEgypt\" \/>\n<meta property=\"article:modified_time\" content=\"2023-06-19T14:25:18+00:00\" \/>\n<meta property=\"og:image\" content=\"https:\/\/landioustravel.com\/wp-content\/uploads\/2022\/09\/Tourism-in-Egypt-e1663172482774-1024x683.jpg\" \/>\n\t<meta property=\"og:image:width\" content=\"1024\" \/>\n\t<meta property=\"og:image:height\" content=\"683\" \/>\n\t<meta property=\"og:image:type\" content=\"image\/jpeg\" \/>\n<meta name=\"twitter:card\" content=\"summary_large_image\" \/>\n<meta name=\"twitter:site\" content=\"@LandiousTours\" \/>\n<meta name=\"twitter:label1\" content=\"Tiempo de lectura\" \/>\n\t<meta name=\"twitter:data1\" content=\"4 minutos\" \/>\n<script type=\"application\/ld+json\" class=\"yoast-schema-graph\">{\"@context\":\"https:\\\/\\\/schema.org\",\"@graph\":[{\"@type\":\"WebPage\",\"@id\":\"https:\\\/\\\/landioustravel.com\\\/es\\\/shop\\\/viaje-cairo-avion-luxor\\\/\",\"url\":\"https:\\\/\\\/landioustravel.com\\\/es\\\/shop\\\/viaje-cairo-avion-luxor\\\/\",\"name\":\"Viaje a El Cairo en avi\u00f3n Luxor\",\"isPartOf\":{\"@id\":\"https:\\\/\\\/landioustravel.com\\\/es\\\/#website\"},\"primaryImageOfPage\":{\"@id\":\"https:\\\/\\\/landioustravel.com\\\/es\\\/shop\\\/viaje-cairo-avion-luxor\\\/#primaryimage\"},\"image\":{\"@id\":\"https:\\\/\\\/landioustravel.com\\\/es\\\/shop\\\/viaje-cairo-avion-luxor\\\/#primaryimage\"},\"thumbnailUrl\":\"https:\\\/\\\/i0.wp.com\\\/landioustravel.com\\\/wp-content\\\/uploads\\\/2022\\\/09\\\/Tourism-in-Egypt-e1663172482774.jpg?fit=1200%2C800&ssl=1\",\"datePublished\":\"2023-06-06T06:57:48+00:00\",\"dateModified\":\"2023-06-19T14:25:18+00:00\",\"description\":\"Viaje a El Cairo en avi\u00f3n Luxor \u00a1Emb\u00e1rquese en una aventura inolvidable desde Luxor a El Cairo en avi\u00f3n y sea testigo de la grandeza de las pir\u00e1mides de\",\"breadcrumb\":{\"@id\":\"https:\\\/\\\/landioustravel.com\\\/es\\\/shop\\\/viaje-cairo-avion-luxor\\\/#breadcrumb\"},\"inLanguage\":\"es\",\"potentialAction\":[{\"@type\":\"ReadAction\",\"target\":[\"https:\\\/\\\/landioustravel.com\\\/es\\\/shop\\\/viaje-cairo-avion-luxor\\\/\"]}]},{\"@type\":\"ImageObject\",\"inLanguage\":\"es\",\"@id\":\"https:\\\/\\\/landioustravel.com\\\/es\\\/shop\\\/viaje-cairo-avion-luxor\\\/#primaryimage\",\"url\":\"https:\\\/\\\/i0.wp.com\\\/landioustravel.com\\\/wp-content\\\/uploads\\\/2022\\\/09\\\/Tourism-in-Egypt-e1663172482774.jpg?fit=1200%2C800&ssl=1\",\"contentUrl\":\"https:\\\/\\\/i0.wp.com\\\/landioustravel.com\\\/wp-content\\\/uploads\\\/2022\\\/09\\\/Tourism-in-Egypt-e1663172482774.jpg?fit=1200%2C800&ssl=1\",\"width\":1200,\"height\":800,\"caption\":\"Tourism in Egypt\"},{\"@type\":\"BreadcrumbList\",\"@id\":\"https:\\\/\\\/landioustravel.com\\\/es\\\/shop\\\/viaje-cairo-avion-luxor\\\/#breadcrumb\",\"itemListElement\":[{\"@type\":\"ListItem\",\"position\":1,\"name\":\"Home\",\"item\":\"https:\\\/\\\/landioustravel.com\\\/es\\\/\"},{\"@type\":\"ListItem\",\"position\":2,\"name\":\"Servicios y Tours\",\"item\":\"https:\\\/\\\/landioustravel.com\\\/es\\\/\"},{\"@type\":\"ListItem\",\"position\":3,\"name\":\"Viaje a El Cairo en avi\u00f3n Luxor\"}]},{\"@type\":\"WebSite\",\"@id\":\"https:\\\/\\\/landioustravel.com\\\/es\\\/#website\",\"url\":\"https:\\\/\\\/landioustravel.com\\\/es\\\/\",\"name\":\"Landious Travel\",\"description\":\"Tours and Excursions in Egypt\",\"publisher\":{\"@id\":\"https:\\\/\\\/landioustravel.com\\\/es\\\/#organization\"},\"potentialAction\":[{\"@type\":\"SearchAction\",\"target\":{\"@type\":\"EntryPoint\",\"urlTemplate\":\"https:\\\/\\\/landioustravel.com\\\/es\\\/?s={search_term_string}\"},\"query-input\":{\"@type\":\"PropertyValueSpecification\",\"valueRequired\":true,\"valueName\":\"search_term_string\"}}],\"inLanguage\":\"es\"},{\"@type\":[\"Organization\",\"Place\"],\"@id\":\"https:\\\/\\\/landioustravel.com\\\/es\\\/#organization\",\"name\":\"Landious Travel\",\"alternateName\":\"Landious Travel\",\"url\":\"https:\\\/\\\/landioustravel.com\\\/es\\\/\",\"logo\":{\"@id\":\"https:\\\/\\\/landioustravel.com\\\/es\\\/shop\\\/viaje-cairo-avion-luxor\\\/#local-main-organization-logo\"},\"image\":{\"@id\":\"https:\\\/\\\/landioustravel.com\\\/es\\\/shop\\\/viaje-cairo-avion-luxor\\\/#local-main-organization-logo\"},\"sameAs\":[\"https:\\\/\\\/web.facebook.com\\\/landiousEgypt\",\"https:\\\/\\\/x.com\\\/LandiousTours\",\"https:\\\/\\\/mastodon.social\\\/@landious\"],\"legalName\":\"Landious Travel\",\"telephone\":[],\"openingHoursSpecification\":[{\"@type\":\"OpeningHoursSpecification\",\"dayOfWeek\":[\"Monday\",\"Tuesday\",\"Wednesday\",\"Thursday\",\"Friday\",\"Saturday\",\"Sunday\"],\"opens\":\"09:00\",\"closes\":\"17:00\"}]},{\"@type\":\"ImageObject\",\"inLanguage\":\"es\",\"@id\":\"https:\\\/\\\/landioustravel.com\\\/es\\\/shop\\\/viaje-cairo-avion-luxor\\\/#local-main-organization-logo\",\"url\":\"https:\\\/\\\/i0.wp.com\\\/landioustravel.com\\\/wp-content\\\/uploads\\\/2021\\\/06\\\/Landious-T.png?fit=500%2C500&ssl=1\",\"contentUrl\":\"https:\\\/\\\/i0.wp.com\\\/landioustravel.com\\\/wp-content\\\/uploads\\\/2021\\\/06\\\/Landious-T.png?fit=500%2C500&ssl=1\",\"width\":500,\"height\":500,\"caption\":\"Landious Travel\"}]}<\/script>\n<!-- \/ Yoast SEO Premium plugin. -->","yoast_head_json":{"title":"Viaje a El Cairo en avi\u00f3n Luxor","description":"Viaje a El Cairo en avi\u00f3n Luxor \u00a1Emb\u00e1rquese en una aventura inolvidable desde Luxor a El Cairo en avi\u00f3n y sea testigo de la grandeza de las pir\u00e1mides de","robots":{"index":"index","follow":"follow","max-snippet":"max-snippet:-1","max-image-preview":"max-image-preview:large","max-video-preview":"max-video-preview:-1"},"canonical":"https:\/\/landioustravel.com\/es\/shop\/viaje-cairo-avion-luxor\/","og_locale":"es_ES","og_type":"article","og_title":"Viaje a El Cairo en avi\u00f3n Luxor","og_description":"Landious Travel","og_url":"https:\/\/landioustravel.com\/es\/shop\/viaje-cairo-avion-luxor\/","og_site_name":"Landious Travel","article_publisher":"https:\/\/web.facebook.com\/landiousEgypt","article_modified_time":"2023-06-19T14:25:18+00:00","og_image":[{"width":1024,"height":683,"url":"https:\/\/landioustravel.com\/wp-content\/uploads\/2022\/09\/Tourism-in-Egypt-e1663172482774-1024x683.jpg","type":"image\/jpeg"}],"twitter_card":"summary_large_image","twitter_site":"@LandiousTours","twitter_misc":{"Tiempo de lectura":"4 minutos"},"schema":{"@context":"https:\/\/schema.org","@graph":[{"@type":"WebPage","@id":"https:\/\/landioustravel.com\/es\/shop\/viaje-cairo-avion-luxor\/","url":"https:\/\/landioustravel.com\/es\/shop\/viaje-cairo-avion-luxor\/","name":"Viaje a El Cairo en avi\u00f3n Luxor","isPartOf":{"@id":"https:\/\/landioustravel.com\/es\/#website"},"primaryImageOfPage":{"@id":"https:\/\/landioustravel.com\/es\/shop\/viaje-cairo-avion-luxor\/#primaryimage"},"image":{"@id":"https:\/\/landioustravel.com\/es\/shop\/viaje-cairo-avion-luxor\/#primaryimage"},"thumbnailUrl":"https:\/\/i0.wp.com\/landioustravel.com\/wp-content\/uploads\/2022\/09\/Tourism-in-Egypt-e1663172482774.jpg?fit=1200%2C800&ssl=1","datePublished":"2023-06-06T06:57:48+00:00","dateModified":"2023-06-19T14:25:18+00:00","description":"Viaje a El Cairo en avi\u00f3n Luxor \u00a1Emb\u00e1rquese en una aventura inolvidable desde Luxor a El Cairo en avi\u00f3n y sea testigo de la grandeza de las pir\u00e1mides de","breadcrumb":{"@id":"https:\/\/landioustravel.com\/es\/shop\/viaje-cairo-avion-luxor\/#breadcrumb"},"inLanguage":"es","potentialAction":[{"@type":"ReadAction","target":["https:\/\/landioustravel.com\/es\/shop\/viaje-cairo-avion-luxor\/"]}]},{"@type":"ImageObject","inLanguage":"es","@id":"https:\/\/landioustravel.com\/es\/shop\/viaje-cairo-avion-luxor\/#primaryimage","url":"https:\/\/i0.wp.com\/landioustravel.com\/wp-content\/uploads\/2022\/09\/Tourism-in-Egypt-e1663172482774.jpg?fit=1200%2C800&ssl=1","contentUrl":"https:\/\/i0.wp.com\/landioustravel.com\/wp-content\/uploads\/2022\/09\/Tourism-in-Egypt-e1663172482774.jpg?fit=1200%2C800&ssl=1","width":1200,"height":800,"caption":"Tourism in Egypt"},{"@type":"BreadcrumbList","@id":"https:\/\/landioustravel.com\/es\/shop\/viaje-cairo-avion-luxor\/#breadcrumb","itemListElement":[{"@type":"ListItem","position":1,"name":"Home","item":"https:\/\/landioustravel.com\/es\/"},{"@type":"ListItem","position":2,"name":"Servicios y Tours","item":"https:\/\/landioustravel.com\/es\/"},{"@type":"ListItem","position":3,"name":"Viaje a El Cairo en avi\u00f3n Luxor"}]},{"@type":"WebSite","@id":"https:\/\/landioustravel.com\/es\/#website","url":"https:\/\/landioustravel.com\/es\/","name":"Landious Travel","description":"Tours and Excursions in Egypt","publisher":{"@id":"https:\/\/landioustravel.com\/es\/#organization"},"potentialAction":[{"@type":"SearchAction","target":{"@type":"EntryPoint","urlTemplate":"https:\/\/landioustravel.com\/es\/?s={search_term_string}"},"query-input":{"@type":"PropertyValueSpecification","valueRequired":true,"valueName":"search_term_string"}}],"inLanguage":"es"},{"@type":["Organization","Place"],"@id":"https:\/\/landioustravel.com\/es\/#organization","name":"Landious Travel","alternateName":"Landious Travel","url":"https:\/\/landioustravel.com\/es\/","logo":{"@id":"https:\/\/landioustravel.com\/es\/shop\/viaje-cairo-avion-luxor\/#local-main-organization-logo"},"image":{"@id":"https:\/\/landioustravel.com\/es\/shop\/viaje-cairo-avion-luxor\/#local-main-organization-logo"},"sameAs":["https:\/\/web.facebook.com\/landiousEgypt","https:\/\/x.com\/LandiousTours","https:\/\/mastodon.social\/@landious"],"legalName":"Landious Travel","telephone":[],"openingHoursSpecification":[{"@type":"OpeningHoursSpecification","dayOfWeek":["Monday","Tuesday","Wednesday","Thursday","Friday","Saturday","Sunday"],"opens":"09:00","closes":"17:00"}]},{"@type":"ImageObject","inLanguage":"es","@id":"https:\/\/landioustravel.com\/es\/shop\/viaje-cairo-avion-luxor\/#local-main-organization-logo","url":"https:\/\/i0.wp.com\/landioustravel.com\/wp-content\/uploads\/2021\/06\/Landious-T.png?fit=500%2C500&ssl=1","contentUrl":"https:\/\/i0.wp.com\/landioustravel.com\/wp-content\/uploads\/2021\/06\/Landious-T.png?fit=500%2C500&ssl=1","width":500,"height":500,"caption":"Landious Travel"}]}},"jetpack_publicize_connections":[],"uagb_featured_image_src":{"full":["https:\/\/i0.wp.com\/landioustravel.com\/wp-content\/uploads\/2022\/09\/Tourism-in-Egypt-e1663172482774.jpg?fit=1200%2C800&ssl=1",1200,800,false],"thumbnail":["https:\/\/i0.wp.com\/landioustravel.com\/wp-content\/uploads\/2022\/09\/Tourism-in-Egypt-e1663172482774.jpg?resize=150%2C150&ssl=1",150,150,true],"medium":["https:\/\/i0.wp.com\/landioustravel.com\/wp-content\/uploads\/2022\/09\/Tourism-in-Egypt-e1663172482774.jpg?fit=300%2C200&ssl=1",300,200,true],"medium_large":["https:\/\/i0.wp.com\/landioustravel.com\/wp-content\/uploads\/2022\/09\/Tourism-in-Egypt-e1663172482774.jpg?fit=768%2C512&ssl=1",768,512,true],"large":["https:\/\/i0.wp.com\/landioustravel.com\/wp-content\/uploads\/2022\/09\/Tourism-in-Egypt-e1663172482774.jpg?fit=980%2C654&ssl=1",980,654,true],"1536x1536":["https:\/\/i0.wp.com\/landioustravel.com\/wp-content\/uploads\/2022\/09\/Tourism-in-Egypt-e1663172482774.jpg?fit=1536%2C1024&ssl=1",1536,1024,true],"2048x2048":["https:\/\/i0.wp.com\/landioustravel.com\/wp-content\/uploads\/2022\/09\/Tourism-in-Egypt-e1663172482774.jpg?fit=1200%2C800&ssl=1",1200,800,true],"newspack-article-block-landscape-large":["https:\/\/i0.wp.com\/landioustravel.com\/wp-content\/uploads\/2022\/09\/Tourism-in-Egypt-e1663172482774.jpg?resize=1200%2C800&ssl=1",1200,800,true],"newspack-article-block-portrait-large":["https:\/\/i0.wp.com\/landioustravel.com\/wp-content\/uploads\/2022\/09\/Tourism-in-Egypt-e1663172482774.jpg?resize=900%2C800&ssl=1",900,800,true],"newspack-article-block-square-large":["https:\/\/i0.wp.com\/landioustravel.com\/wp-content\/uploads\/2022\/09\/Tourism-in-Egypt-e1663172482774.jpg?resize=1200%2C800&ssl=1",1200,800,true],"newspack-article-block-landscape-medium":["https:\/\/i0.wp.com\/landioustravel.com\/wp-content\/uploads\/2022\/09\/Tourism-in-Egypt-e1663172482774.jpg?resize=800%2C600&ssl=1",800,600,true],"newspack-article-block-portrait-medium":["https:\/\/i0.wp.com\/landioustravel.com\/wp-content\/uploads\/2022\/09\/Tourism-in-Egypt-e1663172482774.jpg?resize=600%2C800&ssl=1",600,800,true],"newspack-article-block-square-medium":["https:\/\/i0.wp.com\/landioustravel.com\/wp-content\/uploads\/2022\/09\/Tourism-in-Egypt-e1663172482774.jpg?resize=800%2C800&ssl=1",800,800,true],"newspack-article-block-landscape-intermediate":["https:\/\/i0.wp.com\/landioustravel.com\/wp-content\/uploads\/2022\/09\/Tourism-in-Egypt-e1663172482774.jpg?resize=600%2C450&ssl=1",600,450,true],"newspack-article-block-portrait-intermediate":["https:\/\/i0.wp.com\/landioustravel.com\/wp-content\/uploads\/2022\/09\/Tourism-in-Egypt-e1663172482774.jpg?resize=450%2C600&ssl=1",450,600,true],"newspack-article-block-square-intermediate":["https:\/\/i0.wp.com\/landioustravel.com\/wp-content\/uploads\/2022\/09\/Tourism-in-Egypt-e1663172482774.jpg?resize=600%2C600&ssl=1",600,600,true],"newspack-article-block-landscape-small":["https:\/\/i0.wp.com\/landioustravel.com\/wp-content\/uploads\/2022\/09\/Tourism-in-Egypt-e1663172482774.jpg?resize=400%2C300&ssl=1",400,300,true],"newspack-article-block-portrait-small":["https:\/\/i0.wp.com\/landioustravel.com\/wp-content\/uploads\/2022\/09\/Tourism-in-Egypt-e1663172482774.jpg?resize=300%2C400&ssl=1",300,400,true],"newspack-article-block-square-small":["https:\/\/i0.wp.com\/landioustravel.com\/wp-content\/uploads\/2022\/09\/Tourism-in-Egypt-e1663172482774.jpg?resize=400%2C400&ssl=1",400,400,true],"newspack-article-block-landscape-tiny":["https:\/\/i0.wp.com\/landioustravel.com\/wp-content\/uploads\/2022\/09\/Tourism-in-Egypt-e1663172482774.jpg?resize=200%2C150&ssl=1",200,150,true],"newspack-article-block-portrait-tiny":["https:\/\/i0.wp.com\/landioustravel.com\/wp-content\/uploads\/2022\/09\/Tourism-in-Egypt-e1663172482774.jpg?resize=150%2C200&ssl=1",150,200,true],"newspack-article-block-square-tiny":["https:\/\/i0.wp.com\/landioustravel.com\/wp-content\/uploads\/2022\/09\/Tourism-in-Egypt-e1663172482774.jpg?resize=200%2C200&ssl=1",200,200,true],"newspack-article-block-uncropped":["https:\/\/i0.wp.com\/landioustravel.com\/wp-content\/uploads\/2022\/09\/Tourism-in-Egypt-e1663172482774.jpg?fit=1200%2C800&ssl=1",1200,800,true],"woocommerce_thumbnail":["https:\/\/i0.wp.com\/landioustravel.com\/wp-content\/uploads\/2022\/09\/Tourism-in-Egypt-e1663172482774.jpg?resize=324%2C324&ssl=1",324,324,true],"woocommerce_single":["https:\/\/i0.wp.com\/landioustravel.com\/wp-content\/uploads\/2022\/09\/Tourism-in-Egypt-e1663172482774.jpg?fit=416%2C277&ssl=1",416,277,true],"woocommerce_gallery_thumbnail":["https:\/\/i0.wp.com\/landioustravel.com\/wp-content\/uploads\/2022\/09\/Tourism-in-Egypt-e1663172482774.jpg?resize=100%2C100&ssl=1",100,100,true]},"uagb_author_info":{"display_name":"Mofreh Landious","author_link":"https:\/\/landioustravel.com\/es\/author\/"},"uagb_comment_info":0,"uagb_excerpt":"\u00a1Emb\u00e1rquese en una aventura inolvidable desde Luxor a El Cairo en avi\u00f3n y sea testigo de la grandeza de las pir\u00e1mides de Giza, la Esfinge y el Museo Egipcio! Esta extraordinaria excursi\u00f3n de un d\u00eda est\u00e1 repleta de emociones y te dejar\u00e1 asombrado con las antiguas maravillas de Egipto. No se pierda la oportunidad de&hellip;","jetpack_sharing_enabled":true,"jetpack_likes_enabled":true,"amp_enabled":true,"_links":{"self":[{"href":"https:\/\/landioustravel.com\/es\/wp-json\/wp\/v2\/product\/143203","targetHints":{"allow":["GET"]}}],"collection":[{"href":"https:\/\/landioustravel.com\/es\/wp-json\/wp\/v2\/product"}],"about":[{"href":"https:\/\/landioustravel.com\/es\/wp-json\/wp\/v2\/types\/product"}],"replies":[{"embeddable":true,"href":"https:\/\/landioustravel.com\/es\/wp-json\/wp\/v2\/comments?post=143203"}],"wp:featuredmedia":[{"embeddable":true,"href":"https:\/\/landioustravel.com\/es\/wp-json\/wp\/v2\/media\/123613"}],"wp:attachment":[{"href":"https:\/\/landioustravel.com\/es\/wp-json\/wp\/v2\/media?parent=143203"}],"wp:term":[{"taxonomy":"product_brand","embeddable":true,"href":"https:\/\/landioustravel.com\/es\/wp-json\/wp\/v2\/product_brand?post=143203"},{"taxonomy":"product_cat","embeddable":true,"href":"https:\/\/landioustravel.com\/es\/wp-json\/wp\/v2\/product_cat?post=143203"},{"taxonomy":"product_tag","embeddable":true,"href":"https:\/\/landioustravel.com\/es\/wp-json\/wp\/v2\/product_tag?post=143203"}],"curies":[{"name":"wp","href":"https:\/\/api.w.org\/{rel}","templated":true}]}}