{"id":143214,"date":"2022-01-25T02:42:55","date_gmt":"2023-06-03T10:52:14","guid":{"rendered":"https:\/\/landioustravel.com\/?post_type=product&#038;p=143214"},"modified":"2023-06-21T07:49:38","modified_gmt":"2023-06-21T05:49:38","slug":"viaje-mini-egypt-park-hurghada","status":"publish","type":"product","link":"https:\/\/landioustravel.com\/es\/shop\/viaje-mini-egypt-park-hurghada\/","title":{"rendered":"Viaje Mini Egypt Park desde Hurghada"},"content":{"rendered":"<p>El viaje Mini Egypt Park desde Hurghada te permitir\u00e1 visitar las atracciones de Egipto en miniatura. Mini Egypt Park en Hurghada ofrece alrededor de 60 obras de arte de imanes de la historia antigua y contempor\u00e1nea de Egipto como r\u00e9plicas a escala. \u00a1El Mini Egypt Park es una obra maestra donde puedes obtener una experiencia maravillosa para toda la familia!<\/p>\n<p>Si a\u00fan no ha estado en lugares de inter\u00e9s conocidos, aprovecha la posibilidad de ver todas las ciudades famosas de Egipto que vale la pena ver en el Mini Egypt Park. \u00a1En este parque, puedes visitar todos tus lugares tur\u00edsticos favoritos en un d\u00eda y en un solo lugar! Recomendamos encarecidamente este viaje para familias y aquellos que no tienen la oportunidad de viajar lejos.<\/p>\n<p>El Mini Egypt Park es un sitio abierto donde se muestran r\u00e9plicas de todas las atracciones egipcias. El parque te ofrece una experiencia completamente diferente a la de un museo tradicional. Te lleva en un viaje entretenido a trav\u00e9s de las principales atracciones de Egipto. Por supuesto, puede maravillarse con las pir\u00e1mides de las pir\u00e1mides de Giza, los templos de Luxor y Karnak, Abu Simbel, Saqqara y Sphinx.<\/p>\n<p>El parque muestra r\u00e9plicas de monumentos hist\u00f3ricos y te fascinar\u00e1 con edificios contempor\u00e1neos como la Torre de El Cairo. Las innumerables imitaciones son el resultado del excelente trabajo de artistas seleccionados. Cada una de estas obras de arte tiene su propia historia de c\u00f3mo se convirti\u00f3 en parte de la gran colecci\u00f3n del Mini Egypt Park.<\/p>\n<p>Sin embargo, el parque no solo es adecuado para viajes con ni\u00f1os, sino que tambi\u00e9n obtendr\u00e1 el valor de su dinero como adulto. El espacio cuidadosamente dise\u00f1ado le permite relajarse y maravillarse con los edificios y monumentos milenarios de Egipto. Es un cambio significativo de su vida cotidiana en su hotel cerca de Hurghada.<\/p>\n<h2>Aspectos destacados del Mini Egypt Park Hurghada<\/h2>\n<ul>\n<li>Date un paseo por Egipto en miniatura.<\/li>\n<li>Vea modelos a escala de monumentos ic\u00f3nicos como las pir\u00e1mides de Giza.<\/li>\n<li>Adem\u00e1s, disfruta de una jornada apta para todas las edades.<\/li>\n<\/ul>\n<h2>Programa del Viaje Mini Egypt Park desde Hurghada<\/h2>\n<ul>\n<li>Recogida: alrededor de las 13:30 a. m. (dependiendo de la ubicaci\u00f3n de su hotel en Hurghada).<\/li>\n<li>Vea los monumentos hist\u00f3ricos y las atracciones tur\u00edsticas m\u00e1s populares de Egipto en miniatura en una visita guiada de 4 horas por el museo al aire libre Mini Egypt Park. Viaja a trav\u00e9s de la historia de Egipto mientras encuentras modelos a escala de estructuras ic\u00f3nicas como las pir\u00e1mides, la Gran Esfinge de Giza y la Iglesia Bas\u00edlica de Heli\u00f3polis.<\/li>\n<li>Aproveche la oportunidad de caminar desde El Cairo hasta Luxor en solo unos minutos mientras pasea entre la colecci\u00f3n de 60 obras de arte. Aprende c\u00f3mo el Mini Egypt Park cobr\u00f3 vida mientras te encuentras con modelos del Templo de Abu Simbel, la Presa de Asu\u00e1n, el Templo de Edfu y m\u00e1s.<\/li>\n<li>Entrega: Alrededor de las 4:30 p.m. (el mismo d\u00eda).<\/li>\n<\/ul>\n<p>&nbsp;<\/p>\n<h2>\u00bfQu\u00e9 incluye el precio de un viaje a Mini Egypt Park Hurghada?<\/h2>\n<ol>\n<li>Recogida y regreso al hotel.<\/li>\n<li>Precio de la entrada al parque Mini Egypt.<\/li>\n<li>Gu\u00eda de habla inglesa.<\/li>\n<li>El precio incluye todos los cargos por servicio e impuestos.<\/li>\n<li>Almuerzo en un restaurante de calidad.<\/li>\n<\/ol>\n<h2>\u00bfQu\u00e9 no incluye el precio del Viaje Mini Egypt Park Hurghada?<\/h2>\n<ul>\n<li>El precio no incluye ning\u00fan programa extra no mencionado en el programa anterior.<\/li>\n<li>Gastos personales.<\/li>\n<li>Adem\u00e1s, no incluye propinas.<\/li>\n<\/ul>\n<h2>\u00bfQu\u00e9 llevar contigo en el viaje?<\/h2>\n<ul>\n<li>Por favor, no olvide el equipo de fotograf\u00eda y video.<\/li>\n<li>Sombrero para el sol.<\/li>\n<li>Calzado adecuado y c\u00f3modo.<\/li>\n<li>Adem\u00e1s, traiga ropa abrigada de invierno, ropa suelta de verano y anteojos de sol.<\/li>\n<\/ul>\n<h2>D\u00edas de reserva del Viaje Mini Egypt Park desde Hurghada<\/h2>\n<ul>\n<li>Todos los d\u00edas de 13:00 a 17:00<\/li>\n<\/ul>\n","protected":false},"excerpt":{"rendered":"<p>Experimente la maravilla de Egipto en un recorrido lleno de diversi\u00f3n en Mini Egypt Park, donde podr\u00e1 maravillarse con los modelos a escala de monumentos famosos como la Gran Pir\u00e1mide de Giza y el Anfiteatro romano de Alejandr\u00eda. Con m\u00e1s de 60 impresionantes obras de arte para admirar, te sorprender\u00e1 la incre\u00edble atenci\u00f3n al detalle que se ha puesto en todas y cada una de las creaciones.<\/p>\n<p>Realice una visita guiada por este incre\u00edble parque y sum\u00e9rjase en la rica cultura e historia de Egipto. El precio de su boleto incluye transporte y admisi\u00f3n, por lo que todo lo que necesita hacer es sentarse, relajarse y disfrutar del viaje. Ya sea que est\u00e9 buscando un d\u00eda en familia o simplemente quiera explorar por su cuenta, Mini Egypt Park tiene algo para todos.<\/p>\n<p>Con los traslados en minib\u00fas de puerta a puerta, llegar a Mini Egypt Park no podr\u00eda ser m\u00e1s f\u00e1cil. Simplemente reserve en l\u00ednea y deje que nosotros nos encarguemos del resto. Una vez que llegue, tendr\u00e1 mucho tiempo libre para explorar el parque a su propio ritmo. Aseg\u00farese de traer su c\u00e1mara y tomar algunas fotos inolvidables de los modelos a escala ic\u00f3nicos, como las pir\u00e1mides de Giza, la Gran Esfinge y los impresionantes templos de Abu Simbel.<\/p>\n<p>Mini Egypt Park en Hurghada es una atracci\u00f3n imperdible para cualquiera que visite Egipto. Con m\u00e1s de 50 incre\u00edbles modelos en exhibici\u00f3n, te sentir\u00e1s como un gigante mientras caminas entre estas incre\u00edbles obras de arte. Este museo al aire libre es una verdadera joya y un cat\u00e1logo vivo de las principales atracciones tur\u00edsticas de Egipto. As\u00ed que ven y descubre todo lo que este incre\u00edble pa\u00eds tiene para ofrecer, \u00a1todo en un solo lugar!<\/p>\n","protected":false},"featured_media":61259,"comment_status":"open","ping_status":"closed","template":"","meta":{"_coblocks_attr":"","_coblocks_dimensions":"","_coblocks_responsive_height":"","_coblocks_accordion_ie_support":"","_uag_custom_page_level_css":"","jetpack_post_was_ever_published":false,"jetpack_publicize_message":"","jetpack_publicize_feature_enabled":true,"jetpack_social_post_already_shared":true,"jetpack_social_options":{"image_generator_settings":{"template":"highway","default_image_id":0,"font":"","enabled":false},"version":2},"_wpas_customize_per_network":false},"product_brand":[],"product_cat":[1787,1785],"product_tag":[1797,2147,1808,2111],"class_list":{"0":"post-143214","1":"product","2":"type-product","3":"status-publish","4":"has-post-thumbnail","6":"product_cat-excursiones-entretenidas-hurghada","7":"product_cat-excursiones-en-hurghada","8":"product_tag-excursion-es","9":"product_tag-excursiones-desde-hurghada","10":"product_tag-hurghada-es","11":"product_tag-visita-de-la-ciudad","12":"pa_age-el-adulto","13":"pa_age-nino-1-4-anos","14":"pa_age-nino-5-11-anos","16":"first","17":"instock","18":"sale","19":"taxable","20":"shipping-taxable","21":"purchasable","22":"product-type-variable"},"yoast_head":"<!-- This site is optimized with the Yoast SEO Premium plugin v26.9 (Yoast SEO v27.3) - https:\/\/yoast.com\/product\/yoast-seo-premium-wordpress\/ -->\n<title>Viaje Mini Egypt Park desde Hurghada<\/title>\n<meta name=\"description\" content=\"Viaje Mini Egypt Park desde Hurghada Las alrededor de sesenta obras de arte te impresionar\u00e1n ya que fueron dise\u00f1adas con mucho detalle.\" \/>\n<meta name=\"robots\" content=\"index, follow, max-snippet:-1, max-image-preview:large, max-video-preview:-1\" \/>\n<link rel=\"canonical\" href=\"https:\/\/landioustravel.com\/es\/shop\/viaje-mini-egypt-park-hurghada\/\" \/>\n<meta property=\"og:locale\" content=\"es_ES\" \/>\n<meta property=\"og:type\" content=\"article\" \/>\n<meta property=\"og:title\" content=\"Viaje Mini Egypt Park desde Hurghada\" \/>\n<meta property=\"og:description\" content=\"Landious Travel\" \/>\n<meta property=\"og:url\" content=\"https:\/\/landioustravel.com\/es\/shop\/viaje-mini-egypt-park-hurghada\/\" \/>\n<meta property=\"og:site_name\" content=\"Landious Travel\" \/>\n<meta property=\"article:publisher\" content=\"https:\/\/web.facebook.com\/landiousEgypt\" \/>\n<meta property=\"article:modified_time\" content=\"2023-06-21T05:49:38+00:00\" \/>\n<meta property=\"og:image\" content=\"https:\/\/i0.wp.com\/landioustravel.com\/wp-content\/uploads\/2022\/01\/Mini-Egypt-Park-e1643027228889.webp?fit=1200%2C675&ssl=1\" \/>\n\t<meta property=\"og:image:width\" content=\"1200\" \/>\n\t<meta property=\"og:image:height\" content=\"675\" \/>\n\t<meta property=\"og:image:type\" content=\"image\/webp\" \/>\n<meta name=\"twitter:card\" content=\"summary_large_image\" \/>\n<meta name=\"twitter:site\" content=\"@LandiousTours\" \/>\n<meta name=\"twitter:label1\" content=\"Tiempo de lectura\" \/>\n\t<meta name=\"twitter:data1\" content=\"3 minutos\" \/>\n<script type=\"application\/ld+json\" class=\"yoast-schema-graph\">{\"@context\":\"https:\\\/\\\/schema.org\",\"@graph\":[{\"@type\":\"WebPage\",\"@id\":\"https:\\\/\\\/landioustravel.com\\\/es\\\/shop\\\/viaje-mini-egypt-park-hurghada\\\/\",\"url\":\"https:\\\/\\\/landioustravel.com\\\/es\\\/shop\\\/viaje-mini-egypt-park-hurghada\\\/\",\"name\":\"Viaje Mini Egypt Park desde Hurghada\",\"isPartOf\":{\"@id\":\"https:\\\/\\\/landioustravel.com\\\/es\\\/#website\"},\"primaryImageOfPage\":{\"@id\":\"https:\\\/\\\/landioustravel.com\\\/es\\\/shop\\\/viaje-mini-egypt-park-hurghada\\\/#primaryimage\"},\"image\":{\"@id\":\"https:\\\/\\\/landioustravel.com\\\/es\\\/shop\\\/viaje-mini-egypt-park-hurghada\\\/#primaryimage\"},\"thumbnailUrl\":\"https:\\\/\\\/i0.wp.com\\\/landioustravel.com\\\/wp-content\\\/uploads\\\/2022\\\/01\\\/Mini-Egypt-Park-e1643027228889.webp?fit=1200%2C675&ssl=1\",\"datePublished\":\"2023-06-03T10:52:14+00:00\",\"dateModified\":\"2023-06-21T05:49:38+00:00\",\"description\":\"Viaje Mini Egypt Park desde Hurghada Las alrededor de sesenta obras de arte te impresionar\u00e1n ya que fueron dise\u00f1adas con mucho detalle.\",\"breadcrumb\":{\"@id\":\"https:\\\/\\\/landioustravel.com\\\/es\\\/shop\\\/viaje-mini-egypt-park-hurghada\\\/#breadcrumb\"},\"inLanguage\":\"es\",\"potentialAction\":[{\"@type\":\"ReadAction\",\"target\":[\"https:\\\/\\\/landioustravel.com\\\/es\\\/shop\\\/viaje-mini-egypt-park-hurghada\\\/\"]}]},{\"@type\":\"ImageObject\",\"inLanguage\":\"es\",\"@id\":\"https:\\\/\\\/landioustravel.com\\\/es\\\/shop\\\/viaje-mini-egypt-park-hurghada\\\/#primaryimage\",\"url\":\"https:\\\/\\\/i0.wp.com\\\/landioustravel.com\\\/wp-content\\\/uploads\\\/2022\\\/01\\\/Mini-Egypt-Park-e1643027228889.webp?fit=1200%2C675&ssl=1\",\"contentUrl\":\"https:\\\/\\\/i0.wp.com\\\/landioustravel.com\\\/wp-content\\\/uploads\\\/2022\\\/01\\\/Mini-Egypt-Park-e1643027228889.webp?fit=1200%2C675&ssl=1\",\"width\":1200,\"height\":675,\"caption\":\"Mini Egypt Park\"},{\"@type\":\"BreadcrumbList\",\"@id\":\"https:\\\/\\\/landioustravel.com\\\/es\\\/shop\\\/viaje-mini-egypt-park-hurghada\\\/#breadcrumb\",\"itemListElement\":[{\"@type\":\"ListItem\",\"position\":1,\"name\":\"Home\",\"item\":\"https:\\\/\\\/landioustravel.com\\\/es\\\/\"},{\"@type\":\"ListItem\",\"position\":2,\"name\":\"Servicios y Tours\",\"item\":\"https:\\\/\\\/landioustravel.com\\\/es\\\/\"},{\"@type\":\"ListItem\",\"position\":3,\"name\":\"Viaje Mini Egypt Park desde Hurghada\"}]},{\"@type\":\"WebSite\",\"@id\":\"https:\\\/\\\/landioustravel.com\\\/es\\\/#website\",\"url\":\"https:\\\/\\\/landioustravel.com\\\/es\\\/\",\"name\":\"Landious Travel\",\"description\":\"Tours and Excursions in Egypt\",\"publisher\":{\"@id\":\"https:\\\/\\\/landioustravel.com\\\/es\\\/#organization\"},\"potentialAction\":[{\"@type\":\"SearchAction\",\"target\":{\"@type\":\"EntryPoint\",\"urlTemplate\":\"https:\\\/\\\/landioustravel.com\\\/es\\\/?s={search_term_string}\"},\"query-input\":{\"@type\":\"PropertyValueSpecification\",\"valueRequired\":true,\"valueName\":\"search_term_string\"}}],\"inLanguage\":\"es\"},{\"@type\":[\"Organization\",\"Place\"],\"@id\":\"https:\\\/\\\/landioustravel.com\\\/es\\\/#organization\",\"name\":\"Landious Travel\",\"alternateName\":\"Landious Travel\",\"url\":\"https:\\\/\\\/landioustravel.com\\\/es\\\/\",\"logo\":{\"@id\":\"https:\\\/\\\/landioustravel.com\\\/es\\\/shop\\\/viaje-mini-egypt-park-hurghada\\\/#local-main-organization-logo\"},\"image\":{\"@id\":\"https:\\\/\\\/landioustravel.com\\\/es\\\/shop\\\/viaje-mini-egypt-park-hurghada\\\/#local-main-organization-logo\"},\"sameAs\":[\"https:\\\/\\\/web.facebook.com\\\/landiousEgypt\",\"https:\\\/\\\/x.com\\\/LandiousTours\",\"https:\\\/\\\/mastodon.social\\\/@landious\"],\"legalName\":\"Landious Travel\",\"telephone\":[],\"openingHoursSpecification\":[{\"@type\":\"OpeningHoursSpecification\",\"dayOfWeek\":[\"Monday\",\"Tuesday\",\"Wednesday\",\"Thursday\",\"Friday\",\"Saturday\",\"Sunday\"],\"opens\":\"09:00\",\"closes\":\"17:00\"}]},{\"@type\":\"ImageObject\",\"inLanguage\":\"es\",\"@id\":\"https:\\\/\\\/landioustravel.com\\\/es\\\/shop\\\/viaje-mini-egypt-park-hurghada\\\/#local-main-organization-logo\",\"url\":\"https:\\\/\\\/i0.wp.com\\\/landioustravel.com\\\/wp-content\\\/uploads\\\/2021\\\/06\\\/Landious-T.png?fit=500%2C500&ssl=1\",\"contentUrl\":\"https:\\\/\\\/i0.wp.com\\\/landioustravel.com\\\/wp-content\\\/uploads\\\/2021\\\/06\\\/Landious-T.png?fit=500%2C500&ssl=1\",\"width\":500,\"height\":500,\"caption\":\"Landious Travel\"}]}<\/script>\n<!-- \/ Yoast SEO Premium plugin. -->","yoast_head_json":{"title":"Viaje Mini Egypt Park desde Hurghada","description":"Viaje Mini Egypt Park desde Hurghada Las alrededor de sesenta obras de arte te impresionar\u00e1n ya que fueron dise\u00f1adas con mucho detalle.","robots":{"index":"index","follow":"follow","max-snippet":"max-snippet:-1","max-image-preview":"max-image-preview:large","max-video-preview":"max-video-preview:-1"},"canonical":"https:\/\/landioustravel.com\/es\/shop\/viaje-mini-egypt-park-hurghada\/","og_locale":"es_ES","og_type":"article","og_title":"Viaje Mini Egypt Park desde Hurghada","og_description":"Landious Travel","og_url":"https:\/\/landioustravel.com\/es\/shop\/viaje-mini-egypt-park-hurghada\/","og_site_name":"Landious Travel","article_publisher":"https:\/\/web.facebook.com\/landiousEgypt","article_modified_time":"2023-06-21T05:49:38+00:00","og_image":[{"width":1200,"height":675,"url":"https:\/\/i0.wp.com\/landioustravel.com\/wp-content\/uploads\/2022\/01\/Mini-Egypt-Park-e1643027228889.webp?fit=1200%2C675&ssl=1","type":"image\/webp"}],"twitter_card":"summary_large_image","twitter_site":"@LandiousTours","twitter_misc":{"Tiempo de lectura":"3 minutos"},"schema":{"@context":"https:\/\/schema.org","@graph":[{"@type":"WebPage","@id":"https:\/\/landioustravel.com\/es\/shop\/viaje-mini-egypt-park-hurghada\/","url":"https:\/\/landioustravel.com\/es\/shop\/viaje-mini-egypt-park-hurghada\/","name":"Viaje Mini Egypt Park desde Hurghada","isPartOf":{"@id":"https:\/\/landioustravel.com\/es\/#website"},"primaryImageOfPage":{"@id":"https:\/\/landioustravel.com\/es\/shop\/viaje-mini-egypt-park-hurghada\/#primaryimage"},"image":{"@id":"https:\/\/landioustravel.com\/es\/shop\/viaje-mini-egypt-park-hurghada\/#primaryimage"},"thumbnailUrl":"https:\/\/i0.wp.com\/landioustravel.com\/wp-content\/uploads\/2022\/01\/Mini-Egypt-Park-e1643027228889.webp?fit=1200%2C675&ssl=1","datePublished":"2023-06-03T10:52:14+00:00","dateModified":"2023-06-21T05:49:38+00:00","description":"Viaje Mini Egypt Park desde Hurghada Las alrededor de sesenta obras de arte te impresionar\u00e1n ya que fueron dise\u00f1adas con mucho detalle.","breadcrumb":{"@id":"https:\/\/landioustravel.com\/es\/shop\/viaje-mini-egypt-park-hurghada\/#breadcrumb"},"inLanguage":"es","potentialAction":[{"@type":"ReadAction","target":["https:\/\/landioustravel.com\/es\/shop\/viaje-mini-egypt-park-hurghada\/"]}]},{"@type":"ImageObject","inLanguage":"es","@id":"https:\/\/landioustravel.com\/es\/shop\/viaje-mini-egypt-park-hurghada\/#primaryimage","url":"https:\/\/i0.wp.com\/landioustravel.com\/wp-content\/uploads\/2022\/01\/Mini-Egypt-Park-e1643027228889.webp?fit=1200%2C675&ssl=1","contentUrl":"https:\/\/i0.wp.com\/landioustravel.com\/wp-content\/uploads\/2022\/01\/Mini-Egypt-Park-e1643027228889.webp?fit=1200%2C675&ssl=1","width":1200,"height":675,"caption":"Mini Egypt Park"},{"@type":"BreadcrumbList","@id":"https:\/\/landioustravel.com\/es\/shop\/viaje-mini-egypt-park-hurghada\/#breadcrumb","itemListElement":[{"@type":"ListItem","position":1,"name":"Home","item":"https:\/\/landioustravel.com\/es\/"},{"@type":"ListItem","position":2,"name":"Servicios y Tours","item":"https:\/\/landioustravel.com\/es\/"},{"@type":"ListItem","position":3,"name":"Viaje Mini Egypt Park desde Hurghada"}]},{"@type":"WebSite","@id":"https:\/\/landioustravel.com\/es\/#website","url":"https:\/\/landioustravel.com\/es\/","name":"Landious Travel","description":"Tours and Excursions in Egypt","publisher":{"@id":"https:\/\/landioustravel.com\/es\/#organization"},"potentialAction":[{"@type":"SearchAction","target":{"@type":"EntryPoint","urlTemplate":"https:\/\/landioustravel.com\/es\/?s={search_term_string}"},"query-input":{"@type":"PropertyValueSpecification","valueRequired":true,"valueName":"search_term_string"}}],"inLanguage":"es"},{"@type":["Organization","Place"],"@id":"https:\/\/landioustravel.com\/es\/#organization","name":"Landious Travel","alternateName":"Landious Travel","url":"https:\/\/landioustravel.com\/es\/","logo":{"@id":"https:\/\/landioustravel.com\/es\/shop\/viaje-mini-egypt-park-hurghada\/#local-main-organization-logo"},"image":{"@id":"https:\/\/landioustravel.com\/es\/shop\/viaje-mini-egypt-park-hurghada\/#local-main-organization-logo"},"sameAs":["https:\/\/web.facebook.com\/landiousEgypt","https:\/\/x.com\/LandiousTours","https:\/\/mastodon.social\/@landious"],"legalName":"Landious Travel","telephone":[],"openingHoursSpecification":[{"@type":"OpeningHoursSpecification","dayOfWeek":["Monday","Tuesday","Wednesday","Thursday","Friday","Saturday","Sunday"],"opens":"09:00","closes":"17:00"}]},{"@type":"ImageObject","inLanguage":"es","@id":"https:\/\/landioustravel.com\/es\/shop\/viaje-mini-egypt-park-hurghada\/#local-main-organization-logo","url":"https:\/\/i0.wp.com\/landioustravel.com\/wp-content\/uploads\/2021\/06\/Landious-T.png?fit=500%2C500&ssl=1","contentUrl":"https:\/\/i0.wp.com\/landioustravel.com\/wp-content\/uploads\/2021\/06\/Landious-T.png?fit=500%2C500&ssl=1","width":500,"height":500,"caption":"Landious Travel"}]}},"jetpack_publicize_connections":[],"uagb_featured_image_src":{"full":["https:\/\/i0.wp.com\/landioustravel.com\/wp-content\/uploads\/2022\/01\/Mini-Egypt-Park-e1643027228889.webp?fit=1200%2C675&ssl=1",1200,675,false],"thumbnail":["https:\/\/i0.wp.com\/landioustravel.com\/wp-content\/uploads\/2022\/01\/Mini-Egypt-Park-e1643027228889.webp?resize=150%2C150&ssl=1",150,150,true],"medium":["https:\/\/i0.wp.com\/landioustravel.com\/wp-content\/uploads\/2022\/01\/Mini-Egypt-Park-e1643027228889.webp?fit=300%2C169&ssl=1",300,169,true],"medium_large":["https:\/\/i0.wp.com\/landioustravel.com\/wp-content\/uploads\/2022\/01\/Mini-Egypt-Park-e1643027228889.webp?fit=768%2C432&ssl=1",768,432,true],"large":["https:\/\/i0.wp.com\/landioustravel.com\/wp-content\/uploads\/2022\/01\/Mini-Egypt-Park-e1643027228889.webp?fit=980%2C551&ssl=1",980,551,true],"1536x1536":["https:\/\/i0.wp.com\/landioustravel.com\/wp-content\/uploads\/2022\/01\/Mini-Egypt-Park-e1643027228889.webp?fit=1200%2C675&ssl=1",1200,675,true],"2048x2048":["https:\/\/i0.wp.com\/landioustravel.com\/wp-content\/uploads\/2022\/01\/Mini-Egypt-Park-e1643027228889.webp?fit=1200%2C675&ssl=1",1200,675,true],"newspack-article-block-landscape-large":["https:\/\/i0.wp.com\/landioustravel.com\/wp-content\/uploads\/2022\/01\/Mini-Egypt-Park-e1643027228889.webp?resize=1200%2C675&ssl=1",1200,675,true],"newspack-article-block-portrait-large":["https:\/\/i0.wp.com\/landioustravel.com\/wp-content\/uploads\/2022\/01\/Mini-Egypt-Park-e1643027228889.webp?resize=900%2C675&ssl=1",900,675,true],"newspack-article-block-square-large":["https:\/\/i0.wp.com\/landioustravel.com\/wp-content\/uploads\/2022\/01\/Mini-Egypt-Park-e1643027228889.webp?resize=1200%2C675&ssl=1",1200,675,true],"newspack-article-block-landscape-medium":["https:\/\/i0.wp.com\/landioustravel.com\/wp-content\/uploads\/2022\/01\/Mini-Egypt-Park-e1643027228889.webp?resize=800%2C600&ssl=1",800,600,true],"newspack-article-block-portrait-medium":["https:\/\/i0.wp.com\/landioustravel.com\/wp-content\/uploads\/2022\/01\/Mini-Egypt-Park-e1643027228889.webp?resize=600%2C675&ssl=1",600,675,true],"newspack-article-block-square-medium":["https:\/\/i0.wp.com\/landioustravel.com\/wp-content\/uploads\/2022\/01\/Mini-Egypt-Park-e1643027228889.webp?resize=800%2C675&ssl=1",800,675,true],"newspack-article-block-landscape-intermediate":["https:\/\/i0.wp.com\/landioustravel.com\/wp-content\/uploads\/2022\/01\/Mini-Egypt-Park-e1643027228889.webp?resize=600%2C450&ssl=1",600,450,true],"newspack-article-block-portrait-intermediate":["https:\/\/i0.wp.com\/landioustravel.com\/wp-content\/uploads\/2022\/01\/Mini-Egypt-Park-e1643027228889.webp?resize=450%2C600&ssl=1",450,600,true],"newspack-article-block-square-intermediate":["https:\/\/i0.wp.com\/landioustravel.com\/wp-content\/uploads\/2022\/01\/Mini-Egypt-Park-e1643027228889.webp?resize=600%2C600&ssl=1",600,600,true],"newspack-article-block-landscape-small":["https:\/\/i0.wp.com\/landioustravel.com\/wp-content\/uploads\/2022\/01\/Mini-Egypt-Park-e1643027228889.webp?resize=400%2C300&ssl=1",400,300,true],"newspack-article-block-portrait-small":["https:\/\/i0.wp.com\/landioustravel.com\/wp-content\/uploads\/2022\/01\/Mini-Egypt-Park-e1643027228889.webp?resize=300%2C400&ssl=1",300,400,true],"newspack-article-block-square-small":["https:\/\/i0.wp.com\/landioustravel.com\/wp-content\/uploads\/2022\/01\/Mini-Egypt-Park-e1643027228889.webp?resize=400%2C400&ssl=1",400,400,true],"newspack-article-block-landscape-tiny":["https:\/\/i0.wp.com\/landioustravel.com\/wp-content\/uploads\/2022\/01\/Mini-Egypt-Park-e1643027228889.webp?resize=200%2C150&ssl=1",200,150,true],"newspack-article-block-portrait-tiny":["https:\/\/i0.wp.com\/landioustravel.com\/wp-content\/uploads\/2022\/01\/Mini-Egypt-Park-e1643027228889.webp?resize=150%2C200&ssl=1",150,200,true],"newspack-article-block-square-tiny":["https:\/\/i0.wp.com\/landioustravel.com\/wp-content\/uploads\/2022\/01\/Mini-Egypt-Park-e1643027228889.webp?resize=200%2C200&ssl=1",200,200,true],"newspack-article-block-uncropped":["https:\/\/i0.wp.com\/landioustravel.com\/wp-content\/uploads\/2022\/01\/Mini-Egypt-Park-e1643027228889.webp?fit=1200%2C675&ssl=1",1200,675,true],"woocommerce_thumbnail":["https:\/\/i0.wp.com\/landioustravel.com\/wp-content\/uploads\/2022\/01\/Mini-Egypt-Park-e1643027228889.webp?resize=324%2C324&ssl=1",324,324,true],"woocommerce_single":["https:\/\/i0.wp.com\/landioustravel.com\/wp-content\/uploads\/2022\/01\/Mini-Egypt-Park-e1643027228889.webp?fit=416%2C234&ssl=1",416,234,true],"woocommerce_gallery_thumbnail":["https:\/\/i0.wp.com\/landioustravel.com\/wp-content\/uploads\/2022\/01\/Mini-Egypt-Park-e1643027228889.webp?resize=100%2C100&ssl=1",100,100,true]},"uagb_author_info":{"display_name":"Mofreh Landious","author_link":"https:\/\/landioustravel.com\/es\/author\/"},"uagb_comment_info":0,"uagb_excerpt":"Experimente la maravilla de Egipto en un recorrido lleno de diversi\u00f3n en Mini Egypt Park, donde podr\u00e1 maravillarse con los modelos a escala de monumentos famosos como la Gran Pir\u00e1mide de Giza y el Anfiteatro romano de Alejandr\u00eda. Con m\u00e1s de 60 impresionantes obras de arte para admirar, te sorprender\u00e1 la incre\u00edble atenci\u00f3n al detalle&hellip;","jetpack_sharing_enabled":true,"jetpack_likes_enabled":true,"amp_enabled":true,"_links":{"self":[{"href":"https:\/\/landioustravel.com\/es\/wp-json\/wp\/v2\/product\/143214","targetHints":{"allow":["GET"]}}],"collection":[{"href":"https:\/\/landioustravel.com\/es\/wp-json\/wp\/v2\/product"}],"about":[{"href":"https:\/\/landioustravel.com\/es\/wp-json\/wp\/v2\/types\/product"}],"replies":[{"embeddable":true,"href":"https:\/\/landioustravel.com\/es\/wp-json\/wp\/v2\/comments?post=143214"}],"wp:featuredmedia":[{"embeddable":true,"href":"https:\/\/landioustravel.com\/es\/wp-json\/wp\/v2\/media\/61259"}],"wp:attachment":[{"href":"https:\/\/landioustravel.com\/es\/wp-json\/wp\/v2\/media?parent=143214"}],"wp:term":[{"taxonomy":"product_brand","embeddable":true,"href":"https:\/\/landioustravel.com\/es\/wp-json\/wp\/v2\/product_brand?post=143214"},{"taxonomy":"product_cat","embeddable":true,"href":"https:\/\/landioustravel.com\/es\/wp-json\/wp\/v2\/product_cat?post=143214"},{"taxonomy":"product_tag","embeddable":true,"href":"https:\/\/landioustravel.com\/es\/wp-json\/wp\/v2\/product_tag?post=143214"}],"curies":[{"name":"wp","href":"https:\/\/api.w.org\/{rel}","templated":true}]}}