{"id":143225,"date":"2021-12-28T18:45:42","date_gmt":"2023-05-27T02:01:23","guid":{"rendered":"https:\/\/landioustravel.com\/?post_type=product&#038;p=143225"},"modified":"2024-04-13T18:52:14","modified_gmt":"2024-04-13T16:52:14","slug":"viaje-wadi-weshwash-sharm","status":"publish","type":"product","link":"https:\/\/landioustravel.com\/es\/shop\/viaje-wadi-weshwash-sharm\/","title":{"rendered":"Viaje a Wadi El Weshwash Sharm"},"content":{"rendered":"<p>\u00bfEst\u00e1s buscando una aventura en el Sina\u00ed? \u00a1Es hora de usar zapatos c\u00f3modos y dirigirse a Wadi El Weshwash! Recomendamos encarecidamente el viaje a Wadi El Weshwash desde <a href=\"https:\/\/landioustravel.com\/es\/egipto\/pueblos-egipcios\/gobernacion-sur-sinai\/ciudad-sharm-sheikh\/\">Sharm El Sheikh<\/a>. Wadi El Weshwash Trip Sharm es un tour de safari de un d\u00eda en un jeep 4\u00d74 para disfrutar del desierto de Sina desde Sharm El Sheikh.<\/p>\n<p>Disfrutar\u00e1 de un recorrido a pie por el valle con la vista de rocas coloridas y manantiales de agua pura. Estar acompa\u00f1ado por un gu\u00eda local seguir\u00e1 siendo una actividad emocionante y segura.<\/p>\n<h2>Programa del viaje a Wadi El Weshwash desde Sharm El Sheikh<\/h2>\n<ul>\n<li>Comienza a las 09:00 am desde Sharm El Sheikh.<\/li>\n<li>Adem\u00e1s, conduzca en jeep hasta el Ca\u00f1\u00f3n de Salama y luego camine durante 1 hora.<\/li>\n<li>Luego conduzca durante 40 minutos para ver Wadi al-Weshwashy. Es un hermoso lugar con tres manantiales de agua formados despu\u00e9s de siglos de lluvia acumulada en los pliegues de las monta\u00f1as; los manantiales de agua all\u00ed enclavados son c\u00e1lidos y precisos debido a las monta\u00f1as de granito.<\/li>\n<li>A trav\u00e9s de una dura caminata de 90 minutos cuesta arriba, a 150 metros sobre el nivel del agua, se puede contemplar y disfrutar de un manantial de agua de tres partes conocido como \u00abLago Verde\u00bb. Este lugar llena tu alma con los poderes puros de la naturaleza, llen\u00e1ndote de energ\u00eda para la ajetreada vida de la ciudad.<\/li>\n<li>Luego vas a Ras Shitan Camps.<\/li>\n<li>Conducir de regreso a Dahab a Three Pools, dar un paseo en camello en la playa del golfo de Aqaba, hacer snorkel durante dos horas, incluido un refresco en la tienda, y luego almorzar.<\/li>\n<li>Haga un recorrido por la ciudad del mejor lugar en Dahab para ir de compras.<\/li>\n<li>Regreso a Sharm El Sheikh a las 18:00.<\/li>\n<\/ul>\n<h2>\u00bfQu\u00e9 incluye el precio del Viaje a Wadi el Weshwash?<\/h2>\n<ul>\n<li>Servicios de recogida en su hotel y regreso.<\/li>\n<li>Todos los traslados en Jeep 4\u00d74 climatizado<\/li>\n<li>gu\u00eda de habla inglesa<\/li>\n<li>Almuerzo durante su viaje.<\/li>\n<li>Agua embotellada a bordo del Jeep<\/li>\n<li>t\u00e9 beduino<\/li>\n<\/ul>\n<h2>\u00bfQu\u00e9 no incluye el precio del Viaje a Wadi el Weshwash?<\/h2>\n<ul>\n<li>Bebidas adicionales<\/li>\n<li>Cualquier extra no mencionado en el itinerario.<\/li>\n<li>Gastos personales<\/li>\n<\/ul>\n","protected":false},"excerpt":{"rendered":"<p>Prep\u00e1rese para una aventura inolvidable en Weshwash Valley, ubicado en el coraz\u00f3n de Nuwebia. Este impresionante oasis alberga el impresionante manantial Weshwash, rodeado de vibrantes formaciones de arenisca. Sum\u00e9rjase en la belleza natural de este impresionante destino. S\u00fabete a un jeep 4\u00d74 y explora el vasto desierto antes de embarcarte en un paseo panor\u00e1mico por el valle. Tome un refrescante chapuz\u00f3n en las aguas cristalinas de Weshwash Spring. Luego, dir\u00edgete a Dahab para disfrutar de un delicioso almuerzo. El viaje a Wadi El Weshwash es absolutamente imprescindible y una de las excursiones m\u00e1s populares disponibles. No se pierda esta aventura de un d\u00eda completo que cuenta con algunas de las vistas m\u00e1s impresionantes del impresionante Peque\u00f1o Ca\u00f1\u00f3n Coloreado, Wadi al-Weshwashy. Con tres nacimientos de agua y una relaci\u00f3n calidad-precio inmejorable, este viaje seguramente superar\u00e1 todas sus expectativas.<\/p>\n","protected":false},"featured_media":61163,"comment_status":"open","ping_status":"closed","template":"","meta":{"_coblocks_attr":"","_coblocks_dimensions":"","_coblocks_responsive_height":"","_coblocks_accordion_ie_support":"","_uag_custom_page_level_css":"","jetpack_post_was_ever_published":false,"jetpack_publicize_message":"","jetpack_publicize_feature_enabled":true,"jetpack_social_post_already_shared":true,"jetpack_social_options":{"image_generator_settings":{"template":"highway","default_image_id":0,"font":"","enabled":false},"version":2},"_wpas_customize_per_network":false},"product_brand":[],"product_cat":[1792,19123],"product_tag":[1799,1797,1798,1834,1826],"class_list":{"0":"post-143225","1":"product","2":"type-product","3":"status-publish","4":"has-post-thumbnail","6":"product_cat-excursiones-sharm-el-sheikh","7":"product_cat-tours-safari-sharm-el-sheikh","8":"product_tag-snorkel","9":"product_tag-excursion-es","10":"product_tag-mar","11":"product_tag-safari-es","12":"product_tag-safari-en-jeep","13":"pa_age-el-adulto","14":"pa_age-nino-1-4-anos","15":"pa_age-nino-5-11-anos","17":"first","18":"instock","19":"sale","20":"taxable","21":"shipping-taxable","22":"purchasable","23":"product-type-variable"},"yoast_head":"<!-- This site is optimized with the Yoast SEO Premium plugin v26.9 (Yoast SEO v27.3) - https:\/\/yoast.com\/product\/yoast-seo-premium-wordpress\/ -->\n<title>Viaje a Wadi El Weshwash Sharm<\/title>\n<meta name=\"description\" content=\"Viaje a Wadi El Weshwash Sharm Prep\u00e1rese para una aventura inolvidable en Weshwash Valley, ubicado en el coraz\u00f3n de Nuwebia. Este impresionante oasis\" \/>\n<meta name=\"robots\" content=\"index, follow, max-snippet:-1, max-image-preview:large, max-video-preview:-1\" \/>\n<link rel=\"canonical\" href=\"https:\/\/landioustravel.com\/es\/shop\/viaje-wadi-weshwash-sharm\/\" \/>\n<meta property=\"og:locale\" content=\"es_ES\" \/>\n<meta property=\"og:type\" content=\"article\" \/>\n<meta property=\"og:title\" content=\"Viaje a Wadi El Weshwash Sharm\" \/>\n<meta property=\"og:description\" content=\"Landious Travel\" \/>\n<meta property=\"og:url\" content=\"https:\/\/landioustravel.com\/es\/shop\/viaje-wadi-weshwash-sharm\/\" \/>\n<meta property=\"og:site_name\" content=\"Landious Travel\" \/>\n<meta property=\"article:publisher\" content=\"https:\/\/web.facebook.com\/landiousEgypt\" \/>\n<meta property=\"article:modified_time\" content=\"2024-04-13T16:52:14+00:00\" \/>\n<meta property=\"og:image\" content=\"https:\/\/i0.wp.com\/landioustravel.com\/wp-content\/uploads\/2021\/12\/Wadi-el-Weshwash-Trip-e1642117120420.jpg?fit=1200%2C675&ssl=1\" \/>\n\t<meta property=\"og:image:width\" content=\"1200\" \/>\n\t<meta property=\"og:image:height\" content=\"675\" \/>\n\t<meta property=\"og:image:type\" content=\"image\/jpeg\" \/>\n<meta name=\"twitter:card\" content=\"summary_large_image\" \/>\n<meta name=\"twitter:site\" content=\"@LandiousTours\" \/>\n<meta name=\"twitter:label1\" content=\"Tiempo de lectura\" \/>\n\t<meta name=\"twitter:data1\" content=\"2 minutos\" \/>\n<script type=\"application\/ld+json\" class=\"yoast-schema-graph\">{\"@context\":\"https:\\\/\\\/schema.org\",\"@graph\":[{\"@type\":\"WebPage\",\"@id\":\"https:\\\/\\\/landioustravel.com\\\/es\\\/shop\\\/viaje-wadi-weshwash-sharm\\\/\",\"url\":\"https:\\\/\\\/landioustravel.com\\\/es\\\/shop\\\/viaje-wadi-weshwash-sharm\\\/\",\"name\":\"Viaje a Wadi El Weshwash Sharm\",\"isPartOf\":{\"@id\":\"https:\\\/\\\/landioustravel.com\\\/es\\\/#website\"},\"primaryImageOfPage\":{\"@id\":\"https:\\\/\\\/landioustravel.com\\\/es\\\/shop\\\/viaje-wadi-weshwash-sharm\\\/#primaryimage\"},\"image\":{\"@id\":\"https:\\\/\\\/landioustravel.com\\\/es\\\/shop\\\/viaje-wadi-weshwash-sharm\\\/#primaryimage\"},\"thumbnailUrl\":\"https:\\\/\\\/i0.wp.com\\\/landioustravel.com\\\/wp-content\\\/uploads\\\/2021\\\/12\\\/Wadi-el-Weshwash-Trip-e1642117120420.jpg?fit=1200%2C675&ssl=1\",\"datePublished\":\"2023-05-27T02:01:23+00:00\",\"dateModified\":\"2024-04-13T16:52:14+00:00\",\"description\":\"Viaje a Wadi El Weshwash Sharm Prep\u00e1rese para una aventura inolvidable en Weshwash Valley, ubicado en el coraz\u00f3n de Nuwebia. Este impresionante oasis\",\"breadcrumb\":{\"@id\":\"https:\\\/\\\/landioustravel.com\\\/es\\\/shop\\\/viaje-wadi-weshwash-sharm\\\/#breadcrumb\"},\"inLanguage\":\"es\",\"potentialAction\":[{\"@type\":\"ReadAction\",\"target\":[\"https:\\\/\\\/landioustravel.com\\\/es\\\/shop\\\/viaje-wadi-weshwash-sharm\\\/\"]}]},{\"@type\":\"ImageObject\",\"inLanguage\":\"es\",\"@id\":\"https:\\\/\\\/landioustravel.com\\\/es\\\/shop\\\/viaje-wadi-weshwash-sharm\\\/#primaryimage\",\"url\":\"https:\\\/\\\/i0.wp.com\\\/landioustravel.com\\\/wp-content\\\/uploads\\\/2021\\\/12\\\/Wadi-el-Weshwash-Trip-e1642117120420.jpg?fit=1200%2C675&ssl=1\",\"contentUrl\":\"https:\\\/\\\/i0.wp.com\\\/landioustravel.com\\\/wp-content\\\/uploads\\\/2021\\\/12\\\/Wadi-el-Weshwash-Trip-e1642117120420.jpg?fit=1200%2C675&ssl=1\",\"width\":1200,\"height\":675,\"caption\":\"Wadi el-Weshwash Trip\"},{\"@type\":\"BreadcrumbList\",\"@id\":\"https:\\\/\\\/landioustravel.com\\\/es\\\/shop\\\/viaje-wadi-weshwash-sharm\\\/#breadcrumb\",\"itemListElement\":[{\"@type\":\"ListItem\",\"position\":1,\"name\":\"Home\",\"item\":\"https:\\\/\\\/landioustravel.com\\\/es\\\/\"},{\"@type\":\"ListItem\",\"position\":2,\"name\":\"Servicios y Tours\",\"item\":\"https:\\\/\\\/landioustravel.com\\\/es\\\/\"},{\"@type\":\"ListItem\",\"position\":3,\"name\":\"Viaje a Wadi El Weshwash Sharm\"}]},{\"@type\":\"WebSite\",\"@id\":\"https:\\\/\\\/landioustravel.com\\\/es\\\/#website\",\"url\":\"https:\\\/\\\/landioustravel.com\\\/es\\\/\",\"name\":\"Landious Travel\",\"description\":\"Tours and Excursions in Egypt\",\"publisher\":{\"@id\":\"https:\\\/\\\/landioustravel.com\\\/es\\\/#organization\"},\"potentialAction\":[{\"@type\":\"SearchAction\",\"target\":{\"@type\":\"EntryPoint\",\"urlTemplate\":\"https:\\\/\\\/landioustravel.com\\\/es\\\/?s={search_term_string}\"},\"query-input\":{\"@type\":\"PropertyValueSpecification\",\"valueRequired\":true,\"valueName\":\"search_term_string\"}}],\"inLanguage\":\"es\"},{\"@type\":[\"Organization\",\"Place\"],\"@id\":\"https:\\\/\\\/landioustravel.com\\\/es\\\/#organization\",\"name\":\"Landious Travel\",\"alternateName\":\"Landious Travel\",\"url\":\"https:\\\/\\\/landioustravel.com\\\/es\\\/\",\"logo\":{\"@id\":\"https:\\\/\\\/landioustravel.com\\\/es\\\/shop\\\/viaje-wadi-weshwash-sharm\\\/#local-main-organization-logo\"},\"image\":{\"@id\":\"https:\\\/\\\/landioustravel.com\\\/es\\\/shop\\\/viaje-wadi-weshwash-sharm\\\/#local-main-organization-logo\"},\"sameAs\":[\"https:\\\/\\\/web.facebook.com\\\/landiousEgypt\",\"https:\\\/\\\/x.com\\\/LandiousTours\",\"https:\\\/\\\/mastodon.social\\\/@landious\"],\"legalName\":\"Landious Travel\",\"telephone\":[],\"openingHoursSpecification\":[{\"@type\":\"OpeningHoursSpecification\",\"dayOfWeek\":[\"Monday\",\"Tuesday\",\"Wednesday\",\"Thursday\",\"Friday\",\"Saturday\",\"Sunday\"],\"opens\":\"09:00\",\"closes\":\"17:00\"}]},{\"@type\":\"ImageObject\",\"inLanguage\":\"es\",\"@id\":\"https:\\\/\\\/landioustravel.com\\\/es\\\/shop\\\/viaje-wadi-weshwash-sharm\\\/#local-main-organization-logo\",\"url\":\"https:\\\/\\\/i0.wp.com\\\/landioustravel.com\\\/wp-content\\\/uploads\\\/2021\\\/06\\\/Landious-T.png?fit=500%2C500&ssl=1\",\"contentUrl\":\"https:\\\/\\\/i0.wp.com\\\/landioustravel.com\\\/wp-content\\\/uploads\\\/2021\\\/06\\\/Landious-T.png?fit=500%2C500&ssl=1\",\"width\":500,\"height\":500,\"caption\":\"Landious Travel\"}]}<\/script>\n<!-- \/ Yoast SEO Premium plugin. -->","yoast_head_json":{"title":"Viaje a Wadi El Weshwash Sharm","description":"Viaje a Wadi El Weshwash Sharm Prep\u00e1rese para una aventura inolvidable en Weshwash Valley, ubicado en el coraz\u00f3n de Nuwebia. Este impresionante oasis","robots":{"index":"index","follow":"follow","max-snippet":"max-snippet:-1","max-image-preview":"max-image-preview:large","max-video-preview":"max-video-preview:-1"},"canonical":"https:\/\/landioustravel.com\/es\/shop\/viaje-wadi-weshwash-sharm\/","og_locale":"es_ES","og_type":"article","og_title":"Viaje a Wadi El Weshwash Sharm","og_description":"Landious Travel","og_url":"https:\/\/landioustravel.com\/es\/shop\/viaje-wadi-weshwash-sharm\/","og_site_name":"Landious Travel","article_publisher":"https:\/\/web.facebook.com\/landiousEgypt","article_modified_time":"2024-04-13T16:52:14+00:00","og_image":[{"width":1200,"height":675,"url":"https:\/\/i0.wp.com\/landioustravel.com\/wp-content\/uploads\/2021\/12\/Wadi-el-Weshwash-Trip-e1642117120420.jpg?fit=1200%2C675&ssl=1","type":"image\/jpeg"}],"twitter_card":"summary_large_image","twitter_site":"@LandiousTours","twitter_misc":{"Tiempo de lectura":"2 minutos"},"schema":{"@context":"https:\/\/schema.org","@graph":[{"@type":"WebPage","@id":"https:\/\/landioustravel.com\/es\/shop\/viaje-wadi-weshwash-sharm\/","url":"https:\/\/landioustravel.com\/es\/shop\/viaje-wadi-weshwash-sharm\/","name":"Viaje a Wadi El Weshwash Sharm","isPartOf":{"@id":"https:\/\/landioustravel.com\/es\/#website"},"primaryImageOfPage":{"@id":"https:\/\/landioustravel.com\/es\/shop\/viaje-wadi-weshwash-sharm\/#primaryimage"},"image":{"@id":"https:\/\/landioustravel.com\/es\/shop\/viaje-wadi-weshwash-sharm\/#primaryimage"},"thumbnailUrl":"https:\/\/i0.wp.com\/landioustravel.com\/wp-content\/uploads\/2021\/12\/Wadi-el-Weshwash-Trip-e1642117120420.jpg?fit=1200%2C675&ssl=1","datePublished":"2023-05-27T02:01:23+00:00","dateModified":"2024-04-13T16:52:14+00:00","description":"Viaje a Wadi El Weshwash Sharm Prep\u00e1rese para una aventura inolvidable en Weshwash Valley, ubicado en el coraz\u00f3n de Nuwebia. Este impresionante oasis","breadcrumb":{"@id":"https:\/\/landioustravel.com\/es\/shop\/viaje-wadi-weshwash-sharm\/#breadcrumb"},"inLanguage":"es","potentialAction":[{"@type":"ReadAction","target":["https:\/\/landioustravel.com\/es\/shop\/viaje-wadi-weshwash-sharm\/"]}]},{"@type":"ImageObject","inLanguage":"es","@id":"https:\/\/landioustravel.com\/es\/shop\/viaje-wadi-weshwash-sharm\/#primaryimage","url":"https:\/\/i0.wp.com\/landioustravel.com\/wp-content\/uploads\/2021\/12\/Wadi-el-Weshwash-Trip-e1642117120420.jpg?fit=1200%2C675&ssl=1","contentUrl":"https:\/\/i0.wp.com\/landioustravel.com\/wp-content\/uploads\/2021\/12\/Wadi-el-Weshwash-Trip-e1642117120420.jpg?fit=1200%2C675&ssl=1","width":1200,"height":675,"caption":"Wadi el-Weshwash Trip"},{"@type":"BreadcrumbList","@id":"https:\/\/landioustravel.com\/es\/shop\/viaje-wadi-weshwash-sharm\/#breadcrumb","itemListElement":[{"@type":"ListItem","position":1,"name":"Home","item":"https:\/\/landioustravel.com\/es\/"},{"@type":"ListItem","position":2,"name":"Servicios y Tours","item":"https:\/\/landioustravel.com\/es\/"},{"@type":"ListItem","position":3,"name":"Viaje a Wadi El Weshwash Sharm"}]},{"@type":"WebSite","@id":"https:\/\/landioustravel.com\/es\/#website","url":"https:\/\/landioustravel.com\/es\/","name":"Landious Travel","description":"Tours and Excursions in Egypt","publisher":{"@id":"https:\/\/landioustravel.com\/es\/#organization"},"potentialAction":[{"@type":"SearchAction","target":{"@type":"EntryPoint","urlTemplate":"https:\/\/landioustravel.com\/es\/?s={search_term_string}"},"query-input":{"@type":"PropertyValueSpecification","valueRequired":true,"valueName":"search_term_string"}}],"inLanguage":"es"},{"@type":["Organization","Place"],"@id":"https:\/\/landioustravel.com\/es\/#organization","name":"Landious Travel","alternateName":"Landious Travel","url":"https:\/\/landioustravel.com\/es\/","logo":{"@id":"https:\/\/landioustravel.com\/es\/shop\/viaje-wadi-weshwash-sharm\/#local-main-organization-logo"},"image":{"@id":"https:\/\/landioustravel.com\/es\/shop\/viaje-wadi-weshwash-sharm\/#local-main-organization-logo"},"sameAs":["https:\/\/web.facebook.com\/landiousEgypt","https:\/\/x.com\/LandiousTours","https:\/\/mastodon.social\/@landious"],"legalName":"Landious Travel","telephone":[],"openingHoursSpecification":[{"@type":"OpeningHoursSpecification","dayOfWeek":["Monday","Tuesday","Wednesday","Thursday","Friday","Saturday","Sunday"],"opens":"09:00","closes":"17:00"}]},{"@type":"ImageObject","inLanguage":"es","@id":"https:\/\/landioustravel.com\/es\/shop\/viaje-wadi-weshwash-sharm\/#local-main-organization-logo","url":"https:\/\/i0.wp.com\/landioustravel.com\/wp-content\/uploads\/2021\/06\/Landious-T.png?fit=500%2C500&ssl=1","contentUrl":"https:\/\/i0.wp.com\/landioustravel.com\/wp-content\/uploads\/2021\/06\/Landious-T.png?fit=500%2C500&ssl=1","width":500,"height":500,"caption":"Landious Travel"}]}},"jetpack_publicize_connections":[],"uagb_featured_image_src":{"full":["https:\/\/i0.wp.com\/landioustravel.com\/wp-content\/uploads\/2021\/12\/Wadi-el-Weshwash-Trip-e1642117120420.jpg?fit=1200%2C675&ssl=1",1200,675,false],"thumbnail":["https:\/\/i0.wp.com\/landioustravel.com\/wp-content\/uploads\/2021\/12\/Wadi-el-Weshwash-Trip-e1642117120420.jpg?resize=150%2C150&ssl=1",150,150,true],"medium":["https:\/\/i0.wp.com\/landioustravel.com\/wp-content\/uploads\/2021\/12\/Wadi-el-Weshwash-Trip-e1642117120420.jpg?fit=300%2C169&ssl=1",300,169,true],"medium_large":["https:\/\/i0.wp.com\/landioustravel.com\/wp-content\/uploads\/2021\/12\/Wadi-el-Weshwash-Trip-e1642117120420.jpg?fit=768%2C432&ssl=1",768,432,true],"large":["https:\/\/i0.wp.com\/landioustravel.com\/wp-content\/uploads\/2021\/12\/Wadi-el-Weshwash-Trip-e1642117120420.jpg?fit=980%2C551&ssl=1",980,551,true],"1536x1536":["https:\/\/i0.wp.com\/landioustravel.com\/wp-content\/uploads\/2021\/12\/Wadi-el-Weshwash-Trip-e1642117120420.jpg?fit=1536%2C864&ssl=1",1536,864,true],"2048x2048":["https:\/\/i0.wp.com\/landioustravel.com\/wp-content\/uploads\/2021\/12\/Wadi-el-Weshwash-Trip-e1642117120420.jpg?fit=1200%2C675&ssl=1",1200,675,true],"newspack-article-block-landscape-large":["https:\/\/i0.wp.com\/landioustravel.com\/wp-content\/uploads\/2021\/12\/Wadi-el-Weshwash-Trip-e1642117120420.jpg?resize=1200%2C675&ssl=1",1200,675,true],"newspack-article-block-portrait-large":["https:\/\/i0.wp.com\/landioustravel.com\/wp-content\/uploads\/2021\/12\/Wadi-el-Weshwash-Trip-e1642117120420.jpg?resize=900%2C675&ssl=1",900,675,true],"newspack-article-block-square-large":["https:\/\/i0.wp.com\/landioustravel.com\/wp-content\/uploads\/2021\/12\/Wadi-el-Weshwash-Trip-e1642117120420.jpg?resize=1200%2C675&ssl=1",1200,675,true],"newspack-article-block-landscape-medium":["https:\/\/i0.wp.com\/landioustravel.com\/wp-content\/uploads\/2021\/12\/Wadi-el-Weshwash-Trip-e1642117120420.jpg?resize=800%2C600&ssl=1",800,600,true],"newspack-article-block-portrait-medium":["https:\/\/i0.wp.com\/landioustravel.com\/wp-content\/uploads\/2021\/12\/Wadi-el-Weshwash-Trip-e1642117120420.jpg?resize=600%2C675&ssl=1",600,675,true],"newspack-article-block-square-medium":["https:\/\/i0.wp.com\/landioustravel.com\/wp-content\/uploads\/2021\/12\/Wadi-el-Weshwash-Trip-e1642117120420.jpg?resize=800%2C675&ssl=1",800,675,true],"newspack-article-block-landscape-intermediate":["https:\/\/i0.wp.com\/landioustravel.com\/wp-content\/uploads\/2021\/12\/Wadi-el-Weshwash-Trip-e1642117120420.jpg?resize=600%2C450&ssl=1",600,450,true],"newspack-article-block-portrait-intermediate":["https:\/\/i0.wp.com\/landioustravel.com\/wp-content\/uploads\/2021\/12\/Wadi-el-Weshwash-Trip-e1642117120420.jpg?resize=450%2C600&ssl=1",450,600,true],"newspack-article-block-square-intermediate":["https:\/\/i0.wp.com\/landioustravel.com\/wp-content\/uploads\/2021\/12\/Wadi-el-Weshwash-Trip-e1642117120420.jpg?resize=600%2C600&ssl=1",600,600,true],"newspack-article-block-landscape-small":["https:\/\/i0.wp.com\/landioustravel.com\/wp-content\/uploads\/2021\/12\/Wadi-el-Weshwash-Trip-e1642117120420.jpg?resize=400%2C300&ssl=1",400,300,true],"newspack-article-block-portrait-small":["https:\/\/i0.wp.com\/landioustravel.com\/wp-content\/uploads\/2021\/12\/Wadi-el-Weshwash-Trip-e1642117120420.jpg?resize=300%2C400&ssl=1",300,400,true],"newspack-article-block-square-small":["https:\/\/i0.wp.com\/landioustravel.com\/wp-content\/uploads\/2021\/12\/Wadi-el-Weshwash-Trip-e1642117120420.jpg?resize=400%2C400&ssl=1",400,400,true],"newspack-article-block-landscape-tiny":["https:\/\/i0.wp.com\/landioustravel.com\/wp-content\/uploads\/2021\/12\/Wadi-el-Weshwash-Trip-e1642117120420.jpg?resize=200%2C150&ssl=1",200,150,true],"newspack-article-block-portrait-tiny":["https:\/\/i0.wp.com\/landioustravel.com\/wp-content\/uploads\/2021\/12\/Wadi-el-Weshwash-Trip-e1642117120420.jpg?resize=150%2C200&ssl=1",150,200,true],"newspack-article-block-square-tiny":["https:\/\/i0.wp.com\/landioustravel.com\/wp-content\/uploads\/2021\/12\/Wadi-el-Weshwash-Trip-e1642117120420.jpg?resize=200%2C200&ssl=1",200,200,true],"newspack-article-block-uncropped":["https:\/\/i0.wp.com\/landioustravel.com\/wp-content\/uploads\/2021\/12\/Wadi-el-Weshwash-Trip-e1642117120420.jpg?fit=1200%2C675&ssl=1",1200,675,true],"woocommerce_thumbnail":["https:\/\/i0.wp.com\/landioustravel.com\/wp-content\/uploads\/2021\/12\/Wadi-el-Weshwash-Trip-e1642117120420.jpg?resize=324%2C324&ssl=1",324,324,true],"woocommerce_single":["https:\/\/i0.wp.com\/landioustravel.com\/wp-content\/uploads\/2021\/12\/Wadi-el-Weshwash-Trip-e1642117120420.jpg?fit=416%2C234&ssl=1",416,234,true],"woocommerce_gallery_thumbnail":["https:\/\/i0.wp.com\/landioustravel.com\/wp-content\/uploads\/2021\/12\/Wadi-el-Weshwash-Trip-e1642117120420.jpg?resize=100%2C100&ssl=1",100,100,true]},"uagb_author_info":{"display_name":"Mofreh Landious","author_link":"https:\/\/landioustravel.com\/es\/author\/"},"uagb_comment_info":1,"uagb_excerpt":"Prep\u00e1rese para una aventura inolvidable en Weshwash Valley, ubicado en el coraz\u00f3n de Nuwebia. Este impresionante oasis alberga el impresionante manantial Weshwash, rodeado de vibrantes formaciones de arenisca. Sum\u00e9rjase en la belleza natural de este impresionante destino. S\u00fabete a un jeep 4\u00d74 y explora el vasto desierto antes de embarcarte en un paseo panor\u00e1mico por&hellip;","jetpack_sharing_enabled":true,"jetpack_likes_enabled":true,"amp_enabled":true,"_links":{"self":[{"href":"https:\/\/landioustravel.com\/es\/wp-json\/wp\/v2\/product\/143225","targetHints":{"allow":["GET"]}}],"collection":[{"href":"https:\/\/landioustravel.com\/es\/wp-json\/wp\/v2\/product"}],"about":[{"href":"https:\/\/landioustravel.com\/es\/wp-json\/wp\/v2\/types\/product"}],"replies":[{"embeddable":true,"href":"https:\/\/landioustravel.com\/es\/wp-json\/wp\/v2\/comments?post=143225"}],"wp:featuredmedia":[{"embeddable":true,"href":"https:\/\/landioustravel.com\/es\/wp-json\/wp\/v2\/media\/61163"}],"wp:attachment":[{"href":"https:\/\/landioustravel.com\/es\/wp-json\/wp\/v2\/media?parent=143225"}],"wp:term":[{"taxonomy":"product_brand","embeddable":true,"href":"https:\/\/landioustravel.com\/es\/wp-json\/wp\/v2\/product_brand?post=143225"},{"taxonomy":"product_cat","embeddable":true,"href":"https:\/\/landioustravel.com\/es\/wp-json\/wp\/v2\/product_cat?post=143225"},{"taxonomy":"product_tag","embeddable":true,"href":"https:\/\/landioustravel.com\/es\/wp-json\/wp\/v2\/product_tag?post=143225"}],"curies":[{"name":"wp","href":"https:\/\/api.w.org\/{rel}","templated":true}]}}