{"id":143228,"date":"2021-03-09T20:09:23","date_gmt":"2023-05-27T01:40:31","guid":{"rendered":"https:\/\/landioustravel.com\/?post_type=product&#038;p=143228"},"modified":"2024-02-28T19:17:29","modified_gmt":"2024-02-28T17:17:29","slug":"visita-grand-aquarium-hurghada","status":"publish","type":"product","link":"https:\/\/landioustravel.com\/es\/shop\/visita-grand-aquarium-hurghada\/","title":{"rendered":"Visita al Grand Aquarium de Hurghada"},"content":{"rendered":"<p>Visita al Grand Aquarium de Hurghada es un fascinante recorrido por la ciudad de Hurghada que combina el popular recorrido por la ciudad con el viaje al Gran Acuario en Hurghada, Egipto. Fundamentalmente, recomendamos el viaje porque permite a los turistas ver el acuario m\u00e1s grande de Egipto. Adem\u00e1s, \u00a1este lugar tiene un peque\u00f1o zool\u00f3gico que existe dentro! De hecho, este recorrido le brindar\u00e1 diversi\u00f3n y entretenimiento a usted y a toda la familia.<\/p>\n<h2>Aspectos destacados del Grand Aquarium Tour Hurghada<\/h2>\n<ol>\n<li>Realiza orientaci\u00f3n del acuario y zool\u00f3gico con un gu\u00eda profesional.<\/li>\n<li>Obtenga un recorrido gratuito por el Gran Acuario.<\/li>\n<li>Adem\u00e1s, tome una fotograf\u00eda de criaturas y animales marinos.<\/li>\n<li>Ver los terraplenes en Hurghada (Marina Boulevard).<\/li>\n<li>Adem\u00e1s, llega al puerto y conoce que los marineros fabrican yates y barcos.<\/li>\n<li>Luego, la inspecci\u00f3n de la mezquita m\u00e1s grande de Hurghada.<\/li>\n<li>Despu\u00e9s de eso, observe los mercados de frutas y pescado.<\/li>\n<li>El viaje incluye una visita a la Iglesia Ortodoxa.<\/li>\n<li>Finalmente, compras en la f\u00e1brica de aceite y en la sala de souvenirs.<\/li>\n<\/ol>\n<h2>Programa del Viaje al Gran Acuario<\/h2>\n<ul>\n<li>En un principio, el representante de Landious Travel lo recoger\u00e1 de su hotel aproximadamente a las 10:00 am.<\/li>\n<\/ul>\n<h3>Visitando el Gran Acuario<\/h3>\n<ul>\n<li>En segundo lugar, el autob\u00fas se dirigir\u00e1 al Gran Acuario despu\u00e9s de recoger a todos los interesados. Tomar\u00e1 aproximadamente 20 minutos llegar a este lugar.<\/li>\n<li>Una vez que llegue al acuario, su gu\u00eda le mostrar\u00e1 las diferentes secciones del Gran Acuario.<\/li>\n<li>Luego, se le dar\u00e1 un recorrido gratuito para ver todas las secciones del Gran Acuario durante casi dos horas.<\/li>\n<\/ul>\n<p><strong>Cabe mencionar que este lugar cuenta con seis secciones: un restaurante y una cafeter\u00eda. La siguiente es una indicaci\u00f3n de estas secciones:<\/strong><\/p>\n<ol>\n<li>La primera Secci\u00f3n trata sobre la selva tropical africana.<\/li>\n<li>La segunda Secci\u00f3n es el acuario de agua salada.<\/li>\n<li>La tercera Secci\u00f3n es un acuario de agua dulce.<\/li>\n<li>Y, la Cuarta Secci\u00f3n es Zoo.<\/li>\n<li>La quinta Secci\u00f3n es el Museo Biol\u00f3gico.<\/li>\n<li>Asimismo, la sexta Secci\u00f3n es la tienda \u00e1rabe.<\/li>\n<\/ol>\n<h3>Vista panor\u00e1mica de Hurghada<\/h3>\n<ul>\n<li>Una vez finalizada tu visita al Gran Acuario, recorrer\u00e1s las diferentes zonas de Hurghada.<\/li>\n<li>Primero, har\u00e1s una vista panor\u00e1mica de Hurghada. En consecuencia, en este lugar, su gu\u00eda le dar\u00e1 informaci\u00f3n sobre las diferentes \u00e1reas de Hurghada. Le permitir\u00e1 disfrutar de un fant\u00e1stico panorama del Mar Rojo.<\/li>\n<\/ul>\n<h3>\u00c1rea de Saqqala<\/h3>\n<ul>\n<li>Siguiendo esta vista panor\u00e1mica de Hurghada, conducir\u00e1 por la calle Sheraton y ver\u00e1 la Ciudad Vieja: Sakkala.<\/li>\n<li>Luego, en Sakkala, visitar\u00e1 los terraplenes \u2013 Marina Boulevard. Es un lugar hermoso donde ver\u00e1s muchos barcos, yates y cafeter\u00edas.<\/li>\n<li>Despu\u00e9s, caminar\u00e1s hasta el mercado de pescado cercano. Es un mercado local donde los pescadores venden pescado. En este mercado, tendr\u00e1s la oportunidad de conocer a los pescadores locales. Adem\u00e1s, mirar\u00e1s el pescado que venden al p\u00fablico. Hist\u00f3ricamente, es parte del puerto mar\u00edtimo m\u00e1s antiguo de Hurghada.<\/li>\n<li>Despu\u00e9s de eso, continuar\u00e1 hacia la Mezquita El-Mina. Es la mezquita m\u00e1s grande de Hurghada. La Mezquita El-Mina se destaca con sus dos alt\u00edsimos minaretes.<\/li>\n<li>Por \u00faltimo, ver\u00e1s el puerto antiguo. Es un astillero donde los trabajadores construyen barcos y yates.<\/li>\n<\/ul>\n<h3>\u00c1rea de Dahar<\/h3>\n<ul>\n<li>Tan pronto como finalice su visita a la ciudad vieja, se dirigir\u00e1 a la zona moderna de Dahar.<\/li>\n<li>En Dahar, visitar\u00e1 la Iglesia Ortodoxa Copta, que en ese entonces se llamaba Iglesia de Santa Mar\u00eda. La Iglesia de Santa Mar\u00eda tiene 100 a\u00f1os. Es la iglesia m\u00e1s grande de Hurghada, donde los cristianos van a orar.<\/li>\n<\/ul>\n<h3>Compras<\/h3>\n<ul>\n<li>Antes de que finalice este fant\u00e1stico recorrido por Hurghada, visitar\u00e1 la f\u00e1brica de aceite y la sala de souvenirs.<\/li>\n<\/ul>\n<p>Volver a casa<\/p>\n<ul>\n<li>Finalmente, lo acompa\u00f1aremos de regreso a su hotel.<\/li>\n<li>Este recorrido por la ciudad de Hurghada con una visita al Gran Acuario finaliza aproximadamente a las 18:00.<\/li>\n<\/ul>\n<h2>\u00bfQu\u00e9 incluye el precio del Grand Aquarium Tour Hurghada?<\/h2>\n<ul>\n<li>Traslado al acuario y regreso al hotel.<\/li>\n<li>Adem\u00e1s, Entradas.<\/li>\n<\/ul>\n<h2>\u00bfQu\u00e9 no incluye el programa de Grand Aquarium Excursion Hurghada?<\/h2>\n<ul>\n<li>DVD de v\u00eddeo.<\/li>\n<li>Adem\u00e1s, el CD de fotos.<\/li>\n<\/ul>\n<h2>\u00bfQu\u00e9 llevar contigo para el viaje?<\/h2>\n<ul>\n<li>Gafas de sol<\/li>\n<\/ul>\n<h2>Recorrido tur\u00edstico por el Grand Aquarium Hurghada D\u00edas de reserva<\/h2>\n<ul>\n<li>Todos los d\u00edas de 14:00 a 20:00.<\/li>\n<\/ul>\n<h2>Informaci\u00f3n Tour por la ciudad de Hurghada<\/h2>\n<h3>Fundaci\u00f3n de Hurgada<\/h3>\n<p>Hurghada es una de las gobernaciones de Al-Bahr Al-Ahmar en la costa del Mar Rojo. Los egipcios construyeron la actual ciudad de Hurghada a principios del siglo XX. Hasta hace poco era un peque\u00f1o pueblo de pescadores con poca poblaci\u00f3n. Desde el siglo XIX, los inversores egipcios y extranjeros han ampliado continuamente la ciudad. Por lo tanto, se convirti\u00f3 en el centro tur\u00edstico costero l\u00edder en el Mar Rojo. De hecho, el descubrimiento de petr\u00f3leo en esta zona en 1913 potenci\u00f3 su r\u00e1pido desarrollo. Aunque, su producci\u00f3n y exportaci\u00f3n real solo comenz\u00f3 en 1921 bajo los magnates petroleros brit\u00e1nicos.<\/p>\n<h3>gran acuario<\/h3>\n<p>Grand Aquarium es el acuario m\u00e1s grande de Hurghada. No es un simple acuario, sino un centro de entretenimiento que consta de varias secciones: acuarios, piscinas al aire libre y un zool\u00f3gico al aire libre. Este acuario cuenta con efectos 3D, caf\u00e9s, restaurantes y un centro educativo.<\/p>\n","protected":false},"excerpt":{"rendered":"<p>En la entretenida excursi\u00f3n Acuario en Hurghada , visita el acuario m\u00e1s grande de la ciudad: el Gran Acuario. Tomando en consideraci\u00f3n, este no es solo un acuario, sino un centro de entretenimiento que consta de varias secciones: acuarios, piscinas al aire libre y un zool\u00f3gico al aire libre. El lugar cuenta con efectos 3D, caf\u00e9s, restaurantes y un centro educativo. El precio del viaje incluir\u00e1 los traslados y la entrada.<\/p>\n","protected":false},"featured_media":29177,"comment_status":"open","ping_status":"closed","template":"","meta":{"_coblocks_attr":"","_coblocks_dimensions":"","_coblocks_responsive_height":"","_coblocks_accordion_ie_support":"","_uag_custom_page_level_css":"","jetpack_publicize_message":"","jetpack_publicize_feature_enabled":true,"jetpack_social_post_already_shared":true,"jetpack_social_options":{"image_generator_settings":{"template":"highway","default_image_id":0,"font":"","enabled":false},"version":2},"_wpas_customize_per_network":false},"product_brand":[],"product_cat":[8568,1786],"product_tag":[1797,1808,9907,2111],"class_list":{"0":"post-143228","1":"product","2":"type-product","3":"status-publish","4":"has-post-thumbnail","6":"product_cat-excursiones-individuales-hurghada","7":"product_cat-excursiones-ciudad-hurghada","8":"product_tag-excursion-es","9":"product_tag-hurghada-es","10":"product_tag-turismo","11":"product_tag-visita-de-la-ciudad","12":"pa_age-el-adulto","13":"pa_age-nino-1-4-anos","14":"pa_age-nino-5-11-anos","16":"first","17":"instock","18":"sale","19":"taxable","20":"shipping-taxable","21":"purchasable","22":"product-type-variable"},"yoast_head":"<!-- This site is optimized with the Yoast SEO Premium plugin v27.5 (Yoast SEO v27.5) - https:\/\/yoast.com\/product\/yoast-seo-premium-wordpress\/ -->\n<title>Visita al Grand Aquarium de Hurghada<\/title>\n<meta name=\"description\" content=\"Visita al Grand Aquarium de Hurghada visita el acuario m\u00e1s grande de la ciudad: el Gran Acuario. Tomando en consideraci\u00f3n, este no es solo un acuario, sino\" \/>\n<meta name=\"robots\" content=\"index, follow, max-snippet:-1, max-image-preview:large, max-video-preview:-1\" \/>\n<link rel=\"canonical\" href=\"https:\/\/landioustravel.com\/es\/shop\/visita-grand-aquarium-hurghada\/\" \/>\n<meta property=\"og:locale\" content=\"es_ES\" \/>\n<meta property=\"og:type\" content=\"article\" \/>\n<meta property=\"og:title\" content=\"Visita al Grand Aquarium de Hurghada\" \/>\n<meta property=\"og:description\" content=\"Landious Travel\" \/>\n<meta property=\"og:url\" content=\"https:\/\/landioustravel.com\/es\/shop\/visita-grand-aquarium-hurghada\/\" \/>\n<meta property=\"og:site_name\" content=\"Landious Travel\" \/>\n<meta property=\"article:publisher\" content=\"https:\/\/web.facebook.com\/landiousEgypt\" \/>\n<meta property=\"article:modified_time\" content=\"2024-02-28T17:17:29+00:00\" \/>\n<meta property=\"og:image\" content=\"https:\/\/i0.wp.com\/landioustravel.com\/wp-content\/uploads\/2021\/03\/landious_tours_contacts5-e1615596425834.jpg?fit=1200%2C675&ssl=1\" \/>\n\t<meta property=\"og:image:width\" content=\"1200\" \/>\n\t<meta property=\"og:image:height\" content=\"675\" \/>\n\t<meta property=\"og:image:type\" content=\"image\/jpeg\" \/>\n<meta name=\"twitter:card\" content=\"summary_large_image\" \/>\n<meta name=\"twitter:site\" content=\"@LandiousTours\" \/>\n<meta name=\"twitter:label1\" content=\"Tiempo de lectura\" \/>\n\t<meta name=\"twitter:data1\" content=\"4 minutos\" \/>\n<script type=\"application\/ld+json\" class=\"yoast-schema-graph\">{\"@context\":\"https:\\\/\\\/schema.org\",\"@graph\":[{\"@type\":\"WebPage\",\"@id\":\"https:\\\/\\\/landioustravel.com\\\/es\\\/shop\\\/visita-grand-aquarium-hurghada\\\/\",\"url\":\"https:\\\/\\\/landioustravel.com\\\/es\\\/shop\\\/visita-grand-aquarium-hurghada\\\/\",\"name\":\"Visita al Grand Aquarium de Hurghada\",\"isPartOf\":{\"@id\":\"https:\\\/\\\/landioustravel.com\\\/es\\\/#website\"},\"primaryImageOfPage\":{\"@id\":\"https:\\\/\\\/landioustravel.com\\\/es\\\/shop\\\/visita-grand-aquarium-hurghada\\\/#primaryimage\"},\"image\":{\"@id\":\"https:\\\/\\\/landioustravel.com\\\/es\\\/shop\\\/visita-grand-aquarium-hurghada\\\/#primaryimage\"},\"thumbnailUrl\":\"https:\\\/\\\/i0.wp.com\\\/landioustravel.com\\\/wp-content\\\/uploads\\\/2021\\\/03\\\/landious_tours_contacts5-e1615596425834.jpg?fit=1200%2C675&ssl=1\",\"datePublished\":\"2023-05-27T01:40:31+00:00\",\"dateModified\":\"2024-02-28T17:17:29+00:00\",\"description\":\"Visita al Grand Aquarium de Hurghada visita el acuario m\u00e1s grande de la ciudad: el Gran Acuario. Tomando en consideraci\u00f3n, este no es solo un acuario, sino\",\"breadcrumb\":{\"@id\":\"https:\\\/\\\/landioustravel.com\\\/es\\\/shop\\\/visita-grand-aquarium-hurghada\\\/#breadcrumb\"},\"inLanguage\":\"es\",\"potentialAction\":[{\"@type\":\"ReadAction\",\"target\":[\"https:\\\/\\\/landioustravel.com\\\/es\\\/shop\\\/visita-grand-aquarium-hurghada\\\/\"]}]},{\"@type\":\"ImageObject\",\"inLanguage\":\"es\",\"@id\":\"https:\\\/\\\/landioustravel.com\\\/es\\\/shop\\\/visita-grand-aquarium-hurghada\\\/#primaryimage\",\"url\":\"https:\\\/\\\/i0.wp.com\\\/landioustravel.com\\\/wp-content\\\/uploads\\\/2021\\\/03\\\/landious_tours_contacts5-e1615596425834.jpg?fit=1200%2C675&ssl=1\",\"contentUrl\":\"https:\\\/\\\/i0.wp.com\\\/landioustravel.com\\\/wp-content\\\/uploads\\\/2021\\\/03\\\/landious_tours_contacts5-e1615596425834.jpg?fit=1200%2C675&ssl=1\",\"width\":1200,\"height\":675},{\"@type\":\"BreadcrumbList\",\"@id\":\"https:\\\/\\\/landioustravel.com\\\/es\\\/shop\\\/visita-grand-aquarium-hurghada\\\/#breadcrumb\",\"itemListElement\":[{\"@type\":\"ListItem\",\"position\":1,\"name\":\"Home\",\"item\":\"https:\\\/\\\/landioustravel.com\\\/es\\\/\"},{\"@type\":\"ListItem\",\"position\":2,\"name\":\"Servicios y Tours\",\"item\":\"https:\\\/\\\/landioustravel.com\\\/es\\\/\"},{\"@type\":\"ListItem\",\"position\":3,\"name\":\"Visita al Grand Aquarium de Hurghada\"}]},{\"@type\":\"WebSite\",\"@id\":\"https:\\\/\\\/landioustravel.com\\\/es\\\/#website\",\"url\":\"https:\\\/\\\/landioustravel.com\\\/es\\\/\",\"name\":\"Landious Travel\",\"description\":\"Tours and Excursions in Egypt\",\"publisher\":{\"@id\":\"https:\\\/\\\/landioustravel.com\\\/es\\\/#organization\"},\"potentialAction\":[{\"@type\":\"SearchAction\",\"target\":{\"@type\":\"EntryPoint\",\"urlTemplate\":\"https:\\\/\\\/landioustravel.com\\\/es\\\/?s={search_term_string}\"},\"query-input\":{\"@type\":\"PropertyValueSpecification\",\"valueRequired\":true,\"valueName\":\"search_term_string\"}}],\"inLanguage\":\"es\"},{\"@type\":[\"Organization\",\"Place\"],\"@id\":\"https:\\\/\\\/landioustravel.com\\\/es\\\/#organization\",\"name\":\"Landious Travel\",\"alternateName\":\"Landious Travel\",\"url\":\"https:\\\/\\\/landioustravel.com\\\/es\\\/\",\"logo\":{\"@id\":\"https:\\\/\\\/landioustravel.com\\\/es\\\/shop\\\/visita-grand-aquarium-hurghada\\\/#local-main-organization-logo\"},\"image\":{\"@id\":\"https:\\\/\\\/landioustravel.com\\\/es\\\/shop\\\/visita-grand-aquarium-hurghada\\\/#local-main-organization-logo\"},\"sameAs\":[\"https:\\\/\\\/web.facebook.com\\\/landiousEgypt\",\"https:\\\/\\\/x.com\\\/LandiousTours\",\"https:\\\/\\\/mastodon.social\\\/@landious\"],\"legalName\":\"Landious Travel\",\"telephone\":[],\"openingHoursSpecification\":[{\"@type\":\"OpeningHoursSpecification\",\"dayOfWeek\":[\"Monday\",\"Tuesday\",\"Wednesday\",\"Thursday\",\"Friday\",\"Saturday\",\"Sunday\"],\"opens\":\"09:00\",\"closes\":\"17:00\"}]},{\"@type\":\"ImageObject\",\"inLanguage\":\"es\",\"@id\":\"https:\\\/\\\/landioustravel.com\\\/es\\\/shop\\\/visita-grand-aquarium-hurghada\\\/#local-main-organization-logo\",\"url\":\"https:\\\/\\\/i0.wp.com\\\/landioustravel.com\\\/wp-content\\\/uploads\\\/2021\\\/06\\\/Landious-T.png?fit=500%2C500&ssl=1\",\"contentUrl\":\"https:\\\/\\\/i0.wp.com\\\/landioustravel.com\\\/wp-content\\\/uploads\\\/2021\\\/06\\\/Landious-T.png?fit=500%2C500&ssl=1\",\"width\":500,\"height\":500,\"caption\":\"Landious Travel\"}]}<\/script>\n<!-- \/ Yoast SEO Premium plugin. -->","yoast_head_json":{"title":"Visita al Grand Aquarium de Hurghada","description":"Visita al Grand Aquarium de Hurghada visita el acuario m\u00e1s grande de la ciudad: el Gran Acuario. Tomando en consideraci\u00f3n, este no es solo un acuario, sino","robots":{"index":"index","follow":"follow","max-snippet":"max-snippet:-1","max-image-preview":"max-image-preview:large","max-video-preview":"max-video-preview:-1"},"canonical":"https:\/\/landioustravel.com\/es\/shop\/visita-grand-aquarium-hurghada\/","og_locale":"es_ES","og_type":"article","og_title":"Visita al Grand Aquarium de Hurghada","og_description":"Landious Travel","og_url":"https:\/\/landioustravel.com\/es\/shop\/visita-grand-aquarium-hurghada\/","og_site_name":"Landious Travel","article_publisher":"https:\/\/web.facebook.com\/landiousEgypt","article_modified_time":"2024-02-28T17:17:29+00:00","og_image":[{"width":1200,"height":675,"url":"https:\/\/i0.wp.com\/landioustravel.com\/wp-content\/uploads\/2021\/03\/landious_tours_contacts5-e1615596425834.jpg?fit=1200%2C675&ssl=1","type":"image\/jpeg"}],"twitter_card":"summary_large_image","twitter_site":"@LandiousTours","twitter_misc":{"Tiempo de lectura":"4 minutos"},"schema":{"@context":"https:\/\/schema.org","@graph":[{"@type":"WebPage","@id":"https:\/\/landioustravel.com\/es\/shop\/visita-grand-aquarium-hurghada\/","url":"https:\/\/landioustravel.com\/es\/shop\/visita-grand-aquarium-hurghada\/","name":"Visita al Grand Aquarium de Hurghada","isPartOf":{"@id":"https:\/\/landioustravel.com\/es\/#website"},"primaryImageOfPage":{"@id":"https:\/\/landioustravel.com\/es\/shop\/visita-grand-aquarium-hurghada\/#primaryimage"},"image":{"@id":"https:\/\/landioustravel.com\/es\/shop\/visita-grand-aquarium-hurghada\/#primaryimage"},"thumbnailUrl":"https:\/\/i0.wp.com\/landioustravel.com\/wp-content\/uploads\/2021\/03\/landious_tours_contacts5-e1615596425834.jpg?fit=1200%2C675&ssl=1","datePublished":"2023-05-27T01:40:31+00:00","dateModified":"2024-02-28T17:17:29+00:00","description":"Visita al Grand Aquarium de Hurghada visita el acuario m\u00e1s grande de la ciudad: el Gran Acuario. Tomando en consideraci\u00f3n, este no es solo un acuario, sino","breadcrumb":{"@id":"https:\/\/landioustravel.com\/es\/shop\/visita-grand-aquarium-hurghada\/#breadcrumb"},"inLanguage":"es","potentialAction":[{"@type":"ReadAction","target":["https:\/\/landioustravel.com\/es\/shop\/visita-grand-aquarium-hurghada\/"]}]},{"@type":"ImageObject","inLanguage":"es","@id":"https:\/\/landioustravel.com\/es\/shop\/visita-grand-aquarium-hurghada\/#primaryimage","url":"https:\/\/i0.wp.com\/landioustravel.com\/wp-content\/uploads\/2021\/03\/landious_tours_contacts5-e1615596425834.jpg?fit=1200%2C675&ssl=1","contentUrl":"https:\/\/i0.wp.com\/landioustravel.com\/wp-content\/uploads\/2021\/03\/landious_tours_contacts5-e1615596425834.jpg?fit=1200%2C675&ssl=1","width":1200,"height":675},{"@type":"BreadcrumbList","@id":"https:\/\/landioustravel.com\/es\/shop\/visita-grand-aquarium-hurghada\/#breadcrumb","itemListElement":[{"@type":"ListItem","position":1,"name":"Home","item":"https:\/\/landioustravel.com\/es\/"},{"@type":"ListItem","position":2,"name":"Servicios y Tours","item":"https:\/\/landioustravel.com\/es\/"},{"@type":"ListItem","position":3,"name":"Visita al Grand Aquarium de Hurghada"}]},{"@type":"WebSite","@id":"https:\/\/landioustravel.com\/es\/#website","url":"https:\/\/landioustravel.com\/es\/","name":"Landious Travel","description":"Tours and Excursions in Egypt","publisher":{"@id":"https:\/\/landioustravel.com\/es\/#organization"},"potentialAction":[{"@type":"SearchAction","target":{"@type":"EntryPoint","urlTemplate":"https:\/\/landioustravel.com\/es\/?s={search_term_string}"},"query-input":{"@type":"PropertyValueSpecification","valueRequired":true,"valueName":"search_term_string"}}],"inLanguage":"es"},{"@type":["Organization","Place"],"@id":"https:\/\/landioustravel.com\/es\/#organization","name":"Landious Travel","alternateName":"Landious Travel","url":"https:\/\/landioustravel.com\/es\/","logo":{"@id":"https:\/\/landioustravel.com\/es\/shop\/visita-grand-aquarium-hurghada\/#local-main-organization-logo"},"image":{"@id":"https:\/\/landioustravel.com\/es\/shop\/visita-grand-aquarium-hurghada\/#local-main-organization-logo"},"sameAs":["https:\/\/web.facebook.com\/landiousEgypt","https:\/\/x.com\/LandiousTours","https:\/\/mastodon.social\/@landious"],"legalName":"Landious Travel","telephone":[],"openingHoursSpecification":[{"@type":"OpeningHoursSpecification","dayOfWeek":["Monday","Tuesday","Wednesday","Thursday","Friday","Saturday","Sunday"],"opens":"09:00","closes":"17:00"}]},{"@type":"ImageObject","inLanguage":"es","@id":"https:\/\/landioustravel.com\/es\/shop\/visita-grand-aquarium-hurghada\/#local-main-organization-logo","url":"https:\/\/i0.wp.com\/landioustravel.com\/wp-content\/uploads\/2021\/06\/Landious-T.png?fit=500%2C500&ssl=1","contentUrl":"https:\/\/i0.wp.com\/landioustravel.com\/wp-content\/uploads\/2021\/06\/Landious-T.png?fit=500%2C500&ssl=1","width":500,"height":500,"caption":"Landious Travel"}]}},"jetpack_publicize_connections":[],"uagb_featured_image_src":{"full":["https:\/\/i0.wp.com\/landioustravel.com\/wp-content\/uploads\/2021\/03\/landious_tours_contacts5-e1615596425834.jpg?fit=1200%2C675&ssl=1",1200,675,false],"thumbnail":["https:\/\/i0.wp.com\/landioustravel.com\/wp-content\/uploads\/2021\/03\/landious_tours_contacts5-e1615596425834.jpg?resize=150%2C150&ssl=1",150,150,true],"medium":["https:\/\/i0.wp.com\/landioustravel.com\/wp-content\/uploads\/2021\/03\/landious_tours_contacts5-e1615596425834.jpg?fit=300%2C225&ssl=1",300,225,true],"medium_large":["https:\/\/i0.wp.com\/landioustravel.com\/wp-content\/uploads\/2021\/03\/landious_tours_contacts5-e1615596425834.jpg?fit=768%2C576&ssl=1",768,576,true],"large":["https:\/\/i0.wp.com\/landioustravel.com\/wp-content\/uploads\/2021\/03\/landious_tours_contacts5-e1615596425834.jpg?fit=980%2C735&ssl=1",980,735,true],"1536x1536":["https:\/\/i0.wp.com\/landioustravel.com\/wp-content\/uploads\/2021\/03\/landious_tours_contacts5-e1615596425834.jpg?fit=1536%2C1152&ssl=1",1536,1152,true],"2048x2048":["https:\/\/i0.wp.com\/landioustravel.com\/wp-content\/uploads\/2021\/03\/landious_tours_contacts5-e1615596425834.jpg?fit=2048%2C1536&ssl=1",2048,1536,true],"newspack-article-block-landscape-large":["https:\/\/i0.wp.com\/landioustravel.com\/wp-content\/uploads\/2021\/03\/landious_tours_contacts5-e1615596425834.jpg?resize=1200%2C675&ssl=1",1200,900,true],"newspack-article-block-portrait-large":["https:\/\/i0.wp.com\/landioustravel.com\/wp-content\/uploads\/2021\/03\/landious_tours_contacts5-e1615596425834.jpg?resize=900%2C675&ssl=1",900,1200,true],"newspack-article-block-square-large":["https:\/\/i0.wp.com\/landioustravel.com\/wp-content\/uploads\/2021\/03\/landious_tours_contacts5-e1615596425834.jpg?resize=1200%2C675&ssl=1",1200,1200,true],"newspack-article-block-landscape-medium":["https:\/\/i0.wp.com\/landioustravel.com\/wp-content\/uploads\/2021\/03\/landious_tours_contacts5-e1615596425834.jpg?resize=800%2C600&ssl=1",800,600,true],"newspack-article-block-portrait-medium":["https:\/\/i0.wp.com\/landioustravel.com\/wp-content\/uploads\/2021\/03\/landious_tours_contacts5-e1615596425834.jpg?resize=600%2C675&ssl=1",600,800,true],"newspack-article-block-square-medium":["https:\/\/i0.wp.com\/landioustravel.com\/wp-content\/uploads\/2021\/03\/landious_tours_contacts5-e1615596425834.jpg?resize=800%2C675&ssl=1",800,800,true],"newspack-article-block-landscape-intermediate":["https:\/\/i0.wp.com\/landioustravel.com\/wp-content\/uploads\/2021\/03\/landious_tours_contacts5-e1615596425834.jpg?resize=600%2C450&ssl=1",600,450,true],"newspack-article-block-portrait-intermediate":["https:\/\/i0.wp.com\/landioustravel.com\/wp-content\/uploads\/2021\/03\/landious_tours_contacts5-e1615596425834.jpg?resize=450%2C600&ssl=1",450,600,true],"newspack-article-block-square-intermediate":["https:\/\/i0.wp.com\/landioustravel.com\/wp-content\/uploads\/2021\/03\/landious_tours_contacts5-e1615596425834.jpg?resize=600%2C600&ssl=1",600,600,true],"newspack-article-block-landscape-small":["https:\/\/i0.wp.com\/landioustravel.com\/wp-content\/uploads\/2021\/03\/landious_tours_contacts5-e1615596425834.jpg?resize=400%2C300&ssl=1",400,300,true],"newspack-article-block-portrait-small":["https:\/\/i0.wp.com\/landioustravel.com\/wp-content\/uploads\/2021\/03\/landious_tours_contacts5-e1615596425834.jpg?resize=300%2C400&ssl=1",300,400,true],"newspack-article-block-square-small":["https:\/\/i0.wp.com\/landioustravel.com\/wp-content\/uploads\/2021\/03\/landious_tours_contacts5-e1615596425834.jpg?resize=400%2C400&ssl=1",400,400,true],"newspack-article-block-landscape-tiny":["https:\/\/i0.wp.com\/landioustravel.com\/wp-content\/uploads\/2021\/03\/landious_tours_contacts5-e1615596425834.jpg?resize=200%2C150&ssl=1",200,150,true],"newspack-article-block-portrait-tiny":["https:\/\/i0.wp.com\/landioustravel.com\/wp-content\/uploads\/2021\/03\/landious_tours_contacts5-e1615596425834.jpg?resize=150%2C200&ssl=1",150,200,true],"newspack-article-block-square-tiny":["https:\/\/i0.wp.com\/landioustravel.com\/wp-content\/uploads\/2021\/03\/landious_tours_contacts5-e1615596425834.jpg?resize=200%2C200&ssl=1",200,200,true],"newspack-article-block-uncropped":["https:\/\/i0.wp.com\/landioustravel.com\/wp-content\/uploads\/2021\/03\/landious_tours_contacts5-e1615596425834.jpg?fit=1200%2C900&ssl=1",1200,900,true],"woocommerce_thumbnail":["https:\/\/i0.wp.com\/landioustravel.com\/wp-content\/uploads\/2021\/03\/landious_tours_contacts5-e1615596425834.jpg?resize=324%2C324&ssl=1",324,324,true],"woocommerce_single":["https:\/\/i0.wp.com\/landioustravel.com\/wp-content\/uploads\/2021\/03\/landious_tours_contacts5-e1615596425834.jpg?fit=416%2C234&ssl=1",416,234,true],"woocommerce_gallery_thumbnail":["https:\/\/i0.wp.com\/landioustravel.com\/wp-content\/uploads\/2021\/03\/landious_tours_contacts5-e1615596425834.jpg?resize=100%2C100&ssl=1",100,100,true]},"uagb_author_info":{"display_name":"Mofreh Landious","author_link":"https:\/\/landioustravel.com\/es\/author\/"},"uagb_comment_info":1,"uagb_excerpt":"En la entretenida excursi\u00f3n Acuario en Hurghada , visita el acuario m\u00e1s grande de la ciudad: el Gran Acuario. Tomando en consideraci\u00f3n, este no es solo un acuario, sino un centro de entretenimiento que consta de varias secciones: acuarios, piscinas al aire libre y un zool\u00f3gico al aire libre. El lugar cuenta con efectos 3D,&hellip;","jetpack_sharing_enabled":true,"jetpack_likes_enabled":true,"amp_enabled":true,"_links":{"self":[{"href":"https:\/\/landioustravel.com\/es\/wp-json\/wp\/v2\/product\/143228","targetHints":{"allow":["GET"]}}],"collection":[{"href":"https:\/\/landioustravel.com\/es\/wp-json\/wp\/v2\/product"}],"about":[{"href":"https:\/\/landioustravel.com\/es\/wp-json\/wp\/v2\/types\/product"}],"replies":[{"embeddable":true,"href":"https:\/\/landioustravel.com\/es\/wp-json\/wp\/v2\/comments?post=143228"}],"wp:featuredmedia":[{"embeddable":true,"href":"https:\/\/landioustravel.com\/es\/wp-json\/wp\/v2\/media\/29177"}],"wp:attachment":[{"href":"https:\/\/landioustravel.com\/es\/wp-json\/wp\/v2\/media?parent=143228"}],"wp:term":[{"taxonomy":"product_brand","embeddable":true,"href":"https:\/\/landioustravel.com\/es\/wp-json\/wp\/v2\/product_brand?post=143228"},{"taxonomy":"product_cat","embeddable":true,"href":"https:\/\/landioustravel.com\/es\/wp-json\/wp\/v2\/product_cat?post=143228"},{"taxonomy":"product_tag","embeddable":true,"href":"https:\/\/landioustravel.com\/es\/wp-json\/wp\/v2\/product_tag?post=143228"}],"curies":[{"name":"wp","href":"https:\/\/api.w.org\/{rel}","templated":true}]}}