{"id":18771,"date":"2019-09-01T12:31:20","date_gmt":"2019-09-02T05:31:09","guid":{"rendered":"https:\/\/landioustravel.com\/?post_type=product&#038;p=18771"},"modified":"2024-05-10T13:45:27","modified_gmt":"2024-05-10T10:45:27","slug":"tres-horas-moto-safari-safaga","status":"publish","type":"product","link":"https:\/\/landioustravel.com\/es\/shop\/tres-horas-moto-safari-safaga\/","title":{"rendered":"Tres horas de Moto Safari en Safaga"},"content":{"rendered":"<p>Durante el viaje de safari por el desierto \u00abThree Hours Moto Safari en Safaga\u00bb, \u00a1puedes disfrutar de un paseo en quad por una distancia de 50 km! \u00a1El viaje te permite disfrutar tanto de la naturaleza del desierto en Egipto como de la vista al mar! \u00a1Recomendamos este programa porque es el \u00fanico que brinda la oportunidad de montar quads a lo largo de la costa del Mar Rojo!<\/p>\n<h2>Los puntos principales del programa de excursiones en quad<\/h2>\n<ul>\n<li>Quad en bicicleta por una distancia de 25 km en el desierto<\/li>\n<li>Quads en bicicleta por una distancia de 25 km a lo largo de la costa del Mar Rojo<\/li>\n<\/ul>\n<h3>Programa de viaje Moto Safari de tres horas en Safaga<\/h3>\n<ul>\n<li>Lo recogemos del hotel aproximadamente a las 08:00 de la ma\u00f1ana.<\/li>\n<li>Despu\u00e9s de recoger a todos los que vienen, nuestro minib\u00fas \/ Jeep se dirige hacia el desierto, donde hay una base de quads. El camino a la base dura unos 30 minutos.<\/li>\n<li>En primer lugar, deber\u00e1 prepararse para ponerse una bufanda en la cabeza, el casco y usar gafas de sol<\/li>\n<li>Luego, tendr\u00e1 una instrucci\u00f3n y capacitaci\u00f3n por un corto tiempo antes de comenzar a conducir<\/li>\n<li>Luego, conduces 10 km a trav\u00e9s del desierto antes de llegar a la costa del Mar Rojo<\/li>\n<li>Despu\u00e9s de llegar al Mar Rojo, contin\u00faa conduciendo a lo largo de su costa durante 15 km.<\/li>\n<li>Con el final de este incre\u00edble viaje, te detienes un momento para tomar una foto.<\/li>\n<li>Una vez m\u00e1s, te preparas para conducir 25 km de regreso a la base.<\/li>\n<li>Este emocionante viaje para un safari en quad toma aproximadamente tres horas.<\/li>\n<li>Este \u00abTres horas de Moto Safari en Safaga\u00bb termina aproximadamente a las 12:00<\/li>\n<\/ul>\n<h4>Lo que est\u00e1 incluido en el precio del viaje<\/h4>\n<ul>\n<li>Traslado al desierto y regreso al hotel.<\/li>\n<\/ul>\n<h5>Lo que no est\u00e1 incluido en el precio del viaje.<\/h5>\n<ul>\n<li>DVD de video<\/li>\n<li>Adem\u00e1s, Photo CD<\/li>\n<\/ul>\n<h6>Qu\u00e9 llevar para el viaje de tres horas en moto-safari<\/h6>\n<ul>\n<li>Bufanda<\/li>\n<li>Adem\u00e1s, gafas de sol<\/li>\n<\/ul>\n<h6>D\u00cdAS DE ORGANIZACI\u00d3N DE EXCURSI\u00d3N<\/h6>\n<ul>\n<li>Todos los d\u00edas de 08: 00-12: 00<\/li>\n<\/ul>\n","protected":false},"excerpt":{"rendered":"<p>\u00bfEst\u00e1s listo para una aventura inolvidable? El Moto Safari 3 horas Hurghada es la oportunidad perfecta para que usted y sus seres queridos experimenten la emoci\u00f3n de un viaje en un veh\u00edculo todo terreno en medio del hermoso paisaje de Egipto. Este viaje promete ser una experiencia llena de adrenalina que puedes apreciar y compartir con los dem\u00e1s.<\/p>\n<p>El ATV es un modo de transporte vers\u00e1til que combina las mejores caracter\u00edsticas de una motocicleta, un jeep y un tractor. Est\u00e1 especialmente dise\u00f1ado para la conducci\u00f3n todoterreno, lo que hace que su viaje por los desiertos de Egipto sea m\u00e1s emocionante que nunca.<\/p>\n<p>\u00a1Durante el tour Moto Safari, tendr\u00e1s la oportunidad de disfrutar de un viaje todoterreno independiente de una hora! La seguridad es nuestra principal prioridad, y cada participante recibir\u00e1 un entrenamiento de seguridad obligatorio en ingl\u00e9s antes de embarcarse en la aventura. Recibir\u00e1s todo el equipo necesario, una botella de agua y orientaci\u00f3n durante todo el recorrido.<\/p>\n<p>\u00danase a nosotros en este emocionante recorrido de 3 horas desde Safaga\/Soma Bay y explore el magn\u00edfico desierto en un quad. Con una distancia de 50 km, este recorrido le permite descubrir la belleza de la naturaleza del desierto de Egipto mientras disfruta de la impresionante vista al mar. El precio incluye traslados y guiado, para que no tengas que preocuparte de nada.<\/p>\n<p>Entendemos que la aventura puede ser estresante, por lo que nuestro equipo estar\u00e1 contigo en cada paso del camino. Desde la recogida en tu hotel hasta la estaci\u00f3n de quads, te guiaremos a trav\u00e9s de todos los detalles importantes del quad antes de partir. Conquista las dunas de arena y disfruta de las impresionantes vistas del desierto egipcio. Despu\u00e9s de aproximadamente una hora, llegaremos a un pueblo beduino tradicional donde podr\u00e1 experimentar la cultura local.<\/p>\n<p>Al final del recorrido, regresaremos a trav\u00e9s de las dunas de arena y el desierto hasta el punto de partida de Quad Bike Safari, y lo llevar\u00e1n de regreso a su hotel en Soma Bay. \u00a1Te prometemos que ser\u00e1 una experiencia que nunca olvidar\u00e1s! No se pierda esta fascinante aventura en el desierto en quad durante sus vacaciones en Soma Bay.<\/p>\n","protected":false},"featured_media":18727,"comment_status":"open","ping_status":"closed","template":"","meta":{"_coblocks_attr":"","_coblocks_dimensions":"","_coblocks_responsive_height":"","_coblocks_accordion_ie_support":"","_uag_custom_page_level_css":"","jetpack_publicize_message":"","jetpack_publicize_feature_enabled":true,"jetpack_social_post_already_shared":true,"jetpack_social_options":{"image_generator_settings":{"template":"highway","default_image_id":0,"font":"","enabled":false},"version":2},"_wpas_customize_per_network":false},"product_brand":[],"product_cat":[16909,23501],"product_tag":[1797,2182,1834,1813],"class_list":{"0":"post-18771","1":"product","2":"type-product","3":"status-publish","4":"has-post-thumbnail","6":"product_cat-excursiones-safaga","7":"product_cat-viajes-safari-en-safaga","8":"product_tag-excursion-es","9":"product_tag-paseos-en-quads","10":"product_tag-safari-es","11":"product_tag-safari-en-el-desierto","13":"first","14":"instock","15":"sale","16":"taxable","17":"shipping-taxable","18":"purchasable","19":"product-type-variable"},"yoast_head":"<!-- This site is optimized with the Yoast SEO Premium plugin v27.5 (Yoast SEO v27.5) - https:\/\/yoast.com\/product\/yoast-seo-premium-wordpress\/ -->\n<title>Tres horas de Moto Safari en Safaga<\/title>\n<meta name=\"description\" content=\"Tres horas de Moto Safari en Safaga \u00a1puedes disfrutar de un paseo en quad por una distancia de 50 km! \u00a1El viaje te permite disfrutar tanto de la naturaleza\" \/>\n<meta name=\"robots\" content=\"index, follow, max-snippet:-1, max-image-preview:large, max-video-preview:-1\" \/>\n<link rel=\"canonical\" href=\"https:\/\/landioustravel.com\/es\/shop\/tres-horas-moto-safari-safaga\/\" \/>\n<meta property=\"og:locale\" content=\"es_ES\" \/>\n<meta property=\"og:type\" content=\"article\" \/>\n<meta property=\"og:title\" content=\"Tres horas de Moto Safari en Safaga\" \/>\n<meta property=\"og:description\" content=\"Landious Travel\" \/>\n<meta property=\"og:url\" content=\"https:\/\/landioustravel.com\/es\/shop\/tres-horas-moto-safari-safaga\/\" \/>\n<meta property=\"og:site_name\" content=\"Landious Travel\" \/>\n<meta property=\"article:publisher\" content=\"https:\/\/web.facebook.com\/landiousEgypt\" \/>\n<meta property=\"article:modified_time\" content=\"2024-05-10T10:45:27+00:00\" \/>\n<meta property=\"og:image\" content=\"https:\/\/landioustravel.com\/wp-content\/uploads\/2019\/09\/Quad_biking_for_three_hours_in_Safaga2-1024x575.jpg\" \/>\n\t<meta property=\"og:image:width\" content=\"1024\" \/>\n\t<meta property=\"og:image:height\" content=\"575\" \/>\n\t<meta property=\"og:image:type\" content=\"image\/jpeg\" \/>\n<meta name=\"twitter:card\" content=\"summary_large_image\" \/>\n<meta name=\"twitter:site\" content=\"@LandiousTours\" \/>\n<meta name=\"twitter:label1\" content=\"Tiempo de lectura\" \/>\n\t<meta name=\"twitter:data1\" content=\"2 minutos\" \/>\n<script type=\"application\/ld+json\" class=\"yoast-schema-graph\">{\"@context\":\"https:\\\/\\\/schema.org\",\"@graph\":[{\"@type\":\"WebPage\",\"@id\":\"https:\\\/\\\/landioustravel.com\\\/es\\\/shop\\\/tres-horas-moto-safari-safaga\\\/\",\"url\":\"https:\\\/\\\/landioustravel.com\\\/es\\\/shop\\\/tres-horas-moto-safari-safaga\\\/\",\"name\":\"Tres horas de Moto Safari en Safaga\",\"isPartOf\":{\"@id\":\"https:\\\/\\\/landioustravel.com\\\/es\\\/#website\"},\"primaryImageOfPage\":{\"@id\":\"https:\\\/\\\/landioustravel.com\\\/es\\\/shop\\\/tres-horas-moto-safari-safaga\\\/#primaryimage\"},\"image\":{\"@id\":\"https:\\\/\\\/landioustravel.com\\\/es\\\/shop\\\/tres-horas-moto-safari-safaga\\\/#primaryimage\"},\"thumbnailUrl\":\"https:\\\/\\\/i0.wp.com\\\/landioustravel.com\\\/wp-content\\\/uploads\\\/2019\\\/09\\\/Quad_biking_for_three_hours_in_Safaga2.jpg?fit=3687%2C2071&ssl=1\",\"datePublished\":\"2019-09-02T05:31:09+00:00\",\"dateModified\":\"2024-05-10T10:45:27+00:00\",\"description\":\"Tres horas de Moto Safari en Safaga \u00a1puedes disfrutar de un paseo en quad por una distancia de 50 km! \u00a1El viaje te permite disfrutar tanto de la naturaleza\",\"breadcrumb\":{\"@id\":\"https:\\\/\\\/landioustravel.com\\\/es\\\/shop\\\/tres-horas-moto-safari-safaga\\\/#breadcrumb\"},\"inLanguage\":\"es\",\"potentialAction\":[{\"@type\":\"ReadAction\",\"target\":[\"https:\\\/\\\/landioustravel.com\\\/es\\\/shop\\\/tres-horas-moto-safari-safaga\\\/\"]}]},{\"@type\":\"ImageObject\",\"inLanguage\":\"es\",\"@id\":\"https:\\\/\\\/landioustravel.com\\\/es\\\/shop\\\/tres-horas-moto-safari-safaga\\\/#primaryimage\",\"url\":\"https:\\\/\\\/i0.wp.com\\\/landioustravel.com\\\/wp-content\\\/uploads\\\/2019\\\/09\\\/Quad_biking_for_three_hours_in_Safaga2.jpg?fit=3687%2C2071&ssl=1\",\"contentUrl\":\"https:\\\/\\\/i0.wp.com\\\/landioustravel.com\\\/wp-content\\\/uploads\\\/2019\\\/09\\\/Quad_biking_for_three_hours_in_Safaga2.jpg?fit=3687%2C2071&ssl=1\",\"width\":3687,\"height\":2071,\"caption\":\"Three Hours Moto Safari in Safaga\"},{\"@type\":\"BreadcrumbList\",\"@id\":\"https:\\\/\\\/landioustravel.com\\\/es\\\/shop\\\/tres-horas-moto-safari-safaga\\\/#breadcrumb\",\"itemListElement\":[{\"@type\":\"ListItem\",\"position\":1,\"name\":\"Home\",\"item\":\"https:\\\/\\\/landioustravel.com\\\/es\\\/\"},{\"@type\":\"ListItem\",\"position\":2,\"name\":\"Servicios y Tours\",\"item\":\"https:\\\/\\\/landioustravel.com\\\/es\\\/\"},{\"@type\":\"ListItem\",\"position\":3,\"name\":\"Tres horas de Moto Safari en Safaga\"}]},{\"@type\":\"WebSite\",\"@id\":\"https:\\\/\\\/landioustravel.com\\\/es\\\/#website\",\"url\":\"https:\\\/\\\/landioustravel.com\\\/es\\\/\",\"name\":\"Landious Travel\",\"description\":\"Tours and Excursions in Egypt\",\"publisher\":{\"@id\":\"https:\\\/\\\/landioustravel.com\\\/es\\\/#organization\"},\"potentialAction\":[{\"@type\":\"SearchAction\",\"target\":{\"@type\":\"EntryPoint\",\"urlTemplate\":\"https:\\\/\\\/landioustravel.com\\\/es\\\/?s={search_term_string}\"},\"query-input\":{\"@type\":\"PropertyValueSpecification\",\"valueRequired\":true,\"valueName\":\"search_term_string\"}}],\"inLanguage\":\"es\"},{\"@type\":[\"Organization\",\"Place\"],\"@id\":\"https:\\\/\\\/landioustravel.com\\\/es\\\/#organization\",\"name\":\"Landious Travel\",\"alternateName\":\"Landious Travel\",\"url\":\"https:\\\/\\\/landioustravel.com\\\/es\\\/\",\"logo\":{\"@id\":\"https:\\\/\\\/landioustravel.com\\\/es\\\/shop\\\/tres-horas-moto-safari-safaga\\\/#local-main-organization-logo\"},\"image\":{\"@id\":\"https:\\\/\\\/landioustravel.com\\\/es\\\/shop\\\/tres-horas-moto-safari-safaga\\\/#local-main-organization-logo\"},\"sameAs\":[\"https:\\\/\\\/web.facebook.com\\\/landiousEgypt\",\"https:\\\/\\\/x.com\\\/LandiousTours\",\"https:\\\/\\\/mastodon.social\\\/@landious\"],\"legalName\":\"Landious Travel\",\"telephone\":[],\"openingHoursSpecification\":[{\"@type\":\"OpeningHoursSpecification\",\"dayOfWeek\":[\"Monday\",\"Tuesday\",\"Wednesday\",\"Thursday\",\"Friday\",\"Saturday\",\"Sunday\"],\"opens\":\"09:00\",\"closes\":\"17:00\"}]},{\"@type\":\"ImageObject\",\"inLanguage\":\"es\",\"@id\":\"https:\\\/\\\/landioustravel.com\\\/es\\\/shop\\\/tres-horas-moto-safari-safaga\\\/#local-main-organization-logo\",\"url\":\"https:\\\/\\\/i0.wp.com\\\/landioustravel.com\\\/wp-content\\\/uploads\\\/2021\\\/06\\\/Landious-T.png?fit=500%2C500&ssl=1\",\"contentUrl\":\"https:\\\/\\\/i0.wp.com\\\/landioustravel.com\\\/wp-content\\\/uploads\\\/2021\\\/06\\\/Landious-T.png?fit=500%2C500&ssl=1\",\"width\":500,\"height\":500,\"caption\":\"Landious Travel\"}]}<\/script>\n<!-- \/ Yoast SEO Premium plugin. -->","yoast_head_json":{"title":"Tres horas de Moto Safari en Safaga","description":"Tres horas de Moto Safari en Safaga \u00a1puedes disfrutar de un paseo en quad por una distancia de 50 km! \u00a1El viaje te permite disfrutar tanto de la naturaleza","robots":{"index":"index","follow":"follow","max-snippet":"max-snippet:-1","max-image-preview":"max-image-preview:large","max-video-preview":"max-video-preview:-1"},"canonical":"https:\/\/landioustravel.com\/es\/shop\/tres-horas-moto-safari-safaga\/","og_locale":"es_ES","og_type":"article","og_title":"Tres horas de Moto Safari en Safaga","og_description":"Landious Travel","og_url":"https:\/\/landioustravel.com\/es\/shop\/tres-horas-moto-safari-safaga\/","og_site_name":"Landious Travel","article_publisher":"https:\/\/web.facebook.com\/landiousEgypt","article_modified_time":"2024-05-10T10:45:27+00:00","og_image":[{"width":1024,"height":575,"url":"https:\/\/landioustravel.com\/wp-content\/uploads\/2019\/09\/Quad_biking_for_three_hours_in_Safaga2-1024x575.jpg","type":"image\/jpeg"}],"twitter_card":"summary_large_image","twitter_site":"@LandiousTours","twitter_misc":{"Tiempo de lectura":"2 minutos"},"schema":{"@context":"https:\/\/schema.org","@graph":[{"@type":"WebPage","@id":"https:\/\/landioustravel.com\/es\/shop\/tres-horas-moto-safari-safaga\/","url":"https:\/\/landioustravel.com\/es\/shop\/tres-horas-moto-safari-safaga\/","name":"Tres horas de Moto Safari en Safaga","isPartOf":{"@id":"https:\/\/landioustravel.com\/es\/#website"},"primaryImageOfPage":{"@id":"https:\/\/landioustravel.com\/es\/shop\/tres-horas-moto-safari-safaga\/#primaryimage"},"image":{"@id":"https:\/\/landioustravel.com\/es\/shop\/tres-horas-moto-safari-safaga\/#primaryimage"},"thumbnailUrl":"https:\/\/i0.wp.com\/landioustravel.com\/wp-content\/uploads\/2019\/09\/Quad_biking_for_three_hours_in_Safaga2.jpg?fit=3687%2C2071&ssl=1","datePublished":"2019-09-02T05:31:09+00:00","dateModified":"2024-05-10T10:45:27+00:00","description":"Tres horas de Moto Safari en Safaga \u00a1puedes disfrutar de un paseo en quad por una distancia de 50 km! \u00a1El viaje te permite disfrutar tanto de la naturaleza","breadcrumb":{"@id":"https:\/\/landioustravel.com\/es\/shop\/tres-horas-moto-safari-safaga\/#breadcrumb"},"inLanguage":"es","potentialAction":[{"@type":"ReadAction","target":["https:\/\/landioustravel.com\/es\/shop\/tres-horas-moto-safari-safaga\/"]}]},{"@type":"ImageObject","inLanguage":"es","@id":"https:\/\/landioustravel.com\/es\/shop\/tres-horas-moto-safari-safaga\/#primaryimage","url":"https:\/\/i0.wp.com\/landioustravel.com\/wp-content\/uploads\/2019\/09\/Quad_biking_for_three_hours_in_Safaga2.jpg?fit=3687%2C2071&ssl=1","contentUrl":"https:\/\/i0.wp.com\/landioustravel.com\/wp-content\/uploads\/2019\/09\/Quad_biking_for_three_hours_in_Safaga2.jpg?fit=3687%2C2071&ssl=1","width":3687,"height":2071,"caption":"Three Hours Moto Safari in Safaga"},{"@type":"BreadcrumbList","@id":"https:\/\/landioustravel.com\/es\/shop\/tres-horas-moto-safari-safaga\/#breadcrumb","itemListElement":[{"@type":"ListItem","position":1,"name":"Home","item":"https:\/\/landioustravel.com\/es\/"},{"@type":"ListItem","position":2,"name":"Servicios y Tours","item":"https:\/\/landioustravel.com\/es\/"},{"@type":"ListItem","position":3,"name":"Tres horas de Moto Safari en Safaga"}]},{"@type":"WebSite","@id":"https:\/\/landioustravel.com\/es\/#website","url":"https:\/\/landioustravel.com\/es\/","name":"Landious Travel","description":"Tours and Excursions in Egypt","publisher":{"@id":"https:\/\/landioustravel.com\/es\/#organization"},"potentialAction":[{"@type":"SearchAction","target":{"@type":"EntryPoint","urlTemplate":"https:\/\/landioustravel.com\/es\/?s={search_term_string}"},"query-input":{"@type":"PropertyValueSpecification","valueRequired":true,"valueName":"search_term_string"}}],"inLanguage":"es"},{"@type":["Organization","Place"],"@id":"https:\/\/landioustravel.com\/es\/#organization","name":"Landious Travel","alternateName":"Landious Travel","url":"https:\/\/landioustravel.com\/es\/","logo":{"@id":"https:\/\/landioustravel.com\/es\/shop\/tres-horas-moto-safari-safaga\/#local-main-organization-logo"},"image":{"@id":"https:\/\/landioustravel.com\/es\/shop\/tres-horas-moto-safari-safaga\/#local-main-organization-logo"},"sameAs":["https:\/\/web.facebook.com\/landiousEgypt","https:\/\/x.com\/LandiousTours","https:\/\/mastodon.social\/@landious"],"legalName":"Landious Travel","telephone":[],"openingHoursSpecification":[{"@type":"OpeningHoursSpecification","dayOfWeek":["Monday","Tuesday","Wednesday","Thursday","Friday","Saturday","Sunday"],"opens":"09:00","closes":"17:00"}]},{"@type":"ImageObject","inLanguage":"es","@id":"https:\/\/landioustravel.com\/es\/shop\/tres-horas-moto-safari-safaga\/#local-main-organization-logo","url":"https:\/\/i0.wp.com\/landioustravel.com\/wp-content\/uploads\/2021\/06\/Landious-T.png?fit=500%2C500&ssl=1","contentUrl":"https:\/\/i0.wp.com\/landioustravel.com\/wp-content\/uploads\/2021\/06\/Landious-T.png?fit=500%2C500&ssl=1","width":500,"height":500,"caption":"Landious Travel"}]}},"jetpack_publicize_connections":[],"uagb_featured_image_src":{"full":["https:\/\/i0.wp.com\/landioustravel.com\/wp-content\/uploads\/2019\/09\/Quad_biking_for_three_hours_in_Safaga2.jpg?fit=3687%2C2071&ssl=1",3687,2071,false],"thumbnail":["https:\/\/i0.wp.com\/landioustravel.com\/wp-content\/uploads\/2019\/09\/Quad_biking_for_three_hours_in_Safaga2.jpg?resize=150%2C150&ssl=1",150,150,true],"medium":["https:\/\/i0.wp.com\/landioustravel.com\/wp-content\/uploads\/2019\/09\/Quad_biking_for_three_hours_in_Safaga2.jpg?fit=300%2C169&ssl=1",300,169,true],"medium_large":["https:\/\/i0.wp.com\/landioustravel.com\/wp-content\/uploads\/2019\/09\/Quad_biking_for_three_hours_in_Safaga2.jpg?fit=768%2C431&ssl=1",768,431,true],"large":["https:\/\/i0.wp.com\/landioustravel.com\/wp-content\/uploads\/2019\/09\/Quad_biking_for_three_hours_in_Safaga2.jpg?fit=980%2C550&ssl=1",980,550,true],"1536x1536":["https:\/\/i0.wp.com\/landioustravel.com\/wp-content\/uploads\/2019\/09\/Quad_biking_for_three_hours_in_Safaga2.jpg?fit=1536%2C863&ssl=1",1536,863,true],"2048x2048":["https:\/\/i0.wp.com\/landioustravel.com\/wp-content\/uploads\/2019\/09\/Quad_biking_for_three_hours_in_Safaga2.jpg?fit=2048%2C1150&ssl=1",2048,1150,true],"newspack-article-block-landscape-large":["https:\/\/i0.wp.com\/landioustravel.com\/wp-content\/uploads\/2019\/09\/Quad_biking_for_three_hours_in_Safaga2.jpg?resize=1200%2C900&ssl=1",1200,900,true],"newspack-article-block-portrait-large":["https:\/\/i0.wp.com\/landioustravel.com\/wp-content\/uploads\/2019\/09\/Quad_biking_for_three_hours_in_Safaga2.jpg?resize=900%2C1200&ssl=1",900,1200,true],"newspack-article-block-square-large":["https:\/\/i0.wp.com\/landioustravel.com\/wp-content\/uploads\/2019\/09\/Quad_biking_for_three_hours_in_Safaga2.jpg?resize=1200%2C1200&ssl=1",1200,1200,true],"newspack-article-block-landscape-medium":["https:\/\/i0.wp.com\/landioustravel.com\/wp-content\/uploads\/2019\/09\/Quad_biking_for_three_hours_in_Safaga2.jpg?resize=800%2C600&ssl=1",800,600,true],"newspack-article-block-portrait-medium":["https:\/\/i0.wp.com\/landioustravel.com\/wp-content\/uploads\/2019\/09\/Quad_biking_for_three_hours_in_Safaga2.jpg?resize=600%2C800&ssl=1",600,800,true],"newspack-article-block-square-medium":["https:\/\/i0.wp.com\/landioustravel.com\/wp-content\/uploads\/2019\/09\/Quad_biking_for_three_hours_in_Safaga2.jpg?resize=800%2C800&ssl=1",800,800,true],"newspack-article-block-landscape-intermediate":["https:\/\/i0.wp.com\/landioustravel.com\/wp-content\/uploads\/2019\/09\/Quad_biking_for_three_hours_in_Safaga2.jpg?resize=600%2C450&ssl=1",600,450,true],"newspack-article-block-portrait-intermediate":["https:\/\/i0.wp.com\/landioustravel.com\/wp-content\/uploads\/2019\/09\/Quad_biking_for_three_hours_in_Safaga2.jpg?resize=450%2C600&ssl=1",450,600,true],"newspack-article-block-square-intermediate":["https:\/\/i0.wp.com\/landioustravel.com\/wp-content\/uploads\/2019\/09\/Quad_biking_for_three_hours_in_Safaga2.jpg?resize=600%2C600&ssl=1",600,600,true],"newspack-article-block-landscape-small":["https:\/\/i0.wp.com\/landioustravel.com\/wp-content\/uploads\/2019\/09\/Quad_biking_for_three_hours_in_Safaga2.jpg?resize=400%2C300&ssl=1",400,300,true],"newspack-article-block-portrait-small":["https:\/\/i0.wp.com\/landioustravel.com\/wp-content\/uploads\/2019\/09\/Quad_biking_for_three_hours_in_Safaga2.jpg?resize=300%2C400&ssl=1",300,400,true],"newspack-article-block-square-small":["https:\/\/i0.wp.com\/landioustravel.com\/wp-content\/uploads\/2019\/09\/Quad_biking_for_three_hours_in_Safaga2.jpg?resize=400%2C400&ssl=1",400,400,true],"newspack-article-block-landscape-tiny":["https:\/\/i0.wp.com\/landioustravel.com\/wp-content\/uploads\/2019\/09\/Quad_biking_for_three_hours_in_Safaga2.jpg?resize=200%2C150&ssl=1",200,150,true],"newspack-article-block-portrait-tiny":["https:\/\/i0.wp.com\/landioustravel.com\/wp-content\/uploads\/2019\/09\/Quad_biking_for_three_hours_in_Safaga2.jpg?resize=150%2C200&ssl=1",150,200,true],"newspack-article-block-square-tiny":["https:\/\/i0.wp.com\/landioustravel.com\/wp-content\/uploads\/2019\/09\/Quad_biking_for_three_hours_in_Safaga2.jpg?resize=200%2C200&ssl=1",200,200,true],"newspack-article-block-uncropped":["https:\/\/i0.wp.com\/landioustravel.com\/wp-content\/uploads\/2019\/09\/Quad_biking_for_three_hours_in_Safaga2.jpg?fit=1200%2C674&ssl=1",1200,674,true],"woocommerce_thumbnail":["https:\/\/i0.wp.com\/landioustravel.com\/wp-content\/uploads\/2019\/09\/Quad_biking_for_three_hours_in_Safaga2.jpg?resize=324%2C324&ssl=1",324,324,true],"woocommerce_single":["https:\/\/i0.wp.com\/landioustravel.com\/wp-content\/uploads\/2019\/09\/Quad_biking_for_three_hours_in_Safaga2.jpg?fit=416%2C234&ssl=1",416,234,true],"woocommerce_gallery_thumbnail":["https:\/\/i0.wp.com\/landioustravel.com\/wp-content\/uploads\/2019\/09\/Quad_biking_for_three_hours_in_Safaga2.jpg?resize=100%2C100&ssl=1",100,100,true]},"uagb_author_info":{"display_name":"Mofreh Landious","author_link":"https:\/\/landioustravel.com\/es\/author\/"},"uagb_comment_info":2,"uagb_excerpt":"\u00bfEst\u00e1s listo para una aventura inolvidable? El Moto Safari 3 horas Hurghada es la oportunidad perfecta para que usted y sus seres queridos experimenten la emoci\u00f3n de un viaje en un veh\u00edculo todo terreno en medio del hermoso paisaje de Egipto. Este viaje promete ser una experiencia llena de adrenalina que puedes apreciar y compartir&hellip;","jetpack_sharing_enabled":true,"jetpack_likes_enabled":true,"amp_enabled":true,"_links":{"self":[{"href":"https:\/\/landioustravel.com\/es\/wp-json\/wp\/v2\/product\/18771","targetHints":{"allow":["GET"]}}],"collection":[{"href":"https:\/\/landioustravel.com\/es\/wp-json\/wp\/v2\/product"}],"about":[{"href":"https:\/\/landioustravel.com\/es\/wp-json\/wp\/v2\/types\/product"}],"replies":[{"embeddable":true,"href":"https:\/\/landioustravel.com\/es\/wp-json\/wp\/v2\/comments?post=18771"}],"wp:featuredmedia":[{"embeddable":true,"href":"https:\/\/landioustravel.com\/es\/wp-json\/wp\/v2\/media\/18727"}],"wp:attachment":[{"href":"https:\/\/landioustravel.com\/es\/wp-json\/wp\/v2\/media?parent=18771"}],"wp:term":[{"taxonomy":"product_brand","embeddable":true,"href":"https:\/\/landioustravel.com\/es\/wp-json\/wp\/v2\/product_brand?post=18771"},{"taxonomy":"product_cat","embeddable":true,"href":"https:\/\/landioustravel.com\/es\/wp-json\/wp\/v2\/product_cat?post=18771"},{"taxonomy":"product_tag","embeddable":true,"href":"https:\/\/landioustravel.com\/es\/wp-json\/wp\/v2\/product_tag?post=18771"}],"curies":[{"name":"wp","href":"https:\/\/api.w.org\/{rel}","templated":true}]}}