{"id":2087,"date":"2018-12-16T20:52:00","date_gmt":"2018-12-16T18:52:00","guid":{"rendered":"https:\/\/landioustravel.com\/product\/excursion-cairo-alejandria-sharm\/"},"modified":"2024-09-24T01:49:04","modified_gmt":"2024-09-23T22:49:04","slug":"excursion-cairo-alejandria-sharm","status":"publish","type":"product","link":"https:\/\/landioustravel.com\/es\/shop\/excursion-cairo-alejandria-sharm\/","title":{"rendered":"Excursi\u00f3n a El Cairo-Alejandr\u00eda desde Sharm El-Sheikh"},"content":{"rendered":"<p>\u00a1Un programa intensivo de excursiones a El Cairo y Alejandr\u00eda desde el centro tur\u00edstico de Sharm El Sheikh! Recomendamos el tour, ya que permite a los turistas ver las vistas m\u00e1s impresionantes. Estas atracciones se encuentran en las tres ciudades diferentes: El Cairo, Giza y Alejandr\u00eda. En las ciudades de El Cairo y Giza, puede visitar los antiguos monumentos egipcios. Mientras que en Alejandr\u00eda, se ven las vistas del Imperio Romano y el per\u00edodo moderno. Todo esto le permite aprender m\u00e1s sobre la historia de Egipto y obtener muchas impresiones.<\/p>\n<h2>Los principales puntos del programa de excursiones a El Cairo-Alejandr\u00eda<\/h2>\n<h3>El programa en el Cairo:<\/h3>\n<ul>\n<li>Visitando el Museo Egipcio en El Cairo<\/li>\n<li>Las tres pir\u00e1mides en Giza<\/li>\n<li>Y, la Gran Esfinge en el complejo piramidal<\/li>\n<li>Pernocte en hotel<\/li>\n<\/ul>\n<h3>El programa del segundo d\u00eda en Alejandr\u00eda:<\/h3>\n<ul>\n<li>Visita al parque de Montazah y al faro de Alejandr\u00eda.<\/li>\n<li>Visita a la biblioteca de Alejandr\u00eda<\/li>\n<li>Almuerzo en un restaurante de pescado<\/li>\n<li>Ciudadela de Qeitbay y Mezquita de Abu Abbas<\/li>\n<li>Y, visitando el anfiteatro romano<\/li>\n<\/ul>\n<h3>El programa de excursiones a El Cairo-Alejandr\u00eda desde Sharm El-Sheikh<\/h3>\n<ul>\n<li>Lo recogemos de su hotel aproximadamente a las 00:00 de la medianoche.<\/li>\n<li>Despu\u00e9s de recoger a todos los interesados, el autob\u00fas sale en direcci\u00f3n a El Cairo, pasando por las ciudades de El Tor, Abu Zinema, Ras Sidr y Suez. Todas estas ciudades se encuentran al norte de Sharm El Sheikh, en la costa del Mar Rojo. El camino, desde el centro de Sharm El Sheikh hasta El Cairo, toma aproximadamente 6 horas.<\/li>\n<\/ul>\n<h4>Programa del primer d\u00eda en el Cairo<\/h4>\n<ul>\n<li>Una vez que llegue a El Cairo, le mostraremos el Museo Egipcio. Su gu\u00eda tendr\u00e1 la tarea de mostrar todas las exposiciones en este enorme museo y le dar\u00e1 tiempo libre para tomar fotograf\u00edas.<\/li>\n<li>Despu\u00e9s de visitar el Museo Egipcio en El Cairo, comienza un picnic en barco por el r\u00edo Nilo, como opci\u00f3n pagada. Este es un programa adicional, y debe reservarse con anticipaci\u00f3n a trav\u00e9s de nosotros. Tan pronto como termine el picnic en el Nilo, se dirigir\u00e1 a otra ciudad _ Giza<\/li>\n<li>El viaje contin\u00faa en Giza. La primera parada, all\u00ed, ser\u00e1 en el restaurante para el almuerzo. El restaurante ofrece un buffet abierto.<\/li>\n<li>Despu\u00e9s del almuerzo, haces compras por un rato.<\/li>\n<li>Luego, el grupo va al complejo de la pir\u00e1mide, donde hay grandes pir\u00e1mides y la Esfinge. Su gu\u00eda los muestra y le da tiempo libre para tomarles una foto.<\/li>\n<li>Antes de finalizar el programa en Giza, los turistas tienen tiempo para comprar en la sala de perfumes.<\/li>\n<li>Despu\u00e9s de eso, usted va al hotel para registrarse en su hotel y pasar la noche.<\/li>\n<li>Por la ma\u00f1ana, tendr\u00e1 que viajar a Alejandr\u00eda. Ser\u00e1 recogido de su hotel aproximadamente a las 03:00 am<\/li>\n<\/ul>\n<h4>El programa del segundo d\u00eda en Alejandr\u00eda<\/h4>\n<ul>\n<li>Tan pronto como llegue a Alejandr\u00eda, le mostraremos el palacio de Montazah, donde se encuentra el palacio del rey de Egipto y el faro de Pharos.<\/li>\n<li>Adem\u00e1s, ver\u00e1 la Biblioteca de Alejandr\u00eda y la Mezquita de Abu Abbas.<\/li>\n<li>Luego, visitar\u00e1 la ciudadela de Qeitbay.<\/li>\n<li>Despu\u00e9s de visitar la fortaleza, almorzar\u00e1s en un restaurante de pescado.<\/li>\n<li>Luego, regresa a El Cairo y contin\u00faa hasta Sharm El Sheikh.<\/li>\n<\/ul>\n<h5>Lo que est\u00e1 incluido en el precio del tour<\/h5>\n<ul>\n<li>Entradas para visitar los templos.<\/li>\n<li>Comida (excepto bebidas)<\/li>\n<li>Gu\u00eda<\/li>\n<li>Traslado a El Cairo-Alejandr\u00eda y regreso a su hotel.<\/li>\n<\/ul>\n<h6>Lo que no est\u00e1 incluido en el precio del tour<\/h6>\n<ul>\n<li>Programas adicionales de excursiones.<\/li>\n<li>Las bebidas<\/li>\n<\/ul>\n<h6>Que llevar contigo para el tour<\/h6>\n<ul>\n<li>Caja de desayuno<\/li>\n<li>Pasaporte<\/li>\n<li>Ropa para la temporada.<\/li>\n<\/ul>\n<h6>D\u00cdAS DE LA ORGANIZACI\u00d3N DE EXCURSIONES<\/h6>\n<ul>\n<li>Diariamente desde las 00:00 de la medianoche hasta las 23:00 del segundo d\u00eda.<\/li>\n<\/ul>\n","protected":false},"excerpt":{"rendered":"<p>\u00bfEst\u00e1 interesado en explorar las magn\u00edficas ciudades de El Cairo y Alejandr\u00eda durante su visita a Egipto? Nuestra excursi\u00f3n de dos d\u00edas desde Sharm El-Sheikh le ofrece la oportunidad de presenciar las impresionantes pir\u00e1mides de Giza y visitar el Museo Egipcio de El Cairo. Tambi\u00e9n puede disfrutar de un relajante picnic en barco por el r\u00edo Nilo y comprar recuerdos en la f\u00e1brica de perfumes.<\/p>\n<p>El segundo d\u00eda, nuestro amable y experto gu\u00eda de habla inglesa lo acompa\u00f1ar\u00e1 a Alejandr\u00eda, donde ver\u00e1 el palacio hist\u00f3rico del rey de Egipto en Montaza, la fortaleza de Qaitbay y la hermosa Biblioteca de Alejandr\u00eda. Tambi\u00e9n visitar\u00e1 el Patriarcado Copto y la mezquita de Abu Abbas, que tiene una gran importancia en la historia de Egipto.<\/p>\n<p>Entendemos que viajar puede ser agotador, por lo que lo recogeremos de su hotel en Sharm El-Sheikh en un autob\u00fas grande con aire acondicionado y nos aseguraremos de que tenga un alojamiento c\u00f3modo durante su viaje. Tambi\u00e9n le proporcionaremos un amplio tiempo libre para explorar las ciudades a su gusto. Al final de la excursi\u00f3n, lo llevaremos de regreso a su hotel en Sharm el-Sheikh. \u00a1Descubre la rica historia y cultura de Egipto con nosotros!<\/p>\n","protected":false},"featured_media":51279,"comment_status":"open","ping_status":"closed","template":"","meta":{"_coblocks_attr":"","_coblocks_dimensions":"","_coblocks_responsive_height":"","_coblocks_accordion_ie_support":"","_uag_custom_page_level_css":"","jetpack_post_was_ever_published":false,"jetpack_publicize_message":"","jetpack_publicize_feature_enabled":true,"jetpack_social_post_already_shared":false,"jetpack_social_options":{"image_generator_settings":{"template":"highway","default_image_id":0,"font":"","enabled":false},"version":2},"_wpas_customize_per_network":false},"product_brand":[],"product_cat":[1793,1792],"product_tag":[1807,1804,1806,1797,1805,1800,9907],"class_list":{"0":"post-2087","1":"product","2":"type-product","3":"status-publish","4":"has-post-thumbnail","6":"product_cat-excursiones-historicas-sharm-el-sheikh","7":"product_cat-excursiones-sharm-el-sheikh","8":"product_tag-alejandria","9":"product_tag-el-cairo","10":"product_tag-esfinge","11":"product_tag-excursion-es","12":"product_tag-piramides","13":"product_tag-sharm-el-sheikh-es","14":"product_tag-turismo","15":"pa_age-el-adulto","16":"pa_age-nino","18":"first","19":"instock","20":"sale","21":"purchasable","22":"product-type-variable"},"yoast_head":"<!-- This site is optimized with the Yoast SEO Premium plugin v26.9 (Yoast SEO v27.3) - https:\/\/yoast.com\/product\/yoast-seo-premium-wordpress\/ -->\n<title>Excursi\u00f3n a El Cairo-Alejandr\u00eda desde Sharm El-Sheikh<\/title>\n<meta name=\"description\" content=\"Excursi\u00f3n a El Cairo-Alejandr\u00eda desde Sharm El-Sheikh visita las pir\u00e1mides y la Esfinge de Giza, el Museo Egipcio de El Cairo y la fortaleza de Qaitbay y\" \/>\n<meta name=\"robots\" content=\"index, follow, max-snippet:-1, max-image-preview:large, max-video-preview:-1\" \/>\n<link rel=\"canonical\" href=\"https:\/\/landioustravel.com\/es\/shop\/excursion-cairo-alejandria-sharm\/\" \/>\n<meta property=\"og:locale\" content=\"es_ES\" \/>\n<meta property=\"og:type\" content=\"article\" \/>\n<meta property=\"og:title\" content=\"Excursi\u00f3n a El Cairo-Alejandr\u00eda desde Sharm El-Sheikh\" \/>\n<meta property=\"og:description\" content=\"Landious Travel\" \/>\n<meta property=\"og:url\" content=\"https:\/\/landioustravel.com\/es\/shop\/excursion-cairo-alejandria-sharm\/\" \/>\n<meta property=\"og:site_name\" content=\"Landious Travel\" \/>\n<meta property=\"article:publisher\" content=\"https:\/\/web.facebook.com\/landiousEgypt\" \/>\n<meta property=\"article:modified_time\" content=\"2024-09-23T22:49:04+00:00\" \/>\n<meta property=\"og:image\" content=\"https:\/\/i0.wp.com\/landioustravel.com\/wp-content\/uploads\/2021\/05\/landious-montaza-palace-e1621971093894.jpg?fit=1200%2C675&ssl=1\" \/>\n\t<meta property=\"og:image:width\" content=\"1200\" \/>\n\t<meta property=\"og:image:height\" content=\"675\" \/>\n\t<meta property=\"og:image:type\" content=\"image\/jpeg\" \/>\n<meta name=\"twitter:card\" content=\"summary_large_image\" \/>\n<meta name=\"twitter:site\" content=\"@LandiousTours\" \/>\n<meta name=\"twitter:label1\" content=\"Tiempo de lectura\" \/>\n\t<meta name=\"twitter:data1\" content=\"3 minutos\" \/>\n<script type=\"application\/ld+json\" class=\"yoast-schema-graph\">{\"@context\":\"https:\\\/\\\/schema.org\",\"@graph\":[{\"@type\":\"WebPage\",\"@id\":\"https:\\\/\\\/landioustravel.com\\\/es\\\/shop\\\/excursion-cairo-alejandria-sharm\\\/\",\"url\":\"https:\\\/\\\/landioustravel.com\\\/es\\\/shop\\\/excursion-cairo-alejandria-sharm\\\/\",\"name\":\"Excursi\u00f3n a El Cairo-Alejandr\u00eda desde Sharm El-Sheikh\",\"isPartOf\":{\"@id\":\"https:\\\/\\\/landioustravel.com\\\/es\\\/#website\"},\"primaryImageOfPage\":{\"@id\":\"https:\\\/\\\/landioustravel.com\\\/es\\\/shop\\\/excursion-cairo-alejandria-sharm\\\/#primaryimage\"},\"image\":{\"@id\":\"https:\\\/\\\/landioustravel.com\\\/es\\\/shop\\\/excursion-cairo-alejandria-sharm\\\/#primaryimage\"},\"thumbnailUrl\":\"https:\\\/\\\/i0.wp.com\\\/landioustravel.com\\\/wp-content\\\/uploads\\\/2021\\\/05\\\/landious-montaza-palace-e1621971093894.jpg?fit=1200%2C675&ssl=1\",\"datePublished\":\"2018-12-16T18:52:00+00:00\",\"dateModified\":\"2024-09-23T22:49:04+00:00\",\"description\":\"Excursi\u00f3n a El Cairo-Alejandr\u00eda desde Sharm El-Sheikh visita las pir\u00e1mides y la Esfinge de Giza, el Museo Egipcio de El Cairo y la fortaleza de Qaitbay y\",\"breadcrumb\":{\"@id\":\"https:\\\/\\\/landioustravel.com\\\/es\\\/shop\\\/excursion-cairo-alejandria-sharm\\\/#breadcrumb\"},\"inLanguage\":\"es\",\"potentialAction\":[{\"@type\":\"ReadAction\",\"target\":[\"https:\\\/\\\/landioustravel.com\\\/es\\\/shop\\\/excursion-cairo-alejandria-sharm\\\/\"]}]},{\"@type\":\"ImageObject\",\"inLanguage\":\"es\",\"@id\":\"https:\\\/\\\/landioustravel.com\\\/es\\\/shop\\\/excursion-cairo-alejandria-sharm\\\/#primaryimage\",\"url\":\"https:\\\/\\\/i0.wp.com\\\/landioustravel.com\\\/wp-content\\\/uploads\\\/2021\\\/05\\\/landious-montaza-palace-e1621971093894.jpg?fit=1200%2C675&ssl=1\",\"contentUrl\":\"https:\\\/\\\/i0.wp.com\\\/landioustravel.com\\\/wp-content\\\/uploads\\\/2021\\\/05\\\/landious-montaza-palace-e1621971093894.jpg?fit=1200%2C675&ssl=1\",\"width\":1200,\"height\":675,\"caption\":\"Montaza Palace\"},{\"@type\":\"BreadcrumbList\",\"@id\":\"https:\\\/\\\/landioustravel.com\\\/es\\\/shop\\\/excursion-cairo-alejandria-sharm\\\/#breadcrumb\",\"itemListElement\":[{\"@type\":\"ListItem\",\"position\":1,\"name\":\"Home\",\"item\":\"https:\\\/\\\/landioustravel.com\\\/es\\\/\"},{\"@type\":\"ListItem\",\"position\":2,\"name\":\"Servicios y Tours\",\"item\":\"https:\\\/\\\/landioustravel.com\\\/es\\\/\"},{\"@type\":\"ListItem\",\"position\":3,\"name\":\"Excursi\u00f3n a El Cairo-Alejandr\u00eda desde Sharm El-Sheikh\"}]},{\"@type\":\"WebSite\",\"@id\":\"https:\\\/\\\/landioustravel.com\\\/es\\\/#website\",\"url\":\"https:\\\/\\\/landioustravel.com\\\/es\\\/\",\"name\":\"Landious Travel\",\"description\":\"Tours and Excursions in Egypt\",\"publisher\":{\"@id\":\"https:\\\/\\\/landioustravel.com\\\/es\\\/#organization\"},\"potentialAction\":[{\"@type\":\"SearchAction\",\"target\":{\"@type\":\"EntryPoint\",\"urlTemplate\":\"https:\\\/\\\/landioustravel.com\\\/es\\\/?s={search_term_string}\"},\"query-input\":{\"@type\":\"PropertyValueSpecification\",\"valueRequired\":true,\"valueName\":\"search_term_string\"}}],\"inLanguage\":\"es\"},{\"@type\":[\"Organization\",\"Place\"],\"@id\":\"https:\\\/\\\/landioustravel.com\\\/es\\\/#organization\",\"name\":\"Landious Travel\",\"alternateName\":\"Landious Travel\",\"url\":\"https:\\\/\\\/landioustravel.com\\\/es\\\/\",\"logo\":{\"@id\":\"https:\\\/\\\/landioustravel.com\\\/es\\\/shop\\\/excursion-cairo-alejandria-sharm\\\/#local-main-organization-logo\"},\"image\":{\"@id\":\"https:\\\/\\\/landioustravel.com\\\/es\\\/shop\\\/excursion-cairo-alejandria-sharm\\\/#local-main-organization-logo\"},\"sameAs\":[\"https:\\\/\\\/web.facebook.com\\\/landiousEgypt\",\"https:\\\/\\\/x.com\\\/LandiousTours\",\"https:\\\/\\\/mastodon.social\\\/@landious\"],\"legalName\":\"Landious Travel\",\"telephone\":[],\"openingHoursSpecification\":[{\"@type\":\"OpeningHoursSpecification\",\"dayOfWeek\":[\"Monday\",\"Tuesday\",\"Wednesday\",\"Thursday\",\"Friday\",\"Saturday\",\"Sunday\"],\"opens\":\"09:00\",\"closes\":\"17:00\"}]},{\"@type\":\"ImageObject\",\"inLanguage\":\"es\",\"@id\":\"https:\\\/\\\/landioustravel.com\\\/es\\\/shop\\\/excursion-cairo-alejandria-sharm\\\/#local-main-organization-logo\",\"url\":\"https:\\\/\\\/i0.wp.com\\\/landioustravel.com\\\/wp-content\\\/uploads\\\/2021\\\/06\\\/Landious-T.png?fit=500%2C500&ssl=1\",\"contentUrl\":\"https:\\\/\\\/i0.wp.com\\\/landioustravel.com\\\/wp-content\\\/uploads\\\/2021\\\/06\\\/Landious-T.png?fit=500%2C500&ssl=1\",\"width\":500,\"height\":500,\"caption\":\"Landious Travel\"}]}<\/script>\n<!-- \/ Yoast SEO Premium plugin. -->","yoast_head_json":{"title":"Excursi\u00f3n a El Cairo-Alejandr\u00eda desde Sharm El-Sheikh","description":"Excursi\u00f3n a El Cairo-Alejandr\u00eda desde Sharm El-Sheikh visita las pir\u00e1mides y la Esfinge de Giza, el Museo Egipcio de El Cairo y la fortaleza de Qaitbay y","robots":{"index":"index","follow":"follow","max-snippet":"max-snippet:-1","max-image-preview":"max-image-preview:large","max-video-preview":"max-video-preview:-1"},"canonical":"https:\/\/landioustravel.com\/es\/shop\/excursion-cairo-alejandria-sharm\/","og_locale":"es_ES","og_type":"article","og_title":"Excursi\u00f3n a El Cairo-Alejandr\u00eda desde Sharm El-Sheikh","og_description":"Landious Travel","og_url":"https:\/\/landioustravel.com\/es\/shop\/excursion-cairo-alejandria-sharm\/","og_site_name":"Landious Travel","article_publisher":"https:\/\/web.facebook.com\/landiousEgypt","article_modified_time":"2024-09-23T22:49:04+00:00","og_image":[{"width":1200,"height":675,"url":"https:\/\/i0.wp.com\/landioustravel.com\/wp-content\/uploads\/2021\/05\/landious-montaza-palace-e1621971093894.jpg?fit=1200%2C675&ssl=1","type":"image\/jpeg"}],"twitter_card":"summary_large_image","twitter_site":"@LandiousTours","twitter_misc":{"Tiempo de lectura":"3 minutos"},"schema":{"@context":"https:\/\/schema.org","@graph":[{"@type":"WebPage","@id":"https:\/\/landioustravel.com\/es\/shop\/excursion-cairo-alejandria-sharm\/","url":"https:\/\/landioustravel.com\/es\/shop\/excursion-cairo-alejandria-sharm\/","name":"Excursi\u00f3n a El Cairo-Alejandr\u00eda desde Sharm El-Sheikh","isPartOf":{"@id":"https:\/\/landioustravel.com\/es\/#website"},"primaryImageOfPage":{"@id":"https:\/\/landioustravel.com\/es\/shop\/excursion-cairo-alejandria-sharm\/#primaryimage"},"image":{"@id":"https:\/\/landioustravel.com\/es\/shop\/excursion-cairo-alejandria-sharm\/#primaryimage"},"thumbnailUrl":"https:\/\/i0.wp.com\/landioustravel.com\/wp-content\/uploads\/2021\/05\/landious-montaza-palace-e1621971093894.jpg?fit=1200%2C675&ssl=1","datePublished":"2018-12-16T18:52:00+00:00","dateModified":"2024-09-23T22:49:04+00:00","description":"Excursi\u00f3n a El Cairo-Alejandr\u00eda desde Sharm El-Sheikh visita las pir\u00e1mides y la Esfinge de Giza, el Museo Egipcio de El Cairo y la fortaleza de Qaitbay y","breadcrumb":{"@id":"https:\/\/landioustravel.com\/es\/shop\/excursion-cairo-alejandria-sharm\/#breadcrumb"},"inLanguage":"es","potentialAction":[{"@type":"ReadAction","target":["https:\/\/landioustravel.com\/es\/shop\/excursion-cairo-alejandria-sharm\/"]}]},{"@type":"ImageObject","inLanguage":"es","@id":"https:\/\/landioustravel.com\/es\/shop\/excursion-cairo-alejandria-sharm\/#primaryimage","url":"https:\/\/i0.wp.com\/landioustravel.com\/wp-content\/uploads\/2021\/05\/landious-montaza-palace-e1621971093894.jpg?fit=1200%2C675&ssl=1","contentUrl":"https:\/\/i0.wp.com\/landioustravel.com\/wp-content\/uploads\/2021\/05\/landious-montaza-palace-e1621971093894.jpg?fit=1200%2C675&ssl=1","width":1200,"height":675,"caption":"Montaza Palace"},{"@type":"BreadcrumbList","@id":"https:\/\/landioustravel.com\/es\/shop\/excursion-cairo-alejandria-sharm\/#breadcrumb","itemListElement":[{"@type":"ListItem","position":1,"name":"Home","item":"https:\/\/landioustravel.com\/es\/"},{"@type":"ListItem","position":2,"name":"Servicios y Tours","item":"https:\/\/landioustravel.com\/es\/"},{"@type":"ListItem","position":3,"name":"Excursi\u00f3n a El Cairo-Alejandr\u00eda desde Sharm El-Sheikh"}]},{"@type":"WebSite","@id":"https:\/\/landioustravel.com\/es\/#website","url":"https:\/\/landioustravel.com\/es\/","name":"Landious Travel","description":"Tours and Excursions in Egypt","publisher":{"@id":"https:\/\/landioustravel.com\/es\/#organization"},"potentialAction":[{"@type":"SearchAction","target":{"@type":"EntryPoint","urlTemplate":"https:\/\/landioustravel.com\/es\/?s={search_term_string}"},"query-input":{"@type":"PropertyValueSpecification","valueRequired":true,"valueName":"search_term_string"}}],"inLanguage":"es"},{"@type":["Organization","Place"],"@id":"https:\/\/landioustravel.com\/es\/#organization","name":"Landious Travel","alternateName":"Landious Travel","url":"https:\/\/landioustravel.com\/es\/","logo":{"@id":"https:\/\/landioustravel.com\/es\/shop\/excursion-cairo-alejandria-sharm\/#local-main-organization-logo"},"image":{"@id":"https:\/\/landioustravel.com\/es\/shop\/excursion-cairo-alejandria-sharm\/#local-main-organization-logo"},"sameAs":["https:\/\/web.facebook.com\/landiousEgypt","https:\/\/x.com\/LandiousTours","https:\/\/mastodon.social\/@landious"],"legalName":"Landious Travel","telephone":[],"openingHoursSpecification":[{"@type":"OpeningHoursSpecification","dayOfWeek":["Monday","Tuesday","Wednesday","Thursday","Friday","Saturday","Sunday"],"opens":"09:00","closes":"17:00"}]},{"@type":"ImageObject","inLanguage":"es","@id":"https:\/\/landioustravel.com\/es\/shop\/excursion-cairo-alejandria-sharm\/#local-main-organization-logo","url":"https:\/\/i0.wp.com\/landioustravel.com\/wp-content\/uploads\/2021\/06\/Landious-T.png?fit=500%2C500&ssl=1","contentUrl":"https:\/\/i0.wp.com\/landioustravel.com\/wp-content\/uploads\/2021\/06\/Landious-T.png?fit=500%2C500&ssl=1","width":500,"height":500,"caption":"Landious Travel"}]}},"jetpack_publicize_connections":[],"uagb_featured_image_src":{"full":["https:\/\/i0.wp.com\/landioustravel.com\/wp-content\/uploads\/2021\/05\/landious-montaza-palace-e1621971093894.jpg?fit=1200%2C675&ssl=1",1200,675,false],"thumbnail":["https:\/\/i0.wp.com\/landioustravel.com\/wp-content\/uploads\/2021\/05\/landious-montaza-palace-e1621971093894.jpg?resize=150%2C150&ssl=1",150,150,true],"medium":["https:\/\/i0.wp.com\/landioustravel.com\/wp-content\/uploads\/2021\/05\/landious-montaza-palace-e1621971093894.jpg?fit=300%2C169&ssl=1",300,169,true],"medium_large":["https:\/\/i0.wp.com\/landioustravel.com\/wp-content\/uploads\/2021\/05\/landious-montaza-palace-e1621971093894.jpg?fit=768%2C432&ssl=1",768,432,true],"large":["https:\/\/i0.wp.com\/landioustravel.com\/wp-content\/uploads\/2021\/05\/landious-montaza-palace-e1621971093894.jpg?fit=980%2C551&ssl=1",980,551,true],"1536x1536":["https:\/\/i0.wp.com\/landioustravel.com\/wp-content\/uploads\/2021\/05\/landious-montaza-palace-e1621971093894.jpg?fit=1536%2C864&ssl=1",1536,864,true],"2048x2048":["https:\/\/i0.wp.com\/landioustravel.com\/wp-content\/uploads\/2021\/05\/landious-montaza-palace-e1621971093894.jpg?fit=2048%2C1152&ssl=1",2048,1152,true],"newspack-article-block-landscape-large":["https:\/\/i0.wp.com\/landioustravel.com\/wp-content\/uploads\/2021\/05\/landious-montaza-palace-e1621971093894.jpg?resize=1200%2C675&ssl=1",1200,900,true],"newspack-article-block-portrait-large":["https:\/\/i0.wp.com\/landioustravel.com\/wp-content\/uploads\/2021\/05\/landious-montaza-palace-e1621971093894.jpg?resize=900%2C675&ssl=1",900,1200,true],"newspack-article-block-square-large":["https:\/\/i0.wp.com\/landioustravel.com\/wp-content\/uploads\/2021\/05\/landious-montaza-palace-e1621971093894.jpg?resize=1200%2C675&ssl=1",1200,1200,true],"newspack-article-block-landscape-medium":["https:\/\/i0.wp.com\/landioustravel.com\/wp-content\/uploads\/2021\/05\/landious-montaza-palace-e1621971093894.jpg?resize=800%2C600&ssl=1",800,600,true],"newspack-article-block-portrait-medium":["https:\/\/i0.wp.com\/landioustravel.com\/wp-content\/uploads\/2021\/05\/landious-montaza-palace-e1621971093894.jpg?resize=600%2C675&ssl=1",600,800,true],"newspack-article-block-square-medium":["https:\/\/i0.wp.com\/landioustravel.com\/wp-content\/uploads\/2021\/05\/landious-montaza-palace-e1621971093894.jpg?resize=800%2C675&ssl=1",800,800,true],"newspack-article-block-landscape-intermediate":["https:\/\/i0.wp.com\/landioustravel.com\/wp-content\/uploads\/2021\/05\/landious-montaza-palace-e1621971093894.jpg?resize=600%2C450&ssl=1",600,450,true],"newspack-article-block-portrait-intermediate":["https:\/\/i0.wp.com\/landioustravel.com\/wp-content\/uploads\/2021\/05\/landious-montaza-palace-e1621971093894.jpg?resize=450%2C600&ssl=1",450,600,true],"newspack-article-block-square-intermediate":["https:\/\/i0.wp.com\/landioustravel.com\/wp-content\/uploads\/2021\/05\/landious-montaza-palace-e1621971093894.jpg?resize=600%2C600&ssl=1",600,600,true],"newspack-article-block-landscape-small":["https:\/\/i0.wp.com\/landioustravel.com\/wp-content\/uploads\/2021\/05\/landious-montaza-palace-e1621971093894.jpg?resize=400%2C300&ssl=1",400,300,true],"newspack-article-block-portrait-small":["https:\/\/i0.wp.com\/landioustravel.com\/wp-content\/uploads\/2021\/05\/landious-montaza-palace-e1621971093894.jpg?resize=300%2C400&ssl=1",300,400,true],"newspack-article-block-square-small":["https:\/\/i0.wp.com\/landioustravel.com\/wp-content\/uploads\/2021\/05\/landious-montaza-palace-e1621971093894.jpg?resize=400%2C400&ssl=1",400,400,true],"newspack-article-block-landscape-tiny":["https:\/\/i0.wp.com\/landioustravel.com\/wp-content\/uploads\/2021\/05\/landious-montaza-palace-e1621971093894.jpg?resize=200%2C150&ssl=1",200,150,true],"newspack-article-block-portrait-tiny":["https:\/\/i0.wp.com\/landioustravel.com\/wp-content\/uploads\/2021\/05\/landious-montaza-palace-e1621971093894.jpg?resize=150%2C200&ssl=1",150,200,true],"newspack-article-block-square-tiny":["https:\/\/i0.wp.com\/landioustravel.com\/wp-content\/uploads\/2021\/05\/landious-montaza-palace-e1621971093894.jpg?resize=200%2C200&ssl=1",200,200,true],"newspack-article-block-uncropped":["https:\/\/i0.wp.com\/landioustravel.com\/wp-content\/uploads\/2021\/05\/landious-montaza-palace-e1621971093894.jpg?fit=1200%2C675&ssl=1",1200,675,true],"woocommerce_thumbnail":["https:\/\/i0.wp.com\/landioustravel.com\/wp-content\/uploads\/2021\/05\/landious-montaza-palace-e1621971093894.jpg?resize=324%2C324&ssl=1",324,324,true],"woocommerce_single":["https:\/\/i0.wp.com\/landioustravel.com\/wp-content\/uploads\/2021\/05\/landious-montaza-palace-e1621971093894.jpg?fit=416%2C234&ssl=1",416,234,true],"woocommerce_gallery_thumbnail":["https:\/\/i0.wp.com\/landioustravel.com\/wp-content\/uploads\/2021\/05\/landious-montaza-palace-e1621971093894.jpg?resize=100%2C100&ssl=1",100,100,true]},"uagb_author_info":{"display_name":"Mofreh Landious","author_link":"https:\/\/landioustravel.com\/es\/author\/"},"uagb_comment_info":6,"uagb_excerpt":"\u00bfEst\u00e1 interesado en explorar las magn\u00edficas ciudades de El Cairo y Alejandr\u00eda durante su visita a Egipto? Nuestra excursi\u00f3n de dos d\u00edas desde Sharm El-Sheikh le ofrece la oportunidad de presenciar las impresionantes pir\u00e1mides de Giza y visitar el Museo Egipcio de El Cairo. Tambi\u00e9n puede disfrutar de un relajante picnic en barco por el&hellip;","jetpack_sharing_enabled":true,"jetpack_likes_enabled":true,"amp_enabled":true,"_links":{"self":[{"href":"https:\/\/landioustravel.com\/es\/wp-json\/wp\/v2\/product\/2087","targetHints":{"allow":["GET"]}}],"collection":[{"href":"https:\/\/landioustravel.com\/es\/wp-json\/wp\/v2\/product"}],"about":[{"href":"https:\/\/landioustravel.com\/es\/wp-json\/wp\/v2\/types\/product"}],"replies":[{"embeddable":true,"href":"https:\/\/landioustravel.com\/es\/wp-json\/wp\/v2\/comments?post=2087"}],"wp:featuredmedia":[{"embeddable":true,"href":"https:\/\/landioustravel.com\/es\/wp-json\/wp\/v2\/media\/51279"}],"wp:attachment":[{"href":"https:\/\/landioustravel.com\/es\/wp-json\/wp\/v2\/media?parent=2087"}],"wp:term":[{"taxonomy":"product_brand","embeddable":true,"href":"https:\/\/landioustravel.com\/es\/wp-json\/wp\/v2\/product_brand?post=2087"},{"taxonomy":"product_cat","embeddable":true,"href":"https:\/\/landioustravel.com\/es\/wp-json\/wp\/v2\/product_cat?post=2087"},{"taxonomy":"product_tag","embeddable":true,"href":"https:\/\/landioustravel.com\/es\/wp-json\/wp\/v2\/product_tag?post=2087"}],"curies":[{"name":"wp","href":"https:\/\/api.w.org\/{rel}","templated":true}]}}