{"id":2089,"date":"2018-12-16T17:22:22","date_gmt":"2018-12-16T15:22:22","guid":{"rendered":"https:\/\/landioustravel.com\/product\/excursion-snorkel-tiran-sharm\/"},"modified":"2024-09-26T18:53:26","modified_gmt":"2024-09-26T15:53:26","slug":"excursion-snorkel-tiran-sharm","status":"publish","type":"product","link":"https:\/\/landioustravel.com\/es\/shop\/excursion-snorkel-tiran-sharm\/","title":{"rendered":"Excursi\u00f3n Snorkel en Tiran desde Sharm El Sheikh"},"content":{"rendered":"<p>\u00a1Un maravilloso viaje en barco al parque nacional Tiran en Sharm El Sheikh! \u00a1Recomendamos el viaje porque permite a los turistas pasar un buen rato en el mar! El viaje te da la oportunidad de ver los hermosos corales y una variedad de peces con la ayuda de m\u00e1scaras y aletas. Adem\u00e1s, puede disfrutar de un picnic en el mar a trav\u00e9s del Mar Rojo en uno de los lugares m\u00e1s famosos de Sharm El-Sheikh.<\/p>\n<h2>Los principales puntos del programa de excursiones a Tiran<\/h2>\n<ul>\n<li>Nadar en mar abierto desde el yate.<\/li>\n<li>Snorkel con m\u00e1scaras y aletas.<\/li>\n<li>Almuerzo en el barco<\/li>\n<\/ul>\n<h3>El programa de excursi\u00f3n al \u00e1rea protegida Tiran en Sharm El-Sheikh<\/h3>\n<ul>\n<li>Le recogen en el hotel aproximadamente a las 08:00.<\/li>\n<li>Despu\u00e9s de tomar todos los interesados, el autob\u00fas va al puerto. El trayecto hasta el puerto dura unos 20 minutos.<\/li>\n<li>Encontrar\u00e1s tu yate en el puerto. \u00a1Es grande y elegante! El yate consta de dos plantas. Una vez que entras en el yate, es necesario que te quites el calzado y te levantes en el segundo piso, bronceando en la terraza superior.<\/li>\n<li>El yate se mueve a trav\u00e9s del Mar Rojo, como se re\u00fane todo el grupo. Despu\u00e9s, en un hermoso lugar de corales, har\u00e1s una parada en mar abierto cerca de la isla de Tiran. All\u00ed, puedes nadar y hacer snorkel directamente con m\u00e1scaras y aletas del yate.<\/li>\n<li>Despu\u00e9s de tal parada, comienza su almuerzo. Durante la hora del almuerzo, el grupo se re\u00fane en el primer piso alrededor del buffet abierto.<\/li>\n<li>El yate avanza, y en otro lugar, se detiene para permitirle repetir nadando con m\u00e1scaras y aletas.<\/li>\n<li>Esta excursi\u00f3n al \u00e1rea protegida de Tiran termina aproximadamente a las 18:30.<\/li>\n<\/ul>\n<h4>Lo que est\u00e1 incluido en el precio del viaje<\/h4>\n<ul>\n<li>Comida y bebidas<\/li>\n<li>Traslado al puerto y regreso al hotel<\/li>\n<\/ul>\n<h5>Lo que no est\u00e1 incluido en el precio del viaje<\/h5>\n<ul>\n<li>Equipo de snorkel<\/li>\n<li>Video DVD<\/li>\n<li>CD de fotos<\/li>\n<\/ul>\n<h5>Que llevar contigo para el viaje<\/h5>\n<ul>\n<li>Toalla<\/li>\n<li>Protector solar<\/li>\n<li>Equipo de snorkel<\/li>\n<\/ul>\n<h6>D\u00cdAS DE LA ORGANIZACI\u00d3N DE EXCURSIONES<\/h6>\n<ul>\n<li>Todos los d\u00edas de 08:00 a 17:00.<\/li>\n<\/ul>\n","protected":false},"excerpt":{"rendered":"<p>Experimente las maravillas del Mar Rojo con un tranquilo viaje en barco al Parque Nacional de la Isla de Tiran en Sharm El-Sheikh. Este parque es famoso por su hermosa vida submarina, que incluye impresionantes arrecifes de coral y peces. Con la oportunidad de nadar y hacer snorkel con m\u00e1scaras y aletas en mar abierto, el barco fondear\u00e1 dos veces en diferentes puntos del parque nacional. Tambi\u00e9n disfrutar\u00e1 de un delicioso almuerzo a bordo.<\/p>\n<p>Entendemos que su seguridad es de suma importancia. Es por eso que nuestros gu\u00edas profesionales le brindar\u00e1n una introducci\u00f3n a los diferentes peces que puede encontrar, incluidos los que pueden ser peligrosos. Queremos que tenga una experiencia sin preocupaciones mientras se sumerge en la aventura submarina de nadar, hacer snorkel e incluso bucear.<\/p>\n<p>Nuestro equipo pasar\u00e1 a recogeros por vuestro hotel sobre las 8:00 horas y os llevar\u00e1 al puerto mar\u00edtimo, donde podr\u00e9is alquilar el equipo de snorkel en nuestro centro de buceo. Si tienes suerte, incluso puedes ver algunos delfines. Una vez que est\u00e9 a bordo del barco, podr\u00e1 relajarse y disfrutar de las vistas panor\u00e1micas de camino a la isla de Tiran.<\/p>\n<p>Queremos que tengas la mejor experiencia posible, por eso te brindamos transporte en una minivan con aire acondicionado, as\u00ed como equipo de snorkel como m\u00e1scaras, aletas y chalecos salvavidas. Despu\u00e9s de un d\u00eda completo de exploraci\u00f3n y aventura, navegaremos de regreso al embarcadero en Sharm El Sheikh y lo dejaremos en su hotel.<\/p>\n<p>Nuestro objetivo es hacer que su viaje a la isla de Tiran sea inolvidable, con un enfoque compasivo y comprensivo para garantizar su comodidad y seguridad durante todo el viaje. Reserve su viaje en barco de snorkel hoy y experimente la belleza del Mar Rojo como nunca antes.<\/p>\n","protected":false},"featured_media":99874,"comment_status":"open","ping_status":"closed","template":"","meta":{"_coblocks_attr":"","_coblocks_dimensions":"","_coblocks_responsive_height":"","_coblocks_accordion_ie_support":"","_uag_custom_page_level_css":"","jetpack_publicize_message":"","jetpack_publicize_feature_enabled":true,"jetpack_social_post_already_shared":false,"jetpack_social_options":{"image_generator_settings":{"template":"highway","default_image_id":0,"font":"","enabled":false},"version":2},"_wpas_customize_per_network":false},"product_brand":[],"product_cat":[1794,1792],"product_tag":[1799,1797,1803,1798,1802,1800],"class_list":{"0":"post-2089","1":"product","2":"type-product","3":"status-publish","4":"has-post-thumbnail","6":"product_cat-excursiones-barco-sharm-el-sheikh","7":"product_cat-excursiones-sharm-el-sheikh","8":"product_tag-snorkel","9":"product_tag-excursion-es","10":"product_tag-isla","11":"product_tag-mar","12":"product_tag-paseos-en-barco","13":"product_tag-sharm-el-sheikh-es","14":"pa_age-el-adulto","15":"pa_age-nino-1-4-anos","16":"pa_age-nino-5-11-anos","18":"first","19":"instock","20":"sale","21":"purchasable","22":"product-type-variable"},"yoast_head":"<!-- This site is optimized with the Yoast SEO Premium plugin v27.5 (Yoast SEO v27.5) - https:\/\/yoast.com\/product\/yoast-seo-premium-wordpress\/ -->\n<title>Excursi\u00f3n Snorkel en Tiran desde Sharm El Sheikh<\/title>\n<meta name=\"description\" content=\"Excursi\u00f3n Snorkel en Tiran desde Sharm El Sheikh te permite nadar y hacer snorkel muy cerca de la isla de Tiran, donde la incre\u00edble naturaleza marina del\" \/>\n<meta name=\"robots\" content=\"index, follow, max-snippet:-1, max-image-preview:large, max-video-preview:-1\" \/>\n<link rel=\"canonical\" href=\"https:\/\/landioustravel.com\/es\/shop\/excursion-snorkel-tiran-sharm\/\" \/>\n<meta property=\"og:locale\" content=\"es_ES\" \/>\n<meta property=\"og:type\" content=\"article\" \/>\n<meta property=\"og:title\" content=\"Excursi\u00f3n Snorkel en Tiran desde Sharm El Sheikh\" \/>\n<meta property=\"og:description\" content=\"Landious Travel\" \/>\n<meta property=\"og:url\" content=\"https:\/\/landioustravel.com\/es\/shop\/excursion-snorkel-tiran-sharm\/\" \/>\n<meta property=\"og:site_name\" content=\"Landious Travel\" \/>\n<meta property=\"article:publisher\" content=\"https:\/\/web.facebook.com\/landiousEgypt\" \/>\n<meta property=\"article:modified_time\" content=\"2024-09-26T15:53:26+00:00\" \/>\n<meta property=\"og:image\" content=\"https:\/\/i0.wp.com\/landioustravel.com\/wp-content\/uploads\/2018\/12\/Tiran-Snorkelling-Excursion-Sharm-El-Sheikh-e1669412145583.jpg?fit=1200%2C675&ssl=1\" \/>\n\t<meta property=\"og:image:width\" content=\"1200\" \/>\n\t<meta property=\"og:image:height\" content=\"675\" \/>\n\t<meta property=\"og:image:type\" content=\"image\/jpeg\" \/>\n<meta name=\"twitter:card\" content=\"summary_large_image\" \/>\n<meta name=\"twitter:site\" content=\"@LandiousTours\" \/>\n<meta name=\"twitter:label1\" content=\"Tiempo de lectura\" \/>\n\t<meta name=\"twitter:data1\" content=\"2 minutos\" \/>\n<script type=\"application\/ld+json\" class=\"yoast-schema-graph\">{\"@context\":\"https:\\\/\\\/schema.org\",\"@graph\":[{\"@type\":\"WebPage\",\"@id\":\"https:\\\/\\\/landioustravel.com\\\/es\\\/shop\\\/excursion-snorkel-tiran-sharm\\\/\",\"url\":\"https:\\\/\\\/landioustravel.com\\\/es\\\/shop\\\/excursion-snorkel-tiran-sharm\\\/\",\"name\":\"Excursi\u00f3n Snorkel en Tiran desde Sharm El Sheikh\",\"isPartOf\":{\"@id\":\"https:\\\/\\\/landioustravel.com\\\/es\\\/#website\"},\"primaryImageOfPage\":{\"@id\":\"https:\\\/\\\/landioustravel.com\\\/es\\\/shop\\\/excursion-snorkel-tiran-sharm\\\/#primaryimage\"},\"image\":{\"@id\":\"https:\\\/\\\/landioustravel.com\\\/es\\\/shop\\\/excursion-snorkel-tiran-sharm\\\/#primaryimage\"},\"thumbnailUrl\":\"https:\\\/\\\/i0.wp.com\\\/landioustravel.com\\\/wp-content\\\/uploads\\\/2018\\\/12\\\/Tiran-Snorkelling-Excursion-Sharm-El-Sheikh-e1669412145583.jpg?fit=1200%2C675&ssl=1\",\"datePublished\":\"2018-12-16T15:22:22+00:00\",\"dateModified\":\"2024-09-26T15:53:26+00:00\",\"description\":\"Excursi\u00f3n Snorkel en Tiran desde Sharm El Sheikh te permite nadar y hacer snorkel muy cerca de la isla de Tiran, donde la incre\u00edble naturaleza marina del\",\"breadcrumb\":{\"@id\":\"https:\\\/\\\/landioustravel.com\\\/es\\\/shop\\\/excursion-snorkel-tiran-sharm\\\/#breadcrumb\"},\"inLanguage\":\"es\",\"potentialAction\":[{\"@type\":\"ReadAction\",\"target\":[\"https:\\\/\\\/landioustravel.com\\\/es\\\/shop\\\/excursion-snorkel-tiran-sharm\\\/\"]}]},{\"@type\":\"ImageObject\",\"inLanguage\":\"es\",\"@id\":\"https:\\\/\\\/landioustravel.com\\\/es\\\/shop\\\/excursion-snorkel-tiran-sharm\\\/#primaryimage\",\"url\":\"https:\\\/\\\/i0.wp.com\\\/landioustravel.com\\\/wp-content\\\/uploads\\\/2018\\\/12\\\/Tiran-Snorkelling-Excursion-Sharm-El-Sheikh-e1669412145583.jpg?fit=1200%2C675&ssl=1\",\"contentUrl\":\"https:\\\/\\\/i0.wp.com\\\/landioustravel.com\\\/wp-content\\\/uploads\\\/2018\\\/12\\\/Tiran-Snorkelling-Excursion-Sharm-El-Sheikh-e1669412145583.jpg?fit=1200%2C675&ssl=1\",\"width\":1200,\"height\":675,\"caption\":\"Tiran Snorkelling Excursion Sharm El Sheikh\"},{\"@type\":\"BreadcrumbList\",\"@id\":\"https:\\\/\\\/landioustravel.com\\\/es\\\/shop\\\/excursion-snorkel-tiran-sharm\\\/#breadcrumb\",\"itemListElement\":[{\"@type\":\"ListItem\",\"position\":1,\"name\":\"Home\",\"item\":\"https:\\\/\\\/landioustravel.com\\\/es\\\/\"},{\"@type\":\"ListItem\",\"position\":2,\"name\":\"Servicios y Tours\",\"item\":\"https:\\\/\\\/landioustravel.com\\\/es\\\/\"},{\"@type\":\"ListItem\",\"position\":3,\"name\":\"Excursi\u00f3n Snorkel en Tiran desde Sharm El Sheikh\"}]},{\"@type\":\"WebSite\",\"@id\":\"https:\\\/\\\/landioustravel.com\\\/es\\\/#website\",\"url\":\"https:\\\/\\\/landioustravel.com\\\/es\\\/\",\"name\":\"Landious Travel\",\"description\":\"Tours and Excursions in Egypt\",\"publisher\":{\"@id\":\"https:\\\/\\\/landioustravel.com\\\/es\\\/#organization\"},\"potentialAction\":[{\"@type\":\"SearchAction\",\"target\":{\"@type\":\"EntryPoint\",\"urlTemplate\":\"https:\\\/\\\/landioustravel.com\\\/es\\\/?s={search_term_string}\"},\"query-input\":{\"@type\":\"PropertyValueSpecification\",\"valueRequired\":true,\"valueName\":\"search_term_string\"}}],\"inLanguage\":\"es\"},{\"@type\":[\"Organization\",\"Place\"],\"@id\":\"https:\\\/\\\/landioustravel.com\\\/es\\\/#organization\",\"name\":\"Landious Travel\",\"alternateName\":\"Landious Travel\",\"url\":\"https:\\\/\\\/landioustravel.com\\\/es\\\/\",\"logo\":{\"@id\":\"https:\\\/\\\/landioustravel.com\\\/es\\\/shop\\\/excursion-snorkel-tiran-sharm\\\/#local-main-organization-logo\"},\"image\":{\"@id\":\"https:\\\/\\\/landioustravel.com\\\/es\\\/shop\\\/excursion-snorkel-tiran-sharm\\\/#local-main-organization-logo\"},\"sameAs\":[\"https:\\\/\\\/web.facebook.com\\\/landiousEgypt\",\"https:\\\/\\\/x.com\\\/LandiousTours\",\"https:\\\/\\\/mastodon.social\\\/@landious\"],\"legalName\":\"Landious Travel\",\"telephone\":[],\"openingHoursSpecification\":[{\"@type\":\"OpeningHoursSpecification\",\"dayOfWeek\":[\"Monday\",\"Tuesday\",\"Wednesday\",\"Thursday\",\"Friday\",\"Saturday\",\"Sunday\"],\"opens\":\"09:00\",\"closes\":\"17:00\"}]},{\"@type\":\"ImageObject\",\"inLanguage\":\"es\",\"@id\":\"https:\\\/\\\/landioustravel.com\\\/es\\\/shop\\\/excursion-snorkel-tiran-sharm\\\/#local-main-organization-logo\",\"url\":\"https:\\\/\\\/i0.wp.com\\\/landioustravel.com\\\/wp-content\\\/uploads\\\/2021\\\/06\\\/Landious-T.png?fit=500%2C500&ssl=1\",\"contentUrl\":\"https:\\\/\\\/i0.wp.com\\\/landioustravel.com\\\/wp-content\\\/uploads\\\/2021\\\/06\\\/Landious-T.png?fit=500%2C500&ssl=1\",\"width\":500,\"height\":500,\"caption\":\"Landious Travel\"}]}<\/script>\n<!-- \/ Yoast SEO Premium plugin. -->","yoast_head_json":{"title":"Excursi\u00f3n Snorkel en Tiran desde Sharm El Sheikh","description":"Excursi\u00f3n Snorkel en Tiran desde Sharm El Sheikh te permite nadar y hacer snorkel muy cerca de la isla de Tiran, donde la incre\u00edble naturaleza marina del","robots":{"index":"index","follow":"follow","max-snippet":"max-snippet:-1","max-image-preview":"max-image-preview:large","max-video-preview":"max-video-preview:-1"},"canonical":"https:\/\/landioustravel.com\/es\/shop\/excursion-snorkel-tiran-sharm\/","og_locale":"es_ES","og_type":"article","og_title":"Excursi\u00f3n Snorkel en Tiran desde Sharm El Sheikh","og_description":"Landious Travel","og_url":"https:\/\/landioustravel.com\/es\/shop\/excursion-snorkel-tiran-sharm\/","og_site_name":"Landious Travel","article_publisher":"https:\/\/web.facebook.com\/landiousEgypt","article_modified_time":"2024-09-26T15:53:26+00:00","og_image":[{"width":1200,"height":675,"url":"https:\/\/i0.wp.com\/landioustravel.com\/wp-content\/uploads\/2018\/12\/Tiran-Snorkelling-Excursion-Sharm-El-Sheikh-e1669412145583.jpg?fit=1200%2C675&ssl=1","type":"image\/jpeg"}],"twitter_card":"summary_large_image","twitter_site":"@LandiousTours","twitter_misc":{"Tiempo de lectura":"2 minutos"},"schema":{"@context":"https:\/\/schema.org","@graph":[{"@type":"WebPage","@id":"https:\/\/landioustravel.com\/es\/shop\/excursion-snorkel-tiran-sharm\/","url":"https:\/\/landioustravel.com\/es\/shop\/excursion-snorkel-tiran-sharm\/","name":"Excursi\u00f3n Snorkel en Tiran desde Sharm El Sheikh","isPartOf":{"@id":"https:\/\/landioustravel.com\/es\/#website"},"primaryImageOfPage":{"@id":"https:\/\/landioustravel.com\/es\/shop\/excursion-snorkel-tiran-sharm\/#primaryimage"},"image":{"@id":"https:\/\/landioustravel.com\/es\/shop\/excursion-snorkel-tiran-sharm\/#primaryimage"},"thumbnailUrl":"https:\/\/i0.wp.com\/landioustravel.com\/wp-content\/uploads\/2018\/12\/Tiran-Snorkelling-Excursion-Sharm-El-Sheikh-e1669412145583.jpg?fit=1200%2C675&ssl=1","datePublished":"2018-12-16T15:22:22+00:00","dateModified":"2024-09-26T15:53:26+00:00","description":"Excursi\u00f3n Snorkel en Tiran desde Sharm El Sheikh te permite nadar y hacer snorkel muy cerca de la isla de Tiran, donde la incre\u00edble naturaleza marina del","breadcrumb":{"@id":"https:\/\/landioustravel.com\/es\/shop\/excursion-snorkel-tiran-sharm\/#breadcrumb"},"inLanguage":"es","potentialAction":[{"@type":"ReadAction","target":["https:\/\/landioustravel.com\/es\/shop\/excursion-snorkel-tiran-sharm\/"]}]},{"@type":"ImageObject","inLanguage":"es","@id":"https:\/\/landioustravel.com\/es\/shop\/excursion-snorkel-tiran-sharm\/#primaryimage","url":"https:\/\/i0.wp.com\/landioustravel.com\/wp-content\/uploads\/2018\/12\/Tiran-Snorkelling-Excursion-Sharm-El-Sheikh-e1669412145583.jpg?fit=1200%2C675&ssl=1","contentUrl":"https:\/\/i0.wp.com\/landioustravel.com\/wp-content\/uploads\/2018\/12\/Tiran-Snorkelling-Excursion-Sharm-El-Sheikh-e1669412145583.jpg?fit=1200%2C675&ssl=1","width":1200,"height":675,"caption":"Tiran Snorkelling Excursion Sharm El Sheikh"},{"@type":"BreadcrumbList","@id":"https:\/\/landioustravel.com\/es\/shop\/excursion-snorkel-tiran-sharm\/#breadcrumb","itemListElement":[{"@type":"ListItem","position":1,"name":"Home","item":"https:\/\/landioustravel.com\/es\/"},{"@type":"ListItem","position":2,"name":"Servicios y Tours","item":"https:\/\/landioustravel.com\/es\/"},{"@type":"ListItem","position":3,"name":"Excursi\u00f3n Snorkel en Tiran desde Sharm El Sheikh"}]},{"@type":"WebSite","@id":"https:\/\/landioustravel.com\/es\/#website","url":"https:\/\/landioustravel.com\/es\/","name":"Landious Travel","description":"Tours and Excursions in Egypt","publisher":{"@id":"https:\/\/landioustravel.com\/es\/#organization"},"potentialAction":[{"@type":"SearchAction","target":{"@type":"EntryPoint","urlTemplate":"https:\/\/landioustravel.com\/es\/?s={search_term_string}"},"query-input":{"@type":"PropertyValueSpecification","valueRequired":true,"valueName":"search_term_string"}}],"inLanguage":"es"},{"@type":["Organization","Place"],"@id":"https:\/\/landioustravel.com\/es\/#organization","name":"Landious Travel","alternateName":"Landious Travel","url":"https:\/\/landioustravel.com\/es\/","logo":{"@id":"https:\/\/landioustravel.com\/es\/shop\/excursion-snorkel-tiran-sharm\/#local-main-organization-logo"},"image":{"@id":"https:\/\/landioustravel.com\/es\/shop\/excursion-snorkel-tiran-sharm\/#local-main-organization-logo"},"sameAs":["https:\/\/web.facebook.com\/landiousEgypt","https:\/\/x.com\/LandiousTours","https:\/\/mastodon.social\/@landious"],"legalName":"Landious Travel","telephone":[],"openingHoursSpecification":[{"@type":"OpeningHoursSpecification","dayOfWeek":["Monday","Tuesday","Wednesday","Thursday","Friday","Saturday","Sunday"],"opens":"09:00","closes":"17:00"}]},{"@type":"ImageObject","inLanguage":"es","@id":"https:\/\/landioustravel.com\/es\/shop\/excursion-snorkel-tiran-sharm\/#local-main-organization-logo","url":"https:\/\/i0.wp.com\/landioustravel.com\/wp-content\/uploads\/2021\/06\/Landious-T.png?fit=500%2C500&ssl=1","contentUrl":"https:\/\/i0.wp.com\/landioustravel.com\/wp-content\/uploads\/2021\/06\/Landious-T.png?fit=500%2C500&ssl=1","width":500,"height":500,"caption":"Landious Travel"}]}},"jetpack_publicize_connections":[],"uagb_featured_image_src":{"full":["https:\/\/i0.wp.com\/landioustravel.com\/wp-content\/uploads\/2018\/12\/Tiran-Snorkelling-Excursion-Sharm-El-Sheikh-e1669412145583.jpg?fit=1200%2C675&ssl=1",1200,675,false],"thumbnail":["https:\/\/i0.wp.com\/landioustravel.com\/wp-content\/uploads\/2018\/12\/Tiran-Snorkelling-Excursion-Sharm-El-Sheikh-e1669412145583.jpg?resize=150%2C150&ssl=1",150,150,true],"medium":["https:\/\/i0.wp.com\/landioustravel.com\/wp-content\/uploads\/2018\/12\/Tiran-Snorkelling-Excursion-Sharm-El-Sheikh-e1669412145583.jpg?fit=300%2C169&ssl=1",300,169,true],"medium_large":["https:\/\/i0.wp.com\/landioustravel.com\/wp-content\/uploads\/2018\/12\/Tiran-Snorkelling-Excursion-Sharm-El-Sheikh-e1669412145583.jpg?fit=768%2C432&ssl=1",768,432,true],"large":["https:\/\/i0.wp.com\/landioustravel.com\/wp-content\/uploads\/2018\/12\/Tiran-Snorkelling-Excursion-Sharm-El-Sheikh-e1669412145583.jpg?fit=980%2C551&ssl=1",980,551,true],"1536x1536":["https:\/\/i0.wp.com\/landioustravel.com\/wp-content\/uploads\/2018\/12\/Tiran-Snorkelling-Excursion-Sharm-El-Sheikh-e1669412145583.jpg?fit=1536%2C1152&ssl=1",1536,1152,true],"2048x2048":["https:\/\/i0.wp.com\/landioustravel.com\/wp-content\/uploads\/2018\/12\/Tiran-Snorkelling-Excursion-Sharm-El-Sheikh-e1669412145583.jpg?fit=1200%2C675&ssl=1",1200,675,true],"newspack-article-block-landscape-large":["https:\/\/i0.wp.com\/landioustravel.com\/wp-content\/uploads\/2018\/12\/Tiran-Snorkelling-Excursion-Sharm-El-Sheikh-e1669412145583.jpg?resize=1200%2C675&ssl=1",1200,675,true],"newspack-article-block-portrait-large":["https:\/\/i0.wp.com\/landioustravel.com\/wp-content\/uploads\/2018\/12\/Tiran-Snorkelling-Excursion-Sharm-El-Sheikh-e1669412145583.jpg?resize=900%2C675&ssl=1",900,675,true],"newspack-article-block-square-large":["https:\/\/i0.wp.com\/landioustravel.com\/wp-content\/uploads\/2018\/12\/Tiran-Snorkelling-Excursion-Sharm-El-Sheikh-e1669412145583.jpg?resize=1200%2C675&ssl=1",1200,675,true],"newspack-article-block-landscape-medium":["https:\/\/i0.wp.com\/landioustravel.com\/wp-content\/uploads\/2018\/12\/Tiran-Snorkelling-Excursion-Sharm-El-Sheikh-e1669412145583.jpg?resize=800%2C600&ssl=1",800,600,true],"newspack-article-block-portrait-medium":["https:\/\/i0.wp.com\/landioustravel.com\/wp-content\/uploads\/2018\/12\/Tiran-Snorkelling-Excursion-Sharm-El-Sheikh-e1669412145583.jpg?resize=600%2C675&ssl=1",600,675,true],"newspack-article-block-square-medium":["https:\/\/i0.wp.com\/landioustravel.com\/wp-content\/uploads\/2018\/12\/Tiran-Snorkelling-Excursion-Sharm-El-Sheikh-e1669412145583.jpg?resize=800%2C675&ssl=1",800,675,true],"newspack-article-block-landscape-intermediate":["https:\/\/i0.wp.com\/landioustravel.com\/wp-content\/uploads\/2018\/12\/Tiran-Snorkelling-Excursion-Sharm-El-Sheikh-e1669412145583.jpg?resize=600%2C450&ssl=1",600,450,true],"newspack-article-block-portrait-intermediate":["https:\/\/i0.wp.com\/landioustravel.com\/wp-content\/uploads\/2018\/12\/Tiran-Snorkelling-Excursion-Sharm-El-Sheikh-e1669412145583.jpg?resize=450%2C600&ssl=1",450,600,true],"newspack-article-block-square-intermediate":["https:\/\/i0.wp.com\/landioustravel.com\/wp-content\/uploads\/2018\/12\/Tiran-Snorkelling-Excursion-Sharm-El-Sheikh-e1669412145583.jpg?resize=600%2C600&ssl=1",600,600,true],"newspack-article-block-landscape-small":["https:\/\/i0.wp.com\/landioustravel.com\/wp-content\/uploads\/2018\/12\/Tiran-Snorkelling-Excursion-Sharm-El-Sheikh-e1669412145583.jpg?resize=400%2C300&ssl=1",400,300,true],"newspack-article-block-portrait-small":["https:\/\/i0.wp.com\/landioustravel.com\/wp-content\/uploads\/2018\/12\/Tiran-Snorkelling-Excursion-Sharm-El-Sheikh-e1669412145583.jpg?resize=300%2C400&ssl=1",300,400,true],"newspack-article-block-square-small":["https:\/\/i0.wp.com\/landioustravel.com\/wp-content\/uploads\/2018\/12\/Tiran-Snorkelling-Excursion-Sharm-El-Sheikh-e1669412145583.jpg?resize=400%2C400&ssl=1",400,400,true],"newspack-article-block-landscape-tiny":["https:\/\/i0.wp.com\/landioustravel.com\/wp-content\/uploads\/2018\/12\/Tiran-Snorkelling-Excursion-Sharm-El-Sheikh-e1669412145583.jpg?resize=200%2C150&ssl=1",200,150,true],"newspack-article-block-portrait-tiny":["https:\/\/i0.wp.com\/landioustravel.com\/wp-content\/uploads\/2018\/12\/Tiran-Snorkelling-Excursion-Sharm-El-Sheikh-e1669412145583.jpg?resize=150%2C200&ssl=1",150,200,true],"newspack-article-block-square-tiny":["https:\/\/i0.wp.com\/landioustravel.com\/wp-content\/uploads\/2018\/12\/Tiran-Snorkelling-Excursion-Sharm-El-Sheikh-e1669412145583.jpg?resize=200%2C200&ssl=1",200,200,true],"newspack-article-block-uncropped":["https:\/\/i0.wp.com\/landioustravel.com\/wp-content\/uploads\/2018\/12\/Tiran-Snorkelling-Excursion-Sharm-El-Sheikh-e1669412145583.jpg?fit=1200%2C675&ssl=1",1200,675,true],"woocommerce_thumbnail":["https:\/\/i0.wp.com\/landioustravel.com\/wp-content\/uploads\/2018\/12\/Tiran-Snorkelling-Excursion-Sharm-El-Sheikh-e1669412145583.jpg?resize=324%2C324&ssl=1",324,324,true],"woocommerce_single":["https:\/\/i0.wp.com\/landioustravel.com\/wp-content\/uploads\/2018\/12\/Tiran-Snorkelling-Excursion-Sharm-El-Sheikh-e1669412145583.jpg?fit=416%2C234&ssl=1",416,234,true],"woocommerce_gallery_thumbnail":["https:\/\/i0.wp.com\/landioustravel.com\/wp-content\/uploads\/2018\/12\/Tiran-Snorkelling-Excursion-Sharm-El-Sheikh-e1669412145583.jpg?resize=100%2C100&ssl=1",100,100,true]},"uagb_author_info":{"display_name":"Mofreh Landious","author_link":"https:\/\/landioustravel.com\/es\/author\/"},"uagb_comment_info":2,"uagb_excerpt":"Experimente las maravillas del Mar Rojo con un tranquilo viaje en barco al Parque Nacional de la Isla de Tiran en Sharm El-Sheikh. Este parque es famoso por su hermosa vida submarina, que incluye impresionantes arrecifes de coral y peces. Con la oportunidad de nadar y hacer snorkel con m\u00e1scaras y aletas en mar abierto,&hellip;","jetpack_sharing_enabled":true,"jetpack_likes_enabled":true,"amp_enabled":true,"_links":{"self":[{"href":"https:\/\/landioustravel.com\/es\/wp-json\/wp\/v2\/product\/2089","targetHints":{"allow":["GET"]}}],"collection":[{"href":"https:\/\/landioustravel.com\/es\/wp-json\/wp\/v2\/product"}],"about":[{"href":"https:\/\/landioustravel.com\/es\/wp-json\/wp\/v2\/types\/product"}],"replies":[{"embeddable":true,"href":"https:\/\/landioustravel.com\/es\/wp-json\/wp\/v2\/comments?post=2089"}],"wp:featuredmedia":[{"embeddable":true,"href":"https:\/\/landioustravel.com\/es\/wp-json\/wp\/v2\/media\/99874"}],"wp:attachment":[{"href":"https:\/\/landioustravel.com\/es\/wp-json\/wp\/v2\/media?parent=2089"}],"wp:term":[{"taxonomy":"product_brand","embeddable":true,"href":"https:\/\/landioustravel.com\/es\/wp-json\/wp\/v2\/product_brand?post=2089"},{"taxonomy":"product_cat","embeddable":true,"href":"https:\/\/landioustravel.com\/es\/wp-json\/wp\/v2\/product_cat?post=2089"},{"taxonomy":"product_tag","embeddable":true,"href":"https:\/\/landioustravel.com\/es\/wp-json\/wp\/v2\/product_tag?post=2089"}],"curies":[{"name":"wp","href":"https:\/\/api.w.org\/{rel}","templated":true}]}}