{"id":2091,"date":"2018-12-14T11:16:38","date_gmt":"2018-12-14T09:16:38","guid":{"rendered":"https:\/\/landioustravel.com\/product\/excursion-jerusalen-sharm-sheikh\/"},"modified":"2024-09-18T20:13:31","modified_gmt":"2024-09-18T17:13:31","slug":"excursion-jerusalen-sharm-sheikh","status":"publish","type":"product","link":"https:\/\/landioustravel.com\/es\/shop\/excursion-jerusalen-sharm-sheikh\/","title":{"rendered":"Excursi\u00f3n a Jerusal\u00e9n desde Sharm El Sheikh"},"content":{"rendered":"<p>\u00a1Una excursi\u00f3n muy espiritual de un d\u00eda a Jerusal\u00e9n desde el centro tur\u00edstico de Sharm El Sheikh! \u00a1Te recomendamos el viaje porque te permite ver los lugares m\u00e1s religiosos y espirituales del mundo! \u00a1Obviamente, el viaje recuerda la vida del Salvador Jesucristo en Israel! Adem\u00e1s, la visita a Jerusal\u00e9n le brinda m\u00e1s informaci\u00f3n sobre la historia del cristianismo y sobre hechos y hechos b\u00edblicos importantes.<\/p>\n<h2>Los principales puntos del programa de excursiones a Jerusal\u00e9n<\/h2>\n<ul>\n<li>Monte de los Olivos en Jerusal\u00e9n<\/li>\n<li>El muro de los lamentos<\/li>\n<li>Y, el camino de la tribulaci\u00f3n<\/li>\n<li>La Iglesia del Santo Sepulcro<\/li>\n<li>Almuerzo<\/li>\n<li>La Iglesia de la Natividad<\/li>\n<li>Nadando en el mar muerto<\/li>\n<\/ul>\n<h3>El programa de excursiones a Jerusal\u00e9n desde Sharm El Sheikh<\/h3>\n<ul>\n<li>Le recogen en el hotel aproximadamente a las 20:00.<\/li>\n<li>Despu\u00e9s de recoger a todos los que llegan, el autob\u00fas sale hacia las fronteras con Israel, pasando por las ciudades costeras de Dahab, Nuweiba y Taba. Todas estas ciudades se encuentran al norte de Sharm El Sheikh, en la costa del Mar Rojo. El camino, desde el centro de Sharm El Sheikh hasta las fronteras, toma aproximadamente 3 horas.<\/li>\n<\/ul>\n<h4>El programa en Israel<\/h4>\n<ul>\n<li>Det\u00e9ngase en el Monte de los Olivos en Jerusal\u00e9n, con una vista panor\u00e1mica del Monte del Templo y la ciudad vieja<\/li>\n<li>A continuaci\u00f3n, vas al Templo de Jerusal\u00e9n y te detienes en el Muro de las Lamentaciones.<\/li>\n<li>Despu\u00e9s de visitar el Muro de las Lamentaciones, tendr\u00e1 que recorrer el Camino de la Tribulaci\u00f3n, el Camino de la Cruz, en el que el Salvador llev\u00f3 la cruz, y se dirigi\u00f3 al lugar de la crucifixi\u00f3n en el Calvario. Aqu\u00ed, ver\u00e1 un agujero en la roca, donde se instal\u00f3 la Cruz, as\u00ed como una grieta que apareci\u00f3 en la roca despu\u00e9s de un rayo.<\/li>\n<li>Despu\u00e9s de eso, visita la Iglesia del Santo Sepulcro, que fue construida cerca de la cueva en la que Cristo fue enterrado.<\/li>\n<li>Almuerzo<\/li>\n<li>Inspecci\u00f3n de la Iglesia de la Natividad en la ciudad de Bel\u00e9n.<\/li>\n<li>Y luego, nadando en el Mar Muerto durante casi una hora.<\/li>\n<li>Finalmente, regresa a Sharm El-Sheikh, despu\u00e9s de terminar este incre\u00edble programa en Jerusal\u00e9n.<\/li>\n<\/ul>\n<h4>Lo que est\u00e1 incluido en el precio del tour<\/h4>\n<ul>\n<li>Almuerzo<\/li>\n<li>Gu\u00eda<\/li>\n<li>Traslado a Jerusal\u00e9n y regreso al hotel.<\/li>\n<\/ul>\n<h5>Lo que no est\u00e1 incluido en el precio del viaje<\/h5>\n<ul>\n<li>Programas adicionales de excursiones.<\/li>\n<\/ul>\n<h6>Que llevar contigo para el viaje<\/h6>\n<ul>\n<li>Pasaporte<\/li>\n<li>Caja de desayuno<\/li>\n<li>Ropa para la temporada<\/li>\n<\/ul>\n<h6>D\u00cdAS DE LA ORGANIZACI\u00d3N DE EXCURSIONES<\/h6>\n<ul>\n<li>Lunes de 20:00 &#8211; 23:00 segundo d\u00eda.<\/li>\n<li>Jueves de 20:00 a 23:00 segundo d\u00eda.<\/li>\n<\/ul>\n","protected":false},"excerpt":{"rendered":"<p>Si ha elegido pasar sus vacaciones en Sharm El-Sheikh, tenemos la oportunidad de experimentar Tierra Santa en Israel. El tour de un d\u00eda a Jerusal\u00e9n le dar\u00e1 la oportunidad de profundizar en el significado espiritual e hist\u00f3rico de este espacio sagrado. Durante su viaje, visitar\u00e1 el Monte de los Olivos y el Muro de los Lamentos y dar\u00e1 un paseo por Tribulation Road. Tambi\u00e9n ver\u00e1 la Iglesia del Santo Sepulcro y la Iglesia de la Natividad y, finalmente, har\u00e1 una parada en el Mar Muerto. El costo del viaje incluye traslados, entradas y almuerzo.<\/p>\n<p>Nuestro itinerario de excursi\u00f3n comienza con un correo electr\u00f3nico de confirmaci\u00f3n que incluir\u00e1 los detalles del viaje, incluida la hora de recogida en su hotel (generalmente alrededor de las 8:00 am, dependiendo de la ubicaci\u00f3n de su hotel). Despu\u00e9s de que lo recojan, cruzaremos la frontera hacia el otro lado de Israel a pie, donde se encontrar\u00e1 con su gu\u00eda tur\u00edstico de habla inglesa. Tenga en cuenta que el tiempo que pasa en la frontera est\u00e1 fuera de nuestro control debido a la gran cantidad de viajeros y a cuestiones pol\u00edticas.<\/p>\n<p>Luego conduciremos durante una hora y media a lo largo del Valle de Avara hacia el Mar Muerto, el punto m\u00e1s profundo de la Tierra. Tendr\u00e1s una hora para explorar su belleza natural y darte un chapuz\u00f3n en sus aguas ricas en minerales si lo deseas. Tambi\u00e9n visitaremos el sitio donde se encontraron los rollos del Mar Muerto y seremos testigos de las tribus beduinas que viven en el desierto.<\/p>\n<p>Al llegar al Monte de los Olivos, tendr\u00e1s una vista panor\u00e1mica de la ciudad y una introducci\u00f3n a su historia y cultura. Luego visitaremos el Muro de los Lamentos, los \u00faltimos restos del templo jud\u00edo, y seguiremos el camino del sufrimiento que conduce a la Iglesia del Santo Sepulcro, donde Jes\u00fas fue crucificado y sepultado.<\/p>\n<p>Haremos una pausa para almorzar en uno de los restaurantes locales antes de visitar la ciudad de Bel\u00e9n, donde se encuentra la Iglesia de la Natividad. Aqu\u00ed es donde naci\u00f3 Jesucristo y es el destino central de peregrinaci\u00f3n para los cristianos de todo el mundo. Antes de regresar a la frontera, tendremos la oportunidad de comprar en Bel\u00e9n algunos recuerdos de este lugar sagrado.<\/p>\n<p>La excursi\u00f3n incluye transporte con aire acondicionado a todas partes en Jerusal\u00e9n y Sharm El Sheikh, todas las entradas a los lugares tur\u00edsticos mencionados en el itinerario, impuestos fronterizos y visa, almuerzo en un restaurante local y un gu\u00eda de habla inglesa. Esperamos que te unas a nosotros en este viaje para descubrir Tierra Santa.<\/p>\n","protected":false},"featured_media":100006,"comment_status":"open","ping_status":"closed","template":"","meta":{"_coblocks_attr":"","_coblocks_dimensions":"","_coblocks_responsive_height":"","_coblocks_accordion_ie_support":"","_uag_custom_page_level_css":"","jetpack_post_was_ever_published":false,"jetpack_publicize_message":"","jetpack_publicize_feature_enabled":true,"jetpack_social_post_already_shared":false,"jetpack_social_options":{"image_generator_settings":{"template":"highway","default_image_id":0,"font":"","enabled":false},"version":2},"_wpas_customize_per_network":false},"product_brand":[],"product_cat":[1793,1792],"product_tag":[1797,1800,9907],"class_list":{"0":"post-2091","1":"product","2":"type-product","3":"status-publish","4":"has-post-thumbnail","6":"product_cat-excursiones-historicas-sharm-el-sheikh","7":"product_cat-excursiones-sharm-el-sheikh","8":"product_tag-excursion-es","9":"product_tag-sharm-el-sheikh-es","10":"product_tag-turismo","11":"pa_age-el-adulto","12":"pa_age-nino","14":"first","15":"instock","16":"sale","17":"purchasable","18":"product-type-variable"},"yoast_head":"<!-- This site is optimized with the Yoast SEO Premium plugin v26.9 (Yoast SEO v27.3) - https:\/\/yoast.com\/product\/yoast-seo-premium-wordpress\/ -->\n<title>Excursi\u00f3n a Jerusal\u00e9n desde Sharm El Sheikh<\/title>\n<meta name=\"description\" content=\"Excursi\u00f3n a Jerusal\u00e9n desde Sharm El Sheikh se dirige al Monte de los Olivos, Muro de las Lamentaciones, Camino de la pena, Iglesia del Santo Sepulcro,\" \/>\n<meta name=\"robots\" content=\"index, follow, max-snippet:-1, max-image-preview:large, max-video-preview:-1\" \/>\n<link rel=\"canonical\" href=\"https:\/\/landioustravel.com\/es\/shop\/excursion-jerusalen-sharm-sheikh\/\" \/>\n<meta property=\"og:locale\" content=\"es_ES\" \/>\n<meta property=\"og:type\" content=\"article\" \/>\n<meta property=\"og:title\" content=\"Excursi\u00f3n a Jerusal\u00e9n desde Sharm El Sheikh\" \/>\n<meta property=\"og:description\" content=\"Landious Travel\" \/>\n<meta property=\"og:url\" content=\"https:\/\/landioustravel.com\/es\/shop\/excursion-jerusalen-sharm-sheikh\/\" \/>\n<meta property=\"og:site_name\" content=\"Landious Travel\" \/>\n<meta property=\"article:publisher\" content=\"https:\/\/web.facebook.com\/landiousEgypt\" \/>\n<meta property=\"article:modified_time\" content=\"2024-09-18T17:13:31+00:00\" \/>\n<meta property=\"og:image\" content=\"https:\/\/i0.wp.com\/landioustravel.com\/wp-content\/uploads\/2018\/12\/Mount-of-Olives-in-Jerusalem-e1669427546714.jpg?fit=1200%2C675&ssl=1\" \/>\n\t<meta property=\"og:image:width\" content=\"1200\" \/>\n\t<meta property=\"og:image:height\" content=\"675\" \/>\n\t<meta property=\"og:image:type\" content=\"image\/jpeg\" \/>\n<meta name=\"twitter:card\" content=\"summary_large_image\" \/>\n<meta name=\"twitter:site\" content=\"@LandiousTours\" \/>\n<meta name=\"twitter:label1\" content=\"Tiempo de lectura\" \/>\n\t<meta name=\"twitter:data1\" content=\"2 minutos\" \/>\n<script type=\"application\/ld+json\" class=\"yoast-schema-graph\">{\"@context\":\"https:\\\/\\\/schema.org\",\"@graph\":[{\"@type\":\"WebPage\",\"@id\":\"https:\\\/\\\/landioustravel.com\\\/es\\\/shop\\\/excursion-jerusalen-sharm-sheikh\\\/\",\"url\":\"https:\\\/\\\/landioustravel.com\\\/es\\\/shop\\\/excursion-jerusalen-sharm-sheikh\\\/\",\"name\":\"Excursi\u00f3n a Jerusal\u00e9n desde Sharm El Sheikh\",\"isPartOf\":{\"@id\":\"https:\\\/\\\/landioustravel.com\\\/es\\\/#website\"},\"primaryImageOfPage\":{\"@id\":\"https:\\\/\\\/landioustravel.com\\\/es\\\/shop\\\/excursion-jerusalen-sharm-sheikh\\\/#primaryimage\"},\"image\":{\"@id\":\"https:\\\/\\\/landioustravel.com\\\/es\\\/shop\\\/excursion-jerusalen-sharm-sheikh\\\/#primaryimage\"},\"thumbnailUrl\":\"https:\\\/\\\/i0.wp.com\\\/landioustravel.com\\\/wp-content\\\/uploads\\\/2018\\\/12\\\/Mount-of-Olives-in-Jerusalem-e1669427546714.jpg?fit=1200%2C675&ssl=1\",\"datePublished\":\"2018-12-14T09:16:38+00:00\",\"dateModified\":\"2024-09-18T17:13:31+00:00\",\"description\":\"Excursi\u00f3n a Jerusal\u00e9n desde Sharm El Sheikh se dirige al Monte de los Olivos, Muro de las Lamentaciones, Camino de la pena, Iglesia del Santo Sepulcro,\",\"breadcrumb\":{\"@id\":\"https:\\\/\\\/landioustravel.com\\\/es\\\/shop\\\/excursion-jerusalen-sharm-sheikh\\\/#breadcrumb\"},\"inLanguage\":\"es\",\"potentialAction\":[{\"@type\":\"ReadAction\",\"target\":[\"https:\\\/\\\/landioustravel.com\\\/es\\\/shop\\\/excursion-jerusalen-sharm-sheikh\\\/\"]}]},{\"@type\":\"ImageObject\",\"inLanguage\":\"es\",\"@id\":\"https:\\\/\\\/landioustravel.com\\\/es\\\/shop\\\/excursion-jerusalen-sharm-sheikh\\\/#primaryimage\",\"url\":\"https:\\\/\\\/i0.wp.com\\\/landioustravel.com\\\/wp-content\\\/uploads\\\/2018\\\/12\\\/Mount-of-Olives-in-Jerusalem-e1669427546714.jpg?fit=1200%2C675&ssl=1\",\"contentUrl\":\"https:\\\/\\\/i0.wp.com\\\/landioustravel.com\\\/wp-content\\\/uploads\\\/2018\\\/12\\\/Mount-of-Olives-in-Jerusalem-e1669427546714.jpg?fit=1200%2C675&ssl=1\",\"width\":1200,\"height\":675,\"caption\":\"Mount of Olives in Jerusalem\"},{\"@type\":\"BreadcrumbList\",\"@id\":\"https:\\\/\\\/landioustravel.com\\\/es\\\/shop\\\/excursion-jerusalen-sharm-sheikh\\\/#breadcrumb\",\"itemListElement\":[{\"@type\":\"ListItem\",\"position\":1,\"name\":\"Home\",\"item\":\"https:\\\/\\\/landioustravel.com\\\/es\\\/\"},{\"@type\":\"ListItem\",\"position\":2,\"name\":\"Servicios y Tours\",\"item\":\"https:\\\/\\\/landioustravel.com\\\/es\\\/\"},{\"@type\":\"ListItem\",\"position\":3,\"name\":\"Excursi\u00f3n a Jerusal\u00e9n desde Sharm El Sheikh\"}]},{\"@type\":\"WebSite\",\"@id\":\"https:\\\/\\\/landioustravel.com\\\/es\\\/#website\",\"url\":\"https:\\\/\\\/landioustravel.com\\\/es\\\/\",\"name\":\"Landious Travel\",\"description\":\"Tours and Excursions in Egypt\",\"publisher\":{\"@id\":\"https:\\\/\\\/landioustravel.com\\\/es\\\/#organization\"},\"potentialAction\":[{\"@type\":\"SearchAction\",\"target\":{\"@type\":\"EntryPoint\",\"urlTemplate\":\"https:\\\/\\\/landioustravel.com\\\/es\\\/?s={search_term_string}\"},\"query-input\":{\"@type\":\"PropertyValueSpecification\",\"valueRequired\":true,\"valueName\":\"search_term_string\"}}],\"inLanguage\":\"es\"},{\"@type\":[\"Organization\",\"Place\"],\"@id\":\"https:\\\/\\\/landioustravel.com\\\/es\\\/#organization\",\"name\":\"Landious Travel\",\"alternateName\":\"Landious Travel\",\"url\":\"https:\\\/\\\/landioustravel.com\\\/es\\\/\",\"logo\":{\"@id\":\"https:\\\/\\\/landioustravel.com\\\/es\\\/shop\\\/excursion-jerusalen-sharm-sheikh\\\/#local-main-organization-logo\"},\"image\":{\"@id\":\"https:\\\/\\\/landioustravel.com\\\/es\\\/shop\\\/excursion-jerusalen-sharm-sheikh\\\/#local-main-organization-logo\"},\"sameAs\":[\"https:\\\/\\\/web.facebook.com\\\/landiousEgypt\",\"https:\\\/\\\/x.com\\\/LandiousTours\",\"https:\\\/\\\/mastodon.social\\\/@landious\"],\"legalName\":\"Landious Travel\",\"telephone\":[],\"openingHoursSpecification\":[{\"@type\":\"OpeningHoursSpecification\",\"dayOfWeek\":[\"Monday\",\"Tuesday\",\"Wednesday\",\"Thursday\",\"Friday\",\"Saturday\",\"Sunday\"],\"opens\":\"09:00\",\"closes\":\"17:00\"}]},{\"@type\":\"ImageObject\",\"inLanguage\":\"es\",\"@id\":\"https:\\\/\\\/landioustravel.com\\\/es\\\/shop\\\/excursion-jerusalen-sharm-sheikh\\\/#local-main-organization-logo\",\"url\":\"https:\\\/\\\/i0.wp.com\\\/landioustravel.com\\\/wp-content\\\/uploads\\\/2021\\\/06\\\/Landious-T.png?fit=500%2C500&ssl=1\",\"contentUrl\":\"https:\\\/\\\/i0.wp.com\\\/landioustravel.com\\\/wp-content\\\/uploads\\\/2021\\\/06\\\/Landious-T.png?fit=500%2C500&ssl=1\",\"width\":500,\"height\":500,\"caption\":\"Landious Travel\"}]}<\/script>\n<!-- \/ Yoast SEO Premium plugin. -->","yoast_head_json":{"title":"Excursi\u00f3n a Jerusal\u00e9n desde Sharm El Sheikh","description":"Excursi\u00f3n a Jerusal\u00e9n desde Sharm El Sheikh se dirige al Monte de los Olivos, Muro de las Lamentaciones, Camino de la pena, Iglesia del Santo Sepulcro,","robots":{"index":"index","follow":"follow","max-snippet":"max-snippet:-1","max-image-preview":"max-image-preview:large","max-video-preview":"max-video-preview:-1"},"canonical":"https:\/\/landioustravel.com\/es\/shop\/excursion-jerusalen-sharm-sheikh\/","og_locale":"es_ES","og_type":"article","og_title":"Excursi\u00f3n a Jerusal\u00e9n desde Sharm El Sheikh","og_description":"Landious Travel","og_url":"https:\/\/landioustravel.com\/es\/shop\/excursion-jerusalen-sharm-sheikh\/","og_site_name":"Landious Travel","article_publisher":"https:\/\/web.facebook.com\/landiousEgypt","article_modified_time":"2024-09-18T17:13:31+00:00","og_image":[{"width":1200,"height":675,"url":"https:\/\/i0.wp.com\/landioustravel.com\/wp-content\/uploads\/2018\/12\/Mount-of-Olives-in-Jerusalem-e1669427546714.jpg?fit=1200%2C675&ssl=1","type":"image\/jpeg"}],"twitter_card":"summary_large_image","twitter_site":"@LandiousTours","twitter_misc":{"Tiempo de lectura":"2 minutos"},"schema":{"@context":"https:\/\/schema.org","@graph":[{"@type":"WebPage","@id":"https:\/\/landioustravel.com\/es\/shop\/excursion-jerusalen-sharm-sheikh\/","url":"https:\/\/landioustravel.com\/es\/shop\/excursion-jerusalen-sharm-sheikh\/","name":"Excursi\u00f3n a Jerusal\u00e9n desde Sharm El Sheikh","isPartOf":{"@id":"https:\/\/landioustravel.com\/es\/#website"},"primaryImageOfPage":{"@id":"https:\/\/landioustravel.com\/es\/shop\/excursion-jerusalen-sharm-sheikh\/#primaryimage"},"image":{"@id":"https:\/\/landioustravel.com\/es\/shop\/excursion-jerusalen-sharm-sheikh\/#primaryimage"},"thumbnailUrl":"https:\/\/i0.wp.com\/landioustravel.com\/wp-content\/uploads\/2018\/12\/Mount-of-Olives-in-Jerusalem-e1669427546714.jpg?fit=1200%2C675&ssl=1","datePublished":"2018-12-14T09:16:38+00:00","dateModified":"2024-09-18T17:13:31+00:00","description":"Excursi\u00f3n a Jerusal\u00e9n desde Sharm El Sheikh se dirige al Monte de los Olivos, Muro de las Lamentaciones, Camino de la pena, Iglesia del Santo Sepulcro,","breadcrumb":{"@id":"https:\/\/landioustravel.com\/es\/shop\/excursion-jerusalen-sharm-sheikh\/#breadcrumb"},"inLanguage":"es","potentialAction":[{"@type":"ReadAction","target":["https:\/\/landioustravel.com\/es\/shop\/excursion-jerusalen-sharm-sheikh\/"]}]},{"@type":"ImageObject","inLanguage":"es","@id":"https:\/\/landioustravel.com\/es\/shop\/excursion-jerusalen-sharm-sheikh\/#primaryimage","url":"https:\/\/i0.wp.com\/landioustravel.com\/wp-content\/uploads\/2018\/12\/Mount-of-Olives-in-Jerusalem-e1669427546714.jpg?fit=1200%2C675&ssl=1","contentUrl":"https:\/\/i0.wp.com\/landioustravel.com\/wp-content\/uploads\/2018\/12\/Mount-of-Olives-in-Jerusalem-e1669427546714.jpg?fit=1200%2C675&ssl=1","width":1200,"height":675,"caption":"Mount of Olives in Jerusalem"},{"@type":"BreadcrumbList","@id":"https:\/\/landioustravel.com\/es\/shop\/excursion-jerusalen-sharm-sheikh\/#breadcrumb","itemListElement":[{"@type":"ListItem","position":1,"name":"Home","item":"https:\/\/landioustravel.com\/es\/"},{"@type":"ListItem","position":2,"name":"Servicios y Tours","item":"https:\/\/landioustravel.com\/es\/"},{"@type":"ListItem","position":3,"name":"Excursi\u00f3n a Jerusal\u00e9n desde Sharm El Sheikh"}]},{"@type":"WebSite","@id":"https:\/\/landioustravel.com\/es\/#website","url":"https:\/\/landioustravel.com\/es\/","name":"Landious Travel","description":"Tours and Excursions in Egypt","publisher":{"@id":"https:\/\/landioustravel.com\/es\/#organization"},"potentialAction":[{"@type":"SearchAction","target":{"@type":"EntryPoint","urlTemplate":"https:\/\/landioustravel.com\/es\/?s={search_term_string}"},"query-input":{"@type":"PropertyValueSpecification","valueRequired":true,"valueName":"search_term_string"}}],"inLanguage":"es"},{"@type":["Organization","Place"],"@id":"https:\/\/landioustravel.com\/es\/#organization","name":"Landious Travel","alternateName":"Landious Travel","url":"https:\/\/landioustravel.com\/es\/","logo":{"@id":"https:\/\/landioustravel.com\/es\/shop\/excursion-jerusalen-sharm-sheikh\/#local-main-organization-logo"},"image":{"@id":"https:\/\/landioustravel.com\/es\/shop\/excursion-jerusalen-sharm-sheikh\/#local-main-organization-logo"},"sameAs":["https:\/\/web.facebook.com\/landiousEgypt","https:\/\/x.com\/LandiousTours","https:\/\/mastodon.social\/@landious"],"legalName":"Landious Travel","telephone":[],"openingHoursSpecification":[{"@type":"OpeningHoursSpecification","dayOfWeek":["Monday","Tuesday","Wednesday","Thursday","Friday","Saturday","Sunday"],"opens":"09:00","closes":"17:00"}]},{"@type":"ImageObject","inLanguage":"es","@id":"https:\/\/landioustravel.com\/es\/shop\/excursion-jerusalen-sharm-sheikh\/#local-main-organization-logo","url":"https:\/\/i0.wp.com\/landioustravel.com\/wp-content\/uploads\/2021\/06\/Landious-T.png?fit=500%2C500&ssl=1","contentUrl":"https:\/\/i0.wp.com\/landioustravel.com\/wp-content\/uploads\/2021\/06\/Landious-T.png?fit=500%2C500&ssl=1","width":500,"height":500,"caption":"Landious Travel"}]}},"jetpack_publicize_connections":[],"uagb_featured_image_src":{"full":["https:\/\/i0.wp.com\/landioustravel.com\/wp-content\/uploads\/2018\/12\/Mount-of-Olives-in-Jerusalem-e1669427546714.jpg?fit=1200%2C675&ssl=1",1200,675,false],"thumbnail":["https:\/\/i0.wp.com\/landioustravel.com\/wp-content\/uploads\/2018\/12\/Mount-of-Olives-in-Jerusalem-e1669427546714.jpg?resize=150%2C150&ssl=1",150,150,true],"medium":["https:\/\/i0.wp.com\/landioustravel.com\/wp-content\/uploads\/2018\/12\/Mount-of-Olives-in-Jerusalem-e1669427546714.jpg?fit=300%2C169&ssl=1",300,169,true],"medium_large":["https:\/\/i0.wp.com\/landioustravel.com\/wp-content\/uploads\/2018\/12\/Mount-of-Olives-in-Jerusalem-e1669427546714.jpg?fit=768%2C432&ssl=1",768,432,true],"large":["https:\/\/i0.wp.com\/landioustravel.com\/wp-content\/uploads\/2018\/12\/Mount-of-Olives-in-Jerusalem-e1669427546714.jpg?fit=980%2C551&ssl=1",980,551,true],"1536x1536":["https:\/\/i0.wp.com\/landioustravel.com\/wp-content\/uploads\/2018\/12\/Mount-of-Olives-in-Jerusalem-e1669427546714.jpg?fit=1536%2C864&ssl=1",1536,864,true],"2048x2048":["https:\/\/i0.wp.com\/landioustravel.com\/wp-content\/uploads\/2018\/12\/Mount-of-Olives-in-Jerusalem-e1669427546714.jpg?fit=1200%2C675&ssl=1",1200,675,true],"newspack-article-block-landscape-large":["https:\/\/i0.wp.com\/landioustravel.com\/wp-content\/uploads\/2018\/12\/Mount-of-Olives-in-Jerusalem-e1669427546714.jpg?resize=1200%2C675&ssl=1",1200,675,true],"newspack-article-block-portrait-large":["https:\/\/i0.wp.com\/landioustravel.com\/wp-content\/uploads\/2018\/12\/Mount-of-Olives-in-Jerusalem-e1669427546714.jpg?resize=900%2C675&ssl=1",900,675,true],"newspack-article-block-square-large":["https:\/\/i0.wp.com\/landioustravel.com\/wp-content\/uploads\/2018\/12\/Mount-of-Olives-in-Jerusalem-e1669427546714.jpg?resize=1200%2C675&ssl=1",1200,675,true],"newspack-article-block-landscape-medium":["https:\/\/i0.wp.com\/landioustravel.com\/wp-content\/uploads\/2018\/12\/Mount-of-Olives-in-Jerusalem-e1669427546714.jpg?resize=800%2C600&ssl=1",800,600,true],"newspack-article-block-portrait-medium":["https:\/\/i0.wp.com\/landioustravel.com\/wp-content\/uploads\/2018\/12\/Mount-of-Olives-in-Jerusalem-e1669427546714.jpg?resize=600%2C675&ssl=1",600,675,true],"newspack-article-block-square-medium":["https:\/\/i0.wp.com\/landioustravel.com\/wp-content\/uploads\/2018\/12\/Mount-of-Olives-in-Jerusalem-e1669427546714.jpg?resize=800%2C675&ssl=1",800,675,true],"newspack-article-block-landscape-intermediate":["https:\/\/i0.wp.com\/landioustravel.com\/wp-content\/uploads\/2018\/12\/Mount-of-Olives-in-Jerusalem-e1669427546714.jpg?resize=600%2C450&ssl=1",600,450,true],"newspack-article-block-portrait-intermediate":["https:\/\/i0.wp.com\/landioustravel.com\/wp-content\/uploads\/2018\/12\/Mount-of-Olives-in-Jerusalem-e1669427546714.jpg?resize=450%2C600&ssl=1",450,600,true],"newspack-article-block-square-intermediate":["https:\/\/i0.wp.com\/landioustravel.com\/wp-content\/uploads\/2018\/12\/Mount-of-Olives-in-Jerusalem-e1669427546714.jpg?resize=600%2C600&ssl=1",600,600,true],"newspack-article-block-landscape-small":["https:\/\/i0.wp.com\/landioustravel.com\/wp-content\/uploads\/2018\/12\/Mount-of-Olives-in-Jerusalem-e1669427546714.jpg?resize=400%2C300&ssl=1",400,300,true],"newspack-article-block-portrait-small":["https:\/\/i0.wp.com\/landioustravel.com\/wp-content\/uploads\/2018\/12\/Mount-of-Olives-in-Jerusalem-e1669427546714.jpg?resize=300%2C400&ssl=1",300,400,true],"newspack-article-block-square-small":["https:\/\/i0.wp.com\/landioustravel.com\/wp-content\/uploads\/2018\/12\/Mount-of-Olives-in-Jerusalem-e1669427546714.jpg?resize=400%2C400&ssl=1",400,400,true],"newspack-article-block-landscape-tiny":["https:\/\/i0.wp.com\/landioustravel.com\/wp-content\/uploads\/2018\/12\/Mount-of-Olives-in-Jerusalem-e1669427546714.jpg?resize=200%2C150&ssl=1",200,150,true],"newspack-article-block-portrait-tiny":["https:\/\/i0.wp.com\/landioustravel.com\/wp-content\/uploads\/2018\/12\/Mount-of-Olives-in-Jerusalem-e1669427546714.jpg?resize=150%2C200&ssl=1",150,200,true],"newspack-article-block-square-tiny":["https:\/\/i0.wp.com\/landioustravel.com\/wp-content\/uploads\/2018\/12\/Mount-of-Olives-in-Jerusalem-e1669427546714.jpg?resize=200%2C200&ssl=1",200,200,true],"newspack-article-block-uncropped":["https:\/\/i0.wp.com\/landioustravel.com\/wp-content\/uploads\/2018\/12\/Mount-of-Olives-in-Jerusalem-e1669427546714.jpg?fit=1200%2C675&ssl=1",1200,675,true],"woocommerce_thumbnail":["https:\/\/i0.wp.com\/landioustravel.com\/wp-content\/uploads\/2018\/12\/Mount-of-Olives-in-Jerusalem-e1669427546714.jpg?resize=324%2C324&ssl=1",324,324,true],"woocommerce_single":["https:\/\/i0.wp.com\/landioustravel.com\/wp-content\/uploads\/2018\/12\/Mount-of-Olives-in-Jerusalem-e1669427546714.jpg?fit=416%2C234&ssl=1",416,234,true],"woocommerce_gallery_thumbnail":["https:\/\/i0.wp.com\/landioustravel.com\/wp-content\/uploads\/2018\/12\/Mount-of-Olives-in-Jerusalem-e1669427546714.jpg?resize=100%2C100&ssl=1",100,100,true]},"uagb_author_info":{"display_name":"Mofreh Landious","author_link":"https:\/\/landioustravel.com\/es\/author\/"},"uagb_comment_info":7,"uagb_excerpt":"Si ha elegido pasar sus vacaciones en Sharm El-Sheikh, tenemos la oportunidad de experimentar Tierra Santa en Israel. El tour de un d\u00eda a Jerusal\u00e9n le dar\u00e1 la oportunidad de profundizar en el significado espiritual e hist\u00f3rico de este espacio sagrado. Durante su viaje, visitar\u00e1 el Monte de los Olivos y el Muro de los&hellip;","jetpack_sharing_enabled":true,"jetpack_likes_enabled":true,"amp_enabled":true,"_links":{"self":[{"href":"https:\/\/landioustravel.com\/es\/wp-json\/wp\/v2\/product\/2091","targetHints":{"allow":["GET"]}}],"collection":[{"href":"https:\/\/landioustravel.com\/es\/wp-json\/wp\/v2\/product"}],"about":[{"href":"https:\/\/landioustravel.com\/es\/wp-json\/wp\/v2\/types\/product"}],"replies":[{"embeddable":true,"href":"https:\/\/landioustravel.com\/es\/wp-json\/wp\/v2\/comments?post=2091"}],"wp:featuredmedia":[{"embeddable":true,"href":"https:\/\/landioustravel.com\/es\/wp-json\/wp\/v2\/media\/100006"}],"wp:attachment":[{"href":"https:\/\/landioustravel.com\/es\/wp-json\/wp\/v2\/media?parent=2091"}],"wp:term":[{"taxonomy":"product_brand","embeddable":true,"href":"https:\/\/landioustravel.com\/es\/wp-json\/wp\/v2\/product_brand?post=2091"},{"taxonomy":"product_cat","embeddable":true,"href":"https:\/\/landioustravel.com\/es\/wp-json\/wp\/v2\/product_cat?post=2091"},{"taxonomy":"product_tag","embeddable":true,"href":"https:\/\/landioustravel.com\/es\/wp-json\/wp\/v2\/product_tag?post=2091"}],"curies":[{"name":"wp","href":"https:\/\/api.w.org\/{rel}","templated":true}]}}