{"id":2093,"date":"2018-12-12T16:16:09","date_gmt":"2018-12-12T14:16:09","guid":{"rendered":"https:\/\/landioustravel.com\/product\/excursion-montana-moises-sharm\/"},"modified":"2024-09-29T20:14:32","modified_gmt":"2024-09-29T17:14:32","slug":"excursion-montana-moises-sharm","status":"publish","type":"product","link":"https:\/\/landioustravel.com\/es\/shop\/excursion-montana-moises-sharm\/","title":{"rendered":"Excursi\u00f3n de escalada a la monta\u00f1a de Mois\u00e9s desde Sharm El-Sheikh"},"content":{"rendered":"<p>\u00a1Una excursi\u00f3n muy espiritual para escalar la monta\u00f1a de la monta\u00f1a del profeta Mois\u00e9s y visitar el monasterio de Santa Catalina desde el centro tur\u00edstico de Sharm el-Sheikh! \u00a1Recomendamos el viaje porque le permite ver uno de los lugares m\u00e1s impresionantes de la pen\u00ednsula del Sina\u00ed! Obviamente, el viaje recuerda el camino del profeta Mois\u00e9s desde el Delta del Nilo hasta la pen\u00ednsula del Sina\u00ed. Es indudable que visitar el monasterio de Santa Catalina te da m\u00e1s poder espiritual e informaci\u00f3n sobre la historia del cristianismo en Egipto.<\/p>\n<h2>Los principales puntos del programa de excursiones a la monta\u00f1a de Mois\u00e9s<\/h2>\n<ul>\n<li>Subiendo la monta\u00f1a del profeta Mois\u00e9s<\/li>\n<li>Desayuno<\/li>\n<li>Visitando el Monasterio de Santa Catalina en la pen\u00ednsula del Sina\u00ed<\/li>\n<\/ul>\n<h3>El programa de la excursi\u00f3n a la monta\u00f1a de Mois\u00e9s desde Sharm El Sheikh<\/h3>\n<ul>\n<li>Le recogen en el hotel aproximadamente a las 20:00.<\/li>\n<li>Despu\u00e9s de recoger a todos, el autob\u00fas sale en direcci\u00f3n al monasterio de St. Catherine conduciendo por las ciudades costeras de Dahab y Nuweiba. Todas estas ciudades se pueden encontrar al norte de Sharm El Sheikh, en la costa este del Mar Rojo. El trayecto, desde el centro de Sharm El Sheikh hasta el monasterio, dura aproximadamente 3 horas.<\/li>\n<\/ul>\n<h4>El programa en la monta\u00f1a de Mois\u00e9s<\/h4>\n<ul>\n<li>Cuando llegas al monasterio de Santa Catalina, comienzas a escalar la monta\u00f1a de Mois\u00e9s con tu gu\u00eda.<\/li>\n<li>En el camino a la cima de la monta\u00f1a, haces una pausa dos veces o m\u00e1s.<\/li>\n<li>Cuando llegues a la cima de la monta\u00f1a de Mois\u00e9s, tendr\u00e1s que esperar el amanecer del sol. Durante el amanecer, el sol se levanta maravillosamente delante de tus ojos. Despu\u00e9s de una vista panor\u00e1mica de las monta\u00f1as del Sina\u00ed, comienzas a descender al monasterio de Santa Catalina.<\/li>\n<li>Despu\u00e9s de eso, desayunar\u00e1s.<\/li>\n<\/ul>\n<h4>El programa en el Monasterio de Santa Catalina<\/h4>\n<ul>\n<li>Despu\u00e9s del desayuno, el programa comienza con una visita al monasterio de Santa Catalina. Su gu\u00eda tendr\u00e1 la tarea de mostrar todos los santuarios principales del monasterio y le dar\u00e1 tiempo libre para tomar fotos.<\/li>\n<li>En el monasterio, ver\u00e1s las reliquias de Santa Catalina, el arbusto de la zarza ardiente, el cementerio y la cripta debajo de la capilla de San Trifonab, los mosaicos m\u00e1s antiguos, los iconos y la famosa biblioteca del Sina\u00ed.<\/li>\n<li>Despu\u00e9s de visitar el Monasterio de Santa Catalina, al pie de la monta\u00f1a del profeta Mois\u00e9s, regresar\u00e1s a Sharm El Sheikh.<\/li>\n<\/ul>\n<h4>Lo que est\u00e1 incluido en el precio del tour<\/h4>\n<ul>\n<li>Desayuno<\/li>\n<li>Gu\u00eda<\/li>\n<li>Traslado al monasterio, y regreso a su hotel.<\/li>\n<\/ul>\n<h4>Lo que no est\u00e1 incluido en el precio del tour<\/h4>\n<ul>\n<li>Programas adicionales de excursiones.<\/li>\n<\/ul>\n<h5>Que llevar contigo para el viaje<\/h5>\n<ul>\n<li>Caja de desayuno<\/li>\n<li>Pasaporte<\/li>\n<li>Ropa para la temporada<\/li>\n<\/ul>\n<h6>D\u00cdAS DE LA ORGANIZACI\u00d3N DE EXCURSIONES<\/h6>\n<ul>\n<li>Todos los d\u00edas de 20:00 a 15:00.<\/li>\n<\/ul>\n","protected":false},"excerpt":{"rendered":"<p>Nuestro mundo est\u00e1 lleno de lugares y vistas \u00fanicos que nos brindan mucha alegr\u00eda y frescura. Una de esas excursiones que ofrece un significado tanto espiritual como hist\u00f3rico es el \u00abAscenso a la monta\u00f1a del profeta Mois\u00e9s\u00bb.<\/p>\n<p>Durante este viaje, subir\u00e1s a la monta\u00f1a y ser\u00e1s testigo del espectacular amanecer en su cima antes de disfrutar de un abundante desayuno. Luego, puede visitar el hermoso Monasterio de Santa Catalina.<\/p>\n<p>La subida a la monta\u00f1a dura aproximadamente de 2 a 3 horas, pero las impresionantes vistas del amanecer bien valen la pena. Una vez que hayas descendido de la monta\u00f1a, puedes explorar el Monasterio de Santa Catalina, uno de los m\u00e1s famosos del mundo. Construido entre 527 y 565 dC, lleva el nombre de Santa Catalina, quien fue martirizada por sus creencias cristianas.<\/p>\n<p>Durante su visita, ver\u00e1 la Iglesia Ortodoxa Griega, los \u00edconos de adoraci\u00f3n y el famoso Mosaico de la Transfiguraci\u00f3n. El monasterio tambi\u00e9n alberga la Capilla de la Zarza Ardiente, que se dice que es el lugar donde Mois\u00e9s vio la zarza ardiente. Las obras de arte de valor incalculable, los iconos del monasterio y los manuscritos iluminados hacen de esta una experiencia verdaderamente inolvidable.<\/p>\n<p>Nuestro recorrido incluye un gu\u00eda egipt\u00f3logo calificado, un gu\u00eda local durante su ascenso a la monta\u00f1a y transporte de ida y vuelta desde su hotel o puerto en Sharm el Sheikh. Tambi\u00e9n cubrimos las tarifas del Parque Nacional St. Catherine y el transporte en veh\u00edculo.<\/p>\n<p>Entendemos la importancia de experimentar estos importantes sitios hist\u00f3ricos y espirituales, y nos esforzamos por hacer que su viaje sea lo m\u00e1s c\u00f3modo y memorable posible. \u00danase a nosotros para esta experiencia inolvidable y perm\u00edtanos mostrarle las maravillas del \u00abAscenso a la Monta\u00f1a del Profeta Mois\u00e9s\u00bb.<\/p>\n","protected":false},"featured_media":110022,"comment_status":"open","ping_status":"closed","template":"","meta":{"_coblocks_attr":"","_coblocks_dimensions":"","_coblocks_responsive_height":"","_coblocks_accordion_ie_support":"","_uag_custom_page_level_css":"","jetpack_publicize_message":"","jetpack_publicize_feature_enabled":true,"jetpack_social_post_already_shared":false,"jetpack_social_options":{"image_generator_settings":{"template":"highway","default_image_id":0,"font":"","enabled":false},"version":2},"_wpas_customize_per_network":false},"product_brand":[],"product_cat":[1793,1792],"product_tag":[1797,1811,1800,9907],"class_list":{"0":"post-2093","1":"product","2":"type-product","3":"status-publish","4":"has-post-thumbnail","6":"product_cat-excursiones-historicas-sharm-el-sheikh","7":"product_cat-excursiones-sharm-el-sheikh","8":"product_tag-excursion-es","9":"product_tag-monasterio-de-santa-catalina","10":"product_tag-sharm-el-sheikh-es","11":"product_tag-turismo","12":"pa_age-el-adulto","13":"pa_age-nino-1-4-anos","14":"pa_age-nino-5-11-anos","16":"first","17":"instock","18":"sale","19":"taxable","20":"shipping-taxable","21":"purchasable","22":"product-type-variable"},"yoast_head":"<!-- This site is optimized with the Yoast SEO Premium plugin v26.9 (Yoast SEO v27.5) - https:\/\/yoast.com\/product\/yoast-seo-premium-wordpress\/ -->\n<title>Excursi\u00f3n de escalada a la monta\u00f1a de Mois\u00e9s desde Sharm El-Sheikh<\/title>\n<meta name=\"description\" content=\"Excursi\u00f3n de escalada a la monta\u00f1a de Mois\u00e9s desde Sharm El-Sheikh se dirige al monasterio de Santa Catalina y permite escalar la monta\u00f1a del profeta Mois\u00e9s\" \/>\n<meta name=\"robots\" content=\"index, follow, max-snippet:-1, max-image-preview:large, max-video-preview:-1\" \/>\n<link rel=\"canonical\" href=\"https:\/\/landioustravel.com\/es\/shop\/excursion-montana-moises-sharm\/\" \/>\n<meta property=\"og:locale\" content=\"es_ES\" \/>\n<meta property=\"og:type\" content=\"article\" \/>\n<meta property=\"og:title\" content=\"Excursi\u00f3n de escalada a la monta\u00f1a de Mois\u00e9s desde Sharm El-Sheikh\" \/>\n<meta property=\"og:description\" content=\"Landious Travel\" \/>\n<meta property=\"og:url\" content=\"https:\/\/landioustravel.com\/es\/shop\/excursion-montana-moises-sharm\/\" \/>\n<meta property=\"og:site_name\" content=\"Landious Travel\" \/>\n<meta property=\"article:publisher\" content=\"https:\/\/web.facebook.com\/landiousEgypt\" \/>\n<meta property=\"article:modified_time\" content=\"2024-09-29T17:14:32+00:00\" \/>\n<meta property=\"og:image\" content=\"https:\/\/i0.wp.com\/landioustravel.com\/wp-content\/uploads\/2022\/06\/Saint-Katherine-Protectorate.jpg?fit=600%2C450&ssl=1\" \/>\n\t<meta property=\"og:image:width\" content=\"600\" \/>\n\t<meta property=\"og:image:height\" content=\"450\" \/>\n\t<meta property=\"og:image:type\" content=\"image\/jpeg\" \/>\n<meta name=\"twitter:card\" content=\"summary_large_image\" \/>\n<meta name=\"twitter:site\" content=\"@LandiousTours\" \/>\n<meta name=\"twitter:label1\" content=\"Tiempo de lectura\" \/>\n\t<meta name=\"twitter:data1\" content=\"2 minutos\" \/>\n<script type=\"application\/ld+json\" class=\"yoast-schema-graph\">{\"@context\":\"https:\\\/\\\/schema.org\",\"@graph\":[{\"@type\":\"WebPage\",\"@id\":\"https:\\\/\\\/landioustravel.com\\\/es\\\/shop\\\/excursion-montana-moises-sharm\\\/\",\"url\":\"https:\\\/\\\/landioustravel.com\\\/es\\\/shop\\\/excursion-montana-moises-sharm\\\/\",\"name\":\"Excursi\u00f3n de escalada a la monta\u00f1a de Mois\u00e9s desde Sharm El-Sheikh\",\"isPartOf\":{\"@id\":\"https:\\\/\\\/landioustravel.com\\\/es\\\/#website\"},\"primaryImageOfPage\":{\"@id\":\"https:\\\/\\\/landioustravel.com\\\/es\\\/shop\\\/excursion-montana-moises-sharm\\\/#primaryimage\"},\"image\":{\"@id\":\"https:\\\/\\\/landioustravel.com\\\/es\\\/shop\\\/excursion-montana-moises-sharm\\\/#primaryimage\"},\"thumbnailUrl\":\"https:\\\/\\\/i0.wp.com\\\/landioustravel.com\\\/wp-content\\\/uploads\\\/2022\\\/06\\\/Saint-Katherine-Protectorate.jpg?fit=600%2C450&ssl=1\",\"datePublished\":\"2018-12-12T14:16:09+00:00\",\"dateModified\":\"2024-09-29T17:14:32+00:00\",\"description\":\"Excursi\u00f3n de escalada a la monta\u00f1a de Mois\u00e9s desde Sharm El-Sheikh se dirige al monasterio de Santa Catalina y permite escalar la monta\u00f1a del profeta Mois\u00e9s\",\"breadcrumb\":{\"@id\":\"https:\\\/\\\/landioustravel.com\\\/es\\\/shop\\\/excursion-montana-moises-sharm\\\/#breadcrumb\"},\"inLanguage\":\"es\",\"potentialAction\":[{\"@type\":\"ReadAction\",\"target\":[\"https:\\\/\\\/landioustravel.com\\\/es\\\/shop\\\/excursion-montana-moises-sharm\\\/\"]}]},{\"@type\":\"ImageObject\",\"inLanguage\":\"es\",\"@id\":\"https:\\\/\\\/landioustravel.com\\\/es\\\/shop\\\/excursion-montana-moises-sharm\\\/#primaryimage\",\"url\":\"https:\\\/\\\/i0.wp.com\\\/landioustravel.com\\\/wp-content\\\/uploads\\\/2022\\\/06\\\/Saint-Katherine-Protectorate.jpg?fit=600%2C450&ssl=1\",\"contentUrl\":\"https:\\\/\\\/i0.wp.com\\\/landioustravel.com\\\/wp-content\\\/uploads\\\/2022\\\/06\\\/Saint-Katherine-Protectorate.jpg?fit=600%2C450&ssl=1\",\"width\":600,\"height\":450,\"caption\":\"Saint Katherine Protectorate\"},{\"@type\":\"BreadcrumbList\",\"@id\":\"https:\\\/\\\/landioustravel.com\\\/es\\\/shop\\\/excursion-montana-moises-sharm\\\/#breadcrumb\",\"itemListElement\":[{\"@type\":\"ListItem\",\"position\":1,\"name\":\"Home\",\"item\":\"https:\\\/\\\/landioustravel.com\\\/es\\\/\"},{\"@type\":\"ListItem\",\"position\":2,\"name\":\"Servicios y Tours\",\"item\":\"https:\\\/\\\/landioustravel.com\\\/es\\\/\"},{\"@type\":\"ListItem\",\"position\":3,\"name\":\"Excursi\u00f3n de escalada a la monta\u00f1a de Mois\u00e9s desde Sharm El-Sheikh\"}]},{\"@type\":\"WebSite\",\"@id\":\"https:\\\/\\\/landioustravel.com\\\/es\\\/#website\",\"url\":\"https:\\\/\\\/landioustravel.com\\\/es\\\/\",\"name\":\"Landious Travel\",\"description\":\"Tours and Excursions in Egypt\",\"publisher\":{\"@id\":\"https:\\\/\\\/landioustravel.com\\\/es\\\/#organization\"},\"potentialAction\":[{\"@type\":\"SearchAction\",\"target\":{\"@type\":\"EntryPoint\",\"urlTemplate\":\"https:\\\/\\\/landioustravel.com\\\/es\\\/?s={search_term_string}\"},\"query-input\":{\"@type\":\"PropertyValueSpecification\",\"valueRequired\":true,\"valueName\":\"search_term_string\"}}],\"inLanguage\":\"es\"},{\"@type\":[\"Organization\",\"Place\"],\"@id\":\"https:\\\/\\\/landioustravel.com\\\/es\\\/#organization\",\"name\":\"Landious Travel\",\"alternateName\":\"Landious Travel\",\"url\":\"https:\\\/\\\/landioustravel.com\\\/es\\\/\",\"logo\":{\"@id\":\"https:\\\/\\\/landioustravel.com\\\/es\\\/shop\\\/excursion-montana-moises-sharm\\\/#local-main-organization-logo\"},\"image\":{\"@id\":\"https:\\\/\\\/landioustravel.com\\\/es\\\/shop\\\/excursion-montana-moises-sharm\\\/#local-main-organization-logo\"},\"sameAs\":[\"https:\\\/\\\/web.facebook.com\\\/landiousEgypt\",\"https:\\\/\\\/x.com\\\/LandiousTours\",\"https:\\\/\\\/mastodon.social\\\/@landious\"],\"legalName\":\"Landious Travel\",\"telephone\":[],\"openingHoursSpecification\":[{\"@type\":\"OpeningHoursSpecification\",\"dayOfWeek\":[\"Monday\",\"Tuesday\",\"Wednesday\",\"Thursday\",\"Friday\",\"Saturday\",\"Sunday\"],\"opens\":\"09:00\",\"closes\":\"17:00\"}]},{\"@type\":\"ImageObject\",\"inLanguage\":\"es\",\"@id\":\"https:\\\/\\\/landioustravel.com\\\/es\\\/shop\\\/excursion-montana-moises-sharm\\\/#local-main-organization-logo\",\"url\":\"https:\\\/\\\/i0.wp.com\\\/landioustravel.com\\\/wp-content\\\/uploads\\\/2021\\\/06\\\/Landious-T.png?fit=500%2C500&ssl=1\",\"contentUrl\":\"https:\\\/\\\/i0.wp.com\\\/landioustravel.com\\\/wp-content\\\/uploads\\\/2021\\\/06\\\/Landious-T.png?fit=500%2C500&ssl=1\",\"width\":500,\"height\":500,\"caption\":\"Landious Travel\"}]}<\/script>\n<!-- \/ Yoast SEO Premium plugin. -->","yoast_head_json":{"title":"Excursi\u00f3n de escalada a la monta\u00f1a de Mois\u00e9s desde Sharm El-Sheikh","description":"Excursi\u00f3n de escalada a la monta\u00f1a de Mois\u00e9s desde Sharm El-Sheikh se dirige al monasterio de Santa Catalina y permite escalar la monta\u00f1a del profeta Mois\u00e9s","robots":{"index":"index","follow":"follow","max-snippet":"max-snippet:-1","max-image-preview":"max-image-preview:large","max-video-preview":"max-video-preview:-1"},"canonical":"https:\/\/landioustravel.com\/es\/shop\/excursion-montana-moises-sharm\/","og_locale":"es_ES","og_type":"article","og_title":"Excursi\u00f3n de escalada a la monta\u00f1a de Mois\u00e9s desde Sharm El-Sheikh","og_description":"Landious Travel","og_url":"https:\/\/landioustravel.com\/es\/shop\/excursion-montana-moises-sharm\/","og_site_name":"Landious Travel","article_publisher":"https:\/\/web.facebook.com\/landiousEgypt","article_modified_time":"2024-09-29T17:14:32+00:00","og_image":[{"width":600,"height":450,"url":"https:\/\/i0.wp.com\/landioustravel.com\/wp-content\/uploads\/2022\/06\/Saint-Katherine-Protectorate.jpg?fit=600%2C450&ssl=1","type":"image\/jpeg"}],"twitter_card":"summary_large_image","twitter_site":"@LandiousTours","twitter_misc":{"Tiempo de lectura":"2 minutos"},"schema":{"@context":"https:\/\/schema.org","@graph":[{"@type":"WebPage","@id":"https:\/\/landioustravel.com\/es\/shop\/excursion-montana-moises-sharm\/","url":"https:\/\/landioustravel.com\/es\/shop\/excursion-montana-moises-sharm\/","name":"Excursi\u00f3n de escalada a la monta\u00f1a de Mois\u00e9s desde Sharm El-Sheikh","isPartOf":{"@id":"https:\/\/landioustravel.com\/es\/#website"},"primaryImageOfPage":{"@id":"https:\/\/landioustravel.com\/es\/shop\/excursion-montana-moises-sharm\/#primaryimage"},"image":{"@id":"https:\/\/landioustravel.com\/es\/shop\/excursion-montana-moises-sharm\/#primaryimage"},"thumbnailUrl":"https:\/\/i0.wp.com\/landioustravel.com\/wp-content\/uploads\/2022\/06\/Saint-Katherine-Protectorate.jpg?fit=600%2C450&ssl=1","datePublished":"2018-12-12T14:16:09+00:00","dateModified":"2024-09-29T17:14:32+00:00","description":"Excursi\u00f3n de escalada a la monta\u00f1a de Mois\u00e9s desde Sharm El-Sheikh se dirige al monasterio de Santa Catalina y permite escalar la monta\u00f1a del profeta Mois\u00e9s","breadcrumb":{"@id":"https:\/\/landioustravel.com\/es\/shop\/excursion-montana-moises-sharm\/#breadcrumb"},"inLanguage":"es","potentialAction":[{"@type":"ReadAction","target":["https:\/\/landioustravel.com\/es\/shop\/excursion-montana-moises-sharm\/"]}]},{"@type":"ImageObject","inLanguage":"es","@id":"https:\/\/landioustravel.com\/es\/shop\/excursion-montana-moises-sharm\/#primaryimage","url":"https:\/\/i0.wp.com\/landioustravel.com\/wp-content\/uploads\/2022\/06\/Saint-Katherine-Protectorate.jpg?fit=600%2C450&ssl=1","contentUrl":"https:\/\/i0.wp.com\/landioustravel.com\/wp-content\/uploads\/2022\/06\/Saint-Katherine-Protectorate.jpg?fit=600%2C450&ssl=1","width":600,"height":450,"caption":"Saint Katherine Protectorate"},{"@type":"BreadcrumbList","@id":"https:\/\/landioustravel.com\/es\/shop\/excursion-montana-moises-sharm\/#breadcrumb","itemListElement":[{"@type":"ListItem","position":1,"name":"Home","item":"https:\/\/landioustravel.com\/es\/"},{"@type":"ListItem","position":2,"name":"Servicios y Tours","item":"https:\/\/landioustravel.com\/es\/"},{"@type":"ListItem","position":3,"name":"Excursi\u00f3n de escalada a la monta\u00f1a de Mois\u00e9s desde Sharm El-Sheikh"}]},{"@type":"WebSite","@id":"https:\/\/landioustravel.com\/es\/#website","url":"https:\/\/landioustravel.com\/es\/","name":"Landious Travel","description":"Tours and Excursions in Egypt","publisher":{"@id":"https:\/\/landioustravel.com\/es\/#organization"},"potentialAction":[{"@type":"SearchAction","target":{"@type":"EntryPoint","urlTemplate":"https:\/\/landioustravel.com\/es\/?s={search_term_string}"},"query-input":{"@type":"PropertyValueSpecification","valueRequired":true,"valueName":"search_term_string"}}],"inLanguage":"es"},{"@type":["Organization","Place"],"@id":"https:\/\/landioustravel.com\/es\/#organization","name":"Landious Travel","alternateName":"Landious Travel","url":"https:\/\/landioustravel.com\/es\/","logo":{"@id":"https:\/\/landioustravel.com\/es\/shop\/excursion-montana-moises-sharm\/#local-main-organization-logo"},"image":{"@id":"https:\/\/landioustravel.com\/es\/shop\/excursion-montana-moises-sharm\/#local-main-organization-logo"},"sameAs":["https:\/\/web.facebook.com\/landiousEgypt","https:\/\/x.com\/LandiousTours","https:\/\/mastodon.social\/@landious"],"legalName":"Landious Travel","telephone":[],"openingHoursSpecification":[{"@type":"OpeningHoursSpecification","dayOfWeek":["Monday","Tuesday","Wednesday","Thursday","Friday","Saturday","Sunday"],"opens":"09:00","closes":"17:00"}]},{"@type":"ImageObject","inLanguage":"es","@id":"https:\/\/landioustravel.com\/es\/shop\/excursion-montana-moises-sharm\/#local-main-organization-logo","url":"https:\/\/i0.wp.com\/landioustravel.com\/wp-content\/uploads\/2021\/06\/Landious-T.png?fit=500%2C500&ssl=1","contentUrl":"https:\/\/i0.wp.com\/landioustravel.com\/wp-content\/uploads\/2021\/06\/Landious-T.png?fit=500%2C500&ssl=1","width":500,"height":500,"caption":"Landious Travel"}]}},"jetpack_publicize_connections":[],"uagb_featured_image_src":{"full":["https:\/\/i0.wp.com\/landioustravel.com\/wp-content\/uploads\/2022\/06\/Saint-Katherine-Protectorate.jpg?fit=600%2C450&ssl=1",600,450,false],"thumbnail":["https:\/\/i0.wp.com\/landioustravel.com\/wp-content\/uploads\/2022\/06\/Saint-Katherine-Protectorate.jpg?resize=150%2C150&ssl=1",150,150,true],"medium":["https:\/\/i0.wp.com\/landioustravel.com\/wp-content\/uploads\/2022\/06\/Saint-Katherine-Protectorate.jpg?fit=300%2C225&ssl=1",300,225,true],"medium_large":["https:\/\/i0.wp.com\/landioustravel.com\/wp-content\/uploads\/2022\/06\/Saint-Katherine-Protectorate.jpg?fit=600%2C450&ssl=1",600,450,true],"large":["https:\/\/i0.wp.com\/landioustravel.com\/wp-content\/uploads\/2022\/06\/Saint-Katherine-Protectorate.jpg?fit=600%2C450&ssl=1",600,450,true],"1536x1536":["https:\/\/i0.wp.com\/landioustravel.com\/wp-content\/uploads\/2022\/06\/Saint-Katherine-Protectorate.jpg?fit=600%2C450&ssl=1",600,450,true],"2048x2048":["https:\/\/i0.wp.com\/landioustravel.com\/wp-content\/uploads\/2022\/06\/Saint-Katherine-Protectorate.jpg?fit=600%2C450&ssl=1",600,450,true],"newspack-article-block-landscape-large":["https:\/\/i0.wp.com\/landioustravel.com\/wp-content\/uploads\/2022\/06\/Saint-Katherine-Protectorate.jpg?resize=600%2C450&ssl=1",600,450,true],"newspack-article-block-portrait-large":["https:\/\/i0.wp.com\/landioustravel.com\/wp-content\/uploads\/2022\/06\/Saint-Katherine-Protectorate.jpg?resize=600%2C450&ssl=1",600,450,true],"newspack-article-block-square-large":["https:\/\/i0.wp.com\/landioustravel.com\/wp-content\/uploads\/2022\/06\/Saint-Katherine-Protectorate.jpg?resize=600%2C450&ssl=1",600,450,true],"newspack-article-block-landscape-medium":["https:\/\/i0.wp.com\/landioustravel.com\/wp-content\/uploads\/2022\/06\/Saint-Katherine-Protectorate.jpg?resize=600%2C450&ssl=1",600,450,true],"newspack-article-block-portrait-medium":["https:\/\/i0.wp.com\/landioustravel.com\/wp-content\/uploads\/2022\/06\/Saint-Katherine-Protectorate.jpg?resize=600%2C450&ssl=1",600,450,true],"newspack-article-block-square-medium":["https:\/\/i0.wp.com\/landioustravel.com\/wp-content\/uploads\/2022\/06\/Saint-Katherine-Protectorate.jpg?resize=600%2C450&ssl=1",600,450,true],"newspack-article-block-landscape-intermediate":["https:\/\/i0.wp.com\/landioustravel.com\/wp-content\/uploads\/2022\/06\/Saint-Katherine-Protectorate.jpg?resize=600%2C450&ssl=1",600,450,true],"newspack-article-block-portrait-intermediate":["https:\/\/i0.wp.com\/landioustravel.com\/wp-content\/uploads\/2022\/06\/Saint-Katherine-Protectorate.jpg?resize=450%2C450&ssl=1",450,450,true],"newspack-article-block-square-intermediate":["https:\/\/i0.wp.com\/landioustravel.com\/wp-content\/uploads\/2022\/06\/Saint-Katherine-Protectorate.jpg?resize=600%2C450&ssl=1",600,450,true],"newspack-article-block-landscape-small":["https:\/\/i0.wp.com\/landioustravel.com\/wp-content\/uploads\/2022\/06\/Saint-Katherine-Protectorate.jpg?resize=400%2C300&ssl=1",400,300,true],"newspack-article-block-portrait-small":["https:\/\/i0.wp.com\/landioustravel.com\/wp-content\/uploads\/2022\/06\/Saint-Katherine-Protectorate.jpg?resize=300%2C400&ssl=1",300,400,true],"newspack-article-block-square-small":["https:\/\/i0.wp.com\/landioustravel.com\/wp-content\/uploads\/2022\/06\/Saint-Katherine-Protectorate.jpg?resize=400%2C400&ssl=1",400,400,true],"newspack-article-block-landscape-tiny":["https:\/\/i0.wp.com\/landioustravel.com\/wp-content\/uploads\/2022\/06\/Saint-Katherine-Protectorate.jpg?resize=200%2C150&ssl=1",200,150,true],"newspack-article-block-portrait-tiny":["https:\/\/i0.wp.com\/landioustravel.com\/wp-content\/uploads\/2022\/06\/Saint-Katherine-Protectorate.jpg?resize=150%2C200&ssl=1",150,200,true],"newspack-article-block-square-tiny":["https:\/\/i0.wp.com\/landioustravel.com\/wp-content\/uploads\/2022\/06\/Saint-Katherine-Protectorate.jpg?resize=200%2C200&ssl=1",200,200,true],"newspack-article-block-uncropped":["https:\/\/i0.wp.com\/landioustravel.com\/wp-content\/uploads\/2022\/06\/Saint-Katherine-Protectorate.jpg?fit=600%2C450&ssl=1",600,450,true],"woocommerce_thumbnail":["https:\/\/i0.wp.com\/landioustravel.com\/wp-content\/uploads\/2022\/06\/Saint-Katherine-Protectorate.jpg?resize=324%2C324&ssl=1",324,324,true],"woocommerce_single":["https:\/\/i0.wp.com\/landioustravel.com\/wp-content\/uploads\/2022\/06\/Saint-Katherine-Protectorate.jpg?fit=416%2C312&ssl=1",416,312,true],"woocommerce_gallery_thumbnail":["https:\/\/i0.wp.com\/landioustravel.com\/wp-content\/uploads\/2022\/06\/Saint-Katherine-Protectorate.jpg?resize=100%2C100&ssl=1",100,100,true]},"uagb_author_info":{"display_name":"Mofreh Landious","author_link":"https:\/\/landioustravel.com\/es\/author\/"},"uagb_comment_info":7,"uagb_excerpt":"Nuestro mundo est\u00e1 lleno de lugares y vistas \u00fanicos que nos brindan mucha alegr\u00eda y frescura. Una de esas excursiones que ofrece un significado tanto espiritual como hist\u00f3rico es el \"Ascenso a la monta\u00f1a del profeta Mois\u00e9s\". Durante este viaje, subir\u00e1s a la monta\u00f1a y ser\u00e1s testigo del espectacular amanecer en su cima antes de&hellip;","jetpack_sharing_enabled":true,"jetpack_likes_enabled":true,"amp_enabled":true,"_links":{"self":[{"href":"https:\/\/landioustravel.com\/es\/wp-json\/wp\/v2\/product\/2093","targetHints":{"allow":["GET"]}}],"collection":[{"href":"https:\/\/landioustravel.com\/es\/wp-json\/wp\/v2\/product"}],"about":[{"href":"https:\/\/landioustravel.com\/es\/wp-json\/wp\/v2\/types\/product"}],"replies":[{"embeddable":true,"href":"https:\/\/landioustravel.com\/es\/wp-json\/wp\/v2\/comments?post=2093"}],"wp:featuredmedia":[{"embeddable":true,"href":"https:\/\/landioustravel.com\/es\/wp-json\/wp\/v2\/media\/110022"}],"wp:attachment":[{"href":"https:\/\/landioustravel.com\/es\/wp-json\/wp\/v2\/media?parent=2093"}],"wp:term":[{"taxonomy":"product_brand","embeddable":true,"href":"https:\/\/landioustravel.com\/es\/wp-json\/wp\/v2\/product_brand?post=2093"},{"taxonomy":"product_cat","embeddable":true,"href":"https:\/\/landioustravel.com\/es\/wp-json\/wp\/v2\/product_cat?post=2093"},{"taxonomy":"product_tag","embeddable":true,"href":"https:\/\/landioustravel.com\/es\/wp-json\/wp\/v2\/product_tag?post=2093"}],"curies":[{"name":"wp","href":"https:\/\/api.w.org\/{rel}","templated":true}]}}