{"id":2099,"date":"2018-12-09T08:05:36","date_gmt":"2018-12-09T06:05:36","guid":{"rendered":"https:\/\/landioustravel.com\/product\/excursion-semi-submarino-sharm\/"},"modified":"2026-04-30T20:13:24","modified_gmt":"2026-04-30T17:13:24","slug":"excursion-semi-submarino-sharm","status":"publish","type":"product","link":"https:\/\/landioustravel.com\/es\/shop\/excursion-semi-submarino-sharm\/","title":{"rendered":"Excursi\u00f3n en semi-submarino en Sharm El-Sheikh"},"content":{"rendered":"<p>\u00a1Un viaje por mar favorito en semi-submarino en Sharm El Sheikh! Recomendamos el viaje porque permite a los turistas de cualquier edad pasar un buen rato en el mar observando hermosos corales y una variedad de peces. Y tambi\u00e9n, disfrutando de un picnic mar a trav\u00e9s del Mar Rojo.<\/p>\n<h2>Los principales puntos del programa de excursiones en el semi-submarino<\/h2>\n<ul>\n<li>Picnic en el mar junto al mar le\u00eddo<\/li>\n<li>Observaci\u00f3n del mundo submarino desde el interior del semi-submarino.<\/li>\n<\/ul>\n<h3>El programa de excursiones en el semi-submarino en Sharm El-Sheikh<\/h3>\n<ul>\n<li>Recogi\u00e9ndote a las 10:00 aproximadamente de tu hotel.<\/li>\n<li>Despu\u00e9s de tomar todos los interesados, el autob\u00fas va al puerto. El trayecto hasta el puerto dura unos 20 minutos.<\/li>\n<li>Al comienzo del programa de excursiones, tendr\u00e1 un picnic en el mar junto al Mar Rojo.<\/li>\n<li>Luego, desciende a la planta baja para ver peces y corales durante unos 45 minutos.<\/li>\n<li>En el camino de regreso al puerto, tendr\u00e1 la oportunidad de ver corales y peces.<\/li>\n<\/ul>\n<h4>Lo que est\u00e1 incluido en el precio del tour<\/h4>\n<ul>\n<li>Traslado al puerto y regreso al hotel.<\/li>\n<\/ul>\n<h4>Lo que no est\u00e1 incluido en el precio del viaje<\/h4>\n<ul>\n<li>Video DVD<\/li>\n<li>CD de fotos<\/li>\n<\/ul>\n<h5>Que llevar contigo para el viaje<\/h5>\n<ul>\n<li>Toalla<\/li>\n<li>Protector solar<\/li>\n<\/ul>\n<h6>D\u00cdAS DE LA ORGANIZACI\u00d3N DE EXCURSIONES<\/h6>\n<ul>\n<li>Diariamente de 010: 00 &#8211; 14:00.<\/li>\n<\/ul>\n","protected":false},"excerpt":{"rendered":"<p>\u00a1Prep\u00e1rate para una aventura inolvidable en Sharm El Sheikh a bordo de un barco semisubmarino de 2 cubiertas! Con sus enormes ventanas panor\u00e1micas, tendr\u00e1 una vista impresionante del mundo submarino del Mar Rojo. Sea testigo de los impresionantes arrecifes de coral y los vibrantes bancos de peces del Mar Rojo desde la comodidad del semisubmarino. El barco se desliza por las tranquilas aguas del mar mientras t\u00fa te sientas y te relajas en el semisubmarino, sumergi\u00e9ndote por completo en el mundo submarino.<\/p>\n<p>La excursi\u00f3n semisubmarina en el Mar Rojo desde Sharm El Sheikh es una visita obligada para las familias y las personas que buscan aventuras y emociones. \u00a1Es como tener tu propio submarino personal! El fondo del barco se sumerge 4 metros por debajo de la superficie, lo que brinda una visi\u00f3n cercana y personal del mundo submarino. Tendr\u00e1 mucho tiempo para capturar estos momentos inolvidables con la c\u00e1mara y llevarse a casa recuerdos que durar\u00e1n toda la vida.<\/p>\n<p>Este tour es perfecto para familias que viajan con ni\u00f1os, ya que les brinda la oportunidad de experimentar las maravillas del mundo submarino por primera vez. Incluso los adultos pueden beneficiarse de este recorrido, ya que ofrece un adelanto del mundo submarino y los anima a superar sus miedos y sumergirse. A los ni\u00f1os les encantar\u00e1 la atm\u00f3sfera emocionante del submarino, y la excursi\u00f3n seguramente ser\u00e1 una aventura inolvidable.<\/p>\n<p>\u00a1Prep\u00e1rate para un emocionante viaje que te dejar\u00e1 asombrado por el magn\u00edfico mundo submarino del Mar Rojo! \u00danase a nosotros en un emocionante recorrido submarino con 18 ventanas panor\u00e1micas que miden 100 x 125 cm. Sentado c\u00f3modamente en un sill\u00f3n circular m\u00f3vil, podr\u00e1s presenciar la belleza del arrecife de coral, los peces de colores y el abismo desde todos los \u00e1ngulos. El Seas-cop puede acomodar hasta 34 pasajeros, lo que garantiza una experiencia segura y c\u00f3moda para todos. Pasaremos a recogeros por vuestro hotel a la hora indicada y tras un trayecto de 20 minutos abordaremos el Semi Submarino y emprenderemos nuestra aventura.<\/p>\n","protected":false},"featured_media":100288,"comment_status":"open","ping_status":"closed","template":"","meta":{"_coblocks_attr":"","_coblocks_dimensions":"","_coblocks_responsive_height":"","_coblocks_accordion_ie_support":"","_uag_custom_page_level_css":"","jetpack_publicize_message":"","jetpack_publicize_feature_enabled":true,"jetpack_social_post_already_shared":false,"jetpack_social_options":{"image_generator_settings":{"template":"highway","default_image_id":0,"font":"","enabled":false},"version":2},"_wpas_customize_per_network":false},"product_brand":[],"product_cat":[1472,1470],"product_tag":[22565,1496,1514,1526],"class_list":{"0":"post-2099","1":"product","2":"type-product","3":"status-publish","4":"has-post-thumbnail","6":"product_cat-sea-trips-sharm-el-sheikh","7":"product_cat-excursions-sharm-el-sheikh","8":"product_tag-excursion","9":"product_tag-sea","10":"product_tag-semi-submarine","11":"product_tag-sharm-el-sheikh","12":"pa_age-adult","13":"pa_age-child-1-4-years","14":"pa_age-child-5-11-years","16":"first","17":"instock","18":"sale","19":"purchasable","20":"product-type-variable"},"yoast_head":"<!-- This site is optimized with the Yoast SEO Premium plugin v26.9 (Yoast SEO v27.5) - https:\/\/yoast.com\/product\/yoast-seo-premium-wordpress\/ -->\n<title>Excursi\u00f3n en semi-submarino en Sharm El-Sheikh<\/title>\n<meta name=\"description\" content=\"Excursi\u00f3n en semi-submarino en Sharm El-Sheikh le permite ver los corales y peces del Mar Rojo sin ninguna dificultad a bordo del semi-submarino\" \/>\n<meta name=\"robots\" content=\"index, follow, max-snippet:-1, max-image-preview:large, max-video-preview:-1\" \/>\n<link rel=\"canonical\" href=\"https:\/\/landioustravel.com\/es\/shop\/excursion-semi-submarino-sharm\/\" \/>\n<meta property=\"og:locale\" content=\"es_ES\" \/>\n<meta property=\"og:type\" content=\"article\" \/>\n<meta property=\"og:title\" content=\"Excursi\u00f3n en semi-submarino en Sharm El-Sheikh\" \/>\n<meta property=\"og:description\" content=\"Landious Travel\" \/>\n<meta property=\"og:url\" content=\"https:\/\/landioustravel.com\/es\/shop\/excursion-semi-submarino-sharm\/\" \/>\n<meta property=\"og:site_name\" content=\"Landious Travel\" \/>\n<meta property=\"article:publisher\" content=\"https:\/\/web.facebook.com\/landiousEgypt\" \/>\n<meta property=\"article:modified_time\" content=\"2026-04-30T17:13:24+00:00\" \/>\n<meta property=\"og:image\" content=\"https:\/\/i0.wp.com\/landioustravel.com\/wp-content\/uploads\/2018\/12\/Semi-Submarine-Excursion-Sharm-El-Sheikh-e1669492996378.jpg?fit=1201%2C675&ssl=1\" \/>\n\t<meta property=\"og:image:width\" content=\"1201\" \/>\n\t<meta property=\"og:image:height\" content=\"675\" \/>\n\t<meta property=\"og:image:type\" content=\"image\/jpeg\" \/>\n<meta name=\"twitter:card\" content=\"summary_large_image\" \/>\n<meta name=\"twitter:site\" content=\"@LandiousTours\" \/>\n<meta name=\"twitter:label1\" content=\"Tiempo de lectura\" \/>\n\t<meta name=\"twitter:data1\" content=\"1 minuto\" \/>\n<script type=\"application\/ld+json\" class=\"yoast-schema-graph\">{\"@context\":\"https:\\\/\\\/schema.org\",\"@graph\":[{\"@type\":\"WebPage\",\"@id\":\"https:\\\/\\\/landioustravel.com\\\/es\\\/shop\\\/excursion-semi-submarino-sharm\\\/\",\"url\":\"https:\\\/\\\/landioustravel.com\\\/es\\\/shop\\\/excursion-semi-submarino-sharm\\\/\",\"name\":\"Excursi\u00f3n en semi-submarino en Sharm El-Sheikh\",\"isPartOf\":{\"@id\":\"https:\\\/\\\/landioustravel.com\\\/es\\\/#website\"},\"primaryImageOfPage\":{\"@id\":\"https:\\\/\\\/landioustravel.com\\\/es\\\/shop\\\/excursion-semi-submarino-sharm\\\/#primaryimage\"},\"image\":{\"@id\":\"https:\\\/\\\/landioustravel.com\\\/es\\\/shop\\\/excursion-semi-submarino-sharm\\\/#primaryimage\"},\"thumbnailUrl\":\"https:\\\/\\\/i0.wp.com\\\/landioustravel.com\\\/wp-content\\\/uploads\\\/2018\\\/12\\\/Semi-Submarine-Excursion-Sharm-El-Sheikh-e1669492996378.jpg?fit=1201%2C675&ssl=1\",\"datePublished\":\"2018-12-09T06:05:36+00:00\",\"dateModified\":\"2026-04-30T17:13:24+00:00\",\"description\":\"Excursi\u00f3n en semi-submarino en Sharm El-Sheikh le permite ver los corales y peces del Mar Rojo sin ninguna dificultad a bordo del semi-submarino\",\"breadcrumb\":{\"@id\":\"https:\\\/\\\/landioustravel.com\\\/es\\\/shop\\\/excursion-semi-submarino-sharm\\\/#breadcrumb\"},\"inLanguage\":\"es\",\"potentialAction\":[{\"@type\":\"ReadAction\",\"target\":[\"https:\\\/\\\/landioustravel.com\\\/es\\\/shop\\\/excursion-semi-submarino-sharm\\\/\"]}]},{\"@type\":\"ImageObject\",\"inLanguage\":\"es\",\"@id\":\"https:\\\/\\\/landioustravel.com\\\/es\\\/shop\\\/excursion-semi-submarino-sharm\\\/#primaryimage\",\"url\":\"https:\\\/\\\/i0.wp.com\\\/landioustravel.com\\\/wp-content\\\/uploads\\\/2018\\\/12\\\/Semi-Submarine-Excursion-Sharm-El-Sheikh-e1669492996378.jpg?fit=1201%2C675&ssl=1\",\"contentUrl\":\"https:\\\/\\\/i0.wp.com\\\/landioustravel.com\\\/wp-content\\\/uploads\\\/2018\\\/12\\\/Semi-Submarine-Excursion-Sharm-El-Sheikh-e1669492996378.jpg?fit=1201%2C675&ssl=1\",\"width\":1201,\"height\":675,\"caption\":\"Semi Submarine Excursion Sharm El Sheikh\"},{\"@type\":\"BreadcrumbList\",\"@id\":\"https:\\\/\\\/landioustravel.com\\\/es\\\/shop\\\/excursion-semi-submarino-sharm\\\/#breadcrumb\",\"itemListElement\":[{\"@type\":\"ListItem\",\"position\":1,\"name\":\"Home\",\"item\":\"https:\\\/\\\/landioustravel.com\\\/es\\\/\"},{\"@type\":\"ListItem\",\"position\":2,\"name\":\"Servicios y Tours\",\"item\":\"https:\\\/\\\/landioustravel.com\\\/es\\\/\"},{\"@type\":\"ListItem\",\"position\":3,\"name\":\"Excursi\u00f3n en semi-submarino en Sharm El-Sheikh\"}]},{\"@type\":\"WebSite\",\"@id\":\"https:\\\/\\\/landioustravel.com\\\/es\\\/#website\",\"url\":\"https:\\\/\\\/landioustravel.com\\\/es\\\/\",\"name\":\"Landious Travel\",\"description\":\"Tours and Excursions in Egypt\",\"publisher\":{\"@id\":\"https:\\\/\\\/landioustravel.com\\\/es\\\/#organization\"},\"potentialAction\":[{\"@type\":\"SearchAction\",\"target\":{\"@type\":\"EntryPoint\",\"urlTemplate\":\"https:\\\/\\\/landioustravel.com\\\/es\\\/?s={search_term_string}\"},\"query-input\":{\"@type\":\"PropertyValueSpecification\",\"valueRequired\":true,\"valueName\":\"search_term_string\"}}],\"inLanguage\":\"es\"},{\"@type\":[\"Organization\",\"Place\"],\"@id\":\"https:\\\/\\\/landioustravel.com\\\/es\\\/#organization\",\"name\":\"Landious Travel\",\"alternateName\":\"Landious Travel\",\"url\":\"https:\\\/\\\/landioustravel.com\\\/es\\\/\",\"logo\":{\"@id\":\"https:\\\/\\\/landioustravel.com\\\/es\\\/shop\\\/excursion-semi-submarino-sharm\\\/#local-main-organization-logo\"},\"image\":{\"@id\":\"https:\\\/\\\/landioustravel.com\\\/es\\\/shop\\\/excursion-semi-submarino-sharm\\\/#local-main-organization-logo\"},\"sameAs\":[\"https:\\\/\\\/web.facebook.com\\\/landiousEgypt\",\"https:\\\/\\\/x.com\\\/LandiousTours\",\"https:\\\/\\\/mastodon.social\\\/@landious\"],\"legalName\":\"Landious Travel\",\"telephone\":[],\"openingHoursSpecification\":[{\"@type\":\"OpeningHoursSpecification\",\"dayOfWeek\":[\"Monday\",\"Tuesday\",\"Wednesday\",\"Thursday\",\"Friday\",\"Saturday\",\"Sunday\"],\"opens\":\"09:00\",\"closes\":\"17:00\"}]},{\"@type\":\"ImageObject\",\"inLanguage\":\"es\",\"@id\":\"https:\\\/\\\/landioustravel.com\\\/es\\\/shop\\\/excursion-semi-submarino-sharm\\\/#local-main-organization-logo\",\"url\":\"https:\\\/\\\/i0.wp.com\\\/landioustravel.com\\\/wp-content\\\/uploads\\\/2021\\\/06\\\/Landious-T.png?fit=500%2C500&ssl=1\",\"contentUrl\":\"https:\\\/\\\/i0.wp.com\\\/landioustravel.com\\\/wp-content\\\/uploads\\\/2021\\\/06\\\/Landious-T.png?fit=500%2C500&ssl=1\",\"width\":500,\"height\":500,\"caption\":\"Landious Travel\"}]}<\/script>\n<!-- \/ Yoast SEO Premium plugin. -->","yoast_head_json":{"title":"Excursi\u00f3n en semi-submarino en Sharm El-Sheikh","description":"Excursi\u00f3n en semi-submarino en Sharm El-Sheikh le permite ver los corales y peces del Mar Rojo sin ninguna dificultad a bordo del semi-submarino","robots":{"index":"index","follow":"follow","max-snippet":"max-snippet:-1","max-image-preview":"max-image-preview:large","max-video-preview":"max-video-preview:-1"},"canonical":"https:\/\/landioustravel.com\/es\/shop\/excursion-semi-submarino-sharm\/","og_locale":"es_ES","og_type":"article","og_title":"Excursi\u00f3n en semi-submarino en Sharm El-Sheikh","og_description":"Landious Travel","og_url":"https:\/\/landioustravel.com\/es\/shop\/excursion-semi-submarino-sharm\/","og_site_name":"Landious Travel","article_publisher":"https:\/\/web.facebook.com\/landiousEgypt","article_modified_time":"2026-04-30T17:13:24+00:00","og_image":[{"width":1201,"height":675,"url":"https:\/\/i0.wp.com\/landioustravel.com\/wp-content\/uploads\/2018\/12\/Semi-Submarine-Excursion-Sharm-El-Sheikh-e1669492996378.jpg?fit=1201%2C675&ssl=1","type":"image\/jpeg"}],"twitter_card":"summary_large_image","twitter_site":"@LandiousTours","twitter_misc":{"Tiempo de lectura":"1 minuto"},"schema":{"@context":"https:\/\/schema.org","@graph":[{"@type":"WebPage","@id":"https:\/\/landioustravel.com\/es\/shop\/excursion-semi-submarino-sharm\/","url":"https:\/\/landioustravel.com\/es\/shop\/excursion-semi-submarino-sharm\/","name":"Excursi\u00f3n en semi-submarino en Sharm El-Sheikh","isPartOf":{"@id":"https:\/\/landioustravel.com\/es\/#website"},"primaryImageOfPage":{"@id":"https:\/\/landioustravel.com\/es\/shop\/excursion-semi-submarino-sharm\/#primaryimage"},"image":{"@id":"https:\/\/landioustravel.com\/es\/shop\/excursion-semi-submarino-sharm\/#primaryimage"},"thumbnailUrl":"https:\/\/i0.wp.com\/landioustravel.com\/wp-content\/uploads\/2018\/12\/Semi-Submarine-Excursion-Sharm-El-Sheikh-e1669492996378.jpg?fit=1201%2C675&ssl=1","datePublished":"2018-12-09T06:05:36+00:00","dateModified":"2026-04-30T17:13:24+00:00","description":"Excursi\u00f3n en semi-submarino en Sharm El-Sheikh le permite ver los corales y peces del Mar Rojo sin ninguna dificultad a bordo del semi-submarino","breadcrumb":{"@id":"https:\/\/landioustravel.com\/es\/shop\/excursion-semi-submarino-sharm\/#breadcrumb"},"inLanguage":"es","potentialAction":[{"@type":"ReadAction","target":["https:\/\/landioustravel.com\/es\/shop\/excursion-semi-submarino-sharm\/"]}]},{"@type":"ImageObject","inLanguage":"es","@id":"https:\/\/landioustravel.com\/es\/shop\/excursion-semi-submarino-sharm\/#primaryimage","url":"https:\/\/i0.wp.com\/landioustravel.com\/wp-content\/uploads\/2018\/12\/Semi-Submarine-Excursion-Sharm-El-Sheikh-e1669492996378.jpg?fit=1201%2C675&ssl=1","contentUrl":"https:\/\/i0.wp.com\/landioustravel.com\/wp-content\/uploads\/2018\/12\/Semi-Submarine-Excursion-Sharm-El-Sheikh-e1669492996378.jpg?fit=1201%2C675&ssl=1","width":1201,"height":675,"caption":"Semi Submarine Excursion Sharm El Sheikh"},{"@type":"BreadcrumbList","@id":"https:\/\/landioustravel.com\/es\/shop\/excursion-semi-submarino-sharm\/#breadcrumb","itemListElement":[{"@type":"ListItem","position":1,"name":"Home","item":"https:\/\/landioustravel.com\/es\/"},{"@type":"ListItem","position":2,"name":"Servicios y Tours","item":"https:\/\/landioustravel.com\/es\/"},{"@type":"ListItem","position":3,"name":"Excursi\u00f3n en semi-submarino en Sharm El-Sheikh"}]},{"@type":"WebSite","@id":"https:\/\/landioustravel.com\/es\/#website","url":"https:\/\/landioustravel.com\/es\/","name":"Landious Travel","description":"Tours and Excursions in Egypt","publisher":{"@id":"https:\/\/landioustravel.com\/es\/#organization"},"potentialAction":[{"@type":"SearchAction","target":{"@type":"EntryPoint","urlTemplate":"https:\/\/landioustravel.com\/es\/?s={search_term_string}"},"query-input":{"@type":"PropertyValueSpecification","valueRequired":true,"valueName":"search_term_string"}}],"inLanguage":"es"},{"@type":["Organization","Place"],"@id":"https:\/\/landioustravel.com\/es\/#organization","name":"Landious Travel","alternateName":"Landious Travel","url":"https:\/\/landioustravel.com\/es\/","logo":{"@id":"https:\/\/landioustravel.com\/es\/shop\/excursion-semi-submarino-sharm\/#local-main-organization-logo"},"image":{"@id":"https:\/\/landioustravel.com\/es\/shop\/excursion-semi-submarino-sharm\/#local-main-organization-logo"},"sameAs":["https:\/\/web.facebook.com\/landiousEgypt","https:\/\/x.com\/LandiousTours","https:\/\/mastodon.social\/@landious"],"legalName":"Landious Travel","telephone":[],"openingHoursSpecification":[{"@type":"OpeningHoursSpecification","dayOfWeek":["Monday","Tuesday","Wednesday","Thursday","Friday","Saturday","Sunday"],"opens":"09:00","closes":"17:00"}]},{"@type":"ImageObject","inLanguage":"es","@id":"https:\/\/landioustravel.com\/es\/shop\/excursion-semi-submarino-sharm\/#local-main-organization-logo","url":"https:\/\/i0.wp.com\/landioustravel.com\/wp-content\/uploads\/2021\/06\/Landious-T.png?fit=500%2C500&ssl=1","contentUrl":"https:\/\/i0.wp.com\/landioustravel.com\/wp-content\/uploads\/2021\/06\/Landious-T.png?fit=500%2C500&ssl=1","width":500,"height":500,"caption":"Landious Travel"}]}},"jetpack_publicize_connections":[],"uagb_featured_image_src":{"full":["https:\/\/i0.wp.com\/landioustravel.com\/wp-content\/uploads\/2018\/12\/Semi-Submarine-Excursion-Sharm-El-Sheikh-e1669492996378.jpg?fit=1201%2C675&ssl=1",1201,675,false],"thumbnail":["https:\/\/i0.wp.com\/landioustravel.com\/wp-content\/uploads\/2018\/12\/Semi-Submarine-Excursion-Sharm-El-Sheikh-e1669492996378.jpg?resize=150%2C150&ssl=1",150,150,true],"medium":["https:\/\/i0.wp.com\/landioustravel.com\/wp-content\/uploads\/2018\/12\/Semi-Submarine-Excursion-Sharm-El-Sheikh-e1669492996378.jpg?fit=300%2C169&ssl=1",300,169,true],"medium_large":["https:\/\/i0.wp.com\/landioustravel.com\/wp-content\/uploads\/2018\/12\/Semi-Submarine-Excursion-Sharm-El-Sheikh-e1669492996378.jpg?fit=768%2C432&ssl=1",768,432,true],"large":["https:\/\/i0.wp.com\/landioustravel.com\/wp-content\/uploads\/2018\/12\/Semi-Submarine-Excursion-Sharm-El-Sheikh-e1669492996378.jpg?fit=980%2C551&ssl=1",980,551,true],"1536x1536":["https:\/\/i0.wp.com\/landioustravel.com\/wp-content\/uploads\/2018\/12\/Semi-Submarine-Excursion-Sharm-El-Sheikh-e1669492996378.jpg?fit=1201%2C675&ssl=1",1201,675,true],"2048x2048":["https:\/\/i0.wp.com\/landioustravel.com\/wp-content\/uploads\/2018\/12\/Semi-Submarine-Excursion-Sharm-El-Sheikh-e1669492996378.jpg?fit=1201%2C675&ssl=1",1201,675,true],"newspack-article-block-landscape-large":["https:\/\/i0.wp.com\/landioustravel.com\/wp-content\/uploads\/2018\/12\/Semi-Submarine-Excursion-Sharm-El-Sheikh-e1669492996378.jpg?resize=1200%2C674&ssl=1",1200,674,true],"newspack-article-block-portrait-large":["https:\/\/i0.wp.com\/landioustravel.com\/wp-content\/uploads\/2018\/12\/Semi-Submarine-Excursion-Sharm-El-Sheikh-e1669492996378.jpg?resize=900%2C675&ssl=1",900,675,true],"newspack-article-block-square-large":["https:\/\/i0.wp.com\/landioustravel.com\/wp-content\/uploads\/2018\/12\/Semi-Submarine-Excursion-Sharm-El-Sheikh-e1669492996378.jpg?resize=1200%2C674&ssl=1",1200,674,true],"newspack-article-block-landscape-medium":["https:\/\/i0.wp.com\/landioustravel.com\/wp-content\/uploads\/2018\/12\/Semi-Submarine-Excursion-Sharm-El-Sheikh-e1669492996378.jpg?resize=800%2C600&ssl=1",800,600,true],"newspack-article-block-portrait-medium":["https:\/\/i0.wp.com\/landioustravel.com\/wp-content\/uploads\/2018\/12\/Semi-Submarine-Excursion-Sharm-El-Sheikh-e1669492996378.jpg?resize=600%2C675&ssl=1",600,675,true],"newspack-article-block-square-medium":["https:\/\/i0.wp.com\/landioustravel.com\/wp-content\/uploads\/2018\/12\/Semi-Submarine-Excursion-Sharm-El-Sheikh-e1669492996378.jpg?resize=800%2C675&ssl=1",800,675,true],"newspack-article-block-landscape-intermediate":["https:\/\/i0.wp.com\/landioustravel.com\/wp-content\/uploads\/2018\/12\/Semi-Submarine-Excursion-Sharm-El-Sheikh-e1669492996378.jpg?resize=600%2C450&ssl=1",600,450,true],"newspack-article-block-portrait-intermediate":["https:\/\/i0.wp.com\/landioustravel.com\/wp-content\/uploads\/2018\/12\/Semi-Submarine-Excursion-Sharm-El-Sheikh-e1669492996378.jpg?resize=450%2C600&ssl=1",450,600,true],"newspack-article-block-square-intermediate":["https:\/\/i0.wp.com\/landioustravel.com\/wp-content\/uploads\/2018\/12\/Semi-Submarine-Excursion-Sharm-El-Sheikh-e1669492996378.jpg?resize=600%2C600&ssl=1",600,600,true],"newspack-article-block-landscape-small":["https:\/\/i0.wp.com\/landioustravel.com\/wp-content\/uploads\/2018\/12\/Semi-Submarine-Excursion-Sharm-El-Sheikh-e1669492996378.jpg?resize=400%2C300&ssl=1",400,300,true],"newspack-article-block-portrait-small":["https:\/\/i0.wp.com\/landioustravel.com\/wp-content\/uploads\/2018\/12\/Semi-Submarine-Excursion-Sharm-El-Sheikh-e1669492996378.jpg?resize=300%2C400&ssl=1",300,400,true],"newspack-article-block-square-small":["https:\/\/i0.wp.com\/landioustravel.com\/wp-content\/uploads\/2018\/12\/Semi-Submarine-Excursion-Sharm-El-Sheikh-e1669492996378.jpg?resize=400%2C400&ssl=1",400,400,true],"newspack-article-block-landscape-tiny":["https:\/\/i0.wp.com\/landioustravel.com\/wp-content\/uploads\/2018\/12\/Semi-Submarine-Excursion-Sharm-El-Sheikh-e1669492996378.jpg?resize=200%2C150&ssl=1",200,150,true],"newspack-article-block-portrait-tiny":["https:\/\/i0.wp.com\/landioustravel.com\/wp-content\/uploads\/2018\/12\/Semi-Submarine-Excursion-Sharm-El-Sheikh-e1669492996378.jpg?resize=150%2C200&ssl=1",150,200,true],"newspack-article-block-square-tiny":["https:\/\/i0.wp.com\/landioustravel.com\/wp-content\/uploads\/2018\/12\/Semi-Submarine-Excursion-Sharm-El-Sheikh-e1669492996378.jpg?resize=200%2C200&ssl=1",200,200,true],"newspack-article-block-uncropped":["https:\/\/i0.wp.com\/landioustravel.com\/wp-content\/uploads\/2018\/12\/Semi-Submarine-Excursion-Sharm-El-Sheikh-e1669492996378.jpg?fit=1200%2C674&ssl=1",1200,674,true],"woocommerce_thumbnail":["https:\/\/i0.wp.com\/landioustravel.com\/wp-content\/uploads\/2018\/12\/Semi-Submarine-Excursion-Sharm-El-Sheikh-e1669492996378.jpg?resize=324%2C324&ssl=1",324,324,true],"woocommerce_single":["https:\/\/i0.wp.com\/landioustravel.com\/wp-content\/uploads\/2018\/12\/Semi-Submarine-Excursion-Sharm-El-Sheikh-e1669492996378.jpg?fit=416%2C234&ssl=1",416,234,true],"woocommerce_gallery_thumbnail":["https:\/\/i0.wp.com\/landioustravel.com\/wp-content\/uploads\/2018\/12\/Semi-Submarine-Excursion-Sharm-El-Sheikh-e1669492996378.jpg?resize=100%2C100&ssl=1",100,100,true]},"uagb_author_info":{"display_name":"Mofreh Landious","author_link":"https:\/\/landioustravel.com\/es\/author\/"},"uagb_comment_info":6,"uagb_excerpt":"\u00a1Prep\u00e1rate para una aventura inolvidable en Sharm El Sheikh a bordo de un barco semisubmarino de 2 cubiertas! Con sus enormes ventanas panor\u00e1micas, tendr\u00e1 una vista impresionante del mundo submarino del Mar Rojo. Sea testigo de los impresionantes arrecifes de coral y los vibrantes bancos de peces del Mar Rojo desde la comodidad del semisubmarino.&hellip;","jetpack_sharing_enabled":true,"jetpack_likes_enabled":true,"amp_enabled":true,"_links":{"self":[{"href":"https:\/\/landioustravel.com\/es\/wp-json\/wp\/v2\/product\/2099","targetHints":{"allow":["GET"]}}],"collection":[{"href":"https:\/\/landioustravel.com\/es\/wp-json\/wp\/v2\/product"}],"about":[{"href":"https:\/\/landioustravel.com\/es\/wp-json\/wp\/v2\/types\/product"}],"replies":[{"embeddable":true,"href":"https:\/\/landioustravel.com\/es\/wp-json\/wp\/v2\/comments?post=2099"}],"wp:featuredmedia":[{"embeddable":true,"href":"https:\/\/landioustravel.com\/es\/wp-json\/wp\/v2\/media\/100288"}],"wp:attachment":[{"href":"https:\/\/landioustravel.com\/es\/wp-json\/wp\/v2\/media?parent=2099"}],"wp:term":[{"taxonomy":"product_brand","embeddable":true,"href":"https:\/\/landioustravel.com\/es\/wp-json\/wp\/v2\/product_brand?post=2099"},{"taxonomy":"product_cat","embeddable":true,"href":"https:\/\/landioustravel.com\/es\/wp-json\/wp\/v2\/product_cat?post=2099"},{"taxonomy":"product_tag","embeddable":true,"href":"https:\/\/landioustravel.com\/es\/wp-json\/wp\/v2\/product_tag?post=2099"}],"curies":[{"name":"wp","href":"https:\/\/api.w.org\/{rel}","templated":true}]}}