{"id":2101,"date":"2018-12-08T10:10:32","date_gmt":"2018-12-08T08:10:32","guid":{"rendered":"https:\/\/landioustravel.com\/product\/excursion-monasterio-catalina-sharm\/"},"modified":"2026-01-19T19:13:35","modified_gmt":"2026-01-19T17:13:35","slug":"excursion-monasterio-catalina-sharm","status":"publish","type":"product","link":"https:\/\/landioustravel.com\/es\/shop\/excursion-monasterio-catalina-sharm\/","title":{"rendered":"Excursi\u00f3n Monasterio de Santa Catalina desde Sharm el-Sheikh"},"content":{"rendered":"<p>\u00a1Una excursi\u00f3n muy espiritual al monasterio de Santa Catalina desde el centro tur\u00edstico de Sharm El-Sheikh! \u00a1Recomendamos el viaje porque le permite visitar uno de los lugares m\u00e1s impresionantes de la pen\u00ednsula del Sina\u00ed! Adem\u00e1s, la visita al monasterio te brinda m\u00e1s refrigerios espirituales, informaci\u00f3n sobre la historia del cristianismo en Egipto.<\/p>\n<h2>Los principales puntos del programa de excursiones en el monasterio de Santa Catalina<\/h2>\n<ul>\n<li>Visitando el Monasterio de Santa Catalina en la pen\u00ednsula del Sina\u00ed<\/li>\n<li>Almuerzo<\/li>\n<li>Compras<\/li>\n<\/ul>\n<h3>El programa de excursiones al Monasterio de Santa Catalina desde Sharm El-Sheikh<\/h3>\n<ul>\n<li>Recojo del hotel aproximadamente a las 06:00 am<\/li>\n<li>Despu\u00e9s de recoger a todos, el autob\u00fas sale en direcci\u00f3n al monasterio de St. Catherine conduciendo por las ciudades costeras de Dahab y Nuweiba. Todas estas ciudades se pueden encontrar al norte de Sharm El Sheikh, en la costa este del Mar Rojo. El trayecto, desde el centro de Sharm El Sheikh hasta el monasterio, dura aproximadamente 3 horas.<\/li>\n<\/ul>\n<h4>El programa en el Monasterio de Santa Catalina<\/h4>\n<ul>\n<li>El viaje comienza con una visita al monasterio de Santa Catalina, a medida que el autob\u00fas llega al lugar. Su gu\u00eda tendr\u00e1 la tarea de mostrar todos los santuarios principales del monasterio y le dar\u00e1 tiempo libre para tomar fotos.<\/li>\n<li>En el monasterio, ver\u00e1s las reliquias de Santa Catalina, el arbusto de la zarza ardiente, el cementerio y la cripta debajo de la capilla de San Trifonab, los mosaicos m\u00e1s antiguos, los iconos y la famosa biblioteca del Sina\u00ed.<\/li>\n<li>Despu\u00e9s de visitar el Monasterio de Santa Catalina, al pie de la monta\u00f1a del profeta Mois\u00e9s, se dirigir\u00e1 a otra ciudad _ Dahab<\/li>\n<\/ul>\n<h4>El programa en la localidad de Dahab<\/h4>\n<ul>\n<li>La excursi\u00f3n contin\u00faa en la estaci\u00f3n de Dahab. La primera parada, all\u00ed, ser\u00e1 en el restaurante. Ofrece un buffet abierto.<\/li>\n<li>Entonces, vas de compras<\/li>\n<li>Una vez finalizado el programa, el autob\u00fas regresa a Sharm El Sheikh.<\/li>\n<\/ul>\n<h4>Lo que est\u00e1 incluido en el precio del tour<\/h4>\n<ul>\n<li>Almuerzo<\/li>\n<li>Gu\u00eda<\/li>\n<li>Traslado al monasterio, y regreso a su hotel.<\/li>\n<\/ul>\n<h5>Lo que no est\u00e1 incluido en el precio del viaje<\/h5>\n<ul>\n<li>Programas adicionales de excursiones.<\/li>\n<\/ul>\n<h6>Que llevar contigo para el viaje<\/h6>\n<ul>\n<li>Caja de desayuno<\/li>\n<li>Pasaporte<\/li>\n<li>Ropa para la temporada<\/li>\n<\/ul>\n<h6>D\u00cdAS DE LA ORGANIZACI\u00d3N DE EXCURSIONES<\/h6>\n<ul>\n<li>Todos los d\u00edas de 06:00 a 16:00.<\/li>\n<\/ul>\n","protected":false},"excerpt":{"rendered":"<p>Si siente un fuerte deseo de visitar lugares sagrados, la Pen\u00ednsula del Sina\u00ed es un lugar maravilloso para hacerlo. Una visita al Monasterio de Santa Catalina desde Sharm El Sheikh seguramente har\u00e1 realidad ese deseo. En este viaje, tendr\u00e1 la oportunidad de ver los principales santuarios del monasterio y presenciar las monta\u00f1as del profeta Mois\u00e9s y Santa Catalina. Adem\u00e1s, se dirigir\u00e1 al centro tur\u00edstico de Dahab para almorzar y hacer compras.<\/p>\n<p>La visita al Monasterio de Santa Catalina es realmente una experiencia \u00fanica. Construido entre 527 y 565 d. C., se cree que el monasterio se encuentra alrededor del sitio de la Zarza Ardiente de Mois\u00e9s. Lleva el nombre de Santa Catalina, una m\u00e1rtir cristiana que fue torturada y decapitada por sus creencias. Durante su visita, ver\u00e1 la Capilla de la Iglesia Ortodoxa Griega, los \u00edconos de adoraci\u00f3n y el famoso Mosaico de la Transfiguraci\u00f3n.<\/p>\n<p>Despu\u00e9s del desayuno, saldr\u00e1 de su hotel para un viaje de 2 1\/2 horas a St. Catherine. El monasterio se encuentra a una altura de 1570 metros entre dos monta\u00f1as y es uno de los m\u00e1s antiguos del mundo. Visitar\u00e1s la Capilla de la Zarza Ardiente, que fue construida sobre las ra\u00edces de los neum\u00e1ticos de la zarza Sagrada, donde Dios le habl\u00f3 a Mois\u00e9s. Tambi\u00e9n puedes ver hermosos mosaicos bizantinos y una incre\u00edble colecci\u00f3n de \u00edconos. De regreso, pasaremos por Dahab, una peque\u00f1a ciudad cerca de la costa, donde tendr\u00e1s la oportunidad de hacer algunas compras.<\/p>\n<p>El Monasterio de Santa Catalina y el recorrido por la ciudad de Dahab desde Sharm El Sheikh es una manera maravillosa de experimentar el sitio cristiano hist\u00f3rico en el Sina\u00ed. Despu\u00e9s de un viaje de 3 horas, llegar\u00e1 al monasterio y tendr\u00e1 la oportunidad de visitar el registro m\u00e1s antiguo de la vida mon\u00e1stica, Room of the Skulls, Burning Bush, y luego conducir\u00e1 a Dahab para ir de compras y almorzar en un restaurante local.<\/p>\n<p>Lo recogeremos alrededor de las 6:00 a. m. y nos dirigiremos a St. Catherine. El viaje dura alrededor de 2:30 o 3 horas, y haremos una parada para ver el hermoso valle con hermosas dunas de arena. Al llegar a Catherine Village, visitar\u00e1 el monasterio de St. Catherine, que se encuentra al pie del monte Mois\u00e9s en el coraz\u00f3n del sur del Sina\u00ed. Este es uno de los monumentos m\u00e1s famosos del sur de Sina\u00ed, con muchas atracciones como la Iglesia de la Transfiguraci\u00f3n, la Casa de la Calavera, el Pozo de Mois\u00e9s y la Zarza Ardiente.<\/p>\n<p>Despu\u00e9s de visitar el monasterio, tendr\u00e1 tiempo libre para explorar el museo del monasterio, que contiene los iconos y manuscritos m\u00e1s antiguos de la primera etapa del cristianismo. Puedes tomar fotos durante este tiempo libre. Luego regresaremos a la ciudad de Dahab, donde almorzaremos en un restaurante local. Despu\u00e9s del almuerzo, tendr\u00e1 la oportunidad de ir de compras a Dahab o recorrer esta maravillosa ciudad.<\/p>\n<p>Llegaremos a Sharm El Sheikh sobre las 17:30 y os llevaremos de vuelta a vuestro hotel. Esperamos que este viaje lo deje con una sensaci\u00f3n de asombro y apreciaci\u00f3n por la rica historia y cultura del \u00e1rea.<\/p>\n","protected":false},"featured_media":130301,"comment_status":"open","ping_status":"closed","template":"","meta":{"_coblocks_attr":"","_coblocks_dimensions":"","_coblocks_responsive_height":"","_coblocks_accordion_ie_support":"","_uag_custom_page_level_css":"","jetpack_post_was_ever_published":false,"jetpack_publicize_message":"","jetpack_publicize_feature_enabled":true,"jetpack_social_post_already_shared":false,"jetpack_social_options":{"image_generator_settings":{"template":"highway","default_image_id":0,"font":"","enabled":false},"version":2},"_wpas_customize_per_network":false},"product_brand":[],"product_cat":[1793,1792],"product_tag":[1797,1811,1800,9907],"class_list":{"0":"post-2101","1":"product","2":"type-product","3":"status-publish","4":"has-post-thumbnail","6":"product_cat-excursiones-historicas-sharm-el-sheikh","7":"product_cat-excursiones-sharm-el-sheikh","8":"product_tag-excursion-es","9":"product_tag-monasterio-de-santa-catalina","10":"product_tag-sharm-el-sheikh-es","11":"product_tag-turismo","12":"pa_age-el-adulto","13":"pa_age-nino-5-11-anos","15":"first","16":"instock","17":"sale","18":"purchasable","19":"product-type-variable"},"yoast_head":"<!-- This site is optimized with the Yoast SEO Premium plugin v26.9 (Yoast SEO v27.3) - https:\/\/yoast.com\/product\/yoast-seo-premium-wordpress\/ -->\n<title>Excursi\u00f3n Monasterio de Santa Catalina desde Sharm el-Sheikh<\/title>\n<meta name=\"description\" content=\"Excursi\u00f3n Monasterio de Santa Catalina desde Sharm el-Sheikh se dirige a los monasterios m\u00e1s antiguos del mundo al pie de la monta\u00f1a del profeta Mois\u00e9s.\" \/>\n<meta name=\"robots\" content=\"index, follow, max-snippet:-1, max-image-preview:large, max-video-preview:-1\" \/>\n<link rel=\"canonical\" href=\"https:\/\/landioustravel.com\/es\/shop\/excursion-monasterio-catalina-sharm\/\" \/>\n<meta property=\"og:locale\" content=\"es_ES\" \/>\n<meta property=\"og:type\" content=\"article\" \/>\n<meta property=\"og:title\" content=\"Excursi\u00f3n Monasterio de Santa Catalina desde Sharm el-Sheikh\" \/>\n<meta property=\"og:description\" content=\"Landious Travel\" \/>\n<meta property=\"og:url\" content=\"https:\/\/landioustravel.com\/es\/shop\/excursion-monasterio-catalina-sharm\/\" \/>\n<meta property=\"og:site_name\" content=\"Landious Travel\" \/>\n<meta property=\"article:publisher\" content=\"https:\/\/web.facebook.com\/landiousEgypt\" \/>\n<meta property=\"article:modified_time\" content=\"2026-01-19T17:13:35+00:00\" \/>\n<meta property=\"og:image\" content=\"https:\/\/landioustravel.com\/wp-content\/uploads\/2018\/12\/Monastery-of-Saint-Catherine-Interior-e1669495746355-1024x576.jpg\" \/>\n\t<meta property=\"og:image:width\" content=\"1024\" \/>\n\t<meta property=\"og:image:height\" content=\"576\" \/>\n\t<meta property=\"og:image:type\" content=\"image\/jpeg\" \/>\n<meta name=\"twitter:card\" content=\"summary_large_image\" \/>\n<meta name=\"twitter:site\" content=\"@LandiousTours\" \/>\n<meta name=\"twitter:label1\" content=\"Tiempo de lectura\" \/>\n\t<meta name=\"twitter:data1\" content=\"2 minutos\" \/>\n<script type=\"application\/ld+json\" class=\"yoast-schema-graph\">{\"@context\":\"https:\\\/\\\/schema.org\",\"@graph\":[{\"@type\":\"WebPage\",\"@id\":\"https:\\\/\\\/landioustravel.com\\\/es\\\/shop\\\/excursion-monasterio-catalina-sharm\\\/\",\"url\":\"https:\\\/\\\/landioustravel.com\\\/es\\\/shop\\\/excursion-monasterio-catalina-sharm\\\/\",\"name\":\"Excursi\u00f3n Monasterio de Santa Catalina desde Sharm el-Sheikh\",\"isPartOf\":{\"@id\":\"https:\\\/\\\/landioustravel.com\\\/es\\\/#website\"},\"primaryImageOfPage\":{\"@id\":\"https:\\\/\\\/landioustravel.com\\\/es\\\/shop\\\/excursion-monasterio-catalina-sharm\\\/#primaryimage\"},\"image\":{\"@id\":\"https:\\\/\\\/landioustravel.com\\\/es\\\/shop\\\/excursion-monasterio-catalina-sharm\\\/#primaryimage\"},\"thumbnailUrl\":\"https:\\\/\\\/i0.wp.com\\\/landioustravel.com\\\/wp-content\\\/uploads\\\/2018\\\/12\\\/Monastery-of-Saint-Catherine-Interior-e1669495746355.jpg?fit=1200%2C675&ssl=1\",\"datePublished\":\"2018-12-08T08:10:32+00:00\",\"dateModified\":\"2026-01-19T17:13:35+00:00\",\"description\":\"Excursi\u00f3n Monasterio de Santa Catalina desde Sharm el-Sheikh se dirige a los monasterios m\u00e1s antiguos del mundo al pie de la monta\u00f1a del profeta Mois\u00e9s.\",\"breadcrumb\":{\"@id\":\"https:\\\/\\\/landioustravel.com\\\/es\\\/shop\\\/excursion-monasterio-catalina-sharm\\\/#breadcrumb\"},\"inLanguage\":\"es\",\"potentialAction\":[{\"@type\":\"ReadAction\",\"target\":[\"https:\\\/\\\/landioustravel.com\\\/es\\\/shop\\\/excursion-monasterio-catalina-sharm\\\/\"]}]},{\"@type\":\"ImageObject\",\"inLanguage\":\"es\",\"@id\":\"https:\\\/\\\/landioustravel.com\\\/es\\\/shop\\\/excursion-monasterio-catalina-sharm\\\/#primaryimage\",\"url\":\"https:\\\/\\\/i0.wp.com\\\/landioustravel.com\\\/wp-content\\\/uploads\\\/2018\\\/12\\\/Monastery-of-Saint-Catherine-Interior-e1669495746355.jpg?fit=1200%2C675&ssl=1\",\"contentUrl\":\"https:\\\/\\\/i0.wp.com\\\/landioustravel.com\\\/wp-content\\\/uploads\\\/2018\\\/12\\\/Monastery-of-Saint-Catherine-Interior-e1669495746355.jpg?fit=1200%2C675&ssl=1\",\"width\":1200,\"height\":675,\"caption\":\"Sinai Peninsula Christian Monastery Of Catherine\"},{\"@type\":\"BreadcrumbList\",\"@id\":\"https:\\\/\\\/landioustravel.com\\\/es\\\/shop\\\/excursion-monasterio-catalina-sharm\\\/#breadcrumb\",\"itemListElement\":[{\"@type\":\"ListItem\",\"position\":1,\"name\":\"Home\",\"item\":\"https:\\\/\\\/landioustravel.com\\\/es\\\/\"},{\"@type\":\"ListItem\",\"position\":2,\"name\":\"Servicios y Tours\",\"item\":\"https:\\\/\\\/landioustravel.com\\\/es\\\/\"},{\"@type\":\"ListItem\",\"position\":3,\"name\":\"Excursi\u00f3n Monasterio de Santa Catalina desde Sharm el-Sheikh\"}]},{\"@type\":\"WebSite\",\"@id\":\"https:\\\/\\\/landioustravel.com\\\/es\\\/#website\",\"url\":\"https:\\\/\\\/landioustravel.com\\\/es\\\/\",\"name\":\"Landious Travel\",\"description\":\"Tours and Excursions in Egypt\",\"publisher\":{\"@id\":\"https:\\\/\\\/landioustravel.com\\\/es\\\/#organization\"},\"potentialAction\":[{\"@type\":\"SearchAction\",\"target\":{\"@type\":\"EntryPoint\",\"urlTemplate\":\"https:\\\/\\\/landioustravel.com\\\/es\\\/?s={search_term_string}\"},\"query-input\":{\"@type\":\"PropertyValueSpecification\",\"valueRequired\":true,\"valueName\":\"search_term_string\"}}],\"inLanguage\":\"es\"},{\"@type\":[\"Organization\",\"Place\"],\"@id\":\"https:\\\/\\\/landioustravel.com\\\/es\\\/#organization\",\"name\":\"Landious Travel\",\"alternateName\":\"Landious Travel\",\"url\":\"https:\\\/\\\/landioustravel.com\\\/es\\\/\",\"logo\":{\"@id\":\"https:\\\/\\\/landioustravel.com\\\/es\\\/shop\\\/excursion-monasterio-catalina-sharm\\\/#local-main-organization-logo\"},\"image\":{\"@id\":\"https:\\\/\\\/landioustravel.com\\\/es\\\/shop\\\/excursion-monasterio-catalina-sharm\\\/#local-main-organization-logo\"},\"sameAs\":[\"https:\\\/\\\/web.facebook.com\\\/landiousEgypt\",\"https:\\\/\\\/x.com\\\/LandiousTours\",\"https:\\\/\\\/mastodon.social\\\/@landious\"],\"legalName\":\"Landious Travel\",\"telephone\":[],\"openingHoursSpecification\":[{\"@type\":\"OpeningHoursSpecification\",\"dayOfWeek\":[\"Monday\",\"Tuesday\",\"Wednesday\",\"Thursday\",\"Friday\",\"Saturday\",\"Sunday\"],\"opens\":\"09:00\",\"closes\":\"17:00\"}]},{\"@type\":\"ImageObject\",\"inLanguage\":\"es\",\"@id\":\"https:\\\/\\\/landioustravel.com\\\/es\\\/shop\\\/excursion-monasterio-catalina-sharm\\\/#local-main-organization-logo\",\"url\":\"https:\\\/\\\/i0.wp.com\\\/landioustravel.com\\\/wp-content\\\/uploads\\\/2021\\\/06\\\/Landious-T.png?fit=500%2C500&ssl=1\",\"contentUrl\":\"https:\\\/\\\/i0.wp.com\\\/landioustravel.com\\\/wp-content\\\/uploads\\\/2021\\\/06\\\/Landious-T.png?fit=500%2C500&ssl=1\",\"width\":500,\"height\":500,\"caption\":\"Landious Travel\"}]}<\/script>\n<!-- \/ Yoast SEO Premium plugin. -->","yoast_head_json":{"title":"Excursi\u00f3n Monasterio de Santa Catalina desde Sharm el-Sheikh","description":"Excursi\u00f3n Monasterio de Santa Catalina desde Sharm el-Sheikh se dirige a los monasterios m\u00e1s antiguos del mundo al pie de la monta\u00f1a del profeta Mois\u00e9s.","robots":{"index":"index","follow":"follow","max-snippet":"max-snippet:-1","max-image-preview":"max-image-preview:large","max-video-preview":"max-video-preview:-1"},"canonical":"https:\/\/landioustravel.com\/es\/shop\/excursion-monasterio-catalina-sharm\/","og_locale":"es_ES","og_type":"article","og_title":"Excursi\u00f3n Monasterio de Santa Catalina desde Sharm el-Sheikh","og_description":"Landious Travel","og_url":"https:\/\/landioustravel.com\/es\/shop\/excursion-monasterio-catalina-sharm\/","og_site_name":"Landious Travel","article_publisher":"https:\/\/web.facebook.com\/landiousEgypt","article_modified_time":"2026-01-19T17:13:35+00:00","og_image":[{"width":1024,"height":576,"url":"https:\/\/landioustravel.com\/wp-content\/uploads\/2018\/12\/Monastery-of-Saint-Catherine-Interior-e1669495746355-1024x576.jpg","type":"image\/jpeg"}],"twitter_card":"summary_large_image","twitter_site":"@LandiousTours","twitter_misc":{"Tiempo de lectura":"2 minutos"},"schema":{"@context":"https:\/\/schema.org","@graph":[{"@type":"WebPage","@id":"https:\/\/landioustravel.com\/es\/shop\/excursion-monasterio-catalina-sharm\/","url":"https:\/\/landioustravel.com\/es\/shop\/excursion-monasterio-catalina-sharm\/","name":"Excursi\u00f3n Monasterio de Santa Catalina desde Sharm el-Sheikh","isPartOf":{"@id":"https:\/\/landioustravel.com\/es\/#website"},"primaryImageOfPage":{"@id":"https:\/\/landioustravel.com\/es\/shop\/excursion-monasterio-catalina-sharm\/#primaryimage"},"image":{"@id":"https:\/\/landioustravel.com\/es\/shop\/excursion-monasterio-catalina-sharm\/#primaryimage"},"thumbnailUrl":"https:\/\/i0.wp.com\/landioustravel.com\/wp-content\/uploads\/2018\/12\/Monastery-of-Saint-Catherine-Interior-e1669495746355.jpg?fit=1200%2C675&ssl=1","datePublished":"2018-12-08T08:10:32+00:00","dateModified":"2026-01-19T17:13:35+00:00","description":"Excursi\u00f3n Monasterio de Santa Catalina desde Sharm el-Sheikh se dirige a los monasterios m\u00e1s antiguos del mundo al pie de la monta\u00f1a del profeta Mois\u00e9s.","breadcrumb":{"@id":"https:\/\/landioustravel.com\/es\/shop\/excursion-monasterio-catalina-sharm\/#breadcrumb"},"inLanguage":"es","potentialAction":[{"@type":"ReadAction","target":["https:\/\/landioustravel.com\/es\/shop\/excursion-monasterio-catalina-sharm\/"]}]},{"@type":"ImageObject","inLanguage":"es","@id":"https:\/\/landioustravel.com\/es\/shop\/excursion-monasterio-catalina-sharm\/#primaryimage","url":"https:\/\/i0.wp.com\/landioustravel.com\/wp-content\/uploads\/2018\/12\/Monastery-of-Saint-Catherine-Interior-e1669495746355.jpg?fit=1200%2C675&ssl=1","contentUrl":"https:\/\/i0.wp.com\/landioustravel.com\/wp-content\/uploads\/2018\/12\/Monastery-of-Saint-Catherine-Interior-e1669495746355.jpg?fit=1200%2C675&ssl=1","width":1200,"height":675,"caption":"Sinai Peninsula Christian Monastery Of Catherine"},{"@type":"BreadcrumbList","@id":"https:\/\/landioustravel.com\/es\/shop\/excursion-monasterio-catalina-sharm\/#breadcrumb","itemListElement":[{"@type":"ListItem","position":1,"name":"Home","item":"https:\/\/landioustravel.com\/es\/"},{"@type":"ListItem","position":2,"name":"Servicios y Tours","item":"https:\/\/landioustravel.com\/es\/"},{"@type":"ListItem","position":3,"name":"Excursi\u00f3n Monasterio de Santa Catalina desde Sharm el-Sheikh"}]},{"@type":"WebSite","@id":"https:\/\/landioustravel.com\/es\/#website","url":"https:\/\/landioustravel.com\/es\/","name":"Landious Travel","description":"Tours and Excursions in Egypt","publisher":{"@id":"https:\/\/landioustravel.com\/es\/#organization"},"potentialAction":[{"@type":"SearchAction","target":{"@type":"EntryPoint","urlTemplate":"https:\/\/landioustravel.com\/es\/?s={search_term_string}"},"query-input":{"@type":"PropertyValueSpecification","valueRequired":true,"valueName":"search_term_string"}}],"inLanguage":"es"},{"@type":["Organization","Place"],"@id":"https:\/\/landioustravel.com\/es\/#organization","name":"Landious Travel","alternateName":"Landious Travel","url":"https:\/\/landioustravel.com\/es\/","logo":{"@id":"https:\/\/landioustravel.com\/es\/shop\/excursion-monasterio-catalina-sharm\/#local-main-organization-logo"},"image":{"@id":"https:\/\/landioustravel.com\/es\/shop\/excursion-monasterio-catalina-sharm\/#local-main-organization-logo"},"sameAs":["https:\/\/web.facebook.com\/landiousEgypt","https:\/\/x.com\/LandiousTours","https:\/\/mastodon.social\/@landious"],"legalName":"Landious Travel","telephone":[],"openingHoursSpecification":[{"@type":"OpeningHoursSpecification","dayOfWeek":["Monday","Tuesday","Wednesday","Thursday","Friday","Saturday","Sunday"],"opens":"09:00","closes":"17:00"}]},{"@type":"ImageObject","inLanguage":"es","@id":"https:\/\/landioustravel.com\/es\/shop\/excursion-monasterio-catalina-sharm\/#local-main-organization-logo","url":"https:\/\/i0.wp.com\/landioustravel.com\/wp-content\/uploads\/2021\/06\/Landious-T.png?fit=500%2C500&ssl=1","contentUrl":"https:\/\/i0.wp.com\/landioustravel.com\/wp-content\/uploads\/2021\/06\/Landious-T.png?fit=500%2C500&ssl=1","width":500,"height":500,"caption":"Landious Travel"}]}},"jetpack_publicize_connections":[],"uagb_featured_image_src":{"full":["https:\/\/i0.wp.com\/landioustravel.com\/wp-content\/uploads\/2018\/12\/Monastery-of-Saint-Catherine-Interior-e1669495746355.jpg?fit=1200%2C675&ssl=1",1200,675,false],"thumbnail":["https:\/\/i0.wp.com\/landioustravel.com\/wp-content\/uploads\/2018\/12\/Monastery-of-Saint-Catherine-Interior-e1669495746355.jpg?resize=150%2C150&ssl=1",150,150,true],"medium":["https:\/\/i0.wp.com\/landioustravel.com\/wp-content\/uploads\/2018\/12\/Monastery-of-Saint-Catherine-Interior-e1669495746355.jpg?fit=300%2C169&ssl=1",300,169,true],"medium_large":["https:\/\/i0.wp.com\/landioustravel.com\/wp-content\/uploads\/2018\/12\/Monastery-of-Saint-Catherine-Interior-e1669495746355.jpg?fit=768%2C432&ssl=1",768,432,true],"large":["https:\/\/i0.wp.com\/landioustravel.com\/wp-content\/uploads\/2018\/12\/Monastery-of-Saint-Catherine-Interior-e1669495746355.jpg?fit=980%2C551&ssl=1",980,551,true],"1536x1536":["https:\/\/i0.wp.com\/landioustravel.com\/wp-content\/uploads\/2018\/12\/Monastery-of-Saint-Catherine-Interior-e1669495746355.jpg?fit=1536%2C1024&ssl=1",1536,1024,true],"2048x2048":["https:\/\/i0.wp.com\/landioustravel.com\/wp-content\/uploads\/2018\/12\/Monastery-of-Saint-Catherine-Interior-e1669495746355.jpg?fit=1200%2C675&ssl=1",1200,675,true],"newspack-article-block-landscape-large":["https:\/\/i0.wp.com\/landioustravel.com\/wp-content\/uploads\/2018\/12\/Monastery-of-Saint-Catherine-Interior-e1669495746355.jpg?resize=1200%2C675&ssl=1",1200,675,true],"newspack-article-block-portrait-large":["https:\/\/i0.wp.com\/landioustravel.com\/wp-content\/uploads\/2018\/12\/Monastery-of-Saint-Catherine-Interior-e1669495746355.jpg?resize=900%2C675&ssl=1",900,675,true],"newspack-article-block-square-large":["https:\/\/i0.wp.com\/landioustravel.com\/wp-content\/uploads\/2018\/12\/Monastery-of-Saint-Catherine-Interior-e1669495746355.jpg?resize=1200%2C675&ssl=1",1200,675,true],"newspack-article-block-landscape-medium":["https:\/\/i0.wp.com\/landioustravel.com\/wp-content\/uploads\/2018\/12\/Monastery-of-Saint-Catherine-Interior-e1669495746355.jpg?resize=800%2C600&ssl=1",800,600,true],"newspack-article-block-portrait-medium":["https:\/\/i0.wp.com\/landioustravel.com\/wp-content\/uploads\/2018\/12\/Monastery-of-Saint-Catherine-Interior-e1669495746355.jpg?resize=600%2C675&ssl=1",600,675,true],"newspack-article-block-square-medium":["https:\/\/i0.wp.com\/landioustravel.com\/wp-content\/uploads\/2018\/12\/Monastery-of-Saint-Catherine-Interior-e1669495746355.jpg?resize=800%2C675&ssl=1",800,675,true],"newspack-article-block-landscape-intermediate":["https:\/\/i0.wp.com\/landioustravel.com\/wp-content\/uploads\/2018\/12\/Monastery-of-Saint-Catherine-Interior-e1669495746355.jpg?resize=600%2C450&ssl=1",600,450,true],"newspack-article-block-portrait-intermediate":["https:\/\/i0.wp.com\/landioustravel.com\/wp-content\/uploads\/2018\/12\/Monastery-of-Saint-Catherine-Interior-e1669495746355.jpg?resize=450%2C600&ssl=1",450,600,true],"newspack-article-block-square-intermediate":["https:\/\/i0.wp.com\/landioustravel.com\/wp-content\/uploads\/2018\/12\/Monastery-of-Saint-Catherine-Interior-e1669495746355.jpg?resize=600%2C600&ssl=1",600,600,true],"newspack-article-block-landscape-small":["https:\/\/i0.wp.com\/landioustravel.com\/wp-content\/uploads\/2018\/12\/Monastery-of-Saint-Catherine-Interior-e1669495746355.jpg?resize=400%2C300&ssl=1",400,300,true],"newspack-article-block-portrait-small":["https:\/\/i0.wp.com\/landioustravel.com\/wp-content\/uploads\/2018\/12\/Monastery-of-Saint-Catherine-Interior-e1669495746355.jpg?resize=300%2C400&ssl=1",300,400,true],"newspack-article-block-square-small":["https:\/\/i0.wp.com\/landioustravel.com\/wp-content\/uploads\/2018\/12\/Monastery-of-Saint-Catherine-Interior-e1669495746355.jpg?resize=400%2C400&ssl=1",400,400,true],"newspack-article-block-landscape-tiny":["https:\/\/i0.wp.com\/landioustravel.com\/wp-content\/uploads\/2018\/12\/Monastery-of-Saint-Catherine-Interior-e1669495746355.jpg?resize=200%2C150&ssl=1",200,150,true],"newspack-article-block-portrait-tiny":["https:\/\/i0.wp.com\/landioustravel.com\/wp-content\/uploads\/2018\/12\/Monastery-of-Saint-Catherine-Interior-e1669495746355.jpg?resize=150%2C200&ssl=1",150,200,true],"newspack-article-block-square-tiny":["https:\/\/i0.wp.com\/landioustravel.com\/wp-content\/uploads\/2018\/12\/Monastery-of-Saint-Catherine-Interior-e1669495746355.jpg?resize=200%2C200&ssl=1",200,200,true],"newspack-article-block-uncropped":["https:\/\/i0.wp.com\/landioustravel.com\/wp-content\/uploads\/2018\/12\/Monastery-of-Saint-Catherine-Interior-e1669495746355.jpg?fit=1200%2C675&ssl=1",1200,675,true],"woocommerce_thumbnail":["https:\/\/i0.wp.com\/landioustravel.com\/wp-content\/uploads\/2018\/12\/Monastery-of-Saint-Catherine-Interior-e1669495746355.jpg?resize=324%2C324&ssl=1",324,324,true],"woocommerce_single":["https:\/\/i0.wp.com\/landioustravel.com\/wp-content\/uploads\/2018\/12\/Monastery-of-Saint-Catherine-Interior-e1669495746355.jpg?fit=416%2C234&ssl=1",416,234,true],"woocommerce_gallery_thumbnail":["https:\/\/i0.wp.com\/landioustravel.com\/wp-content\/uploads\/2018\/12\/Monastery-of-Saint-Catherine-Interior-e1669495746355.jpg?resize=100%2C100&ssl=1",100,100,true]},"uagb_author_info":{"display_name":"Mofreh Landious","author_link":"https:\/\/landioustravel.com\/es\/author\/"},"uagb_comment_info":5,"uagb_excerpt":"Si siente un fuerte deseo de visitar lugares sagrados, la Pen\u00ednsula del Sina\u00ed es un lugar maravilloso para hacerlo. Una visita al Monasterio de Santa Catalina desde Sharm El Sheikh seguramente har\u00e1 realidad ese deseo. En este viaje, tendr\u00e1 la oportunidad de ver los principales santuarios del monasterio y presenciar las monta\u00f1as del profeta Mois\u00e9s&hellip;","jetpack_sharing_enabled":true,"jetpack_likes_enabled":true,"amp_enabled":true,"_links":{"self":[{"href":"https:\/\/landioustravel.com\/es\/wp-json\/wp\/v2\/product\/2101","targetHints":{"allow":["GET"]}}],"collection":[{"href":"https:\/\/landioustravel.com\/es\/wp-json\/wp\/v2\/product"}],"about":[{"href":"https:\/\/landioustravel.com\/es\/wp-json\/wp\/v2\/types\/product"}],"replies":[{"embeddable":true,"href":"https:\/\/landioustravel.com\/es\/wp-json\/wp\/v2\/comments?post=2101"}],"wp:featuredmedia":[{"embeddable":true,"href":"https:\/\/landioustravel.com\/es\/wp-json\/wp\/v2\/media\/130301"}],"wp:attachment":[{"href":"https:\/\/landioustravel.com\/es\/wp-json\/wp\/v2\/media?parent=2101"}],"wp:term":[{"taxonomy":"product_brand","embeddable":true,"href":"https:\/\/landioustravel.com\/es\/wp-json\/wp\/v2\/product_brand?post=2101"},{"taxonomy":"product_cat","embeddable":true,"href":"https:\/\/landioustravel.com\/es\/wp-json\/wp\/v2\/product_cat?post=2101"},{"taxonomy":"product_tag","embeddable":true,"href":"https:\/\/landioustravel.com\/es\/wp-json\/wp\/v2\/product_tag?post=2101"}],"curies":[{"name":"wp","href":"https:\/\/api.w.org\/{rel}","templated":true}]}}