{"id":2107,"date":"2018-12-04T07:51:50","date_gmt":"2018-12-04T05:51:50","guid":{"rendered":"https:\/\/landioustravel.com\/product\/vuelo-luxor-sharm-sheikh\/"},"modified":"2024-09-24T20:20:59","modified_gmt":"2024-09-24T17:20:59","slug":"vuelo-luxor-sharm-sheikh","status":"publish","type":"product","link":"https:\/\/landioustravel.com\/es\/shop\/vuelo-luxor-sharm-sheikh\/","title":{"rendered":"Vuelo a Luxor desde Sharm el-Sheikh"},"content":{"rendered":"<p>\u00a1Un maravilloso viaje en avi\u00f3n a Luxor desde Sharm El-Sheikh! Recomendamos el viaje porque permite a los turistas ver un gran n\u00famero de atracciones del antiguo Egipto y aprender m\u00e1s sobre la historia del pa\u00eds.<\/p>\n<h2>Principales puntos del programa de excursiones al Valle de las Reinas<\/h2>\n<ul>\n<li>Templo de Karnak en la ciudad de los vivos.<\/li>\n<li>Almuerzo<\/li>\n<li>Los Colosos de Memnon en la Ciudad de los Muertos.<\/li>\n<li>Visita al templo de la reina Hatshepsut.<\/li>\n<li>Y, el valle de los reyes.<\/li>\n<\/ul>\n<h3>El programa de la excursi\u00f3n a Luxor &#8211; el Valle de las Reinas de Sharm El Sheikh<\/h3>\n<ul>\n<li>Recojo del hotel alrededor de las 04:00 de la ma\u00f1ana.<\/li>\n<li>Despu\u00e9s de recoger a todos los interesados, el autob\u00fas sale al aeropuerto de Sharm El Sheikh.<\/li>\n<\/ul>\n<h4>Programa en Eastern Luxor<\/h4>\n<ul>\n<li>Tan pronto como llegue a Luxor, le mostraremos el templo de Karnak. El templo es considerado el m\u00e1s grande de Egipto y todo el mundo antiguo. El templo est\u00e1 ubicado en la ciudad de living _ Eastern Luxor. En el templo, su gu\u00eda comienza su explicaci\u00f3n y luego muestra los lugares visitados con frecuencia de este gran complejo. El complejo en s\u00ed contiene diferentes templos y edificios. Su gu\u00eda tendr\u00e1 la tarea de mostrar todos estos templos y le dar\u00e1 tiempo libre para tomarles una foto.<\/li>\n<li>Despu\u00e9s de visitar el templo de Karnak en Eastern Luxor, hace compras por un poco de tiempo.<\/li>\n<li>Luego, comienza un picnic en barco por el r\u00edo Nilo con una visita a la isla Banana. Este es un programa adicional, y debe ordenarse, por adelantado, a trav\u00e9s de nosotros. Una vez que termine el picnic en el Nilo, se encontrar\u00e1 en el oeste de la ciudad _ Ciudad de los muertos<\/li>\n<\/ul>\n<h4>Programa en Western Luxor<\/h4>\n<ul>\n<li>En el oeste de Luxor, el viaje contin\u00faa. La primera parada, all\u00ed, ser\u00e1 en el Colossi of Memnon. Estas son las dos estatuas grandiosas que se construyeron en el templo de Amenhotep II. Su gu\u00eda los muestra y le da tiempo para tomarles una foto.<\/li>\n<li>Adem\u00e1s, el autob\u00fas va al hermoso templo de la reina Hatshepsut. Este es el impresionante templo que se encuentra en Deir el-Bahari. El templo est\u00e1 tallado en la roca, y consta de tres pisos. Alrededor de este templo, habr\u00e1 todo tipo de tumbas, y otros templos de Tutomis el tercero y Amenhopa Neb Hept Ra. Nuevamente, la Gu\u00eda brinda informaci\u00f3n y tiempo libre para inspeccionar el lugar.<\/li>\n<li>El programa te permite ver c\u00f3mo los artesanos preparaban estatuas en la antig\u00fcedad. La idea de los turistas se meten en la f\u00e1brica de alabastro.<\/li>\n<li>Antes de que finalice el programa en West Luxor, visita el Valle de las Reinas. Es genial en este lugar, e interesante! En el Valle de las Reinas, los faraones construyeron tumbas para sus esposas e hijos.<\/li>\n<li>Nuestro autob\u00fas sale del aeropuerto internacional de Luxor, despu\u00e9s de un programa de este tipo en la maravillosa ciudad de Luxor.<\/li>\n<\/ul>\n<h4>Lo que est\u00e1 incluido en el precio del tour<\/h4>\n<ul>\n<li>Entradas para visitar los templos.<\/li>\n<li>Boletos aereos a luxor<\/li>\n<li>Almuerzo<\/li>\n<li>Gu\u00eda<\/li>\n<li>Traslado al aeropuerto de Sharm El Sheikh y regreso al hotel.<\/li>\n<\/ul>\n<h5>Lo que no est\u00e1 incluido en el precio del viaje<\/h5>\n<ul>\n<li>Programas adicionales de excursiones<\/li>\n<li>Las bebidas<\/li>\n<\/ul>\n<h6>Que llevar contigo para el viaje<\/h6>\n<ul>\n<li>Caja de desayuno<\/li>\n<li>Pasaporte<\/li>\n<li>Ropa para la temporada.<\/li>\n<\/ul>\n<h6>D\u00cdAS DE LA ORGANIZACI\u00d3N DE EXCURSIONES<\/h6>\n<ul>\n<li>Domingos de 04: 00-20: 00.<\/li>\n<li>Martes de 04: 00-20: 00.<\/li>\n<li>Jueves de 04: 00-20: 00.<\/li>\n<\/ul>\n","protected":false},"excerpt":{"rendered":"<p>Descubra la impresionante belleza de Luxor con este tour de un d\u00eda completo cuidadosamente dise\u00f1ado desde Sharm El Sheikh. Nuestro gu\u00eda experimentado lo acompa\u00f1ar\u00e1 durante todo el d\u00eda y lo ayudar\u00e1 a explorar la arquitectura y la arqueolog\u00eda antiguas con compasi\u00f3n y sensibilidad. Te recogeremos en tu hotel en un veh\u00edculo privado con aire acondicionado y te llevaremos al aeropuerto para tomar tu vuelo a Luxor.<\/p>\n<p>Tu primera parada ser\u00e1 el complejo del Templo de Karnak en el lado este de Luxor, donde te sorprender\u00e1 la calle de las esfinges, el pasillo hip\u00f3stilo con 134 pilares gigantes y los obeliscos de la reina Hatshepsut y Tutomosis I. Luego, visita la Necr\u00f3polis Tebana, que incluye el Valle de los Reyes, donde fueron enterrados faraones y poderosos nobles. Aqu\u00ed, visitar\u00e1 tres tumbas de diferentes dinast\u00edas, as\u00ed como el Templo de Hatshepsut. Finalmente, visite los Memnon Colossi, dos de las estatuas antiguas m\u00e1s grandes de Egipto, que datan de la \u00e9poca del rey Amenhotep III.<\/p>\n<p>Entendemos que esta es una experiencia \u00fanica en la vida y queremos que se sienta c\u00f3modo y cuidado en cada paso del camino. Es por eso que hemos incluido traslados en un veh\u00edculo privado con aire acondicionado, vuelos nacionales (Sharm El Sheikh a Luxor y regreso), almuerzo en un restaurante local de Luxor, todas las tarifas de entrada de acuerdo con el programa mencionado y todos los servicios e impuestos locales. . Al final del d\u00eda, volar\u00e1 de regreso a Sharm El Sheikh y nuestro conductor privado lo llevar\u00e1 de regreso a su hotel.<\/p>\n<p>Esperamos que aprecies este viaje inolvidable tanto como nosotros.<\/p>\n","protected":false},"featured_media":100431,"comment_status":"open","ping_status":"closed","template":"","meta":{"_coblocks_attr":"","_coblocks_dimensions":"","_coblocks_responsive_height":"","_coblocks_accordion_ie_support":"","_uag_custom_page_level_css":"","jetpack_publicize_message":"","jetpack_publicize_feature_enabled":true,"jetpack_social_post_already_shared":false,"jetpack_social_options":{"image_generator_settings":{"template":"highway","default_image_id":0,"font":"","enabled":false},"version":2},"_wpas_customize_per_network":false},"product_brand":[],"product_cat":[1793,1792],"product_tag":[1797,1812,1800,9907],"class_list":{"0":"post-2107","1":"product","2":"type-product","3":"status-publish","4":"has-post-thumbnail","6":"product_cat-excursiones-historicas-sharm-el-sheikh","7":"product_cat-excursiones-sharm-el-sheikh","8":"product_tag-excursion-es","9":"product_tag-luxor-es","10":"product_tag-sharm-el-sheikh-es","11":"product_tag-turismo","12":"pa_age-el-adulto","13":"pa_age-nino-1-4-anos","14":"pa_age-nino-5-11-anos","16":"first","17":"instock","18":"sale","19":"purchasable","20":"product-type-variable"},"yoast_head":"<!-- This site is optimized with the Yoast SEO Premium plugin v27.5 (Yoast SEO v27.5) - https:\/\/yoast.com\/product\/yoast-seo-premium-wordpress\/ -->\n<title>Vuelo a Luxor desde Sharm el-Sheikh<\/title>\n<meta name=\"description\" content=\"Vuelo a Luxor desde Sharm el-Sheikh hacia el Templo de Karnak, los Colosos de Memnon, el Templo de la Reina Hatshepsut y el Valle de las Reinas.\" \/>\n<meta name=\"robots\" content=\"index, follow, max-snippet:-1, max-image-preview:large, max-video-preview:-1\" \/>\n<link rel=\"canonical\" href=\"https:\/\/landioustravel.com\/es\/shop\/vuelo-luxor-sharm-sheikh\/\" \/>\n<meta property=\"og:locale\" content=\"es_ES\" \/>\n<meta property=\"og:type\" content=\"article\" \/>\n<meta property=\"og:title\" content=\"Vuelo a Luxor desde Sharm el-Sheikh\" \/>\n<meta property=\"og:description\" content=\"Landious Travel\" \/>\n<meta property=\"og:url\" content=\"https:\/\/landioustravel.com\/es\/shop\/vuelo-luxor-sharm-sheikh\/\" \/>\n<meta property=\"og:site_name\" content=\"Landious Travel\" \/>\n<meta property=\"article:publisher\" content=\"https:\/\/web.facebook.com\/landiousEgypt\" \/>\n<meta property=\"article:modified_time\" content=\"2024-09-24T17:20:59+00:00\" \/>\n<meta property=\"og:image\" content=\"https:\/\/i0.wp.com\/landioustravel.com\/wp-content\/uploads\/2018\/12\/Luxor-Trip-by-Plane-from-Sharm-El-Sheikh.jpg?fit=1024%2C675&ssl=1\" \/>\n\t<meta property=\"og:image:width\" content=\"1024\" \/>\n\t<meta property=\"og:image:height\" content=\"675\" \/>\n\t<meta property=\"og:image:type\" content=\"image\/jpeg\" \/>\n<meta name=\"twitter:card\" content=\"summary_large_image\" \/>\n<meta name=\"twitter:site\" content=\"@LandiousTours\" \/>\n<meta name=\"twitter:label1\" content=\"Tiempo de lectura\" \/>\n\t<meta name=\"twitter:data1\" content=\"3 minutos\" \/>\n<script type=\"application\/ld+json\" class=\"yoast-schema-graph\">{\"@context\":\"https:\\\/\\\/schema.org\",\"@graph\":[{\"@type\":\"WebPage\",\"@id\":\"https:\\\/\\\/landioustravel.com\\\/es\\\/shop\\\/vuelo-luxor-sharm-sheikh\\\/\",\"url\":\"https:\\\/\\\/landioustravel.com\\\/es\\\/shop\\\/vuelo-luxor-sharm-sheikh\\\/\",\"name\":\"Vuelo a Luxor desde Sharm el-Sheikh\",\"isPartOf\":{\"@id\":\"https:\\\/\\\/landioustravel.com\\\/es\\\/#website\"},\"primaryImageOfPage\":{\"@id\":\"https:\\\/\\\/landioustravel.com\\\/es\\\/shop\\\/vuelo-luxor-sharm-sheikh\\\/#primaryimage\"},\"image\":{\"@id\":\"https:\\\/\\\/landioustravel.com\\\/es\\\/shop\\\/vuelo-luxor-sharm-sheikh\\\/#primaryimage\"},\"thumbnailUrl\":\"https:\\\/\\\/i0.wp.com\\\/landioustravel.com\\\/wp-content\\\/uploads\\\/2018\\\/12\\\/Luxor-Trip-by-Plane-from-Sharm-El-Sheikh.jpg?fit=1024%2C675&ssl=1\",\"datePublished\":\"2018-12-04T05:51:50+00:00\",\"dateModified\":\"2024-09-24T17:20:59+00:00\",\"description\":\"Vuelo a Luxor desde Sharm el-Sheikh hacia el Templo de Karnak, los Colosos de Memnon, el Templo de la Reina Hatshepsut y el Valle de las Reinas.\",\"breadcrumb\":{\"@id\":\"https:\\\/\\\/landioustravel.com\\\/es\\\/shop\\\/vuelo-luxor-sharm-sheikh\\\/#breadcrumb\"},\"inLanguage\":\"es\",\"potentialAction\":[{\"@type\":\"ReadAction\",\"target\":[\"https:\\\/\\\/landioustravel.com\\\/es\\\/shop\\\/vuelo-luxor-sharm-sheikh\\\/\"]}]},{\"@type\":\"ImageObject\",\"inLanguage\":\"es\",\"@id\":\"https:\\\/\\\/landioustravel.com\\\/es\\\/shop\\\/vuelo-luxor-sharm-sheikh\\\/#primaryimage\",\"url\":\"https:\\\/\\\/i0.wp.com\\\/landioustravel.com\\\/wp-content\\\/uploads\\\/2018\\\/12\\\/Luxor-Trip-by-Plane-from-Sharm-El-Sheikh.jpg?fit=1024%2C675&ssl=1\",\"contentUrl\":\"https:\\\/\\\/i0.wp.com\\\/landioustravel.com\\\/wp-content\\\/uploads\\\/2018\\\/12\\\/Luxor-Trip-by-Plane-from-Sharm-El-Sheikh.jpg?fit=1024%2C675&ssl=1\",\"width\":1024,\"height\":675,\"caption\":\"Luxor Trip by Plane from Sharm El Sheikh\"},{\"@type\":\"BreadcrumbList\",\"@id\":\"https:\\\/\\\/landioustravel.com\\\/es\\\/shop\\\/vuelo-luxor-sharm-sheikh\\\/#breadcrumb\",\"itemListElement\":[{\"@type\":\"ListItem\",\"position\":1,\"name\":\"Home\",\"item\":\"https:\\\/\\\/landioustravel.com\\\/es\\\/\"},{\"@type\":\"ListItem\",\"position\":2,\"name\":\"Servicios y Tours\",\"item\":\"https:\\\/\\\/landioustravel.com\\\/es\\\/\"},{\"@type\":\"ListItem\",\"position\":3,\"name\":\"Vuelo a Luxor desde Sharm el-Sheikh\"}]},{\"@type\":\"WebSite\",\"@id\":\"https:\\\/\\\/landioustravel.com\\\/es\\\/#website\",\"url\":\"https:\\\/\\\/landioustravel.com\\\/es\\\/\",\"name\":\"Landious Travel\",\"description\":\"Tours and Excursions in Egypt\",\"publisher\":{\"@id\":\"https:\\\/\\\/landioustravel.com\\\/es\\\/#organization\"},\"potentialAction\":[{\"@type\":\"SearchAction\",\"target\":{\"@type\":\"EntryPoint\",\"urlTemplate\":\"https:\\\/\\\/landioustravel.com\\\/es\\\/?s={search_term_string}\"},\"query-input\":{\"@type\":\"PropertyValueSpecification\",\"valueRequired\":true,\"valueName\":\"search_term_string\"}}],\"inLanguage\":\"es\"},{\"@type\":[\"Organization\",\"Place\"],\"@id\":\"https:\\\/\\\/landioustravel.com\\\/es\\\/#organization\",\"name\":\"Landious Travel\",\"alternateName\":\"Landious Travel\",\"url\":\"https:\\\/\\\/landioustravel.com\\\/es\\\/\",\"logo\":{\"@id\":\"https:\\\/\\\/landioustravel.com\\\/es\\\/shop\\\/vuelo-luxor-sharm-sheikh\\\/#local-main-organization-logo\"},\"image\":{\"@id\":\"https:\\\/\\\/landioustravel.com\\\/es\\\/shop\\\/vuelo-luxor-sharm-sheikh\\\/#local-main-organization-logo\"},\"sameAs\":[\"https:\\\/\\\/web.facebook.com\\\/landiousEgypt\",\"https:\\\/\\\/x.com\\\/LandiousTours\",\"https:\\\/\\\/mastodon.social\\\/@landious\"],\"legalName\":\"Landious Travel\",\"telephone\":[],\"openingHoursSpecification\":[{\"@type\":\"OpeningHoursSpecification\",\"dayOfWeek\":[\"Monday\",\"Tuesday\",\"Wednesday\",\"Thursday\",\"Friday\",\"Saturday\",\"Sunday\"],\"opens\":\"09:00\",\"closes\":\"17:00\"}]},{\"@type\":\"ImageObject\",\"inLanguage\":\"es\",\"@id\":\"https:\\\/\\\/landioustravel.com\\\/es\\\/shop\\\/vuelo-luxor-sharm-sheikh\\\/#local-main-organization-logo\",\"url\":\"https:\\\/\\\/i0.wp.com\\\/landioustravel.com\\\/wp-content\\\/uploads\\\/2021\\\/06\\\/Landious-T.png?fit=500%2C500&ssl=1\",\"contentUrl\":\"https:\\\/\\\/i0.wp.com\\\/landioustravel.com\\\/wp-content\\\/uploads\\\/2021\\\/06\\\/Landious-T.png?fit=500%2C500&ssl=1\",\"width\":500,\"height\":500,\"caption\":\"Landious Travel\"}]}<\/script>\n<!-- \/ Yoast SEO Premium plugin. -->","yoast_head_json":{"title":"Vuelo a Luxor desde Sharm el-Sheikh","description":"Vuelo a Luxor desde Sharm el-Sheikh hacia el Templo de Karnak, los Colosos de Memnon, el Templo de la Reina Hatshepsut y el Valle de las Reinas.","robots":{"index":"index","follow":"follow","max-snippet":"max-snippet:-1","max-image-preview":"max-image-preview:large","max-video-preview":"max-video-preview:-1"},"canonical":"https:\/\/landioustravel.com\/es\/shop\/vuelo-luxor-sharm-sheikh\/","og_locale":"es_ES","og_type":"article","og_title":"Vuelo a Luxor desde Sharm el-Sheikh","og_description":"Landious Travel","og_url":"https:\/\/landioustravel.com\/es\/shop\/vuelo-luxor-sharm-sheikh\/","og_site_name":"Landious Travel","article_publisher":"https:\/\/web.facebook.com\/landiousEgypt","article_modified_time":"2024-09-24T17:20:59+00:00","og_image":[{"width":1024,"height":675,"url":"https:\/\/i0.wp.com\/landioustravel.com\/wp-content\/uploads\/2018\/12\/Luxor-Trip-by-Plane-from-Sharm-El-Sheikh.jpg?fit=1024%2C675&ssl=1","type":"image\/jpeg"}],"twitter_card":"summary_large_image","twitter_site":"@LandiousTours","twitter_misc":{"Tiempo de lectura":"3 minutos"},"schema":{"@context":"https:\/\/schema.org","@graph":[{"@type":"WebPage","@id":"https:\/\/landioustravel.com\/es\/shop\/vuelo-luxor-sharm-sheikh\/","url":"https:\/\/landioustravel.com\/es\/shop\/vuelo-luxor-sharm-sheikh\/","name":"Vuelo a Luxor desde Sharm el-Sheikh","isPartOf":{"@id":"https:\/\/landioustravel.com\/es\/#website"},"primaryImageOfPage":{"@id":"https:\/\/landioustravel.com\/es\/shop\/vuelo-luxor-sharm-sheikh\/#primaryimage"},"image":{"@id":"https:\/\/landioustravel.com\/es\/shop\/vuelo-luxor-sharm-sheikh\/#primaryimage"},"thumbnailUrl":"https:\/\/i0.wp.com\/landioustravel.com\/wp-content\/uploads\/2018\/12\/Luxor-Trip-by-Plane-from-Sharm-El-Sheikh.jpg?fit=1024%2C675&ssl=1","datePublished":"2018-12-04T05:51:50+00:00","dateModified":"2024-09-24T17:20:59+00:00","description":"Vuelo a Luxor desde Sharm el-Sheikh hacia el Templo de Karnak, los Colosos de Memnon, el Templo de la Reina Hatshepsut y el Valle de las Reinas.","breadcrumb":{"@id":"https:\/\/landioustravel.com\/es\/shop\/vuelo-luxor-sharm-sheikh\/#breadcrumb"},"inLanguage":"es","potentialAction":[{"@type":"ReadAction","target":["https:\/\/landioustravel.com\/es\/shop\/vuelo-luxor-sharm-sheikh\/"]}]},{"@type":"ImageObject","inLanguage":"es","@id":"https:\/\/landioustravel.com\/es\/shop\/vuelo-luxor-sharm-sheikh\/#primaryimage","url":"https:\/\/i0.wp.com\/landioustravel.com\/wp-content\/uploads\/2018\/12\/Luxor-Trip-by-Plane-from-Sharm-El-Sheikh.jpg?fit=1024%2C675&ssl=1","contentUrl":"https:\/\/i0.wp.com\/landioustravel.com\/wp-content\/uploads\/2018\/12\/Luxor-Trip-by-Plane-from-Sharm-El-Sheikh.jpg?fit=1024%2C675&ssl=1","width":1024,"height":675,"caption":"Luxor Trip by Plane from Sharm El Sheikh"},{"@type":"BreadcrumbList","@id":"https:\/\/landioustravel.com\/es\/shop\/vuelo-luxor-sharm-sheikh\/#breadcrumb","itemListElement":[{"@type":"ListItem","position":1,"name":"Home","item":"https:\/\/landioustravel.com\/es\/"},{"@type":"ListItem","position":2,"name":"Servicios y Tours","item":"https:\/\/landioustravel.com\/es\/"},{"@type":"ListItem","position":3,"name":"Vuelo a Luxor desde Sharm el-Sheikh"}]},{"@type":"WebSite","@id":"https:\/\/landioustravel.com\/es\/#website","url":"https:\/\/landioustravel.com\/es\/","name":"Landious Travel","description":"Tours and Excursions in Egypt","publisher":{"@id":"https:\/\/landioustravel.com\/es\/#organization"},"potentialAction":[{"@type":"SearchAction","target":{"@type":"EntryPoint","urlTemplate":"https:\/\/landioustravel.com\/es\/?s={search_term_string}"},"query-input":{"@type":"PropertyValueSpecification","valueRequired":true,"valueName":"search_term_string"}}],"inLanguage":"es"},{"@type":["Organization","Place"],"@id":"https:\/\/landioustravel.com\/es\/#organization","name":"Landious Travel","alternateName":"Landious Travel","url":"https:\/\/landioustravel.com\/es\/","logo":{"@id":"https:\/\/landioustravel.com\/es\/shop\/vuelo-luxor-sharm-sheikh\/#local-main-organization-logo"},"image":{"@id":"https:\/\/landioustravel.com\/es\/shop\/vuelo-luxor-sharm-sheikh\/#local-main-organization-logo"},"sameAs":["https:\/\/web.facebook.com\/landiousEgypt","https:\/\/x.com\/LandiousTours","https:\/\/mastodon.social\/@landious"],"legalName":"Landious Travel","telephone":[],"openingHoursSpecification":[{"@type":"OpeningHoursSpecification","dayOfWeek":["Monday","Tuesday","Wednesday","Thursday","Friday","Saturday","Sunday"],"opens":"09:00","closes":"17:00"}]},{"@type":"ImageObject","inLanguage":"es","@id":"https:\/\/landioustravel.com\/es\/shop\/vuelo-luxor-sharm-sheikh\/#local-main-organization-logo","url":"https:\/\/i0.wp.com\/landioustravel.com\/wp-content\/uploads\/2021\/06\/Landious-T.png?fit=500%2C500&ssl=1","contentUrl":"https:\/\/i0.wp.com\/landioustravel.com\/wp-content\/uploads\/2021\/06\/Landious-T.png?fit=500%2C500&ssl=1","width":500,"height":500,"caption":"Landious Travel"}]}},"jetpack_publicize_connections":[],"uagb_featured_image_src":{"full":["https:\/\/i0.wp.com\/landioustravel.com\/wp-content\/uploads\/2018\/12\/Luxor-Trip-by-Plane-from-Sharm-El-Sheikh.jpg?fit=1024%2C675&ssl=1",1024,675,false],"thumbnail":["https:\/\/i0.wp.com\/landioustravel.com\/wp-content\/uploads\/2018\/12\/Luxor-Trip-by-Plane-from-Sharm-El-Sheikh.jpg?resize=150%2C150&ssl=1",150,150,true],"medium":["https:\/\/i0.wp.com\/landioustravel.com\/wp-content\/uploads\/2018\/12\/Luxor-Trip-by-Plane-from-Sharm-El-Sheikh.jpg?fit=300%2C198&ssl=1",300,198,true],"medium_large":["https:\/\/i0.wp.com\/landioustravel.com\/wp-content\/uploads\/2018\/12\/Luxor-Trip-by-Plane-from-Sharm-El-Sheikh.jpg?fit=768%2C506&ssl=1",768,506,true],"large":["https:\/\/i0.wp.com\/landioustravel.com\/wp-content\/uploads\/2018\/12\/Luxor-Trip-by-Plane-from-Sharm-El-Sheikh.jpg?fit=980%2C646&ssl=1",980,646,true],"1536x1536":["https:\/\/i0.wp.com\/landioustravel.com\/wp-content\/uploads\/2018\/12\/Luxor-Trip-by-Plane-from-Sharm-El-Sheikh.jpg?fit=1024%2C675&ssl=1",1024,675,true],"2048x2048":["https:\/\/i0.wp.com\/landioustravel.com\/wp-content\/uploads\/2018\/12\/Luxor-Trip-by-Plane-from-Sharm-El-Sheikh.jpg?fit=1024%2C675&ssl=1",1024,675,true],"newspack-article-block-landscape-large":["https:\/\/i0.wp.com\/landioustravel.com\/wp-content\/uploads\/2018\/12\/Luxor-Trip-by-Plane-from-Sharm-El-Sheikh.jpg?resize=1024%2C675&ssl=1",1024,675,true],"newspack-article-block-portrait-large":["https:\/\/i0.wp.com\/landioustravel.com\/wp-content\/uploads\/2018\/12\/Luxor-Trip-by-Plane-from-Sharm-El-Sheikh.jpg?resize=900%2C675&ssl=1",900,675,true],"newspack-article-block-square-large":["https:\/\/i0.wp.com\/landioustravel.com\/wp-content\/uploads\/2018\/12\/Luxor-Trip-by-Plane-from-Sharm-El-Sheikh.jpg?resize=1024%2C675&ssl=1",1024,675,true],"newspack-article-block-landscape-medium":["https:\/\/i0.wp.com\/landioustravel.com\/wp-content\/uploads\/2018\/12\/Luxor-Trip-by-Plane-from-Sharm-El-Sheikh.jpg?resize=800%2C600&ssl=1",800,600,true],"newspack-article-block-portrait-medium":["https:\/\/i0.wp.com\/landioustravel.com\/wp-content\/uploads\/2018\/12\/Luxor-Trip-by-Plane-from-Sharm-El-Sheikh.jpg?resize=600%2C675&ssl=1",600,675,true],"newspack-article-block-square-medium":["https:\/\/i0.wp.com\/landioustravel.com\/wp-content\/uploads\/2018\/12\/Luxor-Trip-by-Plane-from-Sharm-El-Sheikh.jpg?resize=800%2C675&ssl=1",800,675,true],"newspack-article-block-landscape-intermediate":["https:\/\/i0.wp.com\/landioustravel.com\/wp-content\/uploads\/2018\/12\/Luxor-Trip-by-Plane-from-Sharm-El-Sheikh.jpg?resize=600%2C450&ssl=1",600,450,true],"newspack-article-block-portrait-intermediate":["https:\/\/i0.wp.com\/landioustravel.com\/wp-content\/uploads\/2018\/12\/Luxor-Trip-by-Plane-from-Sharm-El-Sheikh.jpg?resize=450%2C600&ssl=1",450,600,true],"newspack-article-block-square-intermediate":["https:\/\/i0.wp.com\/landioustravel.com\/wp-content\/uploads\/2018\/12\/Luxor-Trip-by-Plane-from-Sharm-El-Sheikh.jpg?resize=600%2C600&ssl=1",600,600,true],"newspack-article-block-landscape-small":["https:\/\/i0.wp.com\/landioustravel.com\/wp-content\/uploads\/2018\/12\/Luxor-Trip-by-Plane-from-Sharm-El-Sheikh.jpg?resize=400%2C300&ssl=1",400,300,true],"newspack-article-block-portrait-small":["https:\/\/i0.wp.com\/landioustravel.com\/wp-content\/uploads\/2018\/12\/Luxor-Trip-by-Plane-from-Sharm-El-Sheikh.jpg?resize=300%2C400&ssl=1",300,400,true],"newspack-article-block-square-small":["https:\/\/i0.wp.com\/landioustravel.com\/wp-content\/uploads\/2018\/12\/Luxor-Trip-by-Plane-from-Sharm-El-Sheikh.jpg?resize=400%2C400&ssl=1",400,400,true],"newspack-article-block-landscape-tiny":["https:\/\/i0.wp.com\/landioustravel.com\/wp-content\/uploads\/2018\/12\/Luxor-Trip-by-Plane-from-Sharm-El-Sheikh.jpg?resize=200%2C150&ssl=1",200,150,true],"newspack-article-block-portrait-tiny":["https:\/\/i0.wp.com\/landioustravel.com\/wp-content\/uploads\/2018\/12\/Luxor-Trip-by-Plane-from-Sharm-El-Sheikh.jpg?resize=150%2C200&ssl=1",150,200,true],"newspack-article-block-square-tiny":["https:\/\/i0.wp.com\/landioustravel.com\/wp-content\/uploads\/2018\/12\/Luxor-Trip-by-Plane-from-Sharm-El-Sheikh.jpg?resize=200%2C200&ssl=1",200,200,true],"newspack-article-block-uncropped":["https:\/\/i0.wp.com\/landioustravel.com\/wp-content\/uploads\/2018\/12\/Luxor-Trip-by-Plane-from-Sharm-El-Sheikh.jpg?fit=1024%2C675&ssl=1",1024,675,true],"woocommerce_thumbnail":["https:\/\/i0.wp.com\/landioustravel.com\/wp-content\/uploads\/2018\/12\/Luxor-Trip-by-Plane-from-Sharm-El-Sheikh.jpg?resize=324%2C324&ssl=1",324,324,true],"woocommerce_single":["https:\/\/i0.wp.com\/landioustravel.com\/wp-content\/uploads\/2018\/12\/Luxor-Trip-by-Plane-from-Sharm-El-Sheikh.jpg?fit=416%2C274&ssl=1",416,274,true],"woocommerce_gallery_thumbnail":["https:\/\/i0.wp.com\/landioustravel.com\/wp-content\/uploads\/2018\/12\/Luxor-Trip-by-Plane-from-Sharm-El-Sheikh.jpg?resize=100%2C100&ssl=1",100,100,true]},"uagb_author_info":{"display_name":"Mofreh Landious","author_link":"https:\/\/landioustravel.com\/es\/author\/"},"uagb_comment_info":3,"uagb_excerpt":"Descubra la impresionante belleza de Luxor con este tour de un d\u00eda completo cuidadosamente dise\u00f1ado desde Sharm El Sheikh. Nuestro gu\u00eda experimentado lo acompa\u00f1ar\u00e1 durante todo el d\u00eda y lo ayudar\u00e1 a explorar la arquitectura y la arqueolog\u00eda antiguas con compasi\u00f3n y sensibilidad. Te recogeremos en tu hotel en un veh\u00edculo privado con aire acondicionado&hellip;","jetpack_sharing_enabled":true,"jetpack_likes_enabled":true,"amp_enabled":true,"_links":{"self":[{"href":"https:\/\/landioustravel.com\/es\/wp-json\/wp\/v2\/product\/2107","targetHints":{"allow":["GET"]}}],"collection":[{"href":"https:\/\/landioustravel.com\/es\/wp-json\/wp\/v2\/product"}],"about":[{"href":"https:\/\/landioustravel.com\/es\/wp-json\/wp\/v2\/types\/product"}],"replies":[{"embeddable":true,"href":"https:\/\/landioustravel.com\/es\/wp-json\/wp\/v2\/comments?post=2107"}],"wp:featuredmedia":[{"embeddable":true,"href":"https:\/\/landioustravel.com\/es\/wp-json\/wp\/v2\/media\/100431"}],"wp:attachment":[{"href":"https:\/\/landioustravel.com\/es\/wp-json\/wp\/v2\/media?parent=2107"}],"wp:term":[{"taxonomy":"product_brand","embeddable":true,"href":"https:\/\/landioustravel.com\/es\/wp-json\/wp\/v2\/product_brand?post=2107"},{"taxonomy":"product_cat","embeddable":true,"href":"https:\/\/landioustravel.com\/es\/wp-json\/wp\/v2\/product_cat?post=2107"},{"taxonomy":"product_tag","embeddable":true,"href":"https:\/\/landioustravel.com\/es\/wp-json\/wp\/v2\/product_tag?post=2107"}],"curies":[{"name":"wp","href":"https:\/\/api.w.org\/{rel}","templated":true}]}}