{"id":2109,"date":"2018-12-03T21:41:36","date_gmt":"2018-12-03T19:41:36","guid":{"rendered":"https:\/\/landioustravel.com\/product\/excursion-cairo-giza-sharm-sheikh\/"},"modified":"2025-10-01T20:22:12","modified_gmt":"2025-10-01T17:22:12","slug":"excursion-cairo-giza-sharm-sheikh","status":"publish","type":"product","link":"https:\/\/landioustravel.com\/es\/shop\/excursion-cairo-giza-sharm-sheikh\/","title":{"rendered":"Excursi\u00f3n a El Cairo-Giza desde Sharm El-Sheikh"},"content":{"rendered":"<p>\u00a1Una maravillosa excursi\u00f3n a El Cairo y Giza desde el resort de Sharm El-Sheikh! Recomendamos la excursi\u00f3n por el hecho de que permite a los turistas ver las vistas m\u00e1s impresionantes, construidas durante el antiguo Egipto, y aprender m\u00e1s sobre la historia del pa\u00eds.<\/p>\n<h2>Principales puntos del programa de excursiones en el Cairo<\/h2>\n<ul>\n<li>Visita al Museo Egipcio de El Cairo.<\/li>\n<li>Almuerzo<\/li>\n<li>Visita a las tres pir\u00e1mides de Giza.<\/li>\n<li>Y, la Gran Esfinge en el complejo piramidal.<\/li>\n<\/ul>\n<h3>El programa de las excursiones a El Cairo &#8211; Giza desde Sharm El Sheikh<\/h3>\n<ul>\n<li>Te recogemos de tu hotel a las 00:00 aproximadamente.<\/li>\n<li>Despu\u00e9s de recoger a todos los interesados, el autob\u00fas sale en direcci\u00f3n a El Cairo, pasando por las ciudades de El Tor, Abu Zinema, Ras Sidr y Suez. Todas estas ciudades se pueden encontrar al norte de Sharm El Sheikh, en la costa del Mar Rojo. El camino, desde el centro de Sharm El Sheikh hasta El Cairo, toma aproximadamente 6 horas.<\/li>\n<\/ul>\n<h4>Programa en el Cairo<\/h4>\n<ul>\n<li>Tan pronto como llegue a El Cairo, le mostraremos el Museo Egipcio. Su gu\u00eda tendr\u00e1 la tarea de mostrar todos estos templos y le dar\u00e1 tiempo libre para tomar fotograf\u00edas.<\/li>\n<li>Despu\u00e9s de visitar el Museo Egipcio en El Cairo, comienza el picnic en el r\u00edo Nilo. Este es un programa adicional, y se debe solicitar con anticipaci\u00f3n a trav\u00e9s de nosotros. Tan pronto como termine el picnic en el Nilo, se dirigir\u00e1 a otra ciudad _ Giza<\/li>\n<\/ul>\n<h4>Programa en Giza<\/h4>\n<ul>\n<li>El viaje contin\u00faa en Giza. La primera parada, all\u00ed, ser\u00e1 en el restaurante. Ofrece un buffet abierto.<\/li>\n<li>Despu\u00e9s del almuerzo, haces compras por un poco de tiempo.<\/li>\n<li>Luego, el grupo va al complejo piramidal, donde hay pir\u00e1mides y Esfinge tan grandes. Su gu\u00eda los muestra y le da tiempo libre para tomarles una foto.<\/li>\n<li>Antes del final del programa en Giza, los turistas tienen tiempo para comprar en la sala de perfumes.<\/li>\n<li>Nuestro autob\u00fas sale de regreso, despu\u00e9s de un programa de este tipo en las maravillosas ciudades de El Cairo y Giza.<\/li>\n<\/ul>\n<h4>Lo que est\u00e1 incluido en el precio del viaje<\/h4>\n<ul>\n<li>Entradas para visitar lugares de inter\u00e9s tur\u00edstico.<\/li>\n<li>Almuerzo<\/li>\n<li>Gu\u00eda<\/li>\n<li>Traslado a El Cairo y regreso al hotel.<\/li>\n<\/ul>\n<h5>Lo que no est\u00e1 incluido en el precio del viaje<\/h5>\n<ul>\n<li>Programas adicionales de excursiones.<\/li>\n<li>Las bebidas<\/li>\n<\/ul>\n<h6>Que llevar contigo para el viaje<\/h6>\n<ul>\n<li>Caja de desayuno<\/li>\n<li>Pasaporte<\/li>\n<li>Ropa para la temporada.<\/li>\n<\/ul>\n<h6>D\u00cdAS DE LA ORGANIZACI\u00d3N DE EXCURSIONES<\/h6>\n<ul>\n<li>Todos los d\u00edas de 00:00 a 23:30.<\/li>\n<\/ul>\n","protected":false},"excerpt":{"rendered":"<p>Si est\u00e1 buscando explorar El Cairo y Giza en solo un d\u00eda desde Sharm El Sheikh, lo tenemos cubierto. Tendr\u00e1s la oportunidad de ver las tres incre\u00edbles pir\u00e1mides de Giza y la Gran Esfinge, seguido de un delicioso almuerzo. Despu\u00e9s del almuerzo, visitar\u00e1 el Museo Egipcio, que cuenta con una incre\u00edble colecci\u00f3n de m\u00e1s de 150 000 piezas \u00fanicas repartidas en 100 salas de exhibici\u00f3n. Para rematar su excursi\u00f3n, puede incluso optar por un picnic en barco por el r\u00edo Nilo.<\/p>\n<p>Entendemos que los gastos de viaje pueden acumularse r\u00e1pidamente, por lo que ofrecemos una forma m\u00e1s econ\u00f3mica de visitar El Cairo en un d\u00eda sin la necesidad de un costoso vuelo o tren desde Sharm El Sheikh. Nuestro viaje de un d\u00eda en autob\u00fas puede comenzar temprano, pero asegura que no se perder\u00e1 los famosos sitios egipcios en El Cairo y sus alrededores. Formar\u00e1s parte de un grupo y explorar\u00e1s el Museo Egipcio, la Gran Esfinge y las Pir\u00e1mides de Giza en un recorrido a pie, a caballo o en camello. Nuestro autocar climatizado lo llevar\u00e1 de Sharm El Sheikh a El Cairo, e incluso hemos reservado la entrada a sitios como el Museo Egipcio para ahorrarle tiempo. Tendr\u00e1 la oportunidad de experimentar las Pir\u00e1mides de Giza de la manera tradicional, a lomos de un camello, e incluso podr\u00e1 dar un paseo en barco por el r\u00edo Nilo (por un cargo adicional).<\/p>\n<p>Durante tu visita al Museo Egipcio, tendr\u00e1s la oportunidad de maravillarte con innumerables exposiciones hist\u00f3ricas durante dos horas, con entrada incluida. Si busca una experiencia m\u00e1s tranquila, puede optar por hacer un viaje en barco por el Nilo por una tarifa o pasear por las orillas del Nilo de forma gratuita durante 30 minutos. Las Pir\u00e1mides de Giza son una visita obligada y una experiencia fabulosa. Encontrar\u00e1s un total de tres pir\u00e1mides aqu\u00ed: las pir\u00e1mides de Chephren, Keops y Mykerinos. Puedes recorrer la zona a pie, a caballo o en camello, con una duraci\u00f3n de 2-3 horas y entrada incluida. Finalmente, despu\u00e9s de visitar las pir\u00e1mides de Giza, te dirigir\u00e1s a la Gran Esfinge, la Esfinge m\u00e1s grande y mejor conservada con diferencia. La Esfinge presentaba una cabeza humana sobre el cuerpo de un le\u00f3n y fue tallada en los restos de un mont\u00edculo de piedra caliza que sirvi\u00f3 como cantera para la Gran Pir\u00e1mide de Keops. La visita tiene una duraci\u00f3n aproximada de 20-30 minutos.<\/p>\n<p>Esperamos que esta informaci\u00f3n lo ayude a planificar su viaje a El Cairo y Giza, y estamos aqu\u00ed para ayudarlo con cualquier pregunta o inquietud que pueda tener.<\/p>\n","protected":false},"featured_media":99442,"comment_status":"open","ping_status":"closed","template":"","meta":{"_coblocks_attr":"","_coblocks_dimensions":"","_coblocks_responsive_height":"","_coblocks_accordion_ie_support":"","_uag_custom_page_level_css":"","jetpack_publicize_message":"","jetpack_publicize_feature_enabled":true,"jetpack_social_post_already_shared":false,"jetpack_social_options":{"image_generator_settings":{"template":"highway","default_image_id":0,"font":"","enabled":false},"version":2},"_wpas_customize_per_network":false},"product_brand":[],"product_cat":[1793,1792],"product_tag":[1804,1806,1797,1805,1800,9907],"class_list":{"0":"post-2109","1":"product","2":"type-product","3":"status-publish","4":"has-post-thumbnail","6":"product_cat-excursiones-historicas-sharm-el-sheikh","7":"product_cat-excursiones-sharm-el-sheikh","8":"product_tag-el-cairo","9":"product_tag-esfinge","10":"product_tag-excursion-es","11":"product_tag-piramides","12":"product_tag-sharm-el-sheikh-es","13":"product_tag-turismo","14":"pa_age-el-adulto","15":"pa_age-nino-1-4-anos","16":"pa_age-nino-5-11-anos","18":"first","19":"instock","20":"sale","21":"purchasable","22":"product-type-variable"},"yoast_head":"<!-- This site is optimized with the Yoast SEO Premium plugin v26.9 (Yoast SEO v27.5) - https:\/\/yoast.com\/product\/yoast-seo-premium-wordpress\/ -->\n<title>Excursi\u00f3n a El Cairo-Giza desde Sharm El-Sheikh<\/title>\n<meta name=\"description\" content=\"Excursi\u00f3n a El Cairo-Giza desde Sharm El-Sheikh se dirige al Museo Egipcio en El Cairo, tres pir\u00e1mides _ Khafre, Menkaure y Cheops, y tambi\u00e9n la gran\" \/>\n<meta name=\"robots\" content=\"index, follow, max-snippet:-1, max-image-preview:large, max-video-preview:-1\" \/>\n<link rel=\"canonical\" href=\"https:\/\/landioustravel.com\/es\/shop\/excursion-cairo-giza-sharm-sheikh\/\" \/>\n<meta property=\"og:locale\" content=\"es_ES\" \/>\n<meta property=\"og:type\" content=\"article\" \/>\n<meta property=\"og:title\" content=\"Excursi\u00f3n a El Cairo-Giza desde Sharm El-Sheikh\" \/>\n<meta property=\"og:description\" content=\"Landious Travel\" \/>\n<meta property=\"og:url\" content=\"https:\/\/landioustravel.com\/es\/shop\/excursion-cairo-giza-sharm-sheikh\/\" \/>\n<meta property=\"og:site_name\" content=\"Landious Travel\" \/>\n<meta property=\"article:publisher\" content=\"https:\/\/web.facebook.com\/landiousEgypt\" \/>\n<meta property=\"article:modified_time\" content=\"2025-10-01T17:22:12+00:00\" \/>\n<meta property=\"og:image\" content=\"https:\/\/i0.wp.com\/landioustravel.com\/wp-content\/uploads\/2022\/05\/Egyptian-Pyramids-e1652448963518.jpg?fit=1200%2C675&ssl=1\" \/>\n\t<meta property=\"og:image:width\" content=\"1200\" \/>\n\t<meta property=\"og:image:height\" content=\"675\" \/>\n\t<meta property=\"og:image:type\" content=\"image\/jpeg\" \/>\n<meta name=\"twitter:card\" content=\"summary_large_image\" \/>\n<meta name=\"twitter:site\" content=\"@LandiousTours\" \/>\n<meta name=\"twitter:label1\" content=\"Tiempo de lectura\" \/>\n\t<meta name=\"twitter:data1\" content=\"2 minutos\" \/>\n<script type=\"application\/ld+json\" class=\"yoast-schema-graph\">{\"@context\":\"https:\\\/\\\/schema.org\",\"@graph\":[{\"@type\":\"WebPage\",\"@id\":\"https:\\\/\\\/landioustravel.com\\\/es\\\/shop\\\/excursion-cairo-giza-sharm-sheikh\\\/\",\"url\":\"https:\\\/\\\/landioustravel.com\\\/es\\\/shop\\\/excursion-cairo-giza-sharm-sheikh\\\/\",\"name\":\"Excursi\u00f3n a El Cairo-Giza desde Sharm El-Sheikh\",\"isPartOf\":{\"@id\":\"https:\\\/\\\/landioustravel.com\\\/es\\\/#website\"},\"primaryImageOfPage\":{\"@id\":\"https:\\\/\\\/landioustravel.com\\\/es\\\/shop\\\/excursion-cairo-giza-sharm-sheikh\\\/#primaryimage\"},\"image\":{\"@id\":\"https:\\\/\\\/landioustravel.com\\\/es\\\/shop\\\/excursion-cairo-giza-sharm-sheikh\\\/#primaryimage\"},\"thumbnailUrl\":\"https:\\\/\\\/i0.wp.com\\\/landioustravel.com\\\/wp-content\\\/uploads\\\/2022\\\/05\\\/Egyptian-Pyramids-e1652448963518.jpg?fit=1200%2C675&ssl=1\",\"datePublished\":\"2018-12-03T19:41:36+00:00\",\"dateModified\":\"2025-10-01T17:22:12+00:00\",\"description\":\"Excursi\u00f3n a El Cairo-Giza desde Sharm El-Sheikh se dirige al Museo Egipcio en El Cairo, tres pir\u00e1mides _ Khafre, Menkaure y Cheops, y tambi\u00e9n la gran\",\"breadcrumb\":{\"@id\":\"https:\\\/\\\/landioustravel.com\\\/es\\\/shop\\\/excursion-cairo-giza-sharm-sheikh\\\/#breadcrumb\"},\"inLanguage\":\"es\",\"potentialAction\":[{\"@type\":\"ReadAction\",\"target\":[\"https:\\\/\\\/landioustravel.com\\\/es\\\/shop\\\/excursion-cairo-giza-sharm-sheikh\\\/\"]}]},{\"@type\":\"ImageObject\",\"inLanguage\":\"es\",\"@id\":\"https:\\\/\\\/landioustravel.com\\\/es\\\/shop\\\/excursion-cairo-giza-sharm-sheikh\\\/#primaryimage\",\"url\":\"https:\\\/\\\/i0.wp.com\\\/landioustravel.com\\\/wp-content\\\/uploads\\\/2022\\\/05\\\/Egyptian-Pyramids-e1652448963518.jpg?fit=1200%2C675&ssl=1\",\"contentUrl\":\"https:\\\/\\\/i0.wp.com\\\/landioustravel.com\\\/wp-content\\\/uploads\\\/2022\\\/05\\\/Egyptian-Pyramids-e1652448963518.jpg?fit=1200%2C675&ssl=1\",\"width\":1200,\"height\":675,\"caption\":\"Egyptian pyramids\"},{\"@type\":\"BreadcrumbList\",\"@id\":\"https:\\\/\\\/landioustravel.com\\\/es\\\/shop\\\/excursion-cairo-giza-sharm-sheikh\\\/#breadcrumb\",\"itemListElement\":[{\"@type\":\"ListItem\",\"position\":1,\"name\":\"Home\",\"item\":\"https:\\\/\\\/landioustravel.com\\\/es\\\/\"},{\"@type\":\"ListItem\",\"position\":2,\"name\":\"Servicios y Tours\",\"item\":\"https:\\\/\\\/landioustravel.com\\\/es\\\/\"},{\"@type\":\"ListItem\",\"position\":3,\"name\":\"Excursi\u00f3n a El Cairo-Giza desde Sharm El-Sheikh\"}]},{\"@type\":\"WebSite\",\"@id\":\"https:\\\/\\\/landioustravel.com\\\/es\\\/#website\",\"url\":\"https:\\\/\\\/landioustravel.com\\\/es\\\/\",\"name\":\"Landious Travel\",\"description\":\"Tours and Excursions in Egypt\",\"publisher\":{\"@id\":\"https:\\\/\\\/landioustravel.com\\\/es\\\/#organization\"},\"potentialAction\":[{\"@type\":\"SearchAction\",\"target\":{\"@type\":\"EntryPoint\",\"urlTemplate\":\"https:\\\/\\\/landioustravel.com\\\/es\\\/?s={search_term_string}\"},\"query-input\":{\"@type\":\"PropertyValueSpecification\",\"valueRequired\":true,\"valueName\":\"search_term_string\"}}],\"inLanguage\":\"es\"},{\"@type\":[\"Organization\",\"Place\"],\"@id\":\"https:\\\/\\\/landioustravel.com\\\/es\\\/#organization\",\"name\":\"Landious Travel\",\"alternateName\":\"Landious Travel\",\"url\":\"https:\\\/\\\/landioustravel.com\\\/es\\\/\",\"logo\":{\"@id\":\"https:\\\/\\\/landioustravel.com\\\/es\\\/shop\\\/excursion-cairo-giza-sharm-sheikh\\\/#local-main-organization-logo\"},\"image\":{\"@id\":\"https:\\\/\\\/landioustravel.com\\\/es\\\/shop\\\/excursion-cairo-giza-sharm-sheikh\\\/#local-main-organization-logo\"},\"sameAs\":[\"https:\\\/\\\/web.facebook.com\\\/landiousEgypt\",\"https:\\\/\\\/x.com\\\/LandiousTours\",\"https:\\\/\\\/mastodon.social\\\/@landious\"],\"legalName\":\"Landious Travel\",\"telephone\":[],\"openingHoursSpecification\":[{\"@type\":\"OpeningHoursSpecification\",\"dayOfWeek\":[\"Monday\",\"Tuesday\",\"Wednesday\",\"Thursday\",\"Friday\",\"Saturday\",\"Sunday\"],\"opens\":\"09:00\",\"closes\":\"17:00\"}]},{\"@type\":\"ImageObject\",\"inLanguage\":\"es\",\"@id\":\"https:\\\/\\\/landioustravel.com\\\/es\\\/shop\\\/excursion-cairo-giza-sharm-sheikh\\\/#local-main-organization-logo\",\"url\":\"https:\\\/\\\/i0.wp.com\\\/landioustravel.com\\\/wp-content\\\/uploads\\\/2021\\\/06\\\/Landious-T.png?fit=500%2C500&ssl=1\",\"contentUrl\":\"https:\\\/\\\/i0.wp.com\\\/landioustravel.com\\\/wp-content\\\/uploads\\\/2021\\\/06\\\/Landious-T.png?fit=500%2C500&ssl=1\",\"width\":500,\"height\":500,\"caption\":\"Landious Travel\"}]}<\/script>\n<!-- \/ Yoast SEO Premium plugin. -->","yoast_head_json":{"title":"Excursi\u00f3n a El Cairo-Giza desde Sharm El-Sheikh","description":"Excursi\u00f3n a El Cairo-Giza desde Sharm El-Sheikh se dirige al Museo Egipcio en El Cairo, tres pir\u00e1mides _ Khafre, Menkaure y Cheops, y tambi\u00e9n la gran","robots":{"index":"index","follow":"follow","max-snippet":"max-snippet:-1","max-image-preview":"max-image-preview:large","max-video-preview":"max-video-preview:-1"},"canonical":"https:\/\/landioustravel.com\/es\/shop\/excursion-cairo-giza-sharm-sheikh\/","og_locale":"es_ES","og_type":"article","og_title":"Excursi\u00f3n a El Cairo-Giza desde Sharm El-Sheikh","og_description":"Landious Travel","og_url":"https:\/\/landioustravel.com\/es\/shop\/excursion-cairo-giza-sharm-sheikh\/","og_site_name":"Landious Travel","article_publisher":"https:\/\/web.facebook.com\/landiousEgypt","article_modified_time":"2025-10-01T17:22:12+00:00","og_image":[{"width":1200,"height":675,"url":"https:\/\/i0.wp.com\/landioustravel.com\/wp-content\/uploads\/2022\/05\/Egyptian-Pyramids-e1652448963518.jpg?fit=1200%2C675&ssl=1","type":"image\/jpeg"}],"twitter_card":"summary_large_image","twitter_site":"@LandiousTours","twitter_misc":{"Tiempo de lectura":"2 minutos"},"schema":{"@context":"https:\/\/schema.org","@graph":[{"@type":"WebPage","@id":"https:\/\/landioustravel.com\/es\/shop\/excursion-cairo-giza-sharm-sheikh\/","url":"https:\/\/landioustravel.com\/es\/shop\/excursion-cairo-giza-sharm-sheikh\/","name":"Excursi\u00f3n a El Cairo-Giza desde Sharm El-Sheikh","isPartOf":{"@id":"https:\/\/landioustravel.com\/es\/#website"},"primaryImageOfPage":{"@id":"https:\/\/landioustravel.com\/es\/shop\/excursion-cairo-giza-sharm-sheikh\/#primaryimage"},"image":{"@id":"https:\/\/landioustravel.com\/es\/shop\/excursion-cairo-giza-sharm-sheikh\/#primaryimage"},"thumbnailUrl":"https:\/\/i0.wp.com\/landioustravel.com\/wp-content\/uploads\/2022\/05\/Egyptian-Pyramids-e1652448963518.jpg?fit=1200%2C675&ssl=1","datePublished":"2018-12-03T19:41:36+00:00","dateModified":"2025-10-01T17:22:12+00:00","description":"Excursi\u00f3n a El Cairo-Giza desde Sharm El-Sheikh se dirige al Museo Egipcio en El Cairo, tres pir\u00e1mides _ Khafre, Menkaure y Cheops, y tambi\u00e9n la gran","breadcrumb":{"@id":"https:\/\/landioustravel.com\/es\/shop\/excursion-cairo-giza-sharm-sheikh\/#breadcrumb"},"inLanguage":"es","potentialAction":[{"@type":"ReadAction","target":["https:\/\/landioustravel.com\/es\/shop\/excursion-cairo-giza-sharm-sheikh\/"]}]},{"@type":"ImageObject","inLanguage":"es","@id":"https:\/\/landioustravel.com\/es\/shop\/excursion-cairo-giza-sharm-sheikh\/#primaryimage","url":"https:\/\/i0.wp.com\/landioustravel.com\/wp-content\/uploads\/2022\/05\/Egyptian-Pyramids-e1652448963518.jpg?fit=1200%2C675&ssl=1","contentUrl":"https:\/\/i0.wp.com\/landioustravel.com\/wp-content\/uploads\/2022\/05\/Egyptian-Pyramids-e1652448963518.jpg?fit=1200%2C675&ssl=1","width":1200,"height":675,"caption":"Egyptian pyramids"},{"@type":"BreadcrumbList","@id":"https:\/\/landioustravel.com\/es\/shop\/excursion-cairo-giza-sharm-sheikh\/#breadcrumb","itemListElement":[{"@type":"ListItem","position":1,"name":"Home","item":"https:\/\/landioustravel.com\/es\/"},{"@type":"ListItem","position":2,"name":"Servicios y Tours","item":"https:\/\/landioustravel.com\/es\/"},{"@type":"ListItem","position":3,"name":"Excursi\u00f3n a El Cairo-Giza desde Sharm El-Sheikh"}]},{"@type":"WebSite","@id":"https:\/\/landioustravel.com\/es\/#website","url":"https:\/\/landioustravel.com\/es\/","name":"Landious Travel","description":"Tours and Excursions in Egypt","publisher":{"@id":"https:\/\/landioustravel.com\/es\/#organization"},"potentialAction":[{"@type":"SearchAction","target":{"@type":"EntryPoint","urlTemplate":"https:\/\/landioustravel.com\/es\/?s={search_term_string}"},"query-input":{"@type":"PropertyValueSpecification","valueRequired":true,"valueName":"search_term_string"}}],"inLanguage":"es"},{"@type":["Organization","Place"],"@id":"https:\/\/landioustravel.com\/es\/#organization","name":"Landious Travel","alternateName":"Landious Travel","url":"https:\/\/landioustravel.com\/es\/","logo":{"@id":"https:\/\/landioustravel.com\/es\/shop\/excursion-cairo-giza-sharm-sheikh\/#local-main-organization-logo"},"image":{"@id":"https:\/\/landioustravel.com\/es\/shop\/excursion-cairo-giza-sharm-sheikh\/#local-main-organization-logo"},"sameAs":["https:\/\/web.facebook.com\/landiousEgypt","https:\/\/x.com\/LandiousTours","https:\/\/mastodon.social\/@landious"],"legalName":"Landious Travel","telephone":[],"openingHoursSpecification":[{"@type":"OpeningHoursSpecification","dayOfWeek":["Monday","Tuesday","Wednesday","Thursday","Friday","Saturday","Sunday"],"opens":"09:00","closes":"17:00"}]},{"@type":"ImageObject","inLanguage":"es","@id":"https:\/\/landioustravel.com\/es\/shop\/excursion-cairo-giza-sharm-sheikh\/#local-main-organization-logo","url":"https:\/\/i0.wp.com\/landioustravel.com\/wp-content\/uploads\/2021\/06\/Landious-T.png?fit=500%2C500&ssl=1","contentUrl":"https:\/\/i0.wp.com\/landioustravel.com\/wp-content\/uploads\/2021\/06\/Landious-T.png?fit=500%2C500&ssl=1","width":500,"height":500,"caption":"Landious Travel"}]}},"jetpack_publicize_connections":[],"uagb_featured_image_src":{"full":["https:\/\/i0.wp.com\/landioustravel.com\/wp-content\/uploads\/2022\/05\/Egyptian-Pyramids-e1652448963518.jpg?fit=1200%2C675&ssl=1",1200,675,false],"thumbnail":["https:\/\/i0.wp.com\/landioustravel.com\/wp-content\/uploads\/2022\/05\/Egyptian-Pyramids-e1652448963518.jpg?resize=150%2C150&ssl=1",150,150,true],"medium":["https:\/\/i0.wp.com\/landioustravel.com\/wp-content\/uploads\/2022\/05\/Egyptian-Pyramids-e1652448963518.jpg?fit=300%2C169&ssl=1",300,169,true],"medium_large":["https:\/\/i0.wp.com\/landioustravel.com\/wp-content\/uploads\/2022\/05\/Egyptian-Pyramids-e1652448963518.jpg?fit=768%2C432&ssl=1",768,432,true],"large":["https:\/\/i0.wp.com\/landioustravel.com\/wp-content\/uploads\/2022\/05\/Egyptian-Pyramids-e1652448963518.jpg?fit=980%2C551&ssl=1",980,551,true],"1536x1536":["https:\/\/i0.wp.com\/landioustravel.com\/wp-content\/uploads\/2022\/05\/Egyptian-Pyramids-e1652448963518.jpg?fit=1536%2C864&ssl=1",1536,864,true],"2048x2048":["https:\/\/i0.wp.com\/landioustravel.com\/wp-content\/uploads\/2022\/05\/Egyptian-Pyramids-e1652448963518.jpg?fit=1200%2C675&ssl=1",1200,675,true],"newspack-article-block-landscape-large":["https:\/\/i0.wp.com\/landioustravel.com\/wp-content\/uploads\/2022\/05\/Egyptian-Pyramids-e1652448963518.jpg?resize=1200%2C675&ssl=1",1200,675,true],"newspack-article-block-portrait-large":["https:\/\/i0.wp.com\/landioustravel.com\/wp-content\/uploads\/2022\/05\/Egyptian-Pyramids-e1652448963518.jpg?resize=900%2C675&ssl=1",900,675,true],"newspack-article-block-square-large":["https:\/\/i0.wp.com\/landioustravel.com\/wp-content\/uploads\/2022\/05\/Egyptian-Pyramids-e1652448963518.jpg?resize=1200%2C675&ssl=1",1200,675,true],"newspack-article-block-landscape-medium":["https:\/\/i0.wp.com\/landioustravel.com\/wp-content\/uploads\/2022\/05\/Egyptian-Pyramids-e1652448963518.jpg?resize=800%2C600&ssl=1",800,600,true],"newspack-article-block-portrait-medium":["https:\/\/i0.wp.com\/landioustravel.com\/wp-content\/uploads\/2022\/05\/Egyptian-Pyramids-e1652448963518.jpg?resize=600%2C675&ssl=1",600,675,true],"newspack-article-block-square-medium":["https:\/\/i0.wp.com\/landioustravel.com\/wp-content\/uploads\/2022\/05\/Egyptian-Pyramids-e1652448963518.jpg?resize=800%2C675&ssl=1",800,675,true],"newspack-article-block-landscape-intermediate":["https:\/\/i0.wp.com\/landioustravel.com\/wp-content\/uploads\/2022\/05\/Egyptian-Pyramids-e1652448963518.jpg?resize=600%2C450&ssl=1",600,450,true],"newspack-article-block-portrait-intermediate":["https:\/\/i0.wp.com\/landioustravel.com\/wp-content\/uploads\/2022\/05\/Egyptian-Pyramids-e1652448963518.jpg?resize=450%2C600&ssl=1",450,600,true],"newspack-article-block-square-intermediate":["https:\/\/i0.wp.com\/landioustravel.com\/wp-content\/uploads\/2022\/05\/Egyptian-Pyramids-e1652448963518.jpg?resize=600%2C600&ssl=1",600,600,true],"newspack-article-block-landscape-small":["https:\/\/i0.wp.com\/landioustravel.com\/wp-content\/uploads\/2022\/05\/Egyptian-Pyramids-e1652448963518.jpg?resize=400%2C300&ssl=1",400,300,true],"newspack-article-block-portrait-small":["https:\/\/i0.wp.com\/landioustravel.com\/wp-content\/uploads\/2022\/05\/Egyptian-Pyramids-e1652448963518.jpg?resize=300%2C400&ssl=1",300,400,true],"newspack-article-block-square-small":["https:\/\/i0.wp.com\/landioustravel.com\/wp-content\/uploads\/2022\/05\/Egyptian-Pyramids-e1652448963518.jpg?resize=400%2C400&ssl=1",400,400,true],"newspack-article-block-landscape-tiny":["https:\/\/i0.wp.com\/landioustravel.com\/wp-content\/uploads\/2022\/05\/Egyptian-Pyramids-e1652448963518.jpg?resize=200%2C150&ssl=1",200,150,true],"newspack-article-block-portrait-tiny":["https:\/\/i0.wp.com\/landioustravel.com\/wp-content\/uploads\/2022\/05\/Egyptian-Pyramids-e1652448963518.jpg?resize=150%2C200&ssl=1",150,200,true],"newspack-article-block-square-tiny":["https:\/\/i0.wp.com\/landioustravel.com\/wp-content\/uploads\/2022\/05\/Egyptian-Pyramids-e1652448963518.jpg?resize=200%2C200&ssl=1",200,200,true],"newspack-article-block-uncropped":["https:\/\/i0.wp.com\/landioustravel.com\/wp-content\/uploads\/2022\/05\/Egyptian-Pyramids-e1652448963518.jpg?fit=1200%2C675&ssl=1",1200,675,true],"woocommerce_thumbnail":["https:\/\/i0.wp.com\/landioustravel.com\/wp-content\/uploads\/2022\/05\/Egyptian-Pyramids-e1652448963518.jpg?resize=324%2C324&ssl=1",324,324,true],"woocommerce_single":["https:\/\/i0.wp.com\/landioustravel.com\/wp-content\/uploads\/2022\/05\/Egyptian-Pyramids-e1652448963518.jpg?fit=416%2C234&ssl=1",416,234,true],"woocommerce_gallery_thumbnail":["https:\/\/i0.wp.com\/landioustravel.com\/wp-content\/uploads\/2022\/05\/Egyptian-Pyramids-e1652448963518.jpg?resize=100%2C100&ssl=1",100,100,true]},"uagb_author_info":{"display_name":"Mofreh Landious","author_link":"https:\/\/landioustravel.com\/es\/author\/"},"uagb_comment_info":6,"uagb_excerpt":"Si est\u00e1 buscando explorar El Cairo y Giza en solo un d\u00eda desde Sharm El Sheikh, lo tenemos cubierto. Tendr\u00e1s la oportunidad de ver las tres incre\u00edbles pir\u00e1mides de Giza y la Gran Esfinge, seguido de un delicioso almuerzo. Despu\u00e9s del almuerzo, visitar\u00e1 el Museo Egipcio, que cuenta con una incre\u00edble colecci\u00f3n de m\u00e1s de&hellip;","jetpack_sharing_enabled":true,"jetpack_likes_enabled":true,"amp_enabled":true,"_links":{"self":[{"href":"https:\/\/landioustravel.com\/es\/wp-json\/wp\/v2\/product\/2109","targetHints":{"allow":["GET"]}}],"collection":[{"href":"https:\/\/landioustravel.com\/es\/wp-json\/wp\/v2\/product"}],"about":[{"href":"https:\/\/landioustravel.com\/es\/wp-json\/wp\/v2\/types\/product"}],"replies":[{"embeddable":true,"href":"https:\/\/landioustravel.com\/es\/wp-json\/wp\/v2\/comments?post=2109"}],"wp:featuredmedia":[{"embeddable":true,"href":"https:\/\/landioustravel.com\/es\/wp-json\/wp\/v2\/media\/99442"}],"wp:attachment":[{"href":"https:\/\/landioustravel.com\/es\/wp-json\/wp\/v2\/media?parent=2109"}],"wp:term":[{"taxonomy":"product_brand","embeddable":true,"href":"https:\/\/landioustravel.com\/es\/wp-json\/wp\/v2\/product_brand?post=2109"},{"taxonomy":"product_cat","embeddable":true,"href":"https:\/\/landioustravel.com\/es\/wp-json\/wp\/v2\/product_cat?post=2109"},{"taxonomy":"product_tag","embeddable":true,"href":"https:\/\/landioustravel.com\/es\/wp-json\/wp\/v2\/product_tag?post=2109"}],"curies":[{"name":"wp","href":"https:\/\/api.w.org\/{rel}","templated":true}]}}