{"id":2113,"date":"2023-03-28T02:48:03","date_gmt":"2018-11-25T18:48:03","guid":{"rendered":"https:\/\/landioustravel.com\/product\/excursion-paradise-playa-hurghada\/"},"modified":"2025-10-19T20:14:54","modified_gmt":"2025-10-19T17:14:54","slug":"excursion-paradise-playa-hurghada","status":"publish","type":"product","link":"https:\/\/landioustravel.com\/es\/shop\/excursion-paradise-playa-hurghada\/","title":{"rendered":"Excursi\u00f3n a Paradise Beach en Hurghada"},"content":{"rendered":"<p>\u00a1Un maravilloso viaje en barco a la playa Paradise en la isla Giftun, en Hurghada! \u00a1Recomendamos el viaje porque permite a los turistas pasar un buen rato en el mar! El viaje te da la oportunidad de ver hermosos corales y una variedad de peces. Adem\u00e1s, disfrutar\u00e1 de un picnic en barco por el Mar Rojo y se ubicar\u00e1 en la isla Giftun con m\u00e1s servicios en la misma playa. La isla est\u00e1 cerca de la costa de Hurghada!<\/p>\n<h2>Los principales puntos del programa de excursiones a Paradise Beach<\/h2>\n<ul>\n<li>Nadar en mar abierto desde el yate.<\/li>\n<li>Snorkel con m\u00e1scaras y aletas en mar abierto.<\/li>\n<li>Comida<\/li>\n<li>Aterrizaje en la isla de Giftun (Paradise Beach)<\/li>\n<\/ul>\n<h3>El programa de la excursi\u00f3n a la Playa Para\u00edso desde Hurghada<\/h3>\n<ul>\n<li>Te recogemos del hotel a las 08:00 aproximadamente.<\/li>\n<li>Despu\u00e9s de tomar todos los interesados, el autob\u00fas va al puerto. El trayecto hasta el puerto dura aproximadamente 20 minutos.<\/li>\n<li>Encontrar\u00e1s tu yate en el puerto. \u00a1Es grande y elegante! El yate consta de dos plantas. Tan pronto como para entrar en el yate, es necesario quitarse el calzado y levantarse en el segundo piso para broncearse en la terraza superior.<\/li>\n<li>El yate se mueve a trav\u00e9s del Mar Rojo, tan pronto como el grupo se re\u00fane. Adem\u00e1s, en los hermosos corales, haces una parada. All\u00ed podr\u00e1s nadar y bucear con m\u00e1scaras y aletas.<\/li>\n<li>Despu\u00e9s de una parada as\u00ed, montar\u00e1s juguetes acu\u00e1ticos de pl\u00e1tanos y sof\u00e1s.<\/li>\n<li>Su pr\u00f3xima parada ser\u00e1 en la Isla Giftun. Te llevamos tu en lancha a motor. Tu gu\u00eda te da una idea de las posibilidades en la playa: ba\u00f1os, restaurante y toboganes para ni\u00f1os.<\/li>\n<li>En la isla pasar\u00e1s tres horas. Durante este tiempo, tendr\u00e1s tiempo suficiente para nadar y broncearte.<\/li>\n<li>El restaurante se encuentra en la propia isla. Cuando es la hora del almuerzo, el buffet se abre con un rico men\u00fa.<\/li>\n<li>Despu\u00e9s del almuerzo, ves el espect\u00e1culo de entretenimiento _ danza del vientre y fakir<\/li>\n<li>Este programa de excursiones finaliza aproximadamente a las 17:30.<\/li>\n<\/ul>\n<h4>Lo que est\u00e1 incluido en el precio del tour<\/h4>\n<ul>\n<li>Mascaras y aletas<\/li>\n<li>Comida<\/li>\n<li>Traslado al puerto y regreso al hotel.<\/li>\n<\/ul>\n<h5>Lo que no est\u00e1 incluido en el precio del tour<\/h5>\n<ul>\n<li>Video DVD<\/li>\n<li>CD de fotos<\/li>\n<\/ul>\n<h6>Que llevar contigo para el viaje<\/h6>\n<ul>\n<li>Toalla<\/li>\n<li>Protector solar<\/li>\n<\/ul>\n<h6>D\u00cdAS DE LA ORGANIZACI\u00d3N DE EXCURSIONES<\/h6>\n<ul>\n<li>Todos los d\u00edas de 08:00 a 17:00.<\/li>\n<\/ul>\n","protected":false},"excerpt":{"rendered":"<p>\u00bfEst\u00e1s listo para un viaje por mar inolvidable en Hurghada? \u00a1Te tenemos cubierto! \u00danase a nosotros en un viaje a Paradise Beach, donde podr\u00e1 disfrutar de un delicioso picnic mientras disfruta de la belleza del Mar Rojo. Date un chapuz\u00f3n en mar abierto y explora el magn\u00edfico mundo submarino con equipo de snorkel. Y si eso no es suficiente, \u00a1s\u00fabete a un juguete acu\u00e1tico de banana o sof\u00e1 y monta las olas como un profesional!<\/p>\n<p>\u00a1Pero espera hay mas! Tambi\u00e9n lo llevaremos a la impresionante isla Giftun, donde podr\u00e1 disfrutar de las arenas doradas, nadar en aguas cristalinas y tomar algunas fotograf\u00edas impresionantes. Y no te preocupes por el almuerzo; tambi\u00e9n tenemos eso cubierto. Disfrute de un fest\u00edn de buffet libre mientras admira las impresionantes vistas.<\/p>\n<p>Los ni\u00f1os se divertir\u00e1n mucho con nuestro entretenimiento en la playa, y los adultos pueden unirse a la diversi\u00f3n con juegos acu\u00e1ticos y voleibol. Y si est\u00e1 buscando una experiencia cultural, tambi\u00e9n lo tenemos cubierto. Nuestro viaje de un d\u00eda incluye espect\u00e1culos de danza del vientre y espect\u00e1culos folcl\u00f3ricos. Es la manera perfecta de pasar un d\u00eda completo frente a la costa de Hurghada.<\/p>\n<p>Todo est\u00e1 organizado para ti, as\u00ed que todo lo que tienes que hacer es sentarte, relajarte y disfrutar de la aventura. No se pierda esta oportunidad \u00fanica en la vida de explorar Paradise Island, parte del Parque Nacional de la Isla Giftun. \u00a1Reserva tu viaje hoy!<\/p>\n","protected":false},"featured_media":100475,"comment_status":"open","ping_status":"closed","template":"","meta":{"_coblocks_attr":"","_coblocks_dimensions":"","_coblocks_responsive_height":"","_coblocks_accordion_ie_support":"","_uag_custom_page_level_css":"","jetpack_publicize_message":"","jetpack_publicize_feature_enabled":true,"jetpack_social_post_already_shared":false,"jetpack_social_options":{"image_generator_settings":{"template":"highway","default_image_id":0,"font":"","enabled":false},"version":2},"_wpas_customize_per_network":false},"product_brand":[],"product_cat":[1785,1791],"product_tag":[1799,1797,2101,1808,1803,2258,1798,1802],"class_list":{"0":"post-2113","1":"product","2":"type-product","3":"status-publish","4":"has-post-thumbnail","6":"product_cat-excursiones-en-hurghada","7":"product_cat-excursiones-marinas-hurghada","8":"product_tag-snorkel","9":"product_tag-excursion-es","10":"product_tag-excursiones-marinas-en-hurghada","11":"product_tag-hurghada-es","12":"product_tag-isla","13":"product_tag-paraiso-ailand","14":"product_tag-mar","15":"product_tag-paseos-en-barco","16":"pa_age-el-adulto","17":"pa_age-nino-1-4-anos","18":"pa_age-nino-5-11-anos","20":"first","21":"instock","22":"sale","23":"purchasable","24":"product-type-variable"},"yoast_head":"<!-- This site is optimized with the Yoast SEO Premium plugin v26.9 (Yoast SEO v27.5) - https:\/\/yoast.com\/product\/yoast-seo-premium-wordpress\/ -->\n<title>Excursi\u00f3n a Paradise Beach en Hurghada<\/title>\n<meta name=\"description\" content=\"Excursi\u00f3n a Paradise Beach en Hurghada exactamente, a Paradise Beach, donde se proporcionan todas las facilidades. El almuerzo sera en la isla\" \/>\n<meta name=\"robots\" content=\"index, follow, max-snippet:-1, max-image-preview:large, max-video-preview:-1\" \/>\n<link rel=\"canonical\" href=\"https:\/\/landioustravel.com\/es\/shop\/excursion-paradise-playa-hurghada\/\" \/>\n<meta property=\"og:locale\" content=\"es_ES\" \/>\n<meta property=\"og:type\" content=\"article\" \/>\n<meta property=\"og:title\" content=\"Excursi\u00f3n a Paradise Beach en Hurghada\" \/>\n<meta property=\"og:description\" content=\"Landious Travel\" \/>\n<meta property=\"og:url\" content=\"https:\/\/landioustravel.com\/es\/shop\/excursion-paradise-playa-hurghada\/\" \/>\n<meta property=\"og:site_name\" content=\"Landious Travel\" \/>\n<meta property=\"article:publisher\" content=\"https:\/\/web.facebook.com\/landiousEgypt\" \/>\n<meta property=\"article:modified_time\" content=\"2025-10-19T17:14:54+00:00\" \/>\n<meta property=\"og:image\" content=\"https:\/\/i0.wp.com\/landioustravel.com\/wp-content\/uploads\/2018\/11\/Paradise-Island-Excursion-from-Hurghada-e1669581867502.jpg?fit=1200%2C675&ssl=1\" \/>\n\t<meta property=\"og:image:width\" content=\"1200\" \/>\n\t<meta property=\"og:image:height\" content=\"675\" \/>\n\t<meta property=\"og:image:type\" content=\"image\/jpeg\" \/>\n<meta name=\"twitter:card\" content=\"summary_large_image\" \/>\n<meta name=\"twitter:site\" content=\"@LandiousTours\" \/>\n<meta name=\"twitter:label1\" content=\"Tiempo de lectura\" \/>\n\t<meta name=\"twitter:data1\" content=\"2 minutos\" \/>\n<script type=\"application\/ld+json\" class=\"yoast-schema-graph\">{\"@context\":\"https:\\\/\\\/schema.org\",\"@graph\":[{\"@type\":\"WebPage\",\"@id\":\"https:\\\/\\\/landioustravel.com\\\/es\\\/shop\\\/excursion-paradise-playa-hurghada\\\/\",\"url\":\"https:\\\/\\\/landioustravel.com\\\/es\\\/shop\\\/excursion-paradise-playa-hurghada\\\/\",\"name\":\"Excursi\u00f3n a Paradise Beach en Hurghada\",\"isPartOf\":{\"@id\":\"https:\\\/\\\/landioustravel.com\\\/es\\\/#website\"},\"primaryImageOfPage\":{\"@id\":\"https:\\\/\\\/landioustravel.com\\\/es\\\/shop\\\/excursion-paradise-playa-hurghada\\\/#primaryimage\"},\"image\":{\"@id\":\"https:\\\/\\\/landioustravel.com\\\/es\\\/shop\\\/excursion-paradise-playa-hurghada\\\/#primaryimage\"},\"thumbnailUrl\":\"https:\\\/\\\/i0.wp.com\\\/landioustravel.com\\\/wp-content\\\/uploads\\\/2018\\\/11\\\/Paradise-Island-Excursion-from-Hurghada-e1669581867502.jpg?fit=1200%2C675&ssl=1\",\"datePublished\":\"2018-11-25T18:48:03+00:00\",\"dateModified\":\"2025-10-19T17:14:54+00:00\",\"description\":\"Excursi\u00f3n a Paradise Beach en Hurghada exactamente, a Paradise Beach, donde se proporcionan todas las facilidades. El almuerzo sera en la isla\",\"breadcrumb\":{\"@id\":\"https:\\\/\\\/landioustravel.com\\\/es\\\/shop\\\/excursion-paradise-playa-hurghada\\\/#breadcrumb\"},\"inLanguage\":\"es\",\"potentialAction\":[{\"@type\":\"ReadAction\",\"target\":[\"https:\\\/\\\/landioustravel.com\\\/es\\\/shop\\\/excursion-paradise-playa-hurghada\\\/\"]}]},{\"@type\":\"ImageObject\",\"inLanguage\":\"es\",\"@id\":\"https:\\\/\\\/landioustravel.com\\\/es\\\/shop\\\/excursion-paradise-playa-hurghada\\\/#primaryimage\",\"url\":\"https:\\\/\\\/i0.wp.com\\\/landioustravel.com\\\/wp-content\\\/uploads\\\/2018\\\/11\\\/Paradise-Island-Excursion-from-Hurghada-e1669581867502.jpg?fit=1200%2C675&ssl=1\",\"contentUrl\":\"https:\\\/\\\/i0.wp.com\\\/landioustravel.com\\\/wp-content\\\/uploads\\\/2018\\\/11\\\/Paradise-Island-Excursion-from-Hurghada-e1669581867502.jpg?fit=1200%2C675&ssl=1\",\"width\":1200,\"height\":675,\"caption\":\"Paradise Island Excursion from Hurghada\"},{\"@type\":\"BreadcrumbList\",\"@id\":\"https:\\\/\\\/landioustravel.com\\\/es\\\/shop\\\/excursion-paradise-playa-hurghada\\\/#breadcrumb\",\"itemListElement\":[{\"@type\":\"ListItem\",\"position\":1,\"name\":\"Home\",\"item\":\"https:\\\/\\\/landioustravel.com\\\/es\\\/\"},{\"@type\":\"ListItem\",\"position\":2,\"name\":\"Servicios y Tours\",\"item\":\"https:\\\/\\\/landioustravel.com\\\/es\\\/\"},{\"@type\":\"ListItem\",\"position\":3,\"name\":\"Excursi\u00f3n a Paradise Beach en Hurghada\"}]},{\"@type\":\"WebSite\",\"@id\":\"https:\\\/\\\/landioustravel.com\\\/es\\\/#website\",\"url\":\"https:\\\/\\\/landioustravel.com\\\/es\\\/\",\"name\":\"Landious Travel\",\"description\":\"Tours and Excursions in Egypt\",\"publisher\":{\"@id\":\"https:\\\/\\\/landioustravel.com\\\/es\\\/#organization\"},\"potentialAction\":[{\"@type\":\"SearchAction\",\"target\":{\"@type\":\"EntryPoint\",\"urlTemplate\":\"https:\\\/\\\/landioustravel.com\\\/es\\\/?s={search_term_string}\"},\"query-input\":{\"@type\":\"PropertyValueSpecification\",\"valueRequired\":true,\"valueName\":\"search_term_string\"}}],\"inLanguage\":\"es\"},{\"@type\":[\"Organization\",\"Place\"],\"@id\":\"https:\\\/\\\/landioustravel.com\\\/es\\\/#organization\",\"name\":\"Landious Travel\",\"alternateName\":\"Landious Travel\",\"url\":\"https:\\\/\\\/landioustravel.com\\\/es\\\/\",\"logo\":{\"@id\":\"https:\\\/\\\/landioustravel.com\\\/es\\\/shop\\\/excursion-paradise-playa-hurghada\\\/#local-main-organization-logo\"},\"image\":{\"@id\":\"https:\\\/\\\/landioustravel.com\\\/es\\\/shop\\\/excursion-paradise-playa-hurghada\\\/#local-main-organization-logo\"},\"sameAs\":[\"https:\\\/\\\/web.facebook.com\\\/landiousEgypt\",\"https:\\\/\\\/x.com\\\/LandiousTours\",\"https:\\\/\\\/mastodon.social\\\/@landious\"],\"legalName\":\"Landious Travel\",\"telephone\":[],\"openingHoursSpecification\":[{\"@type\":\"OpeningHoursSpecification\",\"dayOfWeek\":[\"Monday\",\"Tuesday\",\"Wednesday\",\"Thursday\",\"Friday\",\"Saturday\",\"Sunday\"],\"opens\":\"09:00\",\"closes\":\"17:00\"}]},{\"@type\":\"ImageObject\",\"inLanguage\":\"es\",\"@id\":\"https:\\\/\\\/landioustravel.com\\\/es\\\/shop\\\/excursion-paradise-playa-hurghada\\\/#local-main-organization-logo\",\"url\":\"https:\\\/\\\/i0.wp.com\\\/landioustravel.com\\\/wp-content\\\/uploads\\\/2021\\\/06\\\/Landious-T.png?fit=500%2C500&ssl=1\",\"contentUrl\":\"https:\\\/\\\/i0.wp.com\\\/landioustravel.com\\\/wp-content\\\/uploads\\\/2021\\\/06\\\/Landious-T.png?fit=500%2C500&ssl=1\",\"width\":500,\"height\":500,\"caption\":\"Landious Travel\"}]}<\/script>\n<!-- \/ Yoast SEO Premium plugin. -->","yoast_head_json":{"title":"Excursi\u00f3n a Paradise Beach en Hurghada","description":"Excursi\u00f3n a Paradise Beach en Hurghada exactamente, a Paradise Beach, donde se proporcionan todas las facilidades. El almuerzo sera en la isla","robots":{"index":"index","follow":"follow","max-snippet":"max-snippet:-1","max-image-preview":"max-image-preview:large","max-video-preview":"max-video-preview:-1"},"canonical":"https:\/\/landioustravel.com\/es\/shop\/excursion-paradise-playa-hurghada\/","og_locale":"es_ES","og_type":"article","og_title":"Excursi\u00f3n a Paradise Beach en Hurghada","og_description":"Landious Travel","og_url":"https:\/\/landioustravel.com\/es\/shop\/excursion-paradise-playa-hurghada\/","og_site_name":"Landious Travel","article_publisher":"https:\/\/web.facebook.com\/landiousEgypt","article_modified_time":"2025-10-19T17:14:54+00:00","og_image":[{"width":1200,"height":675,"url":"https:\/\/i0.wp.com\/landioustravel.com\/wp-content\/uploads\/2018\/11\/Paradise-Island-Excursion-from-Hurghada-e1669581867502.jpg?fit=1200%2C675&ssl=1","type":"image\/jpeg"}],"twitter_card":"summary_large_image","twitter_site":"@LandiousTours","twitter_misc":{"Tiempo de lectura":"2 minutos"},"schema":{"@context":"https:\/\/schema.org","@graph":[{"@type":"WebPage","@id":"https:\/\/landioustravel.com\/es\/shop\/excursion-paradise-playa-hurghada\/","url":"https:\/\/landioustravel.com\/es\/shop\/excursion-paradise-playa-hurghada\/","name":"Excursi\u00f3n a Paradise Beach en Hurghada","isPartOf":{"@id":"https:\/\/landioustravel.com\/es\/#website"},"primaryImageOfPage":{"@id":"https:\/\/landioustravel.com\/es\/shop\/excursion-paradise-playa-hurghada\/#primaryimage"},"image":{"@id":"https:\/\/landioustravel.com\/es\/shop\/excursion-paradise-playa-hurghada\/#primaryimage"},"thumbnailUrl":"https:\/\/i0.wp.com\/landioustravel.com\/wp-content\/uploads\/2018\/11\/Paradise-Island-Excursion-from-Hurghada-e1669581867502.jpg?fit=1200%2C675&ssl=1","datePublished":"2018-11-25T18:48:03+00:00","dateModified":"2025-10-19T17:14:54+00:00","description":"Excursi\u00f3n a Paradise Beach en Hurghada exactamente, a Paradise Beach, donde se proporcionan todas las facilidades. El almuerzo sera en la isla","breadcrumb":{"@id":"https:\/\/landioustravel.com\/es\/shop\/excursion-paradise-playa-hurghada\/#breadcrumb"},"inLanguage":"es","potentialAction":[{"@type":"ReadAction","target":["https:\/\/landioustravel.com\/es\/shop\/excursion-paradise-playa-hurghada\/"]}]},{"@type":"ImageObject","inLanguage":"es","@id":"https:\/\/landioustravel.com\/es\/shop\/excursion-paradise-playa-hurghada\/#primaryimage","url":"https:\/\/i0.wp.com\/landioustravel.com\/wp-content\/uploads\/2018\/11\/Paradise-Island-Excursion-from-Hurghada-e1669581867502.jpg?fit=1200%2C675&ssl=1","contentUrl":"https:\/\/i0.wp.com\/landioustravel.com\/wp-content\/uploads\/2018\/11\/Paradise-Island-Excursion-from-Hurghada-e1669581867502.jpg?fit=1200%2C675&ssl=1","width":1200,"height":675,"caption":"Paradise Island Excursion from Hurghada"},{"@type":"BreadcrumbList","@id":"https:\/\/landioustravel.com\/es\/shop\/excursion-paradise-playa-hurghada\/#breadcrumb","itemListElement":[{"@type":"ListItem","position":1,"name":"Home","item":"https:\/\/landioustravel.com\/es\/"},{"@type":"ListItem","position":2,"name":"Servicios y Tours","item":"https:\/\/landioustravel.com\/es\/"},{"@type":"ListItem","position":3,"name":"Excursi\u00f3n a Paradise Beach en Hurghada"}]},{"@type":"WebSite","@id":"https:\/\/landioustravel.com\/es\/#website","url":"https:\/\/landioustravel.com\/es\/","name":"Landious Travel","description":"Tours and Excursions in Egypt","publisher":{"@id":"https:\/\/landioustravel.com\/es\/#organization"},"potentialAction":[{"@type":"SearchAction","target":{"@type":"EntryPoint","urlTemplate":"https:\/\/landioustravel.com\/es\/?s={search_term_string}"},"query-input":{"@type":"PropertyValueSpecification","valueRequired":true,"valueName":"search_term_string"}}],"inLanguage":"es"},{"@type":["Organization","Place"],"@id":"https:\/\/landioustravel.com\/es\/#organization","name":"Landious Travel","alternateName":"Landious Travel","url":"https:\/\/landioustravel.com\/es\/","logo":{"@id":"https:\/\/landioustravel.com\/es\/shop\/excursion-paradise-playa-hurghada\/#local-main-organization-logo"},"image":{"@id":"https:\/\/landioustravel.com\/es\/shop\/excursion-paradise-playa-hurghada\/#local-main-organization-logo"},"sameAs":["https:\/\/web.facebook.com\/landiousEgypt","https:\/\/x.com\/LandiousTours","https:\/\/mastodon.social\/@landious"],"legalName":"Landious Travel","telephone":[],"openingHoursSpecification":[{"@type":"OpeningHoursSpecification","dayOfWeek":["Monday","Tuesday","Wednesday","Thursday","Friday","Saturday","Sunday"],"opens":"09:00","closes":"17:00"}]},{"@type":"ImageObject","inLanguage":"es","@id":"https:\/\/landioustravel.com\/es\/shop\/excursion-paradise-playa-hurghada\/#local-main-organization-logo","url":"https:\/\/i0.wp.com\/landioustravel.com\/wp-content\/uploads\/2021\/06\/Landious-T.png?fit=500%2C500&ssl=1","contentUrl":"https:\/\/i0.wp.com\/landioustravel.com\/wp-content\/uploads\/2021\/06\/Landious-T.png?fit=500%2C500&ssl=1","width":500,"height":500,"caption":"Landious Travel"}]}},"jetpack_publicize_connections":[],"uagb_featured_image_src":{"full":["https:\/\/i0.wp.com\/landioustravel.com\/wp-content\/uploads\/2018\/11\/Paradise-Island-Excursion-from-Hurghada-e1669581867502.jpg?fit=1200%2C675&ssl=1",1200,675,false],"thumbnail":["https:\/\/i0.wp.com\/landioustravel.com\/wp-content\/uploads\/2018\/11\/Paradise-Island-Excursion-from-Hurghada-e1669581867502.jpg?resize=150%2C150&ssl=1",150,150,true],"medium":["https:\/\/i0.wp.com\/landioustravel.com\/wp-content\/uploads\/2018\/11\/Paradise-Island-Excursion-from-Hurghada-e1669581867502.jpg?fit=300%2C169&ssl=1",300,169,true],"medium_large":["https:\/\/i0.wp.com\/landioustravel.com\/wp-content\/uploads\/2018\/11\/Paradise-Island-Excursion-from-Hurghada-e1669581867502.jpg?fit=768%2C432&ssl=1",768,432,true],"large":["https:\/\/i0.wp.com\/landioustravel.com\/wp-content\/uploads\/2018\/11\/Paradise-Island-Excursion-from-Hurghada-e1669581867502.jpg?fit=980%2C551&ssl=1",980,551,true],"1536x1536":["https:\/\/i0.wp.com\/landioustravel.com\/wp-content\/uploads\/2018\/11\/Paradise-Island-Excursion-from-Hurghada-e1669581867502.jpg?fit=1200%2C675&ssl=1",1200,675,true],"2048x2048":["https:\/\/i0.wp.com\/landioustravel.com\/wp-content\/uploads\/2018\/11\/Paradise-Island-Excursion-from-Hurghada-e1669581867502.jpg?fit=1200%2C675&ssl=1",1200,675,true],"newspack-article-block-landscape-large":["https:\/\/i0.wp.com\/landioustravel.com\/wp-content\/uploads\/2018\/11\/Paradise-Island-Excursion-from-Hurghada-e1669581867502.jpg?resize=1200%2C675&ssl=1",1200,675,true],"newspack-article-block-portrait-large":["https:\/\/i0.wp.com\/landioustravel.com\/wp-content\/uploads\/2018\/11\/Paradise-Island-Excursion-from-Hurghada-e1669581867502.jpg?resize=900%2C675&ssl=1",900,675,true],"newspack-article-block-square-large":["https:\/\/i0.wp.com\/landioustravel.com\/wp-content\/uploads\/2018\/11\/Paradise-Island-Excursion-from-Hurghada-e1669581867502.jpg?resize=1200%2C675&ssl=1",1200,675,true],"newspack-article-block-landscape-medium":["https:\/\/i0.wp.com\/landioustravel.com\/wp-content\/uploads\/2018\/11\/Paradise-Island-Excursion-from-Hurghada-e1669581867502.jpg?resize=800%2C600&ssl=1",800,600,true],"newspack-article-block-portrait-medium":["https:\/\/i0.wp.com\/landioustravel.com\/wp-content\/uploads\/2018\/11\/Paradise-Island-Excursion-from-Hurghada-e1669581867502.jpg?resize=600%2C675&ssl=1",600,675,true],"newspack-article-block-square-medium":["https:\/\/i0.wp.com\/landioustravel.com\/wp-content\/uploads\/2018\/11\/Paradise-Island-Excursion-from-Hurghada-e1669581867502.jpg?resize=800%2C675&ssl=1",800,675,true],"newspack-article-block-landscape-intermediate":["https:\/\/i0.wp.com\/landioustravel.com\/wp-content\/uploads\/2018\/11\/Paradise-Island-Excursion-from-Hurghada-e1669581867502.jpg?resize=600%2C450&ssl=1",600,450,true],"newspack-article-block-portrait-intermediate":["https:\/\/i0.wp.com\/landioustravel.com\/wp-content\/uploads\/2018\/11\/Paradise-Island-Excursion-from-Hurghada-e1669581867502.jpg?resize=450%2C600&ssl=1",450,600,true],"newspack-article-block-square-intermediate":["https:\/\/i0.wp.com\/landioustravel.com\/wp-content\/uploads\/2018\/11\/Paradise-Island-Excursion-from-Hurghada-e1669581867502.jpg?resize=600%2C600&ssl=1",600,600,true],"newspack-article-block-landscape-small":["https:\/\/i0.wp.com\/landioustravel.com\/wp-content\/uploads\/2018\/11\/Paradise-Island-Excursion-from-Hurghada-e1669581867502.jpg?resize=400%2C300&ssl=1",400,300,true],"newspack-article-block-portrait-small":["https:\/\/i0.wp.com\/landioustravel.com\/wp-content\/uploads\/2018\/11\/Paradise-Island-Excursion-from-Hurghada-e1669581867502.jpg?resize=300%2C400&ssl=1",300,400,true],"newspack-article-block-square-small":["https:\/\/i0.wp.com\/landioustravel.com\/wp-content\/uploads\/2018\/11\/Paradise-Island-Excursion-from-Hurghada-e1669581867502.jpg?resize=400%2C400&ssl=1",400,400,true],"newspack-article-block-landscape-tiny":["https:\/\/i0.wp.com\/landioustravel.com\/wp-content\/uploads\/2018\/11\/Paradise-Island-Excursion-from-Hurghada-e1669581867502.jpg?resize=200%2C150&ssl=1",200,150,true],"newspack-article-block-portrait-tiny":["https:\/\/i0.wp.com\/landioustravel.com\/wp-content\/uploads\/2018\/11\/Paradise-Island-Excursion-from-Hurghada-e1669581867502.jpg?resize=150%2C200&ssl=1",150,200,true],"newspack-article-block-square-tiny":["https:\/\/i0.wp.com\/landioustravel.com\/wp-content\/uploads\/2018\/11\/Paradise-Island-Excursion-from-Hurghada-e1669581867502.jpg?resize=200%2C200&ssl=1",200,200,true],"newspack-article-block-uncropped":["https:\/\/i0.wp.com\/landioustravel.com\/wp-content\/uploads\/2018\/11\/Paradise-Island-Excursion-from-Hurghada-e1669581867502.jpg?fit=1200%2C675&ssl=1",1200,675,true],"woocommerce_thumbnail":["https:\/\/i0.wp.com\/landioustravel.com\/wp-content\/uploads\/2018\/11\/Paradise-Island-Excursion-from-Hurghada-e1669581867502.jpg?resize=324%2C324&ssl=1",324,324,true],"woocommerce_single":["https:\/\/i0.wp.com\/landioustravel.com\/wp-content\/uploads\/2018\/11\/Paradise-Island-Excursion-from-Hurghada-e1669581867502.jpg?fit=416%2C234&ssl=1",416,234,true],"woocommerce_gallery_thumbnail":["https:\/\/i0.wp.com\/landioustravel.com\/wp-content\/uploads\/2018\/11\/Paradise-Island-Excursion-from-Hurghada-e1669581867502.jpg?resize=100%2C100&ssl=1",100,100,true]},"uagb_author_info":{"display_name":"Mofreh Landious","author_link":"https:\/\/landioustravel.com\/es\/author\/"},"uagb_comment_info":7,"uagb_excerpt":"\u00bfEst\u00e1s listo para un viaje por mar inolvidable en Hurghada? \u00a1Te tenemos cubierto! \u00danase a nosotros en un viaje a Paradise Beach, donde podr\u00e1 disfrutar de un delicioso picnic mientras disfruta de la belleza del Mar Rojo. Date un chapuz\u00f3n en mar abierto y explora el magn\u00edfico mundo submarino con equipo de snorkel. Y si&hellip;","jetpack_sharing_enabled":true,"jetpack_likes_enabled":true,"amp_enabled":true,"_links":{"self":[{"href":"https:\/\/landioustravel.com\/es\/wp-json\/wp\/v2\/product\/2113","targetHints":{"allow":["GET"]}}],"collection":[{"href":"https:\/\/landioustravel.com\/es\/wp-json\/wp\/v2\/product"}],"about":[{"href":"https:\/\/landioustravel.com\/es\/wp-json\/wp\/v2\/types\/product"}],"replies":[{"embeddable":true,"href":"https:\/\/landioustravel.com\/es\/wp-json\/wp\/v2\/comments?post=2113"}],"wp:featuredmedia":[{"embeddable":true,"href":"https:\/\/landioustravel.com\/es\/wp-json\/wp\/v2\/media\/100475"}],"wp:attachment":[{"href":"https:\/\/landioustravel.com\/es\/wp-json\/wp\/v2\/media?parent=2113"}],"wp:term":[{"taxonomy":"product_brand","embeddable":true,"href":"https:\/\/landioustravel.com\/es\/wp-json\/wp\/v2\/product_brand?post=2113"},{"taxonomy":"product_cat","embeddable":true,"href":"https:\/\/landioustravel.com\/es\/wp-json\/wp\/v2\/product_cat?post=2113"},{"taxonomy":"product_tag","embeddable":true,"href":"https:\/\/landioustravel.com\/es\/wp-json\/wp\/v2\/product_tag?post=2113"}],"curies":[{"name":"wp","href":"https:\/\/api.w.org\/{rel}","templated":true}]}}