{"id":2115,"date":"2018-11-24T23:26:03","date_gmt":"2018-11-24T21:26:03","guid":{"rendered":"https:\/\/landioustravel.com\/product\/excursion-mega-safari-en-hurghada\/"},"modified":"2026-03-14T19:14:12","modified_gmt":"2026-03-14T17:14:12","slug":"excursion-mega-safari-en-hurghada","status":"publish","type":"product","link":"https:\/\/landioustravel.com\/es\/shop\/excursion-mega-safari-en-hurghada\/","title":{"rendered":"Excursi\u00f3n Mega-Safari en Hurghada"},"content":{"rendered":"<p>La excursi\u00f3n m\u00e1s activa en el safari por el desierto en Hurghada! Recomendamos el viaje porque permite a los turistas montar en quad por una distancia de 50 km. Adem\u00e1s, el viaje te da la oportunidad de ver el desierto y conocer la cultura beduina. Incluye una visita al pueblo beduino, obtienes m\u00e1s entretenimientos.<\/p>\n<h2>Los principales puntos del programa de excursiones para Mega-Safari<\/h2>\n<ul>\n<li>Montando en quad para una distancia de 50 km a trav\u00e9s del desierto.<\/li>\n<li>Luego, camello y buggy a caballo.<\/li>\n<li>A continuaci\u00f3n, observando el terrario.<\/li>\n<li>Y, visitando el pueblo beduino.<\/li>\n<li>A\u00fan as\u00ed, tendr\u00e1s tiempo para cenar, y bailes orientales.<\/li>\n<\/ul>\n<h3>El programa de excursiones Mega-safari desde Hurghada<\/h3>\n<ul>\n<li>Te recogemos del hotel a las 13:00 aproximadamente.<\/li>\n<li>Despu\u00e9s de llevar a todos los interesados, nuestro minib\u00fas \/ Jeep se dirige hacia el desierto, donde hay una base de quads. El camino a la base dura unos 25 minutos.<\/li>\n<li>Primero, tendr\u00e1 que prepararse con gafas de sol, enrollarse una bufanda en la cabeza y ponerse un casco.<\/li>\n<li>Segundo, hay instrucci\u00f3n y entrenamiento en quads por un poco de tiempo.<\/li>\n<li>A continuaci\u00f3n, conduzca 25 km por el desierto hasta el pueblo beduino.<\/li>\n<li>Tan pronto como llegues al pueblo beduino, puedes montar en camello. Adem\u00e1s, puedes tomar fotos con beduinos.<\/li>\n<li>Luego, te montas en buggy durante unos 10 minutos.<\/li>\n<li>Despu\u00e9s de eso, visita el terrario.<\/li>\n<li>Adem\u00e1s, la gu\u00eda te acompa\u00f1a al pueblo beduino. Muestra c\u00f3mo los beduinos cocinan el pan y c\u00f3mo se visten.<\/li>\n<li>En la carpa beduina, tendr\u00e1s que cenar. A\u00fan as\u00ed, ves las danzas orientales, y las estrellas a trav\u00e9s de un telescopio.<\/li>\n<li>Finalmente, te preparas para retroceder 25 km hasta la base.<\/li>\n<\/ul>\n<h4>Lo que est\u00e1 incluido en el precio del viaje<\/h4>\n<ul>\n<li>Almuerzo<\/li>\n<li>Y, traslado al desierto y regreso al hotel.<\/li>\n<\/ul>\n<h5>Lo que no est\u00e1 incluido en el precio del viaje<\/h5>\n<ul>\n<li>Video DVD<\/li>\n<li>Y, foto cd<\/li>\n<\/ul>\n<h6>QU\u00c9 TOMAR CON USTED PARA EL VIAJE<\/h6>\n<ul>\n<li>Bufanda<\/li>\n<li>Y gafas de sol<\/li>\n<\/ul>\n<h6>D\u00cdAS DE LA ORGANIZACI\u00d3N DE EXCURSIONES<\/h6>\n<ul>\n<li>Todos los d\u00edas de 13:00 a 19:00.<\/li>\n<\/ul>\n","protected":false},"excerpt":{"rendered":"<p>Si est\u00e1 buscando una aventura emocionante, el desierto de Hurghada es el patio de recreo perfecto para los veh\u00edculos todo terreno. Tendr\u00e1s mucho espacio para acelerar y levantar un poco de arena. \u00bfLa mejor parte? No tendr\u00e1s que preocuparte por organizar nada. Sum\u00e9rgete en la cultura beduina mientras disfrutas del terreno en esta escapada en cuatrimoto. Despu\u00e9s de recibir instrucciones, atraviese las arenas hasta un pueblo beduino donde podr\u00e1 conversar con los amables lugare\u00f1os, montar en camello, contemplar la puesta de sol y disfrutar de la cena. Antes de que te des cuenta, estar\u00e1s regresando a la base en tu propio veh\u00edculo todo terreno. Este recorrido desde Hurghada es la forma m\u00e1s f\u00e1cil de probar la conducci\u00f3n de veh\u00edculos todo terreno, ya que el equipo y la gu\u00eda est\u00e1n incluidos. Disfrute de la comodidad del transporte de regreso y la recogida y devoluci\u00f3n en el hotel.<\/p>\n<p>Por la tarde, pasaremos a recogeros por vuestro hotel de Hurghada y os llevaremos en un veh\u00edculo con aire acondicionado al desierto m\u00e1s cercano al complejo. A medida que se acerque a la estaci\u00f3n de quads, quedar\u00e1 hipnotizado por las \u00e1ridas monta\u00f1as y llanuras. Antes de comenzar su emocionante viaje, escuche un informe de seguridad y aprenda las reglas de manejo todoterreno de un instructor experto. Una vez que est\u00e9 listo, s\u00fabase a su resistente bicicleta de 4 ruedas, p\u00f3ngase el casco provisto y obtenga instrucciones sobre c\u00f3mo operar los controles. A medida que siga a su gu\u00eda en convoy a trav\u00e9s de las arenas, su confianza aumentar\u00e1 y aumentar\u00e1 su velocidad en el camino. Levanta un poco de polvo y disfruta del paisaje mientras corres por las arenas del desierto y el terreno escarpado hacia un pueblo beduino. Despu\u00e9s de recorrer aproximadamente 28 millas (45,06 km), llegar\u00e1 al asentamiento. All\u00ed, puedes compartir un t\u00e9 refrescante, fumar una shisha, montar en camello y disfrutar de una cena con los amables lugare\u00f1os. Finalmente, suba a una de las dunas ondulantes para tomar fotos de la puesta de sol en el desierto antes de regresar a su quad y regresar a la base. Te dejaremos en tu hotel para concluir tu experiencia.<\/p>\n<p>Si est\u00e1 buscando un extenso safari por el Sahara en Hurghada, Hurghada Mega-Safari es su mejor opci\u00f3n. Principalmente montar\u00e1s en quads y buggies, pero hay otros planes de entretenimiento, como montar en camello y ver el terrario. Este safari tambi\u00e9n te brinda la oportunidad de conocer a los beduinos y aprender sobre su cultura. Disfrutar\u00e1 de una cena y bailes folcl\u00f3ricos en una tienda beduina, lo que la convierte en una experiencia integral.<\/p>\n","protected":false},"featured_media":2116,"comment_status":"open","ping_status":"closed","template":"","meta":{"_coblocks_attr":"","_coblocks_dimensions":"","_coblocks_responsive_height":"","_coblocks_accordion_ie_support":"","_uag_custom_page_level_css":"","jetpack_post_was_ever_published":false,"jetpack_publicize_message":"","jetpack_publicize_feature_enabled":true,"jetpack_social_post_already_shared":false,"jetpack_social_options":{"image_generator_settings":{"template":"highway","default_image_id":0,"font":"","enabled":false},"version":2},"_wpas_customize_per_network":false},"product_brand":[],"product_cat":[1790,1785],"product_tag":[1797,1808,2182,1834,1813],"class_list":{"0":"post-2115","1":"product","2":"type-product","3":"status-publish","4":"has-post-thumbnail","6":"product_cat-excursiones-safari-desierto-hurghada","7":"product_cat-excursiones-en-hurghada","8":"product_tag-excursion-es","9":"product_tag-hurghada-es","10":"product_tag-paseos-en-quads","11":"product_tag-safari-es","12":"product_tag-safari-en-el-desierto","14":"first","15":"instock","16":"sale","17":"purchasable","18":"product-type-variable"},"yoast_head":"<!-- This site is optimized with the Yoast SEO Premium plugin v26.9 (Yoast SEO v27.3) - https:\/\/yoast.com\/product\/yoast-seo-premium-wordpress\/ -->\n<title>Excursi\u00f3n Mega-Safari en Hurghada<\/title>\n<meta name=\"description\" content=\"Excursi\u00f3n Mega-Safari en Hurghada andar en quad, camello y buggy, visitar el terrario y los beduinos antiguos. El programa incluye cena y baile.\" \/>\n<meta name=\"robots\" content=\"index, follow, max-snippet:-1, max-image-preview:large, max-video-preview:-1\" \/>\n<link rel=\"canonical\" href=\"https:\/\/landioustravel.com\/es\/shop\/excursion-mega-safari-en-hurghada\/\" \/>\n<meta property=\"og:locale\" content=\"es_ES\" \/>\n<meta property=\"og:type\" content=\"article\" \/>\n<meta property=\"og:title\" content=\"Excursi\u00f3n Mega-Safari en Hurghada\" \/>\n<meta property=\"og:description\" content=\"Landious Travel\" \/>\n<meta property=\"og:url\" content=\"https:\/\/landioustravel.com\/es\/shop\/excursion-mega-safari-en-hurghada\/\" \/>\n<meta property=\"og:site_name\" content=\"Landious Travel\" \/>\n<meta property=\"article:publisher\" content=\"https:\/\/web.facebook.com\/landiousEgypt\" \/>\n<meta property=\"article:modified_time\" content=\"2026-03-14T17:14:12+00:00\" \/>\n<meta property=\"og:image\" content=\"https:\/\/i0.wp.com\/landioustravel.com\/wp-content\/uploads\/2019\/02\/Excursi\u00f3n_Mega-Safari_en_Hurghada-e1552766478259.jpg?fit=1200%2C673&ssl=1\" \/>\n\t<meta property=\"og:image:width\" content=\"1200\" \/>\n\t<meta property=\"og:image:height\" content=\"673\" \/>\n\t<meta property=\"og:image:type\" content=\"image\/jpeg\" \/>\n<meta name=\"twitter:card\" content=\"summary_large_image\" \/>\n<meta name=\"twitter:site\" content=\"@LandiousTours\" \/>\n<meta name=\"twitter:label1\" content=\"Tiempo de lectura\" \/>\n\t<meta name=\"twitter:data1\" content=\"5 minutos\" \/>\n<script type=\"application\/ld+json\" class=\"yoast-schema-graph\">{\"@context\":\"https:\\\/\\\/schema.org\",\"@graph\":[{\"@type\":\"WebPage\",\"@id\":\"https:\\\/\\\/landioustravel.com\\\/es\\\/shop\\\/excursion-mega-safari-en-hurghada\\\/\",\"url\":\"https:\\\/\\\/landioustravel.com\\\/es\\\/shop\\\/excursion-mega-safari-en-hurghada\\\/\",\"name\":\"Excursi\u00f3n Mega-Safari en Hurghada\",\"isPartOf\":{\"@id\":\"https:\\\/\\\/landioustravel.com\\\/es\\\/#website\"},\"primaryImageOfPage\":{\"@id\":\"https:\\\/\\\/landioustravel.com\\\/es\\\/shop\\\/excursion-mega-safari-en-hurghada\\\/#primaryimage\"},\"image\":{\"@id\":\"https:\\\/\\\/landioustravel.com\\\/es\\\/shop\\\/excursion-mega-safari-en-hurghada\\\/#primaryimage\"},\"thumbnailUrl\":\"https:\\\/\\\/i0.wp.com\\\/landioustravel.com\\\/wp-content\\\/uploads\\\/2019\\\/02\\\/Excursi%C3%B3n_Mega-Safari_en_Hurghada-e1552766478259.jpg?fit=1200%2C673&ssl=1\",\"datePublished\":\"2018-11-24T21:26:03+00:00\",\"dateModified\":\"2026-03-14T17:14:12+00:00\",\"description\":\"Excursi\u00f3n Mega-Safari en Hurghada andar en quad, camello y buggy, visitar el terrario y los beduinos antiguos. El programa incluye cena y baile.\",\"breadcrumb\":{\"@id\":\"https:\\\/\\\/landioustravel.com\\\/es\\\/shop\\\/excursion-mega-safari-en-hurghada\\\/#breadcrumb\"},\"inLanguage\":\"es\",\"potentialAction\":[{\"@type\":\"ReadAction\",\"target\":[\"https:\\\/\\\/landioustravel.com\\\/es\\\/shop\\\/excursion-mega-safari-en-hurghada\\\/\"]}]},{\"@type\":\"ImageObject\",\"inLanguage\":\"es\",\"@id\":\"https:\\\/\\\/landioustravel.com\\\/es\\\/shop\\\/excursion-mega-safari-en-hurghada\\\/#primaryimage\",\"url\":\"https:\\\/\\\/i0.wp.com\\\/landioustravel.com\\\/wp-content\\\/uploads\\\/2019\\\/02\\\/Excursi%C3%B3n_Mega-Safari_en_Hurghada-e1552766478259.jpg?fit=1200%2C673&ssl=1\",\"contentUrl\":\"https:\\\/\\\/i0.wp.com\\\/landioustravel.com\\\/wp-content\\\/uploads\\\/2019\\\/02\\\/Excursi%C3%B3n_Mega-Safari_en_Hurghada-e1552766478259.jpg?fit=1200%2C673&ssl=1\",\"width\":1200,\"height\":673,\"caption\":\"Excursiones hist\u00f3ricas desde Sharm el Sheikh\"},{\"@type\":\"BreadcrumbList\",\"@id\":\"https:\\\/\\\/landioustravel.com\\\/es\\\/shop\\\/excursion-mega-safari-en-hurghada\\\/#breadcrumb\",\"itemListElement\":[{\"@type\":\"ListItem\",\"position\":1,\"name\":\"Home\",\"item\":\"https:\\\/\\\/landioustravel.com\\\/es\\\/\"},{\"@type\":\"ListItem\",\"position\":2,\"name\":\"Servicios y Tours\",\"item\":\"https:\\\/\\\/landioustravel.com\\\/es\\\/\"},{\"@type\":\"ListItem\",\"position\":3,\"name\":\"Excursi\u00f3n Mega-Safari en Hurghada\"}]},{\"@type\":\"WebSite\",\"@id\":\"https:\\\/\\\/landioustravel.com\\\/es\\\/#website\",\"url\":\"https:\\\/\\\/landioustravel.com\\\/es\\\/\",\"name\":\"Landious Travel\",\"description\":\"Tours and Excursions in Egypt\",\"publisher\":{\"@id\":\"https:\\\/\\\/landioustravel.com\\\/es\\\/#organization\"},\"potentialAction\":[{\"@type\":\"SearchAction\",\"target\":{\"@type\":\"EntryPoint\",\"urlTemplate\":\"https:\\\/\\\/landioustravel.com\\\/es\\\/?s={search_term_string}\"},\"query-input\":{\"@type\":\"PropertyValueSpecification\",\"valueRequired\":true,\"valueName\":\"search_term_string\"}}],\"inLanguage\":\"es\"},{\"@type\":[\"Organization\",\"Place\"],\"@id\":\"https:\\\/\\\/landioustravel.com\\\/es\\\/#organization\",\"name\":\"Landious Travel\",\"alternateName\":\"Landious Travel\",\"url\":\"https:\\\/\\\/landioustravel.com\\\/es\\\/\",\"logo\":{\"@id\":\"https:\\\/\\\/landioustravel.com\\\/es\\\/shop\\\/excursion-mega-safari-en-hurghada\\\/#local-main-organization-logo\"},\"image\":{\"@id\":\"https:\\\/\\\/landioustravel.com\\\/es\\\/shop\\\/excursion-mega-safari-en-hurghada\\\/#local-main-organization-logo\"},\"sameAs\":[\"https:\\\/\\\/web.facebook.com\\\/landiousEgypt\",\"https:\\\/\\\/x.com\\\/LandiousTours\",\"https:\\\/\\\/mastodon.social\\\/@landious\"],\"legalName\":\"Landious Travel\",\"telephone\":[],\"openingHoursSpecification\":[{\"@type\":\"OpeningHoursSpecification\",\"dayOfWeek\":[\"Monday\",\"Tuesday\",\"Wednesday\",\"Thursday\",\"Friday\",\"Saturday\",\"Sunday\"],\"opens\":\"09:00\",\"closes\":\"17:00\"}]},{\"@type\":\"ImageObject\",\"inLanguage\":\"es\",\"@id\":\"https:\\\/\\\/landioustravel.com\\\/es\\\/shop\\\/excursion-mega-safari-en-hurghada\\\/#local-main-organization-logo\",\"url\":\"https:\\\/\\\/i0.wp.com\\\/landioustravel.com\\\/wp-content\\\/uploads\\\/2021\\\/06\\\/Landious-T.png?fit=500%2C500&ssl=1\",\"contentUrl\":\"https:\\\/\\\/i0.wp.com\\\/landioustravel.com\\\/wp-content\\\/uploads\\\/2021\\\/06\\\/Landious-T.png?fit=500%2C500&ssl=1\",\"width\":500,\"height\":500,\"caption\":\"Landious Travel\"}]}<\/script>\n<!-- \/ Yoast SEO Premium plugin. -->","yoast_head_json":{"title":"Excursi\u00f3n Mega-Safari en Hurghada","description":"Excursi\u00f3n Mega-Safari en Hurghada andar en quad, camello y buggy, visitar el terrario y los beduinos antiguos. El programa incluye cena y baile.","robots":{"index":"index","follow":"follow","max-snippet":"max-snippet:-1","max-image-preview":"max-image-preview:large","max-video-preview":"max-video-preview:-1"},"canonical":"https:\/\/landioustravel.com\/es\/shop\/excursion-mega-safari-en-hurghada\/","og_locale":"es_ES","og_type":"article","og_title":"Excursi\u00f3n Mega-Safari en Hurghada","og_description":"Landious Travel","og_url":"https:\/\/landioustravel.com\/es\/shop\/excursion-mega-safari-en-hurghada\/","og_site_name":"Landious Travel","article_publisher":"https:\/\/web.facebook.com\/landiousEgypt","article_modified_time":"2026-03-14T17:14:12+00:00","og_image":[{"width":1200,"height":673,"url":"https:\/\/i0.wp.com\/landioustravel.com\/wp-content\/uploads\/2019\/02\/Excursi\u00f3n_Mega-Safari_en_Hurghada-e1552766478259.jpg?fit=1200%2C673&ssl=1","type":"image\/jpeg"}],"twitter_card":"summary_large_image","twitter_site":"@LandiousTours","twitter_misc":{"Tiempo de lectura":"5 minutos"},"schema":{"@context":"https:\/\/schema.org","@graph":[{"@type":"WebPage","@id":"https:\/\/landioustravel.com\/es\/shop\/excursion-mega-safari-en-hurghada\/","url":"https:\/\/landioustravel.com\/es\/shop\/excursion-mega-safari-en-hurghada\/","name":"Excursi\u00f3n Mega-Safari en Hurghada","isPartOf":{"@id":"https:\/\/landioustravel.com\/es\/#website"},"primaryImageOfPage":{"@id":"https:\/\/landioustravel.com\/es\/shop\/excursion-mega-safari-en-hurghada\/#primaryimage"},"image":{"@id":"https:\/\/landioustravel.com\/es\/shop\/excursion-mega-safari-en-hurghada\/#primaryimage"},"thumbnailUrl":"https:\/\/i0.wp.com\/landioustravel.com\/wp-content\/uploads\/2019\/02\/Excursi%C3%B3n_Mega-Safari_en_Hurghada-e1552766478259.jpg?fit=1200%2C673&ssl=1","datePublished":"2018-11-24T21:26:03+00:00","dateModified":"2026-03-14T17:14:12+00:00","description":"Excursi\u00f3n Mega-Safari en Hurghada andar en quad, camello y buggy, visitar el terrario y los beduinos antiguos. El programa incluye cena y baile.","breadcrumb":{"@id":"https:\/\/landioustravel.com\/es\/shop\/excursion-mega-safari-en-hurghada\/#breadcrumb"},"inLanguage":"es","potentialAction":[{"@type":"ReadAction","target":["https:\/\/landioustravel.com\/es\/shop\/excursion-mega-safari-en-hurghada\/"]}]},{"@type":"ImageObject","inLanguage":"es","@id":"https:\/\/landioustravel.com\/es\/shop\/excursion-mega-safari-en-hurghada\/#primaryimage","url":"https:\/\/i0.wp.com\/landioustravel.com\/wp-content\/uploads\/2019\/02\/Excursi%C3%B3n_Mega-Safari_en_Hurghada-e1552766478259.jpg?fit=1200%2C673&ssl=1","contentUrl":"https:\/\/i0.wp.com\/landioustravel.com\/wp-content\/uploads\/2019\/02\/Excursi%C3%B3n_Mega-Safari_en_Hurghada-e1552766478259.jpg?fit=1200%2C673&ssl=1","width":1200,"height":673,"caption":"Excursiones hist\u00f3ricas desde Sharm el Sheikh"},{"@type":"BreadcrumbList","@id":"https:\/\/landioustravel.com\/es\/shop\/excursion-mega-safari-en-hurghada\/#breadcrumb","itemListElement":[{"@type":"ListItem","position":1,"name":"Home","item":"https:\/\/landioustravel.com\/es\/"},{"@type":"ListItem","position":2,"name":"Servicios y Tours","item":"https:\/\/landioustravel.com\/es\/"},{"@type":"ListItem","position":3,"name":"Excursi\u00f3n Mega-Safari en Hurghada"}]},{"@type":"WebSite","@id":"https:\/\/landioustravel.com\/es\/#website","url":"https:\/\/landioustravel.com\/es\/","name":"Landious Travel","description":"Tours and Excursions in Egypt","publisher":{"@id":"https:\/\/landioustravel.com\/es\/#organization"},"potentialAction":[{"@type":"SearchAction","target":{"@type":"EntryPoint","urlTemplate":"https:\/\/landioustravel.com\/es\/?s={search_term_string}"},"query-input":{"@type":"PropertyValueSpecification","valueRequired":true,"valueName":"search_term_string"}}],"inLanguage":"es"},{"@type":["Organization","Place"],"@id":"https:\/\/landioustravel.com\/es\/#organization","name":"Landious Travel","alternateName":"Landious Travel","url":"https:\/\/landioustravel.com\/es\/","logo":{"@id":"https:\/\/landioustravel.com\/es\/shop\/excursion-mega-safari-en-hurghada\/#local-main-organization-logo"},"image":{"@id":"https:\/\/landioustravel.com\/es\/shop\/excursion-mega-safari-en-hurghada\/#local-main-organization-logo"},"sameAs":["https:\/\/web.facebook.com\/landiousEgypt","https:\/\/x.com\/LandiousTours","https:\/\/mastodon.social\/@landious"],"legalName":"Landious Travel","telephone":[],"openingHoursSpecification":[{"@type":"OpeningHoursSpecification","dayOfWeek":["Monday","Tuesday","Wednesday","Thursday","Friday","Saturday","Sunday"],"opens":"09:00","closes":"17:00"}]},{"@type":"ImageObject","inLanguage":"es","@id":"https:\/\/landioustravel.com\/es\/shop\/excursion-mega-safari-en-hurghada\/#local-main-organization-logo","url":"https:\/\/i0.wp.com\/landioustravel.com\/wp-content\/uploads\/2021\/06\/Landious-T.png?fit=500%2C500&ssl=1","contentUrl":"https:\/\/i0.wp.com\/landioustravel.com\/wp-content\/uploads\/2021\/06\/Landious-T.png?fit=500%2C500&ssl=1","width":500,"height":500,"caption":"Landious Travel"}]}},"jetpack_publicize_connections":[],"uagb_featured_image_src":{"full":["https:\/\/i0.wp.com\/landioustravel.com\/wp-content\/uploads\/2019\/02\/Excursi%C3%B3n_Mega-Safari_en_Hurghada-e1552766478259.jpg?fit=1200%2C673&ssl=1",1200,673,false],"thumbnail":["https:\/\/i0.wp.com\/landioustravel.com\/wp-content\/uploads\/2019\/02\/Excursi%C3%B3n_Mega-Safari_en_Hurghada-e1552766478259.jpg?resize=150%2C150&ssl=1",150,150,true],"medium":["https:\/\/i0.wp.com\/landioustravel.com\/wp-content\/uploads\/2019\/02\/Excursi%C3%B3n_Mega-Safari_en_Hurghada-e1552766478259.jpg?fit=300%2C168&ssl=1",300,168,true],"medium_large":["https:\/\/i0.wp.com\/landioustravel.com\/wp-content\/uploads\/2019\/02\/Excursi%C3%B3n_Mega-Safari_en_Hurghada-e1552766478259.jpg?fit=768%2C431&ssl=1",768,431,true],"large":["https:\/\/i0.wp.com\/landioustravel.com\/wp-content\/uploads\/2019\/02\/Excursi%C3%B3n_Mega-Safari_en_Hurghada-e1552766478259.jpg?fit=980%2C549&ssl=1",980,549,true],"1536x1536":["https:\/\/i0.wp.com\/landioustravel.com\/wp-content\/uploads\/2019\/02\/Excursi%C3%B3n_Mega-Safari_en_Hurghada-e1552766478259.jpg?fit=1200%2C673&ssl=1",1200,673,true],"2048x2048":["https:\/\/i0.wp.com\/landioustravel.com\/wp-content\/uploads\/2019\/02\/Excursi%C3%B3n_Mega-Safari_en_Hurghada-e1552766478259.jpg?fit=1200%2C673&ssl=1",1200,673,true],"newspack-article-block-landscape-large":["https:\/\/i0.wp.com\/landioustravel.com\/wp-content\/uploads\/2019\/02\/Excursi%C3%B3n_Mega-Safari_en_Hurghada-e1552766478259.jpg?resize=1200%2C673&ssl=1",1200,673,true],"newspack-article-block-portrait-large":["https:\/\/i0.wp.com\/landioustravel.com\/wp-content\/uploads\/2019\/02\/Excursi%C3%B3n_Mega-Safari_en_Hurghada-e1552766478259.jpg?resize=900%2C673&ssl=1",900,673,true],"newspack-article-block-square-large":["https:\/\/i0.wp.com\/landioustravel.com\/wp-content\/uploads\/2019\/02\/Excursi%C3%B3n_Mega-Safari_en_Hurghada-e1552766478259.jpg?resize=1200%2C673&ssl=1",1200,673,true],"newspack-article-block-landscape-medium":["https:\/\/i0.wp.com\/landioustravel.com\/wp-content\/uploads\/2019\/02\/Excursi%C3%B3n_Mega-Safari_en_Hurghada-e1552766478259.jpg?resize=800%2C600&ssl=1",800,600,true],"newspack-article-block-portrait-medium":["https:\/\/i0.wp.com\/landioustravel.com\/wp-content\/uploads\/2019\/02\/Excursi%C3%B3n_Mega-Safari_en_Hurghada-e1552766478259.jpg?resize=600%2C673&ssl=1",600,673,true],"newspack-article-block-square-medium":["https:\/\/i0.wp.com\/landioustravel.com\/wp-content\/uploads\/2019\/02\/Excursi%C3%B3n_Mega-Safari_en_Hurghada-e1552766478259.jpg?resize=800%2C673&ssl=1",800,673,true],"newspack-article-block-landscape-intermediate":["https:\/\/i0.wp.com\/landioustravel.com\/wp-content\/uploads\/2019\/02\/Excursi%C3%B3n_Mega-Safari_en_Hurghada-e1552766478259.jpg?resize=600%2C450&ssl=1",600,450,true],"newspack-article-block-portrait-intermediate":["https:\/\/i0.wp.com\/landioustravel.com\/wp-content\/uploads\/2019\/02\/Excursi%C3%B3n_Mega-Safari_en_Hurghada-e1552766478259.jpg?resize=450%2C600&ssl=1",450,600,true],"newspack-article-block-square-intermediate":["https:\/\/i0.wp.com\/landioustravel.com\/wp-content\/uploads\/2019\/02\/Excursi%C3%B3n_Mega-Safari_en_Hurghada-e1552766478259.jpg?resize=600%2C600&ssl=1",600,600,true],"newspack-article-block-landscape-small":["https:\/\/i0.wp.com\/landioustravel.com\/wp-content\/uploads\/2019\/02\/Excursi%C3%B3n_Mega-Safari_en_Hurghada-e1552766478259.jpg?resize=400%2C300&ssl=1",400,300,true],"newspack-article-block-portrait-small":["https:\/\/i0.wp.com\/landioustravel.com\/wp-content\/uploads\/2019\/02\/Excursi%C3%B3n_Mega-Safari_en_Hurghada-e1552766478259.jpg?resize=300%2C400&ssl=1",300,400,true],"newspack-article-block-square-small":["https:\/\/i0.wp.com\/landioustravel.com\/wp-content\/uploads\/2019\/02\/Excursi%C3%B3n_Mega-Safari_en_Hurghada-e1552766478259.jpg?resize=400%2C400&ssl=1",400,400,true],"newspack-article-block-landscape-tiny":["https:\/\/i0.wp.com\/landioustravel.com\/wp-content\/uploads\/2019\/02\/Excursi%C3%B3n_Mega-Safari_en_Hurghada-e1552766478259.jpg?resize=200%2C150&ssl=1",200,150,true],"newspack-article-block-portrait-tiny":["https:\/\/i0.wp.com\/landioustravel.com\/wp-content\/uploads\/2019\/02\/Excursi%C3%B3n_Mega-Safari_en_Hurghada-e1552766478259.jpg?resize=150%2C200&ssl=1",150,200,true],"newspack-article-block-square-tiny":["https:\/\/i0.wp.com\/landioustravel.com\/wp-content\/uploads\/2019\/02\/Excursi%C3%B3n_Mega-Safari_en_Hurghada-e1552766478259.jpg?resize=200%2C200&ssl=1",200,200,true],"newspack-article-block-uncropped":["https:\/\/i0.wp.com\/landioustravel.com\/wp-content\/uploads\/2019\/02\/Excursi%C3%B3n_Mega-Safari_en_Hurghada-e1552766478259.jpg?fit=1200%2C673&ssl=1",1200,673,true],"woocommerce_thumbnail":["https:\/\/i0.wp.com\/landioustravel.com\/wp-content\/uploads\/2019\/02\/Excursi%C3%B3n_Mega-Safari_en_Hurghada-e1552766478259.jpg?resize=324%2C324&ssl=1",324,324,true],"woocommerce_single":["https:\/\/i0.wp.com\/landioustravel.com\/wp-content\/uploads\/2019\/02\/Excursi%C3%B3n_Mega-Safari_en_Hurghada-e1552766478259.jpg?fit=416%2C233&ssl=1",416,233,true],"woocommerce_gallery_thumbnail":["https:\/\/i0.wp.com\/landioustravel.com\/wp-content\/uploads\/2019\/02\/Excursi%C3%B3n_Mega-Safari_en_Hurghada-e1552766478259.jpg?resize=100%2C100&ssl=1",100,100,true]},"uagb_author_info":{"display_name":"Mofreh Landious","author_link":"https:\/\/landioustravel.com\/es\/author\/"},"uagb_comment_info":3,"uagb_excerpt":"Si est\u00e1 buscando una aventura emocionante, el desierto de Hurghada es el patio de recreo perfecto para los veh\u00edculos todo terreno. Tendr\u00e1s mucho espacio para acelerar y levantar un poco de arena. \u00bfLa mejor parte? No tendr\u00e1s que preocuparte por organizar nada. Sum\u00e9rgete en la cultura beduina mientras disfrutas del terreno en esta escapada en&hellip;","jetpack_sharing_enabled":true,"jetpack_likes_enabled":true,"amp_enabled":true,"_links":{"self":[{"href":"https:\/\/landioustravel.com\/es\/wp-json\/wp\/v2\/product\/2115","targetHints":{"allow":["GET"]}}],"collection":[{"href":"https:\/\/landioustravel.com\/es\/wp-json\/wp\/v2\/product"}],"about":[{"href":"https:\/\/landioustravel.com\/es\/wp-json\/wp\/v2\/types\/product"}],"replies":[{"embeddable":true,"href":"https:\/\/landioustravel.com\/es\/wp-json\/wp\/v2\/comments?post=2115"}],"wp:featuredmedia":[{"embeddable":true,"href":"https:\/\/landioustravel.com\/es\/wp-json\/wp\/v2\/media\/2116"}],"wp:attachment":[{"href":"https:\/\/landioustravel.com\/es\/wp-json\/wp\/v2\/media?parent=2115"}],"wp:term":[{"taxonomy":"product_brand","embeddable":true,"href":"https:\/\/landioustravel.com\/es\/wp-json\/wp\/v2\/product_brand?post=2115"},{"taxonomy":"product_cat","embeddable":true,"href":"https:\/\/landioustravel.com\/es\/wp-json\/wp\/v2\/product_cat?post=2115"},{"taxonomy":"product_tag","embeddable":true,"href":"https:\/\/landioustravel.com\/es\/wp-json\/wp\/v2\/product_tag?post=2115"}],"curies":[{"name":"wp","href":"https:\/\/api.w.org\/{rel}","templated":true}]}}