{"id":2119,"date":"2018-11-24T02:56:47","date_gmt":"2018-11-24T00:56:47","guid":{"rendered":"https:\/\/landioustravel.com\/product\/excursion-luxor-reyes-hurghada\/"},"modified":"2026-03-21T19:13:36","modified_gmt":"2026-03-21T17:13:36","slug":"excursion-luxor-reyes-hurghada","status":"publish","type":"product","link":"https:\/\/landioustravel.com\/es\/shop\/excursion-luxor-reyes-hurghada\/","title":{"rendered":"Excursi\u00f3n a Luxor- Valle de los Reyes de Hurghada"},"content":{"rendered":"<p>\u00a1El viaje a Luxor es una de las mejores excursiones que puedes hacer durante tu estancia en Egipto! Consideramos que este programa es una de las ciudades m\u00e1s populares del mundo. \u00a1Es una excursi\u00f3n rica e informativa al Valle de los Reyes de Luxor desde Hurghada! Recomendamos el viaje porque permite a los turistas ver una gran cantidad de atracciones del antiguo Egipto: templos y tumbas. Adem\u00e1s, para que te permita conocer la historia del antiguo Egipto!<\/p>\n<h2>Los principales puntos del programa de excursiones al Valle de los Reyes<\/h2>\n<ul>\n<li>Templo de Karnak en la ciudad de los vivos.<\/li>\n<li>Almuerzo<\/li>\n<li>Los colosos de Memnon en la ciudad de los muertos<\/li>\n<li>el templo de la reina hatshepsut<\/li>\n<li>Y, una visita al valle de los reyes.<\/li>\n<\/ul>\n<h3>El programa de excursiones en Luxor &#8211; Valle de los Reyes de Hurghada<\/h3>\n<ul>\n<li>Te recogemos en el hotel alrededor de las 04:00 de la ma\u00f1ana.<\/li>\n<li>Despu\u00e9s de tomar a todos los interesados, el autob\u00fas sale hacia Luxor pasando por la ciudad de Safaga y Qena. La ciudad tur\u00edstica de Safaga se encuentra a 45 millas al sur de Hurghada, en la costa del Mar Rojo. Mientras, la ciudad de Qena se encuentra a 220 km en el valle del Nilo. El camino, desde el centro de Hurghada a Luxor, toma aproximadamente 5 horas.<\/li>\n<\/ul>\n<h4>Programa en East Luxor<\/h4>\n<ul>\n<li>Tan pronto como llegue a Luxor, le mostraremos el templo de Karnak. Este templo es considerado el m\u00e1s grande de Egipto y de todo el mundo antiguo. El templo est\u00e1 ubicado en la Ciudad de Living _ Eastern Luxor. En el templo, su gu\u00eda comienza su explicaci\u00f3n y, a continuaci\u00f3n, muestra los lugares visitados con frecuencia en este gran complejo. El complejo en s\u00ed contiene diferentes templos y edificios. Su gu\u00eda tendr\u00e1 la tarea de mostrarle todos estos templos y le dar\u00e1 tiempo libre para tomarles una foto.<\/li>\n<li>Despu\u00e9s de visitar el templo de Karnak en Eastern Luxor, hace compras por un poco de tiempo.<\/li>\n<li>Luego, comienza un picnic en barco por el r\u00edo Nilo con una visita a la isla Banana. Este es un programa adicional, y debe ordenarse, por adelantado, a trav\u00e9s de nosotros. Una vez que finalice el picnic, se encontrar\u00e1 ubicado en Western Luxor _ City of the Dead<\/li>\n<\/ul>\n<h4>Programa en Western Luxor<\/h4>\n<ul>\n<li>En el oeste de Luxor, el viaje contin\u00faa. La primera parada, all\u00ed, ser\u00e1 en el Colossi of Memnon. Estas son las dos estatuas grandiosas que se construyeron en el templo de Amenhotep II. Su gu\u00eda los muestra y le da la oportunidad de tomarles una foto.<\/li>\n<li>Adem\u00e1s, el autob\u00fas va al hermoso templo de la reina Hatshepsut. Este es el templo impresionante, que se encuentra en Deir El-Bahari. El templo est\u00e1 tallado en la roca, y consta de tres pisos. Alrededor de este templo, se ver\u00e1n todo tipo de tumbas, as\u00ed como, los otros templos de Tutomis el tercero y Amenhopa Neb Hept Ra. Nuevamente, la Gu\u00eda brinda informaci\u00f3n y tiempo libre para investigar el lugar.<\/li>\n<li>El programa te permite ver c\u00f3mo los artesanos preparaban estatuas en la antig\u00fcedad. La idea de los turistas se meten en la f\u00e1brica de alabastro.<\/li>\n<li>Antes del final del programa en West Luxor, visita el Valle de los Reyes. Es tan genial en este lugar e interesante! En el valle, usted visita tres tumbas, que pertenecen a los grandes faraones de Egipto.<\/li>\n<li>Nuestro autob\u00fas sale de regreso a Hurghada, despu\u00e9s de un programa de este tipo en la maravillosa ciudad de Luxor.<\/li>\n<\/ul>\n<h4>Lo que est\u00e1 incluido en el precio del viaje<\/h4>\n<ul>\n<li>Entradas para visitar los templos.<\/li>\n<li>Almuerzo<\/li>\n<li>Gu\u00eda<\/li>\n<li>Traslado a Luxor y regreso al hotel.<\/li>\n<\/ul>\n<h5>Lo que no est\u00e1 incluido en el precio del viaje<\/h5>\n<ul>\n<li>Programas adicionales de excursiones.<\/li>\n<li>Las bebidas<\/li>\n<\/ul>\n<h6>Que llevar contigo para el viaje<\/h6>\n<ul>\n<li>Caja de desayuno<\/li>\n<li>Ropa para la temporada.<\/li>\n<\/ul>\n<h6>D\u00cdAS DE LA ORGANIZACI\u00d3N DE EXCURSIONES<\/h6>\n<ul>\n<li>Domingos de 04: 00-20: 00.<\/li>\n<li>Martes de 04: 00-20: 00.<\/li>\n<li>Jueves de 04: 00-20: 00.<\/li>\n<\/ul>\n","protected":false},"excerpt":{"rendered":"<p>Emb\u00e1rquese en un viaje inolvidable de un d\u00eda a Luxor y el Valle de los Reyes, accesible en autob\u00fas desde Hurghada, y sea testigo de una variedad de impresionantes atracciones y lugares de inter\u00e9s. Marav\u00edllate con el impresionante Templo de Karnak en el este de Luxor, seguido de una visita al templo de Amenhotep III de millones de a\u00f1os en la parte occidental de la ciudad.<\/p>\n<p>Explore el Valle de los Reyes y sea testigo de las tumbas de tres antiguos reyes de Egipto, y finalice con una visita al Templo de la Reina Hatshepsut. Su excursi\u00f3n incluye boletos de entrada y un delicioso almuerzo. Descubre la capital de los faraones y su notable legado arquitect\u00f3nico, como los Colosos de Memn\u00f3n y el Templo de Karnak.<\/p>\n<p>Disfrute de una comida de lujo en un restaurante de primera clase en Luxor y sorpr\u00e9ndase con los monumentales Colosos de Memn\u00f3n. Sigue la gu\u00eda de un egipt\u00f3logo y descubre la apasionante historia de los faraones del Antiguo Egipto. Benef\u00edciese de la recogida y devoluci\u00f3n de cortes\u00eda, as\u00ed como de los servicios de un gu\u00eda egipt\u00f3logo experto mientras explora algunos de los lugares m\u00e1s importantes del Antiguo Egipto en esta cautivadora excursi\u00f3n de un d\u00eda desde Hurghada al Valle de Luxor.<\/p>\n<p>Tras la recogida en su hotel, viaje a Luxor para presenciar los monumentos m\u00e1s famosos de Egipto, incluido el Gran Templo de Karnak. Admire la arquitectura fenomenal del Valle de los Reyes y visite el templo de Hatshepsut, una de las gobernantes femeninas m\u00e1s influyentes del Antiguo Egipto. Del\u00e9itese con un suntuoso almuerzo en un restaurante local y luego suba a bordo de un t\u00edpico bote Felucca para cruzar el Nilo hasta la Ciudad de los Muertos (opcional).<\/p>\n<p>Su excursi\u00f3n incluye traslados de ida y vuelta en un veh\u00edculo con aire acondicionado, refrescos o agua a bordo, un gu\u00eda egipt\u00f3logo, almuerzo en un restaurante en Luxor, todas las entradas y un recorrido por la ciudad de Luxor. No se pierda esta oportunidad \u00fanica en la vida de explorar algunos de los mejores sitios hist\u00f3ricos de Egipto. \u00a1Reserve su recorrido por el Valle de Luxor hoy!<\/p>\n","protected":false},"featured_media":2120,"comment_status":"open","ping_status":"closed","template":"","meta":{"_coblocks_attr":"","_coblocks_dimensions":"","_coblocks_responsive_height":"","_coblocks_accordion_ie_support":"","_uag_custom_page_level_css":"","jetpack_publicize_message":"","jetpack_publicize_feature_enabled":true,"jetpack_social_post_already_shared":false,"jetpack_social_options":{"image_generator_settings":{"template":"highway","default_image_id":0,"font":"","enabled":false},"version":2},"_wpas_customize_per_network":false},"product_brand":[],"product_cat":[1789,1785],"product_tag":[1797,2147,1808,1812,9907],"class_list":{"0":"post-2119","1":"product","2":"type-product","3":"status-publish","4":"has-post-thumbnail","6":"product_cat-excursiones-historicas-hurghada","7":"product_cat-excursiones-en-hurghada","8":"product_tag-excursion-es","9":"product_tag-excursiones-desde-hurghada","10":"product_tag-hurghada-es","11":"product_tag-luxor-es","12":"product_tag-turismo","13":"pa_age-el-adulto","14":"pa_age-nino-1-4-anos","15":"pa_age-nino-5-11-anos","17":"first","18":"instock","19":"sale","20":"featured","21":"purchasable","22":"product-type-variable"},"yoast_head":"<!-- This site is optimized with the Yoast SEO Premium plugin v26.9 (Yoast SEO v27.5) - https:\/\/yoast.com\/product\/yoast-seo-premium-wordpress\/ -->\n<title>Excursi\u00f3n a Luxor- Valle de los Reyes de Hurghada<\/title>\n<meta name=\"description\" content=\"Durante Excursi\u00f3n a Luxor- Valle de los Reyes de Hurghada , visita el Templo de Karnak, Colosos de Memnon, Valle de los Reyes y Templo de Hatshepsut\" \/>\n<meta name=\"robots\" content=\"index, follow, max-snippet:-1, max-image-preview:large, max-video-preview:-1\" \/>\n<link rel=\"canonical\" href=\"https:\/\/landioustravel.com\/es\/shop\/excursion-luxor-reyes-hurghada\/\" \/>\n<meta property=\"og:locale\" content=\"es_ES\" \/>\n<meta property=\"og:type\" content=\"article\" \/>\n<meta property=\"og:title\" content=\"Excursi\u00f3n a Luxor- Valle de los Reyes de Hurghada\" \/>\n<meta property=\"og:description\" content=\"Landious Travel\" \/>\n<meta property=\"og:url\" content=\"https:\/\/landioustravel.com\/es\/shop\/excursion-luxor-reyes-hurghada\/\" \/>\n<meta property=\"og:site_name\" content=\"Landious Travel\" \/>\n<meta property=\"article:publisher\" content=\"https:\/\/web.facebook.com\/landiousEgypt\" \/>\n<meta property=\"article:modified_time\" content=\"2026-03-21T17:13:36+00:00\" \/>\n<meta property=\"og:image\" content=\"https:\/\/i0.wp.com\/landioustravel.com\/wp-content\/uploads\/2019\/02\/Excursi\u00f3n_a_Luxor-Valle_de_los_Reyes_de_Hurghada.jpg?fit=1901%2C1068&ssl=1\" \/>\n\t<meta property=\"og:image:width\" content=\"1901\" \/>\n\t<meta property=\"og:image:height\" content=\"1068\" \/>\n\t<meta property=\"og:image:type\" content=\"image\/jpeg\" \/>\n<meta name=\"twitter:card\" content=\"summary_large_image\" \/>\n<meta name=\"twitter:site\" content=\"@LandiousTours\" \/>\n<meta name=\"twitter:label1\" content=\"Tiempo de lectura\" \/>\n\t<meta name=\"twitter:data1\" content=\"3 minutos\" \/>\n<script type=\"application\/ld+json\" class=\"yoast-schema-graph\">{\"@context\":\"https:\\\/\\\/schema.org\",\"@graph\":[{\"@type\":\"WebPage\",\"@id\":\"https:\\\/\\\/landioustravel.com\\\/es\\\/shop\\\/excursion-luxor-reyes-hurghada\\\/\",\"url\":\"https:\\\/\\\/landioustravel.com\\\/es\\\/shop\\\/excursion-luxor-reyes-hurghada\\\/\",\"name\":\"Excursi\u00f3n a Luxor- Valle de los Reyes de Hurghada\",\"isPartOf\":{\"@id\":\"https:\\\/\\\/landioustravel.com\\\/es\\\/#website\"},\"primaryImageOfPage\":{\"@id\":\"https:\\\/\\\/landioustravel.com\\\/es\\\/shop\\\/excursion-luxor-reyes-hurghada\\\/#primaryimage\"},\"image\":{\"@id\":\"https:\\\/\\\/landioustravel.com\\\/es\\\/shop\\\/excursion-luxor-reyes-hurghada\\\/#primaryimage\"},\"thumbnailUrl\":\"https:\\\/\\\/i0.wp.com\\\/landioustravel.com\\\/wp-content\\\/uploads\\\/2019\\\/02\\\/Excursi%C3%B3n_a_Luxor-Valle_de_los_Reyes_de_Hurghada.jpg?fit=1901%2C1068&ssl=1\",\"datePublished\":\"2018-11-24T00:56:47+00:00\",\"dateModified\":\"2026-03-21T17:13:36+00:00\",\"description\":\"Durante Excursi\u00f3n a Luxor- Valle de los Reyes de Hurghada , visita el Templo de Karnak, Colosos de Memnon, Valle de los Reyes y Templo de Hatshepsut\",\"breadcrumb\":{\"@id\":\"https:\\\/\\\/landioustravel.com\\\/es\\\/shop\\\/excursion-luxor-reyes-hurghada\\\/#breadcrumb\"},\"inLanguage\":\"es\",\"potentialAction\":[{\"@type\":\"ReadAction\",\"target\":[\"https:\\\/\\\/landioustravel.com\\\/es\\\/shop\\\/excursion-luxor-reyes-hurghada\\\/\"]}]},{\"@type\":\"ImageObject\",\"inLanguage\":\"es\",\"@id\":\"https:\\\/\\\/landioustravel.com\\\/es\\\/shop\\\/excursion-luxor-reyes-hurghada\\\/#primaryimage\",\"url\":\"https:\\\/\\\/i0.wp.com\\\/landioustravel.com\\\/wp-content\\\/uploads\\\/2019\\\/02\\\/Excursi%C3%B3n_a_Luxor-Valle_de_los_Reyes_de_Hurghada.jpg?fit=1901%2C1068&ssl=1\",\"contentUrl\":\"https:\\\/\\\/i0.wp.com\\\/landioustravel.com\\\/wp-content\\\/uploads\\\/2019\\\/02\\\/Excursi%C3%B3n_a_Luxor-Valle_de_los_Reyes_de_Hurghada.jpg?fit=1901%2C1068&ssl=1\",\"width\":1901,\"height\":1068,\"caption\":\"Excursi\u00f3n a Luxor - Valle de los Reyes de Hurghada\"},{\"@type\":\"BreadcrumbList\",\"@id\":\"https:\\\/\\\/landioustravel.com\\\/es\\\/shop\\\/excursion-luxor-reyes-hurghada\\\/#breadcrumb\",\"itemListElement\":[{\"@type\":\"ListItem\",\"position\":1,\"name\":\"Home\",\"item\":\"https:\\\/\\\/landioustravel.com\\\/es\\\/\"},{\"@type\":\"ListItem\",\"position\":2,\"name\":\"Servicios y Tours\",\"item\":\"https:\\\/\\\/landioustravel.com\\\/es\\\/\"},{\"@type\":\"ListItem\",\"position\":3,\"name\":\"Excursi\u00f3n a Luxor- Valle de los Reyes de Hurghada\"}]},{\"@type\":\"WebSite\",\"@id\":\"https:\\\/\\\/landioustravel.com\\\/es\\\/#website\",\"url\":\"https:\\\/\\\/landioustravel.com\\\/es\\\/\",\"name\":\"Landious Travel\",\"description\":\"Tours and Excursions in Egypt\",\"publisher\":{\"@id\":\"https:\\\/\\\/landioustravel.com\\\/es\\\/#organization\"},\"potentialAction\":[{\"@type\":\"SearchAction\",\"target\":{\"@type\":\"EntryPoint\",\"urlTemplate\":\"https:\\\/\\\/landioustravel.com\\\/es\\\/?s={search_term_string}\"},\"query-input\":{\"@type\":\"PropertyValueSpecification\",\"valueRequired\":true,\"valueName\":\"search_term_string\"}}],\"inLanguage\":\"es\"},{\"@type\":[\"Organization\",\"Place\"],\"@id\":\"https:\\\/\\\/landioustravel.com\\\/es\\\/#organization\",\"name\":\"Landious Travel\",\"alternateName\":\"Landious Travel\",\"url\":\"https:\\\/\\\/landioustravel.com\\\/es\\\/\",\"logo\":{\"@id\":\"https:\\\/\\\/landioustravel.com\\\/es\\\/shop\\\/excursion-luxor-reyes-hurghada\\\/#local-main-organization-logo\"},\"image\":{\"@id\":\"https:\\\/\\\/landioustravel.com\\\/es\\\/shop\\\/excursion-luxor-reyes-hurghada\\\/#local-main-organization-logo\"},\"sameAs\":[\"https:\\\/\\\/web.facebook.com\\\/landiousEgypt\",\"https:\\\/\\\/x.com\\\/LandiousTours\",\"https:\\\/\\\/mastodon.social\\\/@landious\"],\"legalName\":\"Landious Travel\",\"telephone\":[],\"openingHoursSpecification\":[{\"@type\":\"OpeningHoursSpecification\",\"dayOfWeek\":[\"Monday\",\"Tuesday\",\"Wednesday\",\"Thursday\",\"Friday\",\"Saturday\",\"Sunday\"],\"opens\":\"09:00\",\"closes\":\"17:00\"}]},{\"@type\":\"ImageObject\",\"inLanguage\":\"es\",\"@id\":\"https:\\\/\\\/landioustravel.com\\\/es\\\/shop\\\/excursion-luxor-reyes-hurghada\\\/#local-main-organization-logo\",\"url\":\"https:\\\/\\\/i0.wp.com\\\/landioustravel.com\\\/wp-content\\\/uploads\\\/2021\\\/06\\\/Landious-T.png?fit=500%2C500&ssl=1\",\"contentUrl\":\"https:\\\/\\\/i0.wp.com\\\/landioustravel.com\\\/wp-content\\\/uploads\\\/2021\\\/06\\\/Landious-T.png?fit=500%2C500&ssl=1\",\"width\":500,\"height\":500,\"caption\":\"Landious Travel\"}]}<\/script>\n<!-- \/ Yoast SEO Premium plugin. -->","yoast_head_json":{"title":"Excursi\u00f3n a Luxor- Valle de los Reyes de Hurghada","description":"Durante Excursi\u00f3n a Luxor- Valle de los Reyes de Hurghada , visita el Templo de Karnak, Colosos de Memnon, Valle de los Reyes y Templo de Hatshepsut","robots":{"index":"index","follow":"follow","max-snippet":"max-snippet:-1","max-image-preview":"max-image-preview:large","max-video-preview":"max-video-preview:-1"},"canonical":"https:\/\/landioustravel.com\/es\/shop\/excursion-luxor-reyes-hurghada\/","og_locale":"es_ES","og_type":"article","og_title":"Excursi\u00f3n a Luxor- Valle de los Reyes de Hurghada","og_description":"Landious Travel","og_url":"https:\/\/landioustravel.com\/es\/shop\/excursion-luxor-reyes-hurghada\/","og_site_name":"Landious Travel","article_publisher":"https:\/\/web.facebook.com\/landiousEgypt","article_modified_time":"2026-03-21T17:13:36+00:00","og_image":[{"width":1901,"height":1068,"url":"https:\/\/i0.wp.com\/landioustravel.com\/wp-content\/uploads\/2019\/02\/Excursi\u00f3n_a_Luxor-Valle_de_los_Reyes_de_Hurghada.jpg?fit=1901%2C1068&ssl=1","type":"image\/jpeg"}],"twitter_card":"summary_large_image","twitter_site":"@LandiousTours","twitter_misc":{"Tiempo de lectura":"3 minutos"},"schema":{"@context":"https:\/\/schema.org","@graph":[{"@type":"WebPage","@id":"https:\/\/landioustravel.com\/es\/shop\/excursion-luxor-reyes-hurghada\/","url":"https:\/\/landioustravel.com\/es\/shop\/excursion-luxor-reyes-hurghada\/","name":"Excursi\u00f3n a Luxor- Valle de los Reyes de Hurghada","isPartOf":{"@id":"https:\/\/landioustravel.com\/es\/#website"},"primaryImageOfPage":{"@id":"https:\/\/landioustravel.com\/es\/shop\/excursion-luxor-reyes-hurghada\/#primaryimage"},"image":{"@id":"https:\/\/landioustravel.com\/es\/shop\/excursion-luxor-reyes-hurghada\/#primaryimage"},"thumbnailUrl":"https:\/\/i0.wp.com\/landioustravel.com\/wp-content\/uploads\/2019\/02\/Excursi%C3%B3n_a_Luxor-Valle_de_los_Reyes_de_Hurghada.jpg?fit=1901%2C1068&ssl=1","datePublished":"2018-11-24T00:56:47+00:00","dateModified":"2026-03-21T17:13:36+00:00","description":"Durante Excursi\u00f3n a Luxor- Valle de los Reyes de Hurghada , visita el Templo de Karnak, Colosos de Memnon, Valle de los Reyes y Templo de Hatshepsut","breadcrumb":{"@id":"https:\/\/landioustravel.com\/es\/shop\/excursion-luxor-reyes-hurghada\/#breadcrumb"},"inLanguage":"es","potentialAction":[{"@type":"ReadAction","target":["https:\/\/landioustravel.com\/es\/shop\/excursion-luxor-reyes-hurghada\/"]}]},{"@type":"ImageObject","inLanguage":"es","@id":"https:\/\/landioustravel.com\/es\/shop\/excursion-luxor-reyes-hurghada\/#primaryimage","url":"https:\/\/i0.wp.com\/landioustravel.com\/wp-content\/uploads\/2019\/02\/Excursi%C3%B3n_a_Luxor-Valle_de_los_Reyes_de_Hurghada.jpg?fit=1901%2C1068&ssl=1","contentUrl":"https:\/\/i0.wp.com\/landioustravel.com\/wp-content\/uploads\/2019\/02\/Excursi%C3%B3n_a_Luxor-Valle_de_los_Reyes_de_Hurghada.jpg?fit=1901%2C1068&ssl=1","width":1901,"height":1068,"caption":"Excursi\u00f3n a Luxor - Valle de los Reyes de Hurghada"},{"@type":"BreadcrumbList","@id":"https:\/\/landioustravel.com\/es\/shop\/excursion-luxor-reyes-hurghada\/#breadcrumb","itemListElement":[{"@type":"ListItem","position":1,"name":"Home","item":"https:\/\/landioustravel.com\/es\/"},{"@type":"ListItem","position":2,"name":"Servicios y Tours","item":"https:\/\/landioustravel.com\/es\/"},{"@type":"ListItem","position":3,"name":"Excursi\u00f3n a Luxor- Valle de los Reyes de Hurghada"}]},{"@type":"WebSite","@id":"https:\/\/landioustravel.com\/es\/#website","url":"https:\/\/landioustravel.com\/es\/","name":"Landious Travel","description":"Tours and Excursions in Egypt","publisher":{"@id":"https:\/\/landioustravel.com\/es\/#organization"},"potentialAction":[{"@type":"SearchAction","target":{"@type":"EntryPoint","urlTemplate":"https:\/\/landioustravel.com\/es\/?s={search_term_string}"},"query-input":{"@type":"PropertyValueSpecification","valueRequired":true,"valueName":"search_term_string"}}],"inLanguage":"es"},{"@type":["Organization","Place"],"@id":"https:\/\/landioustravel.com\/es\/#organization","name":"Landious Travel","alternateName":"Landious Travel","url":"https:\/\/landioustravel.com\/es\/","logo":{"@id":"https:\/\/landioustravel.com\/es\/shop\/excursion-luxor-reyes-hurghada\/#local-main-organization-logo"},"image":{"@id":"https:\/\/landioustravel.com\/es\/shop\/excursion-luxor-reyes-hurghada\/#local-main-organization-logo"},"sameAs":["https:\/\/web.facebook.com\/landiousEgypt","https:\/\/x.com\/LandiousTours","https:\/\/mastodon.social\/@landious"],"legalName":"Landious Travel","telephone":[],"openingHoursSpecification":[{"@type":"OpeningHoursSpecification","dayOfWeek":["Monday","Tuesday","Wednesday","Thursday","Friday","Saturday","Sunday"],"opens":"09:00","closes":"17:00"}]},{"@type":"ImageObject","inLanguage":"es","@id":"https:\/\/landioustravel.com\/es\/shop\/excursion-luxor-reyes-hurghada\/#local-main-organization-logo","url":"https:\/\/i0.wp.com\/landioustravel.com\/wp-content\/uploads\/2021\/06\/Landious-T.png?fit=500%2C500&ssl=1","contentUrl":"https:\/\/i0.wp.com\/landioustravel.com\/wp-content\/uploads\/2021\/06\/Landious-T.png?fit=500%2C500&ssl=1","width":500,"height":500,"caption":"Landious Travel"}]}},"jetpack_publicize_connections":[],"uagb_featured_image_src":{"full":["https:\/\/i0.wp.com\/landioustravel.com\/wp-content\/uploads\/2019\/02\/Excursi%C3%B3n_a_Luxor-Valle_de_los_Reyes_de_Hurghada.jpg?fit=1901%2C1068&ssl=1",1901,1068,false],"thumbnail":["https:\/\/i0.wp.com\/landioustravel.com\/wp-content\/uploads\/2019\/02\/Excursi%C3%B3n_a_Luxor-Valle_de_los_Reyes_de_Hurghada.jpg?resize=150%2C150&ssl=1",150,150,true],"medium":["https:\/\/i0.wp.com\/landioustravel.com\/wp-content\/uploads\/2019\/02\/Excursi%C3%B3n_a_Luxor-Valle_de_los_Reyes_de_Hurghada.jpg?fit=300%2C169&ssl=1",300,169,true],"medium_large":["https:\/\/i0.wp.com\/landioustravel.com\/wp-content\/uploads\/2019\/02\/Excursi%C3%B3n_a_Luxor-Valle_de_los_Reyes_de_Hurghada.jpg?fit=768%2C431&ssl=1",768,431,true],"large":["https:\/\/i0.wp.com\/landioustravel.com\/wp-content\/uploads\/2019\/02\/Excursi%C3%B3n_a_Luxor-Valle_de_los_Reyes_de_Hurghada.jpg?fit=980%2C550&ssl=1",980,550,true],"1536x1536":["https:\/\/i0.wp.com\/landioustravel.com\/wp-content\/uploads\/2019\/02\/Excursi%C3%B3n_a_Luxor-Valle_de_los_Reyes_de_Hurghada.jpg?fit=1536%2C863&ssl=1",1536,863,true],"2048x2048":["https:\/\/i0.wp.com\/landioustravel.com\/wp-content\/uploads\/2019\/02\/Excursi%C3%B3n_a_Luxor-Valle_de_los_Reyes_de_Hurghada.jpg?fit=1901%2C1068&ssl=1",1901,1068,true],"newspack-article-block-landscape-large":["https:\/\/i0.wp.com\/landioustravel.com\/wp-content\/uploads\/2019\/02\/Excursi%C3%B3n_a_Luxor-Valle_de_los_Reyes_de_Hurghada.jpg?resize=1200%2C900&ssl=1",1200,900,true],"newspack-article-block-portrait-large":["https:\/\/i0.wp.com\/landioustravel.com\/wp-content\/uploads\/2019\/02\/Excursi%C3%B3n_a_Luxor-Valle_de_los_Reyes_de_Hurghada.jpg?resize=900%2C1068&ssl=1",900,1068,true],"newspack-article-block-square-large":["https:\/\/i0.wp.com\/landioustravel.com\/wp-content\/uploads\/2019\/02\/Excursi%C3%B3n_a_Luxor-Valle_de_los_Reyes_de_Hurghada.jpg?resize=1200%2C1068&ssl=1",1200,1068,true],"newspack-article-block-landscape-medium":["https:\/\/i0.wp.com\/landioustravel.com\/wp-content\/uploads\/2019\/02\/Excursi%C3%B3n_a_Luxor-Valle_de_los_Reyes_de_Hurghada.jpg?resize=800%2C600&ssl=1",800,600,true],"newspack-article-block-portrait-medium":["https:\/\/i0.wp.com\/landioustravel.com\/wp-content\/uploads\/2019\/02\/Excursi%C3%B3n_a_Luxor-Valle_de_los_Reyes_de_Hurghada.jpg?resize=600%2C800&ssl=1",600,800,true],"newspack-article-block-square-medium":["https:\/\/i0.wp.com\/landioustravel.com\/wp-content\/uploads\/2019\/02\/Excursi%C3%B3n_a_Luxor-Valle_de_los_Reyes_de_Hurghada.jpg?resize=800%2C800&ssl=1",800,800,true],"newspack-article-block-landscape-intermediate":["https:\/\/i0.wp.com\/landioustravel.com\/wp-content\/uploads\/2019\/02\/Excursi%C3%B3n_a_Luxor-Valle_de_los_Reyes_de_Hurghada.jpg?resize=600%2C450&ssl=1",600,450,true],"newspack-article-block-portrait-intermediate":["https:\/\/i0.wp.com\/landioustravel.com\/wp-content\/uploads\/2019\/02\/Excursi%C3%B3n_a_Luxor-Valle_de_los_Reyes_de_Hurghada.jpg?resize=450%2C600&ssl=1",450,600,true],"newspack-article-block-square-intermediate":["https:\/\/i0.wp.com\/landioustravel.com\/wp-content\/uploads\/2019\/02\/Excursi%C3%B3n_a_Luxor-Valle_de_los_Reyes_de_Hurghada.jpg?resize=600%2C600&ssl=1",600,600,true],"newspack-article-block-landscape-small":["https:\/\/i0.wp.com\/landioustravel.com\/wp-content\/uploads\/2019\/02\/Excursi%C3%B3n_a_Luxor-Valle_de_los_Reyes_de_Hurghada.jpg?resize=400%2C300&ssl=1",400,300,true],"newspack-article-block-portrait-small":["https:\/\/i0.wp.com\/landioustravel.com\/wp-content\/uploads\/2019\/02\/Excursi%C3%B3n_a_Luxor-Valle_de_los_Reyes_de_Hurghada.jpg?resize=300%2C400&ssl=1",300,400,true],"newspack-article-block-square-small":["https:\/\/i0.wp.com\/landioustravel.com\/wp-content\/uploads\/2019\/02\/Excursi%C3%B3n_a_Luxor-Valle_de_los_Reyes_de_Hurghada.jpg?resize=400%2C400&ssl=1",400,400,true],"newspack-article-block-landscape-tiny":["https:\/\/i0.wp.com\/landioustravel.com\/wp-content\/uploads\/2019\/02\/Excursi%C3%B3n_a_Luxor-Valle_de_los_Reyes_de_Hurghada.jpg?resize=200%2C150&ssl=1",200,150,true],"newspack-article-block-portrait-tiny":["https:\/\/i0.wp.com\/landioustravel.com\/wp-content\/uploads\/2019\/02\/Excursi%C3%B3n_a_Luxor-Valle_de_los_Reyes_de_Hurghada.jpg?resize=150%2C200&ssl=1",150,200,true],"newspack-article-block-square-tiny":["https:\/\/i0.wp.com\/landioustravel.com\/wp-content\/uploads\/2019\/02\/Excursi%C3%B3n_a_Luxor-Valle_de_los_Reyes_de_Hurghada.jpg?resize=200%2C200&ssl=1",200,200,true],"newspack-article-block-uncropped":["https:\/\/i0.wp.com\/landioustravel.com\/wp-content\/uploads\/2019\/02\/Excursi%C3%B3n_a_Luxor-Valle_de_los_Reyes_de_Hurghada.jpg?fit=1200%2C674&ssl=1",1200,674,true],"woocommerce_thumbnail":["https:\/\/i0.wp.com\/landioustravel.com\/wp-content\/uploads\/2019\/02\/Excursi%C3%B3n_a_Luxor-Valle_de_los_Reyes_de_Hurghada.jpg?resize=324%2C324&ssl=1",324,324,true],"woocommerce_single":["https:\/\/i0.wp.com\/landioustravel.com\/wp-content\/uploads\/2019\/02\/Excursi%C3%B3n_a_Luxor-Valle_de_los_Reyes_de_Hurghada.jpg?fit=416%2C234&ssl=1",416,234,true],"woocommerce_gallery_thumbnail":["https:\/\/i0.wp.com\/landioustravel.com\/wp-content\/uploads\/2019\/02\/Excursi%C3%B3n_a_Luxor-Valle_de_los_Reyes_de_Hurghada.jpg?resize=100%2C100&ssl=1",100,100,true]},"uagb_author_info":{"display_name":"Mofreh Landious","author_link":"https:\/\/landioustravel.com\/es\/author\/"},"uagb_comment_info":4,"uagb_excerpt":"Emb\u00e1rquese en un viaje inolvidable de un d\u00eda a Luxor y el Valle de los Reyes, accesible en autob\u00fas desde Hurghada, y sea testigo de una variedad de impresionantes atracciones y lugares de inter\u00e9s. Marav\u00edllate con el impresionante Templo de Karnak en el este de Luxor, seguido de una visita al templo de Amenhotep III&hellip;","jetpack_sharing_enabled":true,"jetpack_likes_enabled":true,"amp_enabled":true,"_links":{"self":[{"href":"https:\/\/landioustravel.com\/es\/wp-json\/wp\/v2\/product\/2119","targetHints":{"allow":["GET"]}}],"collection":[{"href":"https:\/\/landioustravel.com\/es\/wp-json\/wp\/v2\/product"}],"about":[{"href":"https:\/\/landioustravel.com\/es\/wp-json\/wp\/v2\/types\/product"}],"replies":[{"embeddable":true,"href":"https:\/\/landioustravel.com\/es\/wp-json\/wp\/v2\/comments?post=2119"}],"wp:featuredmedia":[{"embeddable":true,"href":"https:\/\/landioustravel.com\/es\/wp-json\/wp\/v2\/media\/2120"}],"wp:attachment":[{"href":"https:\/\/landioustravel.com\/es\/wp-json\/wp\/v2\/media?parent=2119"}],"wp:term":[{"taxonomy":"product_brand","embeddable":true,"href":"https:\/\/landioustravel.com\/es\/wp-json\/wp\/v2\/product_brand?post=2119"},{"taxonomy":"product_cat","embeddable":true,"href":"https:\/\/landioustravel.com\/es\/wp-json\/wp\/v2\/product_cat?post=2119"},{"taxonomy":"product_tag","embeddable":true,"href":"https:\/\/landioustravel.com\/es\/wp-json\/wp\/v2\/product_tag?post=2119"}],"curies":[{"name":"wp","href":"https:\/\/api.w.org\/{rel}","templated":true}]}}