{"id":2139,"date":"2018-11-23T18:34:37","date_gmt":"2018-11-23T16:34:37","guid":{"rendered":"https:\/\/landioustravel.com\/product\/excursion-acuario-hurghada\/"},"modified":"2024-03-21T19:20:10","modified_gmt":"2024-03-21T17:20:10","slug":"excursion-acuario-hurghada","status":"publish","type":"product","link":"https:\/\/landioustravel.com\/es\/shop\/excursion-acuario-hurghada\/","title":{"rendered":"Excursi\u00f3n al acuario desde Hurghada"},"content":{"rendered":"<p>\u00a1Una interesante excursi\u00f3n entretenida al acuario m\u00e1s grande de Hurghada! Recomendamos el viaje porque permite a los turistas ver el acuario m\u00e1s grande de Egipto. En el mismo lugar, se encuentra un zool\u00f3gico!<\/p>\n<h2>Los principales puntos del programa de excursiones al acuario<\/h2>\n<ul>\n<li>Inspecci\u00f3n del acuario y zool\u00f3gico.<\/li>\n<li>Y, tomando una foto con estas criaturas marinas y animales.<\/li>\n<\/ul>\n<h3>El programa de la excursi\u00f3n al Gran Acuario de Hurghada<\/h3>\n<ul>\n<li>Te recogemos a las 10:00 am aproximadamente.<\/li>\n<li>Despu\u00e9s de recoger a todos, el autob\u00fas va al Gran Acuario. Se tarda aproximadamente 20 minutos en llegar al acuario.<\/li>\n<li>Al comienzo del programa de excursiones, la gu\u00eda le muestra qu\u00e9 secciones tiene ese lugar.<\/li>\n<li>Adem\u00e1s, podr\u00e1s ver todas las secciones del Gran Acuario durante casi dos horas. En este lugar hay 6 secciones, y m\u00e1s, un restaurante y una cafeter\u00eda.<\/li>\n<li>Primera seccion _ Selva africana<\/li>\n<li>Segunda secci\u00f3n _ acuario de agua salada<\/li>\n<li>La tercera secci\u00f3n _ un acuario de agua dulce.<\/li>\n<li>Cuarta Secci\u00f3n _ Zool\u00f3gico<\/li>\n<li>Quinta Secci\u00f3n _ Museo Biol\u00f3gico<\/li>\n<li>Y, la sexta secci\u00f3n _ Tienda \u00e1rabe.<\/li>\n<\/ul>\n<h4>Lo que est\u00e1 incluido en el precio del viaje<\/h4>\n<ul>\n<li>Traslado al acuario, y regreso al hotel.<\/li>\n<li>Entradas<\/li>\n<\/ul>\n<h5>Lo que no est\u00e1 incluido en el precio del tour<\/h5>\n<ul>\n<li>Video DVD<\/li>\n<li>CD de fotos<\/li>\n<\/ul>\n<h6>QU\u00c9 TOMAR CON USTED PARA EL VIAJE<\/h6>\n<ul>\n<li>Gafas de sol<\/li>\n<\/ul>\n<h6>D\u00cdAS DE LA ORGANIZACI\u00d3N DE EXCURSIONES<\/h6>\n<ul>\n<li>Todos los d\u00edas de 13:00 a 15:00.<\/li>\n<\/ul>\n","protected":false},"excerpt":{"rendered":"<p>\u00bfEst\u00e1s ansioso por experimentar un recorrido cultural y educativo con tus hijos, donde puedan aprender sobre la diversa vida marina del Mar Rojo? \u00a1No busque m\u00e1s all\u00e1 del Gran Acuario en Hurghada! Con m\u00e1s de 1000 especies de peces de colores en exhibici\u00f3n en tanques de vidrio, su familia quedar\u00e1 hipnotizada.<\/p>\n<p>Nuestro recorrido por el gran acuario desde Hurghada incluye traslados desde su hotel y un recorrido de 120 minutos que cubre el t\u00fanel submarino, el acuario marino, Wadi AL Hitan, el minizool\u00f3gico, la selva tropical y la tienda beduina. Si solo tiene poco tiempo en Hurghada, no se preocupe: ofrecemos un recorrido de 90 minutos dentro del acuario para ver tortugas marinas verdes, tiburones y m\u00e1s. Despu\u00e9s del recorrido, lo llevaremos de regreso a su hotel en un minib\u00fas VIP o en un autom\u00f3vil privado.<\/p>\n<p>El Gran Acuario de Hurghada es una excelente opci\u00f3n para las familias que buscan las mejores cosas para hacer en Hurghada con ni\u00f1os. Las salas de exhibici\u00f3n contienen peces de colores peque\u00f1os y grandes del Mar Rojo y m\u00e1s de 1,200 especies de criaturas marinas, incluidos tiburones, rayas, tortugas marinas verdes y m\u00e1s. Es un lugar ideal para aprender sobre la vida marina en el Mar Rojo de Egipto en Hurghada y aumentar su conocimiento.<\/p>\n<p>Nuestro tour privado est\u00e1 disponible todos los d\u00edas y tiene una duraci\u00f3n de dos horas. El recorrido es accesible para sillas de ruedas y se puede adaptar a su horario: lo recogeremos de su hotel a las 9:00 a. m. o en cualquier momento hasta las 2:30 p. m. y te dejo cuando quieras.<\/p>\n<p>Nuestro recorrido incluye un traslado privado desde los hoteles de Hurghada, una gu\u00eda, todos los impuestos, tarifas de entrada y cargos de manejo, as\u00ed como agua mineral. Puede pagar en el sitio a su gu\u00eda en libras egipcias, d\u00f3lares, euros o libras esterlinas.<\/p>\n<p>En el Gran Acuario, creemos que la educaci\u00f3n y el entretenimiento van de la mano. Esperamos que se una a nosotros en un recorrido divertido e informativo que su familia recordar\u00e1 en los a\u00f1os venideros.<\/p>\n","protected":false},"featured_media":100555,"comment_status":"open","ping_status":"closed","template":"","meta":{"_coblocks_attr":"","_coblocks_dimensions":"","_coblocks_responsive_height":"","_coblocks_accordion_ie_support":"","_uag_custom_page_level_css":"","jetpack_post_was_ever_published":false,"jetpack_publicize_message":"","jetpack_publicize_feature_enabled":true,"jetpack_social_post_already_shared":false,"jetpack_social_options":{"image_generator_settings":{"template":"highway","default_image_id":0,"font":"","enabled":false},"version":2},"_wpas_customize_per_network":false},"product_brand":[],"product_cat":[1787,1785],"product_tag":[1823,1797,1808],"class_list":{"0":"post-2139","1":"product","2":"type-product","3":"status-publish","4":"has-post-thumbnail","6":"product_cat-excursiones-entretenidas-hurghada","7":"product_cat-excursiones-en-hurghada","8":"product_tag-acuario","9":"product_tag-excursion-es","10":"product_tag-hurghada-es","11":"pa_age-el-adulto","12":"pa_age-nino-1-4-anos","13":"pa_age-nino-5-11-anos","15":"first","16":"instock","17":"sale","18":"purchasable","19":"product-type-variable"},"yoast_head":"<!-- This site is optimized with the Yoast SEO Premium plugin v26.9 (Yoast SEO v27.3) - https:\/\/yoast.com\/product\/yoast-seo-premium-wordpress\/ -->\n<title>Excursi\u00f3n al acuario desde Hurghada<\/title>\n<meta name=\"description\" content=\"Excursi\u00f3n al acuario desde Hurghada se dirige al acuario m\u00e1s grande de la ciudad. El centro consta de acuarios de efecto 3D, piscinas al aire libre y un\" \/>\n<meta name=\"robots\" content=\"index, follow, max-snippet:-1, max-image-preview:large, max-video-preview:-1\" \/>\n<link rel=\"canonical\" href=\"https:\/\/landioustravel.com\/es\/shop\/excursion-acuario-hurghada\/\" \/>\n<meta property=\"og:locale\" content=\"es_ES\" \/>\n<meta property=\"og:type\" content=\"article\" \/>\n<meta property=\"og:title\" content=\"Excursi\u00f3n al acuario desde Hurghada\" \/>\n<meta property=\"og:description\" content=\"Landious Travel\" \/>\n<meta property=\"og:url\" content=\"https:\/\/landioustravel.com\/es\/shop\/excursion-acuario-hurghada\/\" \/>\n<meta property=\"og:site_name\" content=\"Landious Travel\" \/>\n<meta property=\"article:publisher\" content=\"https:\/\/web.facebook.com\/landiousEgypt\" \/>\n<meta property=\"article:modified_time\" content=\"2024-03-21T17:20:10+00:00\" \/>\n<meta property=\"og:image\" content=\"https:\/\/i0.wp.com\/landioustravel.com\/wp-content\/uploads\/2018\/11\/Grand-Aquarium-Excursion-Hurghada-e1669666185802.jpg?fit=1200%2C675&ssl=1\" \/>\n\t<meta property=\"og:image:width\" content=\"1200\" \/>\n\t<meta property=\"og:image:height\" content=\"675\" \/>\n\t<meta property=\"og:image:type\" content=\"image\/jpeg\" \/>\n<meta name=\"twitter:card\" content=\"summary_large_image\" \/>\n<meta name=\"twitter:site\" content=\"@LandiousTours\" \/>\n<meta name=\"twitter:label1\" content=\"Tiempo de lectura\" \/>\n\t<meta name=\"twitter:data1\" content=\"1 minuto\" \/>\n<script type=\"application\/ld+json\" class=\"yoast-schema-graph\">{\"@context\":\"https:\\\/\\\/schema.org\",\"@graph\":[{\"@type\":\"WebPage\",\"@id\":\"https:\\\/\\\/landioustravel.com\\\/es\\\/shop\\\/excursion-acuario-hurghada\\\/\",\"url\":\"https:\\\/\\\/landioustravel.com\\\/es\\\/shop\\\/excursion-acuario-hurghada\\\/\",\"name\":\"Excursi\u00f3n al acuario desde Hurghada\",\"isPartOf\":{\"@id\":\"https:\\\/\\\/landioustravel.com\\\/es\\\/#website\"},\"primaryImageOfPage\":{\"@id\":\"https:\\\/\\\/landioustravel.com\\\/es\\\/shop\\\/excursion-acuario-hurghada\\\/#primaryimage\"},\"image\":{\"@id\":\"https:\\\/\\\/landioustravel.com\\\/es\\\/shop\\\/excursion-acuario-hurghada\\\/#primaryimage\"},\"thumbnailUrl\":\"https:\\\/\\\/i0.wp.com\\\/landioustravel.com\\\/wp-content\\\/uploads\\\/2018\\\/11\\\/Grand-Aquarium-Excursion-Hurghada-e1669666185802.jpg?fit=1200%2C675&ssl=1\",\"datePublished\":\"2018-11-23T16:34:37+00:00\",\"dateModified\":\"2024-03-21T17:20:10+00:00\",\"description\":\"Excursi\u00f3n al acuario desde Hurghada se dirige al acuario m\u00e1s grande de la ciudad. El centro consta de acuarios de efecto 3D, piscinas al aire libre y un\",\"breadcrumb\":{\"@id\":\"https:\\\/\\\/landioustravel.com\\\/es\\\/shop\\\/excursion-acuario-hurghada\\\/#breadcrumb\"},\"inLanguage\":\"es\",\"potentialAction\":[{\"@type\":\"ReadAction\",\"target\":[\"https:\\\/\\\/landioustravel.com\\\/es\\\/shop\\\/excursion-acuario-hurghada\\\/\"]}]},{\"@type\":\"ImageObject\",\"inLanguage\":\"es\",\"@id\":\"https:\\\/\\\/landioustravel.com\\\/es\\\/shop\\\/excursion-acuario-hurghada\\\/#primaryimage\",\"url\":\"https:\\\/\\\/i0.wp.com\\\/landioustravel.com\\\/wp-content\\\/uploads\\\/2018\\\/11\\\/Grand-Aquarium-Excursion-Hurghada-e1669666185802.jpg?fit=1200%2C675&ssl=1\",\"contentUrl\":\"https:\\\/\\\/i0.wp.com\\\/landioustravel.com\\\/wp-content\\\/uploads\\\/2018\\\/11\\\/Grand-Aquarium-Excursion-Hurghada-e1669666185802.jpg?fit=1200%2C675&ssl=1\",\"width\":1200,\"height\":675,\"caption\":\"Grand Aquarium Excursion Hurghada\"},{\"@type\":\"BreadcrumbList\",\"@id\":\"https:\\\/\\\/landioustravel.com\\\/es\\\/shop\\\/excursion-acuario-hurghada\\\/#breadcrumb\",\"itemListElement\":[{\"@type\":\"ListItem\",\"position\":1,\"name\":\"Home\",\"item\":\"https:\\\/\\\/landioustravel.com\\\/es\\\/\"},{\"@type\":\"ListItem\",\"position\":2,\"name\":\"Servicios y Tours\",\"item\":\"https:\\\/\\\/landioustravel.com\\\/es\\\/\"},{\"@type\":\"ListItem\",\"position\":3,\"name\":\"Excursi\u00f3n al acuario desde Hurghada\"}]},{\"@type\":\"WebSite\",\"@id\":\"https:\\\/\\\/landioustravel.com\\\/es\\\/#website\",\"url\":\"https:\\\/\\\/landioustravel.com\\\/es\\\/\",\"name\":\"Landious Travel\",\"description\":\"Tours and Excursions in Egypt\",\"publisher\":{\"@id\":\"https:\\\/\\\/landioustravel.com\\\/es\\\/#organization\"},\"potentialAction\":[{\"@type\":\"SearchAction\",\"target\":{\"@type\":\"EntryPoint\",\"urlTemplate\":\"https:\\\/\\\/landioustravel.com\\\/es\\\/?s={search_term_string}\"},\"query-input\":{\"@type\":\"PropertyValueSpecification\",\"valueRequired\":true,\"valueName\":\"search_term_string\"}}],\"inLanguage\":\"es\"},{\"@type\":[\"Organization\",\"Place\"],\"@id\":\"https:\\\/\\\/landioustravel.com\\\/es\\\/#organization\",\"name\":\"Landious Travel\",\"alternateName\":\"Landious Travel\",\"url\":\"https:\\\/\\\/landioustravel.com\\\/es\\\/\",\"logo\":{\"@id\":\"https:\\\/\\\/landioustravel.com\\\/es\\\/shop\\\/excursion-acuario-hurghada\\\/#local-main-organization-logo\"},\"image\":{\"@id\":\"https:\\\/\\\/landioustravel.com\\\/es\\\/shop\\\/excursion-acuario-hurghada\\\/#local-main-organization-logo\"},\"sameAs\":[\"https:\\\/\\\/web.facebook.com\\\/landiousEgypt\",\"https:\\\/\\\/x.com\\\/LandiousTours\",\"https:\\\/\\\/mastodon.social\\\/@landious\"],\"legalName\":\"Landious Travel\",\"telephone\":[],\"openingHoursSpecification\":[{\"@type\":\"OpeningHoursSpecification\",\"dayOfWeek\":[\"Monday\",\"Tuesday\",\"Wednesday\",\"Thursday\",\"Friday\",\"Saturday\",\"Sunday\"],\"opens\":\"09:00\",\"closes\":\"17:00\"}]},{\"@type\":\"ImageObject\",\"inLanguage\":\"es\",\"@id\":\"https:\\\/\\\/landioustravel.com\\\/es\\\/shop\\\/excursion-acuario-hurghada\\\/#local-main-organization-logo\",\"url\":\"https:\\\/\\\/i0.wp.com\\\/landioustravel.com\\\/wp-content\\\/uploads\\\/2021\\\/06\\\/Landious-T.png?fit=500%2C500&ssl=1\",\"contentUrl\":\"https:\\\/\\\/i0.wp.com\\\/landioustravel.com\\\/wp-content\\\/uploads\\\/2021\\\/06\\\/Landious-T.png?fit=500%2C500&ssl=1\",\"width\":500,\"height\":500,\"caption\":\"Landious Travel\"}]}<\/script>\n<!-- \/ Yoast SEO Premium plugin. -->","yoast_head_json":{"title":"Excursi\u00f3n al acuario desde Hurghada","description":"Excursi\u00f3n al acuario desde Hurghada se dirige al acuario m\u00e1s grande de la ciudad. El centro consta de acuarios de efecto 3D, piscinas al aire libre y un","robots":{"index":"index","follow":"follow","max-snippet":"max-snippet:-1","max-image-preview":"max-image-preview:large","max-video-preview":"max-video-preview:-1"},"canonical":"https:\/\/landioustravel.com\/es\/shop\/excursion-acuario-hurghada\/","og_locale":"es_ES","og_type":"article","og_title":"Excursi\u00f3n al acuario desde Hurghada","og_description":"Landious Travel","og_url":"https:\/\/landioustravel.com\/es\/shop\/excursion-acuario-hurghada\/","og_site_name":"Landious Travel","article_publisher":"https:\/\/web.facebook.com\/landiousEgypt","article_modified_time":"2024-03-21T17:20:10+00:00","og_image":[{"width":1200,"height":675,"url":"https:\/\/i0.wp.com\/landioustravel.com\/wp-content\/uploads\/2018\/11\/Grand-Aquarium-Excursion-Hurghada-e1669666185802.jpg?fit=1200%2C675&ssl=1","type":"image\/jpeg"}],"twitter_card":"summary_large_image","twitter_site":"@LandiousTours","twitter_misc":{"Tiempo de lectura":"1 minuto"},"schema":{"@context":"https:\/\/schema.org","@graph":[{"@type":"WebPage","@id":"https:\/\/landioustravel.com\/es\/shop\/excursion-acuario-hurghada\/","url":"https:\/\/landioustravel.com\/es\/shop\/excursion-acuario-hurghada\/","name":"Excursi\u00f3n al acuario desde Hurghada","isPartOf":{"@id":"https:\/\/landioustravel.com\/es\/#website"},"primaryImageOfPage":{"@id":"https:\/\/landioustravel.com\/es\/shop\/excursion-acuario-hurghada\/#primaryimage"},"image":{"@id":"https:\/\/landioustravel.com\/es\/shop\/excursion-acuario-hurghada\/#primaryimage"},"thumbnailUrl":"https:\/\/i0.wp.com\/landioustravel.com\/wp-content\/uploads\/2018\/11\/Grand-Aquarium-Excursion-Hurghada-e1669666185802.jpg?fit=1200%2C675&ssl=1","datePublished":"2018-11-23T16:34:37+00:00","dateModified":"2024-03-21T17:20:10+00:00","description":"Excursi\u00f3n al acuario desde Hurghada se dirige al acuario m\u00e1s grande de la ciudad. El centro consta de acuarios de efecto 3D, piscinas al aire libre y un","breadcrumb":{"@id":"https:\/\/landioustravel.com\/es\/shop\/excursion-acuario-hurghada\/#breadcrumb"},"inLanguage":"es","potentialAction":[{"@type":"ReadAction","target":["https:\/\/landioustravel.com\/es\/shop\/excursion-acuario-hurghada\/"]}]},{"@type":"ImageObject","inLanguage":"es","@id":"https:\/\/landioustravel.com\/es\/shop\/excursion-acuario-hurghada\/#primaryimage","url":"https:\/\/i0.wp.com\/landioustravel.com\/wp-content\/uploads\/2018\/11\/Grand-Aquarium-Excursion-Hurghada-e1669666185802.jpg?fit=1200%2C675&ssl=1","contentUrl":"https:\/\/i0.wp.com\/landioustravel.com\/wp-content\/uploads\/2018\/11\/Grand-Aquarium-Excursion-Hurghada-e1669666185802.jpg?fit=1200%2C675&ssl=1","width":1200,"height":675,"caption":"Grand Aquarium Excursion Hurghada"},{"@type":"BreadcrumbList","@id":"https:\/\/landioustravel.com\/es\/shop\/excursion-acuario-hurghada\/#breadcrumb","itemListElement":[{"@type":"ListItem","position":1,"name":"Home","item":"https:\/\/landioustravel.com\/es\/"},{"@type":"ListItem","position":2,"name":"Servicios y Tours","item":"https:\/\/landioustravel.com\/es\/"},{"@type":"ListItem","position":3,"name":"Excursi\u00f3n al acuario desde Hurghada"}]},{"@type":"WebSite","@id":"https:\/\/landioustravel.com\/es\/#website","url":"https:\/\/landioustravel.com\/es\/","name":"Landious Travel","description":"Tours and Excursions in Egypt","publisher":{"@id":"https:\/\/landioustravel.com\/es\/#organization"},"potentialAction":[{"@type":"SearchAction","target":{"@type":"EntryPoint","urlTemplate":"https:\/\/landioustravel.com\/es\/?s={search_term_string}"},"query-input":{"@type":"PropertyValueSpecification","valueRequired":true,"valueName":"search_term_string"}}],"inLanguage":"es"},{"@type":["Organization","Place"],"@id":"https:\/\/landioustravel.com\/es\/#organization","name":"Landious Travel","alternateName":"Landious Travel","url":"https:\/\/landioustravel.com\/es\/","logo":{"@id":"https:\/\/landioustravel.com\/es\/shop\/excursion-acuario-hurghada\/#local-main-organization-logo"},"image":{"@id":"https:\/\/landioustravel.com\/es\/shop\/excursion-acuario-hurghada\/#local-main-organization-logo"},"sameAs":["https:\/\/web.facebook.com\/landiousEgypt","https:\/\/x.com\/LandiousTours","https:\/\/mastodon.social\/@landious"],"legalName":"Landious Travel","telephone":[],"openingHoursSpecification":[{"@type":"OpeningHoursSpecification","dayOfWeek":["Monday","Tuesday","Wednesday","Thursday","Friday","Saturday","Sunday"],"opens":"09:00","closes":"17:00"}]},{"@type":"ImageObject","inLanguage":"es","@id":"https:\/\/landioustravel.com\/es\/shop\/excursion-acuario-hurghada\/#local-main-organization-logo","url":"https:\/\/i0.wp.com\/landioustravel.com\/wp-content\/uploads\/2021\/06\/Landious-T.png?fit=500%2C500&ssl=1","contentUrl":"https:\/\/i0.wp.com\/landioustravel.com\/wp-content\/uploads\/2021\/06\/Landious-T.png?fit=500%2C500&ssl=1","width":500,"height":500,"caption":"Landious Travel"}]}},"jetpack_publicize_connections":[],"uagb_featured_image_src":{"full":["https:\/\/i0.wp.com\/landioustravel.com\/wp-content\/uploads\/2018\/11\/Grand-Aquarium-Excursion-Hurghada-e1669666185802.jpg?fit=1200%2C675&ssl=1",1200,675,false],"thumbnail":["https:\/\/i0.wp.com\/landioustravel.com\/wp-content\/uploads\/2018\/11\/Grand-Aquarium-Excursion-Hurghada-e1669666185802.jpg?resize=150%2C150&ssl=1",150,150,true],"medium":["https:\/\/i0.wp.com\/landioustravel.com\/wp-content\/uploads\/2018\/11\/Grand-Aquarium-Excursion-Hurghada-e1669666185802.jpg?fit=300%2C169&ssl=1",300,169,true],"medium_large":["https:\/\/i0.wp.com\/landioustravel.com\/wp-content\/uploads\/2018\/11\/Grand-Aquarium-Excursion-Hurghada-e1669666185802.jpg?fit=768%2C432&ssl=1",768,432,true],"large":["https:\/\/i0.wp.com\/landioustravel.com\/wp-content\/uploads\/2018\/11\/Grand-Aquarium-Excursion-Hurghada-e1669666185802.jpg?fit=980%2C551&ssl=1",980,551,true],"1536x1536":["https:\/\/i0.wp.com\/landioustravel.com\/wp-content\/uploads\/2018\/11\/Grand-Aquarium-Excursion-Hurghada-e1669666185802.jpg?fit=1536%2C864&ssl=1",1536,864,true],"2048x2048":["https:\/\/i0.wp.com\/landioustravel.com\/wp-content\/uploads\/2018\/11\/Grand-Aquarium-Excursion-Hurghada-e1669666185802.jpg?fit=1200%2C675&ssl=1",1200,675,true],"newspack-article-block-landscape-large":["https:\/\/i0.wp.com\/landioustravel.com\/wp-content\/uploads\/2018\/11\/Grand-Aquarium-Excursion-Hurghada-e1669666185802.jpg?resize=1200%2C675&ssl=1",1200,675,true],"newspack-article-block-portrait-large":["https:\/\/i0.wp.com\/landioustravel.com\/wp-content\/uploads\/2018\/11\/Grand-Aquarium-Excursion-Hurghada-e1669666185802.jpg?resize=900%2C675&ssl=1",900,675,true],"newspack-article-block-square-large":["https:\/\/i0.wp.com\/landioustravel.com\/wp-content\/uploads\/2018\/11\/Grand-Aquarium-Excursion-Hurghada-e1669666185802.jpg?resize=1200%2C675&ssl=1",1200,675,true],"newspack-article-block-landscape-medium":["https:\/\/i0.wp.com\/landioustravel.com\/wp-content\/uploads\/2018\/11\/Grand-Aquarium-Excursion-Hurghada-e1669666185802.jpg?resize=800%2C600&ssl=1",800,600,true],"newspack-article-block-portrait-medium":["https:\/\/i0.wp.com\/landioustravel.com\/wp-content\/uploads\/2018\/11\/Grand-Aquarium-Excursion-Hurghada-e1669666185802.jpg?resize=600%2C675&ssl=1",600,675,true],"newspack-article-block-square-medium":["https:\/\/i0.wp.com\/landioustravel.com\/wp-content\/uploads\/2018\/11\/Grand-Aquarium-Excursion-Hurghada-e1669666185802.jpg?resize=800%2C675&ssl=1",800,675,true],"newspack-article-block-landscape-intermediate":["https:\/\/i0.wp.com\/landioustravel.com\/wp-content\/uploads\/2018\/11\/Grand-Aquarium-Excursion-Hurghada-e1669666185802.jpg?resize=600%2C450&ssl=1",600,450,true],"newspack-article-block-portrait-intermediate":["https:\/\/i0.wp.com\/landioustravel.com\/wp-content\/uploads\/2018\/11\/Grand-Aquarium-Excursion-Hurghada-e1669666185802.jpg?resize=450%2C600&ssl=1",450,600,true],"newspack-article-block-square-intermediate":["https:\/\/i0.wp.com\/landioustravel.com\/wp-content\/uploads\/2018\/11\/Grand-Aquarium-Excursion-Hurghada-e1669666185802.jpg?resize=600%2C600&ssl=1",600,600,true],"newspack-article-block-landscape-small":["https:\/\/i0.wp.com\/landioustravel.com\/wp-content\/uploads\/2018\/11\/Grand-Aquarium-Excursion-Hurghada-e1669666185802.jpg?resize=400%2C300&ssl=1",400,300,true],"newspack-article-block-portrait-small":["https:\/\/i0.wp.com\/landioustravel.com\/wp-content\/uploads\/2018\/11\/Grand-Aquarium-Excursion-Hurghada-e1669666185802.jpg?resize=300%2C400&ssl=1",300,400,true],"newspack-article-block-square-small":["https:\/\/i0.wp.com\/landioustravel.com\/wp-content\/uploads\/2018\/11\/Grand-Aquarium-Excursion-Hurghada-e1669666185802.jpg?resize=400%2C400&ssl=1",400,400,true],"newspack-article-block-landscape-tiny":["https:\/\/i0.wp.com\/landioustravel.com\/wp-content\/uploads\/2018\/11\/Grand-Aquarium-Excursion-Hurghada-e1669666185802.jpg?resize=200%2C150&ssl=1",200,150,true],"newspack-article-block-portrait-tiny":["https:\/\/i0.wp.com\/landioustravel.com\/wp-content\/uploads\/2018\/11\/Grand-Aquarium-Excursion-Hurghada-e1669666185802.jpg?resize=150%2C200&ssl=1",150,200,true],"newspack-article-block-square-tiny":["https:\/\/i0.wp.com\/landioustravel.com\/wp-content\/uploads\/2018\/11\/Grand-Aquarium-Excursion-Hurghada-e1669666185802.jpg?resize=200%2C200&ssl=1",200,200,true],"newspack-article-block-uncropped":["https:\/\/i0.wp.com\/landioustravel.com\/wp-content\/uploads\/2018\/11\/Grand-Aquarium-Excursion-Hurghada-e1669666185802.jpg?fit=1200%2C675&ssl=1",1200,675,true],"woocommerce_thumbnail":["https:\/\/i0.wp.com\/landioustravel.com\/wp-content\/uploads\/2018\/11\/Grand-Aquarium-Excursion-Hurghada-e1669666185802.jpg?resize=324%2C324&ssl=1",324,324,true],"woocommerce_single":["https:\/\/i0.wp.com\/landioustravel.com\/wp-content\/uploads\/2018\/11\/Grand-Aquarium-Excursion-Hurghada-e1669666185802.jpg?fit=416%2C234&ssl=1",416,234,true],"woocommerce_gallery_thumbnail":["https:\/\/i0.wp.com\/landioustravel.com\/wp-content\/uploads\/2018\/11\/Grand-Aquarium-Excursion-Hurghada-e1669666185802.jpg?resize=100%2C100&ssl=1",100,100,true]},"uagb_author_info":{"display_name":"Mofreh Landious","author_link":"https:\/\/landioustravel.com\/es\/author\/"},"uagb_comment_info":3,"uagb_excerpt":"\u00bfEst\u00e1s ansioso por experimentar un recorrido cultural y educativo con tus hijos, donde puedan aprender sobre la diversa vida marina del Mar Rojo? \u00a1No busque m\u00e1s all\u00e1 del Gran Acuario en Hurghada! Con m\u00e1s de 1000 especies de peces de colores en exhibici\u00f3n en tanques de vidrio, su familia quedar\u00e1 hipnotizada. Nuestro recorrido por el&hellip;","jetpack_sharing_enabled":true,"jetpack_likes_enabled":true,"amp_enabled":true,"_links":{"self":[{"href":"https:\/\/landioustravel.com\/es\/wp-json\/wp\/v2\/product\/2139","targetHints":{"allow":["GET"]}}],"collection":[{"href":"https:\/\/landioustravel.com\/es\/wp-json\/wp\/v2\/product"}],"about":[{"href":"https:\/\/landioustravel.com\/es\/wp-json\/wp\/v2\/types\/product"}],"replies":[{"embeddable":true,"href":"https:\/\/landioustravel.com\/es\/wp-json\/wp\/v2\/comments?post=2139"}],"wp:featuredmedia":[{"embeddable":true,"href":"https:\/\/landioustravel.com\/es\/wp-json\/wp\/v2\/media\/100555"}],"wp:attachment":[{"href":"https:\/\/landioustravel.com\/es\/wp-json\/wp\/v2\/media?parent=2139"}],"wp:term":[{"taxonomy":"product_brand","embeddable":true,"href":"https:\/\/landioustravel.com\/es\/wp-json\/wp\/v2\/product_brand?post=2139"},{"taxonomy":"product_cat","embeddable":true,"href":"https:\/\/landioustravel.com\/es\/wp-json\/wp\/v2\/product_cat?post=2139"},{"taxonomy":"product_tag","embeddable":true,"href":"https:\/\/landioustravel.com\/es\/wp-json\/wp\/v2\/product_tag?post=2139"}],"curies":[{"name":"wp","href":"https:\/\/api.w.org\/{rel}","templated":true}]}}