{"id":2149,"date":"2018-11-19T15:43:39","date_gmt":"2018-11-19T13:43:39","guid":{"rendered":"https:\/\/landioustravel.com\/product\/excursion-jeep-safari-en-hurghada\/"},"modified":"2024-05-30T09:18:05","modified_gmt":"2024-05-30T06:18:05","slug":"excursion-jeep-safari-en-hurghada","status":"publish","type":"product","link":"https:\/\/landioustravel.com\/es\/shop\/excursion-jeep-safari-en-hurghada\/","title":{"rendered":"Excursi\u00f3n Super Jeep-Safari en Hurghada"},"content":{"rendered":"<p>\u00a1Una excursi\u00f3n muy activa en Jeep Safari en Hurghada! Recomendamos el viaje porque permite a los turistas pasar un buen rato en jeeps por una larga distancia: 50 km, ver el desierto en Egipto y conocer la cultura beduina.<\/p>\n<h2>Los principales puntos del programa de excursiones en Jeep Safari<\/h2>\n<ul>\n<li>Paseos en jeep por 50 km en el desierto.<\/li>\n<li>Luego, montar en camello.<\/li>\n<li>A continuaci\u00f3n, visitando el terrario.<\/li>\n<li>Y, el pueblo beduino.<\/li>\n<li>A\u00fan as\u00ed, tiene tiempo para cenar y bailes orientales.<\/li>\n<\/ul>\n<h3>Programa de excursiones Jeep Safari desde Hurghada<\/h3>\n<ul>\n<li>Le recogen en el hotel aproximadamente a las 13:00.<\/li>\n<li>Despu\u00e9s de recoger a todos los reci\u00e9n llegados, el jeep conduce hacia el desierto, donde hay una base de jeep. Se tarda aproximadamente 20 minutos en llegar.<\/li>\n<li>Primero, tendr\u00e1s que ponerte las gafas de sol y atarte un pa\u00f1uelo en la cabeza.<\/li>\n<li>Despu\u00e9s de eso, hay una instrucci\u00f3n y un entrenamiento por un poco de tiempo.<\/li>\n<li>Adem\u00e1s, recorre las colinas y las monta\u00f1as del desierto durante 25 km hasta llegar al pueblo beduino.<\/li>\n<li>Tan pronto como llegues a la aldea beduina, har\u00e1s paseos en camello y tomar\u00e1s fotos con los beduinos.<\/li>\n<li>Entonces, usted visita el terrario<\/li>\n<li>Despu\u00e9s de visitar el terrario, el gu\u00eda te acompa\u00f1a al pueblo beduino. \u00c9l muestra c\u00f3mo los beduinos cocinan el pan y c\u00f3mo se visten.<\/li>\n<li>En la carpa beduina, consigues la cena. Y m\u00e1s, miras los bailes orientales y ves las estrellas a trav\u00e9s de un telescopio.<\/li>\n<li>Entonces, te preparas para retroceder 25 km en el desierto.<\/li>\n<\/ul>\n<h4>Lo que est\u00e1 incluido en el precio del viaje<\/h4>\n<ul>\n<li>Almuerzo<\/li>\n<li>Traslado al desierto y regreso al hotel.<\/li>\n<\/ul>\n<h5>Lo que no est\u00e1 incluido en el precio del tour<\/h5>\n<ul>\n<li>Video DVD<\/li>\n<li>CD de fotos<\/li>\n<\/ul>\n<h6>Que llevar contigo para el viaje<\/h6>\n<ul>\n<li>Bufanda<\/li>\n<li>Gafas de sol<\/li>\n<\/ul>\n<h6>D\u00cdAS DE LA ORGANIZACI\u00d3N DE EXCURSIONES<\/h6>\n<ul>\n<li>Todos los d\u00edas de 13:00 a 19:00.<\/li>\n<\/ul>\n","protected":false},"excerpt":{"rendered":"<p>Emb\u00e1rquese en una aventura inolvidable en el desierto cerca de Hurghada con nuestro programa Jeep Safari. Nuestro recorrido ofrece una experiencia emocionante en la que viajar\u00e1 en un jeep, conocer\u00e1 a los beduinos y aprender\u00e1 sobre su cultura. Tambi\u00e9n tendr\u00e1s la oportunidad de montar en camello, visitar un terrario y disfrutar de una deliciosa cena con danzas orientales. El precio del tour incluye los traslados y la cena, as\u00ed que todo lo que tienes que hacer es sentarte, relajarte y disfrutar del viaje.<\/p>\n<p>\u00danase a nosotros en nuestra aventura en jeep al pueblo beduino de Hurghada y experimente la magia del Sahara. Nuestro equipo lo recoger\u00e1 de su hotel en un Jeep 4&#215;4 y lo llevar\u00e1 a nuestro centro de safari, donde podr\u00e1 tomar un descanso y encontrarse con su gu\u00eda tur\u00edstico.<\/p>\n<p>Entendemos la importancia de la naturaleza y c\u00f3mo puede traer paz y alegr\u00eda a la vida. Por eso te ofrecemos la oportunidad de explorar el desierto y disfrutar de sus maravillas. Durante el recorrido, haremos una parada para ver un espejismo y escalaremos una enorme duna de arena para disfrutar de la impresionante vista. Despu\u00e9s de un viaje de 45 minutos (30 km) con vistas a las majestuosas monta\u00f1as del Sina\u00ed, llegar\u00e1 al pueblo beduino.<\/p>\n<p>El pueblo beduino es un lugar \u00fanico donde puedes aprender sobre el estilo de vida y las tradiciones beduinas. Pruebe el delicioso pan y t\u00e9 beduino, d\u00e9 un paseo en camello y visite nuestro terrario para ver algunas de las criaturas m\u00e1s fascinantes del desierto.<\/p>\n<p>A medida que se pone el sol, disfrutar\u00e1 de una deliciosa cena beduina de buffet libre con bebidas y agua ilimitadas. Un fant\u00e1stico espect\u00e1culo oriental, que incluye Tanura y danza del vientre, tambi\u00e9n lo entretendr\u00e1. Finalmente, lo llevaremos de regreso al punto de partida con su Jeep 4x4WD.<\/p>\n<p>Esperamos que se una a nosotros en esta aventura y cree recuerdos inolvidables que durar\u00e1n toda la vida.<\/p>\n","protected":false},"featured_media":100603,"comment_status":"open","ping_status":"closed","template":"","meta":{"_coblocks_attr":"","_coblocks_dimensions":"","_coblocks_responsive_height":"","_coblocks_accordion_ie_support":"","_uag_custom_page_level_css":"","jetpack_post_was_ever_published":false,"jetpack_publicize_message":"","jetpack_publicize_feature_enabled":true,"jetpack_social_post_already_shared":false,"jetpack_social_options":{"image_generator_settings":{"template":"highway","default_image_id":0,"font":"","enabled":false},"version":2},"_wpas_customize_per_network":false},"product_brand":[],"product_cat":[1790,1785],"product_tag":[1797,1808,1834,1826],"class_list":{"0":"post-2149","1":"product","2":"type-product","3":"status-publish","4":"has-post-thumbnail","6":"product_cat-excursiones-safari-desierto-hurghada","7":"product_cat-excursiones-en-hurghada","8":"product_tag-excursion-es","9":"product_tag-hurghada-es","10":"product_tag-safari-es","11":"product_tag-safari-en-jeep","12":"pa_age-el-adulto","13":"pa_age-nino","15":"first","16":"instock","17":"sale","18":"purchasable","19":"product-type-variable"},"yoast_head":"<!-- This site is optimized with the Yoast SEO Premium plugin v26.9 (Yoast SEO v27.3) - https:\/\/yoast.com\/product\/yoast-seo-premium-wordpress\/ -->\n<title>Excursi\u00f3n Super Jeep-Safari en Hurghada<\/title>\n<meta name=\"description\" content=\"Excursi\u00f3n Super Jeep-Safari en Hurghada montar en jeep, camello, ver un terrario y visitar a los beduinos antiguos. El programa incluye cena y baile.\" \/>\n<meta name=\"robots\" content=\"index, follow, max-snippet:-1, max-image-preview:large, max-video-preview:-1\" \/>\n<link rel=\"canonical\" href=\"https:\/\/landioustravel.com\/es\/shop\/excursion-jeep-safari-en-hurghada\/\" \/>\n<meta property=\"og:locale\" content=\"es_ES\" \/>\n<meta property=\"og:type\" content=\"article\" \/>\n<meta property=\"og:title\" content=\"Excursi\u00f3n Super Jeep-Safari en Hurghada\" \/>\n<meta property=\"og:description\" content=\"Landious Travel\" \/>\n<meta property=\"og:url\" content=\"https:\/\/landioustravel.com\/es\/shop\/excursion-jeep-safari-en-hurghada\/\" \/>\n<meta property=\"og:site_name\" content=\"Landious Travel\" \/>\n<meta property=\"article:publisher\" content=\"https:\/\/web.facebook.com\/landiousEgypt\" \/>\n<meta property=\"article:modified_time\" content=\"2024-05-30T06:18:05+00:00\" \/>\n<meta property=\"og:image\" content=\"https:\/\/i0.wp.com\/landioustravel.com\/wp-content\/uploads\/2018\/11\/Super-Jeep-Safari-Excursion-from-Hurghada-e1669672083615.jpg?fit=1200%2C675&ssl=1\" \/>\n\t<meta property=\"og:image:width\" content=\"1200\" \/>\n\t<meta property=\"og:image:height\" content=\"675\" \/>\n\t<meta property=\"og:image:type\" content=\"image\/jpeg\" \/>\n<meta name=\"twitter:card\" content=\"summary_large_image\" \/>\n<meta name=\"twitter:site\" content=\"@LandiousTours\" \/>\n<meta name=\"twitter:label1\" content=\"Tiempo de lectura\" \/>\n\t<meta name=\"twitter:data1\" content=\"2 minutos\" \/>\n<script type=\"application\/ld+json\" class=\"yoast-schema-graph\">{\"@context\":\"https:\\\/\\\/schema.org\",\"@graph\":[{\"@type\":\"WebPage\",\"@id\":\"https:\\\/\\\/landioustravel.com\\\/es\\\/shop\\\/excursion-jeep-safari-en-hurghada\\\/\",\"url\":\"https:\\\/\\\/landioustravel.com\\\/es\\\/shop\\\/excursion-jeep-safari-en-hurghada\\\/\",\"name\":\"Excursi\u00f3n Super Jeep-Safari en Hurghada\",\"isPartOf\":{\"@id\":\"https:\\\/\\\/landioustravel.com\\\/es\\\/#website\"},\"primaryImageOfPage\":{\"@id\":\"https:\\\/\\\/landioustravel.com\\\/es\\\/shop\\\/excursion-jeep-safari-en-hurghada\\\/#primaryimage\"},\"image\":{\"@id\":\"https:\\\/\\\/landioustravel.com\\\/es\\\/shop\\\/excursion-jeep-safari-en-hurghada\\\/#primaryimage\"},\"thumbnailUrl\":\"https:\\\/\\\/i0.wp.com\\\/landioustravel.com\\\/wp-content\\\/uploads\\\/2018\\\/11\\\/Super-Jeep-Safari-Excursion-from-Hurghada-e1669672083615.jpg?fit=1200%2C675&ssl=1\",\"datePublished\":\"2018-11-19T13:43:39+00:00\",\"dateModified\":\"2024-05-30T06:18:05+00:00\",\"description\":\"Excursi\u00f3n Super Jeep-Safari en Hurghada montar en jeep, camello, ver un terrario y visitar a los beduinos antiguos. El programa incluye cena y baile.\",\"breadcrumb\":{\"@id\":\"https:\\\/\\\/landioustravel.com\\\/es\\\/shop\\\/excursion-jeep-safari-en-hurghada\\\/#breadcrumb\"},\"inLanguage\":\"es\",\"potentialAction\":[{\"@type\":\"ReadAction\",\"target\":[\"https:\\\/\\\/landioustravel.com\\\/es\\\/shop\\\/excursion-jeep-safari-en-hurghada\\\/\"]}]},{\"@type\":\"ImageObject\",\"inLanguage\":\"es\",\"@id\":\"https:\\\/\\\/landioustravel.com\\\/es\\\/shop\\\/excursion-jeep-safari-en-hurghada\\\/#primaryimage\",\"url\":\"https:\\\/\\\/i0.wp.com\\\/landioustravel.com\\\/wp-content\\\/uploads\\\/2018\\\/11\\\/Super-Jeep-Safari-Excursion-from-Hurghada-e1669672083615.jpg?fit=1200%2C675&ssl=1\",\"contentUrl\":\"https:\\\/\\\/i0.wp.com\\\/landioustravel.com\\\/wp-content\\\/uploads\\\/2018\\\/11\\\/Super-Jeep-Safari-Excursion-from-Hurghada-e1669672083615.jpg?fit=1200%2C675&ssl=1\",\"width\":1200,\"height\":675,\"caption\":\"Super Jeep Safari Excursion from Hurghada\"},{\"@type\":\"BreadcrumbList\",\"@id\":\"https:\\\/\\\/landioustravel.com\\\/es\\\/shop\\\/excursion-jeep-safari-en-hurghada\\\/#breadcrumb\",\"itemListElement\":[{\"@type\":\"ListItem\",\"position\":1,\"name\":\"Home\",\"item\":\"https:\\\/\\\/landioustravel.com\\\/es\\\/\"},{\"@type\":\"ListItem\",\"position\":2,\"name\":\"Servicios y Tours\",\"item\":\"https:\\\/\\\/landioustravel.com\\\/es\\\/\"},{\"@type\":\"ListItem\",\"position\":3,\"name\":\"Excursi\u00f3n Super Jeep-Safari en Hurghada\"}]},{\"@type\":\"WebSite\",\"@id\":\"https:\\\/\\\/landioustravel.com\\\/es\\\/#website\",\"url\":\"https:\\\/\\\/landioustravel.com\\\/es\\\/\",\"name\":\"Landious Travel\",\"description\":\"Tours and Excursions in Egypt\",\"publisher\":{\"@id\":\"https:\\\/\\\/landioustravel.com\\\/es\\\/#organization\"},\"potentialAction\":[{\"@type\":\"SearchAction\",\"target\":{\"@type\":\"EntryPoint\",\"urlTemplate\":\"https:\\\/\\\/landioustravel.com\\\/es\\\/?s={search_term_string}\"},\"query-input\":{\"@type\":\"PropertyValueSpecification\",\"valueRequired\":true,\"valueName\":\"search_term_string\"}}],\"inLanguage\":\"es\"},{\"@type\":[\"Organization\",\"Place\"],\"@id\":\"https:\\\/\\\/landioustravel.com\\\/es\\\/#organization\",\"name\":\"Landious Travel\",\"alternateName\":\"Landious Travel\",\"url\":\"https:\\\/\\\/landioustravel.com\\\/es\\\/\",\"logo\":{\"@id\":\"https:\\\/\\\/landioustravel.com\\\/es\\\/shop\\\/excursion-jeep-safari-en-hurghada\\\/#local-main-organization-logo\"},\"image\":{\"@id\":\"https:\\\/\\\/landioustravel.com\\\/es\\\/shop\\\/excursion-jeep-safari-en-hurghada\\\/#local-main-organization-logo\"},\"sameAs\":[\"https:\\\/\\\/web.facebook.com\\\/landiousEgypt\",\"https:\\\/\\\/x.com\\\/LandiousTours\",\"https:\\\/\\\/mastodon.social\\\/@landious\"],\"legalName\":\"Landious Travel\",\"telephone\":[],\"openingHoursSpecification\":[{\"@type\":\"OpeningHoursSpecification\",\"dayOfWeek\":[\"Monday\",\"Tuesday\",\"Wednesday\",\"Thursday\",\"Friday\",\"Saturday\",\"Sunday\"],\"opens\":\"09:00\",\"closes\":\"17:00\"}]},{\"@type\":\"ImageObject\",\"inLanguage\":\"es\",\"@id\":\"https:\\\/\\\/landioustravel.com\\\/es\\\/shop\\\/excursion-jeep-safari-en-hurghada\\\/#local-main-organization-logo\",\"url\":\"https:\\\/\\\/i0.wp.com\\\/landioustravel.com\\\/wp-content\\\/uploads\\\/2021\\\/06\\\/Landious-T.png?fit=500%2C500&ssl=1\",\"contentUrl\":\"https:\\\/\\\/i0.wp.com\\\/landioustravel.com\\\/wp-content\\\/uploads\\\/2021\\\/06\\\/Landious-T.png?fit=500%2C500&ssl=1\",\"width\":500,\"height\":500,\"caption\":\"Landious Travel\"}]}<\/script>\n<!-- \/ Yoast SEO Premium plugin. -->","yoast_head_json":{"title":"Excursi\u00f3n Super Jeep-Safari en Hurghada","description":"Excursi\u00f3n Super Jeep-Safari en Hurghada montar en jeep, camello, ver un terrario y visitar a los beduinos antiguos. El programa incluye cena y baile.","robots":{"index":"index","follow":"follow","max-snippet":"max-snippet:-1","max-image-preview":"max-image-preview:large","max-video-preview":"max-video-preview:-1"},"canonical":"https:\/\/landioustravel.com\/es\/shop\/excursion-jeep-safari-en-hurghada\/","og_locale":"es_ES","og_type":"article","og_title":"Excursi\u00f3n Super Jeep-Safari en Hurghada","og_description":"Landious Travel","og_url":"https:\/\/landioustravel.com\/es\/shop\/excursion-jeep-safari-en-hurghada\/","og_site_name":"Landious Travel","article_publisher":"https:\/\/web.facebook.com\/landiousEgypt","article_modified_time":"2024-05-30T06:18:05+00:00","og_image":[{"width":1200,"height":675,"url":"https:\/\/i0.wp.com\/landioustravel.com\/wp-content\/uploads\/2018\/11\/Super-Jeep-Safari-Excursion-from-Hurghada-e1669672083615.jpg?fit=1200%2C675&ssl=1","type":"image\/jpeg"}],"twitter_card":"summary_large_image","twitter_site":"@LandiousTours","twitter_misc":{"Tiempo de lectura":"2 minutos"},"schema":{"@context":"https:\/\/schema.org","@graph":[{"@type":"WebPage","@id":"https:\/\/landioustravel.com\/es\/shop\/excursion-jeep-safari-en-hurghada\/","url":"https:\/\/landioustravel.com\/es\/shop\/excursion-jeep-safari-en-hurghada\/","name":"Excursi\u00f3n Super Jeep-Safari en Hurghada","isPartOf":{"@id":"https:\/\/landioustravel.com\/es\/#website"},"primaryImageOfPage":{"@id":"https:\/\/landioustravel.com\/es\/shop\/excursion-jeep-safari-en-hurghada\/#primaryimage"},"image":{"@id":"https:\/\/landioustravel.com\/es\/shop\/excursion-jeep-safari-en-hurghada\/#primaryimage"},"thumbnailUrl":"https:\/\/i0.wp.com\/landioustravel.com\/wp-content\/uploads\/2018\/11\/Super-Jeep-Safari-Excursion-from-Hurghada-e1669672083615.jpg?fit=1200%2C675&ssl=1","datePublished":"2018-11-19T13:43:39+00:00","dateModified":"2024-05-30T06:18:05+00:00","description":"Excursi\u00f3n Super Jeep-Safari en Hurghada montar en jeep, camello, ver un terrario y visitar a los beduinos antiguos. El programa incluye cena y baile.","breadcrumb":{"@id":"https:\/\/landioustravel.com\/es\/shop\/excursion-jeep-safari-en-hurghada\/#breadcrumb"},"inLanguage":"es","potentialAction":[{"@type":"ReadAction","target":["https:\/\/landioustravel.com\/es\/shop\/excursion-jeep-safari-en-hurghada\/"]}]},{"@type":"ImageObject","inLanguage":"es","@id":"https:\/\/landioustravel.com\/es\/shop\/excursion-jeep-safari-en-hurghada\/#primaryimage","url":"https:\/\/i0.wp.com\/landioustravel.com\/wp-content\/uploads\/2018\/11\/Super-Jeep-Safari-Excursion-from-Hurghada-e1669672083615.jpg?fit=1200%2C675&ssl=1","contentUrl":"https:\/\/i0.wp.com\/landioustravel.com\/wp-content\/uploads\/2018\/11\/Super-Jeep-Safari-Excursion-from-Hurghada-e1669672083615.jpg?fit=1200%2C675&ssl=1","width":1200,"height":675,"caption":"Super Jeep Safari Excursion from Hurghada"},{"@type":"BreadcrumbList","@id":"https:\/\/landioustravel.com\/es\/shop\/excursion-jeep-safari-en-hurghada\/#breadcrumb","itemListElement":[{"@type":"ListItem","position":1,"name":"Home","item":"https:\/\/landioustravel.com\/es\/"},{"@type":"ListItem","position":2,"name":"Servicios y Tours","item":"https:\/\/landioustravel.com\/es\/"},{"@type":"ListItem","position":3,"name":"Excursi\u00f3n Super Jeep-Safari en Hurghada"}]},{"@type":"WebSite","@id":"https:\/\/landioustravel.com\/es\/#website","url":"https:\/\/landioustravel.com\/es\/","name":"Landious Travel","description":"Tours and Excursions in Egypt","publisher":{"@id":"https:\/\/landioustravel.com\/es\/#organization"},"potentialAction":[{"@type":"SearchAction","target":{"@type":"EntryPoint","urlTemplate":"https:\/\/landioustravel.com\/es\/?s={search_term_string}"},"query-input":{"@type":"PropertyValueSpecification","valueRequired":true,"valueName":"search_term_string"}}],"inLanguage":"es"},{"@type":["Organization","Place"],"@id":"https:\/\/landioustravel.com\/es\/#organization","name":"Landious Travel","alternateName":"Landious Travel","url":"https:\/\/landioustravel.com\/es\/","logo":{"@id":"https:\/\/landioustravel.com\/es\/shop\/excursion-jeep-safari-en-hurghada\/#local-main-organization-logo"},"image":{"@id":"https:\/\/landioustravel.com\/es\/shop\/excursion-jeep-safari-en-hurghada\/#local-main-organization-logo"},"sameAs":["https:\/\/web.facebook.com\/landiousEgypt","https:\/\/x.com\/LandiousTours","https:\/\/mastodon.social\/@landious"],"legalName":"Landious Travel","telephone":[],"openingHoursSpecification":[{"@type":"OpeningHoursSpecification","dayOfWeek":["Monday","Tuesday","Wednesday","Thursday","Friday","Saturday","Sunday"],"opens":"09:00","closes":"17:00"}]},{"@type":"ImageObject","inLanguage":"es","@id":"https:\/\/landioustravel.com\/es\/shop\/excursion-jeep-safari-en-hurghada\/#local-main-organization-logo","url":"https:\/\/i0.wp.com\/landioustravel.com\/wp-content\/uploads\/2021\/06\/Landious-T.png?fit=500%2C500&ssl=1","contentUrl":"https:\/\/i0.wp.com\/landioustravel.com\/wp-content\/uploads\/2021\/06\/Landious-T.png?fit=500%2C500&ssl=1","width":500,"height":500,"caption":"Landious Travel"}]}},"jetpack_publicize_connections":[],"uagb_featured_image_src":{"full":["https:\/\/i0.wp.com\/landioustravel.com\/wp-content\/uploads\/2018\/11\/Super-Jeep-Safari-Excursion-from-Hurghada-e1669672083615.jpg?fit=1200%2C675&ssl=1",1200,675,false],"thumbnail":["https:\/\/i0.wp.com\/landioustravel.com\/wp-content\/uploads\/2018\/11\/Super-Jeep-Safari-Excursion-from-Hurghada-e1669672083615.jpg?resize=150%2C150&ssl=1",150,150,true],"medium":["https:\/\/i0.wp.com\/landioustravel.com\/wp-content\/uploads\/2018\/11\/Super-Jeep-Safari-Excursion-from-Hurghada-e1669672083615.jpg?fit=300%2C169&ssl=1",300,169,true],"medium_large":["https:\/\/i0.wp.com\/landioustravel.com\/wp-content\/uploads\/2018\/11\/Super-Jeep-Safari-Excursion-from-Hurghada-e1669672083615.jpg?fit=768%2C432&ssl=1",768,432,true],"large":["https:\/\/i0.wp.com\/landioustravel.com\/wp-content\/uploads\/2018\/11\/Super-Jeep-Safari-Excursion-from-Hurghada-e1669672083615.jpg?fit=980%2C551&ssl=1",980,551,true],"1536x1536":["https:\/\/i0.wp.com\/landioustravel.com\/wp-content\/uploads\/2018\/11\/Super-Jeep-Safari-Excursion-from-Hurghada-e1669672083615.jpg?fit=1200%2C675&ssl=1",1200,675,true],"2048x2048":["https:\/\/i0.wp.com\/landioustravel.com\/wp-content\/uploads\/2018\/11\/Super-Jeep-Safari-Excursion-from-Hurghada-e1669672083615.jpg?fit=1200%2C675&ssl=1",1200,675,true],"newspack-article-block-landscape-large":["https:\/\/i0.wp.com\/landioustravel.com\/wp-content\/uploads\/2018\/11\/Super-Jeep-Safari-Excursion-from-Hurghada-e1669672083615.jpg?resize=1200%2C675&ssl=1",1200,675,true],"newspack-article-block-portrait-large":["https:\/\/i0.wp.com\/landioustravel.com\/wp-content\/uploads\/2018\/11\/Super-Jeep-Safari-Excursion-from-Hurghada-e1669672083615.jpg?resize=900%2C675&ssl=1",900,675,true],"newspack-article-block-square-large":["https:\/\/i0.wp.com\/landioustravel.com\/wp-content\/uploads\/2018\/11\/Super-Jeep-Safari-Excursion-from-Hurghada-e1669672083615.jpg?resize=1200%2C675&ssl=1",1200,675,true],"newspack-article-block-landscape-medium":["https:\/\/i0.wp.com\/landioustravel.com\/wp-content\/uploads\/2018\/11\/Super-Jeep-Safari-Excursion-from-Hurghada-e1669672083615.jpg?resize=800%2C600&ssl=1",800,600,true],"newspack-article-block-portrait-medium":["https:\/\/i0.wp.com\/landioustravel.com\/wp-content\/uploads\/2018\/11\/Super-Jeep-Safari-Excursion-from-Hurghada-e1669672083615.jpg?resize=600%2C675&ssl=1",600,675,true],"newspack-article-block-square-medium":["https:\/\/i0.wp.com\/landioustravel.com\/wp-content\/uploads\/2018\/11\/Super-Jeep-Safari-Excursion-from-Hurghada-e1669672083615.jpg?resize=800%2C675&ssl=1",800,675,true],"newspack-article-block-landscape-intermediate":["https:\/\/i0.wp.com\/landioustravel.com\/wp-content\/uploads\/2018\/11\/Super-Jeep-Safari-Excursion-from-Hurghada-e1669672083615.jpg?resize=600%2C450&ssl=1",600,450,true],"newspack-article-block-portrait-intermediate":["https:\/\/i0.wp.com\/landioustravel.com\/wp-content\/uploads\/2018\/11\/Super-Jeep-Safari-Excursion-from-Hurghada-e1669672083615.jpg?resize=450%2C600&ssl=1",450,600,true],"newspack-article-block-square-intermediate":["https:\/\/i0.wp.com\/landioustravel.com\/wp-content\/uploads\/2018\/11\/Super-Jeep-Safari-Excursion-from-Hurghada-e1669672083615.jpg?resize=600%2C600&ssl=1",600,600,true],"newspack-article-block-landscape-small":["https:\/\/i0.wp.com\/landioustravel.com\/wp-content\/uploads\/2018\/11\/Super-Jeep-Safari-Excursion-from-Hurghada-e1669672083615.jpg?resize=400%2C300&ssl=1",400,300,true],"newspack-article-block-portrait-small":["https:\/\/i0.wp.com\/landioustravel.com\/wp-content\/uploads\/2018\/11\/Super-Jeep-Safari-Excursion-from-Hurghada-e1669672083615.jpg?resize=300%2C400&ssl=1",300,400,true],"newspack-article-block-square-small":["https:\/\/i0.wp.com\/landioustravel.com\/wp-content\/uploads\/2018\/11\/Super-Jeep-Safari-Excursion-from-Hurghada-e1669672083615.jpg?resize=400%2C400&ssl=1",400,400,true],"newspack-article-block-landscape-tiny":["https:\/\/i0.wp.com\/landioustravel.com\/wp-content\/uploads\/2018\/11\/Super-Jeep-Safari-Excursion-from-Hurghada-e1669672083615.jpg?resize=200%2C150&ssl=1",200,150,true],"newspack-article-block-portrait-tiny":["https:\/\/i0.wp.com\/landioustravel.com\/wp-content\/uploads\/2018\/11\/Super-Jeep-Safari-Excursion-from-Hurghada-e1669672083615.jpg?resize=150%2C200&ssl=1",150,200,true],"newspack-article-block-square-tiny":["https:\/\/i0.wp.com\/landioustravel.com\/wp-content\/uploads\/2018\/11\/Super-Jeep-Safari-Excursion-from-Hurghada-e1669672083615.jpg?resize=200%2C200&ssl=1",200,200,true],"newspack-article-block-uncropped":["https:\/\/i0.wp.com\/landioustravel.com\/wp-content\/uploads\/2018\/11\/Super-Jeep-Safari-Excursion-from-Hurghada-e1669672083615.jpg?fit=1200%2C675&ssl=1",1200,675,true],"woocommerce_thumbnail":["https:\/\/i0.wp.com\/landioustravel.com\/wp-content\/uploads\/2018\/11\/Super-Jeep-Safari-Excursion-from-Hurghada-e1669672083615.jpg?resize=324%2C324&ssl=1",324,324,true],"woocommerce_single":["https:\/\/i0.wp.com\/landioustravel.com\/wp-content\/uploads\/2018\/11\/Super-Jeep-Safari-Excursion-from-Hurghada-e1669672083615.jpg?fit=416%2C234&ssl=1",416,234,true],"woocommerce_gallery_thumbnail":["https:\/\/i0.wp.com\/landioustravel.com\/wp-content\/uploads\/2018\/11\/Super-Jeep-Safari-Excursion-from-Hurghada-e1669672083615.jpg?resize=100%2C100&ssl=1",100,100,true]},"uagb_author_info":{"display_name":"Mofreh Landious","author_link":"https:\/\/landioustravel.com\/es\/author\/"},"uagb_comment_info":5,"uagb_excerpt":"Emb\u00e1rquese en una aventura inolvidable en el desierto cerca de Hurghada con nuestro programa Jeep Safari. Nuestro recorrido ofrece una experiencia emocionante en la que viajar\u00e1 en un jeep, conocer\u00e1 a los beduinos y aprender\u00e1 sobre su cultura. Tambi\u00e9n tendr\u00e1s la oportunidad de montar en camello, visitar un terrario y disfrutar de una deliciosa cena&hellip;","jetpack_sharing_enabled":true,"jetpack_likes_enabled":true,"amp_enabled":true,"_links":{"self":[{"href":"https:\/\/landioustravel.com\/es\/wp-json\/wp\/v2\/product\/2149","targetHints":{"allow":["GET"]}}],"collection":[{"href":"https:\/\/landioustravel.com\/es\/wp-json\/wp\/v2\/product"}],"about":[{"href":"https:\/\/landioustravel.com\/es\/wp-json\/wp\/v2\/types\/product"}],"replies":[{"embeddable":true,"href":"https:\/\/landioustravel.com\/es\/wp-json\/wp\/v2\/comments?post=2149"}],"wp:featuredmedia":[{"embeddable":true,"href":"https:\/\/landioustravel.com\/es\/wp-json\/wp\/v2\/media\/100603"}],"wp:attachment":[{"href":"https:\/\/landioustravel.com\/es\/wp-json\/wp\/v2\/media?parent=2149"}],"wp:term":[{"taxonomy":"product_brand","embeddable":true,"href":"https:\/\/landioustravel.com\/es\/wp-json\/wp\/v2\/product_brand?post=2149"},{"taxonomy":"product_cat","embeddable":true,"href":"https:\/\/landioustravel.com\/es\/wp-json\/wp\/v2\/product_cat?post=2149"},{"taxonomy":"product_tag","embeddable":true,"href":"https:\/\/landioustravel.com\/es\/wp-json\/wp\/v2\/product_tag?post=2149"}],"curies":[{"name":"wp","href":"https:\/\/api.w.org\/{rel}","templated":true}]}}