{"id":2155,"date":"2023-03-28T02:32:27","date_gmt":"2018-11-16T08:32:27","guid":{"rendered":"https:\/\/landioustravel.com\/product\/excursion-gouna-desde-hurghada\/"},"modified":"2025-11-03T19:13:40","modified_gmt":"2025-11-03T17:13:40","slug":"excursion-gouna-desde-hurghada","status":"publish","type":"product","link":"https:\/\/landioustravel.com\/es\/shop\/excursion-gouna-desde-hurghada\/","title":{"rendered":"Excursi\u00f3n a El-Gouna desde Hurghada"},"content":{"rendered":"<p>\u00a1Un viaje por mar favorito a la Venecia egipcia en Hurghada! Recomendamos el viaje porque permite a los turistas pasar un buen rato nadando en el mar. Adem\u00e1s, permite ver los hermosos corales y una variedad de peces, y disfrutar de un picnic en barco por el Mar Rojo. \u00a1El viaje te da la oportunidad de ubicarte en la Venecia egipcia _ El Gouna!<\/p>\n<h2>Los principales puntos del programa de excursiones en El Gouna<\/h2>\n<ul>\n<li>Nadando en mar abierto<\/li>\n<li>Bucear<\/li>\n<li>Almuerzo<\/li>\n<li>Pescar<\/li>\n<li>Recorrido en lancha motora por el Gouna.<\/li>\n<li>Paseo a pie en El-Gouna<\/li>\n<\/ul>\n<h3>El programa de excursiones a El Gouna desde Hurghada<\/h3>\n<ul>\n<li>Lo recogemos del hotel aproximadamente a las 08:00 am<\/li>\n<li>Despu\u00e9s de tomar todos los interesados, el autob\u00fas va al puerto. El trayecto hasta el puerto dura unos 30 minutos.<\/li>\n<li>Encontrar\u00e1s tu yate en el puerto. \u00a1Es grande y elegante! Este yate consta de dos plantas. Tan pronto como se suba al yate, es necesario quitarse el calzado y subir al segundo piso para broncearse en la cubierta superior.<\/li>\n<li>El yate se mueve a trav\u00e9s del Mar Rojo, tan pronto como el grupo se re\u00fane. Adem\u00e1s, en un hermoso lugar de mar de corales, har\u00e1s tu primera parada en mar abierto. All\u00ed podr\u00e1s nadar y bucear con m\u00e1scaras y aletas.<\/li>\n<li>Luego, toma un bote a motor para ver de cerca El Gouna. El bote atraviesa los canales de la Venecia egipcia para que pueda ver el lugar desde dentro, y el gu\u00eda mostrar\u00e1 y dar\u00e1 informaci\u00f3n sobre este lugar.<\/li>\n<li>Despu\u00e9s de tal recorrido, aterrizas en El-Gouna para comenzar un recorrido a pie por el lugar. Una vez m\u00e1s, la gu\u00eda te acompa\u00f1a y muestra los lugares de inter\u00e9s de El Gouna.<\/li>\n<li>Despu\u00e9s de eso, te llevamos de vuelta al yate. En el primer piso de su barco, el grupo se re\u00fane para almorzar. Durante el almuerzo, el buffet estar\u00e1 abierto.<\/li>\n<li>A continuaci\u00f3n, haremos una parada en otro lugar marino para atrapar un pez.<\/li>\n<li>Este programa de excursiones en El Gouna termina aproximadamente a las 16:30.<\/li>\n<\/ul>\n<h4>Lo que est\u00e1 incluido en el precio del viaje<\/h4>\n<ul>\n<li>Mascaras y aletas<\/li>\n<li>Comida y bebidas<\/li>\n<li>Traslado al puerto y regreso al hotel.<\/li>\n<\/ul>\n<h5>Lo que no est\u00e1 incluido en el precio del tour<\/h5>\n<ul>\n<li>Video DVD<\/li>\n<li>CD de fotos<\/li>\n<\/ul>\n<h6>QU\u00c9 TOMAR CON USTED PARA EL TOUR<\/h6>\n<ul>\n<li>Toalla<\/li>\n<li>Protector solar<\/li>\n<\/ul>\n<h6>D\u00cdAS DE LA ORGANIZACI\u00d3N DE EXCURSIONES<\/h6>\n<ul>\n<li>Todos los d\u00edas de 08:00 a 17:00.<\/li>\n<\/ul>\n","protected":false},"excerpt":{"rendered":"<p>La excursi\u00f3n a la Venecia egipcia desde Hurghada atrae a muchos turistas. El programa de viaje se considera rico con diversos puntos de entretenimiento. Los turistas disfrutan de un picnic en el mar a lo largo de la costa del Mar Rojo en su camino hacia la ciudad tur\u00edstica de El Gouna. A veces, existe la posibilidad de reunirse con estos delfines favoritos durante el picnic en el mar. Eso complace a todos en el yate! Adem\u00e1s, el yate se detiene en mar abierto; as\u00ed, que nuestros turistas pueden bucear con m\u00e1scaras y aletas, e ir a pescar. Tan pronto como llegue a El Gouna, comenzar\u00e1 un recorrido en lancha motora por los canales de este resort. \u00a1Es alegre ver el lugar!<\/p>\n","protected":false},"featured_media":25226,"comment_status":"open","ping_status":"closed","template":"","meta":{"_coblocks_attr":"","_coblocks_dimensions":"","_coblocks_responsive_height":"","_coblocks_accordion_ie_support":"","_uag_custom_page_level_css":"","jetpack_post_was_ever_published":false,"jetpack_publicize_message":"","jetpack_publicize_feature_enabled":true,"jetpack_social_post_already_shared":false,"jetpack_social_options":{"image_generator_settings":{"template":"highway","default_image_id":0,"font":"","enabled":false},"version":2},"_wpas_customize_per_network":false},"product_brand":[],"product_cat":[1785,1791],"product_tag":[1829,1799,1797,2147,1808,1798,1802],"class_list":{"0":"post-2155","1":"product","2":"type-product","3":"status-publish","4":"has-post-thumbnail","6":"product_cat-excursiones-en-hurghada","7":"product_cat-excursiones-marinas-hurghada","8":"product_tag-el-gouna-es","9":"product_tag-snorkel","10":"product_tag-excursion-es","11":"product_tag-excursiones-desde-hurghada","12":"product_tag-hurghada-es","13":"product_tag-mar","14":"product_tag-paseos-en-barco","16":"first","17":"instock","18":"sale","19":"virtual","20":"purchasable","21":"product-type-simple"},"yoast_head":"<!-- This site is optimized with the Yoast SEO Premium plugin v26.9 (Yoast SEO v27.3) - https:\/\/yoast.com\/product\/yoast-seo-premium-wordpress\/ -->\n<title>Excursi\u00f3n a El-Gouna desde Hurghada<\/title>\n<meta name=\"description\" content=\"La excursi\u00f3n a la Venecia egipcia desde Hurghada incluye un picnic en el mar por el Mar Rojo en el camino a la ciudad tur\u00edstica de El Gouna, nadando con m\u00e1scaras y aletas.\" \/>\n<meta name=\"robots\" content=\"index, follow, max-snippet:-1, max-image-preview:large, max-video-preview:-1\" \/>\n<link rel=\"canonical\" href=\"https:\/\/landioustravel.com\/es\/shop\/excursion-gouna-desde-hurghada\/\" \/>\n<meta property=\"og:locale\" content=\"es_ES\" \/>\n<meta property=\"og:type\" content=\"article\" \/>\n<meta property=\"og:title\" content=\"Excursi\u00f3n a El-Gouna desde Hurghada\" \/>\n<meta property=\"og:description\" content=\"Landious Travel\" \/>\n<meta property=\"og:url\" content=\"https:\/\/landioustravel.com\/es\/shop\/excursion-gouna-desde-hurghada\/\" \/>\n<meta property=\"og:site_name\" content=\"Landious Travel\" \/>\n<meta property=\"article:publisher\" content=\"https:\/\/web.facebook.com\/landiousEgypt\" \/>\n<meta property=\"article:modified_time\" content=\"2025-11-03T17:13:40+00:00\" \/>\n<meta property=\"og:image\" content=\"https:\/\/i0.wp.com\/landioustravel.com\/wp-content\/uploads\/2020\/10\/trip_el-gouna_hurghada-e1617148583454.jpg?fit=1200%2C675&ssl=1\" \/>\n\t<meta property=\"og:image:width\" content=\"1200\" \/>\n\t<meta property=\"og:image:height\" content=\"675\" \/>\n\t<meta property=\"og:image:type\" content=\"image\/jpeg\" \/>\n<meta name=\"twitter:card\" content=\"summary_large_image\" \/>\n<meta name=\"twitter:site\" content=\"@LandiousTours\" \/>\n<meta name=\"twitter:label1\" content=\"Tiempo de lectura\" \/>\n\t<meta name=\"twitter:data1\" content=\"2 minutos\" \/>\n<script type=\"application\/ld+json\" class=\"yoast-schema-graph\">{\"@context\":\"https:\\\/\\\/schema.org\",\"@graph\":[{\"@type\":\"WebPage\",\"@id\":\"https:\\\/\\\/landioustravel.com\\\/es\\\/shop\\\/excursion-gouna-desde-hurghada\\\/\",\"url\":\"https:\\\/\\\/landioustravel.com\\\/es\\\/shop\\\/excursion-gouna-desde-hurghada\\\/\",\"name\":\"Excursi\u00f3n a El-Gouna desde Hurghada\",\"isPartOf\":{\"@id\":\"https:\\\/\\\/landioustravel.com\\\/es\\\/#website\"},\"primaryImageOfPage\":{\"@id\":\"https:\\\/\\\/landioustravel.com\\\/es\\\/shop\\\/excursion-gouna-desde-hurghada\\\/#primaryimage\"},\"image\":{\"@id\":\"https:\\\/\\\/landioustravel.com\\\/es\\\/shop\\\/excursion-gouna-desde-hurghada\\\/#primaryimage\"},\"thumbnailUrl\":\"https:\\\/\\\/i0.wp.com\\\/landioustravel.com\\\/wp-content\\\/uploads\\\/2020\\\/10\\\/trip_el-gouna_hurghada-e1617148583454.jpg?fit=1200%2C675&ssl=1\",\"datePublished\":\"2018-11-16T08:32:27+00:00\",\"dateModified\":\"2025-11-03T17:13:40+00:00\",\"description\":\"La excursi\u00f3n a la Venecia egipcia desde Hurghada incluye un picnic en el mar por el Mar Rojo en el camino a la ciudad tur\u00edstica de El Gouna, nadando con m\u00e1scaras y aletas.\",\"breadcrumb\":{\"@id\":\"https:\\\/\\\/landioustravel.com\\\/es\\\/shop\\\/excursion-gouna-desde-hurghada\\\/#breadcrumb\"},\"inLanguage\":\"es\",\"potentialAction\":[{\"@type\":\"ReadAction\",\"target\":[\"https:\\\/\\\/landioustravel.com\\\/es\\\/shop\\\/excursion-gouna-desde-hurghada\\\/\"]}]},{\"@type\":\"ImageObject\",\"inLanguage\":\"es\",\"@id\":\"https:\\\/\\\/landioustravel.com\\\/es\\\/shop\\\/excursion-gouna-desde-hurghada\\\/#primaryimage\",\"url\":\"https:\\\/\\\/i0.wp.com\\\/landioustravel.com\\\/wp-content\\\/uploads\\\/2020\\\/10\\\/trip_el-gouna_hurghada-e1617148583454.jpg?fit=1200%2C675&ssl=1\",\"contentUrl\":\"https:\\\/\\\/i0.wp.com\\\/landioustravel.com\\\/wp-content\\\/uploads\\\/2020\\\/10\\\/trip_el-gouna_hurghada-e1617148583454.jpg?fit=1200%2C675&ssl=1\",\"width\":1200,\"height\":675,\"caption\":\"El Gouna Excursion Hurghada\"},{\"@type\":\"BreadcrumbList\",\"@id\":\"https:\\\/\\\/landioustravel.com\\\/es\\\/shop\\\/excursion-gouna-desde-hurghada\\\/#breadcrumb\",\"itemListElement\":[{\"@type\":\"ListItem\",\"position\":1,\"name\":\"Home\",\"item\":\"https:\\\/\\\/landioustravel.com\\\/es\\\/\"},{\"@type\":\"ListItem\",\"position\":2,\"name\":\"Servicios y Tours\",\"item\":\"https:\\\/\\\/landioustravel.com\\\/es\\\/\"},{\"@type\":\"ListItem\",\"position\":3,\"name\":\"Excursi\u00f3n a El-Gouna desde Hurghada\"}]},{\"@type\":\"WebSite\",\"@id\":\"https:\\\/\\\/landioustravel.com\\\/es\\\/#website\",\"url\":\"https:\\\/\\\/landioustravel.com\\\/es\\\/\",\"name\":\"Landious Travel\",\"description\":\"Tours and Excursions in Egypt\",\"publisher\":{\"@id\":\"https:\\\/\\\/landioustravel.com\\\/es\\\/#organization\"},\"potentialAction\":[{\"@type\":\"SearchAction\",\"target\":{\"@type\":\"EntryPoint\",\"urlTemplate\":\"https:\\\/\\\/landioustravel.com\\\/es\\\/?s={search_term_string}\"},\"query-input\":{\"@type\":\"PropertyValueSpecification\",\"valueRequired\":true,\"valueName\":\"search_term_string\"}}],\"inLanguage\":\"es\"},{\"@type\":[\"Organization\",\"Place\"],\"@id\":\"https:\\\/\\\/landioustravel.com\\\/es\\\/#organization\",\"name\":\"Landious Travel\",\"alternateName\":\"Landious Travel\",\"url\":\"https:\\\/\\\/landioustravel.com\\\/es\\\/\",\"logo\":{\"@id\":\"https:\\\/\\\/landioustravel.com\\\/es\\\/shop\\\/excursion-gouna-desde-hurghada\\\/#local-main-organization-logo\"},\"image\":{\"@id\":\"https:\\\/\\\/landioustravel.com\\\/es\\\/shop\\\/excursion-gouna-desde-hurghada\\\/#local-main-organization-logo\"},\"sameAs\":[\"https:\\\/\\\/web.facebook.com\\\/landiousEgypt\",\"https:\\\/\\\/x.com\\\/LandiousTours\",\"https:\\\/\\\/mastodon.social\\\/@landious\"],\"legalName\":\"Landious Travel\",\"telephone\":[],\"openingHoursSpecification\":[{\"@type\":\"OpeningHoursSpecification\",\"dayOfWeek\":[\"Monday\",\"Tuesday\",\"Wednesday\",\"Thursday\",\"Friday\",\"Saturday\",\"Sunday\"],\"opens\":\"09:00\",\"closes\":\"17:00\"}]},{\"@type\":\"ImageObject\",\"inLanguage\":\"es\",\"@id\":\"https:\\\/\\\/landioustravel.com\\\/es\\\/shop\\\/excursion-gouna-desde-hurghada\\\/#local-main-organization-logo\",\"url\":\"https:\\\/\\\/i0.wp.com\\\/landioustravel.com\\\/wp-content\\\/uploads\\\/2021\\\/06\\\/Landious-T.png?fit=500%2C500&ssl=1\",\"contentUrl\":\"https:\\\/\\\/i0.wp.com\\\/landioustravel.com\\\/wp-content\\\/uploads\\\/2021\\\/06\\\/Landious-T.png?fit=500%2C500&ssl=1\",\"width\":500,\"height\":500,\"caption\":\"Landious Travel\"}]}<\/script>\n<!-- \/ Yoast SEO Premium plugin. -->","yoast_head_json":{"title":"Excursi\u00f3n a El-Gouna desde Hurghada","description":"La excursi\u00f3n a la Venecia egipcia desde Hurghada incluye un picnic en el mar por el Mar Rojo en el camino a la ciudad tur\u00edstica de El Gouna, nadando con m\u00e1scaras y aletas.","robots":{"index":"index","follow":"follow","max-snippet":"max-snippet:-1","max-image-preview":"max-image-preview:large","max-video-preview":"max-video-preview:-1"},"canonical":"https:\/\/landioustravel.com\/es\/shop\/excursion-gouna-desde-hurghada\/","og_locale":"es_ES","og_type":"article","og_title":"Excursi\u00f3n a El-Gouna desde Hurghada","og_description":"Landious Travel","og_url":"https:\/\/landioustravel.com\/es\/shop\/excursion-gouna-desde-hurghada\/","og_site_name":"Landious Travel","article_publisher":"https:\/\/web.facebook.com\/landiousEgypt","article_modified_time":"2025-11-03T17:13:40+00:00","og_image":[{"width":1200,"height":675,"url":"https:\/\/i0.wp.com\/landioustravel.com\/wp-content\/uploads\/2020\/10\/trip_el-gouna_hurghada-e1617148583454.jpg?fit=1200%2C675&ssl=1","type":"image\/jpeg"}],"twitter_card":"summary_large_image","twitter_site":"@LandiousTours","twitter_misc":{"Tiempo de lectura":"2 minutos"},"schema":{"@context":"https:\/\/schema.org","@graph":[{"@type":"WebPage","@id":"https:\/\/landioustravel.com\/es\/shop\/excursion-gouna-desde-hurghada\/","url":"https:\/\/landioustravel.com\/es\/shop\/excursion-gouna-desde-hurghada\/","name":"Excursi\u00f3n a El-Gouna desde Hurghada","isPartOf":{"@id":"https:\/\/landioustravel.com\/es\/#website"},"primaryImageOfPage":{"@id":"https:\/\/landioustravel.com\/es\/shop\/excursion-gouna-desde-hurghada\/#primaryimage"},"image":{"@id":"https:\/\/landioustravel.com\/es\/shop\/excursion-gouna-desde-hurghada\/#primaryimage"},"thumbnailUrl":"https:\/\/i0.wp.com\/landioustravel.com\/wp-content\/uploads\/2020\/10\/trip_el-gouna_hurghada-e1617148583454.jpg?fit=1200%2C675&ssl=1","datePublished":"2018-11-16T08:32:27+00:00","dateModified":"2025-11-03T17:13:40+00:00","description":"La excursi\u00f3n a la Venecia egipcia desde Hurghada incluye un picnic en el mar por el Mar Rojo en el camino a la ciudad tur\u00edstica de El Gouna, nadando con m\u00e1scaras y aletas.","breadcrumb":{"@id":"https:\/\/landioustravel.com\/es\/shop\/excursion-gouna-desde-hurghada\/#breadcrumb"},"inLanguage":"es","potentialAction":[{"@type":"ReadAction","target":["https:\/\/landioustravel.com\/es\/shop\/excursion-gouna-desde-hurghada\/"]}]},{"@type":"ImageObject","inLanguage":"es","@id":"https:\/\/landioustravel.com\/es\/shop\/excursion-gouna-desde-hurghada\/#primaryimage","url":"https:\/\/i0.wp.com\/landioustravel.com\/wp-content\/uploads\/2020\/10\/trip_el-gouna_hurghada-e1617148583454.jpg?fit=1200%2C675&ssl=1","contentUrl":"https:\/\/i0.wp.com\/landioustravel.com\/wp-content\/uploads\/2020\/10\/trip_el-gouna_hurghada-e1617148583454.jpg?fit=1200%2C675&ssl=1","width":1200,"height":675,"caption":"El Gouna Excursion Hurghada"},{"@type":"BreadcrumbList","@id":"https:\/\/landioustravel.com\/es\/shop\/excursion-gouna-desde-hurghada\/#breadcrumb","itemListElement":[{"@type":"ListItem","position":1,"name":"Home","item":"https:\/\/landioustravel.com\/es\/"},{"@type":"ListItem","position":2,"name":"Servicios y Tours","item":"https:\/\/landioustravel.com\/es\/"},{"@type":"ListItem","position":3,"name":"Excursi\u00f3n a El-Gouna desde Hurghada"}]},{"@type":"WebSite","@id":"https:\/\/landioustravel.com\/es\/#website","url":"https:\/\/landioustravel.com\/es\/","name":"Landious Travel","description":"Tours and Excursions in Egypt","publisher":{"@id":"https:\/\/landioustravel.com\/es\/#organization"},"potentialAction":[{"@type":"SearchAction","target":{"@type":"EntryPoint","urlTemplate":"https:\/\/landioustravel.com\/es\/?s={search_term_string}"},"query-input":{"@type":"PropertyValueSpecification","valueRequired":true,"valueName":"search_term_string"}}],"inLanguage":"es"},{"@type":["Organization","Place"],"@id":"https:\/\/landioustravel.com\/es\/#organization","name":"Landious Travel","alternateName":"Landious Travel","url":"https:\/\/landioustravel.com\/es\/","logo":{"@id":"https:\/\/landioustravel.com\/es\/shop\/excursion-gouna-desde-hurghada\/#local-main-organization-logo"},"image":{"@id":"https:\/\/landioustravel.com\/es\/shop\/excursion-gouna-desde-hurghada\/#local-main-organization-logo"},"sameAs":["https:\/\/web.facebook.com\/landiousEgypt","https:\/\/x.com\/LandiousTours","https:\/\/mastodon.social\/@landious"],"legalName":"Landious Travel","telephone":[],"openingHoursSpecification":[{"@type":"OpeningHoursSpecification","dayOfWeek":["Monday","Tuesday","Wednesday","Thursday","Friday","Saturday","Sunday"],"opens":"09:00","closes":"17:00"}]},{"@type":"ImageObject","inLanguage":"es","@id":"https:\/\/landioustravel.com\/es\/shop\/excursion-gouna-desde-hurghada\/#local-main-organization-logo","url":"https:\/\/i0.wp.com\/landioustravel.com\/wp-content\/uploads\/2021\/06\/Landious-T.png?fit=500%2C500&ssl=1","contentUrl":"https:\/\/i0.wp.com\/landioustravel.com\/wp-content\/uploads\/2021\/06\/Landious-T.png?fit=500%2C500&ssl=1","width":500,"height":500,"caption":"Landious Travel"}]}},"jetpack_publicize_connections":[],"uagb_featured_image_src":{"full":["https:\/\/i0.wp.com\/landioustravel.com\/wp-content\/uploads\/2020\/10\/trip_el-gouna_hurghada-e1617148583454.jpg?fit=1200%2C675&ssl=1",1200,675,false],"thumbnail":["https:\/\/i0.wp.com\/landioustravel.com\/wp-content\/uploads\/2020\/10\/trip_el-gouna_hurghada-e1617148583454.jpg?resize=150%2C150&ssl=1",150,150,true],"medium":["https:\/\/i0.wp.com\/landioustravel.com\/wp-content\/uploads\/2020\/10\/trip_el-gouna_hurghada-e1617148583454.jpg?fit=300%2C200&ssl=1",300,200,true],"medium_large":["https:\/\/i0.wp.com\/landioustravel.com\/wp-content\/uploads\/2020\/10\/trip_el-gouna_hurghada-e1617148583454.jpg?fit=768%2C512&ssl=1",768,512,true],"large":["https:\/\/i0.wp.com\/landioustravel.com\/wp-content\/uploads\/2020\/10\/trip_el-gouna_hurghada-e1617148583454.jpg?fit=980%2C654&ssl=1",980,654,true],"1536x1536":["https:\/\/i0.wp.com\/landioustravel.com\/wp-content\/uploads\/2020\/10\/trip_el-gouna_hurghada-e1617148583454.jpg?fit=1200%2C675&ssl=1",1200,675,true],"2048x2048":["https:\/\/i0.wp.com\/landioustravel.com\/wp-content\/uploads\/2020\/10\/trip_el-gouna_hurghada-e1617148583454.jpg?fit=1200%2C675&ssl=1",1200,675,true],"newspack-article-block-landscape-large":["https:\/\/i0.wp.com\/landioustravel.com\/wp-content\/uploads\/2020\/10\/trip_el-gouna_hurghada-e1617148583454.jpg?resize=1200%2C675&ssl=1",1200,853,true],"newspack-article-block-portrait-large":["https:\/\/i0.wp.com\/landioustravel.com\/wp-content\/uploads\/2020\/10\/trip_el-gouna_hurghada-e1617148583454.jpg?resize=900%2C675&ssl=1",900,800,true],"newspack-article-block-square-large":["https:\/\/i0.wp.com\/landioustravel.com\/wp-content\/uploads\/2020\/10\/trip_el-gouna_hurghada-e1617148583454.jpg?resize=1200%2C675&ssl=1",1200,853,true],"newspack-article-block-landscape-medium":["https:\/\/i0.wp.com\/landioustravel.com\/wp-content\/uploads\/2020\/10\/trip_el-gouna_hurghada-e1617148583454.jpg?resize=800%2C600&ssl=1",800,600,true],"newspack-article-block-portrait-medium":["https:\/\/i0.wp.com\/landioustravel.com\/wp-content\/uploads\/2020\/10\/trip_el-gouna_hurghada-e1617148583454.jpg?resize=600%2C675&ssl=1",600,800,true],"newspack-article-block-square-medium":["https:\/\/i0.wp.com\/landioustravel.com\/wp-content\/uploads\/2020\/10\/trip_el-gouna_hurghada-e1617148583454.jpg?resize=800%2C675&ssl=1",800,800,true],"newspack-article-block-landscape-intermediate":["https:\/\/i0.wp.com\/landioustravel.com\/wp-content\/uploads\/2020\/10\/trip_el-gouna_hurghada-e1617148583454.jpg?resize=600%2C450&ssl=1",600,450,true],"newspack-article-block-portrait-intermediate":["https:\/\/i0.wp.com\/landioustravel.com\/wp-content\/uploads\/2020\/10\/trip_el-gouna_hurghada-e1617148583454.jpg?resize=450%2C600&ssl=1",450,600,true],"newspack-article-block-square-intermediate":["https:\/\/i0.wp.com\/landioustravel.com\/wp-content\/uploads\/2020\/10\/trip_el-gouna_hurghada-e1617148583454.jpg?resize=600%2C600&ssl=1",600,600,true],"newspack-article-block-landscape-small":["https:\/\/i0.wp.com\/landioustravel.com\/wp-content\/uploads\/2020\/10\/trip_el-gouna_hurghada-e1617148583454.jpg?resize=400%2C300&ssl=1",400,300,true],"newspack-article-block-portrait-small":["https:\/\/i0.wp.com\/landioustravel.com\/wp-content\/uploads\/2020\/10\/trip_el-gouna_hurghada-e1617148583454.jpg?resize=300%2C400&ssl=1",300,400,true],"newspack-article-block-square-small":["https:\/\/i0.wp.com\/landioustravel.com\/wp-content\/uploads\/2020\/10\/trip_el-gouna_hurghada-e1617148583454.jpg?resize=400%2C400&ssl=1",400,400,true],"newspack-article-block-landscape-tiny":["https:\/\/i0.wp.com\/landioustravel.com\/wp-content\/uploads\/2020\/10\/trip_el-gouna_hurghada-e1617148583454.jpg?resize=200%2C150&ssl=1",200,150,true],"newspack-article-block-portrait-tiny":["https:\/\/i0.wp.com\/landioustravel.com\/wp-content\/uploads\/2020\/10\/trip_el-gouna_hurghada-e1617148583454.jpg?resize=150%2C200&ssl=1",150,200,true],"newspack-article-block-square-tiny":["https:\/\/i0.wp.com\/landioustravel.com\/wp-content\/uploads\/2020\/10\/trip_el-gouna_hurghada-e1617148583454.jpg?resize=200%2C200&ssl=1",200,200,true],"newspack-article-block-uncropped":["https:\/\/i0.wp.com\/landioustravel.com\/wp-content\/uploads\/2020\/10\/trip_el-gouna_hurghada-e1617148583454.jpg?fit=1200%2C800&ssl=1",1200,800,true],"woocommerce_thumbnail":["https:\/\/i0.wp.com\/landioustravel.com\/wp-content\/uploads\/2020\/10\/trip_el-gouna_hurghada-e1617148583454.jpg?resize=324%2C324&ssl=1",324,324,true],"woocommerce_single":["https:\/\/i0.wp.com\/landioustravel.com\/wp-content\/uploads\/2020\/10\/trip_el-gouna_hurghada-e1617148583454.jpg?fit=416%2C234&ssl=1",416,234,true],"woocommerce_gallery_thumbnail":["https:\/\/i0.wp.com\/landioustravel.com\/wp-content\/uploads\/2020\/10\/trip_el-gouna_hurghada-e1617148583454.jpg?resize=100%2C100&ssl=1",100,100,true]},"uagb_author_info":{"display_name":"Mofreh Landious","author_link":"https:\/\/landioustravel.com\/es\/author\/"},"uagb_comment_info":3,"uagb_excerpt":"La excursi\u00f3n a la Venecia egipcia desde Hurghada atrae a muchos turistas. El programa de viaje se considera rico con diversos puntos de entretenimiento. Los turistas disfrutan de un picnic en el mar a lo largo de la costa del Mar Rojo en su camino hacia la ciudad tur\u00edstica de El Gouna. A veces, existe&hellip;","jetpack_sharing_enabled":true,"jetpack_likes_enabled":true,"amp_enabled":true,"_links":{"self":[{"href":"https:\/\/landioustravel.com\/es\/wp-json\/wp\/v2\/product\/2155","targetHints":{"allow":["GET"]}}],"collection":[{"href":"https:\/\/landioustravel.com\/es\/wp-json\/wp\/v2\/product"}],"about":[{"href":"https:\/\/landioustravel.com\/es\/wp-json\/wp\/v2\/types\/product"}],"replies":[{"embeddable":true,"href":"https:\/\/landioustravel.com\/es\/wp-json\/wp\/v2\/comments?post=2155"}],"wp:featuredmedia":[{"embeddable":true,"href":"https:\/\/landioustravel.com\/es\/wp-json\/wp\/v2\/media\/25226"}],"wp:attachment":[{"href":"https:\/\/landioustravel.com\/es\/wp-json\/wp\/v2\/media?parent=2155"}],"wp:term":[{"taxonomy":"product_brand","embeddable":true,"href":"https:\/\/landioustravel.com\/es\/wp-json\/wp\/v2\/product_brand?post=2155"},{"taxonomy":"product_cat","embeddable":true,"href":"https:\/\/landioustravel.com\/es\/wp-json\/wp\/v2\/product_cat?post=2155"},{"taxonomy":"product_tag","embeddable":true,"href":"https:\/\/landioustravel.com\/es\/wp-json\/wp\/v2\/product_tag?post=2155"}],"curies":[{"name":"wp","href":"https:\/\/api.w.org\/{rel}","templated":true}]}}