{"id":2157,"date":"2023-04-02T07:45:36","date_gmt":"2018-11-15T14:45:36","guid":{"rendered":"https:\/\/landioustravel.com\/product\/excursion-casa-delfines-hurghada\/"},"modified":"2024-02-25T19:18:03","modified_gmt":"2024-02-25T17:18:03","slug":"excursion-casa-delfines-hurghada","status":"publish","type":"product","link":"https:\/\/landioustravel.com\/es\/shop\/excursion-casa-delfines-hurghada\/","title":{"rendered":"Excursi\u00f3n a la casa de los delfines en Hurghada"},"content":{"rendered":"<p>\u00a1Una de las excursiones favoritas a la Bah\u00eda de los Delfines en Hurghada! Recomendamos el viaje porque permite a los turistas pasar un buen rato en el mar nadando con delfines. Adem\u00e1s, permite ver los hermosos corales y una variedad de peces, y disfrutar de un picnic en el mar a trav\u00e9s del Mar Rojo.<\/p>\n<h2>Los principales puntos del programa de excursiones a la Bah\u00eda de los Delfines<\/h2>\n<ul>\n<li>Nadando con los delfines en mar abierto.<\/li>\n<li>Bucear<\/li>\n<li>Almuerzo<\/li>\n<li>Paseos en banano y sofa<\/li>\n<\/ul>\n<h3>El programa de excursiones a la Bah\u00eda de los Delfines en Hurghada<\/h3>\n<ul>\n<li>Le recogen en el hotel aproximadamente a las 08:00.<\/li>\n<li>Despu\u00e9s de tomar todos los interesados, el autob\u00fas va al puerto. El trayecto hasta el puerto dura aproximadamente 10 minutos.<\/li>\n<li>Encontrar\u00e1s tu yate en el puerto. \u00a1Es grande y elegante! El yate tiene dos pisos. Tan pronto como para entrar en el yate, es necesario quitarse el calzado y subir al segundo piso para broncearse en la cubierta superior.<\/li>\n<li>El yate se mueve en el Mar Rojo, tan pronto como el grupo se re\u00fane. En los hermosos corales haremos una parada en mar abierto. All\u00ed, tambi\u00e9n se puede nadar con delfines.<\/li>\n<li>A continuaci\u00f3n, har\u00e1s una parada en otro lugar para practicar el esn\u00f3rquel con m\u00e1scaras y aletas.<\/li>\n<li>Despu\u00e9s de esta parada, el grupo se re\u00fane en el primer piso para almorzar. Durante el almuerzo, el buffet estar\u00e1 abierto.<\/li>\n<li>Despu\u00e9s del almuerzo, puede montar pl\u00e1tano y sof\u00e1.<\/li>\n<li>Este programa de excursiones a Dolphin Bay termina aproximadamente a las 16:30.<\/li>\n<\/ul>\n<h4>Lo que est\u00e1 incluido en el precio del viaje<\/h4>\n<ul>\n<li>Equipo de snorkel<\/li>\n<li>Comida y bebidas<\/li>\n<li>Traslado al puerto y regreso al hotel.<\/li>\n<\/ul>\n<h5>Lo que no est\u00e1 incluido en el precio del tour<\/h5>\n<ul>\n<li>Video DVD<\/li>\n<li>CD de fotos<\/li>\n<\/ul>\n<h6>Que llevar con tu para el viaje<\/h6>\n<ul>\n<li>Toalla<\/li>\n<li>Protector solar<\/li>\n<\/ul>\n<h6>D\u00cdAS DE LA ORGANIZACI\u00d3N DE EXCURSIONES<\/h6>\n<ul>\n<li>Todos los d\u00edas de 08:00 a 17:00.<\/li>\n<\/ul>\n","protected":false},"excerpt":{"rendered":"<p>Experimente la magia de nadar con delfines en su h\u00e1bitat natural en un impresionante viaje de snorkel de 9 horas desde Hurghada. Del\u00e9itese con un sereno crucero en barco a los lugares donde se pueden encontrar estas majestuosas criaturas. Marav\u00edllate con los vibrantes arrecifes de coral y disfruta de un ba\u00f1o sereno o una sesi\u00f3n de snorkel con estos hermosos animales. Viaje a Dolphin Bay en Hurghada para nadar con delfines en mar abierto y sea testigo de los impresionantes arrecifes de coral y peces. Para aumentar la emoci\u00f3n, intente montar un pl\u00e1tano y un juguete acu\u00e1tico de tableta. El precio del viaje incluye un delicioso almuerzo y bebidas refrescantes a bordo del barco, as\u00ed como el traslado desde su hotel y de regreso. Nuestra amable tripulaci\u00f3n del barco se asegurar\u00e1 de que lo pases de maravilla. El precio del viaje tambi\u00e9n incluye los traslados y el almuerzo a bordo.<\/p>\n<p>Si su coraz\u00f3n anhela ver a los delfines en su h\u00e1bitat natural, este crucero a la zona del Mar Rojo, conocido como Dolphin House, es perfecto para usted. Con tres paradas en diferentes sitios y equipo de esn\u00f3rquel, el mundo de los corales y los peces tropicales te cautivar\u00e1. Adem\u00e1s, \u00a1hay un 90 por ciento de posibilidades de encontrar delfines! Su d\u00eda incluye traslados de ida y vuelta directamente desde su hotel, un delicioso almuerzo en el barco y un divertido paseo en banana. El viaje a Dolphin House es la forma m\u00e1s m\u00e1gica de presenciar estas hermosas criaturas en su entorno natural. Esta rara experiencia te dejar\u00e1 asombrado. El programa del viaje tambi\u00e9n incluye el almuerzo, que consiste en un buffet libre con carne y ensaladas, frutas. Agua, refrescos y bebidas calientes est\u00e1n disponibles durante todo el viaje, comenzando alrededor de las 09:00 am y terminando alrededor de las 4:00 pm.<\/p>\n","protected":false},"featured_media":46621,"comment_status":"open","ping_status":"closed","template":"","meta":{"_coblocks_attr":"","_coblocks_dimensions":"","_coblocks_responsive_height":"","_coblocks_accordion_ie_support":"","_uag_custom_page_level_css":"","jetpack_publicize_message":"","jetpack_publicize_feature_enabled":true,"jetpack_social_post_already_shared":false,"jetpack_social_options":{"image_generator_settings":{"template":"highway","default_image_id":0,"font":"","enabled":false},"version":2},"_wpas_customize_per_network":false},"product_brand":[],"product_cat":[1785,1791],"product_tag":[1830,1799,1797,2147,1808,1798,1802],"class_list":{"0":"post-2157","1":"product","2":"type-product","3":"status-publish","4":"has-post-thumbnail","6":"product_cat-excursiones-en-hurghada","7":"product_cat-excursiones-marinas-hurghada","8":"product_tag-casa-de-delfines","9":"product_tag-snorkel","10":"product_tag-excursion-es","11":"product_tag-excursiones-desde-hurghada","12":"product_tag-hurghada-es","13":"product_tag-mar","14":"product_tag-paseos-en-barco","15":"pa_age-el-adulto","16":"pa_age-nino-1-4-anos","17":"pa_age-nino-5-11-anos","19":"first","20":"instock","21":"sale","22":"purchasable","23":"product-type-variable"},"yoast_head":"<!-- This site is optimized with the Yoast SEO Premium plugin v26.9 (Yoast SEO v27.5) - https:\/\/yoast.com\/product\/yoast-seo-premium-wordpress\/ -->\n<title>Excursi\u00f3n a la casa de los delfines en Hurghada<\/title>\n<meta name=\"description\" content=\"Excursi\u00f3n a la casa de los delfines en Hurghada se puede nadar con delfines. A\u00fan as\u00ed, monta un pl\u00e1tano y una tableta. El almuerzo est\u00e1 incluido durante\" \/>\n<meta name=\"robots\" content=\"index, follow, max-snippet:-1, max-image-preview:large, max-video-preview:-1\" \/>\n<link rel=\"canonical\" href=\"https:\/\/landioustravel.com\/es\/shop\/excursion-casa-delfines-hurghada\/\" \/>\n<meta property=\"og:locale\" content=\"es_ES\" \/>\n<meta property=\"og:type\" content=\"article\" \/>\n<meta property=\"og:title\" content=\"Excursi\u00f3n a la casa de los delfines en Hurghada\" \/>\n<meta property=\"og:description\" content=\"Landious Travel\" \/>\n<meta property=\"og:url\" content=\"https:\/\/landioustravel.com\/es\/shop\/excursion-casa-delfines-hurghada\/\" \/>\n<meta property=\"og:site_name\" content=\"Landious Travel\" \/>\n<meta property=\"article:publisher\" content=\"https:\/\/web.facebook.com\/landiousEgypt\" \/>\n<meta property=\"article:modified_time\" content=\"2024-02-25T17:18:03+00:00\" \/>\n<meta property=\"og:image\" content=\"https:\/\/i0.wp.com\/landioustravel.com\/wp-content\/uploads\/2018\/11\/Dolphin-House-Excursion-Hurghada-e1617796297427.jpg?fit=1200%2C675&ssl=1\" \/>\n\t<meta property=\"og:image:width\" content=\"1200\" \/>\n\t<meta property=\"og:image:height\" content=\"675\" \/>\n\t<meta property=\"og:image:type\" content=\"image\/jpeg\" \/>\n<meta name=\"twitter:card\" content=\"summary_large_image\" \/>\n<meta name=\"twitter:site\" content=\"@LandiousTours\" \/>\n<meta name=\"twitter:label1\" content=\"Tiempo de lectura\" \/>\n\t<meta name=\"twitter:data1\" content=\"2 minutos\" \/>\n<script type=\"application\/ld+json\" class=\"yoast-schema-graph\">{\"@context\":\"https:\\\/\\\/schema.org\",\"@graph\":[{\"@type\":\"WebPage\",\"@id\":\"https:\\\/\\\/landioustravel.com\\\/es\\\/shop\\\/excursion-casa-delfines-hurghada\\\/\",\"url\":\"https:\\\/\\\/landioustravel.com\\\/es\\\/shop\\\/excursion-casa-delfines-hurghada\\\/\",\"name\":\"Excursi\u00f3n a la casa de los delfines en Hurghada\",\"isPartOf\":{\"@id\":\"https:\\\/\\\/landioustravel.com\\\/es\\\/#website\"},\"primaryImageOfPage\":{\"@id\":\"https:\\\/\\\/landioustravel.com\\\/es\\\/shop\\\/excursion-casa-delfines-hurghada\\\/#primaryimage\"},\"image\":{\"@id\":\"https:\\\/\\\/landioustravel.com\\\/es\\\/shop\\\/excursion-casa-delfines-hurghada\\\/#primaryimage\"},\"thumbnailUrl\":\"https:\\\/\\\/i0.wp.com\\\/landioustravel.com\\\/wp-content\\\/uploads\\\/2018\\\/11\\\/Dolphin-House-Excursion-Hurghada-e1617796297427.jpg?fit=1200%2C675&ssl=1\",\"datePublished\":\"2018-11-15T14:45:36+00:00\",\"dateModified\":\"2024-02-25T17:18:03+00:00\",\"description\":\"Excursi\u00f3n a la casa de los delfines en Hurghada se puede nadar con delfines. A\u00fan as\u00ed, monta un pl\u00e1tano y una tableta. El almuerzo est\u00e1 incluido durante\",\"breadcrumb\":{\"@id\":\"https:\\\/\\\/landioustravel.com\\\/es\\\/shop\\\/excursion-casa-delfines-hurghada\\\/#breadcrumb\"},\"inLanguage\":\"es\",\"potentialAction\":[{\"@type\":\"ReadAction\",\"target\":[\"https:\\\/\\\/landioustravel.com\\\/es\\\/shop\\\/excursion-casa-delfines-hurghada\\\/\"]}]},{\"@type\":\"ImageObject\",\"inLanguage\":\"es\",\"@id\":\"https:\\\/\\\/landioustravel.com\\\/es\\\/shop\\\/excursion-casa-delfines-hurghada\\\/#primaryimage\",\"url\":\"https:\\\/\\\/i0.wp.com\\\/landioustravel.com\\\/wp-content\\\/uploads\\\/2018\\\/11\\\/Dolphin-House-Excursion-Hurghada-e1617796297427.jpg?fit=1200%2C675&ssl=1\",\"contentUrl\":\"https:\\\/\\\/i0.wp.com\\\/landioustravel.com\\\/wp-content\\\/uploads\\\/2018\\\/11\\\/Dolphin-House-Excursion-Hurghada-e1617796297427.jpg?fit=1200%2C675&ssl=1\",\"width\":1200,\"height\":675,\"caption\":\"Dolphin House Excursion Hurghada\"},{\"@type\":\"BreadcrumbList\",\"@id\":\"https:\\\/\\\/landioustravel.com\\\/es\\\/shop\\\/excursion-casa-delfines-hurghada\\\/#breadcrumb\",\"itemListElement\":[{\"@type\":\"ListItem\",\"position\":1,\"name\":\"Home\",\"item\":\"https:\\\/\\\/landioustravel.com\\\/es\\\/\"},{\"@type\":\"ListItem\",\"position\":2,\"name\":\"Servicios y Tours\",\"item\":\"https:\\\/\\\/landioustravel.com\\\/es\\\/\"},{\"@type\":\"ListItem\",\"position\":3,\"name\":\"Excursi\u00f3n a la casa de los delfines en Hurghada\"}]},{\"@type\":\"WebSite\",\"@id\":\"https:\\\/\\\/landioustravel.com\\\/es\\\/#website\",\"url\":\"https:\\\/\\\/landioustravel.com\\\/es\\\/\",\"name\":\"Landious Travel\",\"description\":\"Tours and Excursions in Egypt\",\"publisher\":{\"@id\":\"https:\\\/\\\/landioustravel.com\\\/es\\\/#organization\"},\"potentialAction\":[{\"@type\":\"SearchAction\",\"target\":{\"@type\":\"EntryPoint\",\"urlTemplate\":\"https:\\\/\\\/landioustravel.com\\\/es\\\/?s={search_term_string}\"},\"query-input\":{\"@type\":\"PropertyValueSpecification\",\"valueRequired\":true,\"valueName\":\"search_term_string\"}}],\"inLanguage\":\"es\"},{\"@type\":[\"Organization\",\"Place\"],\"@id\":\"https:\\\/\\\/landioustravel.com\\\/es\\\/#organization\",\"name\":\"Landious Travel\",\"alternateName\":\"Landious Travel\",\"url\":\"https:\\\/\\\/landioustravel.com\\\/es\\\/\",\"logo\":{\"@id\":\"https:\\\/\\\/landioustravel.com\\\/es\\\/shop\\\/excursion-casa-delfines-hurghada\\\/#local-main-organization-logo\"},\"image\":{\"@id\":\"https:\\\/\\\/landioustravel.com\\\/es\\\/shop\\\/excursion-casa-delfines-hurghada\\\/#local-main-organization-logo\"},\"sameAs\":[\"https:\\\/\\\/web.facebook.com\\\/landiousEgypt\",\"https:\\\/\\\/x.com\\\/LandiousTours\",\"https:\\\/\\\/mastodon.social\\\/@landious\"],\"legalName\":\"Landious Travel\",\"telephone\":[],\"openingHoursSpecification\":[{\"@type\":\"OpeningHoursSpecification\",\"dayOfWeek\":[\"Monday\",\"Tuesday\",\"Wednesday\",\"Thursday\",\"Friday\",\"Saturday\",\"Sunday\"],\"opens\":\"09:00\",\"closes\":\"17:00\"}]},{\"@type\":\"ImageObject\",\"inLanguage\":\"es\",\"@id\":\"https:\\\/\\\/landioustravel.com\\\/es\\\/shop\\\/excursion-casa-delfines-hurghada\\\/#local-main-organization-logo\",\"url\":\"https:\\\/\\\/i0.wp.com\\\/landioustravel.com\\\/wp-content\\\/uploads\\\/2021\\\/06\\\/Landious-T.png?fit=500%2C500&ssl=1\",\"contentUrl\":\"https:\\\/\\\/i0.wp.com\\\/landioustravel.com\\\/wp-content\\\/uploads\\\/2021\\\/06\\\/Landious-T.png?fit=500%2C500&ssl=1\",\"width\":500,\"height\":500,\"caption\":\"Landious Travel\"}]}<\/script>\n<!-- \/ Yoast SEO Premium plugin. -->","yoast_head_json":{"title":"Excursi\u00f3n a la casa de los delfines en Hurghada","description":"Excursi\u00f3n a la casa de los delfines en Hurghada se puede nadar con delfines. A\u00fan as\u00ed, monta un pl\u00e1tano y una tableta. El almuerzo est\u00e1 incluido durante","robots":{"index":"index","follow":"follow","max-snippet":"max-snippet:-1","max-image-preview":"max-image-preview:large","max-video-preview":"max-video-preview:-1"},"canonical":"https:\/\/landioustravel.com\/es\/shop\/excursion-casa-delfines-hurghada\/","og_locale":"es_ES","og_type":"article","og_title":"Excursi\u00f3n a la casa de los delfines en Hurghada","og_description":"Landious Travel","og_url":"https:\/\/landioustravel.com\/es\/shop\/excursion-casa-delfines-hurghada\/","og_site_name":"Landious Travel","article_publisher":"https:\/\/web.facebook.com\/landiousEgypt","article_modified_time":"2024-02-25T17:18:03+00:00","og_image":[{"width":1200,"height":675,"url":"https:\/\/i0.wp.com\/landioustravel.com\/wp-content\/uploads\/2018\/11\/Dolphin-House-Excursion-Hurghada-e1617796297427.jpg?fit=1200%2C675&ssl=1","type":"image\/jpeg"}],"twitter_card":"summary_large_image","twitter_site":"@LandiousTours","twitter_misc":{"Tiempo de lectura":"2 minutos"},"schema":{"@context":"https:\/\/schema.org","@graph":[{"@type":"WebPage","@id":"https:\/\/landioustravel.com\/es\/shop\/excursion-casa-delfines-hurghada\/","url":"https:\/\/landioustravel.com\/es\/shop\/excursion-casa-delfines-hurghada\/","name":"Excursi\u00f3n a la casa de los delfines en Hurghada","isPartOf":{"@id":"https:\/\/landioustravel.com\/es\/#website"},"primaryImageOfPage":{"@id":"https:\/\/landioustravel.com\/es\/shop\/excursion-casa-delfines-hurghada\/#primaryimage"},"image":{"@id":"https:\/\/landioustravel.com\/es\/shop\/excursion-casa-delfines-hurghada\/#primaryimage"},"thumbnailUrl":"https:\/\/i0.wp.com\/landioustravel.com\/wp-content\/uploads\/2018\/11\/Dolphin-House-Excursion-Hurghada-e1617796297427.jpg?fit=1200%2C675&ssl=1","datePublished":"2018-11-15T14:45:36+00:00","dateModified":"2024-02-25T17:18:03+00:00","description":"Excursi\u00f3n a la casa de los delfines en Hurghada se puede nadar con delfines. A\u00fan as\u00ed, monta un pl\u00e1tano y una tableta. El almuerzo est\u00e1 incluido durante","breadcrumb":{"@id":"https:\/\/landioustravel.com\/es\/shop\/excursion-casa-delfines-hurghada\/#breadcrumb"},"inLanguage":"es","potentialAction":[{"@type":"ReadAction","target":["https:\/\/landioustravel.com\/es\/shop\/excursion-casa-delfines-hurghada\/"]}]},{"@type":"ImageObject","inLanguage":"es","@id":"https:\/\/landioustravel.com\/es\/shop\/excursion-casa-delfines-hurghada\/#primaryimage","url":"https:\/\/i0.wp.com\/landioustravel.com\/wp-content\/uploads\/2018\/11\/Dolphin-House-Excursion-Hurghada-e1617796297427.jpg?fit=1200%2C675&ssl=1","contentUrl":"https:\/\/i0.wp.com\/landioustravel.com\/wp-content\/uploads\/2018\/11\/Dolphin-House-Excursion-Hurghada-e1617796297427.jpg?fit=1200%2C675&ssl=1","width":1200,"height":675,"caption":"Dolphin House Excursion Hurghada"},{"@type":"BreadcrumbList","@id":"https:\/\/landioustravel.com\/es\/shop\/excursion-casa-delfines-hurghada\/#breadcrumb","itemListElement":[{"@type":"ListItem","position":1,"name":"Home","item":"https:\/\/landioustravel.com\/es\/"},{"@type":"ListItem","position":2,"name":"Servicios y Tours","item":"https:\/\/landioustravel.com\/es\/"},{"@type":"ListItem","position":3,"name":"Excursi\u00f3n a la casa de los delfines en Hurghada"}]},{"@type":"WebSite","@id":"https:\/\/landioustravel.com\/es\/#website","url":"https:\/\/landioustravel.com\/es\/","name":"Landious Travel","description":"Tours and Excursions in Egypt","publisher":{"@id":"https:\/\/landioustravel.com\/es\/#organization"},"potentialAction":[{"@type":"SearchAction","target":{"@type":"EntryPoint","urlTemplate":"https:\/\/landioustravel.com\/es\/?s={search_term_string}"},"query-input":{"@type":"PropertyValueSpecification","valueRequired":true,"valueName":"search_term_string"}}],"inLanguage":"es"},{"@type":["Organization","Place"],"@id":"https:\/\/landioustravel.com\/es\/#organization","name":"Landious Travel","alternateName":"Landious Travel","url":"https:\/\/landioustravel.com\/es\/","logo":{"@id":"https:\/\/landioustravel.com\/es\/shop\/excursion-casa-delfines-hurghada\/#local-main-organization-logo"},"image":{"@id":"https:\/\/landioustravel.com\/es\/shop\/excursion-casa-delfines-hurghada\/#local-main-organization-logo"},"sameAs":["https:\/\/web.facebook.com\/landiousEgypt","https:\/\/x.com\/LandiousTours","https:\/\/mastodon.social\/@landious"],"legalName":"Landious Travel","telephone":[],"openingHoursSpecification":[{"@type":"OpeningHoursSpecification","dayOfWeek":["Monday","Tuesday","Wednesday","Thursday","Friday","Saturday","Sunday"],"opens":"09:00","closes":"17:00"}]},{"@type":"ImageObject","inLanguage":"es","@id":"https:\/\/landioustravel.com\/es\/shop\/excursion-casa-delfines-hurghada\/#local-main-organization-logo","url":"https:\/\/i0.wp.com\/landioustravel.com\/wp-content\/uploads\/2021\/06\/Landious-T.png?fit=500%2C500&ssl=1","contentUrl":"https:\/\/i0.wp.com\/landioustravel.com\/wp-content\/uploads\/2021\/06\/Landious-T.png?fit=500%2C500&ssl=1","width":500,"height":500,"caption":"Landious Travel"}]}},"jetpack_publicize_connections":[],"uagb_featured_image_src":{"full":["https:\/\/i0.wp.com\/landioustravel.com\/wp-content\/uploads\/2018\/11\/Dolphin-House-Excursion-Hurghada-e1617796297427.jpg?fit=1200%2C675&ssl=1",1200,675,false],"thumbnail":["https:\/\/i0.wp.com\/landioustravel.com\/wp-content\/uploads\/2018\/11\/Dolphin-House-Excursion-Hurghada-e1617796297427.jpg?resize=150%2C150&ssl=1",150,150,true],"medium":["https:\/\/i0.wp.com\/landioustravel.com\/wp-content\/uploads\/2018\/11\/Dolphin-House-Excursion-Hurghada-e1617796297427.jpg?fit=300%2C169&ssl=1",300,169,true],"medium_large":["https:\/\/i0.wp.com\/landioustravel.com\/wp-content\/uploads\/2018\/11\/Dolphin-House-Excursion-Hurghada-e1617796297427.jpg?fit=768%2C432&ssl=1",768,432,true],"large":["https:\/\/i0.wp.com\/landioustravel.com\/wp-content\/uploads\/2018\/11\/Dolphin-House-Excursion-Hurghada-e1617796297427.jpg?fit=980%2C551&ssl=1",980,551,true],"1536x1536":["https:\/\/i0.wp.com\/landioustravel.com\/wp-content\/uploads\/2018\/11\/Dolphin-House-Excursion-Hurghada-e1617796297427.jpg?fit=1200%2C675&ssl=1",1200,675,true],"2048x2048":["https:\/\/i0.wp.com\/landioustravel.com\/wp-content\/uploads\/2018\/11\/Dolphin-House-Excursion-Hurghada-e1617796297427.jpg?fit=1200%2C675&ssl=1",1200,675,true],"newspack-article-block-landscape-large":["https:\/\/i0.wp.com\/landioustravel.com\/wp-content\/uploads\/2018\/11\/Dolphin-House-Excursion-Hurghada-e1617796297427.jpg?resize=1200%2C675&ssl=1",1200,768,true],"newspack-article-block-portrait-large":["https:\/\/i0.wp.com\/landioustravel.com\/wp-content\/uploads\/2018\/11\/Dolphin-House-Excursion-Hurghada-e1617796297427.jpg?resize=900%2C675&ssl=1",900,768,true],"newspack-article-block-square-large":["https:\/\/i0.wp.com\/landioustravel.com\/wp-content\/uploads\/2018\/11\/Dolphin-House-Excursion-Hurghada-e1617796297427.jpg?resize=1200%2C675&ssl=1",1200,768,true],"newspack-article-block-landscape-medium":["https:\/\/i0.wp.com\/landioustravel.com\/wp-content\/uploads\/2018\/11\/Dolphin-House-Excursion-Hurghada-e1617796297427.jpg?resize=800%2C600&ssl=1",800,600,true],"newspack-article-block-portrait-medium":["https:\/\/i0.wp.com\/landioustravel.com\/wp-content\/uploads\/2018\/11\/Dolphin-House-Excursion-Hurghada-e1617796297427.jpg?resize=600%2C675&ssl=1",600,768,true],"newspack-article-block-square-medium":["https:\/\/i0.wp.com\/landioustravel.com\/wp-content\/uploads\/2018\/11\/Dolphin-House-Excursion-Hurghada-e1617796297427.jpg?resize=800%2C675&ssl=1",800,768,true],"newspack-article-block-landscape-intermediate":["https:\/\/i0.wp.com\/landioustravel.com\/wp-content\/uploads\/2018\/11\/Dolphin-House-Excursion-Hurghada-e1617796297427.jpg?resize=600%2C450&ssl=1",600,450,true],"newspack-article-block-portrait-intermediate":["https:\/\/i0.wp.com\/landioustravel.com\/wp-content\/uploads\/2018\/11\/Dolphin-House-Excursion-Hurghada-e1617796297427.jpg?resize=450%2C600&ssl=1",450,600,true],"newspack-article-block-square-intermediate":["https:\/\/i0.wp.com\/landioustravel.com\/wp-content\/uploads\/2018\/11\/Dolphin-House-Excursion-Hurghada-e1617796297427.jpg?resize=600%2C600&ssl=1",600,600,true],"newspack-article-block-landscape-small":["https:\/\/i0.wp.com\/landioustravel.com\/wp-content\/uploads\/2018\/11\/Dolphin-House-Excursion-Hurghada-e1617796297427.jpg?resize=400%2C300&ssl=1",400,300,true],"newspack-article-block-portrait-small":["https:\/\/i0.wp.com\/landioustravel.com\/wp-content\/uploads\/2018\/11\/Dolphin-House-Excursion-Hurghada-e1617796297427.jpg?resize=300%2C400&ssl=1",300,400,true],"newspack-article-block-square-small":["https:\/\/i0.wp.com\/landioustravel.com\/wp-content\/uploads\/2018\/11\/Dolphin-House-Excursion-Hurghada-e1617796297427.jpg?resize=400%2C400&ssl=1",400,400,true],"newspack-article-block-landscape-tiny":["https:\/\/i0.wp.com\/landioustravel.com\/wp-content\/uploads\/2018\/11\/Dolphin-House-Excursion-Hurghada-e1617796297427.jpg?resize=200%2C150&ssl=1",200,150,true],"newspack-article-block-portrait-tiny":["https:\/\/i0.wp.com\/landioustravel.com\/wp-content\/uploads\/2018\/11\/Dolphin-House-Excursion-Hurghada-e1617796297427.jpg?resize=150%2C200&ssl=1",150,200,true],"newspack-article-block-square-tiny":["https:\/\/i0.wp.com\/landioustravel.com\/wp-content\/uploads\/2018\/11\/Dolphin-House-Excursion-Hurghada-e1617796297427.jpg?resize=200%2C200&ssl=1",200,200,true],"newspack-article-block-uncropped":["https:\/\/i0.wp.com\/landioustravel.com\/wp-content\/uploads\/2018\/11\/Dolphin-House-Excursion-Hurghada-e1617796297427.jpg?fit=1200%2C675&ssl=1",1200,675,true],"woocommerce_thumbnail":["https:\/\/i0.wp.com\/landioustravel.com\/wp-content\/uploads\/2018\/11\/Dolphin-House-Excursion-Hurghada-e1617796297427.jpg?resize=324%2C324&ssl=1",324,324,true],"woocommerce_single":["https:\/\/i0.wp.com\/landioustravel.com\/wp-content\/uploads\/2018\/11\/Dolphin-House-Excursion-Hurghada-e1617796297427.jpg?fit=416%2C234&ssl=1",416,234,true],"woocommerce_gallery_thumbnail":["https:\/\/i0.wp.com\/landioustravel.com\/wp-content\/uploads\/2018\/11\/Dolphin-House-Excursion-Hurghada-e1617796297427.jpg?resize=100%2C100&ssl=1",100,100,true]},"uagb_author_info":{"display_name":"Mofreh Landious","author_link":"https:\/\/landioustravel.com\/es\/author\/"},"uagb_comment_info":6,"uagb_excerpt":"Experimente la magia de nadar con delfines en su h\u00e1bitat natural en un impresionante viaje de snorkel de 9 horas desde Hurghada. Del\u00e9itese con un sereno crucero en barco a los lugares donde se pueden encontrar estas majestuosas criaturas. Marav\u00edllate con los vibrantes arrecifes de coral y disfruta de un ba\u00f1o sereno o una sesi\u00f3n&hellip;","jetpack_sharing_enabled":true,"jetpack_likes_enabled":true,"amp_enabled":true,"_links":{"self":[{"href":"https:\/\/landioustravel.com\/es\/wp-json\/wp\/v2\/product\/2157","targetHints":{"allow":["GET"]}}],"collection":[{"href":"https:\/\/landioustravel.com\/es\/wp-json\/wp\/v2\/product"}],"about":[{"href":"https:\/\/landioustravel.com\/es\/wp-json\/wp\/v2\/types\/product"}],"replies":[{"embeddable":true,"href":"https:\/\/landioustravel.com\/es\/wp-json\/wp\/v2\/comments?post=2157"}],"wp:featuredmedia":[{"embeddable":true,"href":"https:\/\/landioustravel.com\/es\/wp-json\/wp\/v2\/media\/46621"}],"wp:attachment":[{"href":"https:\/\/landioustravel.com\/es\/wp-json\/wp\/v2\/media?parent=2157"}],"wp:term":[{"taxonomy":"product_brand","embeddable":true,"href":"https:\/\/landioustravel.com\/es\/wp-json\/wp\/v2\/product_brand?post=2157"},{"taxonomy":"product_cat","embeddable":true,"href":"https:\/\/landioustravel.com\/es\/wp-json\/wp\/v2\/product_cat?post=2157"},{"taxonomy":"product_tag","embeddable":true,"href":"https:\/\/landioustravel.com\/es\/wp-json\/wp\/v2\/product_tag?post=2157"}],"curies":[{"name":"wp","href":"https:\/\/api.w.org\/{rel}","templated":true}]}}